{"id":24939,"date":"2024-09-16T10:29:24","date_gmt":"2024-09-16T10:29:24","guid":{"rendered":"https:\/\/dev.monti.lt\/?post_type=product&#038;p=24939"},"modified":"2024-09-16T13:29:02","modified_gmt":"2024-09-16T13:29:02","slug":"3d-svieciantis-magnetinis-konstruktorius-90el","status":"publish","type":"product","link":"https:\/\/dev.monti.lt\/en\/product\/3d-svieciantis-magnetinis-konstruktorius-90el\/","title":{"rendered":"3D \u0161vie\u010diantis magnetinis konstruktorius 90el."},"content":{"rendered":"","protected":false},"excerpt":{"rendered":"","protected":false},"featured_media":24940,"template":"","meta":{"iawp_total_views":19},"product_cat":[218,208,195,191,87,84,91,86,199,202,39],"product_tag":[96,97,98],"class_list":{"0":"post-24939","1":"product","2":"type-product","3":"status-publish","4":"has-post-thumbnail","6":"product_cat-darzeliu-grupems","7":"product_cat-deliones-2","8":"product_cat-dovanos-vaikams-3-4-metu","9":"product_cat-dovanos-vaikams","10":"product_cat-kurybiniai-rinkiniai","11":"product_cat-lavinamieji-zaislai","12":"product_cat-loginiam-mastymui","13":"product_cat-smulkioji-motorika","14":"product_cat-ugdymo-istaigoms","15":"product_cat-vaaikiski-konstruktoriai","16":"product_cat-zaislai","17":"product_tag-2-m-3-m","18":"product_tag-3-m-4-m","19":"product_tag-5-m-7-m","21":"first","22":"instock","23":"taxable","24":"shipping-taxable","25":"purchasable","26":"product-type-simple"},"yoast_head":"<!-- This site is optimized with the Yoast SEO plugin v23.3 - https:\/\/yoast.com\/wordpress\/plugins\/seo\/ -->\n<title>3D \u0161vie\u010diantis magnetinis konstruktorius 90el. - Montessori \u017eaislai<\/title>\n<meta name=\"robots\" content=\"noindex, follow, max-snippet:-1, max-image-preview:large, max-video-preview:-1\" \/>\n<meta property=\"og:locale\" content=\"en_US\" \/>\n<meta property=\"og:type\" content=\"article\" \/>\n<meta property=\"og:title\" content=\"3D \u0161vie\u010diantis magnetinis konstruktorius 90el. - Montessori \u017eaislai\" \/>\n<meta property=\"og:url\" content=\"https:\/\/dev.monti.lt\/en\/product\/3d-svieciantis-magnetinis-konstruktorius-90el\/\" \/>\n<meta property=\"og:site_name\" content=\"Montessori \u017eaislai\" \/>\n<meta property=\"article:modified_time\" content=\"2024-09-16T13:29:02+00:00\" \/>\n<meta property=\"og:image\" content=\"https:\/\/dev.monti.lt\/wp-content\/uploads\/2024\/09\/H72933aece15b478cb7733a00d89c37977.jpg.webp\" \/>\n\t<meta property=\"og:image:width\" content=\"800\" \/>\n\t<meta property=\"og:image:height\" content=\"800\" \/>\n\t<meta property=\"og:image:type\" content=\"image\/webp\" \/>\n<meta name=\"twitter:card\" content=\"summary_large_image\" \/>\n<meta name=\"twitter:label1\" content=\"Est. reading time\" \/>\n\t<meta name=\"twitter:data1\" content=\"1 minute\" \/>\n<script type=\"application\/ld+json\" class=\"yoast-schema-graph\">{\"@context\":\"https:\/\/schema.org\",\"@graph\":[{\"@type\":\"WebPage\",\"@id\":\"https:\/\/dev.monti.lt\/product\/3d-svieciantis-magnetinis-konstruktorius-90el\/\",\"url\":\"https:\/\/dev.monti.lt\/product\/3d-svieciantis-magnetinis-konstruktorius-90el\/\",\"name\":\"3D \u0161vie\u010diantis magnetinis konstruktorius 90el. - Montessori \u017eaislai\",\"isPartOf\":{\"@id\":\"https:\/\/dev.monti.lt\/#website\"},\"primaryImageOfPage\":{\"@id\":\"https:\/\/dev.monti.lt\/product\/3d-svieciantis-magnetinis-konstruktorius-90el\/#primaryimage\"},\"image\":{\"@id\":\"https:\/\/dev.monti.lt\/product\/3d-svieciantis-magnetinis-konstruktorius-90el\/#primaryimage\"},\"thumbnailUrl\":\"https:\/\/dev.monti.lt\/wp-content\/uploads\/2024\/09\/H72933aece15b478cb7733a00d89c37977.jpg.webp\",\"datePublished\":\"2024-09-16T10:29:24+00:00\",\"dateModified\":\"2024-09-16T13:29:02+00:00\",\"breadcrumb\":{\"@id\":\"https:\/\/dev.monti.lt\/product\/3d-svieciantis-magnetinis-konstruktorius-90el\/#breadcrumb\"},\"inLanguage\":\"en-US\",\"potentialAction\":[{\"@type\":\"ReadAction\",\"target\":[\"https:\/\/dev.monti.lt\/product\/3d-svieciantis-magnetinis-konstruktorius-90el\/\"]}]},{\"@type\":\"ImageObject\",\"inLanguage\":\"en-US\",\"@id\":\"https:\/\/dev.monti.lt\/product\/3d-svieciantis-magnetinis-konstruktorius-90el\/#primaryimage\",\"url\":\"https:\/\/dev.monti.lt\/wp-content\/uploads\/2024\/09\/H72933aece15b478cb7733a00d89c37977.jpg.webp\",\"contentUrl\":\"https:\/\/dev.monti.lt\/wp-content\/uploads\/2024\/09\/H72933aece15b478cb7733a00d89c37977.jpg.webp\",\"width\":800,\"height\":800},{\"@type\":\"BreadcrumbList\",\"@id\":\"https:\/\/dev.monti.lt\/product\/3d-svieciantis-magnetinis-konstruktorius-90el\/#breadcrumb\",\"itemListElement\":[{\"@type\":\"ListItem\",\"position\":1,\"name\":\"Home\",\"item\":\"https:\/\/dev.monti.lt\/\"},{\"@type\":\"ListItem\",\"position\":2,\"name\":\"Parduotuv\u0117\",\"item\":\"https:\/\/dev.monti.lt\/shop\/\"},{\"@type\":\"ListItem\",\"position\":3,\"name\":\"3D \u0161vie\u010diantis magnetinis konstruktorius 90el.\"}]},{\"@type\":\"WebSite\",\"@id\":\"https:\/\/dev.monti.lt\/#website\",\"url\":\"https:\/\/dev.monti.lt\/\",\"name\":\"Montessori \u017eaislai\",\"description\":\"\",\"publisher\":{\"@id\":\"https:\/\/dev.monti.lt\/#organization\"},\"potentialAction\":[{\"@type\":\"SearchAction\",\"target\":{\"@type\":\"EntryPoint\",\"urlTemplate\":\"https:\/\/dev.monti.lt\/?s={search_term_string}\"},\"query-input\":\"required name=search_term_string\"}],\"inLanguage\":\"en-US\"},{\"@type\":\"Organization\",\"@id\":\"https:\/\/dev.monti.lt\/#organization\",\"name\":\"Montessori \u017eaislai\",\"url\":\"https:\/\/dev.monti.lt\/\",\"logo\":{\"@type\":\"ImageObject\",\"inLanguage\":\"en-US\",\"@id\":\"https:\/\/dev.monti.lt\/#\/schema\/logo\/image\/\",\"url\":\"https:\/\/dev.monti.lt\/wp-content\/uploads\/2022\/03\/montilogo-1.png\",\"contentUrl\":\"https:\/\/dev.monti.lt\/wp-content\/uploads\/2022\/03\/montilogo-1.png\",\"width\":512,\"height\":512,\"caption\":\"Montessori \u017eaislai\"},\"image\":{\"@id\":\"https:\/\/dev.monti.lt\/#\/schema\/logo\/image\/\"}}]}<\/script>\n<!-- \/ Yoast SEO plugin. -->","yoast_head_json":{"title":"3D \u0161vie\u010diantis magnetinis konstruktorius 90el. - Montessori \u017eaislai","robots":{"index":"noindex","follow":"follow","max-snippet":"max-snippet:-1","max-image-preview":"max-image-preview:large","max-video-preview":"max-video-preview:-1"},"og_locale":"en_US","og_type":"article","og_title":"3D \u0161vie\u010diantis magnetinis konstruktorius 90el. - Montessori \u017eaislai","og_url":"https:\/\/dev.monti.lt\/en\/product\/3d-svieciantis-magnetinis-konstruktorius-90el\/","og_site_name":"Montessori \u017eaislai","article_modified_time":"2024-09-16T13:29:02+00:00","og_image":[{"width":800,"height":800,"url":"https:\/\/dev.monti.lt\/wp-content\/uploads\/2024\/09\/H72933aece15b478cb7733a00d89c37977.jpg.webp","type":"image\/webp"}],"twitter_card":"summary_large_image","twitter_misc":{"Est. reading time":"1 minute"},"schema":{"@context":"https:\/\/schema.org","@graph":[{"@type":"WebPage","@id":"https:\/\/dev.monti.lt\/product\/3d-svieciantis-magnetinis-konstruktorius-90el\/","url":"https:\/\/dev.monti.lt\/product\/3d-svieciantis-magnetinis-konstruktorius-90el\/","name":"3D \u0161vie\u010diantis magnetinis konstruktorius 90el. - Montessori \u017eaislai","isPartOf":{"@id":"https:\/\/dev.monti.lt\/#website"},"primaryImageOfPage":{"@id":"https:\/\/dev.monti.lt\/product\/3d-svieciantis-magnetinis-konstruktorius-90el\/#primaryimage"},"image":{"@id":"https:\/\/dev.monti.lt\/product\/3d-svieciantis-magnetinis-konstruktorius-90el\/#primaryimage"},"thumbnailUrl":"https:\/\/dev.monti.lt\/wp-content\/uploads\/2024\/09\/H72933aece15b478cb7733a00d89c37977.jpg.webp","datePublished":"2024-09-16T10:29:24+00:00","dateModified":"2024-09-16T13:29:02+00:00","breadcrumb":{"@id":"https:\/\/dev.monti.lt\/product\/3d-svieciantis-magnetinis-konstruktorius-90el\/#breadcrumb"},"inLanguage":"en-US","potentialAction":[{"@type":"ReadAction","target":["https:\/\/dev.monti.lt\/product\/3d-svieciantis-magnetinis-konstruktorius-90el\/"]}]},{"@type":"ImageObject","inLanguage":"en-US","@id":"https:\/\/dev.monti.lt\/product\/3d-svieciantis-magnetinis-konstruktorius-90el\/#primaryimage","url":"https:\/\/dev.monti.lt\/wp-content\/uploads\/2024\/09\/H72933aece15b478cb7733a00d89c37977.jpg.webp","contentUrl":"https:\/\/dev.monti.lt\/wp-content\/uploads\/2024\/09\/H72933aece15b478cb7733a00d89c37977.jpg.webp","width":800,"height":800},{"@type":"BreadcrumbList","@id":"https:\/\/dev.monti.lt\/product\/3d-svieciantis-magnetinis-konstruktorius-90el\/#breadcrumb","itemListElement":[{"@type":"ListItem","position":1,"name":"Home","item":"https:\/\/dev.monti.lt\/"},{"@type":"ListItem","position":2,"name":"Parduotuv\u0117","item":"https:\/\/dev.monti.lt\/shop\/"},{"@type":"ListItem","position":3,"name":"3D \u0161vie\u010diantis magnetinis konstruktorius 90el."}]},{"@type":"WebSite","@id":"https:\/\/dev.monti.lt\/#website","url":"https:\/\/dev.monti.lt\/","name":"Montessori \u017eaislai","description":"","publisher":{"@id":"https:\/\/dev.monti.lt\/#organization"},"potentialAction":[{"@type":"SearchAction","target":{"@type":"EntryPoint","urlTemplate":"https:\/\/dev.monti.lt\/?s={search_term_string}"},"query-input":"required name=search_term_string"}],"inLanguage":"en-US"},{"@type":"Organization","@id":"https:\/\/dev.monti.lt\/#organization","name":"Montessori \u017eaislai","url":"https:\/\/dev.monti.lt\/","logo":{"@type":"ImageObject","inLanguage":"en-US","@id":"https:\/\/dev.monti.lt\/#\/schema\/logo\/image\/","url":"https:\/\/dev.monti.lt\/wp-content\/uploads\/2022\/03\/montilogo-1.png","contentUrl":"https:\/\/dev.monti.lt\/wp-content\/uploads\/2022\/03\/montilogo-1.png","width":512,"height":512,"caption":"Montessori \u017eaislai"},"image":{"@id":"https:\/\/dev.monti.lt\/#\/schema\/logo\/image\/"}}]}},"_links":{"self":[{"href":"https:\/\/dev.monti.lt\/en\/wp-json\/wp\/v2\/product\/24939"}],"collection":[{"href":"https:\/\/dev.monti.lt\/en\/wp-json\/wp\/v2\/product"}],"about":[{"href":"https:\/\/dev.monti.lt\/en\/wp-json\/wp\/v2\/types\/product"}],"version-history":[{"count":1,"href":"https:\/\/dev.monti.lt\/en\/wp-json\/wp\/v2\/product\/24939\/revisions"}],"predecessor-version":[{"id":24941,"href":"https:\/\/dev.monti.lt\/en\/wp-json\/wp\/v2\/product\/24939\/revisions\/24941"}],"wp:featuredmedia":[{"embeddable":true,"href":"https:\/\/dev.monti.lt\/en\/wp-json\/wp\/v2\/media\/24940"}],"wp:attachment":[{"href":"https:\/\/dev.monti.lt\/en\/wp-json\/wp\/v2\/media?parent=24939"}],"wp:term":[{"taxonomy":"product_cat","embeddable":true,"href":"https:\/\/dev.monti.lt\/en\/wp-json\/wp\/v2\/product_cat?post=24939"},{"taxonomy":"product_tag","embeddable":true,"href":"https:\/\/dev.monti.lt\/en\/wp-json\/wp\/v2\/product_tag?post=24939"}],"curies":[{"name":"wp","href":"https:\/\/api.w.org\/{rel}","templated":true}]}}