{"id":24710,"date":"2024-09-03T05:26:08","date_gmt":"2024-09-03T05:26:08","guid":{"rendered":"https:\/\/dev.monti.lt\/?post_type=product&#038;p=24710"},"modified":"2024-10-09T11:43:40","modified_gmt":"2024-10-09T11:43:40","slug":"woopie-spa-makiazo-rinkinys","status":"publish","type":"product","link":"https:\/\/dev.monti.lt\/en\/product\/woopie-spa-makiazo-rinkinys\/","title":{"rendered":"Woopie SPA makia\u017eo rinkinys\u00a0"},"content":{"rendered":"<p><strong>XXL makia\u017eo rinkinys i\u0161 WOOPIE prek\u0117s \u017eenklo<\/strong>&nbsp;yra svajon\u0117s i\u0161sipildymas kiekvienai merginai, kuri m\u0117gsta \u017eaisti su kosmetika ir stiliaus aksesuarais! \u0160is rinkinys ne tik suteikia&nbsp;<strong>daug valand\u0173 k\u016brybi\u0161ko \u017eaidimo<\/strong>&nbsp;, bet ir padeda lavinti vaik\u0173 vaizduot\u0119, k\u016brybi\u0161kum\u0105 ir rankinius \u012fg\u016bd\u017eius. \u0160io rinkinio d\u0117ka kiekviena mergina gali m\u0117gd\u017eioti savo mam\u0105 tur\u0117dama savo makia\u017eo ir nag\u0173 da\u017eymo rinkin\u012f. Tai puikus b\u016bdas praleisti ilgas valandas linksmybi\u0173, kurios&nbsp;<strong>suteikia daug d\u017eiaugsmo ir pasitenkinimo.<\/strong>&nbsp;Rinkinys yra&nbsp;<strong>100% saugus<\/strong>&nbsp;vaikams. Komplekte esantis krep\u0161ys&nbsp;<strong>u\u017esegamas u\u017etrauktuku<\/strong>&nbsp;, kuris leid\u017eia saugiai laikyti aksesuarus ir kosmetik\u0105 bei neleid\u017eia jiems atsitiktinai i\u0161sibarstyti. D\u0117l savo mobilumo vaikas gali pasiimti krep\u0161\u012f kur tik nori ir bet kur&nbsp;<strong>susiorganizuoti savo gro\u017eio salon\u0105<\/strong>&nbsp;.<\/p><p><strong>Charakteristika:<\/strong><\/p><ul class=\"wp-block-list\"><li>&#8211; \u017daislas nuo\u00a0<strong>3 met\u0173<\/strong><\/li>\n\n<li><strong>&#8211;<\/strong>\u00a0Kosmetikos priemones\u00a0<strong>galima lengvai nuplauti vandeniu<\/strong>\u00a0. Nag\u0173 lakas yra gelin\u0117s formul\u0117s, tod\u0117l\u00a0<strong>lengvai nusiima nuo nag\u0173<\/strong>\u00a0nenaudojant jokio skys\u010dio.<\/li>\n\n<li>&#8211;\u00a0<strong>Krep\u0161ys su u\u017etrauktuku<\/strong>\u00a0u\u017etikrina saug\u0173 aksesuar\u0173 ir kosmetikos laikym\u0105, neleid\u017eia jiems pamesti ar nety\u010dia i\u0161sibarstyti<\/li>\n\n<li>&#8211;\u00a0<strong>Mobilus rinkinys<\/strong>\u00a0\u2013 vaikas gali susitvarkyti savo gro\u017eio salon\u0105 kur tik nori!<\/li>\n\n<li>&#8211; Leid\u017eia\u00a0<strong>i\u0161siugdyti<\/strong>\u00a0pirmuosius\u00a0<strong>pom\u0117gius<\/strong><\/li>\n\n<li>&#8211; Leid\u017eia susikurti\u00a0<strong>savo stili\u0173<\/strong><\/li>\n\n<li>&#8211; Ugdo\u00a0<strong>pasitik\u0117jim\u0105\u00a0<\/strong><strong>savimi<\/strong><\/li>\n\n<li>&#8211; Lavina\u00a0<strong>rankinius \u012fg\u016bd\u017eius<\/strong><\/li>\n\n<li>&#8211; Produktai yra\u00a0<strong>netoksi\u0161ki<\/strong>\u00a0ir saug\u016bs odai ir nagams<\/li>\n\n<li>&#8211;\u00a0<strong>Lengva<\/strong>\u00a0naudoti ir plauti<\/li><\/ul><p><br><strong>\u012e komplekt\u0105 \u012feina:<\/strong><\/p><ul class=\"wp-block-list\"><li>&#8211; Vienaragio laikymo d\u0117\u017eut\u0117: su \u012fmontuotu veidrod\u017eiu<\/li>\n\n<li>&#8211; Nag\u0173 dild\u0117<\/li>\n\n<li>&#8211; Pir\u0161t\u0173 skyriklis: palengvina nag\u0173 da\u017eym\u0105<\/li>\n\n<li>&#8211; V\u0117rinys<\/li>\n\n<li>&#8211; \u017diedas<\/li>\n\n<li>&#8211; Auskar\u0173 pora<\/li>\n\n<li>&#8211; Makia\u017eo \u0161epet\u0117liai (5 vnt.)<\/li>\n\n<li>&#8211; Lipduk\u0173 rinkinys: papildomos dekoracijos nagams ar kitiems pavir\u0161iams<\/li>\n\n<li>&#8211; L\u016bp\u0173 blizgis (2 vnt.)<\/li>\n\n<li>&#8211; L\u016bp\u0173 da\u017eai (2 vnt.)<\/li>\n\n<li>&#8211; Aki\u0173 \u0161e\u0161\u0117liai: blizgantys ir matiniai<\/li>\n\n<li>&#8211; Nag\u0173 lakas (2 vnt.)<\/li>\n\n<li>&#8211; Skaistalai<\/li>\n\n<li>&#8211; Skaistalai<\/li>\n\n<li>&#8211; Sulankstomas plauk\u0173 \u0161epetys<\/li>\n\n<li>&#8211; Spalvoti blizgu\u010diai (2 vnt.)<\/li><\/ul>","protected":false},"excerpt":{"rendered":"<p>XXL makia\u017eo rinkinys i\u0161 WOOPIE prek\u0117s \u017eenklo&nbsp;yra svajon\u0117s i\u0161sipildymas kiekvienai merginai, kuri m\u0117gsta \u017eaisti su kosmetika ir stiliaus aksesuarais! \u0160is rinkinys ne tik suteikia&nbsp;daug valand\u0173 k\u016brybi\u0161ko \u017eaidimo&nbsp;, bet ir padeda lavinti vaik\u0173 vaizduot\u0119, k\u016brybi\u0161kum\u0105 ir rankinius \u012fg\u016bd\u017eius. \u0160io rinkinio d\u0117ka kiekviena mergina gali m\u0117gd\u017eioti savo mam\u0105 tur\u0117dama savo makia\u017eo ir nag\u0173 da\u017eymo rinkin\u012f. Tai puikus [&hellip;]<\/p>","protected":false},"featured_media":24711,"template":"","meta":{"iawp_total_views":67},"product_cat":[196,191,84,93,49,39,201,214],"product_tag":[97,98,99],"class_list":{"0":"post-24710","1":"product","2":"type-product","3":"status-publish","4":"has-post-thumbnail","6":"product_cat-dovanos-mergaitems","7":"product_cat-dovanos-vaikams","8":"product_cat-lavinamieji-zaislai","9":"product_cat-vaidmenu-zaidimai","10":"product_cat-visi-zaislai","11":"product_cat-zaislai","12":"product_cat-zaislai-kelioneje","13":"product_cat-zaislai-mergaitems","14":"product_tag-3-m-4-m","15":"product_tag-5-m-7-m","16":"product_tag-8-m-11-m","18":"first","19":"instock","20":"taxable","21":"shipping-taxable","22":"purchasable","23":"product-type-simple"},"yoast_head":"<!-- This site is optimized with the Yoast SEO plugin v23.3 - https:\/\/yoast.com\/wordpress\/plugins\/seo\/ -->\n<title>Woopie SPA makia\u017eo rinkinys\u00a0 - Montessori \u017eaislai<\/title>\n<meta name=\"robots\" content=\"noindex, follow, max-snippet:-1, max-image-preview:large, max-video-preview:-1\" \/>\n<meta property=\"og:locale\" content=\"en_US\" \/>\n<meta property=\"og:type\" content=\"article\" \/>\n<meta property=\"og:title\" content=\"Woopie SPA makia\u017eo rinkinys\u00a0 - Montessori \u017eaislai\" \/>\n<meta property=\"og:description\" content=\"XXL makia\u017eo rinkinys i\u0161 WOOPIE prek\u0117s \u017eenklo&nbsp;yra svajon\u0117s i\u0161sipildymas kiekvienai merginai, kuri m\u0117gsta \u017eaisti su kosmetika ir stiliaus aksesuarais! \u0160is rinkinys ne tik suteikia&nbsp;daug valand\u0173 k\u016brybi\u0161ko \u017eaidimo&nbsp;, bet ir padeda lavinti vaik\u0173 vaizduot\u0119, k\u016brybi\u0161kum\u0105 ir rankinius \u012fg\u016bd\u017eius. \u0160io rinkinio d\u0117ka kiekviena mergina gali m\u0117gd\u017eioti savo mam\u0105 tur\u0117dama savo makia\u017eo ir nag\u0173 da\u017eymo rinkin\u012f. Tai puikus [&hellip;]\" \/>\n<meta property=\"og:url\" content=\"https:\/\/dev.monti.lt\/en\/product\/woopie-spa-makiazo-rinkinys\/\" \/>\n<meta property=\"og:site_name\" content=\"Montessori \u017eaislai\" \/>\n<meta property=\"article:modified_time\" content=\"2024-10-09T11:43:40+00:00\" \/>\n<meta property=\"og:image\" content=\"https:\/\/dev.monti.lt\/wp-content\/uploads\/2024\/09\/woopie-artfun-zestaw-do-makijazu-w-kuferku-27-el-xxl-spa.jpg\" \/>\n\t<meta property=\"og:image:width\" content=\"800\" \/>\n\t<meta property=\"og:image:height\" content=\"800\" \/>\n\t<meta property=\"og:image:type\" content=\"image\/jpeg\" \/>\n<meta name=\"twitter:card\" content=\"summary_large_image\" \/>\n<meta name=\"twitter:label1\" content=\"Est. reading time\" \/>\n\t<meta name=\"twitter:data1\" content=\"2 minutes\" \/>\n<script type=\"application\/ld+json\" class=\"yoast-schema-graph\">{\"@context\":\"https:\/\/schema.org\",\"@graph\":[{\"@type\":\"WebPage\",\"@id\":\"https:\/\/dev.monti.lt\/product\/woopie-spa-makiazo-rinkinys\/\",\"url\":\"https:\/\/dev.monti.lt\/product\/woopie-spa-makiazo-rinkinys\/\",\"name\":\"Woopie SPA makia\u017eo rinkinys\u00a0 - Montessori \u017eaislai\",\"isPartOf\":{\"@id\":\"https:\/\/dev.monti.lt\/#website\"},\"primaryImageOfPage\":{\"@id\":\"https:\/\/dev.monti.lt\/product\/woopie-spa-makiazo-rinkinys\/#primaryimage\"},\"image\":{\"@id\":\"https:\/\/dev.monti.lt\/product\/woopie-spa-makiazo-rinkinys\/#primaryimage\"},\"thumbnailUrl\":\"https:\/\/dev.monti.lt\/wp-content\/uploads\/2024\/09\/woopie-artfun-zestaw-do-makijazu-w-kuferku-27-el-xxl-spa.jpg\",\"datePublished\":\"2024-09-03T05:26:08+00:00\",\"dateModified\":\"2024-10-09T11:43:40+00:00\",\"breadcrumb\":{\"@id\":\"https:\/\/dev.monti.lt\/product\/woopie-spa-makiazo-rinkinys\/#breadcrumb\"},\"inLanguage\":\"en-US\",\"potentialAction\":[{\"@type\":\"ReadAction\",\"target\":[\"https:\/\/dev.monti.lt\/product\/woopie-spa-makiazo-rinkinys\/\"]}]},{\"@type\":\"ImageObject\",\"inLanguage\":\"en-US\",\"@id\":\"https:\/\/dev.monti.lt\/product\/woopie-spa-makiazo-rinkinys\/#primaryimage\",\"url\":\"https:\/\/dev.monti.lt\/wp-content\/uploads\/2024\/09\/woopie-artfun-zestaw-do-makijazu-w-kuferku-27-el-xxl-spa.jpg\",\"contentUrl\":\"https:\/\/dev.monti.lt\/wp-content\/uploads\/2024\/09\/woopie-artfun-zestaw-do-makijazu-w-kuferku-27-el-xxl-spa.jpg\",\"width\":800,\"height\":800,\"caption\":\"vaikiskas makiazo rinkinys\"},{\"@type\":\"BreadcrumbList\",\"@id\":\"https:\/\/dev.monti.lt\/product\/woopie-spa-makiazo-rinkinys\/#breadcrumb\",\"itemListElement\":[{\"@type\":\"ListItem\",\"position\":1,\"name\":\"Home\",\"item\":\"https:\/\/dev.monti.lt\/\"},{\"@type\":\"ListItem\",\"position\":2,\"name\":\"Parduotuv\u0117\",\"item\":\"https:\/\/dev.monti.lt\/shop\/\"},{\"@type\":\"ListItem\",\"position\":3,\"name\":\"Woopie SPA makia\u017eo rinkinys\u00a0\"}]},{\"@type\":\"WebSite\",\"@id\":\"https:\/\/dev.monti.lt\/#website\",\"url\":\"https:\/\/dev.monti.lt\/\",\"name\":\"Montessori \u017eaislai\",\"description\":\"\",\"publisher\":{\"@id\":\"https:\/\/dev.monti.lt\/#organization\"},\"potentialAction\":[{\"@type\":\"SearchAction\",\"target\":{\"@type\":\"EntryPoint\",\"urlTemplate\":\"https:\/\/dev.monti.lt\/?s={search_term_string}\"},\"query-input\":\"required name=search_term_string\"}],\"inLanguage\":\"en-US\"},{\"@type\":\"Organization\",\"@id\":\"https:\/\/dev.monti.lt\/#organization\",\"name\":\"Montessori \u017eaislai\",\"url\":\"https:\/\/dev.monti.lt\/\",\"logo\":{\"@type\":\"ImageObject\",\"inLanguage\":\"en-US\",\"@id\":\"https:\/\/dev.monti.lt\/#\/schema\/logo\/image\/\",\"url\":\"https:\/\/dev.monti.lt\/wp-content\/uploads\/2022\/03\/montilogo-1.png\",\"contentUrl\":\"https:\/\/dev.monti.lt\/wp-content\/uploads\/2022\/03\/montilogo-1.png\",\"width\":512,\"height\":512,\"caption\":\"Montessori \u017eaislai\"},\"image\":{\"@id\":\"https:\/\/dev.monti.lt\/#\/schema\/logo\/image\/\"}}]}<\/script>\n<!-- \/ Yoast SEO plugin. -->","yoast_head_json":{"title":"Woopie SPA makia\u017eo rinkinys\u00a0 - Montessori \u017eaislai","robots":{"index":"noindex","follow":"follow","max-snippet":"max-snippet:-1","max-image-preview":"max-image-preview:large","max-video-preview":"max-video-preview:-1"},"og_locale":"en_US","og_type":"article","og_title":"Woopie SPA makia\u017eo rinkinys\u00a0 - Montessori \u017eaislai","og_description":"XXL makia\u017eo rinkinys i\u0161 WOOPIE prek\u0117s \u017eenklo&nbsp;yra svajon\u0117s i\u0161sipildymas kiekvienai merginai, kuri m\u0117gsta \u017eaisti su kosmetika ir stiliaus aksesuarais! \u0160is rinkinys ne tik suteikia&nbsp;daug valand\u0173 k\u016brybi\u0161ko \u017eaidimo&nbsp;, bet ir padeda lavinti vaik\u0173 vaizduot\u0119, k\u016brybi\u0161kum\u0105 ir rankinius \u012fg\u016bd\u017eius. \u0160io rinkinio d\u0117ka kiekviena mergina gali m\u0117gd\u017eioti savo mam\u0105 tur\u0117dama savo makia\u017eo ir nag\u0173 da\u017eymo rinkin\u012f. Tai puikus [&hellip;]","og_url":"https:\/\/dev.monti.lt\/en\/product\/woopie-spa-makiazo-rinkinys\/","og_site_name":"Montessori \u017eaislai","article_modified_time":"2024-10-09T11:43:40+00:00","og_image":[{"width":800,"height":800,"url":"https:\/\/dev.monti.lt\/wp-content\/uploads\/2024\/09\/woopie-artfun-zestaw-do-makijazu-w-kuferku-27-el-xxl-spa.jpg","type":"image\/jpeg"}],"twitter_card":"summary_large_image","twitter_misc":{"Est. reading time":"2 minutes"},"schema":{"@context":"https:\/\/schema.org","@graph":[{"@type":"WebPage","@id":"https:\/\/dev.monti.lt\/product\/woopie-spa-makiazo-rinkinys\/","url":"https:\/\/dev.monti.lt\/product\/woopie-spa-makiazo-rinkinys\/","name":"Woopie SPA makia\u017eo rinkinys\u00a0 - Montessori \u017eaislai","isPartOf":{"@id":"https:\/\/dev.monti.lt\/#website"},"primaryImageOfPage":{"@id":"https:\/\/dev.monti.lt\/product\/woopie-spa-makiazo-rinkinys\/#primaryimage"},"image":{"@id":"https:\/\/dev.monti.lt\/product\/woopie-spa-makiazo-rinkinys\/#primaryimage"},"thumbnailUrl":"https:\/\/dev.monti.lt\/wp-content\/uploads\/2024\/09\/woopie-artfun-zestaw-do-makijazu-w-kuferku-27-el-xxl-spa.jpg","datePublished":"2024-09-03T05:26:08+00:00","dateModified":"2024-10-09T11:43:40+00:00","breadcrumb":{"@id":"https:\/\/dev.monti.lt\/product\/woopie-spa-makiazo-rinkinys\/#breadcrumb"},"inLanguage":"en-US","potentialAction":[{"@type":"ReadAction","target":["https:\/\/dev.monti.lt\/product\/woopie-spa-makiazo-rinkinys\/"]}]},{"@type":"ImageObject","inLanguage":"en-US","@id":"https:\/\/dev.monti.lt\/product\/woopie-spa-makiazo-rinkinys\/#primaryimage","url":"https:\/\/dev.monti.lt\/wp-content\/uploads\/2024\/09\/woopie-artfun-zestaw-do-makijazu-w-kuferku-27-el-xxl-spa.jpg","contentUrl":"https:\/\/dev.monti.lt\/wp-content\/uploads\/2024\/09\/woopie-artfun-zestaw-do-makijazu-w-kuferku-27-el-xxl-spa.jpg","width":800,"height":800,"caption":"vaikiskas makiazo rinkinys"},{"@type":"BreadcrumbList","@id":"https:\/\/dev.monti.lt\/product\/woopie-spa-makiazo-rinkinys\/#breadcrumb","itemListElement":[{"@type":"ListItem","position":1,"name":"Home","item":"https:\/\/dev.monti.lt\/"},{"@type":"ListItem","position":2,"name":"Parduotuv\u0117","item":"https:\/\/dev.monti.lt\/shop\/"},{"@type":"ListItem","position":3,"name":"Woopie SPA makia\u017eo rinkinys\u00a0"}]},{"@type":"WebSite","@id":"https:\/\/dev.monti.lt\/#website","url":"https:\/\/dev.monti.lt\/","name":"Montessori \u017eaislai","description":"","publisher":{"@id":"https:\/\/dev.monti.lt\/#organization"},"potentialAction":[{"@type":"SearchAction","target":{"@type":"EntryPoint","urlTemplate":"https:\/\/dev.monti.lt\/?s={search_term_string}"},"query-input":"required name=search_term_string"}],"inLanguage":"en-US"},{"@type":"Organization","@id":"https:\/\/dev.monti.lt\/#organization","name":"Montessori \u017eaislai","url":"https:\/\/dev.monti.lt\/","logo":{"@type":"ImageObject","inLanguage":"en-US","@id":"https:\/\/dev.monti.lt\/#\/schema\/logo\/image\/","url":"https:\/\/dev.monti.lt\/wp-content\/uploads\/2022\/03\/montilogo-1.png","contentUrl":"https:\/\/dev.monti.lt\/wp-content\/uploads\/2022\/03\/montilogo-1.png","width":512,"height":512,"caption":"Montessori \u017eaislai"},"image":{"@id":"https:\/\/dev.monti.lt\/#\/schema\/logo\/image\/"}}]}},"_links":{"self":[{"href":"https:\/\/dev.monti.lt\/en\/wp-json\/wp\/v2\/product\/24710"}],"collection":[{"href":"https:\/\/dev.monti.lt\/en\/wp-json\/wp\/v2\/product"}],"about":[{"href":"https:\/\/dev.monti.lt\/en\/wp-json\/wp\/v2\/types\/product"}],"version-history":[{"count":1,"href":"https:\/\/dev.monti.lt\/en\/wp-json\/wp\/v2\/product\/24710\/revisions"}],"predecessor-version":[{"id":24716,"href":"https:\/\/dev.monti.lt\/en\/wp-json\/wp\/v2\/product\/24710\/revisions\/24716"}],"wp:featuredmedia":[{"embeddable":true,"href":"https:\/\/dev.monti.lt\/en\/wp-json\/wp\/v2\/media\/24711"}],"wp:attachment":[{"href":"https:\/\/dev.monti.lt\/en\/wp-json\/wp\/v2\/media?parent=24710"}],"wp:term":[{"taxonomy":"product_cat","embeddable":true,"href":"https:\/\/dev.monti.lt\/en\/wp-json\/wp\/v2\/product_cat?post=24710"},{"taxonomy":"product_tag","embeddable":true,"href":"https:\/\/dev.monti.lt\/en\/wp-json\/wp\/v2\/product_tag?post=24710"}],"curies":[{"name":"wp","href":"https:\/\/api.w.org\/{rel}","templated":true}]}}