{"id":24701,"date":"2024-09-03T05:21:50","date_gmt":"2024-09-03T05:21:50","guid":{"rendered":"https:\/\/dev.monti.lt\/?post_type=product&#038;p=24701"},"modified":"2024-09-04T08:34:39","modified_gmt":"2024-09-04T08:34:39","slug":"woopie-kamuoliuku-labirintas","status":"publish","type":"product","link":"https:\/\/dev.monti.lt\/en\/product\/woopie-kamuoliuku-labirintas\/","title":{"rendered":"Woopie kamuoliuk\u0173 labirintas"},"content":{"rendered":"<p><strong>WOOPIE<\/strong>&nbsp;blok\u0173&nbsp;<strong>rinkinys<\/strong>&nbsp;leis j\u016bs\u0173 vaikui pavirsti tikru architektu ir pastatyti&nbsp;<strong>did\u017eiul\u012f rutulio takel\u012f<\/strong>&nbsp;, suteikdamas jam puik\u0173 malonum\u0105 statant ir \u017eaid\u017eiant su konstrukcija. Tai&nbsp;<strong>\u017eavus paketas, garantuojantis ilgas<\/strong>&nbsp;pramog\u0173 valandas&nbsp;<strong>patiems ma\u017eiausiems.<\/strong>&nbsp;Jame yra \u012fvairi\u0173 element\u0173, toki\u0173 kaip kalad\u0117l\u0117s, \u010diuo\u017eyklos ir kamuoliukai, kuri\u0173 d\u0117ka vaikas gali susikurti savo unikal\u0173 mar\u0161rut\u0105! Trasos tiesimas \u2013 tikras i\u0161\u0161\u016bkis ir k\u016brybin\u0117 patirtis,&nbsp;<strong>lavinanti vaik\u0173 erdvinius ir konstravimo \u012fg\u016bd\u017eius&nbsp;<\/strong><strong>.<\/strong>&nbsp;Kampai ir \u010diuo\u017eyklos prideda kamuoliuk\u0173 grei\u010dio, o kalad\u0117l\u0117s leid\u017eia kurti \u012fvairias konstrukcijas ir kli\u016btis. Galite nutiesti \u012fvairius \u012fvairaus sud\u0117tingumo mar\u0161rutus \u2013 vaikus riboja tik j\u0173 vaizduot\u0117! Rinkinyje&nbsp;<strong>yra instrukcija<\/strong>&nbsp;, kaip sukurti rutulinio takelio pavyzd\u012f.<\/p><p><strong>Charakteristika:<\/strong><\/p><ul class=\"wp-block-list\"><li>&#8211; \u017daislas nuo\u00a0<strong>3 met\u0173<\/strong><\/li>\n\n<li>&#8211;\u00a0<strong>Net 340 element\u0173\u00a0<\/strong>\u00a0, \u012fskaitant\u00a0<strong>du didelius<\/strong>\u00a0pastato pagrindus, kuri\u0173 kiekvienas yra 16 x 16 (cm)<\/li>\n\n<li>&#8211; Mokymasis \u017eaid\u017eiant<\/li>\n\n<li>&#8211;\u00a0<strong>Pagalbinis elementas\u00a0<\/strong><strong>blokams atskirti<\/strong>\u00a0vienas\u00a0nuo kito<\/li>\n\n<li>&#8211; Gra\u017eios spalvos, tvirta konstrukcija<\/li>\n\n<li>&#8211;\u00a0<strong>Daug b\u0117gi\u0173<\/strong>\u00a0kelio konstrukcijos koncepcij\u0173 variant\u0173<\/li>\n\n<li>&#8211; ilgas \u017eaidimo laikas<\/li><\/ul><p><strong>\u017daislas vysto:<\/strong><\/p><ul class=\"wp-block-list\"><li>&#8211; aki\u0173-rank\u0173 koordinacija\u00a0<\/li>\n\n<li>&#8211; motoriniai \u012fg\u016bd\u017eiai ir k\u016brybinio m\u0105stymo procesai<\/li>\n\n<li>&#8211; Gerina koncentracij\u0105<\/li>\n\n<li>&#8211; lavina vaik\u0173 k\u016brybi\u0161kum\u0105 ir vaizduot\u0119.<\/li><\/ul>","protected":false},"excerpt":{"rendered":"<p>WOOPIE&nbsp;blok\u0173&nbsp;rinkinys&nbsp;leis j\u016bs\u0173 vaikui pavirsti tikru architektu ir pastatyti&nbsp;did\u017eiul\u012f rutulio takel\u012f&nbsp;, suteikdamas jam puik\u0173 malonum\u0105 statant ir \u017eaid\u017eiant su konstrukcija. Tai&nbsp;\u017eavus paketas, garantuojantis ilgas&nbsp;pramog\u0173 valandas&nbsp;patiems ma\u017eiausiems.&nbsp;Jame yra \u012fvairi\u0173 element\u0173, toki\u0173 kaip kalad\u0117l\u0117s, \u010diuo\u017eyklos ir kamuoliukai, kuri\u0173 d\u0117ka vaikas gali susikurti savo unikal\u0173 mar\u0161rut\u0105! Trasos tiesimas \u2013 tikras i\u0161\u0161\u016bkis ir k\u016brybin\u0117 patirtis,&nbsp;lavinanti vaik\u0173 erdvinius ir konstravimo \u012fg\u016bd\u017eius&nbsp;.&nbsp;Kampai [&hellip;]<\/p>","protected":false},"featured_media":24702,"template":"","meta":{"iawp_total_views":36},"product_cat":[84,91],"product_tag":[97,98],"class_list":{"0":"post-24701","1":"product","2":"type-product","3":"status-publish","4":"has-post-thumbnail","6":"product_cat-lavinamieji-zaislai","7":"product_cat-loginiam-mastymui","8":"product_tag-3-m-4-m","9":"product_tag-5-m-7-m","11":"first","12":"instock","13":"taxable","14":"shipping-taxable","15":"purchasable","16":"product-type-simple"},"yoast_head":"<!-- This site is optimized with the Yoast SEO plugin v23.3 - https:\/\/yoast.com\/wordpress\/plugins\/seo\/ -->\n<title>Woopie kamuoliuk\u0173 labirintas - Montessori \u017eaislai<\/title>\n<meta name=\"robots\" content=\"noindex, follow, max-snippet:-1, max-image-preview:large, max-video-preview:-1\" \/>\n<meta property=\"og:locale\" content=\"en_US\" \/>\n<meta property=\"og:type\" content=\"article\" \/>\n<meta property=\"og:title\" content=\"Woopie kamuoliuk\u0173 labirintas - Montessori \u017eaislai\" \/>\n<meta property=\"og:description\" content=\"WOOPIE&nbsp;blok\u0173&nbsp;rinkinys&nbsp;leis j\u016bs\u0173 vaikui pavirsti tikru architektu ir pastatyti&nbsp;did\u017eiul\u012f rutulio takel\u012f&nbsp;, suteikdamas jam puik\u0173 malonum\u0105 statant ir \u017eaid\u017eiant su konstrukcija. Tai&nbsp;\u017eavus paketas, garantuojantis ilgas&nbsp;pramog\u0173 valandas&nbsp;patiems ma\u017eiausiems.&nbsp;Jame yra \u012fvairi\u0173 element\u0173, toki\u0173 kaip kalad\u0117l\u0117s, \u010diuo\u017eyklos ir kamuoliukai, kuri\u0173 d\u0117ka vaikas gali susikurti savo unikal\u0173 mar\u0161rut\u0105! Trasos tiesimas \u2013 tikras i\u0161\u0161\u016bkis ir k\u016brybin\u0117 patirtis,&nbsp;lavinanti vaik\u0173 erdvinius ir konstravimo \u012fg\u016bd\u017eius&nbsp;.&nbsp;Kampai [&hellip;]\" \/>\n<meta property=\"og:url\" content=\"https:\/\/dev.monti.lt\/en\/product\/woopie-kamuoliuku-labirintas\/\" \/>\n<meta property=\"og:site_name\" content=\"Montessori \u017eaislai\" \/>\n<meta property=\"article:modified_time\" content=\"2024-09-04T08:34:39+00:00\" \/>\n<meta property=\"og:image\" content=\"https:\/\/dev.monti.lt\/wp-content\/uploads\/2024\/09\/woopie-tor-kulkowy-kulodrom-zjezdzalnia-dla-kulek-konstrukcja-340-el-2.jpg\" \/>\n\t<meta property=\"og:image:width\" content=\"800\" \/>\n\t<meta property=\"og:image:height\" content=\"800\" \/>\n\t<meta property=\"og:image:type\" content=\"image\/jpeg\" \/>\n<meta name=\"twitter:card\" content=\"summary_large_image\" \/>\n<meta name=\"twitter:label1\" content=\"Est. reading time\" \/>\n\t<meta name=\"twitter:data1\" content=\"2 minutes\" \/>\n<script type=\"application\/ld+json\" class=\"yoast-schema-graph\">{\"@context\":\"https:\/\/schema.org\",\"@graph\":[{\"@type\":\"WebPage\",\"@id\":\"https:\/\/dev.monti.lt\/product\/woopie-kamuoliuku-labirintas\/\",\"url\":\"https:\/\/dev.monti.lt\/product\/woopie-kamuoliuku-labirintas\/\",\"name\":\"Woopie kamuoliuk\u0173 labirintas - Montessori \u017eaislai\",\"isPartOf\":{\"@id\":\"https:\/\/dev.monti.lt\/#website\"},\"primaryImageOfPage\":{\"@id\":\"https:\/\/dev.monti.lt\/product\/woopie-kamuoliuku-labirintas\/#primaryimage\"},\"image\":{\"@id\":\"https:\/\/dev.monti.lt\/product\/woopie-kamuoliuku-labirintas\/#primaryimage\"},\"thumbnailUrl\":\"https:\/\/dev.monti.lt\/wp-content\/uploads\/2024\/09\/woopie-tor-kulkowy-kulodrom-zjezdzalnia-dla-kulek-konstrukcja-340-el-2.jpg\",\"datePublished\":\"2024-09-03T05:21:50+00:00\",\"dateModified\":\"2024-09-04T08:34:39+00:00\",\"breadcrumb\":{\"@id\":\"https:\/\/dev.monti.lt\/product\/woopie-kamuoliuku-labirintas\/#breadcrumb\"},\"inLanguage\":\"en-US\",\"potentialAction\":[{\"@type\":\"ReadAction\",\"target\":[\"https:\/\/dev.monti.lt\/product\/woopie-kamuoliuku-labirintas\/\"]}]},{\"@type\":\"ImageObject\",\"inLanguage\":\"en-US\",\"@id\":\"https:\/\/dev.monti.lt\/product\/woopie-kamuoliuku-labirintas\/#primaryimage\",\"url\":\"https:\/\/dev.monti.lt\/wp-content\/uploads\/2024\/09\/woopie-tor-kulkowy-kulodrom-zjezdzalnia-dla-kulek-konstrukcja-340-el-2.jpg\",\"contentUrl\":\"https:\/\/dev.monti.lt\/wp-content\/uploads\/2024\/09\/woopie-tor-kulkowy-kulodrom-zjezdzalnia-dla-kulek-konstrukcja-340-el-2.jpg\",\"width\":800,\"height\":800,\"caption\":\"labirintas\"},{\"@type\":\"BreadcrumbList\",\"@id\":\"https:\/\/dev.monti.lt\/product\/woopie-kamuoliuku-labirintas\/#breadcrumb\",\"itemListElement\":[{\"@type\":\"ListItem\",\"position\":1,\"name\":\"Home\",\"item\":\"https:\/\/dev.monti.lt\/\"},{\"@type\":\"ListItem\",\"position\":2,\"name\":\"Parduotuv\u0117\",\"item\":\"https:\/\/dev.monti.lt\/shop\/\"},{\"@type\":\"ListItem\",\"position\":3,\"name\":\"Woopie kamuoliuk\u0173 labirintas\"}]},{\"@type\":\"WebSite\",\"@id\":\"https:\/\/dev.monti.lt\/#website\",\"url\":\"https:\/\/dev.monti.lt\/\",\"name\":\"Montessori \u017eaislai\",\"description\":\"\",\"publisher\":{\"@id\":\"https:\/\/dev.monti.lt\/#organization\"},\"potentialAction\":[{\"@type\":\"SearchAction\",\"target\":{\"@type\":\"EntryPoint\",\"urlTemplate\":\"https:\/\/dev.monti.lt\/?s={search_term_string}\"},\"query-input\":\"required name=search_term_string\"}],\"inLanguage\":\"en-US\"},{\"@type\":\"Organization\",\"@id\":\"https:\/\/dev.monti.lt\/#organization\",\"name\":\"Montessori \u017eaislai\",\"url\":\"https:\/\/dev.monti.lt\/\",\"logo\":{\"@type\":\"ImageObject\",\"inLanguage\":\"en-US\",\"@id\":\"https:\/\/dev.monti.lt\/#\/schema\/logo\/image\/\",\"url\":\"https:\/\/dev.monti.lt\/wp-content\/uploads\/2022\/03\/montilogo-1.png\",\"contentUrl\":\"https:\/\/dev.monti.lt\/wp-content\/uploads\/2022\/03\/montilogo-1.png\",\"width\":512,\"height\":512,\"caption\":\"Montessori \u017eaislai\"},\"image\":{\"@id\":\"https:\/\/dev.monti.lt\/#\/schema\/logo\/image\/\"}}]}<\/script>\n<!-- \/ Yoast SEO plugin. -->","yoast_head_json":{"title":"Woopie kamuoliuk\u0173 labirintas - Montessori \u017eaislai","robots":{"index":"noindex","follow":"follow","max-snippet":"max-snippet:-1","max-image-preview":"max-image-preview:large","max-video-preview":"max-video-preview:-1"},"og_locale":"en_US","og_type":"article","og_title":"Woopie kamuoliuk\u0173 labirintas - Montessori \u017eaislai","og_description":"WOOPIE&nbsp;blok\u0173&nbsp;rinkinys&nbsp;leis j\u016bs\u0173 vaikui pavirsti tikru architektu ir pastatyti&nbsp;did\u017eiul\u012f rutulio takel\u012f&nbsp;, suteikdamas jam puik\u0173 malonum\u0105 statant ir \u017eaid\u017eiant su konstrukcija. Tai&nbsp;\u017eavus paketas, garantuojantis ilgas&nbsp;pramog\u0173 valandas&nbsp;patiems ma\u017eiausiems.&nbsp;Jame yra \u012fvairi\u0173 element\u0173, toki\u0173 kaip kalad\u0117l\u0117s, \u010diuo\u017eyklos ir kamuoliukai, kuri\u0173 d\u0117ka vaikas gali susikurti savo unikal\u0173 mar\u0161rut\u0105! Trasos tiesimas \u2013 tikras i\u0161\u0161\u016bkis ir k\u016brybin\u0117 patirtis,&nbsp;lavinanti vaik\u0173 erdvinius ir konstravimo \u012fg\u016bd\u017eius&nbsp;.&nbsp;Kampai [&hellip;]","og_url":"https:\/\/dev.monti.lt\/en\/product\/woopie-kamuoliuku-labirintas\/","og_site_name":"Montessori \u017eaislai","article_modified_time":"2024-09-04T08:34:39+00:00","og_image":[{"width":800,"height":800,"url":"https:\/\/dev.monti.lt\/wp-content\/uploads\/2024\/09\/woopie-tor-kulkowy-kulodrom-zjezdzalnia-dla-kulek-konstrukcja-340-el-2.jpg","type":"image\/jpeg"}],"twitter_card":"summary_large_image","twitter_misc":{"Est. reading time":"2 minutes"},"schema":{"@context":"https:\/\/schema.org","@graph":[{"@type":"WebPage","@id":"https:\/\/dev.monti.lt\/product\/woopie-kamuoliuku-labirintas\/","url":"https:\/\/dev.monti.lt\/product\/woopie-kamuoliuku-labirintas\/","name":"Woopie kamuoliuk\u0173 labirintas - Montessori \u017eaislai","isPartOf":{"@id":"https:\/\/dev.monti.lt\/#website"},"primaryImageOfPage":{"@id":"https:\/\/dev.monti.lt\/product\/woopie-kamuoliuku-labirintas\/#primaryimage"},"image":{"@id":"https:\/\/dev.monti.lt\/product\/woopie-kamuoliuku-labirintas\/#primaryimage"},"thumbnailUrl":"https:\/\/dev.monti.lt\/wp-content\/uploads\/2024\/09\/woopie-tor-kulkowy-kulodrom-zjezdzalnia-dla-kulek-konstrukcja-340-el-2.jpg","datePublished":"2024-09-03T05:21:50+00:00","dateModified":"2024-09-04T08:34:39+00:00","breadcrumb":{"@id":"https:\/\/dev.monti.lt\/product\/woopie-kamuoliuku-labirintas\/#breadcrumb"},"inLanguage":"en-US","potentialAction":[{"@type":"ReadAction","target":["https:\/\/dev.monti.lt\/product\/woopie-kamuoliuku-labirintas\/"]}]},{"@type":"ImageObject","inLanguage":"en-US","@id":"https:\/\/dev.monti.lt\/product\/woopie-kamuoliuku-labirintas\/#primaryimage","url":"https:\/\/dev.monti.lt\/wp-content\/uploads\/2024\/09\/woopie-tor-kulkowy-kulodrom-zjezdzalnia-dla-kulek-konstrukcja-340-el-2.jpg","contentUrl":"https:\/\/dev.monti.lt\/wp-content\/uploads\/2024\/09\/woopie-tor-kulkowy-kulodrom-zjezdzalnia-dla-kulek-konstrukcja-340-el-2.jpg","width":800,"height":800,"caption":"labirintas"},{"@type":"BreadcrumbList","@id":"https:\/\/dev.monti.lt\/product\/woopie-kamuoliuku-labirintas\/#breadcrumb","itemListElement":[{"@type":"ListItem","position":1,"name":"Home","item":"https:\/\/dev.monti.lt\/"},{"@type":"ListItem","position":2,"name":"Parduotuv\u0117","item":"https:\/\/dev.monti.lt\/shop\/"},{"@type":"ListItem","position":3,"name":"Woopie kamuoliuk\u0173 labirintas"}]},{"@type":"WebSite","@id":"https:\/\/dev.monti.lt\/#website","url":"https:\/\/dev.monti.lt\/","name":"Montessori \u017eaislai","description":"","publisher":{"@id":"https:\/\/dev.monti.lt\/#organization"},"potentialAction":[{"@type":"SearchAction","target":{"@type":"EntryPoint","urlTemplate":"https:\/\/dev.monti.lt\/?s={search_term_string}"},"query-input":"required name=search_term_string"}],"inLanguage":"en-US"},{"@type":"Organization","@id":"https:\/\/dev.monti.lt\/#organization","name":"Montessori \u017eaislai","url":"https:\/\/dev.monti.lt\/","logo":{"@type":"ImageObject","inLanguage":"en-US","@id":"https:\/\/dev.monti.lt\/#\/schema\/logo\/image\/","url":"https:\/\/dev.monti.lt\/wp-content\/uploads\/2022\/03\/montilogo-1.png","contentUrl":"https:\/\/dev.monti.lt\/wp-content\/uploads\/2022\/03\/montilogo-1.png","width":512,"height":512,"caption":"Montessori \u017eaislai"},"image":{"@id":"https:\/\/dev.monti.lt\/#\/schema\/logo\/image\/"}}]}},"_links":{"self":[{"href":"https:\/\/dev.monti.lt\/en\/wp-json\/wp\/v2\/product\/24701"}],"collection":[{"href":"https:\/\/dev.monti.lt\/en\/wp-json\/wp\/v2\/product"}],"about":[{"href":"https:\/\/dev.monti.lt\/en\/wp-json\/wp\/v2\/types\/product"}],"version-history":[{"count":1,"href":"https:\/\/dev.monti.lt\/en\/wp-json\/wp\/v2\/product\/24701\/revisions"}],"predecessor-version":[{"id":24709,"href":"https:\/\/dev.monti.lt\/en\/wp-json\/wp\/v2\/product\/24701\/revisions\/24709"}],"wp:featuredmedia":[{"embeddable":true,"href":"https:\/\/dev.monti.lt\/en\/wp-json\/wp\/v2\/media\/24702"}],"wp:attachment":[{"href":"https:\/\/dev.monti.lt\/en\/wp-json\/wp\/v2\/media?parent=24701"}],"wp:term":[{"taxonomy":"product_cat","embeddable":true,"href":"https:\/\/dev.monti.lt\/en\/wp-json\/wp\/v2\/product_cat?post=24701"},{"taxonomy":"product_tag","embeddable":true,"href":"https:\/\/dev.monti.lt\/en\/wp-json\/wp\/v2\/product_tag?post=24701"}],"curies":[{"name":"wp","href":"https:\/\/api.w.org\/{rel}","templated":true}]}}