{"id":24527,"date":"2024-08-20T11:07:33","date_gmt":"2024-08-20T11:07:33","guid":{"rendered":"https:\/\/dev.monti.lt\/?post_type=product&#038;p=24527"},"modified":"2024-08-21T07:19:17","modified_gmt":"2024-08-21T07:19:17","slug":"muilo-burbulu-sautuvas-zirafa","status":"publish","type":"product","link":"https:\/\/dev.monti.lt\/en\/product\/muilo-burbulu-sautuvas-zirafa\/","title":{"rendered":"Muilo burbul\u0173 \u0161autuvas-\u017eirafa"},"content":{"rendered":"<p>Pa\u017eadinkite savo vaiko vaizduot\u0119 ir supa\u017eindinkite j\u012f su stebuklingu muilo burbul\u0173 pasauliu su m\u016bs\u0173 nuostabiu muilo burbul\u0173 pistoletu \u017eavios \u017eirafos formos! Geltonos spalvos muilo burbul\u0173 pistoleto burbul\u0173 kamera yra puikus \u017eaislas vaikams, kuris suteiks jiems daug d\u017eiaugsmo ir nepamir\u0161tam\u0173 \u017eaidimo akimirk\u0173.<\/p>","protected":false},"excerpt":{"rendered":"<p>Pa\u017eadinkite savo vaiko vaizduot\u0119 ir supa\u017eindinkite j\u012f su stebuklingu muilo burbul\u0173 pasauliu su m\u016bs\u0173 nuostabiu muilo burbul\u0173 pistoletu \u017eavios \u017eirafos formos! Geltonos spalvos muilo burbul\u0173 pistoleto burbul\u0173 kamera yra puikus \u017eaislas vaikams, kuris suteiks jiems daug d\u017eiaugsmo ir nepamir\u0161tam\u0173 \u017eaidimo akimirk\u0173.<\/p>","protected":false},"featured_media":24528,"template":"","meta":{"iawp_total_views":23},"product_cat":[238],"product_tag":[96,97,98],"class_list":{"0":"post-24527","1":"product","2":"type-product","3":"status-publish","4":"has-post-thumbnail","6":"product_cat-lauko-zaidimai","7":"product_tag-2-m-3-m","8":"product_tag-3-m-4-m","9":"product_tag-5-m-7-m","11":"first","12":"instock","13":"taxable","14":"shipping-taxable","15":"purchasable","16":"product-type-simple"},"yoast_head":"<!-- This site is optimized with the Yoast SEO plugin v23.3 - https:\/\/yoast.com\/wordpress\/plugins\/seo\/ -->\n<title>Muilo burbul\u0173 \u0161autuvas-\u017eirafa - Montessori \u017eaislai<\/title>\n<meta name=\"robots\" content=\"noindex, follow, max-snippet:-1, max-image-preview:large, max-video-preview:-1\" \/>\n<meta property=\"og:locale\" content=\"en_US\" \/>\n<meta property=\"og:type\" content=\"article\" \/>\n<meta property=\"og:title\" content=\"Muilo burbul\u0173 \u0161autuvas-\u017eirafa - Montessori \u017eaislai\" \/>\n<meta property=\"og:description\" content=\"Pa\u017eadinkite savo vaiko vaizduot\u0119 ir supa\u017eindinkite j\u012f su stebuklingu muilo burbul\u0173 pasauliu su m\u016bs\u0173 nuostabiu muilo burbul\u0173 pistoletu \u017eavios \u017eirafos formos! Geltonos spalvos muilo burbul\u0173 pistoleto burbul\u0173 kamera yra puikus \u017eaislas vaikams, kuris suteiks jiems daug d\u017eiaugsmo ir nepamir\u0161tam\u0173 \u017eaidimo akimirk\u0173.\" \/>\n<meta property=\"og:url\" content=\"https:\/\/dev.monti.lt\/en\/product\/muilo-burbulu-sautuvas-zirafa\/\" \/>\n<meta property=\"og:site_name\" content=\"Montessori \u017eaislai\" \/>\n<meta property=\"article:modified_time\" content=\"2024-08-21T07:19:17+00:00\" \/>\n<meta property=\"og:image\" content=\"https:\/\/dev.monti.lt\/wp-content\/uploads\/2024\/08\/pistolet-na-banki-mydlane-aparat-do-tworzenia-baniek-mydlanych-plyn-zolta-zyrafa.webp\" \/>\n\t<meta property=\"og:image:width\" content=\"800\" \/>\n\t<meta property=\"og:image:height\" content=\"800\" \/>\n\t<meta property=\"og:image:type\" content=\"image\/webp\" \/>\n<meta name=\"twitter:card\" content=\"summary_large_image\" \/>\n<meta name=\"twitter:label1\" content=\"Est. reading time\" \/>\n\t<meta name=\"twitter:data1\" content=\"1 minute\" \/>\n<script type=\"application\/ld+json\" class=\"yoast-schema-graph\">{\"@context\":\"https:\/\/schema.org\",\"@graph\":[{\"@type\":\"WebPage\",\"@id\":\"https:\/\/dev.monti.lt\/product\/muilo-burbulu-sautuvas-zirafa\/\",\"url\":\"https:\/\/dev.monti.lt\/product\/muilo-burbulu-sautuvas-zirafa\/\",\"name\":\"Muilo burbul\u0173 \u0161autuvas-\u017eirafa - Montessori \u017eaislai\",\"isPartOf\":{\"@id\":\"https:\/\/dev.monti.lt\/#website\"},\"primaryImageOfPage\":{\"@id\":\"https:\/\/dev.monti.lt\/product\/muilo-burbulu-sautuvas-zirafa\/#primaryimage\"},\"image\":{\"@id\":\"https:\/\/dev.monti.lt\/product\/muilo-burbulu-sautuvas-zirafa\/#primaryimage\"},\"thumbnailUrl\":\"https:\/\/dev.monti.lt\/wp-content\/uploads\/2024\/08\/pistolet-na-banki-mydlane-aparat-do-tworzenia-baniek-mydlanych-plyn-zolta-zyrafa.webp\",\"datePublished\":\"2024-08-20T11:07:33+00:00\",\"dateModified\":\"2024-08-21T07:19:17+00:00\",\"breadcrumb\":{\"@id\":\"https:\/\/dev.monti.lt\/product\/muilo-burbulu-sautuvas-zirafa\/#breadcrumb\"},\"inLanguage\":\"en-US\",\"potentialAction\":[{\"@type\":\"ReadAction\",\"target\":[\"https:\/\/dev.monti.lt\/product\/muilo-burbulu-sautuvas-zirafa\/\"]}]},{\"@type\":\"ImageObject\",\"inLanguage\":\"en-US\",\"@id\":\"https:\/\/dev.monti.lt\/product\/muilo-burbulu-sautuvas-zirafa\/#primaryimage\",\"url\":\"https:\/\/dev.monti.lt\/wp-content\/uploads\/2024\/08\/pistolet-na-banki-mydlane-aparat-do-tworzenia-baniek-mydlanych-plyn-zolta-zyrafa.webp\",\"contentUrl\":\"https:\/\/dev.monti.lt\/wp-content\/uploads\/2024\/08\/pistolet-na-banki-mydlane-aparat-do-tworzenia-baniek-mydlanych-plyn-zolta-zyrafa.webp\",\"width\":800,\"height\":800},{\"@type\":\"BreadcrumbList\",\"@id\":\"https:\/\/dev.monti.lt\/product\/muilo-burbulu-sautuvas-zirafa\/#breadcrumb\",\"itemListElement\":[{\"@type\":\"ListItem\",\"position\":1,\"name\":\"Home\",\"item\":\"https:\/\/dev.monti.lt\/\"},{\"@type\":\"ListItem\",\"position\":2,\"name\":\"Parduotuv\u0117\",\"item\":\"https:\/\/dev.monti.lt\/shop\/\"},{\"@type\":\"ListItem\",\"position\":3,\"name\":\"Muilo burbul\u0173 \u0161autuvas-\u017eirafa\"}]},{\"@type\":\"WebSite\",\"@id\":\"https:\/\/dev.monti.lt\/#website\",\"url\":\"https:\/\/dev.monti.lt\/\",\"name\":\"Montessori \u017eaislai\",\"description\":\"\",\"publisher\":{\"@id\":\"https:\/\/dev.monti.lt\/#organization\"},\"potentialAction\":[{\"@type\":\"SearchAction\",\"target\":{\"@type\":\"EntryPoint\",\"urlTemplate\":\"https:\/\/dev.monti.lt\/?s={search_term_string}\"},\"query-input\":\"required name=search_term_string\"}],\"inLanguage\":\"en-US\"},{\"@type\":\"Organization\",\"@id\":\"https:\/\/dev.monti.lt\/#organization\",\"name\":\"Montessori \u017eaislai\",\"url\":\"https:\/\/dev.monti.lt\/\",\"logo\":{\"@type\":\"ImageObject\",\"inLanguage\":\"en-US\",\"@id\":\"https:\/\/dev.monti.lt\/#\/schema\/logo\/image\/\",\"url\":\"https:\/\/dev.monti.lt\/wp-content\/uploads\/2022\/03\/montilogo-1.png\",\"contentUrl\":\"https:\/\/dev.monti.lt\/wp-content\/uploads\/2022\/03\/montilogo-1.png\",\"width\":512,\"height\":512,\"caption\":\"Montessori \u017eaislai\"},\"image\":{\"@id\":\"https:\/\/dev.monti.lt\/#\/schema\/logo\/image\/\"}}]}<\/script>\n<!-- \/ Yoast SEO plugin. -->","yoast_head_json":{"title":"Muilo burbul\u0173 \u0161autuvas-\u017eirafa - Montessori \u017eaislai","robots":{"index":"noindex","follow":"follow","max-snippet":"max-snippet:-1","max-image-preview":"max-image-preview:large","max-video-preview":"max-video-preview:-1"},"og_locale":"en_US","og_type":"article","og_title":"Muilo burbul\u0173 \u0161autuvas-\u017eirafa - Montessori \u017eaislai","og_description":"Pa\u017eadinkite savo vaiko vaizduot\u0119 ir supa\u017eindinkite j\u012f su stebuklingu muilo burbul\u0173 pasauliu su m\u016bs\u0173 nuostabiu muilo burbul\u0173 pistoletu \u017eavios \u017eirafos formos! Geltonos spalvos muilo burbul\u0173 pistoleto burbul\u0173 kamera yra puikus \u017eaislas vaikams, kuris suteiks jiems daug d\u017eiaugsmo ir nepamir\u0161tam\u0173 \u017eaidimo akimirk\u0173.","og_url":"https:\/\/dev.monti.lt\/en\/product\/muilo-burbulu-sautuvas-zirafa\/","og_site_name":"Montessori \u017eaislai","article_modified_time":"2024-08-21T07:19:17+00:00","og_image":[{"width":800,"height":800,"url":"https:\/\/dev.monti.lt\/wp-content\/uploads\/2024\/08\/pistolet-na-banki-mydlane-aparat-do-tworzenia-baniek-mydlanych-plyn-zolta-zyrafa.webp","type":"image\/webp"}],"twitter_card":"summary_large_image","twitter_misc":{"Est. reading time":"1 minute"},"schema":{"@context":"https:\/\/schema.org","@graph":[{"@type":"WebPage","@id":"https:\/\/dev.monti.lt\/product\/muilo-burbulu-sautuvas-zirafa\/","url":"https:\/\/dev.monti.lt\/product\/muilo-burbulu-sautuvas-zirafa\/","name":"Muilo burbul\u0173 \u0161autuvas-\u017eirafa - Montessori \u017eaislai","isPartOf":{"@id":"https:\/\/dev.monti.lt\/#website"},"primaryImageOfPage":{"@id":"https:\/\/dev.monti.lt\/product\/muilo-burbulu-sautuvas-zirafa\/#primaryimage"},"image":{"@id":"https:\/\/dev.monti.lt\/product\/muilo-burbulu-sautuvas-zirafa\/#primaryimage"},"thumbnailUrl":"https:\/\/dev.monti.lt\/wp-content\/uploads\/2024\/08\/pistolet-na-banki-mydlane-aparat-do-tworzenia-baniek-mydlanych-plyn-zolta-zyrafa.webp","datePublished":"2024-08-20T11:07:33+00:00","dateModified":"2024-08-21T07:19:17+00:00","breadcrumb":{"@id":"https:\/\/dev.monti.lt\/product\/muilo-burbulu-sautuvas-zirafa\/#breadcrumb"},"inLanguage":"en-US","potentialAction":[{"@type":"ReadAction","target":["https:\/\/dev.monti.lt\/product\/muilo-burbulu-sautuvas-zirafa\/"]}]},{"@type":"ImageObject","inLanguage":"en-US","@id":"https:\/\/dev.monti.lt\/product\/muilo-burbulu-sautuvas-zirafa\/#primaryimage","url":"https:\/\/dev.monti.lt\/wp-content\/uploads\/2024\/08\/pistolet-na-banki-mydlane-aparat-do-tworzenia-baniek-mydlanych-plyn-zolta-zyrafa.webp","contentUrl":"https:\/\/dev.monti.lt\/wp-content\/uploads\/2024\/08\/pistolet-na-banki-mydlane-aparat-do-tworzenia-baniek-mydlanych-plyn-zolta-zyrafa.webp","width":800,"height":800},{"@type":"BreadcrumbList","@id":"https:\/\/dev.monti.lt\/product\/muilo-burbulu-sautuvas-zirafa\/#breadcrumb","itemListElement":[{"@type":"ListItem","position":1,"name":"Home","item":"https:\/\/dev.monti.lt\/"},{"@type":"ListItem","position":2,"name":"Parduotuv\u0117","item":"https:\/\/dev.monti.lt\/shop\/"},{"@type":"ListItem","position":3,"name":"Muilo burbul\u0173 \u0161autuvas-\u017eirafa"}]},{"@type":"WebSite","@id":"https:\/\/dev.monti.lt\/#website","url":"https:\/\/dev.monti.lt\/","name":"Montessori \u017eaislai","description":"","publisher":{"@id":"https:\/\/dev.monti.lt\/#organization"},"potentialAction":[{"@type":"SearchAction","target":{"@type":"EntryPoint","urlTemplate":"https:\/\/dev.monti.lt\/?s={search_term_string}"},"query-input":"required name=search_term_string"}],"inLanguage":"en-US"},{"@type":"Organization","@id":"https:\/\/dev.monti.lt\/#organization","name":"Montessori \u017eaislai","url":"https:\/\/dev.monti.lt\/","logo":{"@type":"ImageObject","inLanguage":"en-US","@id":"https:\/\/dev.monti.lt\/#\/schema\/logo\/image\/","url":"https:\/\/dev.monti.lt\/wp-content\/uploads\/2022\/03\/montilogo-1.png","contentUrl":"https:\/\/dev.monti.lt\/wp-content\/uploads\/2022\/03\/montilogo-1.png","width":512,"height":512,"caption":"Montessori \u017eaislai"},"image":{"@id":"https:\/\/dev.monti.lt\/#\/schema\/logo\/image\/"}}]}},"_links":{"self":[{"href":"https:\/\/dev.monti.lt\/en\/wp-json\/wp\/v2\/product\/24527"}],"collection":[{"href":"https:\/\/dev.monti.lt\/en\/wp-json\/wp\/v2\/product"}],"about":[{"href":"https:\/\/dev.monti.lt\/en\/wp-json\/wp\/v2\/types\/product"}],"version-history":[{"count":1,"href":"https:\/\/dev.monti.lt\/en\/wp-json\/wp\/v2\/product\/24527\/revisions"}],"predecessor-version":[{"id":24532,"href":"https:\/\/dev.monti.lt\/en\/wp-json\/wp\/v2\/product\/24527\/revisions\/24532"}],"wp:featuredmedia":[{"embeddable":true,"href":"https:\/\/dev.monti.lt\/en\/wp-json\/wp\/v2\/media\/24528"}],"wp:attachment":[{"href":"https:\/\/dev.monti.lt\/en\/wp-json\/wp\/v2\/media?parent=24527"}],"wp:term":[{"taxonomy":"product_cat","embeddable":true,"href":"https:\/\/dev.monti.lt\/en\/wp-json\/wp\/v2\/product_cat?post=24527"},{"taxonomy":"product_tag","embeddable":true,"href":"https:\/\/dev.monti.lt\/en\/wp-json\/wp\/v2\/product_tag?post=24527"}],"curies":[{"name":"wp","href":"https:\/\/api.w.org\/{rel}","templated":true}]}}