{"id":24514,"date":"2024-08-19T12:45:44","date_gmt":"2024-08-19T12:45:44","guid":{"rendered":"https:\/\/dev.monti.lt\/?post_type=product&#038;p=24514"},"modified":"2024-08-21T07:51:30","modified_gmt":"2024-08-21T07:51:30","slug":"medinis-zaidimas-drambliai","status":"publish","type":"product","link":"https:\/\/dev.monti.lt\/en\/product\/medinis-zaidimas-drambliai\/","title":{"rendered":"Medinis \u017eaidimas &#8220;Drambliai&#8221;"},"content":{"rendered":"<p><strong>\u201eWoopie\u201c<\/strong>&nbsp;d\u0117lion\u0117 \u201eElephant on Elephant&nbsp;\u201c yra \u017eavus \u017eaidimas, susidedantis i\u0161&nbsp;<strong>46 element\u0173<\/strong>&nbsp;, \u012fskaitant spalvingus kauliukus ir \u017eaidimo kortas. Puikus b\u016bdas praleisti laik\u0105 kartu su \u0161eima.&nbsp;<strong>D\u0117l i\u0161rai\u0161king\u0173 spalv\u0173 ir miel\u0173 drambli\u0173 form\u0173<\/strong>&nbsp;\u0161is \u017eaislas neliks nepasteb\u0117tas. Elephant on Elephant si\u016blo&nbsp;<strong>du patrauklius \u017eaidimo b\u016bdus<\/strong>&nbsp;\u2013 kaip dramblio galvos\u016bk\u012f ir kaip alternatyv\u0105 Jenga stiliaus \u017eaidimui.<\/p><p>D\u0117lion\u0117, sukurta ma\u017eoms vaik\u0173 rankyt\u0117ms, neturi a\u0161tri\u0173 kra\u0161t\u0173, tod\u0117l yra 100% saugi j\u016bs\u0173 vaikui.<\/p><p><strong>Charakteristika:<\/strong><\/p><ul class=\"wp-block-list\"><li>&#8211; \u017eaislas, skirtas\u00a0<strong>3 met\u0173 ir vyresniems vaikams<\/strong><\/li>\n\n<li>&#8211; rinkin\u012f sudaro 46 elementai, \u012fskaitant kauliukus ir \u017eaidimo kortas,<\/li>\n\n<li>&#8211; elementai buvo pagaminti i\u0161 med\u017eio,<\/li>\n\n<li>&#8211; da\u017eymui buvo naudojami netoksi\u0161ki da\u017eai,<\/li>\n\n<li>&#8211; vaikams saugus produktas,<\/li>\n\n<li>&#8211; puiki id\u0117ja pramogauti visai \u0161eimai.<\/li><\/ul><p><strong>\u017daislas vysto:<\/strong><\/p><ul class=\"wp-block-list\"><li>&#8211; motoriniai \u012fg\u016bd\u017eiai,<\/li>\n\n<li>&#8211; tikslumas,<\/li>\n\n<li>&#8211; kantryb\u0117s,<\/li>\n\n<li>&#8211; vikrumas,<\/li>\n\n<li>&#8211; koncentracija<\/li>\n\n<li>,- geb\u0117jimas m\u0105styti logi\u0161kai,<\/li>\n\n<li>&#8211; geb\u0117jimas \u017eaisti su kitais.<\/li><\/ul>","protected":false},"excerpt":{"rendered":"<p>\u201eWoopie\u201c&nbsp;d\u0117lion\u0117 \u201eElephant on Elephant&nbsp;\u201c yra \u017eavus \u017eaidimas, susidedantis i\u0161&nbsp;46 element\u0173&nbsp;, \u012fskaitant spalvingus kauliukus ir \u017eaidimo kortas. Puikus b\u016bdas praleisti laik\u0105 kartu su \u0161eima.&nbsp;D\u0117l i\u0161rai\u0161king\u0173 spalv\u0173 ir miel\u0173 drambli\u0173 form\u0173&nbsp;\u0161is \u017eaislas neliks nepasteb\u0117tas. Elephant on Elephant si\u016blo&nbsp;du patrauklius \u017eaidimo b\u016bdus&nbsp;\u2013 kaip dramblio galvos\u016bk\u012f ir kaip alternatyv\u0105 Jenga stiliaus \u017eaidimui. D\u0117lion\u0117, sukurta ma\u017eoms vaik\u0173 rankyt\u0117ms, neturi a\u0161tri\u0173 [&hellip;]<\/p>","protected":false},"featured_media":24515,"template":"","meta":{"iawp_total_views":15},"product_cat":[208,191,84,210,102,39],"product_tag":[96,97,98],"class_list":{"0":"post-24514","1":"product","2":"type-product","3":"status-publish","4":"has-post-thumbnail","6":"product_cat-deliones-2","7":"product_cat-dovanos-vaikams","8":"product_cat-lavinamieji-zaislai","9":"product_cat-medines-deliones","10":"product_cat-mediniai-zaislai","11":"product_cat-zaislai","12":"product_tag-2-m-3-m","13":"product_tag-3-m-4-m","14":"product_tag-5-m-7-m","16":"first","17":"instock","18":"taxable","19":"shipping-taxable","20":"purchasable","21":"product-type-simple"},"yoast_head":"<!-- This site is optimized with the Yoast SEO plugin v23.3 - https:\/\/yoast.com\/wordpress\/plugins\/seo\/ -->\n<title>Medinis \u017eaidimas &quot;Drambliai&quot; - Montessori \u017eaislai<\/title>\n<meta name=\"robots\" content=\"noindex, follow, max-snippet:-1, max-image-preview:large, max-video-preview:-1\" \/>\n<meta property=\"og:locale\" content=\"en_US\" \/>\n<meta property=\"og:type\" content=\"article\" \/>\n<meta property=\"og:title\" content=\"Medinis \u017eaidimas &quot;Drambliai&quot; - Montessori \u017eaislai\" \/>\n<meta property=\"og:description\" content=\"\u201eWoopie\u201c&nbsp;d\u0117lion\u0117 \u201eElephant on Elephant&nbsp;\u201c yra \u017eavus \u017eaidimas, susidedantis i\u0161&nbsp;46 element\u0173&nbsp;, \u012fskaitant spalvingus kauliukus ir \u017eaidimo kortas. Puikus b\u016bdas praleisti laik\u0105 kartu su \u0161eima.&nbsp;D\u0117l i\u0161rai\u0161king\u0173 spalv\u0173 ir miel\u0173 drambli\u0173 form\u0173&nbsp;\u0161is \u017eaislas neliks nepasteb\u0117tas. Elephant on Elephant si\u016blo&nbsp;du patrauklius \u017eaidimo b\u016bdus&nbsp;\u2013 kaip dramblio galvos\u016bk\u012f ir kaip alternatyv\u0105 Jenga stiliaus \u017eaidimui. D\u0117lion\u0117, sukurta ma\u017eoms vaik\u0173 rankyt\u0117ms, neturi a\u0161tri\u0173 [&hellip;]\" \/>\n<meta property=\"og:url\" content=\"https:\/\/dev.monti.lt\/en\/product\/medinis-zaidimas-drambliai\/\" \/>\n<meta property=\"og:site_name\" content=\"Montessori \u017eaislai\" \/>\n<meta property=\"article:modified_time\" content=\"2024-08-21T07:51:30+00:00\" \/>\n<meta property=\"og:image\" content=\"https:\/\/dev.monti.lt\/wp-content\/uploads\/2024\/08\/woopie-green-slonik-na-sloniku-gra-zrecznosciowa-fsc.jpg.png\" \/>\n\t<meta property=\"og:image:width\" content=\"800\" \/>\n\t<meta property=\"og:image:height\" content=\"800\" \/>\n\t<meta property=\"og:image:type\" content=\"image\/png\" \/>\n<meta name=\"twitter:card\" content=\"summary_large_image\" \/>\n<meta name=\"twitter:label1\" content=\"Est. reading time\" \/>\n\t<meta name=\"twitter:data1\" content=\"1 minute\" \/>\n<script type=\"application\/ld+json\" class=\"yoast-schema-graph\">{\"@context\":\"https:\/\/schema.org\",\"@graph\":[{\"@type\":\"WebPage\",\"@id\":\"https:\/\/dev.monti.lt\/product\/medinis-zaidimas-drambliai\/\",\"url\":\"https:\/\/dev.monti.lt\/product\/medinis-zaidimas-drambliai\/\",\"name\":\"Medinis \u017eaidimas \\\"Drambliai\\\" - Montessori \u017eaislai\",\"isPartOf\":{\"@id\":\"https:\/\/dev.monti.lt\/#website\"},\"primaryImageOfPage\":{\"@id\":\"https:\/\/dev.monti.lt\/product\/medinis-zaidimas-drambliai\/#primaryimage\"},\"image\":{\"@id\":\"https:\/\/dev.monti.lt\/product\/medinis-zaidimas-drambliai\/#primaryimage\"},\"thumbnailUrl\":\"https:\/\/dev.monti.lt\/wp-content\/uploads\/2024\/08\/woopie-green-slonik-na-sloniku-gra-zrecznosciowa-fsc.jpg.png\",\"datePublished\":\"2024-08-19T12:45:44+00:00\",\"dateModified\":\"2024-08-21T07:51:30+00:00\",\"breadcrumb\":{\"@id\":\"https:\/\/dev.monti.lt\/product\/medinis-zaidimas-drambliai\/#breadcrumb\"},\"inLanguage\":\"en-US\",\"potentialAction\":[{\"@type\":\"ReadAction\",\"target\":[\"https:\/\/dev.monti.lt\/product\/medinis-zaidimas-drambliai\/\"]}]},{\"@type\":\"ImageObject\",\"inLanguage\":\"en-US\",\"@id\":\"https:\/\/dev.monti.lt\/product\/medinis-zaidimas-drambliai\/#primaryimage\",\"url\":\"https:\/\/dev.monti.lt\/wp-content\/uploads\/2024\/08\/woopie-green-slonik-na-sloniku-gra-zrecznosciowa-fsc.jpg.png\",\"contentUrl\":\"https:\/\/dev.monti.lt\/wp-content\/uploads\/2024\/08\/woopie-green-slonik-na-sloniku-gra-zrecznosciowa-fsc.jpg.png\",\"width\":800,\"height\":800},{\"@type\":\"BreadcrumbList\",\"@id\":\"https:\/\/dev.monti.lt\/product\/medinis-zaidimas-drambliai\/#breadcrumb\",\"itemListElement\":[{\"@type\":\"ListItem\",\"position\":1,\"name\":\"Home\",\"item\":\"https:\/\/dev.monti.lt\/\"},{\"@type\":\"ListItem\",\"position\":2,\"name\":\"Parduotuv\u0117\",\"item\":\"https:\/\/dev.monti.lt\/shop\/\"},{\"@type\":\"ListItem\",\"position\":3,\"name\":\"Medinis \u017eaidimas &#8220;Drambliai&#8221;\"}]},{\"@type\":\"WebSite\",\"@id\":\"https:\/\/dev.monti.lt\/#website\",\"url\":\"https:\/\/dev.monti.lt\/\",\"name\":\"Montessori \u017eaislai\",\"description\":\"\",\"publisher\":{\"@id\":\"https:\/\/dev.monti.lt\/#organization\"},\"potentialAction\":[{\"@type\":\"SearchAction\",\"target\":{\"@type\":\"EntryPoint\",\"urlTemplate\":\"https:\/\/dev.monti.lt\/?s={search_term_string}\"},\"query-input\":\"required name=search_term_string\"}],\"inLanguage\":\"en-US\"},{\"@type\":\"Organization\",\"@id\":\"https:\/\/dev.monti.lt\/#organization\",\"name\":\"Montessori \u017eaislai\",\"url\":\"https:\/\/dev.monti.lt\/\",\"logo\":{\"@type\":\"ImageObject\",\"inLanguage\":\"en-US\",\"@id\":\"https:\/\/dev.monti.lt\/#\/schema\/logo\/image\/\",\"url\":\"https:\/\/dev.monti.lt\/wp-content\/uploads\/2022\/03\/montilogo-1.png\",\"contentUrl\":\"https:\/\/dev.monti.lt\/wp-content\/uploads\/2022\/03\/montilogo-1.png\",\"width\":512,\"height\":512,\"caption\":\"Montessori \u017eaislai\"},\"image\":{\"@id\":\"https:\/\/dev.monti.lt\/#\/schema\/logo\/image\/\"}}]}<\/script>\n<!-- \/ Yoast SEO plugin. -->","yoast_head_json":{"title":"Medinis \u017eaidimas \"Drambliai\" - Montessori \u017eaislai","robots":{"index":"noindex","follow":"follow","max-snippet":"max-snippet:-1","max-image-preview":"max-image-preview:large","max-video-preview":"max-video-preview:-1"},"og_locale":"en_US","og_type":"article","og_title":"Medinis \u017eaidimas \"Drambliai\" - Montessori \u017eaislai","og_description":"\u201eWoopie\u201c&nbsp;d\u0117lion\u0117 \u201eElephant on Elephant&nbsp;\u201c yra \u017eavus \u017eaidimas, susidedantis i\u0161&nbsp;46 element\u0173&nbsp;, \u012fskaitant spalvingus kauliukus ir \u017eaidimo kortas. Puikus b\u016bdas praleisti laik\u0105 kartu su \u0161eima.&nbsp;D\u0117l i\u0161rai\u0161king\u0173 spalv\u0173 ir miel\u0173 drambli\u0173 form\u0173&nbsp;\u0161is \u017eaislas neliks nepasteb\u0117tas. Elephant on Elephant si\u016blo&nbsp;du patrauklius \u017eaidimo b\u016bdus&nbsp;\u2013 kaip dramblio galvos\u016bk\u012f ir kaip alternatyv\u0105 Jenga stiliaus \u017eaidimui. D\u0117lion\u0117, sukurta ma\u017eoms vaik\u0173 rankyt\u0117ms, neturi a\u0161tri\u0173 [&hellip;]","og_url":"https:\/\/dev.monti.lt\/en\/product\/medinis-zaidimas-drambliai\/","og_site_name":"Montessori \u017eaislai","article_modified_time":"2024-08-21T07:51:30+00:00","og_image":[{"width":800,"height":800,"url":"https:\/\/dev.monti.lt\/wp-content\/uploads\/2024\/08\/woopie-green-slonik-na-sloniku-gra-zrecznosciowa-fsc.jpg.png","type":"image\/png"}],"twitter_card":"summary_large_image","twitter_misc":{"Est. reading time":"1 minute"},"schema":{"@context":"https:\/\/schema.org","@graph":[{"@type":"WebPage","@id":"https:\/\/dev.monti.lt\/product\/medinis-zaidimas-drambliai\/","url":"https:\/\/dev.monti.lt\/product\/medinis-zaidimas-drambliai\/","name":"Medinis \u017eaidimas \"Drambliai\" - Montessori \u017eaislai","isPartOf":{"@id":"https:\/\/dev.monti.lt\/#website"},"primaryImageOfPage":{"@id":"https:\/\/dev.monti.lt\/product\/medinis-zaidimas-drambliai\/#primaryimage"},"image":{"@id":"https:\/\/dev.monti.lt\/product\/medinis-zaidimas-drambliai\/#primaryimage"},"thumbnailUrl":"https:\/\/dev.monti.lt\/wp-content\/uploads\/2024\/08\/woopie-green-slonik-na-sloniku-gra-zrecznosciowa-fsc.jpg.png","datePublished":"2024-08-19T12:45:44+00:00","dateModified":"2024-08-21T07:51:30+00:00","breadcrumb":{"@id":"https:\/\/dev.monti.lt\/product\/medinis-zaidimas-drambliai\/#breadcrumb"},"inLanguage":"en-US","potentialAction":[{"@type":"ReadAction","target":["https:\/\/dev.monti.lt\/product\/medinis-zaidimas-drambliai\/"]}]},{"@type":"ImageObject","inLanguage":"en-US","@id":"https:\/\/dev.monti.lt\/product\/medinis-zaidimas-drambliai\/#primaryimage","url":"https:\/\/dev.monti.lt\/wp-content\/uploads\/2024\/08\/woopie-green-slonik-na-sloniku-gra-zrecznosciowa-fsc.jpg.png","contentUrl":"https:\/\/dev.monti.lt\/wp-content\/uploads\/2024\/08\/woopie-green-slonik-na-sloniku-gra-zrecznosciowa-fsc.jpg.png","width":800,"height":800},{"@type":"BreadcrumbList","@id":"https:\/\/dev.monti.lt\/product\/medinis-zaidimas-drambliai\/#breadcrumb","itemListElement":[{"@type":"ListItem","position":1,"name":"Home","item":"https:\/\/dev.monti.lt\/"},{"@type":"ListItem","position":2,"name":"Parduotuv\u0117","item":"https:\/\/dev.monti.lt\/shop\/"},{"@type":"ListItem","position":3,"name":"Medinis \u017eaidimas &#8220;Drambliai&#8221;"}]},{"@type":"WebSite","@id":"https:\/\/dev.monti.lt\/#website","url":"https:\/\/dev.monti.lt\/","name":"Montessori \u017eaislai","description":"","publisher":{"@id":"https:\/\/dev.monti.lt\/#organization"},"potentialAction":[{"@type":"SearchAction","target":{"@type":"EntryPoint","urlTemplate":"https:\/\/dev.monti.lt\/?s={search_term_string}"},"query-input":"required name=search_term_string"}],"inLanguage":"en-US"},{"@type":"Organization","@id":"https:\/\/dev.monti.lt\/#organization","name":"Montessori \u017eaislai","url":"https:\/\/dev.monti.lt\/","logo":{"@type":"ImageObject","inLanguage":"en-US","@id":"https:\/\/dev.monti.lt\/#\/schema\/logo\/image\/","url":"https:\/\/dev.monti.lt\/wp-content\/uploads\/2022\/03\/montilogo-1.png","contentUrl":"https:\/\/dev.monti.lt\/wp-content\/uploads\/2022\/03\/montilogo-1.png","width":512,"height":512,"caption":"Montessori \u017eaislai"},"image":{"@id":"https:\/\/dev.monti.lt\/#\/schema\/logo\/image\/"}}]}},"_links":{"self":[{"href":"https:\/\/dev.monti.lt\/en\/wp-json\/wp\/v2\/product\/24514"}],"collection":[{"href":"https:\/\/dev.monti.lt\/en\/wp-json\/wp\/v2\/product"}],"about":[{"href":"https:\/\/dev.monti.lt\/en\/wp-json\/wp\/v2\/types\/product"}],"version-history":[{"count":1,"href":"https:\/\/dev.monti.lt\/en\/wp-json\/wp\/v2\/product\/24514\/revisions"}],"predecessor-version":[{"id":24516,"href":"https:\/\/dev.monti.lt\/en\/wp-json\/wp\/v2\/product\/24514\/revisions\/24516"}],"wp:featuredmedia":[{"embeddable":true,"href":"https:\/\/dev.monti.lt\/en\/wp-json\/wp\/v2\/media\/24515"}],"wp:attachment":[{"href":"https:\/\/dev.monti.lt\/en\/wp-json\/wp\/v2\/media?parent=24514"}],"wp:term":[{"taxonomy":"product_cat","embeddable":true,"href":"https:\/\/dev.monti.lt\/en\/wp-json\/wp\/v2\/product_cat?post=24514"},{"taxonomy":"product_tag","embeddable":true,"href":"https:\/\/dev.monti.lt\/en\/wp-json\/wp\/v2\/product_tag?post=24514"}],"curies":[{"name":"wp","href":"https:\/\/api.w.org\/{rel}","templated":true}]}}