{"id":24511,"date":"2024-08-19T12:40:46","date_gmt":"2024-08-19T12:40:46","guid":{"rendered":"https:\/\/dev.monti.lt\/?post_type=product&#038;p=24511"},"modified":"2024-08-20T10:25:33","modified_gmt":"2024-08-20T10:25:33","slug":"woopie-arkadinis-zaidimas-kosmosas","status":"publish","type":"product","link":"https:\/\/dev.monti.lt\/en\/product\/woopie-arkadinis-zaidimas-kosmosas\/","title":{"rendered":"\u201eWOOPIE \u201c arkadinis \u017eaidimas \u201eKosmosas\u201c"},"content":{"rendered":"<p><strong>WOOPIE<\/strong>&nbsp;prek\u0117s \u017eenklo \u201eFlipper Arcade Game\u201c \u201e&nbsp;<strong>Space Game<\/strong>&nbsp;\u201c&nbsp;yra puiki id\u0117ja smagiai pramogauti j\u016bs\u0173 vaikui. Tai populiarus arkadinis \u017eaidimas, skirtas \u017eaisti tiek&nbsp;<strong>vienam<\/strong>&nbsp;, tiek&nbsp;<strong>didesnei \u017eaid\u0117j\u0173 grupei<\/strong>&nbsp;. Tai primena tikr\u0105 \u201eFlipper\u201c ma\u0161in\u0105, kuri suteikia&nbsp;\u017eaislui&nbsp;<strong>patrauklumo<\/strong>&nbsp;! \u017daidimo tikslas yra surinkti kuo daugiau ta\u0161k\u0173 naudojant \u012fvairius judesius ir strategijas. Paprastos taisykl\u0117s ir spalvingi elementai&nbsp;<strong>patraukia vaik\u0173 d\u0117mes\u012f<\/strong>&nbsp;ir paver\u010dia \u017eaidim\u0105&nbsp;<strong>smagiu<\/strong>&nbsp;. \u017daislas yra kruop\u0161\u010diai pagamintas ir puikiai tinka \u2013 kiekvienam ma\u017eajam \u0161io \u017eaidimo gerb\u0117jui jis tikrai patiks. Taisykl\u0117s paprastos! Tereikia patiems surinkti lent\u0105 \u2013 tai n\u0117ra sunku. Tiesiog \u012fstumkite \u017eaidimo fig\u016br\u0117les \u012f atitinkamas lentos skylutes. Dabar galite prad\u0117ti atmu\u0161ti kamuol\u012f!<strong><\/strong><strong><\/strong><strong><\/strong><strong><\/strong><strong><\/strong><strong><\/strong><\/p><p><strong>Charakteristika:<\/strong><\/p><ul class=\"wp-block-list\"><li>&#8211; \u017daislas nuo\u00a0<strong>4 met\u0173 am\u017eiaus<\/strong><\/li>\n\n<li>&#8211; Puikiai tinka solo ir grupiniam \u017eaidimui<\/li>\n\n<li>&#8211; \u201ePasidaryk pats\u201c \u017eaidimas \u2013 lent\u0105 i\u0161 element\u0173 susirenkate pats!<\/li>\n\n<li>&#8211;\u00a0<strong>Lengva surinkti<\/strong>\u00a0, paprasta prisiminti taisykles<\/li>\n\n<li>&#8211; Apima\u00a0<strong>2 skirtingus \u017eaidimo i\u0161d\u0117stymus<\/strong><\/li><\/ul><p><strong>\u017daislas vysto:<\/strong><\/p><ul class=\"wp-block-list\"><li><strong>&#8211; Logini\u0173 \u012fg\u016bd\u017ei\u0173 ugdymas\u00a0:<\/strong>\u00a0stalo \u017eaidimai reikalauja strateginio m\u0105stymo, judesi\u0173 planavimo ir pasekmi\u0173 numatymo. Tai puikus pratimas protui.<\/li>\n\n<li>&#8211;\u00a0<strong>Rank\u0173 ir aki\u0173 koordinacija<\/strong>\u00a0: Valdant kamuoliukus ant lentos reikia atlikti tikslius judesius, o tai padeda lavinti rank\u0173 \u012fg\u016bd\u017eius.<\/li>\n\n<li>&#8211;\u00a0<strong>Vaizduot\u0117 ir k\u016brybi\u0161kumas<\/strong>\u00a0: \u017eaidime esantys erdv\u0117s elementai skatina vaiko vaizduot\u0119. Jis gali sukurti savo istorijas ir nuotykius, susijusius su kosmosu.<\/li><\/ul>","protected":false},"excerpt":{"rendered":"<p>WOOPIE&nbsp;prek\u0117s \u017eenklo \u201eFlipper Arcade Game\u201c \u201e&nbsp;Space Game&nbsp;\u201c&nbsp;yra puiki id\u0117ja smagiai pramogauti j\u016bs\u0173 vaikui. Tai populiarus arkadinis \u017eaidimas, skirtas \u017eaisti tiek&nbsp;vienam&nbsp;, tiek&nbsp;didesnei \u017eaid\u0117j\u0173 grupei&nbsp;. Tai primena tikr\u0105 \u201eFlipper\u201c ma\u0161in\u0105, kuri suteikia&nbsp;\u017eaislui&nbsp;patrauklumo&nbsp;! \u017daidimo tikslas yra surinkti kuo daugiau ta\u0161k\u0173 naudojant \u012fvairius judesius ir strategijas. Paprastos taisykl\u0117s ir spalvingi elementai&nbsp;patraukia vaik\u0173 d\u0117mes\u012f&nbsp;ir paver\u010dia \u017eaidim\u0105&nbsp;smagiu&nbsp;. \u017daislas yra kruop\u0161\u010diai pagamintas [&hellip;]<\/p>","protected":false},"featured_media":24512,"template":"","meta":{"iawp_total_views":18},"product_cat":[84,90,49,39],"product_tag":[],"class_list":{"0":"post-24511","1":"product","2":"type-product","3":"status-publish","4":"has-post-thumbnail","6":"product_cat-lavinamieji-zaislai","7":"product_cat-pasaulio-pazinimas","8":"product_cat-visi-zaislai","9":"product_cat-zaislai","11":"first","12":"instock","13":"taxable","14":"shipping-taxable","15":"purchasable","16":"product-type-simple"},"yoast_head":"<!-- This site is optimized with the Yoast SEO plugin v23.3 - https:\/\/yoast.com\/wordpress\/plugins\/seo\/ -->\n<title>\u201eWOOPIE \u201c arkadinis \u017eaidimas \u201eKosmosas\u201c - Montessori \u017eaislai<\/title>\n<meta name=\"robots\" content=\"noindex, follow, max-snippet:-1, max-image-preview:large, max-video-preview:-1\" \/>\n<meta property=\"og:locale\" content=\"en_US\" \/>\n<meta property=\"og:type\" content=\"article\" \/>\n<meta property=\"og:title\" content=\"\u201eWOOPIE \u201c arkadinis \u017eaidimas \u201eKosmosas\u201c - Montessori \u017eaislai\" \/>\n<meta property=\"og:description\" content=\"WOOPIE&nbsp;prek\u0117s \u017eenklo \u201eFlipper Arcade Game\u201c \u201e&nbsp;Space Game&nbsp;\u201c&nbsp;yra puiki id\u0117ja smagiai pramogauti j\u016bs\u0173 vaikui. Tai populiarus arkadinis \u017eaidimas, skirtas \u017eaisti tiek&nbsp;vienam&nbsp;, tiek&nbsp;didesnei \u017eaid\u0117j\u0173 grupei&nbsp;. Tai primena tikr\u0105 \u201eFlipper\u201c ma\u0161in\u0105, kuri suteikia&nbsp;\u017eaislui&nbsp;patrauklumo&nbsp;! \u017daidimo tikslas yra surinkti kuo daugiau ta\u0161k\u0173 naudojant \u012fvairius judesius ir strategijas. Paprastos taisykl\u0117s ir spalvingi elementai&nbsp;patraukia vaik\u0173 d\u0117mes\u012f&nbsp;ir paver\u010dia \u017eaidim\u0105&nbsp;smagiu&nbsp;. \u017daislas yra kruop\u0161\u010diai pagamintas [&hellip;]\" \/>\n<meta property=\"og:url\" content=\"https:\/\/dev.monti.lt\/en\/product\/woopie-arkadinis-zaidimas-kosmosas\/\" \/>\n<meta property=\"og:site_name\" content=\"Montessori \u017eaislai\" \/>\n<meta property=\"article:modified_time\" content=\"2024-08-20T10:25:33+00:00\" \/>\n<meta property=\"og:image\" content=\"https:\/\/dev.monti.lt\/wp-content\/uploads\/2024\/08\/woopie-gra-zrecznosciowa-flipper-kosmiczna-rozgrywka-2w1.jpg\" \/>\n\t<meta property=\"og:image:width\" content=\"800\" \/>\n\t<meta property=\"og:image:height\" content=\"800\" \/>\n\t<meta property=\"og:image:type\" content=\"image\/jpeg\" \/>\n<meta name=\"twitter:card\" content=\"summary_large_image\" \/>\n<meta name=\"twitter:label1\" content=\"Est. reading time\" \/>\n\t<meta name=\"twitter:data1\" content=\"2 minutes\" \/>\n<script type=\"application\/ld+json\" class=\"yoast-schema-graph\">{\"@context\":\"https:\/\/schema.org\",\"@graph\":[{\"@type\":\"WebPage\",\"@id\":\"https:\/\/dev.monti.lt\/product\/woopie-arkadinis-zaidimas-kosmosas\/\",\"url\":\"https:\/\/dev.monti.lt\/product\/woopie-arkadinis-zaidimas-kosmosas\/\",\"name\":\"\u201eWOOPIE \u201c arkadinis \u017eaidimas \u201eKosmosas\u201c - Montessori \u017eaislai\",\"isPartOf\":{\"@id\":\"https:\/\/dev.monti.lt\/#website\"},\"primaryImageOfPage\":{\"@id\":\"https:\/\/dev.monti.lt\/product\/woopie-arkadinis-zaidimas-kosmosas\/#primaryimage\"},\"image\":{\"@id\":\"https:\/\/dev.monti.lt\/product\/woopie-arkadinis-zaidimas-kosmosas\/#primaryimage\"},\"thumbnailUrl\":\"https:\/\/dev.monti.lt\/wp-content\/uploads\/2024\/08\/woopie-gra-zrecznosciowa-flipper-kosmiczna-rozgrywka-2w1.jpg\",\"datePublished\":\"2024-08-19T12:40:46+00:00\",\"dateModified\":\"2024-08-20T10:25:33+00:00\",\"breadcrumb\":{\"@id\":\"https:\/\/dev.monti.lt\/product\/woopie-arkadinis-zaidimas-kosmosas\/#breadcrumb\"},\"inLanguage\":\"en-US\",\"potentialAction\":[{\"@type\":\"ReadAction\",\"target\":[\"https:\/\/dev.monti.lt\/product\/woopie-arkadinis-zaidimas-kosmosas\/\"]}]},{\"@type\":\"ImageObject\",\"inLanguage\":\"en-US\",\"@id\":\"https:\/\/dev.monti.lt\/product\/woopie-arkadinis-zaidimas-kosmosas\/#primaryimage\",\"url\":\"https:\/\/dev.monti.lt\/wp-content\/uploads\/2024\/08\/woopie-gra-zrecznosciowa-flipper-kosmiczna-rozgrywka-2w1.jpg\",\"contentUrl\":\"https:\/\/dev.monti.lt\/wp-content\/uploads\/2024\/08\/woopie-gra-zrecznosciowa-flipper-kosmiczna-rozgrywka-2w1.jpg\",\"width\":800,\"height\":800},{\"@type\":\"BreadcrumbList\",\"@id\":\"https:\/\/dev.monti.lt\/product\/woopie-arkadinis-zaidimas-kosmosas\/#breadcrumb\",\"itemListElement\":[{\"@type\":\"ListItem\",\"position\":1,\"name\":\"Home\",\"item\":\"https:\/\/dev.monti.lt\/\"},{\"@type\":\"ListItem\",\"position\":2,\"name\":\"Parduotuv\u0117\",\"item\":\"https:\/\/dev.monti.lt\/shop\/\"},{\"@type\":\"ListItem\",\"position\":3,\"name\":\"\u201eWOOPIE \u201c arkadinis \u017eaidimas \u201eKosmosas\u201c\"}]},{\"@type\":\"WebSite\",\"@id\":\"https:\/\/dev.monti.lt\/#website\",\"url\":\"https:\/\/dev.monti.lt\/\",\"name\":\"Montessori \u017eaislai\",\"description\":\"\",\"publisher\":{\"@id\":\"https:\/\/dev.monti.lt\/#organization\"},\"potentialAction\":[{\"@type\":\"SearchAction\",\"target\":{\"@type\":\"EntryPoint\",\"urlTemplate\":\"https:\/\/dev.monti.lt\/?s={search_term_string}\"},\"query-input\":\"required name=search_term_string\"}],\"inLanguage\":\"en-US\"},{\"@type\":\"Organization\",\"@id\":\"https:\/\/dev.monti.lt\/#organization\",\"name\":\"Montessori \u017eaislai\",\"url\":\"https:\/\/dev.monti.lt\/\",\"logo\":{\"@type\":\"ImageObject\",\"inLanguage\":\"en-US\",\"@id\":\"https:\/\/dev.monti.lt\/#\/schema\/logo\/image\/\",\"url\":\"https:\/\/dev.monti.lt\/wp-content\/uploads\/2022\/03\/montilogo-1.png\",\"contentUrl\":\"https:\/\/dev.monti.lt\/wp-content\/uploads\/2022\/03\/montilogo-1.png\",\"width\":512,\"height\":512,\"caption\":\"Montessori \u017eaislai\"},\"image\":{\"@id\":\"https:\/\/dev.monti.lt\/#\/schema\/logo\/image\/\"}}]}<\/script>\n<!-- \/ Yoast SEO plugin. -->","yoast_head_json":{"title":"\u201eWOOPIE \u201c arkadinis \u017eaidimas \u201eKosmosas\u201c - Montessori \u017eaislai","robots":{"index":"noindex","follow":"follow","max-snippet":"max-snippet:-1","max-image-preview":"max-image-preview:large","max-video-preview":"max-video-preview:-1"},"og_locale":"en_US","og_type":"article","og_title":"\u201eWOOPIE \u201c arkadinis \u017eaidimas \u201eKosmosas\u201c - Montessori \u017eaislai","og_description":"WOOPIE&nbsp;prek\u0117s \u017eenklo \u201eFlipper Arcade Game\u201c \u201e&nbsp;Space Game&nbsp;\u201c&nbsp;yra puiki id\u0117ja smagiai pramogauti j\u016bs\u0173 vaikui. Tai populiarus arkadinis \u017eaidimas, skirtas \u017eaisti tiek&nbsp;vienam&nbsp;, tiek&nbsp;didesnei \u017eaid\u0117j\u0173 grupei&nbsp;. Tai primena tikr\u0105 \u201eFlipper\u201c ma\u0161in\u0105, kuri suteikia&nbsp;\u017eaislui&nbsp;patrauklumo&nbsp;! \u017daidimo tikslas yra surinkti kuo daugiau ta\u0161k\u0173 naudojant \u012fvairius judesius ir strategijas. Paprastos taisykl\u0117s ir spalvingi elementai&nbsp;patraukia vaik\u0173 d\u0117mes\u012f&nbsp;ir paver\u010dia \u017eaidim\u0105&nbsp;smagiu&nbsp;. \u017daislas yra kruop\u0161\u010diai pagamintas [&hellip;]","og_url":"https:\/\/dev.monti.lt\/en\/product\/woopie-arkadinis-zaidimas-kosmosas\/","og_site_name":"Montessori \u017eaislai","article_modified_time":"2024-08-20T10:25:33+00:00","og_image":[{"width":800,"height":800,"url":"https:\/\/dev.monti.lt\/wp-content\/uploads\/2024\/08\/woopie-gra-zrecznosciowa-flipper-kosmiczna-rozgrywka-2w1.jpg","type":"image\/jpeg"}],"twitter_card":"summary_large_image","twitter_misc":{"Est. reading time":"2 minutes"},"schema":{"@context":"https:\/\/schema.org","@graph":[{"@type":"WebPage","@id":"https:\/\/dev.monti.lt\/product\/woopie-arkadinis-zaidimas-kosmosas\/","url":"https:\/\/dev.monti.lt\/product\/woopie-arkadinis-zaidimas-kosmosas\/","name":"\u201eWOOPIE \u201c arkadinis \u017eaidimas \u201eKosmosas\u201c - Montessori \u017eaislai","isPartOf":{"@id":"https:\/\/dev.monti.lt\/#website"},"primaryImageOfPage":{"@id":"https:\/\/dev.monti.lt\/product\/woopie-arkadinis-zaidimas-kosmosas\/#primaryimage"},"image":{"@id":"https:\/\/dev.monti.lt\/product\/woopie-arkadinis-zaidimas-kosmosas\/#primaryimage"},"thumbnailUrl":"https:\/\/dev.monti.lt\/wp-content\/uploads\/2024\/08\/woopie-gra-zrecznosciowa-flipper-kosmiczna-rozgrywka-2w1.jpg","datePublished":"2024-08-19T12:40:46+00:00","dateModified":"2024-08-20T10:25:33+00:00","breadcrumb":{"@id":"https:\/\/dev.monti.lt\/product\/woopie-arkadinis-zaidimas-kosmosas\/#breadcrumb"},"inLanguage":"en-US","potentialAction":[{"@type":"ReadAction","target":["https:\/\/dev.monti.lt\/product\/woopie-arkadinis-zaidimas-kosmosas\/"]}]},{"@type":"ImageObject","inLanguage":"en-US","@id":"https:\/\/dev.monti.lt\/product\/woopie-arkadinis-zaidimas-kosmosas\/#primaryimage","url":"https:\/\/dev.monti.lt\/wp-content\/uploads\/2024\/08\/woopie-gra-zrecznosciowa-flipper-kosmiczna-rozgrywka-2w1.jpg","contentUrl":"https:\/\/dev.monti.lt\/wp-content\/uploads\/2024\/08\/woopie-gra-zrecznosciowa-flipper-kosmiczna-rozgrywka-2w1.jpg","width":800,"height":800},{"@type":"BreadcrumbList","@id":"https:\/\/dev.monti.lt\/product\/woopie-arkadinis-zaidimas-kosmosas\/#breadcrumb","itemListElement":[{"@type":"ListItem","position":1,"name":"Home","item":"https:\/\/dev.monti.lt\/"},{"@type":"ListItem","position":2,"name":"Parduotuv\u0117","item":"https:\/\/dev.monti.lt\/shop\/"},{"@type":"ListItem","position":3,"name":"\u201eWOOPIE \u201c arkadinis \u017eaidimas \u201eKosmosas\u201c"}]},{"@type":"WebSite","@id":"https:\/\/dev.monti.lt\/#website","url":"https:\/\/dev.monti.lt\/","name":"Montessori \u017eaislai","description":"","publisher":{"@id":"https:\/\/dev.monti.lt\/#organization"},"potentialAction":[{"@type":"SearchAction","target":{"@type":"EntryPoint","urlTemplate":"https:\/\/dev.monti.lt\/?s={search_term_string}"},"query-input":"required name=search_term_string"}],"inLanguage":"en-US"},{"@type":"Organization","@id":"https:\/\/dev.monti.lt\/#organization","name":"Montessori \u017eaislai","url":"https:\/\/dev.monti.lt\/","logo":{"@type":"ImageObject","inLanguage":"en-US","@id":"https:\/\/dev.monti.lt\/#\/schema\/logo\/image\/","url":"https:\/\/dev.monti.lt\/wp-content\/uploads\/2022\/03\/montilogo-1.png","contentUrl":"https:\/\/dev.monti.lt\/wp-content\/uploads\/2022\/03\/montilogo-1.png","width":512,"height":512,"caption":"Montessori \u017eaislai"},"image":{"@id":"https:\/\/dev.monti.lt\/#\/schema\/logo\/image\/"}}]}},"_links":{"self":[{"href":"https:\/\/dev.monti.lt\/en\/wp-json\/wp\/v2\/product\/24511"}],"collection":[{"href":"https:\/\/dev.monti.lt\/en\/wp-json\/wp\/v2\/product"}],"about":[{"href":"https:\/\/dev.monti.lt\/en\/wp-json\/wp\/v2\/types\/product"}],"version-history":[{"count":1,"href":"https:\/\/dev.monti.lt\/en\/wp-json\/wp\/v2\/product\/24511\/revisions"}],"predecessor-version":[{"id":24513,"href":"https:\/\/dev.monti.lt\/en\/wp-json\/wp\/v2\/product\/24511\/revisions\/24513"}],"wp:featuredmedia":[{"embeddable":true,"href":"https:\/\/dev.monti.lt\/en\/wp-json\/wp\/v2\/media\/24512"}],"wp:attachment":[{"href":"https:\/\/dev.monti.lt\/en\/wp-json\/wp\/v2\/media?parent=24511"}],"wp:term":[{"taxonomy":"product_cat","embeddable":true,"href":"https:\/\/dev.monti.lt\/en\/wp-json\/wp\/v2\/product_cat?post=24511"},{"taxonomy":"product_tag","embeddable":true,"href":"https:\/\/dev.monti.lt\/en\/wp-json\/wp\/v2\/product_tag?post=24511"}],"curies":[{"name":"wp","href":"https:\/\/api.w.org\/{rel}","templated":true}]}}