{"id":24506,"date":"2024-08-19T12:37:17","date_gmt":"2024-08-19T12:37:17","guid":{"rendered":"https:\/\/dev.monti.lt\/?post_type=product&#038;p=24506"},"modified":"2024-09-06T05:40:42","modified_gmt":"2024-09-06T05:40:42","slug":"woopie-interaktyvus-mokomasis-sensorinis-kubas","status":"publish","type":"product","link":"https:\/\/dev.monti.lt\/en\/product\/woopie-interaktyvus-mokomasis-sensorinis-kubas\/","title":{"rendered":"WOOPIE interaktyvus mokomasis sensorinis kubas"},"content":{"rendered":"<p><strong>Sensorinis kubas<\/strong>&nbsp;i\u0161&nbsp;<strong>WOOPIE<\/strong>&nbsp;prek\u0117s \u017eenklo yra k\u016brybi\u0161kas ir edukacinis pasi\u016blymas ma\u017eiems vaikams. \u0160is \u017eaislas buvo sukurtas ankstyvosioms vaik\u0173 raidos stadijoms, siekiant palaikyti j\u0173&nbsp;<strong>jutiminius&nbsp;<\/strong><strong>geb\u0117jimus<\/strong>&nbsp;ir&nbsp;<strong>rank\u0173 \u012fg\u016bd\u017eius<\/strong>&nbsp;. \u012evairios tekst\u016bros, ra\u0161tai ir spalvingi elementai d\u0117\u017eut\u0117s pavir\u0161iuje suteikia stimuliuojan\u010di\u0173 jutimini\u0173 potyri\u0173, kurie padeda&nbsp;<strong>lavinti<\/strong>&nbsp;vaiko poj\u016b\u010dius. \u0160is \u017eaislas ne tik suteikia pramog\u0173, bet ir \u012fvairiais lygmenimis palaiko vaiko vystym\u0105si, tod\u0117l jis yra puikus pasirinkimas vaikams.<strong><\/strong><strong><\/strong><strong><\/strong><\/p><p><strong>Charakteristikos<\/strong>&nbsp;:<\/p><ul class=\"wp-block-list\"><li>&#8211; Vaikams\u00a0<strong>nuo 6 m\u0117n<\/strong><\/li>\n\n<li>&#8211; Kube yra\u00a0<strong>\u0161e\u0161ios skirtingos veiklos skydeliai<\/strong><\/li>\n\n<li>&#8211; Sud\u0117tyje yra daug \u012fvairi\u0173 element\u0173, kurie stimuliuoja k\u016bdikio poj\u016b\u010dius, pavyzd\u017eiui, tekst\u016bruoti pavir\u0161iai ir garsas<\/li>\n\n<li>&#8211; Padeda lavinti j\u016bs\u0173 k\u016bdikio\u00a0<strong>smulki\u0105j\u0105 motorik\u0105<\/strong>\u00a0sugriebiant\u00a0<strong>, traukiant, sukant ir spaud\u017eiant \u012fvairius daiktus<\/strong><\/li>\n\n<li>&#8211; Ry\u0161kios ir ry\u0161kios kubo spalvos kartu su \u012fvairiomis formomis, tekst\u016bromis ir garsais stimuliuoja jutimus ir skatina smulkiosios motorikos bei rank\u0173 ir aki\u0173 koordinacijos vystym\u0105si.<\/li>\n\n<li>&#8211; \u017daislas buvo sukurtas atsi\u017evelgiant \u012f ma\u017e\u0173 vaik\u0173 saugum\u0105 \u2013 u\u017eapvalinti kra\u0161tai, netoksi\u0161ki da\u017eai ir saugios dalys, kurios u\u017etikrina saug\u0173 \u017eaidim\u0105<\/li>\n\n<li>Galimyb\u0117\u00a0<strong>paspausti karv\u0117s veid\u0105<\/strong>\u00a0ir\u00a0<strong>kair\u0119 leten\u0105<\/strong><\/li>\n\n<li>Jame yra i\u0161samios instrukcijos apie fortepijono funkcijas kartu su dain\u0173 pavadinimais angl\u0173 kalba<\/li><\/ul><p><strong>6in1 \u017eaislo savyb\u0117s:<\/strong><\/p><ul class=\"wp-block-list\"><li>&#8211; Fudge su \u012fmontuotu\u00a0<strong>pianinu<\/strong>\u00a0(4 mygtukai) &#8220;DO&#8221; &#8220;RE&#8221; &#8220;MI&#8221; &#8220;FA&#8221; su\u00a0<strong>5 funkcijomis<\/strong>\u00a0, kurias galima pakeisti mygtuku<\/li>\n\n<li>&#8211; 1 funkcija yra\u00a0<strong>fortepijono re\u017eimas<\/strong><\/li>\n\n<li>&#8211; Antroji funkcija yra\u00a0<strong>4 dain\u0173<\/strong>\u00a0re\u017eimas su\u00a0<strong>\u0161viesos efektais<\/strong><\/li>\n\n<li>&#8211; 3 funkcija yra garsusis \u017eaidimas \u201e\u00a0<strong>Whack a Mole<\/strong>\u00a0\u201c, kuriame u\u017esidega lemput\u0117s ir vaikas turi paspausti \u0161vie\u010diant\u012f mygtuk\u0105<\/li>\n\n<li><strong>&#8211; 4-oji funkcija yra gyv\u016bn\u0173 gars\u0173 ir j\u0173 pavadinim\u0173<\/strong>\u00a0re\u017eimas\u00a0(kat\u0117, \u0161uo, avis, antis)<\/li>\n\n<li>&#8211; 5-oji funkcija yra \u201e\u00a0<strong>Midi<\/strong>\u00a0\u201c re\u017eimas, t. y.\u00a0<strong>20<\/strong>\u00a0skirting\u0173 gars\u0173 ir dain\u0173 su ap\u0161vietimo efektais<\/li>\n\n<li>&#8211; \u201e\u00a0<strong>B\u016bgno klavi\u0161o<\/strong>\u00a0\u201c funkcija, t. y.\u00a0<strong>8<\/strong>\u00a0b\u016bgno garso efektai paspaudus mygtuk\u0105<\/li>\n\n<li>&#8211;\u00a0<strong>Laikrodis su rodykl\u0117mis , kurias galima pasukti\u00a0<\/strong><strong>erdv\u0117s<\/strong>\u00a0stiliaus vaizde<\/li>\n\n<li>&#8211;\u00a0<strong>Vairai<\/strong>\u00a0su va\u017eiuojan\u010diu\u00a0<strong>automobiliu ir kelio nuotrauka<\/strong><\/li>\n\n<li>&#8211;\u00a0<strong>4<\/strong>\u00a0blokai su skirtingomis\u00a0<strong>formomis ir raid\u0117mis<\/strong><\/li>\n\n<li>&#8211;\u00a0<strong>labirintas<\/strong>\u00a0\u2013 supinkite apskritimus<\/li>\n\n<li>&#8211;\u00a0<strong>Pavaros<\/strong>\u00a0\u2013 perkelkite pavaras ir paleiskite ma\u0161in\u0105<\/li>\n\n<li>&#8211;\u00a0<strong>Durys<\/strong>\u00a0, kurias galima atidaryti ir u\u017edaryti, ir rutulys ant dur\u0173, kur\u012f galima pasukti<\/li>\n\n<li>&#8211;\u00a0<strong>Reikalingos 3 1,5 V AA baterijos (\u012f komplekt\u0105 ne\u012feina)<\/strong><\/li><\/ul>","protected":false},"excerpt":{"rendered":"<p>Sensorinis kubas&nbsp;i\u0161&nbsp;WOOPIE&nbsp;prek\u0117s \u017eenklo yra k\u016brybi\u0161kas ir edukacinis pasi\u016blymas ma\u017eiems vaikams. \u0160is \u017eaislas buvo sukurtas ankstyvosioms vaik\u0173 raidos stadijoms, siekiant palaikyti j\u0173&nbsp;jutiminius&nbsp;geb\u0117jimus&nbsp;ir&nbsp;rank\u0173 \u012fg\u016bd\u017eius&nbsp;. \u012evairios tekst\u016bros, ra\u0161tai ir spalvingi elementai d\u0117\u017eut\u0117s pavir\u0161iuje suteikia stimuliuojan\u010di\u0173 jutimini\u0173 potyri\u0173, kurie padeda&nbsp;lavinti&nbsp;vaiko poj\u016b\u010dius. \u0160is \u017eaislas ne tik suteikia pramog\u0173, bet ir \u012fvairiais lygmenimis palaiko vaiko vystym\u0105si, tod\u0117l jis yra puikus pasirinkimas [&hellip;]<\/p>","protected":false},"featured_media":24507,"template":"","meta":{"iawp_total_views":42},"product_cat":[200,191,192,84,91,49,39],"product_tag":[96,97,98],"class_list":{"0":"post-24506","1":"product","2":"type-product","3":"status-publish","4":"has-post-thumbnail","6":"product_cat-dovanos-kudikiams","7":"product_cat-dovanos-vaikams","8":"product_cat-kaledines-dovanos-vaikams","9":"product_cat-lavinamieji-zaislai","10":"product_cat-loginiam-mastymui","11":"product_cat-visi-zaislai","12":"product_cat-zaislai","13":"product_tag-2-m-3-m","14":"product_tag-3-m-4-m","15":"product_tag-5-m-7-m","17":"first","18":"instock","19":"taxable","20":"shipping-taxable","21":"purchasable","22":"product-type-simple"},"yoast_head":"<!-- This site is optimized with the Yoast SEO plugin v23.3 - https:\/\/yoast.com\/wordpress\/plugins\/seo\/ -->\n<title>WOOPIE interaktyvus mokomasis sensorinis kubas - Montessori \u017eaislai<\/title>\n<meta name=\"robots\" content=\"noindex, follow, max-snippet:-1, max-image-preview:large, max-video-preview:-1\" \/>\n<meta property=\"og:locale\" content=\"en_US\" \/>\n<meta property=\"og:type\" content=\"article\" \/>\n<meta property=\"og:title\" content=\"WOOPIE interaktyvus mokomasis sensorinis kubas - Montessori \u017eaislai\" \/>\n<meta property=\"og:description\" content=\"Sensorinis kubas&nbsp;i\u0161&nbsp;WOOPIE&nbsp;prek\u0117s \u017eenklo yra k\u016brybi\u0161kas ir edukacinis pasi\u016blymas ma\u017eiems vaikams. \u0160is \u017eaislas buvo sukurtas ankstyvosioms vaik\u0173 raidos stadijoms, siekiant palaikyti j\u0173&nbsp;jutiminius&nbsp;geb\u0117jimus&nbsp;ir&nbsp;rank\u0173 \u012fg\u016bd\u017eius&nbsp;. \u012evairios tekst\u016bros, ra\u0161tai ir spalvingi elementai d\u0117\u017eut\u0117s pavir\u0161iuje suteikia stimuliuojan\u010di\u0173 jutimini\u0173 potyri\u0173, kurie padeda&nbsp;lavinti&nbsp;vaiko poj\u016b\u010dius. \u0160is \u017eaislas ne tik suteikia pramog\u0173, bet ir \u012fvairiais lygmenimis palaiko vaiko vystym\u0105si, tod\u0117l jis yra puikus pasirinkimas [&hellip;]\" \/>\n<meta property=\"og:url\" content=\"https:\/\/dev.monti.lt\/en\/product\/woopie-interaktyvus-mokomasis-sensorinis-kubas\/\" \/>\n<meta property=\"og:site_name\" content=\"Montessori \u017eaislai\" \/>\n<meta property=\"article:modified_time\" content=\"2024-09-06T05:40:42+00:00\" \/>\n<meta property=\"og:image\" content=\"https:\/\/dev.monti.lt\/wp-content\/uploads\/2024\/08\/woopie-interaktywna-kostka-sensoryczna-edukacyjna-montessori-sorter-6w1.jpg\" \/>\n\t<meta property=\"og:image:width\" content=\"800\" \/>\n\t<meta property=\"og:image:height\" content=\"800\" \/>\n\t<meta property=\"og:image:type\" content=\"image\/jpeg\" \/>\n<meta name=\"twitter:card\" content=\"summary_large_image\" \/>\n<meta name=\"twitter:label1\" content=\"Est. reading time\" \/>\n\t<meta name=\"twitter:data1\" content=\"2 minutes\" \/>\n<script type=\"application\/ld+json\" class=\"yoast-schema-graph\">{\"@context\":\"https:\/\/schema.org\",\"@graph\":[{\"@type\":\"WebPage\",\"@id\":\"https:\/\/dev.monti.lt\/product\/woopie-interaktyvus-mokomasis-sensorinis-kubas\/\",\"url\":\"https:\/\/dev.monti.lt\/product\/woopie-interaktyvus-mokomasis-sensorinis-kubas\/\",\"name\":\"WOOPIE interaktyvus mokomasis sensorinis kubas - Montessori \u017eaislai\",\"isPartOf\":{\"@id\":\"https:\/\/dev.monti.lt\/#website\"},\"primaryImageOfPage\":{\"@id\":\"https:\/\/dev.monti.lt\/product\/woopie-interaktyvus-mokomasis-sensorinis-kubas\/#primaryimage\"},\"image\":{\"@id\":\"https:\/\/dev.monti.lt\/product\/woopie-interaktyvus-mokomasis-sensorinis-kubas\/#primaryimage\"},\"thumbnailUrl\":\"https:\/\/dev.monti.lt\/wp-content\/uploads\/2024\/08\/woopie-interaktywna-kostka-sensoryczna-edukacyjna-montessori-sorter-6w1.jpg\",\"datePublished\":\"2024-08-19T12:37:17+00:00\",\"dateModified\":\"2024-09-06T05:40:42+00:00\",\"breadcrumb\":{\"@id\":\"https:\/\/dev.monti.lt\/product\/woopie-interaktyvus-mokomasis-sensorinis-kubas\/#breadcrumb\"},\"inLanguage\":\"en-US\",\"potentialAction\":[{\"@type\":\"ReadAction\",\"target\":[\"https:\/\/dev.monti.lt\/product\/woopie-interaktyvus-mokomasis-sensorinis-kubas\/\"]}]},{\"@type\":\"ImageObject\",\"inLanguage\":\"en-US\",\"@id\":\"https:\/\/dev.monti.lt\/product\/woopie-interaktyvus-mokomasis-sensorinis-kubas\/#primaryimage\",\"url\":\"https:\/\/dev.monti.lt\/wp-content\/uploads\/2024\/08\/woopie-interaktywna-kostka-sensoryczna-edukacyjna-montessori-sorter-6w1.jpg\",\"contentUrl\":\"https:\/\/dev.monti.lt\/wp-content\/uploads\/2024\/08\/woopie-interaktywna-kostka-sensoryczna-edukacyjna-montessori-sorter-6w1.jpg\",\"width\":800,\"height\":800},{\"@type\":\"BreadcrumbList\",\"@id\":\"https:\/\/dev.monti.lt\/product\/woopie-interaktyvus-mokomasis-sensorinis-kubas\/#breadcrumb\",\"itemListElement\":[{\"@type\":\"ListItem\",\"position\":1,\"name\":\"Home\",\"item\":\"https:\/\/dev.monti.lt\/\"},{\"@type\":\"ListItem\",\"position\":2,\"name\":\"Parduotuv\u0117\",\"item\":\"https:\/\/dev.monti.lt\/shop\/\"},{\"@type\":\"ListItem\",\"position\":3,\"name\":\"WOOPIE interaktyvus mokomasis sensorinis kubas\"}]},{\"@type\":\"WebSite\",\"@id\":\"https:\/\/dev.monti.lt\/#website\",\"url\":\"https:\/\/dev.monti.lt\/\",\"name\":\"Montessori \u017eaislai\",\"description\":\"\",\"publisher\":{\"@id\":\"https:\/\/dev.monti.lt\/#organization\"},\"potentialAction\":[{\"@type\":\"SearchAction\",\"target\":{\"@type\":\"EntryPoint\",\"urlTemplate\":\"https:\/\/dev.monti.lt\/?s={search_term_string}\"},\"query-input\":\"required name=search_term_string\"}],\"inLanguage\":\"en-US\"},{\"@type\":\"Organization\",\"@id\":\"https:\/\/dev.monti.lt\/#organization\",\"name\":\"Montessori \u017eaislai\",\"url\":\"https:\/\/dev.monti.lt\/\",\"logo\":{\"@type\":\"ImageObject\",\"inLanguage\":\"en-US\",\"@id\":\"https:\/\/dev.monti.lt\/#\/schema\/logo\/image\/\",\"url\":\"https:\/\/dev.monti.lt\/wp-content\/uploads\/2022\/03\/montilogo-1.png\",\"contentUrl\":\"https:\/\/dev.monti.lt\/wp-content\/uploads\/2022\/03\/montilogo-1.png\",\"width\":512,\"height\":512,\"caption\":\"Montessori \u017eaislai\"},\"image\":{\"@id\":\"https:\/\/dev.monti.lt\/#\/schema\/logo\/image\/\"}}]}<\/script>\n<!-- \/ Yoast SEO plugin. -->","yoast_head_json":{"title":"WOOPIE interaktyvus mokomasis sensorinis kubas - Montessori \u017eaislai","robots":{"index":"noindex","follow":"follow","max-snippet":"max-snippet:-1","max-image-preview":"max-image-preview:large","max-video-preview":"max-video-preview:-1"},"og_locale":"en_US","og_type":"article","og_title":"WOOPIE interaktyvus mokomasis sensorinis kubas - Montessori \u017eaislai","og_description":"Sensorinis kubas&nbsp;i\u0161&nbsp;WOOPIE&nbsp;prek\u0117s \u017eenklo yra k\u016brybi\u0161kas ir edukacinis pasi\u016blymas ma\u017eiems vaikams. \u0160is \u017eaislas buvo sukurtas ankstyvosioms vaik\u0173 raidos stadijoms, siekiant palaikyti j\u0173&nbsp;jutiminius&nbsp;geb\u0117jimus&nbsp;ir&nbsp;rank\u0173 \u012fg\u016bd\u017eius&nbsp;. \u012evairios tekst\u016bros, ra\u0161tai ir spalvingi elementai d\u0117\u017eut\u0117s pavir\u0161iuje suteikia stimuliuojan\u010di\u0173 jutimini\u0173 potyri\u0173, kurie padeda&nbsp;lavinti&nbsp;vaiko poj\u016b\u010dius. \u0160is \u017eaislas ne tik suteikia pramog\u0173, bet ir \u012fvairiais lygmenimis palaiko vaiko vystym\u0105si, tod\u0117l jis yra puikus pasirinkimas [&hellip;]","og_url":"https:\/\/dev.monti.lt\/en\/product\/woopie-interaktyvus-mokomasis-sensorinis-kubas\/","og_site_name":"Montessori \u017eaislai","article_modified_time":"2024-09-06T05:40:42+00:00","og_image":[{"width":800,"height":800,"url":"https:\/\/dev.monti.lt\/wp-content\/uploads\/2024\/08\/woopie-interaktywna-kostka-sensoryczna-edukacyjna-montessori-sorter-6w1.jpg","type":"image\/jpeg"}],"twitter_card":"summary_large_image","twitter_misc":{"Est. reading time":"2 minutes"},"schema":{"@context":"https:\/\/schema.org","@graph":[{"@type":"WebPage","@id":"https:\/\/dev.monti.lt\/product\/woopie-interaktyvus-mokomasis-sensorinis-kubas\/","url":"https:\/\/dev.monti.lt\/product\/woopie-interaktyvus-mokomasis-sensorinis-kubas\/","name":"WOOPIE interaktyvus mokomasis sensorinis kubas - Montessori \u017eaislai","isPartOf":{"@id":"https:\/\/dev.monti.lt\/#website"},"primaryImageOfPage":{"@id":"https:\/\/dev.monti.lt\/product\/woopie-interaktyvus-mokomasis-sensorinis-kubas\/#primaryimage"},"image":{"@id":"https:\/\/dev.monti.lt\/product\/woopie-interaktyvus-mokomasis-sensorinis-kubas\/#primaryimage"},"thumbnailUrl":"https:\/\/dev.monti.lt\/wp-content\/uploads\/2024\/08\/woopie-interaktywna-kostka-sensoryczna-edukacyjna-montessori-sorter-6w1.jpg","datePublished":"2024-08-19T12:37:17+00:00","dateModified":"2024-09-06T05:40:42+00:00","breadcrumb":{"@id":"https:\/\/dev.monti.lt\/product\/woopie-interaktyvus-mokomasis-sensorinis-kubas\/#breadcrumb"},"inLanguage":"en-US","potentialAction":[{"@type":"ReadAction","target":["https:\/\/dev.monti.lt\/product\/woopie-interaktyvus-mokomasis-sensorinis-kubas\/"]}]},{"@type":"ImageObject","inLanguage":"en-US","@id":"https:\/\/dev.monti.lt\/product\/woopie-interaktyvus-mokomasis-sensorinis-kubas\/#primaryimage","url":"https:\/\/dev.monti.lt\/wp-content\/uploads\/2024\/08\/woopie-interaktywna-kostka-sensoryczna-edukacyjna-montessori-sorter-6w1.jpg","contentUrl":"https:\/\/dev.monti.lt\/wp-content\/uploads\/2024\/08\/woopie-interaktywna-kostka-sensoryczna-edukacyjna-montessori-sorter-6w1.jpg","width":800,"height":800},{"@type":"BreadcrumbList","@id":"https:\/\/dev.monti.lt\/product\/woopie-interaktyvus-mokomasis-sensorinis-kubas\/#breadcrumb","itemListElement":[{"@type":"ListItem","position":1,"name":"Home","item":"https:\/\/dev.monti.lt\/"},{"@type":"ListItem","position":2,"name":"Parduotuv\u0117","item":"https:\/\/dev.monti.lt\/shop\/"},{"@type":"ListItem","position":3,"name":"WOOPIE interaktyvus mokomasis sensorinis kubas"}]},{"@type":"WebSite","@id":"https:\/\/dev.monti.lt\/#website","url":"https:\/\/dev.monti.lt\/","name":"Montessori \u017eaislai","description":"","publisher":{"@id":"https:\/\/dev.monti.lt\/#organization"},"potentialAction":[{"@type":"SearchAction","target":{"@type":"EntryPoint","urlTemplate":"https:\/\/dev.monti.lt\/?s={search_term_string}"},"query-input":"required name=search_term_string"}],"inLanguage":"en-US"},{"@type":"Organization","@id":"https:\/\/dev.monti.lt\/#organization","name":"Montessori \u017eaislai","url":"https:\/\/dev.monti.lt\/","logo":{"@type":"ImageObject","inLanguage":"en-US","@id":"https:\/\/dev.monti.lt\/#\/schema\/logo\/image\/","url":"https:\/\/dev.monti.lt\/wp-content\/uploads\/2022\/03\/montilogo-1.png","contentUrl":"https:\/\/dev.monti.lt\/wp-content\/uploads\/2022\/03\/montilogo-1.png","width":512,"height":512,"caption":"Montessori \u017eaislai"},"image":{"@id":"https:\/\/dev.monti.lt\/#\/schema\/logo\/image\/"}}]}},"_links":{"self":[{"href":"https:\/\/dev.monti.lt\/en\/wp-json\/wp\/v2\/product\/24506"}],"collection":[{"href":"https:\/\/dev.monti.lt\/en\/wp-json\/wp\/v2\/product"}],"about":[{"href":"https:\/\/dev.monti.lt\/en\/wp-json\/wp\/v2\/types\/product"}],"version-history":[{"count":1,"href":"https:\/\/dev.monti.lt\/en\/wp-json\/wp\/v2\/product\/24506\/revisions"}],"predecessor-version":[{"id":24510,"href":"https:\/\/dev.monti.lt\/en\/wp-json\/wp\/v2\/product\/24506\/revisions\/24510"}],"wp:featuredmedia":[{"embeddable":true,"href":"https:\/\/dev.monti.lt\/en\/wp-json\/wp\/v2\/media\/24507"}],"wp:attachment":[{"href":"https:\/\/dev.monti.lt\/en\/wp-json\/wp\/v2\/media?parent=24506"}],"wp:term":[{"taxonomy":"product_cat","embeddable":true,"href":"https:\/\/dev.monti.lt\/en\/wp-json\/wp\/v2\/product_cat?post=24506"},{"taxonomy":"product_tag","embeddable":true,"href":"https:\/\/dev.monti.lt\/en\/wp-json\/wp\/v2\/product_tag?post=24506"}],"curies":[{"name":"wp","href":"https:\/\/api.w.org\/{rel}","templated":true}]}}