{"id":24455,"date":"2024-08-14T09:13:37","date_gmt":"2024-08-14T09:13:37","guid":{"rendered":"https:\/\/dev.monti.lt\/?post_type=product&#038;p=24455"},"modified":"2024-10-02T10:04:43","modified_gmt":"2024-10-02T10:04:43","slug":"skraidantis-kamuolys-diskas","status":"publish","type":"product","link":"https:\/\/dev.monti.lt\/en\/product\/skraidantis-kamuolys-diskas\/","title":{"rendered":"Skraidantis kamuolys-diskas"},"content":{"rendered":"<p>\u2705SPECIFIKACIJA:<br>spalva: juoda ir balta<br>am\u017eius: 3 metai<br>matmenys (plotis\/auk\u0161tis): 18\/6,5 cm<br>svoris: 148 g<br>svoris su pakuote: 225 g<br>Nuostabus skraidantis kamuolys yra nepakei\u010diamas \u017eaidim\u0173 kambaryje kompanionas, ypa\u010d kai lauke blogas oras. Jis suteiks sensacing\u0105 pramog\u0105 ir pa\u012fvairins laisvalaik\u012f.<\/p><p>Akumuliatoriumi maitinamas kamuoliukas yra lengvas, o \u012fjungtas d\u0117l viduje esan\u010dio rotoriaus \u0161iek tiek pakyla vir\u0161 \u017eem\u0117s. Jis yra ovalo formos, \u0161velniai suplotas, o ant jo vir\u0161aus u\u017ed\u0117tas juodai baltas motyvas, pasiskolintas i\u0161 futbolo ra\u0161to, tod\u0117l j\u012f dr\u0105siai galima vadinti \u201eskraidan\u010diu kamuoliu\u201c. Norint, kad jis pajud\u0117t\u0173, tereikia j\u012f sm\u016bgiuoti nenaudojant pernelyg didel\u0117s j\u0117gos. Geriausiai jis veiks ant lygaus pavir\u0161iaus, pavyzd\u017eiui, plyteli\u0173 ar plok\u0161\u010di\u0173, arba lauke ant lygaus pavir\u0161iaus.<\/p><p>\u2705 SKRAIDANTIS KAMUOLYS<br>Skrieja vir\u0161 pavir\u0161iaus &#8211; akumuliatoriumi maitinamas rutulys yra nedidelio svorio, o \u012fjungtas d\u0117l viduje esan\u010dio rotoriaus jis \u0161iek tiek pakyla vir\u0161 \u017eem\u0117s; pakanka \u0161velniai stumtel\u0117ti disk\u0105, kad jis pajud\u0117t\u0173; geriausiai jis veikia ant lygaus pavir\u0161iaus, pavyzd\u017eiui, plyteli\u0173 ar plok\u0161\u010di\u0173, arba lauke ant lygaus pavir\u0161iaus.<br>EMITUOJA \u0160VIES\u0104 &#8211; \u017eaid\u017eiant diskas \u0161vie\u010dia trimis atspalviais: raudona, ro\u017eine ir m\u0117lyna spalvomis, tod\u0117l gaminys neabejotinai tampa patrauklesnis ir linksmesnis.<br>PIANO DANGTAS &#8211; diskas i\u0161 vis\u0173 pusi\u0173 padengtas tvirtu putplas\u010diu, kuris padidina jo patvarum\u0105 ir daro teigiam\u0105 poveik\u012f naudojimo trukmei, taip apsaugodamas nam\u0173 ar buto baldus nuo sugadinimo.<br>\u017dAIDIMO ALTERNATYVA PAV\u0116JONUI &#8211; skraidantis kamuolys leis j\u016bs\u0173 vaikui patraukliai ir aktyviai praleisti laik\u0105 lietingu oru arba tada, kai jis turi likti namuose.<\/p><p>\u2705 ATSPARUS<br>Diskas i\u0161 vis\u0173 pusi\u0173 padengtas juodu, tvirtu putplas\u010diu, kuris padidina jo ilgaam\u017ei\u0161kum\u0105 ir daro teigiam\u0105 \u012ftak\u0105 jo naudojimo trukmei, taip apsaugodamas j\u016bs\u0173 namuose ar bute esan\u010dius baldus nuo pa\u017eeidim\u0173. Susid\u016br\u0119s su kli\u016btimi, jis at\u0161oka nuo kli\u016bties ir skrenda toliau, nesibaimindamas sugadinti bald\u0173.<\/p><p>\u2705 \u0160VIESOS<br>Be to, \u017eaidimo metu diskas subtiliai \u0161vie\u010dia trimis atspalviais: raudona, ro\u017eine ir m\u0117lyna spalvomis, tod\u0117l gaminys neabejotinai tampa patrauklesnis ir \u012fdomesnis. Tod\u0117l jis ypa\u010d veiksmingas tamsesn\u0117se patalpose arba lauke vakare ar nakt\u012f.<\/p><p>\u2705UNIVERSALUS<br>Skraidantis kamuolys &#8211; tai alternatyva \u017eaidimui aik\u0161tel\u0117je arba ant \u017eol\u0117s. Jis pakei\u010dia \u017eaidim\u0105 lauke ir leid\u017eia j\u016bs\u0173 vaikui patraukliai ir aktyviai praleisti laik\u0105 lietingu oru arba tada, kai jis turi likti namuose.<\/p><p>\u2705 VISIEMS<br>Diskas puikiai tinka \u017eaisti vienam, dviese ar didesn\u0117se grup\u0117se, taip pat su \u0161unimi ar kate. Jis tinka vaikams, paaugliams ir suaugusiesiems.<\/p><p>\u2705DOVAN\u0172 ID\u0116JA<br>Skraidantis kamuolys yra puiki dovanos id\u0117ja visiems futbolu besidomintiems vaikams.<\/p><p><\/p>","protected":false},"excerpt":{"rendered":"<p>\u2705SPECIFIKACIJA:spalva: juoda ir baltaam\u017eius: 3 metaimatmenys (plotis\/auk\u0161tis): 18\/6,5 cmsvoris: 148 gsvoris su pakuote: 225 gNuostabus skraidantis kamuolys yra nepakei\u010diamas \u017eaidim\u0173 kambaryje kompanionas, ypa\u010d kai lauke blogas oras. Jis suteiks sensacing\u0105 pramog\u0105 ir pa\u012fvairins laisvalaik\u012f. Akumuliatoriumi maitinamas kamuoliukas yra lengvas, o \u012fjungtas d\u0117l viduje esan\u010dio rotoriaus \u0161iek tiek pakyla vir\u0161 \u017eem\u0117s. Jis yra ovalo formos, \u0161velniai [&hellip;]<\/p>","protected":false},"featured_media":24456,"template":"","meta":{"iawp_total_views":14},"product_cat":[238,84,93],"product_tag":[96,97,98,99],"class_list":{"0":"post-24455","1":"product","2":"type-product","3":"status-publish","4":"has-post-thumbnail","6":"product_cat-lauko-zaidimai","7":"product_cat-lavinamieji-zaislai","8":"product_cat-vaidmenu-zaidimai","9":"product_tag-2-m-3-m","10":"product_tag-3-m-4-m","11":"product_tag-5-m-7-m","12":"product_tag-8-m-11-m","14":"first","15":"instock","16":"taxable","17":"shipping-taxable","18":"purchasable","19":"product-type-simple"},"yoast_head":"<!-- This site is optimized with the Yoast SEO plugin v23.3 - https:\/\/yoast.com\/wordpress\/plugins\/seo\/ -->\n<title>Skraidantis kamuolys-diskas - Montessori \u017eaislai<\/title>\n<meta name=\"robots\" content=\"noindex, follow, max-snippet:-1, max-image-preview:large, max-video-preview:-1\" \/>\n<meta property=\"og:locale\" content=\"en_US\" \/>\n<meta property=\"og:type\" content=\"article\" \/>\n<meta property=\"og:title\" content=\"Skraidantis kamuolys-diskas - Montessori \u017eaislai\" \/>\n<meta property=\"og:description\" content=\"\u2705SPECIFIKACIJA:spalva: juoda ir baltaam\u017eius: 3 metaimatmenys (plotis\/auk\u0161tis): 18\/6,5 cmsvoris: 148 gsvoris su pakuote: 225 gNuostabus skraidantis kamuolys yra nepakei\u010diamas \u017eaidim\u0173 kambaryje kompanionas, ypa\u010d kai lauke blogas oras. Jis suteiks sensacing\u0105 pramog\u0105 ir pa\u012fvairins laisvalaik\u012f. Akumuliatoriumi maitinamas kamuoliukas yra lengvas, o \u012fjungtas d\u0117l viduje esan\u010dio rotoriaus \u0161iek tiek pakyla vir\u0161 \u017eem\u0117s. Jis yra ovalo formos, \u0161velniai [&hellip;]\" \/>\n<meta property=\"og:url\" content=\"https:\/\/dev.monti.lt\/en\/product\/skraidantis-kamuolys-diskas\/\" \/>\n<meta property=\"og:site_name\" content=\"Montessori \u017eaislai\" \/>\n<meta property=\"article:modified_time\" content=\"2024-10-02T10:04:43+00:00\" \/>\n<meta property=\"og:image\" content=\"https:\/\/dev.monti.lt\/wp-content\/uploads\/2024\/08\/duza-latajaca-pilka-dysk-krazek-cymbergaj-hoverball.webp\" \/>\n\t<meta property=\"og:image:width\" content=\"800\" \/>\n\t<meta property=\"og:image:height\" content=\"800\" \/>\n\t<meta property=\"og:image:type\" content=\"image\/webp\" \/>\n<meta name=\"twitter:card\" content=\"summary_large_image\" \/>\n<meta name=\"twitter:label1\" content=\"Est. reading time\" \/>\n\t<meta name=\"twitter:data1\" content=\"3 minutes\" \/>\n<script type=\"application\/ld+json\" class=\"yoast-schema-graph\">{\"@context\":\"https:\/\/schema.org\",\"@graph\":[{\"@type\":\"WebPage\",\"@id\":\"https:\/\/dev.monti.lt\/product\/skraidantis-kamuolys-diskas\/\",\"url\":\"https:\/\/dev.monti.lt\/product\/skraidantis-kamuolys-diskas\/\",\"name\":\"Skraidantis kamuolys-diskas - Montessori \u017eaislai\",\"isPartOf\":{\"@id\":\"https:\/\/dev.monti.lt\/#website\"},\"primaryImageOfPage\":{\"@id\":\"https:\/\/dev.monti.lt\/product\/skraidantis-kamuolys-diskas\/#primaryimage\"},\"image\":{\"@id\":\"https:\/\/dev.monti.lt\/product\/skraidantis-kamuolys-diskas\/#primaryimage\"},\"thumbnailUrl\":\"https:\/\/dev.monti.lt\/wp-content\/uploads\/2024\/08\/duza-latajaca-pilka-dysk-krazek-cymbergaj-hoverball.webp\",\"datePublished\":\"2024-08-14T09:13:37+00:00\",\"dateModified\":\"2024-10-02T10:04:43+00:00\",\"breadcrumb\":{\"@id\":\"https:\/\/dev.monti.lt\/product\/skraidantis-kamuolys-diskas\/#breadcrumb\"},\"inLanguage\":\"en-US\",\"potentialAction\":[{\"@type\":\"ReadAction\",\"target\":[\"https:\/\/dev.monti.lt\/product\/skraidantis-kamuolys-diskas\/\"]}]},{\"@type\":\"ImageObject\",\"inLanguage\":\"en-US\",\"@id\":\"https:\/\/dev.monti.lt\/product\/skraidantis-kamuolys-diskas\/#primaryimage\",\"url\":\"https:\/\/dev.monti.lt\/wp-content\/uploads\/2024\/08\/duza-latajaca-pilka-dysk-krazek-cymbergaj-hoverball.webp\",\"contentUrl\":\"https:\/\/dev.monti.lt\/wp-content\/uploads\/2024\/08\/duza-latajaca-pilka-dysk-krazek-cymbergaj-hoverball.webp\",\"width\":800,\"height\":800,\"caption\":\"futbolo zaidimas\"},{\"@type\":\"BreadcrumbList\",\"@id\":\"https:\/\/dev.monti.lt\/product\/skraidantis-kamuolys-diskas\/#breadcrumb\",\"itemListElement\":[{\"@type\":\"ListItem\",\"position\":1,\"name\":\"Home\",\"item\":\"https:\/\/dev.monti.lt\/\"},{\"@type\":\"ListItem\",\"position\":2,\"name\":\"Parduotuv\u0117\",\"item\":\"https:\/\/dev.monti.lt\/shop\/\"},{\"@type\":\"ListItem\",\"position\":3,\"name\":\"Skraidantis kamuolys-diskas\"}]},{\"@type\":\"WebSite\",\"@id\":\"https:\/\/dev.monti.lt\/#website\",\"url\":\"https:\/\/dev.monti.lt\/\",\"name\":\"Montessori \u017eaislai\",\"description\":\"\",\"publisher\":{\"@id\":\"https:\/\/dev.monti.lt\/#organization\"},\"potentialAction\":[{\"@type\":\"SearchAction\",\"target\":{\"@type\":\"EntryPoint\",\"urlTemplate\":\"https:\/\/dev.monti.lt\/?s={search_term_string}\"},\"query-input\":\"required name=search_term_string\"}],\"inLanguage\":\"en-US\"},{\"@type\":\"Organization\",\"@id\":\"https:\/\/dev.monti.lt\/#organization\",\"name\":\"Montessori \u017eaislai\",\"url\":\"https:\/\/dev.monti.lt\/\",\"logo\":{\"@type\":\"ImageObject\",\"inLanguage\":\"en-US\",\"@id\":\"https:\/\/dev.monti.lt\/#\/schema\/logo\/image\/\",\"url\":\"https:\/\/dev.monti.lt\/wp-content\/uploads\/2022\/03\/montilogo-1.png\",\"contentUrl\":\"https:\/\/dev.monti.lt\/wp-content\/uploads\/2022\/03\/montilogo-1.png\",\"width\":512,\"height\":512,\"caption\":\"Montessori \u017eaislai\"},\"image\":{\"@id\":\"https:\/\/dev.monti.lt\/#\/schema\/logo\/image\/\"}}]}<\/script>\n<!-- \/ Yoast SEO plugin. -->","yoast_head_json":{"title":"Skraidantis kamuolys-diskas - Montessori \u017eaislai","robots":{"index":"noindex","follow":"follow","max-snippet":"max-snippet:-1","max-image-preview":"max-image-preview:large","max-video-preview":"max-video-preview:-1"},"og_locale":"en_US","og_type":"article","og_title":"Skraidantis kamuolys-diskas - Montessori \u017eaislai","og_description":"\u2705SPECIFIKACIJA:spalva: juoda ir baltaam\u017eius: 3 metaimatmenys (plotis\/auk\u0161tis): 18\/6,5 cmsvoris: 148 gsvoris su pakuote: 225 gNuostabus skraidantis kamuolys yra nepakei\u010diamas \u017eaidim\u0173 kambaryje kompanionas, ypa\u010d kai lauke blogas oras. Jis suteiks sensacing\u0105 pramog\u0105 ir pa\u012fvairins laisvalaik\u012f. Akumuliatoriumi maitinamas kamuoliukas yra lengvas, o \u012fjungtas d\u0117l viduje esan\u010dio rotoriaus \u0161iek tiek pakyla vir\u0161 \u017eem\u0117s. Jis yra ovalo formos, \u0161velniai [&hellip;]","og_url":"https:\/\/dev.monti.lt\/en\/product\/skraidantis-kamuolys-diskas\/","og_site_name":"Montessori \u017eaislai","article_modified_time":"2024-10-02T10:04:43+00:00","og_image":[{"width":800,"height":800,"url":"https:\/\/dev.monti.lt\/wp-content\/uploads\/2024\/08\/duza-latajaca-pilka-dysk-krazek-cymbergaj-hoverball.webp","type":"image\/webp"}],"twitter_card":"summary_large_image","twitter_misc":{"Est. reading time":"3 minutes"},"schema":{"@context":"https:\/\/schema.org","@graph":[{"@type":"WebPage","@id":"https:\/\/dev.monti.lt\/product\/skraidantis-kamuolys-diskas\/","url":"https:\/\/dev.monti.lt\/product\/skraidantis-kamuolys-diskas\/","name":"Skraidantis kamuolys-diskas - Montessori \u017eaislai","isPartOf":{"@id":"https:\/\/dev.monti.lt\/#website"},"primaryImageOfPage":{"@id":"https:\/\/dev.monti.lt\/product\/skraidantis-kamuolys-diskas\/#primaryimage"},"image":{"@id":"https:\/\/dev.monti.lt\/product\/skraidantis-kamuolys-diskas\/#primaryimage"},"thumbnailUrl":"https:\/\/dev.monti.lt\/wp-content\/uploads\/2024\/08\/duza-latajaca-pilka-dysk-krazek-cymbergaj-hoverball.webp","datePublished":"2024-08-14T09:13:37+00:00","dateModified":"2024-10-02T10:04:43+00:00","breadcrumb":{"@id":"https:\/\/dev.monti.lt\/product\/skraidantis-kamuolys-diskas\/#breadcrumb"},"inLanguage":"en-US","potentialAction":[{"@type":"ReadAction","target":["https:\/\/dev.monti.lt\/product\/skraidantis-kamuolys-diskas\/"]}]},{"@type":"ImageObject","inLanguage":"en-US","@id":"https:\/\/dev.monti.lt\/product\/skraidantis-kamuolys-diskas\/#primaryimage","url":"https:\/\/dev.monti.lt\/wp-content\/uploads\/2024\/08\/duza-latajaca-pilka-dysk-krazek-cymbergaj-hoverball.webp","contentUrl":"https:\/\/dev.monti.lt\/wp-content\/uploads\/2024\/08\/duza-latajaca-pilka-dysk-krazek-cymbergaj-hoverball.webp","width":800,"height":800,"caption":"futbolo zaidimas"},{"@type":"BreadcrumbList","@id":"https:\/\/dev.monti.lt\/product\/skraidantis-kamuolys-diskas\/#breadcrumb","itemListElement":[{"@type":"ListItem","position":1,"name":"Home","item":"https:\/\/dev.monti.lt\/"},{"@type":"ListItem","position":2,"name":"Parduotuv\u0117","item":"https:\/\/dev.monti.lt\/shop\/"},{"@type":"ListItem","position":3,"name":"Skraidantis kamuolys-diskas"}]},{"@type":"WebSite","@id":"https:\/\/dev.monti.lt\/#website","url":"https:\/\/dev.monti.lt\/","name":"Montessori \u017eaislai","description":"","publisher":{"@id":"https:\/\/dev.monti.lt\/#organization"},"potentialAction":[{"@type":"SearchAction","target":{"@type":"EntryPoint","urlTemplate":"https:\/\/dev.monti.lt\/?s={search_term_string}"},"query-input":"required name=search_term_string"}],"inLanguage":"en-US"},{"@type":"Organization","@id":"https:\/\/dev.monti.lt\/#organization","name":"Montessori \u017eaislai","url":"https:\/\/dev.monti.lt\/","logo":{"@type":"ImageObject","inLanguage":"en-US","@id":"https:\/\/dev.monti.lt\/#\/schema\/logo\/image\/","url":"https:\/\/dev.monti.lt\/wp-content\/uploads\/2022\/03\/montilogo-1.png","contentUrl":"https:\/\/dev.monti.lt\/wp-content\/uploads\/2022\/03\/montilogo-1.png","width":512,"height":512,"caption":"Montessori \u017eaislai"},"image":{"@id":"https:\/\/dev.monti.lt\/#\/schema\/logo\/image\/"}}]}},"_links":{"self":[{"href":"https:\/\/dev.monti.lt\/en\/wp-json\/wp\/v2\/product\/24455"}],"collection":[{"href":"https:\/\/dev.monti.lt\/en\/wp-json\/wp\/v2\/product"}],"about":[{"href":"https:\/\/dev.monti.lt\/en\/wp-json\/wp\/v2\/types\/product"}],"version-history":[{"count":1,"href":"https:\/\/dev.monti.lt\/en\/wp-json\/wp\/v2\/product\/24455\/revisions"}],"predecessor-version":[{"id":24462,"href":"https:\/\/dev.monti.lt\/en\/wp-json\/wp\/v2\/product\/24455\/revisions\/24462"}],"wp:featuredmedia":[{"embeddable":true,"href":"https:\/\/dev.monti.lt\/en\/wp-json\/wp\/v2\/media\/24456"}],"wp:attachment":[{"href":"https:\/\/dev.monti.lt\/en\/wp-json\/wp\/v2\/media?parent=24455"}],"wp:term":[{"taxonomy":"product_cat","embeddable":true,"href":"https:\/\/dev.monti.lt\/en\/wp-json\/wp\/v2\/product_cat?post=24455"},{"taxonomy":"product_tag","embeddable":true,"href":"https:\/\/dev.monti.lt\/en\/wp-json\/wp\/v2\/product_tag?post=24455"}],"curies":[{"name":"wp","href":"https:\/\/api.w.org\/{rel}","templated":true}]}}