{"id":24414,"date":"2024-08-12T08:35:22","date_gmt":"2024-08-12T08:35:22","guid":{"rendered":"https:\/\/dev.monti.lt\/?post_type=product&#038;p=24414"},"modified":"2024-08-12T08:36:25","modified_gmt":"2024-08-12T08:36:25","slug":"medinis-kosmetinis-staliukas","status":"publish","type":"product","link":"https:\/\/dev.monti.lt\/en\/product\/medinis-kosmetinis-staliukas\/","title":{"rendered":"Medinis kosmetinis staliukas"},"content":{"rendered":"<p>Didelis laisvai pastatomas baltas tualetinis staliukas i\u0161 &#8220;Viga&#8221; yra svajoni\u0173 baldas kiekvienos mergait\u0117s kambaryje. Tualetinis staliukas turi i\u0161traukiam\u0105 stal\u010di\u0173, kuriame ma\u017eoji princes\u0117 gali laikyti savo lobius. Po pa\u010diu veidrod\u017eiu yra skyriai patogiems aksesuarams. \u012e komplekt\u0105 taip pat \u012feina tualetinio staliuko k\u0117dut\u0117. Viskas pagaminta i\u0161 med\u017eio ir nuda\u017eyta netoksi\u0161kais da\u017eais, kurie yra saug\u016bs vaikams ir aplinkai.<\/p><p>Savyb\u0117s:<\/p><ul class=\"wp-block-list\"><li>Tualetinis staliukas su i\u0161traukiamu stal\u010diumi ir veidrod\u017eiu, pagamintas tik i\u0161 med\u017eio.<\/li>\n\n<li>Gali tapti m\u0117gstama \u017eaidim\u0173 vieta<\/li>\n\n<li>Tualetinio staliuko stalvir\u0161is yra 50 cm auk\u0161\u010dio<\/li>\n\n<li>Visi baltos spalvos<\/li>\n\n<li>Pridedama balta k\u0117dut\u0117<\/li>\n\n<li>\u017daisle n\u0117ra a\u0161tri\u0173 briaun\u0173<\/li>\n\n<li>Da\u017eyta netoksi\u0161kais da\u017eais<br>\u017daislas vystosi<\/li>\n\n<li>k\u016brybi\u0161kum\u0105<\/li>\n\n<li>vikrum\u0105<\/li>\n\n<li>vaizduot\u0119<\/li>\n\n<li>rank\u0173 ir aki\u0173 koordinacij\u0105<\/li>\n\n<li>rank\u0173 lankstum\u0105<br>Priedai ne\u012ftraukti<\/li><\/ul><p><\/p>","protected":false},"excerpt":{"rendered":"<p>Didelis laisvai pastatomas baltas tualetinis staliukas i\u0161 &#8220;Viga&#8221; yra svajoni\u0173 baldas kiekvienos mergait\u0117s kambaryje. Tualetinis staliukas turi i\u0161traukiam\u0105 stal\u010di\u0173, kuriame ma\u017eoji princes\u0117 gali laikyti savo lobius. Po pa\u010diu veidrod\u017eiu yra skyriai patogiems aksesuarams. \u012e komplekt\u0105 taip pat \u012feina tualetinio staliuko k\u0117dut\u0117. Viskas pagaminta i\u0161 med\u017eio ir nuda\u017eyta netoksi\u0161kais da\u017eais, kurie yra saug\u016bs vaikams ir aplinkai. [&hellip;]<\/p>","protected":false},"featured_media":24415,"template":"","meta":{"iawp_total_views":87},"product_cat":[195,216,217,196,191,84,102,93,49,39,214],"product_tag":[97,98],"class_list":{"0":"post-24414","1":"product","2":"type-product","3":"status-publish","4":"has-post-thumbnail","6":"product_cat-dovanos-vaikams-3-4-metu","7":"product_cat-dovanos-4-5-metu-vaikams","8":"product_cat-dovanos-5-7-metu-vaikams","9":"product_cat-dovanos-mergaitems","10":"product_cat-dovanos-vaikams","11":"product_cat-lavinamieji-zaislai","12":"product_cat-mediniai-zaislai","13":"product_cat-vaidmenu-zaidimai","14":"product_cat-visi-zaislai","15":"product_cat-zaislai","16":"product_cat-zaislai-mergaitems","17":"product_tag-3-m-4-m","18":"product_tag-5-m-7-m","20":"first","21":"instock","22":"taxable","23":"shipping-taxable","24":"purchasable","25":"product-type-simple"},"yoast_head":"<!-- This site is optimized with the Yoast SEO plugin v23.3 - https:\/\/yoast.com\/wordpress\/plugins\/seo\/ -->\n<title>Medinis kosmetinis staliukas - Montessori \u017eaislai<\/title>\n<meta name=\"robots\" content=\"noindex, follow, max-snippet:-1, max-image-preview:large, max-video-preview:-1\" \/>\n<meta property=\"og:locale\" content=\"en_US\" \/>\n<meta property=\"og:type\" content=\"article\" \/>\n<meta property=\"og:title\" content=\"Medinis kosmetinis staliukas - Montessori \u017eaislai\" \/>\n<meta property=\"og:description\" content=\"Didelis laisvai pastatomas baltas tualetinis staliukas i\u0161 &#8220;Viga&#8221; yra svajoni\u0173 baldas kiekvienos mergait\u0117s kambaryje. Tualetinis staliukas turi i\u0161traukiam\u0105 stal\u010di\u0173, kuriame ma\u017eoji princes\u0117 gali laikyti savo lobius. Po pa\u010diu veidrod\u017eiu yra skyriai patogiems aksesuarams. \u012e komplekt\u0105 taip pat \u012feina tualetinio staliuko k\u0117dut\u0117. Viskas pagaminta i\u0161 med\u017eio ir nuda\u017eyta netoksi\u0161kais da\u017eais, kurie yra saug\u016bs vaikams ir aplinkai. [&hellip;]\" \/>\n<meta property=\"og:url\" content=\"https:\/\/dev.monti.lt\/en\/product\/medinis-kosmetinis-staliukas\/\" \/>\n<meta property=\"og:site_name\" content=\"Montessori \u017eaislai\" \/>\n<meta property=\"article:modified_time\" content=\"2024-08-12T08:36:25+00:00\" \/>\n<meta property=\"og:image\" content=\"https:\/\/dev.monti.lt\/wp-content\/uploads\/2024\/08\/viga-duza-toaletka-drewniana-biala-z-lustrem-i-krzeselkiem.jpg\" \/>\n\t<meta property=\"og:image:width\" content=\"800\" \/>\n\t<meta property=\"og:image:height\" content=\"800\" \/>\n\t<meta property=\"og:image:type\" content=\"image\/jpeg\" \/>\n<meta name=\"twitter:card\" content=\"summary_large_image\" \/>\n<meta name=\"twitter:label1\" content=\"Est. reading time\" \/>\n\t<meta name=\"twitter:data1\" content=\"1 minute\" \/>\n<script type=\"application\/ld+json\" class=\"yoast-schema-graph\">{\"@context\":\"https:\/\/schema.org\",\"@graph\":[{\"@type\":\"WebPage\",\"@id\":\"https:\/\/dev.monti.lt\/product\/medinis-kosmetinis-staliukas\/\",\"url\":\"https:\/\/dev.monti.lt\/product\/medinis-kosmetinis-staliukas\/\",\"name\":\"Medinis kosmetinis staliukas - Montessori \u017eaislai\",\"isPartOf\":{\"@id\":\"https:\/\/dev.monti.lt\/#website\"},\"primaryImageOfPage\":{\"@id\":\"https:\/\/dev.monti.lt\/product\/medinis-kosmetinis-staliukas\/#primaryimage\"},\"image\":{\"@id\":\"https:\/\/dev.monti.lt\/product\/medinis-kosmetinis-staliukas\/#primaryimage\"},\"thumbnailUrl\":\"https:\/\/dev.monti.lt\/wp-content\/uploads\/2024\/08\/viga-duza-toaletka-drewniana-biala-z-lustrem-i-krzeselkiem.jpg\",\"datePublished\":\"2024-08-12T08:35:22+00:00\",\"dateModified\":\"2024-08-12T08:36:25+00:00\",\"breadcrumb\":{\"@id\":\"https:\/\/dev.monti.lt\/product\/medinis-kosmetinis-staliukas\/#breadcrumb\"},\"inLanguage\":\"en-US\",\"potentialAction\":[{\"@type\":\"ReadAction\",\"target\":[\"https:\/\/dev.monti.lt\/product\/medinis-kosmetinis-staliukas\/\"]}]},{\"@type\":\"ImageObject\",\"inLanguage\":\"en-US\",\"@id\":\"https:\/\/dev.monti.lt\/product\/medinis-kosmetinis-staliukas\/#primaryimage\",\"url\":\"https:\/\/dev.monti.lt\/wp-content\/uploads\/2024\/08\/viga-duza-toaletka-drewniana-biala-z-lustrem-i-krzeselkiem.jpg\",\"contentUrl\":\"https:\/\/dev.monti.lt\/wp-content\/uploads\/2024\/08\/viga-duza-toaletka-drewniana-biala-z-lustrem-i-krzeselkiem.jpg\",\"width\":800,\"height\":800,\"caption\":\"kosmetinis staliukas\"},{\"@type\":\"BreadcrumbList\",\"@id\":\"https:\/\/dev.monti.lt\/product\/medinis-kosmetinis-staliukas\/#breadcrumb\",\"itemListElement\":[{\"@type\":\"ListItem\",\"position\":1,\"name\":\"Home\",\"item\":\"https:\/\/dev.monti.lt\/\"},{\"@type\":\"ListItem\",\"position\":2,\"name\":\"Parduotuv\u0117\",\"item\":\"https:\/\/dev.monti.lt\/shop\/\"},{\"@type\":\"ListItem\",\"position\":3,\"name\":\"Medinis kosmetinis staliukas\"}]},{\"@type\":\"WebSite\",\"@id\":\"https:\/\/dev.monti.lt\/#website\",\"url\":\"https:\/\/dev.monti.lt\/\",\"name\":\"Montessori \u017eaislai\",\"description\":\"\",\"publisher\":{\"@id\":\"https:\/\/dev.monti.lt\/#organization\"},\"potentialAction\":[{\"@type\":\"SearchAction\",\"target\":{\"@type\":\"EntryPoint\",\"urlTemplate\":\"https:\/\/dev.monti.lt\/?s={search_term_string}\"},\"query-input\":\"required name=search_term_string\"}],\"inLanguage\":\"en-US\"},{\"@type\":\"Organization\",\"@id\":\"https:\/\/dev.monti.lt\/#organization\",\"name\":\"Montessori \u017eaislai\",\"url\":\"https:\/\/dev.monti.lt\/\",\"logo\":{\"@type\":\"ImageObject\",\"inLanguage\":\"en-US\",\"@id\":\"https:\/\/dev.monti.lt\/#\/schema\/logo\/image\/\",\"url\":\"https:\/\/dev.monti.lt\/wp-content\/uploads\/2022\/03\/montilogo-1.png\",\"contentUrl\":\"https:\/\/dev.monti.lt\/wp-content\/uploads\/2022\/03\/montilogo-1.png\",\"width\":512,\"height\":512,\"caption\":\"Montessori \u017eaislai\"},\"image\":{\"@id\":\"https:\/\/dev.monti.lt\/#\/schema\/logo\/image\/\"}}]}<\/script>\n<!-- \/ Yoast SEO plugin. -->","yoast_head_json":{"title":"Medinis kosmetinis staliukas - Montessori \u017eaislai","robots":{"index":"noindex","follow":"follow","max-snippet":"max-snippet:-1","max-image-preview":"max-image-preview:large","max-video-preview":"max-video-preview:-1"},"og_locale":"en_US","og_type":"article","og_title":"Medinis kosmetinis staliukas - Montessori \u017eaislai","og_description":"Didelis laisvai pastatomas baltas tualetinis staliukas i\u0161 &#8220;Viga&#8221; yra svajoni\u0173 baldas kiekvienos mergait\u0117s kambaryje. Tualetinis staliukas turi i\u0161traukiam\u0105 stal\u010di\u0173, kuriame ma\u017eoji princes\u0117 gali laikyti savo lobius. Po pa\u010diu veidrod\u017eiu yra skyriai patogiems aksesuarams. \u012e komplekt\u0105 taip pat \u012feina tualetinio staliuko k\u0117dut\u0117. Viskas pagaminta i\u0161 med\u017eio ir nuda\u017eyta netoksi\u0161kais da\u017eais, kurie yra saug\u016bs vaikams ir aplinkai. [&hellip;]","og_url":"https:\/\/dev.monti.lt\/en\/product\/medinis-kosmetinis-staliukas\/","og_site_name":"Montessori \u017eaislai","article_modified_time":"2024-08-12T08:36:25+00:00","og_image":[{"width":800,"height":800,"url":"https:\/\/dev.monti.lt\/wp-content\/uploads\/2024\/08\/viga-duza-toaletka-drewniana-biala-z-lustrem-i-krzeselkiem.jpg","type":"image\/jpeg"}],"twitter_card":"summary_large_image","twitter_misc":{"Est. reading time":"1 minute"},"schema":{"@context":"https:\/\/schema.org","@graph":[{"@type":"WebPage","@id":"https:\/\/dev.monti.lt\/product\/medinis-kosmetinis-staliukas\/","url":"https:\/\/dev.monti.lt\/product\/medinis-kosmetinis-staliukas\/","name":"Medinis kosmetinis staliukas - Montessori \u017eaislai","isPartOf":{"@id":"https:\/\/dev.monti.lt\/#website"},"primaryImageOfPage":{"@id":"https:\/\/dev.monti.lt\/product\/medinis-kosmetinis-staliukas\/#primaryimage"},"image":{"@id":"https:\/\/dev.monti.lt\/product\/medinis-kosmetinis-staliukas\/#primaryimage"},"thumbnailUrl":"https:\/\/dev.monti.lt\/wp-content\/uploads\/2024\/08\/viga-duza-toaletka-drewniana-biala-z-lustrem-i-krzeselkiem.jpg","datePublished":"2024-08-12T08:35:22+00:00","dateModified":"2024-08-12T08:36:25+00:00","breadcrumb":{"@id":"https:\/\/dev.monti.lt\/product\/medinis-kosmetinis-staliukas\/#breadcrumb"},"inLanguage":"en-US","potentialAction":[{"@type":"ReadAction","target":["https:\/\/dev.monti.lt\/product\/medinis-kosmetinis-staliukas\/"]}]},{"@type":"ImageObject","inLanguage":"en-US","@id":"https:\/\/dev.monti.lt\/product\/medinis-kosmetinis-staliukas\/#primaryimage","url":"https:\/\/dev.monti.lt\/wp-content\/uploads\/2024\/08\/viga-duza-toaletka-drewniana-biala-z-lustrem-i-krzeselkiem.jpg","contentUrl":"https:\/\/dev.monti.lt\/wp-content\/uploads\/2024\/08\/viga-duza-toaletka-drewniana-biala-z-lustrem-i-krzeselkiem.jpg","width":800,"height":800,"caption":"kosmetinis staliukas"},{"@type":"BreadcrumbList","@id":"https:\/\/dev.monti.lt\/product\/medinis-kosmetinis-staliukas\/#breadcrumb","itemListElement":[{"@type":"ListItem","position":1,"name":"Home","item":"https:\/\/dev.monti.lt\/"},{"@type":"ListItem","position":2,"name":"Parduotuv\u0117","item":"https:\/\/dev.monti.lt\/shop\/"},{"@type":"ListItem","position":3,"name":"Medinis kosmetinis staliukas"}]},{"@type":"WebSite","@id":"https:\/\/dev.monti.lt\/#website","url":"https:\/\/dev.monti.lt\/","name":"Montessori \u017eaislai","description":"","publisher":{"@id":"https:\/\/dev.monti.lt\/#organization"},"potentialAction":[{"@type":"SearchAction","target":{"@type":"EntryPoint","urlTemplate":"https:\/\/dev.monti.lt\/?s={search_term_string}"},"query-input":"required name=search_term_string"}],"inLanguage":"en-US"},{"@type":"Organization","@id":"https:\/\/dev.monti.lt\/#organization","name":"Montessori \u017eaislai","url":"https:\/\/dev.monti.lt\/","logo":{"@type":"ImageObject","inLanguage":"en-US","@id":"https:\/\/dev.monti.lt\/#\/schema\/logo\/image\/","url":"https:\/\/dev.monti.lt\/wp-content\/uploads\/2022\/03\/montilogo-1.png","contentUrl":"https:\/\/dev.monti.lt\/wp-content\/uploads\/2022\/03\/montilogo-1.png","width":512,"height":512,"caption":"Montessori \u017eaislai"},"image":{"@id":"https:\/\/dev.monti.lt\/#\/schema\/logo\/image\/"}}]}},"_links":{"self":[{"href":"https:\/\/dev.monti.lt\/en\/wp-json\/wp\/v2\/product\/24414"}],"collection":[{"href":"https:\/\/dev.monti.lt\/en\/wp-json\/wp\/v2\/product"}],"about":[{"href":"https:\/\/dev.monti.lt\/en\/wp-json\/wp\/v2\/types\/product"}],"version-history":[{"count":1,"href":"https:\/\/dev.monti.lt\/en\/wp-json\/wp\/v2\/product\/24414\/revisions"}],"predecessor-version":[{"id":24416,"href":"https:\/\/dev.monti.lt\/en\/wp-json\/wp\/v2\/product\/24414\/revisions\/24416"}],"wp:featuredmedia":[{"embeddable":true,"href":"https:\/\/dev.monti.lt\/en\/wp-json\/wp\/v2\/media\/24415"}],"wp:attachment":[{"href":"https:\/\/dev.monti.lt\/en\/wp-json\/wp\/v2\/media?parent=24414"}],"wp:term":[{"taxonomy":"product_cat","embeddable":true,"href":"https:\/\/dev.monti.lt\/en\/wp-json\/wp\/v2\/product_cat?post=24414"},{"taxonomy":"product_tag","embeddable":true,"href":"https:\/\/dev.monti.lt\/en\/wp-json\/wp\/v2\/product_tag?post=24414"}],"curies":[{"name":"wp","href":"https:\/\/api.w.org\/{rel}","templated":true}]}}