{"id":24304,"date":"2024-08-01T10:17:20","date_gmt":"2024-08-01T10:17:20","guid":{"rendered":"https:\/\/dev.monti.lt\/?post_type=product&#038;p=24304"},"modified":"2024-08-05T12:45:35","modified_gmt":"2024-08-05T12:45:35","slug":"medinis-leles-maitinimo-rinkinys","status":"publish","type":"product","link":"https:\/\/dev.monti.lt\/en\/product\/medinis-leles-maitinimo-rinkinys\/","title":{"rendered":"Medinis l\u0117l\u0117s maitinimo rinkinys"},"content":{"rendered":"<p>\u017davus medinis &#8220;PolarB&#8221; prek\u0117s \u017eenklo &#8220;Viga&#8221; medini\u0173 l\u0117li\u0173 maitinimo rinkinys &#8211; puikus b\u016bdas ugdyti vaik\u0173 meil\u0117s ir r\u016bpinimosi jausm\u0105 \u017eaid\u017eiant vaidmenimis. Tai ne tik \u017eaislas, bet ir priemon\u0117, padedanti ma\u017eylio emociniam ir socialiniam vystymuisi. Rinkin\u012f sudaro gra\u017eiai pagaminti priedai, kurie buvo kruop\u0161\u010diai sukurti atsi\u017evelgiant \u012f ma\u017eylius. Visos dalys patogiai supakuotos \u012f u\u017etrauktuku u\u017esegam\u0105 mai\u0161el\u012f, tod\u0117l rinkin\u012f lengva laikyti ir transportuoti. Mai\u0161elyje yra viskas, ko reikia mylimai l\u0117lei pri\u017ei\u016br\u0117ti &#8211; nuo \u0161liau\u017etinuko iki buteliuko. Su \u0161iuo rinkiniu ma\u017eyliai gali pri\u017ei\u016br\u0117ti savo l\u0117les ir kartu mokytis atsakomyb\u0117s, empatijos ir r\u016bpinimosi kitais. Tai puikus b\u016bdas lavinti vaizduot\u0119 ir k\u016brybi\u0161kum\u0105 kuriant \u012fvairius \u017eaidim\u0173 scenarijus.<\/p><p>Savyb\u0117s:<\/p><ul class=\"wp-block-list\"><li>\u017daislas nuo 3 met\u0173 am\u017eiaus<\/li>\n\n<li>Mielas dizainas, geros kokyb\u0117s mediniai elementai<\/li>\n\n<li>Rinkin\u012f sudaro: l\u0117k\u0161t\u0117, \u0161auk\u0161tas, \u0161akut\u0117, manekenas, 2 buteliukai, \u0161liau\u017etinukas ir u\u017esegamas mai\u0161elis<\/li>\n\n<li>\u017daidimas vaidmenimis lavina vaizduot\u0119 ir skatina kurti \u012fvairius scenarijus<\/li>\n\n<li>R\u016bpinimasis l\u0117le moko vaikus atsakomyb\u0117s ir ugdo j\u0173 empatijos geb\u0117jim\u0105, kuris svarbus j\u0173 socialinei raidai.<\/li><\/ul><p><\/p>","protected":false},"excerpt":{"rendered":"<p>\u017davus medinis &#8220;PolarB&#8221; prek\u0117s \u017eenklo &#8220;Viga&#8221; medini\u0173 l\u0117li\u0173 maitinimo rinkinys &#8211; puikus b\u016bdas ugdyti vaik\u0173 meil\u0117s ir r\u016bpinimosi jausm\u0105 \u017eaid\u017eiant vaidmenimis. Tai ne tik \u017eaislas, bet ir priemon\u0117, padedanti ma\u017eylio emociniam ir socialiniam vystymuisi. Rinkin\u012f sudaro gra\u017eiai pagaminti priedai, kurie buvo kruop\u0161\u010diai sukurti atsi\u017evelgiant \u012f ma\u017eylius. Visos dalys patogiai supakuotos \u012f u\u017etrauktuku u\u017esegam\u0105 mai\u0161el\u012f, tod\u0117l [&hellip;]<\/p>","protected":false},"featured_media":24305,"template":"","meta":{"iawp_total_views":7},"product_cat":[195,216,217,196,191,84,102,199,93,49,39,214],"product_tag":[97,98],"class_list":{"0":"post-24304","1":"product","2":"type-product","3":"status-publish","4":"has-post-thumbnail","6":"product_cat-dovanos-vaikams-3-4-metu","7":"product_cat-dovanos-4-5-metu-vaikams","8":"product_cat-dovanos-5-7-metu-vaikams","9":"product_cat-dovanos-mergaitems","10":"product_cat-dovanos-vaikams","11":"product_cat-lavinamieji-zaislai","12":"product_cat-mediniai-zaislai","13":"product_cat-ugdymo-istaigoms","14":"product_cat-vaidmenu-zaidimai","15":"product_cat-visi-zaislai","16":"product_cat-zaislai","17":"product_cat-zaislai-mergaitems","18":"product_tag-3-m-4-m","19":"product_tag-5-m-7-m","21":"first","22":"instock","23":"taxable","24":"shipping-taxable","25":"purchasable","26":"product-type-simple"},"yoast_head":"<!-- This site is optimized with the Yoast SEO plugin v23.3 - https:\/\/yoast.com\/wordpress\/plugins\/seo\/ -->\n<title>Medinis l\u0117l\u0117s maitinimo rinkinys - Montessori \u017eaislai<\/title>\n<meta name=\"robots\" content=\"noindex, follow, max-snippet:-1, max-image-preview:large, max-video-preview:-1\" \/>\n<meta property=\"og:locale\" content=\"en_US\" \/>\n<meta property=\"og:type\" content=\"article\" \/>\n<meta property=\"og:title\" content=\"Medinis l\u0117l\u0117s maitinimo rinkinys - Montessori \u017eaislai\" \/>\n<meta property=\"og:description\" content=\"\u017davus medinis &#8220;PolarB&#8221; prek\u0117s \u017eenklo &#8220;Viga&#8221; medini\u0173 l\u0117li\u0173 maitinimo rinkinys &#8211; puikus b\u016bdas ugdyti vaik\u0173 meil\u0117s ir r\u016bpinimosi jausm\u0105 \u017eaid\u017eiant vaidmenimis. Tai ne tik \u017eaislas, bet ir priemon\u0117, padedanti ma\u017eylio emociniam ir socialiniam vystymuisi. Rinkin\u012f sudaro gra\u017eiai pagaminti priedai, kurie buvo kruop\u0161\u010diai sukurti atsi\u017evelgiant \u012f ma\u017eylius. Visos dalys patogiai supakuotos \u012f u\u017etrauktuku u\u017esegam\u0105 mai\u0161el\u012f, tod\u0117l [&hellip;]\" \/>\n<meta property=\"og:url\" content=\"https:\/\/dev.monti.lt\/en\/product\/medinis-leles-maitinimo-rinkinys\/\" \/>\n<meta property=\"og:site_name\" content=\"Montessori \u017eaislai\" \/>\n<meta property=\"article:modified_time\" content=\"2024-08-05T12:45:35+00:00\" \/>\n<meta property=\"og:image\" content=\"https:\/\/dev.monti.lt\/wp-content\/uploads\/2024\/08\/viga-polarb-drewniany-zestaw-do-karmienia-lalki-torba-z-butelka-i-sliniaczkiem-2.jpg\" \/>\n\t<meta property=\"og:image:width\" content=\"800\" \/>\n\t<meta property=\"og:image:height\" content=\"800\" \/>\n\t<meta property=\"og:image:type\" content=\"image\/jpeg\" \/>\n<meta name=\"twitter:card\" content=\"summary_large_image\" \/>\n<meta name=\"twitter:label1\" content=\"Est. reading time\" \/>\n\t<meta name=\"twitter:data1\" content=\"1 minute\" \/>\n<script type=\"application\/ld+json\" class=\"yoast-schema-graph\">{\"@context\":\"https:\/\/schema.org\",\"@graph\":[{\"@type\":\"WebPage\",\"@id\":\"https:\/\/dev.monti.lt\/product\/medinis-leles-maitinimo-rinkinys\/\",\"url\":\"https:\/\/dev.monti.lt\/product\/medinis-leles-maitinimo-rinkinys\/\",\"name\":\"Medinis l\u0117l\u0117s maitinimo rinkinys - Montessori \u017eaislai\",\"isPartOf\":{\"@id\":\"https:\/\/dev.monti.lt\/#website\"},\"primaryImageOfPage\":{\"@id\":\"https:\/\/dev.monti.lt\/product\/medinis-leles-maitinimo-rinkinys\/#primaryimage\"},\"image\":{\"@id\":\"https:\/\/dev.monti.lt\/product\/medinis-leles-maitinimo-rinkinys\/#primaryimage\"},\"thumbnailUrl\":\"https:\/\/dev.monti.lt\/wp-content\/uploads\/2024\/08\/viga-polarb-drewniany-zestaw-do-karmienia-lalki-torba-z-butelka-i-sliniaczkiem-2.jpg\",\"datePublished\":\"2024-08-01T10:17:20+00:00\",\"dateModified\":\"2024-08-05T12:45:35+00:00\",\"breadcrumb\":{\"@id\":\"https:\/\/dev.monti.lt\/product\/medinis-leles-maitinimo-rinkinys\/#breadcrumb\"},\"inLanguage\":\"en-US\",\"potentialAction\":[{\"@type\":\"ReadAction\",\"target\":[\"https:\/\/dev.monti.lt\/product\/medinis-leles-maitinimo-rinkinys\/\"]}]},{\"@type\":\"ImageObject\",\"inLanguage\":\"en-US\",\"@id\":\"https:\/\/dev.monti.lt\/product\/medinis-leles-maitinimo-rinkinys\/#primaryimage\",\"url\":\"https:\/\/dev.monti.lt\/wp-content\/uploads\/2024\/08\/viga-polarb-drewniany-zestaw-do-karmienia-lalki-torba-z-butelka-i-sliniaczkiem-2.jpg\",\"contentUrl\":\"https:\/\/dev.monti.lt\/wp-content\/uploads\/2024\/08\/viga-polarb-drewniany-zestaw-do-karmienia-lalki-torba-z-butelka-i-sliniaczkiem-2.jpg\",\"width\":800,\"height\":800,\"caption\":\"leles maitinimo rinkinys\"},{\"@type\":\"BreadcrumbList\",\"@id\":\"https:\/\/dev.monti.lt\/product\/medinis-leles-maitinimo-rinkinys\/#breadcrumb\",\"itemListElement\":[{\"@type\":\"ListItem\",\"position\":1,\"name\":\"Home\",\"item\":\"https:\/\/dev.monti.lt\/\"},{\"@type\":\"ListItem\",\"position\":2,\"name\":\"Parduotuv\u0117\",\"item\":\"https:\/\/dev.monti.lt\/shop\/\"},{\"@type\":\"ListItem\",\"position\":3,\"name\":\"Medinis l\u0117l\u0117s maitinimo rinkinys\"}]},{\"@type\":\"WebSite\",\"@id\":\"https:\/\/dev.monti.lt\/#website\",\"url\":\"https:\/\/dev.monti.lt\/\",\"name\":\"Montessori \u017eaislai\",\"description\":\"\",\"publisher\":{\"@id\":\"https:\/\/dev.monti.lt\/#organization\"},\"potentialAction\":[{\"@type\":\"SearchAction\",\"target\":{\"@type\":\"EntryPoint\",\"urlTemplate\":\"https:\/\/dev.monti.lt\/?s={search_term_string}\"},\"query-input\":\"required name=search_term_string\"}],\"inLanguage\":\"en-US\"},{\"@type\":\"Organization\",\"@id\":\"https:\/\/dev.monti.lt\/#organization\",\"name\":\"Montessori \u017eaislai\",\"url\":\"https:\/\/dev.monti.lt\/\",\"logo\":{\"@type\":\"ImageObject\",\"inLanguage\":\"en-US\",\"@id\":\"https:\/\/dev.monti.lt\/#\/schema\/logo\/image\/\",\"url\":\"https:\/\/dev.monti.lt\/wp-content\/uploads\/2022\/03\/montilogo-1.png\",\"contentUrl\":\"https:\/\/dev.monti.lt\/wp-content\/uploads\/2022\/03\/montilogo-1.png\",\"width\":512,\"height\":512,\"caption\":\"Montessori \u017eaislai\"},\"image\":{\"@id\":\"https:\/\/dev.monti.lt\/#\/schema\/logo\/image\/\"}}]}<\/script>\n<!-- \/ Yoast SEO plugin. -->","yoast_head_json":{"title":"Medinis l\u0117l\u0117s maitinimo rinkinys - Montessori \u017eaislai","robots":{"index":"noindex","follow":"follow","max-snippet":"max-snippet:-1","max-image-preview":"max-image-preview:large","max-video-preview":"max-video-preview:-1"},"og_locale":"en_US","og_type":"article","og_title":"Medinis l\u0117l\u0117s maitinimo rinkinys - Montessori \u017eaislai","og_description":"\u017davus medinis &#8220;PolarB&#8221; prek\u0117s \u017eenklo &#8220;Viga&#8221; medini\u0173 l\u0117li\u0173 maitinimo rinkinys &#8211; puikus b\u016bdas ugdyti vaik\u0173 meil\u0117s ir r\u016bpinimosi jausm\u0105 \u017eaid\u017eiant vaidmenimis. Tai ne tik \u017eaislas, bet ir priemon\u0117, padedanti ma\u017eylio emociniam ir socialiniam vystymuisi. Rinkin\u012f sudaro gra\u017eiai pagaminti priedai, kurie buvo kruop\u0161\u010diai sukurti atsi\u017evelgiant \u012f ma\u017eylius. Visos dalys patogiai supakuotos \u012f u\u017etrauktuku u\u017esegam\u0105 mai\u0161el\u012f, tod\u0117l [&hellip;]","og_url":"https:\/\/dev.monti.lt\/en\/product\/medinis-leles-maitinimo-rinkinys\/","og_site_name":"Montessori \u017eaislai","article_modified_time":"2024-08-05T12:45:35+00:00","og_image":[{"width":800,"height":800,"url":"https:\/\/dev.monti.lt\/wp-content\/uploads\/2024\/08\/viga-polarb-drewniany-zestaw-do-karmienia-lalki-torba-z-butelka-i-sliniaczkiem-2.jpg","type":"image\/jpeg"}],"twitter_card":"summary_large_image","twitter_misc":{"Est. reading time":"1 minute"},"schema":{"@context":"https:\/\/schema.org","@graph":[{"@type":"WebPage","@id":"https:\/\/dev.monti.lt\/product\/medinis-leles-maitinimo-rinkinys\/","url":"https:\/\/dev.monti.lt\/product\/medinis-leles-maitinimo-rinkinys\/","name":"Medinis l\u0117l\u0117s maitinimo rinkinys - Montessori \u017eaislai","isPartOf":{"@id":"https:\/\/dev.monti.lt\/#website"},"primaryImageOfPage":{"@id":"https:\/\/dev.monti.lt\/product\/medinis-leles-maitinimo-rinkinys\/#primaryimage"},"image":{"@id":"https:\/\/dev.monti.lt\/product\/medinis-leles-maitinimo-rinkinys\/#primaryimage"},"thumbnailUrl":"https:\/\/dev.monti.lt\/wp-content\/uploads\/2024\/08\/viga-polarb-drewniany-zestaw-do-karmienia-lalki-torba-z-butelka-i-sliniaczkiem-2.jpg","datePublished":"2024-08-01T10:17:20+00:00","dateModified":"2024-08-05T12:45:35+00:00","breadcrumb":{"@id":"https:\/\/dev.monti.lt\/product\/medinis-leles-maitinimo-rinkinys\/#breadcrumb"},"inLanguage":"en-US","potentialAction":[{"@type":"ReadAction","target":["https:\/\/dev.monti.lt\/product\/medinis-leles-maitinimo-rinkinys\/"]}]},{"@type":"ImageObject","inLanguage":"en-US","@id":"https:\/\/dev.monti.lt\/product\/medinis-leles-maitinimo-rinkinys\/#primaryimage","url":"https:\/\/dev.monti.lt\/wp-content\/uploads\/2024\/08\/viga-polarb-drewniany-zestaw-do-karmienia-lalki-torba-z-butelka-i-sliniaczkiem-2.jpg","contentUrl":"https:\/\/dev.monti.lt\/wp-content\/uploads\/2024\/08\/viga-polarb-drewniany-zestaw-do-karmienia-lalki-torba-z-butelka-i-sliniaczkiem-2.jpg","width":800,"height":800,"caption":"leles maitinimo rinkinys"},{"@type":"BreadcrumbList","@id":"https:\/\/dev.monti.lt\/product\/medinis-leles-maitinimo-rinkinys\/#breadcrumb","itemListElement":[{"@type":"ListItem","position":1,"name":"Home","item":"https:\/\/dev.monti.lt\/"},{"@type":"ListItem","position":2,"name":"Parduotuv\u0117","item":"https:\/\/dev.monti.lt\/shop\/"},{"@type":"ListItem","position":3,"name":"Medinis l\u0117l\u0117s maitinimo rinkinys"}]},{"@type":"WebSite","@id":"https:\/\/dev.monti.lt\/#website","url":"https:\/\/dev.monti.lt\/","name":"Montessori \u017eaislai","description":"","publisher":{"@id":"https:\/\/dev.monti.lt\/#organization"},"potentialAction":[{"@type":"SearchAction","target":{"@type":"EntryPoint","urlTemplate":"https:\/\/dev.monti.lt\/?s={search_term_string}"},"query-input":"required name=search_term_string"}],"inLanguage":"en-US"},{"@type":"Organization","@id":"https:\/\/dev.monti.lt\/#organization","name":"Montessori \u017eaislai","url":"https:\/\/dev.monti.lt\/","logo":{"@type":"ImageObject","inLanguage":"en-US","@id":"https:\/\/dev.monti.lt\/#\/schema\/logo\/image\/","url":"https:\/\/dev.monti.lt\/wp-content\/uploads\/2022\/03\/montilogo-1.png","contentUrl":"https:\/\/dev.monti.lt\/wp-content\/uploads\/2022\/03\/montilogo-1.png","width":512,"height":512,"caption":"Montessori \u017eaislai"},"image":{"@id":"https:\/\/dev.monti.lt\/#\/schema\/logo\/image\/"}}]}},"_links":{"self":[{"href":"https:\/\/dev.monti.lt\/en\/wp-json\/wp\/v2\/product\/24304"}],"collection":[{"href":"https:\/\/dev.monti.lt\/en\/wp-json\/wp\/v2\/product"}],"about":[{"href":"https:\/\/dev.monti.lt\/en\/wp-json\/wp\/v2\/types\/product"}],"version-history":[{"count":1,"href":"https:\/\/dev.monti.lt\/en\/wp-json\/wp\/v2\/product\/24304\/revisions"}],"predecessor-version":[{"id":24309,"href":"https:\/\/dev.monti.lt\/en\/wp-json\/wp\/v2\/product\/24304\/revisions\/24309"}],"wp:featuredmedia":[{"embeddable":true,"href":"https:\/\/dev.monti.lt\/en\/wp-json\/wp\/v2\/media\/24305"}],"wp:attachment":[{"href":"https:\/\/dev.monti.lt\/en\/wp-json\/wp\/v2\/media?parent=24304"}],"wp:term":[{"taxonomy":"product_cat","embeddable":true,"href":"https:\/\/dev.monti.lt\/en\/wp-json\/wp\/v2\/product_cat?post=24304"},{"taxonomy":"product_tag","embeddable":true,"href":"https:\/\/dev.monti.lt\/en\/wp-json\/wp\/v2\/product_tag?post=24304"}],"curies":[{"name":"wp","href":"https:\/\/api.w.org\/{rel}","templated":true}]}}