{"id":23999,"date":"2024-07-05T12:29:33","date_gmt":"2024-07-05T12:29:33","guid":{"rendered":"https:\/\/dev.monti.lt\/?post_type=product&#038;p=23999"},"modified":"2024-09-09T07:18:13","modified_gmt":"2024-09-09T07:18:13","slug":"apyrankiu-gamybos-rinkinys-900-vnt","status":"publish","type":"product","link":"https:\/\/dev.monti.lt\/en\/product\/apyrankiu-gamybos-rinkinys-900-vnt\/","title":{"rendered":"Apyranki\u0173 gamybos rinkinys, 900 vnt."},"content":{"rendered":"<ul class=\"wp-block-list\"><li><strong>PAPUO\u0160AL\u0172<\/strong>&nbsp;<strong>RINKINYS<\/strong>&nbsp;\u2013 \u0161is unikalus rinkinys tikrai patiks kiekvienai papuo\u0161alus m\u0117gstan\u010diai merginai. Rinkinyje daug pasaki\u0161k\u0173 spalv\u0173 \u012fvairi\u0173 form\u0173 ir spalv\u0173 karoliuk\u0173. J\u0173 d\u0117ka&nbsp;<strong>vaikas gali pasidaryti apyrankes, v\u0117rinius ar galvos juosteles, kurias padovanos mylimam \u017emogui arba ne\u0161ios pats.<\/strong><\/li>\n\n<li>\u017eaidimas su karoliukais teigiamai veikia vaiko raid\u0105, formuoja jo meninius \u012fg\u016bd\u017eius kartu su vaizduot\u0117s lavinimu, lavinant susikaupim\u0105; lavina rankinius \u012fg\u016bd\u017eius ir skatina k\u016brybi\u0161kum\u0105, o \u017eaid\u017eiant su bendraam\u017eiais moko bendradarbiauti grup\u0117je, tobulina socialinius ir integracinius \u012fg\u016bd\u017eius.<\/li>\n\n<li> rinkinys lengvas ir patogus, vadinasi, vaikas gali lengvai pasiimti su savimi \u012f dar\u017eel\u012f, pas draug\u0105, \u012f sod\u0105; Rinkinys yra nedideli\u0173 matmen\u0173 ir u\u017eima ma\u017eai vietos, tod\u0117l j\u012f patogu laikyti.<\/li>\n\n<li><strong>XXL RINKINYS ORGANIZATORIUJE \u2013&nbsp;<\/strong>900 element\u0173 rinkinys leis vaikui kurti \u012fvairi\u0173 form\u0173 ir \u012fvairi\u0173 motyv\u0173 papuo\u0161alus. \u012e komplekt\u0105&nbsp;<strong>komplekte yra karoliukai, lankeliai, me\u0161ker\u0117, virvel\u0117, tvirtinimo detal\u0117s ir jungtys.<\/strong><\/li>\n\n<li><strong>SPECIFIKACIJA &#8211;&nbsp;<\/strong>Element\u0173 skai\u010dius 900; matmenys: 13 x 27 x 2,5 cm; svoris: 358g; svoris pakuot\u0117je: 415 g.&nbsp;<\/li><\/ul><p><strong>SPECIFIKACIJA<\/strong><\/p><ul class=\"wp-block-list\"><li>Element\u0173 skai\u010dius 900<\/li>\n\n<li>matmenys: 13 x 27 x 2,5 cm<\/li>\n\n<li>svoris: 358g<\/li>\n\n<li>svoris pakuot\u0117je: 415 g<\/li><\/ul><p><strong>\u012eSKAITANT<\/strong><\/p><ul class=\"wp-block-list\"><li>element\u0173 skai\u010dius: 900<\/li>\n\n<li>juostos lankeliai<\/li>\n\n<li>ven\u0105<\/li>\n\n<li>styga<\/li>\n\n<li>tvirtinimo detal\u0117s<\/li>\n\n<li>tvirtinimo detal\u0117s<\/li>\n\n<li>karoliukai<\/li>\n\n<li>\u017eirkl\u0117s<\/li><\/ul>","protected":false},"excerpt":{"rendered":"<p>SPECIFIKACIJA \u012eSKAITANT<\/p>","protected":false},"featured_media":24000,"template":"","meta":{"iawp_total_views":97},"product_cat":[196,191,87,84,86,39,214],"product_tag":[101,97,98,99],"class_list":{"0":"post-23999","1":"product","2":"type-product","3":"status-publish","4":"has-post-thumbnail","6":"product_cat-dovanos-mergaitems","7":"product_cat-dovanos-vaikams","8":"product_cat-kurybiniai-rinkiniai","9":"product_cat-lavinamieji-zaislai","10":"product_cat-smulkioji-motorika","11":"product_cat-zaislai","12":"product_cat-zaislai-mergaitems","13":"product_tag-12-m-14-m","14":"product_tag-3-m-4-m","15":"product_tag-5-m-7-m","16":"product_tag-8-m-11-m","18":"first","19":"instock","20":"taxable","21":"shipping-taxable","22":"purchasable","23":"product-type-simple"},"yoast_head":"<!-- This site is optimized with the Yoast SEO plugin v23.3 - https:\/\/yoast.com\/wordpress\/plugins\/seo\/ -->\n<title>Apyranki\u0173 gamybos rinkinys, 900 vnt. - Montessori \u017eaislai<\/title>\n<meta name=\"robots\" content=\"noindex, follow, max-snippet:-1, max-image-preview:large, max-video-preview:-1\" \/>\n<meta property=\"og:locale\" content=\"en_US\" \/>\n<meta property=\"og:type\" content=\"article\" \/>\n<meta property=\"og:title\" content=\"Apyranki\u0173 gamybos rinkinys, 900 vnt. - Montessori \u017eaislai\" \/>\n<meta property=\"og:description\" content=\"SPECIFIKACIJA \u012eSKAITANT\" \/>\n<meta property=\"og:url\" content=\"https:\/\/dev.monti.lt\/en\/product\/apyrankiu-gamybos-rinkinys-900-vnt\/\" \/>\n<meta property=\"og:site_name\" content=\"Montessori \u017eaislai\" \/>\n<meta property=\"article:modified_time\" content=\"2024-09-09T07:18:13+00:00\" \/>\n<meta property=\"og:image\" content=\"https:\/\/dev.monti.lt\/wp-content\/uploads\/2024\/07\/lit_pl_19730-apyrankiu-gamybos-rinkinys-16649_1.jpg\" \/>\n\t<meta property=\"og:image:width\" content=\"500\" \/>\n\t<meta property=\"og:image:height\" content=\"500\" \/>\n\t<meta property=\"og:image:type\" content=\"image\/jpeg\" \/>\n<meta name=\"twitter:card\" content=\"summary_large_image\" \/>\n<meta name=\"twitter:label1\" content=\"Est. reading time\" \/>\n\t<meta name=\"twitter:data1\" content=\"2 minutes\" \/>\n<script type=\"application\/ld+json\" class=\"yoast-schema-graph\">{\"@context\":\"https:\/\/schema.org\",\"@graph\":[{\"@type\":\"WebPage\",\"@id\":\"https:\/\/dev.monti.lt\/product\/apyrankiu-gamybos-rinkinys-900-vnt\/\",\"url\":\"https:\/\/dev.monti.lt\/product\/apyrankiu-gamybos-rinkinys-900-vnt\/\",\"name\":\"Apyranki\u0173 gamybos rinkinys, 900 vnt. - Montessori \u017eaislai\",\"isPartOf\":{\"@id\":\"https:\/\/dev.monti.lt\/#website\"},\"primaryImageOfPage\":{\"@id\":\"https:\/\/dev.monti.lt\/product\/apyrankiu-gamybos-rinkinys-900-vnt\/#primaryimage\"},\"image\":{\"@id\":\"https:\/\/dev.monti.lt\/product\/apyrankiu-gamybos-rinkinys-900-vnt\/#primaryimage\"},\"thumbnailUrl\":\"https:\/\/dev.monti.lt\/wp-content\/uploads\/2024\/07\/lit_pl_19730-apyrankiu-gamybos-rinkinys-16649_1.jpg\",\"datePublished\":\"2024-07-05T12:29:33+00:00\",\"dateModified\":\"2024-09-09T07:18:13+00:00\",\"breadcrumb\":{\"@id\":\"https:\/\/dev.monti.lt\/product\/apyrankiu-gamybos-rinkinys-900-vnt\/#breadcrumb\"},\"inLanguage\":\"en-US\",\"potentialAction\":[{\"@type\":\"ReadAction\",\"target\":[\"https:\/\/dev.monti.lt\/product\/apyrankiu-gamybos-rinkinys-900-vnt\/\"]}]},{\"@type\":\"ImageObject\",\"inLanguage\":\"en-US\",\"@id\":\"https:\/\/dev.monti.lt\/product\/apyrankiu-gamybos-rinkinys-900-vnt\/#primaryimage\",\"url\":\"https:\/\/dev.monti.lt\/wp-content\/uploads\/2024\/07\/lit_pl_19730-apyrankiu-gamybos-rinkinys-16649_1.jpg\",\"contentUrl\":\"https:\/\/dev.monti.lt\/wp-content\/uploads\/2024\/07\/lit_pl_19730-apyrankiu-gamybos-rinkinys-16649_1.jpg\",\"width\":500,\"height\":500,\"caption\":\"apyrankiu rinkinys\"},{\"@type\":\"BreadcrumbList\",\"@id\":\"https:\/\/dev.monti.lt\/product\/apyrankiu-gamybos-rinkinys-900-vnt\/#breadcrumb\",\"itemListElement\":[{\"@type\":\"ListItem\",\"position\":1,\"name\":\"Home\",\"item\":\"https:\/\/dev.monti.lt\/\"},{\"@type\":\"ListItem\",\"position\":2,\"name\":\"Parduotuv\u0117\",\"item\":\"https:\/\/dev.monti.lt\/shop\/\"},{\"@type\":\"ListItem\",\"position\":3,\"name\":\"Apyranki\u0173 gamybos rinkinys, 900 vnt.\"}]},{\"@type\":\"WebSite\",\"@id\":\"https:\/\/dev.monti.lt\/#website\",\"url\":\"https:\/\/dev.monti.lt\/\",\"name\":\"Montessori \u017eaislai\",\"description\":\"\",\"publisher\":{\"@id\":\"https:\/\/dev.monti.lt\/#organization\"},\"potentialAction\":[{\"@type\":\"SearchAction\",\"target\":{\"@type\":\"EntryPoint\",\"urlTemplate\":\"https:\/\/dev.monti.lt\/?s={search_term_string}\"},\"query-input\":\"required name=search_term_string\"}],\"inLanguage\":\"en-US\"},{\"@type\":\"Organization\",\"@id\":\"https:\/\/dev.monti.lt\/#organization\",\"name\":\"Montessori \u017eaislai\",\"url\":\"https:\/\/dev.monti.lt\/\",\"logo\":{\"@type\":\"ImageObject\",\"inLanguage\":\"en-US\",\"@id\":\"https:\/\/dev.monti.lt\/#\/schema\/logo\/image\/\",\"url\":\"https:\/\/dev.monti.lt\/wp-content\/uploads\/2022\/03\/montilogo-1.png\",\"contentUrl\":\"https:\/\/dev.monti.lt\/wp-content\/uploads\/2022\/03\/montilogo-1.png\",\"width\":512,\"height\":512,\"caption\":\"Montessori \u017eaislai\"},\"image\":{\"@id\":\"https:\/\/dev.monti.lt\/#\/schema\/logo\/image\/\"}}]}<\/script>\n<!-- \/ Yoast SEO plugin. -->","yoast_head_json":{"title":"Apyranki\u0173 gamybos rinkinys, 900 vnt. - Montessori \u017eaislai","robots":{"index":"noindex","follow":"follow","max-snippet":"max-snippet:-1","max-image-preview":"max-image-preview:large","max-video-preview":"max-video-preview:-1"},"og_locale":"en_US","og_type":"article","og_title":"Apyranki\u0173 gamybos rinkinys, 900 vnt. - Montessori \u017eaislai","og_description":"SPECIFIKACIJA \u012eSKAITANT","og_url":"https:\/\/dev.monti.lt\/en\/product\/apyrankiu-gamybos-rinkinys-900-vnt\/","og_site_name":"Montessori \u017eaislai","article_modified_time":"2024-09-09T07:18:13+00:00","og_image":[{"width":500,"height":500,"url":"https:\/\/dev.monti.lt\/wp-content\/uploads\/2024\/07\/lit_pl_19730-apyrankiu-gamybos-rinkinys-16649_1.jpg","type":"image\/jpeg"}],"twitter_card":"summary_large_image","twitter_misc":{"Est. reading time":"2 minutes"},"schema":{"@context":"https:\/\/schema.org","@graph":[{"@type":"WebPage","@id":"https:\/\/dev.monti.lt\/product\/apyrankiu-gamybos-rinkinys-900-vnt\/","url":"https:\/\/dev.monti.lt\/product\/apyrankiu-gamybos-rinkinys-900-vnt\/","name":"Apyranki\u0173 gamybos rinkinys, 900 vnt. - Montessori \u017eaislai","isPartOf":{"@id":"https:\/\/dev.monti.lt\/#website"},"primaryImageOfPage":{"@id":"https:\/\/dev.monti.lt\/product\/apyrankiu-gamybos-rinkinys-900-vnt\/#primaryimage"},"image":{"@id":"https:\/\/dev.monti.lt\/product\/apyrankiu-gamybos-rinkinys-900-vnt\/#primaryimage"},"thumbnailUrl":"https:\/\/dev.monti.lt\/wp-content\/uploads\/2024\/07\/lit_pl_19730-apyrankiu-gamybos-rinkinys-16649_1.jpg","datePublished":"2024-07-05T12:29:33+00:00","dateModified":"2024-09-09T07:18:13+00:00","breadcrumb":{"@id":"https:\/\/dev.monti.lt\/product\/apyrankiu-gamybos-rinkinys-900-vnt\/#breadcrumb"},"inLanguage":"en-US","potentialAction":[{"@type":"ReadAction","target":["https:\/\/dev.monti.lt\/product\/apyrankiu-gamybos-rinkinys-900-vnt\/"]}]},{"@type":"ImageObject","inLanguage":"en-US","@id":"https:\/\/dev.monti.lt\/product\/apyrankiu-gamybos-rinkinys-900-vnt\/#primaryimage","url":"https:\/\/dev.monti.lt\/wp-content\/uploads\/2024\/07\/lit_pl_19730-apyrankiu-gamybos-rinkinys-16649_1.jpg","contentUrl":"https:\/\/dev.monti.lt\/wp-content\/uploads\/2024\/07\/lit_pl_19730-apyrankiu-gamybos-rinkinys-16649_1.jpg","width":500,"height":500,"caption":"apyrankiu rinkinys"},{"@type":"BreadcrumbList","@id":"https:\/\/dev.monti.lt\/product\/apyrankiu-gamybos-rinkinys-900-vnt\/#breadcrumb","itemListElement":[{"@type":"ListItem","position":1,"name":"Home","item":"https:\/\/dev.monti.lt\/"},{"@type":"ListItem","position":2,"name":"Parduotuv\u0117","item":"https:\/\/dev.monti.lt\/shop\/"},{"@type":"ListItem","position":3,"name":"Apyranki\u0173 gamybos rinkinys, 900 vnt."}]},{"@type":"WebSite","@id":"https:\/\/dev.monti.lt\/#website","url":"https:\/\/dev.monti.lt\/","name":"Montessori \u017eaislai","description":"","publisher":{"@id":"https:\/\/dev.monti.lt\/#organization"},"potentialAction":[{"@type":"SearchAction","target":{"@type":"EntryPoint","urlTemplate":"https:\/\/dev.monti.lt\/?s={search_term_string}"},"query-input":"required name=search_term_string"}],"inLanguage":"en-US"},{"@type":"Organization","@id":"https:\/\/dev.monti.lt\/#organization","name":"Montessori \u017eaislai","url":"https:\/\/dev.monti.lt\/","logo":{"@type":"ImageObject","inLanguage":"en-US","@id":"https:\/\/dev.monti.lt\/#\/schema\/logo\/image\/","url":"https:\/\/dev.monti.lt\/wp-content\/uploads\/2022\/03\/montilogo-1.png","contentUrl":"https:\/\/dev.monti.lt\/wp-content\/uploads\/2022\/03\/montilogo-1.png","width":512,"height":512,"caption":"Montessori \u017eaislai"},"image":{"@id":"https:\/\/dev.monti.lt\/#\/schema\/logo\/image\/"}}]}},"_links":{"self":[{"href":"https:\/\/dev.monti.lt\/en\/wp-json\/wp\/v2\/product\/23999"}],"collection":[{"href":"https:\/\/dev.monti.lt\/en\/wp-json\/wp\/v2\/product"}],"about":[{"href":"https:\/\/dev.monti.lt\/en\/wp-json\/wp\/v2\/types\/product"}],"version-history":[{"count":1,"href":"https:\/\/dev.monti.lt\/en\/wp-json\/wp\/v2\/product\/23999\/revisions"}],"predecessor-version":[{"id":24010,"href":"https:\/\/dev.monti.lt\/en\/wp-json\/wp\/v2\/product\/23999\/revisions\/24010"}],"wp:featuredmedia":[{"embeddable":true,"href":"https:\/\/dev.monti.lt\/en\/wp-json\/wp\/v2\/media\/24000"}],"wp:attachment":[{"href":"https:\/\/dev.monti.lt\/en\/wp-json\/wp\/v2\/media?parent=23999"}],"wp:term":[{"taxonomy":"product_cat","embeddable":true,"href":"https:\/\/dev.monti.lt\/en\/wp-json\/wp\/v2\/product_cat?post=23999"},{"taxonomy":"product_tag","embeddable":true,"href":"https:\/\/dev.monti.lt\/en\/wp-json\/wp\/v2\/product_tag?post=23999"}],"curies":[{"name":"wp","href":"https:\/\/api.w.org\/{rel}","templated":true}]}}