{"id":23990,"date":"2024-07-05T12:22:40","date_gmt":"2024-07-05T12:22:40","guid":{"rendered":"https:\/\/dev.monti.lt\/?post_type=product&#038;p=23990"},"modified":"2024-09-16T15:11:11","modified_gmt":"2024-09-16T15:11:11","slug":"medine-lentyna-masinelems","status":"publish","type":"product","link":"https:\/\/dev.monti.lt\/en\/product\/medine-lentyna-masinelems\/","title":{"rendered":"Medin\u0117 lentyna ma\u0161in\u0117l\u0117ms"},"content":{"rendered":"<ul class=\"wp-block-list\"><li> lentyna yra sumanus sprendimas ir tuo pa\u010diu teminis kambario papildymas. Jos d\u0117ka vaikai\u00a0<strong>mielai savo iniciatyva tvarkys savo verting\u0105 kolekcij\u0105<\/strong>\u00a0. Jie nesunkiai suras kiekvien\u0105 \u017eaislin\u012f automobil\u012f, nesigilindami \u012f kr\u016bv\u0105 ant grind\u0173.<\/li>\n\n<li>pertvaros gaminamos i\u0161 3mm faneros. Juos galima laisvai pa\u0161alinti ir modifikuoti.\u00a0<strong>Galite susikurti savo \u0161iuo metu reikalingo dyd\u017eio skyrius.<\/strong><\/li>\n\n<li>m\u016bs\u0173 si\u016bloma lentyna skirta tvirtinimui prie sienos. Jis taip pat gali b\u016bti dedamas ant komodos ar stalo. Mini knyg\u0173 spinta yra su tvirtinimo rinkiniu ir dviem kabliukais pakabinti ant sienos.<\/li>\n\n<li>lentyna turi 54 skyrius, tod\u0117l tai labai prakti\u0161kas sprendimas organizuojant automobilius. Be to, tai gra\u017ei kambario puo\u0161mena.\u00a0<strong>Kiekvienas vaikas tuo d\u017eiaugsis<\/strong>\u00a0.<\/li><\/ul><p><strong>SPECIFIKACIJA<\/strong><\/p><ul class=\"wp-block-list\"><li>spalva: pu\u0161is<\/li>\n\n<li>med\u017eiaga: medin\u0117 fanera<\/li>\n\n<li>skyri\u0173 skai\u010dius: 54<\/li>\n\n<li>skyriaus dydis: 4 x 9,4 x 5 cm<\/li>\n\n<li>matmenys 60 x 40 x 5,3 cm<\/li>\n\n<li>svoris: 2,276 kg<\/li>\n\n<li>svoris pakuot\u0117je: 2,507 kg.&nbsp;<\/li><\/ul><p>M\u0117gstamiausias ma\u017e\u0173 berniuk\u0173 u\u017esi\u0117mimas da\u017enai yra \u017eaidimas su ma\u0161in\u0117l\u0117mis. Vaiko kambaryje j\u0173 galite rasti gana daug, ypa\u010d kai m\u016bs\u0173 vaikas renka ma\u0161inas. Lentynoje gal\u0117site eksponuoti automobili\u0173 modelius ir kitas kolekcijas. Spyruokli\u0173 organizatorius leis jums i\u0161valyti ir sutvarkyti \u017eaislus. Taip palaikysite tvarking\u0105 k\u016bdikio kambar\u012f. Be to, tai gra\u017ei kambario puo\u0161mena. Kiekvienas ma\u017eas berniukas bus su\u017eav\u0117tas.&nbsp;<\/p>","protected":false},"excerpt":{"rendered":"<p>SPECIFIKACIJA M\u0117gstamiausias ma\u017e\u0173 berniuk\u0173 u\u017esi\u0117mimas da\u017enai yra \u017eaidimas su ma\u0161in\u0117l\u0117mis. Vaiko kambaryje j\u0173 galite rasti gana daug, ypa\u010d kai m\u016bs\u0173 vaikas renka ma\u0161inas. Lentynoje gal\u0117site eksponuoti automobili\u0173 modelius ir kitas kolekcijas. Spyruokli\u0173 organizatorius leis jums i\u0161valyti ir sutvarkyti \u017eaislus. Taip palaikysite tvarking\u0105 k\u016bdikio kambar\u012f. Be to, tai gra\u017ei kambario puo\u0161mena. Kiekvienas ma\u017eas berniukas bus su\u017eav\u0117tas.&nbsp;<\/p>","protected":false},"featured_media":23991,"template":"","meta":{"iawp_total_views":94},"product_cat":[197,191,192,84,102,86,49,39,215],"product_tag":[101,96,97,98,99],"class_list":{"0":"post-23990","1":"product","2":"type-product","3":"status-publish","4":"has-post-thumbnail","6":"product_cat-dovanos-berniukams","7":"product_cat-dovanos-vaikams","8":"product_cat-kaledines-dovanos-vaikams","9":"product_cat-lavinamieji-zaislai","10":"product_cat-mediniai-zaislai","11":"product_cat-smulkioji-motorika","12":"product_cat-visi-zaislai","13":"product_cat-zaislai","14":"product_cat-zaislai-berniukams","15":"product_tag-12-m-14-m","16":"product_tag-2-m-3-m","17":"product_tag-3-m-4-m","18":"product_tag-5-m-7-m","19":"product_tag-8-m-11-m","21":"first","22":"instock","23":"taxable","24":"shipping-taxable","25":"purchasable","26":"product-type-simple"},"yoast_head":"<!-- This site is optimized with the Yoast SEO plugin v23.3 - https:\/\/yoast.com\/wordpress\/plugins\/seo\/ -->\n<title>Medin\u0117 lentyna ma\u0161in\u0117l\u0117ms - Montessori \u017eaislai<\/title>\n<meta name=\"robots\" content=\"noindex, follow, max-snippet:-1, max-image-preview:large, max-video-preview:-1\" \/>\n<meta property=\"og:locale\" content=\"en_US\" \/>\n<meta property=\"og:type\" content=\"article\" \/>\n<meta property=\"og:title\" content=\"Medin\u0117 lentyna ma\u0161in\u0117l\u0117ms - Montessori \u017eaislai\" \/>\n<meta property=\"og:description\" content=\"SPECIFIKACIJA M\u0117gstamiausias ma\u017e\u0173 berniuk\u0173 u\u017esi\u0117mimas da\u017enai yra \u017eaidimas su ma\u0161in\u0117l\u0117mis. Vaiko kambaryje j\u0173 galite rasti gana daug, ypa\u010d kai m\u016bs\u0173 vaikas renka ma\u0161inas. Lentynoje gal\u0117site eksponuoti automobili\u0173 modelius ir kitas kolekcijas. Spyruokli\u0173 organizatorius leis jums i\u0161valyti ir sutvarkyti \u017eaislus. Taip palaikysite tvarking\u0105 k\u016bdikio kambar\u012f. Be to, tai gra\u017ei kambario puo\u0161mena. Kiekvienas ma\u017eas berniukas bus su\u017eav\u0117tas.&nbsp;\" \/>\n<meta property=\"og:url\" content=\"https:\/\/dev.monti.lt\/en\/product\/medine-lentyna-masinelems\/\" \/>\n<meta property=\"og:site_name\" content=\"Montessori \u017eaislai\" \/>\n<meta property=\"article:modified_time\" content=\"2024-09-16T15:11:11+00:00\" \/>\n<meta property=\"og:image\" content=\"https:\/\/dev.monti.lt\/wp-content\/uploads\/2024\/07\/lit_pl_Medine-lentyna-KRUZZEL-21998-automobiliams-spyruoklems-16633_6.jpg\" \/>\n\t<meta property=\"og:image:width\" content=\"500\" \/>\n\t<meta property=\"og:image:height\" content=\"500\" \/>\n\t<meta property=\"og:image:type\" content=\"image\/jpeg\" \/>\n<meta name=\"twitter:card\" content=\"summary_large_image\" \/>\n<meta name=\"twitter:label1\" content=\"Est. reading time\" \/>\n\t<meta name=\"twitter:data1\" content=\"2 minutes\" \/>\n<script type=\"application\/ld+json\" class=\"yoast-schema-graph\">{\"@context\":\"https:\/\/schema.org\",\"@graph\":[{\"@type\":\"WebPage\",\"@id\":\"https:\/\/dev.monti.lt\/product\/medine-lentyna-masinelems\/\",\"url\":\"https:\/\/dev.monti.lt\/product\/medine-lentyna-masinelems\/\",\"name\":\"Medin\u0117 lentyna ma\u0161in\u0117l\u0117ms - Montessori \u017eaislai\",\"isPartOf\":{\"@id\":\"https:\/\/dev.monti.lt\/#website\"},\"primaryImageOfPage\":{\"@id\":\"https:\/\/dev.monti.lt\/product\/medine-lentyna-masinelems\/#primaryimage\"},\"image\":{\"@id\":\"https:\/\/dev.monti.lt\/product\/medine-lentyna-masinelems\/#primaryimage\"},\"thumbnailUrl\":\"https:\/\/dev.monti.lt\/wp-content\/uploads\/2024\/07\/lit_pl_Medine-lentyna-KRUZZEL-21998-automobiliams-spyruoklems-16633_6.jpg\",\"datePublished\":\"2024-07-05T12:22:40+00:00\",\"dateModified\":\"2024-09-16T15:11:11+00:00\",\"breadcrumb\":{\"@id\":\"https:\/\/dev.monti.lt\/product\/medine-lentyna-masinelems\/#breadcrumb\"},\"inLanguage\":\"en-US\",\"potentialAction\":[{\"@type\":\"ReadAction\",\"target\":[\"https:\/\/dev.monti.lt\/product\/medine-lentyna-masinelems\/\"]}]},{\"@type\":\"ImageObject\",\"inLanguage\":\"en-US\",\"@id\":\"https:\/\/dev.monti.lt\/product\/medine-lentyna-masinelems\/#primaryimage\",\"url\":\"https:\/\/dev.monti.lt\/wp-content\/uploads\/2024\/07\/lit_pl_Medine-lentyna-KRUZZEL-21998-automobiliams-spyruoklems-16633_6.jpg\",\"contentUrl\":\"https:\/\/dev.monti.lt\/wp-content\/uploads\/2024\/07\/lit_pl_Medine-lentyna-KRUZZEL-21998-automobiliams-spyruoklems-16633_6.jpg\",\"width\":500,\"height\":500},{\"@type\":\"BreadcrumbList\",\"@id\":\"https:\/\/dev.monti.lt\/product\/medine-lentyna-masinelems\/#breadcrumb\",\"itemListElement\":[{\"@type\":\"ListItem\",\"position\":1,\"name\":\"Home\",\"item\":\"https:\/\/dev.monti.lt\/\"},{\"@type\":\"ListItem\",\"position\":2,\"name\":\"Parduotuv\u0117\",\"item\":\"https:\/\/dev.monti.lt\/shop\/\"},{\"@type\":\"ListItem\",\"position\":3,\"name\":\"Medin\u0117 lentyna ma\u0161in\u0117l\u0117ms\"}]},{\"@type\":\"WebSite\",\"@id\":\"https:\/\/dev.monti.lt\/#website\",\"url\":\"https:\/\/dev.monti.lt\/\",\"name\":\"Montessori \u017eaislai\",\"description\":\"\",\"publisher\":{\"@id\":\"https:\/\/dev.monti.lt\/#organization\"},\"potentialAction\":[{\"@type\":\"SearchAction\",\"target\":{\"@type\":\"EntryPoint\",\"urlTemplate\":\"https:\/\/dev.monti.lt\/?s={search_term_string}\"},\"query-input\":\"required name=search_term_string\"}],\"inLanguage\":\"en-US\"},{\"@type\":\"Organization\",\"@id\":\"https:\/\/dev.monti.lt\/#organization\",\"name\":\"Montessori \u017eaislai\",\"url\":\"https:\/\/dev.monti.lt\/\",\"logo\":{\"@type\":\"ImageObject\",\"inLanguage\":\"en-US\",\"@id\":\"https:\/\/dev.monti.lt\/#\/schema\/logo\/image\/\",\"url\":\"https:\/\/dev.monti.lt\/wp-content\/uploads\/2022\/03\/montilogo-1.png\",\"contentUrl\":\"https:\/\/dev.monti.lt\/wp-content\/uploads\/2022\/03\/montilogo-1.png\",\"width\":512,\"height\":512,\"caption\":\"Montessori \u017eaislai\"},\"image\":{\"@id\":\"https:\/\/dev.monti.lt\/#\/schema\/logo\/image\/\"}}]}<\/script>\n<!-- \/ Yoast SEO plugin. -->","yoast_head_json":{"title":"Medin\u0117 lentyna ma\u0161in\u0117l\u0117ms - Montessori \u017eaislai","robots":{"index":"noindex","follow":"follow","max-snippet":"max-snippet:-1","max-image-preview":"max-image-preview:large","max-video-preview":"max-video-preview:-1"},"og_locale":"en_US","og_type":"article","og_title":"Medin\u0117 lentyna ma\u0161in\u0117l\u0117ms - Montessori \u017eaislai","og_description":"SPECIFIKACIJA M\u0117gstamiausias ma\u017e\u0173 berniuk\u0173 u\u017esi\u0117mimas da\u017enai yra \u017eaidimas su ma\u0161in\u0117l\u0117mis. Vaiko kambaryje j\u0173 galite rasti gana daug, ypa\u010d kai m\u016bs\u0173 vaikas renka ma\u0161inas. Lentynoje gal\u0117site eksponuoti automobili\u0173 modelius ir kitas kolekcijas. Spyruokli\u0173 organizatorius leis jums i\u0161valyti ir sutvarkyti \u017eaislus. Taip palaikysite tvarking\u0105 k\u016bdikio kambar\u012f. Be to, tai gra\u017ei kambario puo\u0161mena. Kiekvienas ma\u017eas berniukas bus su\u017eav\u0117tas.&nbsp;","og_url":"https:\/\/dev.monti.lt\/en\/product\/medine-lentyna-masinelems\/","og_site_name":"Montessori \u017eaislai","article_modified_time":"2024-09-16T15:11:11+00:00","og_image":[{"width":500,"height":500,"url":"https:\/\/dev.monti.lt\/wp-content\/uploads\/2024\/07\/lit_pl_Medine-lentyna-KRUZZEL-21998-automobiliams-spyruoklems-16633_6.jpg","type":"image\/jpeg"}],"twitter_card":"summary_large_image","twitter_misc":{"Est. reading time":"2 minutes"},"schema":{"@context":"https:\/\/schema.org","@graph":[{"@type":"WebPage","@id":"https:\/\/dev.monti.lt\/product\/medine-lentyna-masinelems\/","url":"https:\/\/dev.monti.lt\/product\/medine-lentyna-masinelems\/","name":"Medin\u0117 lentyna ma\u0161in\u0117l\u0117ms - Montessori \u017eaislai","isPartOf":{"@id":"https:\/\/dev.monti.lt\/#website"},"primaryImageOfPage":{"@id":"https:\/\/dev.monti.lt\/product\/medine-lentyna-masinelems\/#primaryimage"},"image":{"@id":"https:\/\/dev.monti.lt\/product\/medine-lentyna-masinelems\/#primaryimage"},"thumbnailUrl":"https:\/\/dev.monti.lt\/wp-content\/uploads\/2024\/07\/lit_pl_Medine-lentyna-KRUZZEL-21998-automobiliams-spyruoklems-16633_6.jpg","datePublished":"2024-07-05T12:22:40+00:00","dateModified":"2024-09-16T15:11:11+00:00","breadcrumb":{"@id":"https:\/\/dev.monti.lt\/product\/medine-lentyna-masinelems\/#breadcrumb"},"inLanguage":"en-US","potentialAction":[{"@type":"ReadAction","target":["https:\/\/dev.monti.lt\/product\/medine-lentyna-masinelems\/"]}]},{"@type":"ImageObject","inLanguage":"en-US","@id":"https:\/\/dev.monti.lt\/product\/medine-lentyna-masinelems\/#primaryimage","url":"https:\/\/dev.monti.lt\/wp-content\/uploads\/2024\/07\/lit_pl_Medine-lentyna-KRUZZEL-21998-automobiliams-spyruoklems-16633_6.jpg","contentUrl":"https:\/\/dev.monti.lt\/wp-content\/uploads\/2024\/07\/lit_pl_Medine-lentyna-KRUZZEL-21998-automobiliams-spyruoklems-16633_6.jpg","width":500,"height":500},{"@type":"BreadcrumbList","@id":"https:\/\/dev.monti.lt\/product\/medine-lentyna-masinelems\/#breadcrumb","itemListElement":[{"@type":"ListItem","position":1,"name":"Home","item":"https:\/\/dev.monti.lt\/"},{"@type":"ListItem","position":2,"name":"Parduotuv\u0117","item":"https:\/\/dev.monti.lt\/shop\/"},{"@type":"ListItem","position":3,"name":"Medin\u0117 lentyna ma\u0161in\u0117l\u0117ms"}]},{"@type":"WebSite","@id":"https:\/\/dev.monti.lt\/#website","url":"https:\/\/dev.monti.lt\/","name":"Montessori \u017eaislai","description":"","publisher":{"@id":"https:\/\/dev.monti.lt\/#organization"},"potentialAction":[{"@type":"SearchAction","target":{"@type":"EntryPoint","urlTemplate":"https:\/\/dev.monti.lt\/?s={search_term_string}"},"query-input":"required name=search_term_string"}],"inLanguage":"en-US"},{"@type":"Organization","@id":"https:\/\/dev.monti.lt\/#organization","name":"Montessori \u017eaislai","url":"https:\/\/dev.monti.lt\/","logo":{"@type":"ImageObject","inLanguage":"en-US","@id":"https:\/\/dev.monti.lt\/#\/schema\/logo\/image\/","url":"https:\/\/dev.monti.lt\/wp-content\/uploads\/2022\/03\/montilogo-1.png","contentUrl":"https:\/\/dev.monti.lt\/wp-content\/uploads\/2022\/03\/montilogo-1.png","width":512,"height":512,"caption":"Montessori \u017eaislai"},"image":{"@id":"https:\/\/dev.monti.lt\/#\/schema\/logo\/image\/"}}]}},"_links":{"self":[{"href":"https:\/\/dev.monti.lt\/en\/wp-json\/wp\/v2\/product\/23990"}],"collection":[{"href":"https:\/\/dev.monti.lt\/en\/wp-json\/wp\/v2\/product"}],"about":[{"href":"https:\/\/dev.monti.lt\/en\/wp-json\/wp\/v2\/types\/product"}],"version-history":[{"count":1,"href":"https:\/\/dev.monti.lt\/en\/wp-json\/wp\/v2\/product\/23990\/revisions"}],"predecessor-version":[{"id":23998,"href":"https:\/\/dev.monti.lt\/en\/wp-json\/wp\/v2\/product\/23990\/revisions\/23998"}],"wp:featuredmedia":[{"embeddable":true,"href":"https:\/\/dev.monti.lt\/en\/wp-json\/wp\/v2\/media\/23991"}],"wp:attachment":[{"href":"https:\/\/dev.monti.lt\/en\/wp-json\/wp\/v2\/media?parent=23990"}],"wp:term":[{"taxonomy":"product_cat","embeddable":true,"href":"https:\/\/dev.monti.lt\/en\/wp-json\/wp\/v2\/product_cat?post=23990"},{"taxonomy":"product_tag","embeddable":true,"href":"https:\/\/dev.monti.lt\/en\/wp-json\/wp\/v2\/product_tag?post=23990"}],"curies":[{"name":"wp","href":"https:\/\/api.w.org\/{rel}","templated":true}]}}