{"id":23974,"date":"2024-07-05T12:03:26","date_gmt":"2024-07-05T12:03:26","guid":{"rendered":"https:\/\/dev.monti.lt\/?post_type=product&#038;p=23974"},"modified":"2024-09-06T21:02:11","modified_gmt":"2024-09-06T21:02:11","slug":"zoliapjove-su-muilo-burbulais-2","status":"publish","type":"product","link":"https:\/\/dev.monti.lt\/en\/product\/zoliapjove-su-muilo-burbulais-2\/","title":{"rendered":"\u017doliapjov\u0117 su muilo burbulais"},"content":{"rendered":"<p>\u2b50 BURBUL\u0172 PJOVIMO AUTOMATIN\u0116 MUILO BURBUL\u0172 MA\u0160INA + SKYSTIS<br>Kiekvienas ma\u017eylis nori pad\u0117ti mamai ar t\u0117\u010diui nupjauti vej\u0105, su m\u016bs\u0173 burbul\u0173 ma\u0161ina jie jau gali !!!<\/p><p>Vejos pjovimas yra vienas m\u0117gstamiausi\u0173 j\u0173 u\u017esi\u0117mim\u0173. O jei dar galima gaminti burbulus? Ko daugiau galima nor\u0117ti? Paimk \u012f rankas \u017eol\u0117s \u017eoliapjov\u0119 ir imkis darbo \u2026<\/p><p>\u2705 BURBUL\u0172 DOZATORIUS &#8211; SPECIFIKACIJA<br>Elektroninis burbul\u0173 dozatorius ( gali<br>ap\u0161vietimo efektai: TAIP<br>\u012e komplekt\u0105 \u012feina 2 skys\u010diai<br>\u012ejungimo mygtukas<br>Patogi rankena<br>Skirta vaikams nuo 3 met\u0173<br>Maitinimo \u0161altinis: 4 x AA (\u012f komplekt\u0105 ne\u012feina)<br>Visa tai spalvingoje pakuot\u0117je, puikiai tinkan\u010dioje dovanoms.<\/p><p>Apytiksliai matmenys: 46 x 18 x 41 cm<\/p><p>Pakuot\u0117s matmenys apie: 30 x 20 x 24 cm<\/p><p>\u2705 PAPRASTAS VALDYMAS IR SAUGA<br>Vejapjov\u0117 su \u012fmontuotu muilo burbul\u0173 generatoriumi. Burbuliukai i\u0161 priekinio \u017eoliapjov\u0117s rotoriaus, &#8211; pjaunant jis i\u0161leid\u017eia daug gra\u017ei\u0173 burbul\u0173, kurie yra puiki pramoga bet kuriam ma\u017eyliui. Skystis pildomas labai paprastai, tereikia \u012fpilti \u012f bakel\u012f.<br>Itin smagu lauke<br>Pridedami du burbuliuk\u0173 skys\u010diai<br>Lengvai valdomas, paleid\u017eiamas vienu mygtuku<\/p><p>\u2705 NAUDOJIMO PAPRASTUMAS<br>Surinkti skyst\u012f labai paprasta &#8211; \u012fki\u0161kite siurbimo vamzdelio gal\u0105 \u012f skys\u010dio buteliuk\u0105 taip, kad jis siekt\u0173 dugn\u0105, tada \u012fd\u0117kite buteliuk\u0105 \u012f \u017eaisl\u0105. Paspauskite mygtuk\u0105 IR GERAI! I\u0161 vejapjov\u0117s priekin\u0117s dalies prad\u0117s sklisti spalvot\u0173 burbuliuk\u0173 srautai.<\/p>","protected":false},"excerpt":{"rendered":"<p>\u2b50 BURBUL\u0172 PJOVIMO AUTOMATIN\u0116 MUILO BURBUL\u0172 MA\u0160INA + SKYSTISKiekvienas ma\u017eylis nori pad\u0117ti mamai ar t\u0117\u010diui nupjauti vej\u0105, su m\u016bs\u0173 burbul\u0173 ma\u0161ina jie jau gali !!! Vejos pjovimas yra vienas m\u0117gstamiausi\u0173 j\u0173 u\u017esi\u0117mim\u0173. O jei dar galima gaminti burbulus? Ko daugiau galima nor\u0117ti? Paimk \u012f rankas \u017eol\u0117s \u017eoliapjov\u0119 ir imkis darbo \u2026 \u2705 BURBUL\u0172 DOZATORIUS &#8211; [&hellip;]<\/p>","protected":false},"featured_media":23975,"template":"","meta":{"iawp_total_views":38},"product_cat":[238,84,50,93,49,39,215],"product_tag":[95,96,97,98],"class_list":{"0":"post-23974","1":"product","2":"type-product","3":"status-publish","4":"has-post-thumbnail","6":"product_cat-lauko-zaidimai","7":"product_cat-lavinamieji-zaislai","8":"product_cat-top-dovanos","9":"product_cat-vaidmenu-zaidimai","10":"product_cat-visi-zaislai","11":"product_cat-zaislai","12":"product_cat-zaislai-berniukams","13":"product_tag-1-m-2-m","14":"product_tag-2-m-3-m","15":"product_tag-3-m-4-m","16":"product_tag-5-m-7-m","18":"first","19":"instock","20":"taxable","21":"shipping-taxable","22":"purchasable","23":"product-type-simple"},"yoast_head":"<!-- This site is optimized with the Yoast SEO plugin v23.3 - https:\/\/yoast.com\/wordpress\/plugins\/seo\/ -->\n<title>\u017doliapjov\u0117 su muilo burbulais - Montessori \u017eaislai<\/title>\n<meta name=\"robots\" content=\"noindex, follow, max-snippet:-1, max-image-preview:large, max-video-preview:-1\" \/>\n<meta property=\"og:locale\" content=\"en_US\" \/>\n<meta property=\"og:type\" content=\"article\" \/>\n<meta property=\"og:title\" content=\"\u017doliapjov\u0117 su muilo burbulais - Montessori \u017eaislai\" \/>\n<meta property=\"og:description\" content=\"\u2b50 BURBUL\u0172 PJOVIMO AUTOMATIN\u0116 MUILO BURBUL\u0172 MA\u0160INA + SKYSTISKiekvienas ma\u017eylis nori pad\u0117ti mamai ar t\u0117\u010diui nupjauti vej\u0105, su m\u016bs\u0173 burbul\u0173 ma\u0161ina jie jau gali !!! Vejos pjovimas yra vienas m\u0117gstamiausi\u0173 j\u0173 u\u017esi\u0117mim\u0173. O jei dar galima gaminti burbulus? Ko daugiau galima nor\u0117ti? Paimk \u012f rankas \u017eol\u0117s \u017eoliapjov\u0119 ir imkis darbo \u2026 \u2705 BURBUL\u0172 DOZATORIUS &#8211; [&hellip;]\" \/>\n<meta property=\"og:url\" content=\"https:\/\/dev.monti.lt\/en\/product\/zoliapjove-su-muilo-burbulais-2\/\" \/>\n<meta property=\"og:site_name\" content=\"Montessori \u017eaislai\" \/>\n<meta property=\"article:modified_time\" content=\"2024-09-06T21:02:11+00:00\" \/>\n<meta property=\"og:image\" content=\"https:\/\/dev.monti.lt\/wp-content\/uploads\/2024\/07\/kosiarka-na-banki-automat-maszyna-do-baniek-mydlanych-plyn.webp\" \/>\n\t<meta property=\"og:image:width\" content=\"800\" \/>\n\t<meta property=\"og:image:height\" content=\"800\" \/>\n\t<meta property=\"og:image:type\" content=\"image\/webp\" \/>\n<meta name=\"twitter:card\" content=\"summary_large_image\" \/>\n<meta name=\"twitter:label1\" content=\"Est. reading time\" \/>\n\t<meta name=\"twitter:data1\" content=\"2 minutes\" \/>\n<script type=\"application\/ld+json\" class=\"yoast-schema-graph\">{\"@context\":\"https:\/\/schema.org\",\"@graph\":[{\"@type\":\"WebPage\",\"@id\":\"https:\/\/dev.monti.lt\/product\/zoliapjove-su-muilo-burbulais-2\/\",\"url\":\"https:\/\/dev.monti.lt\/product\/zoliapjove-su-muilo-burbulais-2\/\",\"name\":\"\u017doliapjov\u0117 su muilo burbulais - Montessori \u017eaislai\",\"isPartOf\":{\"@id\":\"https:\/\/dev.monti.lt\/#website\"},\"primaryImageOfPage\":{\"@id\":\"https:\/\/dev.monti.lt\/product\/zoliapjove-su-muilo-burbulais-2\/#primaryimage\"},\"image\":{\"@id\":\"https:\/\/dev.monti.lt\/product\/zoliapjove-su-muilo-burbulais-2\/#primaryimage\"},\"thumbnailUrl\":\"https:\/\/dev.monti.lt\/wp-content\/uploads\/2024\/07\/kosiarka-na-banki-automat-maszyna-do-baniek-mydlanych-plyn.webp\",\"datePublished\":\"2024-07-05T12:03:26+00:00\",\"dateModified\":\"2024-09-06T21:02:11+00:00\",\"breadcrumb\":{\"@id\":\"https:\/\/dev.monti.lt\/product\/zoliapjove-su-muilo-burbulais-2\/#breadcrumb\"},\"inLanguage\":\"en-US\",\"potentialAction\":[{\"@type\":\"ReadAction\",\"target\":[\"https:\/\/dev.monti.lt\/product\/zoliapjove-su-muilo-burbulais-2\/\"]}]},{\"@type\":\"ImageObject\",\"inLanguage\":\"en-US\",\"@id\":\"https:\/\/dev.monti.lt\/product\/zoliapjove-su-muilo-burbulais-2\/#primaryimage\",\"url\":\"https:\/\/dev.monti.lt\/wp-content\/uploads\/2024\/07\/kosiarka-na-banki-automat-maszyna-do-baniek-mydlanych-plyn.webp\",\"contentUrl\":\"https:\/\/dev.monti.lt\/wp-content\/uploads\/2024\/07\/kosiarka-na-banki-automat-maszyna-do-baniek-mydlanych-plyn.webp\",\"width\":800,\"height\":800,\"caption\":\"zolaipjove su muilo burbulais\"},{\"@type\":\"BreadcrumbList\",\"@id\":\"https:\/\/dev.monti.lt\/product\/zoliapjove-su-muilo-burbulais-2\/#breadcrumb\",\"itemListElement\":[{\"@type\":\"ListItem\",\"position\":1,\"name\":\"Home\",\"item\":\"https:\/\/dev.monti.lt\/\"},{\"@type\":\"ListItem\",\"position\":2,\"name\":\"Parduotuv\u0117\",\"item\":\"https:\/\/dev.monti.lt\/shop\/\"},{\"@type\":\"ListItem\",\"position\":3,\"name\":\"\u017doliapjov\u0117 su muilo burbulais\"}]},{\"@type\":\"WebSite\",\"@id\":\"https:\/\/dev.monti.lt\/#website\",\"url\":\"https:\/\/dev.monti.lt\/\",\"name\":\"Montessori \u017eaislai\",\"description\":\"\",\"publisher\":{\"@id\":\"https:\/\/dev.monti.lt\/#organization\"},\"potentialAction\":[{\"@type\":\"SearchAction\",\"target\":{\"@type\":\"EntryPoint\",\"urlTemplate\":\"https:\/\/dev.monti.lt\/?s={search_term_string}\"},\"query-input\":\"required name=search_term_string\"}],\"inLanguage\":\"en-US\"},{\"@type\":\"Organization\",\"@id\":\"https:\/\/dev.monti.lt\/#organization\",\"name\":\"Montessori \u017eaislai\",\"url\":\"https:\/\/dev.monti.lt\/\",\"logo\":{\"@type\":\"ImageObject\",\"inLanguage\":\"en-US\",\"@id\":\"https:\/\/dev.monti.lt\/#\/schema\/logo\/image\/\",\"url\":\"https:\/\/dev.monti.lt\/wp-content\/uploads\/2022\/03\/montilogo-1.png\",\"contentUrl\":\"https:\/\/dev.monti.lt\/wp-content\/uploads\/2022\/03\/montilogo-1.png\",\"width\":512,\"height\":512,\"caption\":\"Montessori \u017eaislai\"},\"image\":{\"@id\":\"https:\/\/dev.monti.lt\/#\/schema\/logo\/image\/\"}}]}<\/script>\n<!-- \/ Yoast SEO plugin. -->","yoast_head_json":{"title":"\u017doliapjov\u0117 su muilo burbulais - Montessori \u017eaislai","robots":{"index":"noindex","follow":"follow","max-snippet":"max-snippet:-1","max-image-preview":"max-image-preview:large","max-video-preview":"max-video-preview:-1"},"og_locale":"en_US","og_type":"article","og_title":"\u017doliapjov\u0117 su muilo burbulais - Montessori \u017eaislai","og_description":"\u2b50 BURBUL\u0172 PJOVIMO AUTOMATIN\u0116 MUILO BURBUL\u0172 MA\u0160INA + SKYSTISKiekvienas ma\u017eylis nori pad\u0117ti mamai ar t\u0117\u010diui nupjauti vej\u0105, su m\u016bs\u0173 burbul\u0173 ma\u0161ina jie jau gali !!! Vejos pjovimas yra vienas m\u0117gstamiausi\u0173 j\u0173 u\u017esi\u0117mim\u0173. O jei dar galima gaminti burbulus? Ko daugiau galima nor\u0117ti? Paimk \u012f rankas \u017eol\u0117s \u017eoliapjov\u0119 ir imkis darbo \u2026 \u2705 BURBUL\u0172 DOZATORIUS &#8211; [&hellip;]","og_url":"https:\/\/dev.monti.lt\/en\/product\/zoliapjove-su-muilo-burbulais-2\/","og_site_name":"Montessori \u017eaislai","article_modified_time":"2024-09-06T21:02:11+00:00","og_image":[{"width":800,"height":800,"url":"https:\/\/dev.monti.lt\/wp-content\/uploads\/2024\/07\/kosiarka-na-banki-automat-maszyna-do-baniek-mydlanych-plyn.webp","type":"image\/webp"}],"twitter_card":"summary_large_image","twitter_misc":{"Est. reading time":"2 minutes"},"schema":{"@context":"https:\/\/schema.org","@graph":[{"@type":"WebPage","@id":"https:\/\/dev.monti.lt\/product\/zoliapjove-su-muilo-burbulais-2\/","url":"https:\/\/dev.monti.lt\/product\/zoliapjove-su-muilo-burbulais-2\/","name":"\u017doliapjov\u0117 su muilo burbulais - Montessori \u017eaislai","isPartOf":{"@id":"https:\/\/dev.monti.lt\/#website"},"primaryImageOfPage":{"@id":"https:\/\/dev.monti.lt\/product\/zoliapjove-su-muilo-burbulais-2\/#primaryimage"},"image":{"@id":"https:\/\/dev.monti.lt\/product\/zoliapjove-su-muilo-burbulais-2\/#primaryimage"},"thumbnailUrl":"https:\/\/dev.monti.lt\/wp-content\/uploads\/2024\/07\/kosiarka-na-banki-automat-maszyna-do-baniek-mydlanych-plyn.webp","datePublished":"2024-07-05T12:03:26+00:00","dateModified":"2024-09-06T21:02:11+00:00","breadcrumb":{"@id":"https:\/\/dev.monti.lt\/product\/zoliapjove-su-muilo-burbulais-2\/#breadcrumb"},"inLanguage":"en-US","potentialAction":[{"@type":"ReadAction","target":["https:\/\/dev.monti.lt\/product\/zoliapjove-su-muilo-burbulais-2\/"]}]},{"@type":"ImageObject","inLanguage":"en-US","@id":"https:\/\/dev.monti.lt\/product\/zoliapjove-su-muilo-burbulais-2\/#primaryimage","url":"https:\/\/dev.monti.lt\/wp-content\/uploads\/2024\/07\/kosiarka-na-banki-automat-maszyna-do-baniek-mydlanych-plyn.webp","contentUrl":"https:\/\/dev.monti.lt\/wp-content\/uploads\/2024\/07\/kosiarka-na-banki-automat-maszyna-do-baniek-mydlanych-plyn.webp","width":800,"height":800,"caption":"zolaipjove su muilo burbulais"},{"@type":"BreadcrumbList","@id":"https:\/\/dev.monti.lt\/product\/zoliapjove-su-muilo-burbulais-2\/#breadcrumb","itemListElement":[{"@type":"ListItem","position":1,"name":"Home","item":"https:\/\/dev.monti.lt\/"},{"@type":"ListItem","position":2,"name":"Parduotuv\u0117","item":"https:\/\/dev.monti.lt\/shop\/"},{"@type":"ListItem","position":3,"name":"\u017doliapjov\u0117 su muilo burbulais"}]},{"@type":"WebSite","@id":"https:\/\/dev.monti.lt\/#website","url":"https:\/\/dev.monti.lt\/","name":"Montessori \u017eaislai","description":"","publisher":{"@id":"https:\/\/dev.monti.lt\/#organization"},"potentialAction":[{"@type":"SearchAction","target":{"@type":"EntryPoint","urlTemplate":"https:\/\/dev.monti.lt\/?s={search_term_string}"},"query-input":"required name=search_term_string"}],"inLanguage":"en-US"},{"@type":"Organization","@id":"https:\/\/dev.monti.lt\/#organization","name":"Montessori \u017eaislai","url":"https:\/\/dev.monti.lt\/","logo":{"@type":"ImageObject","inLanguage":"en-US","@id":"https:\/\/dev.monti.lt\/#\/schema\/logo\/image\/","url":"https:\/\/dev.monti.lt\/wp-content\/uploads\/2022\/03\/montilogo-1.png","contentUrl":"https:\/\/dev.monti.lt\/wp-content\/uploads\/2022\/03\/montilogo-1.png","width":512,"height":512,"caption":"Montessori \u017eaislai"},"image":{"@id":"https:\/\/dev.monti.lt\/#\/schema\/logo\/image\/"}}]}},"_links":{"self":[{"href":"https:\/\/dev.monti.lt\/en\/wp-json\/wp\/v2\/product\/23974"}],"collection":[{"href":"https:\/\/dev.monti.lt\/en\/wp-json\/wp\/v2\/product"}],"about":[{"href":"https:\/\/dev.monti.lt\/en\/wp-json\/wp\/v2\/types\/product"}],"version-history":[{"count":1,"href":"https:\/\/dev.monti.lt\/en\/wp-json\/wp\/v2\/product\/23974\/revisions"}],"predecessor-version":[{"id":23981,"href":"https:\/\/dev.monti.lt\/en\/wp-json\/wp\/v2\/product\/23974\/revisions\/23981"}],"wp:featuredmedia":[{"embeddable":true,"href":"https:\/\/dev.monti.lt\/en\/wp-json\/wp\/v2\/media\/23975"}],"wp:attachment":[{"href":"https:\/\/dev.monti.lt\/en\/wp-json\/wp\/v2\/media?parent=23974"}],"wp:term":[{"taxonomy":"product_cat","embeddable":true,"href":"https:\/\/dev.monti.lt\/en\/wp-json\/wp\/v2\/product_cat?post=23974"},{"taxonomy":"product_tag","embeddable":true,"href":"https:\/\/dev.monti.lt\/en\/wp-json\/wp\/v2\/product_tag?post=23974"}],"curies":[{"name":"wp","href":"https:\/\/api.w.org\/{rel}","templated":true}]}}