{"id":23935,"date":"2024-07-04T13:05:37","date_gmt":"2024-07-04T13:05:37","guid":{"rendered":"https:\/\/dev.monti.lt\/?post_type=product&#038;p=23935"},"modified":"2024-07-13T09:05:57","modified_gmt":"2024-07-13T09:05:57","slug":"mokomasis-mikroskopas","status":"publish","type":"product","link":"https:\/\/dev.monti.lt\/en\/product\/mokomasis-mikroskopas\/","title":{"rendered":"Mokomasis mikroskopas"},"content":{"rendered":"<h1 class=\"wp-block-heading\">MOKYMASIS SKAITMENINIS MIKROSKOPAS 100x400x1200x + PRIEDAI&nbsp;<\/h1><ul class=\"wp-block-list\"><li><strong>SUKIMASIS l\u0119\u0161is + DIDINAMieji l\u0119\u0161iai<\/strong>&nbsp;\u2013 mikroskopas turi besisukant\u012f objektyv\u0105 su trimis l\u0119\u0161iais. Objektyvai yra 3 priartinim\u0173. Kiekvienas turi vien\u0105&nbsp;<strong>padidinim\u0105 100x400x arba 1200x<\/strong>&nbsp;. Tai puiki galimyb\u0117, kai norite matyti vien\u0105 element\u0105 keliais padidinimais.<\/li>\n\n<li><strong>DAUG ELEMENT\u0172 RINKINYJE<\/strong>&nbsp;\u2013 kiekvien\u0105 dien\u0105 daiktai taps tyrin\u0117jimo objektais ir&nbsp;<strong>atskleis jums savo mikro paslaptis<\/strong>&nbsp;<strong>bei nuostab\u0173, anks\u010diau akiai nematyt\u0105 vaizd\u0105<\/strong>&nbsp;, d\u0117ka daugyb\u0117s papildom\u0173 pried\u0173, toki\u0173 kaip: pincetas, 2 skaidr\u0117s paruo\u0161imui. , 2 m\u0117gintuv\u0117liai, d\u0117\u017eut\u0117, peilis.&nbsp;<strong>Komplekte yra viskas, ko reikia.<\/strong><\/li>\n\n<li><strong>PAPILDOMAS<\/strong>&nbsp;<strong>LED<\/strong>&nbsp;AP\u0160VIETIMAS &#8211; \u0161viesos \u0161altin\u012f suteikia lempa, esanti \u012frenginio apa\u010dioje: ji u\u017etikrins, kad&nbsp;<strong>preparatas b\u016bt\u0173 tinkamai ap\u0161viestas<\/strong>&nbsp;. \u0160viestuvas reguliuojamas, galima nuleisti ir pastumti auk\u0161tyn.<\/li>\n\n<li><strong>REGULIUOJAMAS AUK\u0160TIS<\/strong>&nbsp;\u2013 \u0161is mikroskopas su priedais prad\u017eiugins kiekvien\u0105 ma\u017e\u0105j\u012f mokslinink\u0105. \u0160io prietaiso d\u0117ka&nbsp;<strong>mikroskopinis pasaulis nuo m\u016bs\u0173 netur\u0117s joki\u0173 paslap\u010di\u0173<\/strong>&nbsp;. Turi reguliuojam\u0105 objektyvo auk\u0161t\u012f.<\/li>\n\n<li><strong>SPECIFIKACIJA<\/strong>&nbsp;&#8211; spalva: balta\/juoda\/pilka; med\u017eiaga: plastikas + metalas; maitinimas: 2 x AA; padidinim\u0173 skai\u010dius: 3; padidinimai: 100x, 400x, 1200x; matmenys: 22 x 12,5 x 8 cm; svoris: 0,188 kg; svoris pakuot\u0117je: 0,423 kg.&nbsp;<\/li><\/ul><p><strong>RINKIN\u0116S SPECIFIKACIJOS:<\/strong><\/p><ul class=\"wp-block-list\"><li>spalva: balta\/juoda\/pilka<\/li>\n\n<li>med\u017eiaga: plastikas + metalas<\/li>\n\n<li>maitinimas: 2 x AA<\/li>\n\n<li>i\u0161pl\u0117tim\u0173 skai\u010dius: 3<\/li>\n\n<li>didinimas: 100x, 400x, 1200x<\/li>\n\n<li>matmenys: 22 x 12,5 x 8 cm<\/li>\n\n<li>svoris: 0,188 kg<\/li>\n\n<li>svoris pakuot\u0117je: 0,423 kg<\/li><\/ul><p><strong>\u012eSKAITANT<\/strong><\/p><ul class=\"wp-block-list\"><li>mikroskopu<\/li>\n\n<li>pincetai<\/li>\n\n<li>mentele<\/li>\n\n<li>peilis<\/li>\n\n<li>atsuktuvas<\/li>\n\n<li>mai\u0161ytuvas<\/li>\n\n<li>3 skaidr\u0117s pasiruo\u0161imui<\/li>\n\n<li>2 m\u0117gintuv\u0117liai<\/li>\n\n<li>d\u0117\u017e\u0117<\/li><\/ul><p>Tik \u012fsivaizduokite, kokius nuostabius dalykus atrasite su mikroskopu. Kaip atrodo padidinus vabzdys, plunksna, paveikslas laikra\u0161tyje, lapas, pir\u0161tas, plaukas ar druskos kristalai? Kasdieniai daiktai su mikroskopu atskleis savo mikro paslaptis ir atras nuostabius, anks\u010diau akiai nepasiekiamus vaizdus. \u0160is nuostabus aksesuar\u0173 rinkinys supa\u017eindins su nuostabiu mikrobiologijos, mokslo ir gamtos pasauliu.<\/p>","protected":false},"excerpt":{"rendered":"<p>MOKYMASIS SKAITMENINIS MIKROSKOPAS 100x400x1200x + PRIEDAI&nbsp; RINKIN\u0116S SPECIFIKACIJOS: \u012eSKAITANT Tik \u012fsivaizduokite, kokius nuostabius dalykus atrasite su mikroskopu. Kaip atrodo padidinus vabzdys, plunksna, paveikslas laikra\u0161tyje, lapas, pir\u0161tas, plaukas ar druskos kristalai? Kasdieniai daiktai su mikroskopu atskleis savo mikro paslaptis ir atras nuostabius, anks\u010diau akiai nepasiekiamus vaizdus. \u0160is nuostabus aksesuar\u0173 rinkinys supa\u017eindins su nuostabiu mikrobiologijos, mokslo ir [&hellip;]<\/p>","protected":false},"featured_media":23936,"template":"","meta":{"iawp_total_views":33},"product_cat":[84,90,199,49,39],"product_tag":[97,98,99],"class_list":{"0":"post-23935","1":"product","2":"type-product","3":"status-publish","4":"has-post-thumbnail","6":"product_cat-lavinamieji-zaislai","7":"product_cat-pasaulio-pazinimas","8":"product_cat-ugdymo-istaigoms","9":"product_cat-visi-zaislai","10":"product_cat-zaislai","11":"product_tag-3-m-4-m","12":"product_tag-5-m-7-m","13":"product_tag-8-m-11-m","15":"first","16":"instock","17":"taxable","18":"shipping-taxable","19":"purchasable","20":"product-type-simple"},"yoast_head":"<!-- This site is optimized with the Yoast SEO plugin v23.3 - https:\/\/yoast.com\/wordpress\/plugins\/seo\/ -->\n<title>Mokomasis mikroskopas - Montessori \u017eaislai<\/title>\n<meta name=\"robots\" content=\"noindex, follow, max-snippet:-1, max-image-preview:large, max-video-preview:-1\" \/>\n<meta property=\"og:locale\" content=\"en_US\" \/>\n<meta property=\"og:type\" content=\"article\" \/>\n<meta property=\"og:title\" content=\"Mokomasis mikroskopas - Montessori \u017eaislai\" \/>\n<meta property=\"og:description\" content=\"MOKYMASIS SKAITMENINIS MIKROSKOPAS 100x400x1200x + PRIEDAI&nbsp; RINKIN\u0116S SPECIFIKACIJOS: \u012eSKAITANT Tik \u012fsivaizduokite, kokius nuostabius dalykus atrasite su mikroskopu. Kaip atrodo padidinus vabzdys, plunksna, paveikslas laikra\u0161tyje, lapas, pir\u0161tas, plaukas ar druskos kristalai? Kasdieniai daiktai su mikroskopu atskleis savo mikro paslaptis ir atras nuostabius, anks\u010diau akiai nepasiekiamus vaizdus. \u0160is nuostabus aksesuar\u0173 rinkinys supa\u017eindins su nuostabiu mikrobiologijos, mokslo ir [&hellip;]\" \/>\n<meta property=\"og:url\" content=\"https:\/\/dev.monti.lt\/en\/product\/mokomasis-mikroskopas\/\" \/>\n<meta property=\"og:site_name\" content=\"Montessori \u017eaislai\" \/>\n<meta property=\"article:modified_time\" content=\"2024-07-13T09:05:57+00:00\" \/>\n<meta property=\"og:image\" content=\"https:\/\/dev.monti.lt\/wp-content\/uploads\/2024\/07\/lit_pl_Mokomasis-mikroskopas-1200x22379-17745_8.jpg\" \/>\n\t<meta property=\"og:image:width\" content=\"500\" \/>\n\t<meta property=\"og:image:height\" content=\"500\" \/>\n\t<meta property=\"og:image:type\" content=\"image\/jpeg\" \/>\n<meta name=\"twitter:card\" content=\"summary_large_image\" \/>\n<meta name=\"twitter:label1\" content=\"Est. reading time\" \/>\n\t<meta name=\"twitter:data1\" content=\"2 minutes\" \/>\n<script type=\"application\/ld+json\" class=\"yoast-schema-graph\">{\"@context\":\"https:\/\/schema.org\",\"@graph\":[{\"@type\":\"WebPage\",\"@id\":\"https:\/\/dev.monti.lt\/product\/mokomasis-mikroskopas\/\",\"url\":\"https:\/\/dev.monti.lt\/product\/mokomasis-mikroskopas\/\",\"name\":\"Mokomasis mikroskopas - Montessori \u017eaislai\",\"isPartOf\":{\"@id\":\"https:\/\/dev.monti.lt\/#website\"},\"primaryImageOfPage\":{\"@id\":\"https:\/\/dev.monti.lt\/product\/mokomasis-mikroskopas\/#primaryimage\"},\"image\":{\"@id\":\"https:\/\/dev.monti.lt\/product\/mokomasis-mikroskopas\/#primaryimage\"},\"thumbnailUrl\":\"https:\/\/dev.monti.lt\/wp-content\/uploads\/2024\/07\/lit_pl_Mokomasis-mikroskopas-1200x22379-17745_8.jpg\",\"datePublished\":\"2024-07-04T13:05:37+00:00\",\"dateModified\":\"2024-07-13T09:05:57+00:00\",\"breadcrumb\":{\"@id\":\"https:\/\/dev.monti.lt\/product\/mokomasis-mikroskopas\/#breadcrumb\"},\"inLanguage\":\"en-US\",\"potentialAction\":[{\"@type\":\"ReadAction\",\"target\":[\"https:\/\/dev.monti.lt\/product\/mokomasis-mikroskopas\/\"]}]},{\"@type\":\"ImageObject\",\"inLanguage\":\"en-US\",\"@id\":\"https:\/\/dev.monti.lt\/product\/mokomasis-mikroskopas\/#primaryimage\",\"url\":\"https:\/\/dev.monti.lt\/wp-content\/uploads\/2024\/07\/lit_pl_Mokomasis-mikroskopas-1200x22379-17745_8.jpg\",\"contentUrl\":\"https:\/\/dev.monti.lt\/wp-content\/uploads\/2024\/07\/lit_pl_Mokomasis-mikroskopas-1200x22379-17745_8.jpg\",\"width\":500,\"height\":500,\"caption\":\"mikroskopas\"},{\"@type\":\"BreadcrumbList\",\"@id\":\"https:\/\/dev.monti.lt\/product\/mokomasis-mikroskopas\/#breadcrumb\",\"itemListElement\":[{\"@type\":\"ListItem\",\"position\":1,\"name\":\"Home\",\"item\":\"https:\/\/dev.monti.lt\/\"},{\"@type\":\"ListItem\",\"position\":2,\"name\":\"Parduotuv\u0117\",\"item\":\"https:\/\/dev.monti.lt\/shop\/\"},{\"@type\":\"ListItem\",\"position\":3,\"name\":\"Mokomasis mikroskopas\"}]},{\"@type\":\"WebSite\",\"@id\":\"https:\/\/dev.monti.lt\/#website\",\"url\":\"https:\/\/dev.monti.lt\/\",\"name\":\"Montessori \u017eaislai\",\"description\":\"\",\"publisher\":{\"@id\":\"https:\/\/dev.monti.lt\/#organization\"},\"potentialAction\":[{\"@type\":\"SearchAction\",\"target\":{\"@type\":\"EntryPoint\",\"urlTemplate\":\"https:\/\/dev.monti.lt\/?s={search_term_string}\"},\"query-input\":\"required name=search_term_string\"}],\"inLanguage\":\"en-US\"},{\"@type\":\"Organization\",\"@id\":\"https:\/\/dev.monti.lt\/#organization\",\"name\":\"Montessori \u017eaislai\",\"url\":\"https:\/\/dev.monti.lt\/\",\"logo\":{\"@type\":\"ImageObject\",\"inLanguage\":\"en-US\",\"@id\":\"https:\/\/dev.monti.lt\/#\/schema\/logo\/image\/\",\"url\":\"https:\/\/dev.monti.lt\/wp-content\/uploads\/2022\/03\/montilogo-1.png\",\"contentUrl\":\"https:\/\/dev.monti.lt\/wp-content\/uploads\/2022\/03\/montilogo-1.png\",\"width\":512,\"height\":512,\"caption\":\"Montessori \u017eaislai\"},\"image\":{\"@id\":\"https:\/\/dev.monti.lt\/#\/schema\/logo\/image\/\"}}]}<\/script>\n<!-- \/ Yoast SEO plugin. -->","yoast_head_json":{"title":"Mokomasis mikroskopas - Montessori \u017eaislai","robots":{"index":"noindex","follow":"follow","max-snippet":"max-snippet:-1","max-image-preview":"max-image-preview:large","max-video-preview":"max-video-preview:-1"},"og_locale":"en_US","og_type":"article","og_title":"Mokomasis mikroskopas - Montessori \u017eaislai","og_description":"MOKYMASIS SKAITMENINIS MIKROSKOPAS 100x400x1200x + PRIEDAI&nbsp; RINKIN\u0116S SPECIFIKACIJOS: \u012eSKAITANT Tik \u012fsivaizduokite, kokius nuostabius dalykus atrasite su mikroskopu. Kaip atrodo padidinus vabzdys, plunksna, paveikslas laikra\u0161tyje, lapas, pir\u0161tas, plaukas ar druskos kristalai? Kasdieniai daiktai su mikroskopu atskleis savo mikro paslaptis ir atras nuostabius, anks\u010diau akiai nepasiekiamus vaizdus. \u0160is nuostabus aksesuar\u0173 rinkinys supa\u017eindins su nuostabiu mikrobiologijos, mokslo ir [&hellip;]","og_url":"https:\/\/dev.monti.lt\/en\/product\/mokomasis-mikroskopas\/","og_site_name":"Montessori \u017eaislai","article_modified_time":"2024-07-13T09:05:57+00:00","og_image":[{"width":500,"height":500,"url":"https:\/\/dev.monti.lt\/wp-content\/uploads\/2024\/07\/lit_pl_Mokomasis-mikroskopas-1200x22379-17745_8.jpg","type":"image\/jpeg"}],"twitter_card":"summary_large_image","twitter_misc":{"Est. reading time":"2 minutes"},"schema":{"@context":"https:\/\/schema.org","@graph":[{"@type":"WebPage","@id":"https:\/\/dev.monti.lt\/product\/mokomasis-mikroskopas\/","url":"https:\/\/dev.monti.lt\/product\/mokomasis-mikroskopas\/","name":"Mokomasis mikroskopas - Montessori \u017eaislai","isPartOf":{"@id":"https:\/\/dev.monti.lt\/#website"},"primaryImageOfPage":{"@id":"https:\/\/dev.monti.lt\/product\/mokomasis-mikroskopas\/#primaryimage"},"image":{"@id":"https:\/\/dev.monti.lt\/product\/mokomasis-mikroskopas\/#primaryimage"},"thumbnailUrl":"https:\/\/dev.monti.lt\/wp-content\/uploads\/2024\/07\/lit_pl_Mokomasis-mikroskopas-1200x22379-17745_8.jpg","datePublished":"2024-07-04T13:05:37+00:00","dateModified":"2024-07-13T09:05:57+00:00","breadcrumb":{"@id":"https:\/\/dev.monti.lt\/product\/mokomasis-mikroskopas\/#breadcrumb"},"inLanguage":"en-US","potentialAction":[{"@type":"ReadAction","target":["https:\/\/dev.monti.lt\/product\/mokomasis-mikroskopas\/"]}]},{"@type":"ImageObject","inLanguage":"en-US","@id":"https:\/\/dev.monti.lt\/product\/mokomasis-mikroskopas\/#primaryimage","url":"https:\/\/dev.monti.lt\/wp-content\/uploads\/2024\/07\/lit_pl_Mokomasis-mikroskopas-1200x22379-17745_8.jpg","contentUrl":"https:\/\/dev.monti.lt\/wp-content\/uploads\/2024\/07\/lit_pl_Mokomasis-mikroskopas-1200x22379-17745_8.jpg","width":500,"height":500,"caption":"mikroskopas"},{"@type":"BreadcrumbList","@id":"https:\/\/dev.monti.lt\/product\/mokomasis-mikroskopas\/#breadcrumb","itemListElement":[{"@type":"ListItem","position":1,"name":"Home","item":"https:\/\/dev.monti.lt\/"},{"@type":"ListItem","position":2,"name":"Parduotuv\u0117","item":"https:\/\/dev.monti.lt\/shop\/"},{"@type":"ListItem","position":3,"name":"Mokomasis mikroskopas"}]},{"@type":"WebSite","@id":"https:\/\/dev.monti.lt\/#website","url":"https:\/\/dev.monti.lt\/","name":"Montessori \u017eaislai","description":"","publisher":{"@id":"https:\/\/dev.monti.lt\/#organization"},"potentialAction":[{"@type":"SearchAction","target":{"@type":"EntryPoint","urlTemplate":"https:\/\/dev.monti.lt\/?s={search_term_string}"},"query-input":"required name=search_term_string"}],"inLanguage":"en-US"},{"@type":"Organization","@id":"https:\/\/dev.monti.lt\/#organization","name":"Montessori \u017eaislai","url":"https:\/\/dev.monti.lt\/","logo":{"@type":"ImageObject","inLanguage":"en-US","@id":"https:\/\/dev.monti.lt\/#\/schema\/logo\/image\/","url":"https:\/\/dev.monti.lt\/wp-content\/uploads\/2022\/03\/montilogo-1.png","contentUrl":"https:\/\/dev.monti.lt\/wp-content\/uploads\/2022\/03\/montilogo-1.png","width":512,"height":512,"caption":"Montessori \u017eaislai"},"image":{"@id":"https:\/\/dev.monti.lt\/#\/schema\/logo\/image\/"}}]}},"_links":{"self":[{"href":"https:\/\/dev.monti.lt\/en\/wp-json\/wp\/v2\/product\/23935"}],"collection":[{"href":"https:\/\/dev.monti.lt\/en\/wp-json\/wp\/v2\/product"}],"about":[{"href":"https:\/\/dev.monti.lt\/en\/wp-json\/wp\/v2\/types\/product"}],"version-history":[{"count":1,"href":"https:\/\/dev.monti.lt\/en\/wp-json\/wp\/v2\/product\/23935\/revisions"}],"predecessor-version":[{"id":23944,"href":"https:\/\/dev.monti.lt\/en\/wp-json\/wp\/v2\/product\/23935\/revisions\/23944"}],"wp:featuredmedia":[{"embeddable":true,"href":"https:\/\/dev.monti.lt\/en\/wp-json\/wp\/v2\/media\/23936"}],"wp:attachment":[{"href":"https:\/\/dev.monti.lt\/en\/wp-json\/wp\/v2\/media?parent=23935"}],"wp:term":[{"taxonomy":"product_cat","embeddable":true,"href":"https:\/\/dev.monti.lt\/en\/wp-json\/wp\/v2\/product_cat?post=23935"},{"taxonomy":"product_tag","embeddable":true,"href":"https:\/\/dev.monti.lt\/en\/wp-json\/wp\/v2\/product_tag?post=23935"}],"curies":[{"name":"wp","href":"https:\/\/api.w.org\/{rel}","templated":true}]}}