{"id":23914,"date":"2024-07-03T06:56:04","date_gmt":"2024-07-03T06:56:04","guid":{"rendered":"https:\/\/dev.monti.lt\/?post_type=product&#038;p=23914"},"modified":"2024-10-01T06:18:55","modified_gmt":"2024-10-01T06:18:55","slug":"pop-it-zaidimas","status":"publish","type":"product","link":"https:\/\/dev.monti.lt\/en\/product\/pop-it-zaidimas\/","title":{"rendered":"POP IT \u017eaidimas"},"content":{"rendered":"<p>\u017daidimas&nbsp;<strong>POP IT&nbsp;<\/strong><strong>Teddy me\u0161kiukas<\/strong>&nbsp;yra antistresinis \u017eaislas, puikiai tinkantis net ir ma\u017eiausiems vaikams. \u017daidimas skleid\u017eia linksmus garsus, skatinan\u010dius vaikus \u017eaisti ir pa\u012fvairinti \u017eaidimo eig\u0105. \u017daislas ma\u017eas, tod\u0117l galime pasiimti su savimi. Pop Tai&nbsp;<strong>smagu vaikams ir suaugusiems,<\/strong>&nbsp;kuriems tai patinka. Lavina prot\u0105, rank\u0173 \u012fg\u016bd\u017eius, aki\u0173-rank\u0173 koordinacij\u0105, lavina suvokim\u0105 ir padeda kovoti su stresu.<\/p><p><strong>Charakteristika:<\/strong><\/p><ul class=\"wp-block-list\"><li>\u017daislas nuo 3 met\u0173.<\/li>\n\n<li>\u017daislas skleid\u017eia linksmus garsus, skatinan\u010dius vaikus \u017eaisti.<\/li>\n\n<li>Padeda kovoti su stresu<\/li>\n\n<li><strong>POP IT<\/strong>&nbsp;&nbsp; padeda lavinti prot\u0105, rank\u0173 \u012fg\u016bd\u017eius ir aki\u0173-rank\u0173 koordinacij\u0105.<\/li><\/ul><p><strong>Interaktyvus \u017eaislas turi 4 skirtingus \u017eaidimo re\u017eimus:<\/strong><\/p><p>1.Atmintis , kurioje turime prisiminti atsitiktinai \u0161vytin\u010di\u0173 burbul\u0173&nbsp;<strong>sek\u0105<\/strong>&nbsp;ir atkurti j\u0105.<\/p><p>2.&nbsp;<strong>Ta\u0161k\u0173 skai\u010diavimas<\/strong>&nbsp;\u2013 tai toks re\u017eimas, kai surenkate kuo daugiau ta\u0161k\u0173 spausdami \u0161vie\u010dian\u010dius burbulus.<\/p><p>3&nbsp;<strong>. Keli\u0173 \u017eaid\u0117j\u0173 \u017eaidimas<\/strong>&nbsp;, leid\u017eiantis konkuruoti su kitais.<\/p><p>4.&nbsp;<strong>Breakout re\u017eimas,&nbsp;&nbsp;<\/strong>kuris turi 30 lygi\u0173 ir apima greit\u0105 \u0161vytin\u010di\u0173 burbul\u0173 paspaudim\u0105.<\/p><p><strong>\u017daidimas vystosi:<\/strong><\/p><ul class=\"wp-block-list\"><li>protas,<\/li>\n\n<li>rankiniai \u012fg\u016bd\u017eiai,<\/li>\n\n<li>aki\u0173-rank\u0173 koordinacija<\/li>\n\n<li>steb\u0117jimas<\/li><\/ul>","protected":false},"excerpt":{"rendered":"<p>\u017daidimas&nbsp;POP IT&nbsp;Teddy me\u0161kiukas&nbsp;yra antistresinis \u017eaislas, puikiai tinkantis net ir ma\u017eiausiems vaikams. \u017daidimas skleid\u017eia linksmus garsus, skatinan\u010dius vaikus \u017eaisti ir pa\u012fvairinti \u017eaidimo eig\u0105. \u017daislas ma\u017eas, tod\u0117l galime pasiimti su savimi. Pop Tai&nbsp;smagu vaikams ir suaugusiems,&nbsp;kuriems tai patinka. Lavina prot\u0105, rank\u0173 \u012fg\u016bd\u017eius, aki\u0173-rank\u0173 koordinacij\u0105, lavina suvokim\u0105 ir padeda kovoti su stresu. Charakteristika: Interaktyvus \u017eaislas turi 4 skirtingus [&hellip;]<\/p>","protected":false},"featured_media":23915,"template":"","meta":{"iawp_total_views":85},"product_cat":[84,91,86],"product_tag":[97,98,99],"class_list":{"0":"post-23914","1":"product","2":"type-product","3":"status-publish","4":"has-post-thumbnail","6":"product_cat-lavinamieji-zaislai","7":"product_cat-loginiam-mastymui","8":"product_cat-smulkioji-motorika","9":"product_tag-3-m-4-m","10":"product_tag-5-m-7-m","11":"product_tag-8-m-11-m","13":"first","14":"instock","15":"taxable","16":"shipping-taxable","17":"purchasable","18":"product-type-simple"},"yoast_head":"<!-- This site is optimized with the Yoast SEO plugin v23.3 - https:\/\/yoast.com\/wordpress\/plugins\/seo\/ -->\n<title>POP IT \u017eaidimas - Montessori \u017eaislai<\/title>\n<meta name=\"robots\" content=\"noindex, follow, max-snippet:-1, max-image-preview:large, max-video-preview:-1\" \/>\n<meta property=\"og:locale\" content=\"en_US\" \/>\n<meta property=\"og:type\" content=\"article\" \/>\n<meta property=\"og:title\" content=\"POP IT \u017eaidimas - Montessori \u017eaislai\" \/>\n<meta property=\"og:description\" content=\"\u017daidimas&nbsp;POP IT&nbsp;Teddy me\u0161kiukas&nbsp;yra antistresinis \u017eaislas, puikiai tinkantis net ir ma\u017eiausiems vaikams. \u017daidimas skleid\u017eia linksmus garsus, skatinan\u010dius vaikus \u017eaisti ir pa\u012fvairinti \u017eaidimo eig\u0105. \u017daislas ma\u017eas, tod\u0117l galime pasiimti su savimi. Pop Tai&nbsp;smagu vaikams ir suaugusiems,&nbsp;kuriems tai patinka. Lavina prot\u0105, rank\u0173 \u012fg\u016bd\u017eius, aki\u0173-rank\u0173 koordinacij\u0105, lavina suvokim\u0105 ir padeda kovoti su stresu. Charakteristika: Interaktyvus \u017eaislas turi 4 skirtingus [&hellip;]\" \/>\n<meta property=\"og:url\" content=\"https:\/\/dev.monti.lt\/en\/product\/pop-it-zaidimas\/\" \/>\n<meta property=\"og:site_name\" content=\"Montessori \u017eaislai\" \/>\n<meta property=\"article:modified_time\" content=\"2024-10-01T06:18:55+00:00\" \/>\n<meta property=\"og:image\" content=\"https:\/\/dev.monti.lt\/wp-content\/uploads\/2024\/07\/woopie-gra-pop-it-interaktywna-antystresowa-zrecznosciowa-mis.jpg\" \/>\n\t<meta property=\"og:image:width\" content=\"800\" \/>\n\t<meta property=\"og:image:height\" content=\"800\" \/>\n\t<meta property=\"og:image:type\" content=\"image\/jpeg\" \/>\n<meta name=\"twitter:card\" content=\"summary_large_image\" \/>\n<meta name=\"twitter:label1\" content=\"Est. reading time\" \/>\n\t<meta name=\"twitter:data1\" content=\"1 minute\" \/>\n<script type=\"application\/ld+json\" class=\"yoast-schema-graph\">{\"@context\":\"https:\/\/schema.org\",\"@graph\":[{\"@type\":\"WebPage\",\"@id\":\"https:\/\/dev.monti.lt\/product\/pop-it-zaidimas\/\",\"url\":\"https:\/\/dev.monti.lt\/product\/pop-it-zaidimas\/\",\"name\":\"POP IT \u017eaidimas - Montessori \u017eaislai\",\"isPartOf\":{\"@id\":\"https:\/\/dev.monti.lt\/#website\"},\"primaryImageOfPage\":{\"@id\":\"https:\/\/dev.monti.lt\/product\/pop-it-zaidimas\/#primaryimage\"},\"image\":{\"@id\":\"https:\/\/dev.monti.lt\/product\/pop-it-zaidimas\/#primaryimage\"},\"thumbnailUrl\":\"https:\/\/dev.monti.lt\/wp-content\/uploads\/2024\/07\/woopie-gra-pop-it-interaktywna-antystresowa-zrecznosciowa-mis.jpg\",\"datePublished\":\"2024-07-03T06:56:04+00:00\",\"dateModified\":\"2024-10-01T06:18:55+00:00\",\"breadcrumb\":{\"@id\":\"https:\/\/dev.monti.lt\/product\/pop-it-zaidimas\/#breadcrumb\"},\"inLanguage\":\"en-US\",\"potentialAction\":[{\"@type\":\"ReadAction\",\"target\":[\"https:\/\/dev.monti.lt\/product\/pop-it-zaidimas\/\"]}]},{\"@type\":\"ImageObject\",\"inLanguage\":\"en-US\",\"@id\":\"https:\/\/dev.monti.lt\/product\/pop-it-zaidimas\/#primaryimage\",\"url\":\"https:\/\/dev.monti.lt\/wp-content\/uploads\/2024\/07\/woopie-gra-pop-it-interaktywna-antystresowa-zrecznosciowa-mis.jpg\",\"contentUrl\":\"https:\/\/dev.monti.lt\/wp-content\/uploads\/2024\/07\/woopie-gra-pop-it-interaktywna-antystresowa-zrecznosciowa-mis.jpg\",\"width\":800,\"height\":800,\"caption\":\"pop it zaidimas\"},{\"@type\":\"BreadcrumbList\",\"@id\":\"https:\/\/dev.monti.lt\/product\/pop-it-zaidimas\/#breadcrumb\",\"itemListElement\":[{\"@type\":\"ListItem\",\"position\":1,\"name\":\"Home\",\"item\":\"https:\/\/dev.monti.lt\/\"},{\"@type\":\"ListItem\",\"position\":2,\"name\":\"Parduotuv\u0117\",\"item\":\"https:\/\/dev.monti.lt\/shop\/\"},{\"@type\":\"ListItem\",\"position\":3,\"name\":\"POP IT \u017eaidimas\"}]},{\"@type\":\"WebSite\",\"@id\":\"https:\/\/dev.monti.lt\/#website\",\"url\":\"https:\/\/dev.monti.lt\/\",\"name\":\"Montessori \u017eaislai\",\"description\":\"\",\"publisher\":{\"@id\":\"https:\/\/dev.monti.lt\/#organization\"},\"potentialAction\":[{\"@type\":\"SearchAction\",\"target\":{\"@type\":\"EntryPoint\",\"urlTemplate\":\"https:\/\/dev.monti.lt\/?s={search_term_string}\"},\"query-input\":\"required name=search_term_string\"}],\"inLanguage\":\"en-US\"},{\"@type\":\"Organization\",\"@id\":\"https:\/\/dev.monti.lt\/#organization\",\"name\":\"Montessori \u017eaislai\",\"url\":\"https:\/\/dev.monti.lt\/\",\"logo\":{\"@type\":\"ImageObject\",\"inLanguage\":\"en-US\",\"@id\":\"https:\/\/dev.monti.lt\/#\/schema\/logo\/image\/\",\"url\":\"https:\/\/dev.monti.lt\/wp-content\/uploads\/2022\/03\/montilogo-1.png\",\"contentUrl\":\"https:\/\/dev.monti.lt\/wp-content\/uploads\/2022\/03\/montilogo-1.png\",\"width\":512,\"height\":512,\"caption\":\"Montessori \u017eaislai\"},\"image\":{\"@id\":\"https:\/\/dev.monti.lt\/#\/schema\/logo\/image\/\"}}]}<\/script>\n<!-- \/ Yoast SEO plugin. -->","yoast_head_json":{"title":"POP IT \u017eaidimas - Montessori \u017eaislai","robots":{"index":"noindex","follow":"follow","max-snippet":"max-snippet:-1","max-image-preview":"max-image-preview:large","max-video-preview":"max-video-preview:-1"},"og_locale":"en_US","og_type":"article","og_title":"POP IT \u017eaidimas - Montessori \u017eaislai","og_description":"\u017daidimas&nbsp;POP IT&nbsp;Teddy me\u0161kiukas&nbsp;yra antistresinis \u017eaislas, puikiai tinkantis net ir ma\u017eiausiems vaikams. \u017daidimas skleid\u017eia linksmus garsus, skatinan\u010dius vaikus \u017eaisti ir pa\u012fvairinti \u017eaidimo eig\u0105. \u017daislas ma\u017eas, tod\u0117l galime pasiimti su savimi. Pop Tai&nbsp;smagu vaikams ir suaugusiems,&nbsp;kuriems tai patinka. Lavina prot\u0105, rank\u0173 \u012fg\u016bd\u017eius, aki\u0173-rank\u0173 koordinacij\u0105, lavina suvokim\u0105 ir padeda kovoti su stresu. Charakteristika: Interaktyvus \u017eaislas turi 4 skirtingus [&hellip;]","og_url":"https:\/\/dev.monti.lt\/en\/product\/pop-it-zaidimas\/","og_site_name":"Montessori \u017eaislai","article_modified_time":"2024-10-01T06:18:55+00:00","og_image":[{"width":800,"height":800,"url":"https:\/\/dev.monti.lt\/wp-content\/uploads\/2024\/07\/woopie-gra-pop-it-interaktywna-antystresowa-zrecznosciowa-mis.jpg","type":"image\/jpeg"}],"twitter_card":"summary_large_image","twitter_misc":{"Est. reading time":"1 minute"},"schema":{"@context":"https:\/\/schema.org","@graph":[{"@type":"WebPage","@id":"https:\/\/dev.monti.lt\/product\/pop-it-zaidimas\/","url":"https:\/\/dev.monti.lt\/product\/pop-it-zaidimas\/","name":"POP IT \u017eaidimas - Montessori \u017eaislai","isPartOf":{"@id":"https:\/\/dev.monti.lt\/#website"},"primaryImageOfPage":{"@id":"https:\/\/dev.monti.lt\/product\/pop-it-zaidimas\/#primaryimage"},"image":{"@id":"https:\/\/dev.monti.lt\/product\/pop-it-zaidimas\/#primaryimage"},"thumbnailUrl":"https:\/\/dev.monti.lt\/wp-content\/uploads\/2024\/07\/woopie-gra-pop-it-interaktywna-antystresowa-zrecznosciowa-mis.jpg","datePublished":"2024-07-03T06:56:04+00:00","dateModified":"2024-10-01T06:18:55+00:00","breadcrumb":{"@id":"https:\/\/dev.monti.lt\/product\/pop-it-zaidimas\/#breadcrumb"},"inLanguage":"en-US","potentialAction":[{"@type":"ReadAction","target":["https:\/\/dev.monti.lt\/product\/pop-it-zaidimas\/"]}]},{"@type":"ImageObject","inLanguage":"en-US","@id":"https:\/\/dev.monti.lt\/product\/pop-it-zaidimas\/#primaryimage","url":"https:\/\/dev.monti.lt\/wp-content\/uploads\/2024\/07\/woopie-gra-pop-it-interaktywna-antystresowa-zrecznosciowa-mis.jpg","contentUrl":"https:\/\/dev.monti.lt\/wp-content\/uploads\/2024\/07\/woopie-gra-pop-it-interaktywna-antystresowa-zrecznosciowa-mis.jpg","width":800,"height":800,"caption":"pop it zaidimas"},{"@type":"BreadcrumbList","@id":"https:\/\/dev.monti.lt\/product\/pop-it-zaidimas\/#breadcrumb","itemListElement":[{"@type":"ListItem","position":1,"name":"Home","item":"https:\/\/dev.monti.lt\/"},{"@type":"ListItem","position":2,"name":"Parduotuv\u0117","item":"https:\/\/dev.monti.lt\/shop\/"},{"@type":"ListItem","position":3,"name":"POP IT \u017eaidimas"}]},{"@type":"WebSite","@id":"https:\/\/dev.monti.lt\/#website","url":"https:\/\/dev.monti.lt\/","name":"Montessori \u017eaislai","description":"","publisher":{"@id":"https:\/\/dev.monti.lt\/#organization"},"potentialAction":[{"@type":"SearchAction","target":{"@type":"EntryPoint","urlTemplate":"https:\/\/dev.monti.lt\/?s={search_term_string}"},"query-input":"required name=search_term_string"}],"inLanguage":"en-US"},{"@type":"Organization","@id":"https:\/\/dev.monti.lt\/#organization","name":"Montessori \u017eaislai","url":"https:\/\/dev.monti.lt\/","logo":{"@type":"ImageObject","inLanguage":"en-US","@id":"https:\/\/dev.monti.lt\/#\/schema\/logo\/image\/","url":"https:\/\/dev.monti.lt\/wp-content\/uploads\/2022\/03\/montilogo-1.png","contentUrl":"https:\/\/dev.monti.lt\/wp-content\/uploads\/2022\/03\/montilogo-1.png","width":512,"height":512,"caption":"Montessori \u017eaislai"},"image":{"@id":"https:\/\/dev.monti.lt\/#\/schema\/logo\/image\/"}}]}},"_links":{"self":[{"href":"https:\/\/dev.monti.lt\/en\/wp-json\/wp\/v2\/product\/23914"}],"collection":[{"href":"https:\/\/dev.monti.lt\/en\/wp-json\/wp\/v2\/product"}],"about":[{"href":"https:\/\/dev.monti.lt\/en\/wp-json\/wp\/v2\/types\/product"}],"version-history":[{"count":1,"href":"https:\/\/dev.monti.lt\/en\/wp-json\/wp\/v2\/product\/23914\/revisions"}],"predecessor-version":[{"id":23922,"href":"https:\/\/dev.monti.lt\/en\/wp-json\/wp\/v2\/product\/23914\/revisions\/23922"}],"wp:featuredmedia":[{"embeddable":true,"href":"https:\/\/dev.monti.lt\/en\/wp-json\/wp\/v2\/media\/23915"}],"wp:attachment":[{"href":"https:\/\/dev.monti.lt\/en\/wp-json\/wp\/v2\/media?parent=23914"}],"wp:term":[{"taxonomy":"product_cat","embeddable":true,"href":"https:\/\/dev.monti.lt\/en\/wp-json\/wp\/v2\/product_cat?post=23914"},{"taxonomy":"product_tag","embeddable":true,"href":"https:\/\/dev.monti.lt\/en\/wp-json\/wp\/v2\/product_tag?post=23914"}],"curies":[{"name":"wp","href":"https:\/\/api.w.org\/{rel}","templated":true}]}}