{"id":23794,"date":"2024-06-17T12:09:27","date_gmt":"2024-06-17T12:09:27","guid":{"rendered":"https:\/\/dev.monti.lt\/?post_type=product&#038;p=23794"},"modified":"2024-06-17T12:09:28","modified_gmt":"2024-06-17T12:09:28","slug":"classic-world-edu-medinis-vandens-stalas","status":"publish","type":"product","link":"https:\/\/dev.monti.lt\/en\/product\/classic-world-edu-medinis-vandens-stalas\/","title":{"rendered":"Classic world EDU medinis vandens stalas"},"content":{"rendered":"<p><strong>Mobilus vandens staliukas<\/strong>&nbsp;i\u0161 prek\u0117s \u017eenklo&nbsp;<strong>CLASSIC WORLD<\/strong>&nbsp;leid\u017eia vaikams&nbsp;<strong>su\u017einoti, kaip<\/strong>&nbsp;vanduo teka i\u0161 vir\u0161aus&nbsp;<br>\u012f apa\u010di\u0105 su daugybe skyri\u0173, reguliuojan\u010di\u0173 vandens sraut\u0105.&nbsp;<br>Vaikai gali leisti vanden\u012f i\u0161 \u010diaupo ir steb\u0117ti, kaip teka vanduo. Mobili vandens stotis leid\u017eia vaikams&nbsp;<br>su\u017einoti apie vanden\u012f i\u0161 vir\u0161aus \u012f apa\u010di\u0105, o keli skyriai kontroliuoja vandens sraut\u0105.&nbsp;<br><strong>Ikimokyklinukai m\u0117gsta eksperimentuoti su vandeniu<\/strong>&nbsp;ir tikrinti, kaip jis elgiasi skirtingomis s\u0105lygomis.&nbsp;<br>D\u0117l to jie gali daug su\u017einoti apie skys\u010dio srauto kryptis ar siurblio veikim\u0105.&nbsp;<br>\u017daidimas prie stalo skatina vaikus&nbsp;<strong>\u012fgyti \u017eini\u0173, suteikia pasitik\u0117jimo savimi.&nbsp;<\/strong><br><br><strong>Charakteristika:<\/strong><\/p><ul class=\"wp-block-list\"><li>&#8211; \u017daislas nuo&nbsp;<strong>3 met\u0173<\/strong><\/li>\n\n<li>&#8211; Mobilumas<\/li>\n\n<li>&#8211; Dideli ratai leid\u017eia&nbsp;<strong>patogiai transportuoti<\/strong><\/li>\n\n<li>&#8211;&nbsp;&nbsp;&nbsp;<strong>Dideli pavir\u0161iai<\/strong>&nbsp;k\u016brybiniams, moksliniams \u017eaidimams<\/li>\n\n<li>&#8211; Savaranki\u0161ko surinkimo komplektas<\/li><\/ul><p><strong>\u017daislas vysto:<\/strong><\/p><ul class=\"wp-block-list\"><li>&#8211;&nbsp;&nbsp;&nbsp;<strong>Socialinis tobul\u0117jimas<\/strong>&nbsp;\u2013 bendras eksperimentavimas ir linksmyb\u0117s, veikimas grup\u0117je<\/li>\n\n<li>&#8211; Mokslinis i\u0161silavinimas &#8211; siurblio veikimas, vandens tek\u0117jimo kryp\u010di\u0173 mokymasis<\/li>\n\n<li>&#8211;&nbsp;&nbsp;&nbsp;<strong>Somatinis ugdymas<\/strong>&nbsp;\u2013 smulkioji motorika, koordinacija<\/li>\n\n<li>&#8211; Smalsumas tyrin\u0117ti pasaul\u012f<\/li>\n\n<li>&#8211; Loginis m\u0105stymas<\/li>\n\n<li>\u2013 Susikaupimas<\/li><\/ul><p>Siekiant u\u017etikrinti geriausias savybes lauko aplinkoje,\u00a0naudota\u00a0\u00a0<strong>impregnuota\u00a0pu\u0161ies mediena<\/strong>\u00a0. Impregnavimo d\u0117ka mediena yra\u00a0\u00a0<strong>atspari\u00a0\u00a0oro s\u0105lygoms<\/strong>\u00a0, o tai garantuoja jos ilgaam\u017ei\u0161kum\u0105 ir estetin\u0119 i\u0161vaizd\u0105 ilgus\u00a0<strong>metus\u00a0.\u00a0<\/strong>\u00a0Sprendimas\u00a0<strong>i\u0161skiria\u00a0\u00a0produkt\u0105<\/strong>\u00a0nuo sprendim\u0173, naudojam\u0173 konkurencinguose produktuose.<strong>\u00a0\u00a0<\/strong><\/p><figure class=\"wp-block-table\"><table><tbody><tr><td>Am\u017eius<\/td><td>nuo 3 met\u0173<\/td><\/tr><tr><td>Panaudojimas<\/td><td>edukacin\u0117 \u012franga<\/td><\/tr><tr><td>Med\u017eiaga<\/td><td>mediena<\/td><\/tr><tr><td>Gaminio matmenys<\/td><td>84 x 84 x 76 (cm)<\/td><\/tr><\/tbody><\/table><\/figure>","protected":false},"excerpt":{"rendered":"<p>Mobilus vandens staliukas&nbsp;i\u0161 prek\u0117s \u017eenklo&nbsp;CLASSIC WORLD&nbsp;leid\u017eia vaikams&nbsp;su\u017einoti, kaip&nbsp;vanduo teka i\u0161 vir\u0161aus&nbsp;\u012f apa\u010di\u0105 su daugybe skyri\u0173, reguliuojan\u010di\u0173 vandens sraut\u0105.&nbsp;Vaikai gali leisti vanden\u012f i\u0161 \u010diaupo ir steb\u0117ti, kaip teka vanduo. Mobili vandens stotis leid\u017eia vaikams&nbsp;su\u017einoti apie vanden\u012f i\u0161 vir\u0161aus \u012f apa\u010di\u0105, o keli skyriai kontroliuoja vandens sraut\u0105.&nbsp;Ikimokyklinukai m\u0117gsta eksperimentuoti su vandeniu&nbsp;ir tikrinti, kaip jis elgiasi skirtingomis s\u0105lygomis.&nbsp;D\u0117l [&hellip;]<\/p>","protected":false},"featured_media":23795,"template":"","meta":{"iawp_total_views":36},"product_cat":[218,238,102,83,199,49,39],"product_tag":[97,98],"class_list":{"0":"post-23794","1":"product","2":"type-product","3":"status-publish","4":"has-post-thumbnail","6":"product_cat-darzeliu-grupems","7":"product_cat-lauko-zaidimai","8":"product_cat-mediniai-zaislai","9":"product_cat-montessori-zaislai","10":"product_cat-ugdymo-istaigoms","11":"product_cat-visi-zaislai","12":"product_cat-zaislai","13":"product_tag-3-m-4-m","14":"product_tag-5-m-7-m","16":"first","17":"onbackorder","18":"taxable","19":"shipping-taxable","20":"purchasable","21":"product-type-simple"},"yoast_head":"<!-- This site is optimized with the Yoast SEO plugin v23.3 - https:\/\/yoast.com\/wordpress\/plugins\/seo\/ -->\n<title>Classic world EDU medinis vandens stalas - Montessori \u017eaislai<\/title>\n<meta name=\"robots\" content=\"noindex, follow, max-snippet:-1, max-image-preview:large, max-video-preview:-1\" \/>\n<meta property=\"og:locale\" content=\"en_US\" \/>\n<meta property=\"og:type\" content=\"article\" \/>\n<meta property=\"og:title\" content=\"Classic world EDU medinis vandens stalas - Montessori \u017eaislai\" \/>\n<meta property=\"og:description\" content=\"Mobilus vandens staliukas&nbsp;i\u0161 prek\u0117s \u017eenklo&nbsp;CLASSIC WORLD&nbsp;leid\u017eia vaikams&nbsp;su\u017einoti, kaip&nbsp;vanduo teka i\u0161 vir\u0161aus&nbsp;\u012f apa\u010di\u0105 su daugybe skyri\u0173, reguliuojan\u010di\u0173 vandens sraut\u0105.&nbsp;Vaikai gali leisti vanden\u012f i\u0161 \u010diaupo ir steb\u0117ti, kaip teka vanduo. Mobili vandens stotis leid\u017eia vaikams&nbsp;su\u017einoti apie vanden\u012f i\u0161 vir\u0161aus \u012f apa\u010di\u0105, o keli skyriai kontroliuoja vandens sraut\u0105.&nbsp;Ikimokyklinukai m\u0117gsta eksperimentuoti su vandeniu&nbsp;ir tikrinti, kaip jis elgiasi skirtingomis s\u0105lygomis.&nbsp;D\u0117l [&hellip;]\" \/>\n<meta property=\"og:url\" content=\"https:\/\/dev.monti.lt\/en\/product\/classic-world-edu-medinis-vandens-stalas\/\" \/>\n<meta property=\"og:site_name\" content=\"Montessori \u017eaislai\" \/>\n<meta property=\"article:modified_time\" content=\"2024-06-17T12:09:28+00:00\" \/>\n<meta property=\"og:image\" content=\"https:\/\/dev.monti.lt\/wp-content\/uploads\/2024\/06\/classic-world-edu-drewniany-stolik-wodny-xl-tor-droga-wody-z-tamami.jpg\" \/>\n\t<meta property=\"og:image:width\" content=\"800\" \/>\n\t<meta property=\"og:image:height\" content=\"800\" \/>\n\t<meta property=\"og:image:type\" content=\"image\/jpeg\" \/>\n<meta name=\"twitter:card\" content=\"summary_large_image\" \/>\n<meta name=\"twitter:label1\" content=\"Est. reading time\" \/>\n\t<meta name=\"twitter:data1\" content=\"2 minutes\" \/>\n<script type=\"application\/ld+json\" class=\"yoast-schema-graph\">{\"@context\":\"https:\/\/schema.org\",\"@graph\":[{\"@type\":\"WebPage\",\"@id\":\"https:\/\/dev.monti.lt\/product\/classic-world-edu-medinis-vandens-stalas\/\",\"url\":\"https:\/\/dev.monti.lt\/product\/classic-world-edu-medinis-vandens-stalas\/\",\"name\":\"Classic world EDU medinis vandens stalas - Montessori \u017eaislai\",\"isPartOf\":{\"@id\":\"https:\/\/dev.monti.lt\/#website\"},\"primaryImageOfPage\":{\"@id\":\"https:\/\/dev.monti.lt\/product\/classic-world-edu-medinis-vandens-stalas\/#primaryimage\"},\"image\":{\"@id\":\"https:\/\/dev.monti.lt\/product\/classic-world-edu-medinis-vandens-stalas\/#primaryimage\"},\"thumbnailUrl\":\"https:\/\/dev.monti.lt\/wp-content\/uploads\/2024\/06\/classic-world-edu-drewniany-stolik-wodny-xl-tor-droga-wody-z-tamami.jpg\",\"datePublished\":\"2024-06-17T12:09:27+00:00\",\"dateModified\":\"2024-06-17T12:09:28+00:00\",\"breadcrumb\":{\"@id\":\"https:\/\/dev.monti.lt\/product\/classic-world-edu-medinis-vandens-stalas\/#breadcrumb\"},\"inLanguage\":\"en-US\",\"potentialAction\":[{\"@type\":\"ReadAction\",\"target\":[\"https:\/\/dev.monti.lt\/product\/classic-world-edu-medinis-vandens-stalas\/\"]}]},{\"@type\":\"ImageObject\",\"inLanguage\":\"en-US\",\"@id\":\"https:\/\/dev.monti.lt\/product\/classic-world-edu-medinis-vandens-stalas\/#primaryimage\",\"url\":\"https:\/\/dev.monti.lt\/wp-content\/uploads\/2024\/06\/classic-world-edu-drewniany-stolik-wodny-xl-tor-droga-wody-z-tamami.jpg\",\"contentUrl\":\"https:\/\/dev.monti.lt\/wp-content\/uploads\/2024\/06\/classic-world-edu-drewniany-stolik-wodny-xl-tor-droga-wody-z-tamami.jpg\",\"width\":800,\"height\":800,\"caption\":\"edukacinis stalas\"},{\"@type\":\"BreadcrumbList\",\"@id\":\"https:\/\/dev.monti.lt\/product\/classic-world-edu-medinis-vandens-stalas\/#breadcrumb\",\"itemListElement\":[{\"@type\":\"ListItem\",\"position\":1,\"name\":\"Home\",\"item\":\"https:\/\/dev.monti.lt\/\"},{\"@type\":\"ListItem\",\"position\":2,\"name\":\"Parduotuv\u0117\",\"item\":\"https:\/\/dev.monti.lt\/shop\/\"},{\"@type\":\"ListItem\",\"position\":3,\"name\":\"Classic world EDU medinis vandens stalas\"}]},{\"@type\":\"WebSite\",\"@id\":\"https:\/\/dev.monti.lt\/#website\",\"url\":\"https:\/\/dev.monti.lt\/\",\"name\":\"Montessori \u017eaislai\",\"description\":\"\",\"publisher\":{\"@id\":\"https:\/\/dev.monti.lt\/#organization\"},\"potentialAction\":[{\"@type\":\"SearchAction\",\"target\":{\"@type\":\"EntryPoint\",\"urlTemplate\":\"https:\/\/dev.monti.lt\/?s={search_term_string}\"},\"query-input\":\"required name=search_term_string\"}],\"inLanguage\":\"en-US\"},{\"@type\":\"Organization\",\"@id\":\"https:\/\/dev.monti.lt\/#organization\",\"name\":\"Montessori \u017eaislai\",\"url\":\"https:\/\/dev.monti.lt\/\",\"logo\":{\"@type\":\"ImageObject\",\"inLanguage\":\"en-US\",\"@id\":\"https:\/\/dev.monti.lt\/#\/schema\/logo\/image\/\",\"url\":\"https:\/\/dev.monti.lt\/wp-content\/uploads\/2022\/03\/montilogo-1.png\",\"contentUrl\":\"https:\/\/dev.monti.lt\/wp-content\/uploads\/2022\/03\/montilogo-1.png\",\"width\":512,\"height\":512,\"caption\":\"Montessori \u017eaislai\"},\"image\":{\"@id\":\"https:\/\/dev.monti.lt\/#\/schema\/logo\/image\/\"}}]}<\/script>\n<!-- \/ Yoast SEO plugin. -->","yoast_head_json":{"title":"Classic world EDU medinis vandens stalas - Montessori \u017eaislai","robots":{"index":"noindex","follow":"follow","max-snippet":"max-snippet:-1","max-image-preview":"max-image-preview:large","max-video-preview":"max-video-preview:-1"},"og_locale":"en_US","og_type":"article","og_title":"Classic world EDU medinis vandens stalas - Montessori \u017eaislai","og_description":"Mobilus vandens staliukas&nbsp;i\u0161 prek\u0117s \u017eenklo&nbsp;CLASSIC WORLD&nbsp;leid\u017eia vaikams&nbsp;su\u017einoti, kaip&nbsp;vanduo teka i\u0161 vir\u0161aus&nbsp;\u012f apa\u010di\u0105 su daugybe skyri\u0173, reguliuojan\u010di\u0173 vandens sraut\u0105.&nbsp;Vaikai gali leisti vanden\u012f i\u0161 \u010diaupo ir steb\u0117ti, kaip teka vanduo. Mobili vandens stotis leid\u017eia vaikams&nbsp;su\u017einoti apie vanden\u012f i\u0161 vir\u0161aus \u012f apa\u010di\u0105, o keli skyriai kontroliuoja vandens sraut\u0105.&nbsp;Ikimokyklinukai m\u0117gsta eksperimentuoti su vandeniu&nbsp;ir tikrinti, kaip jis elgiasi skirtingomis s\u0105lygomis.&nbsp;D\u0117l [&hellip;]","og_url":"https:\/\/dev.monti.lt\/en\/product\/classic-world-edu-medinis-vandens-stalas\/","og_site_name":"Montessori \u017eaislai","article_modified_time":"2024-06-17T12:09:28+00:00","og_image":[{"width":800,"height":800,"url":"https:\/\/dev.monti.lt\/wp-content\/uploads\/2024\/06\/classic-world-edu-drewniany-stolik-wodny-xl-tor-droga-wody-z-tamami.jpg","type":"image\/jpeg"}],"twitter_card":"summary_large_image","twitter_misc":{"Est. reading time":"2 minutes"},"schema":{"@context":"https:\/\/schema.org","@graph":[{"@type":"WebPage","@id":"https:\/\/dev.monti.lt\/product\/classic-world-edu-medinis-vandens-stalas\/","url":"https:\/\/dev.monti.lt\/product\/classic-world-edu-medinis-vandens-stalas\/","name":"Classic world EDU medinis vandens stalas - Montessori \u017eaislai","isPartOf":{"@id":"https:\/\/dev.monti.lt\/#website"},"primaryImageOfPage":{"@id":"https:\/\/dev.monti.lt\/product\/classic-world-edu-medinis-vandens-stalas\/#primaryimage"},"image":{"@id":"https:\/\/dev.monti.lt\/product\/classic-world-edu-medinis-vandens-stalas\/#primaryimage"},"thumbnailUrl":"https:\/\/dev.monti.lt\/wp-content\/uploads\/2024\/06\/classic-world-edu-drewniany-stolik-wodny-xl-tor-droga-wody-z-tamami.jpg","datePublished":"2024-06-17T12:09:27+00:00","dateModified":"2024-06-17T12:09:28+00:00","breadcrumb":{"@id":"https:\/\/dev.monti.lt\/product\/classic-world-edu-medinis-vandens-stalas\/#breadcrumb"},"inLanguage":"en-US","potentialAction":[{"@type":"ReadAction","target":["https:\/\/dev.monti.lt\/product\/classic-world-edu-medinis-vandens-stalas\/"]}]},{"@type":"ImageObject","inLanguage":"en-US","@id":"https:\/\/dev.monti.lt\/product\/classic-world-edu-medinis-vandens-stalas\/#primaryimage","url":"https:\/\/dev.monti.lt\/wp-content\/uploads\/2024\/06\/classic-world-edu-drewniany-stolik-wodny-xl-tor-droga-wody-z-tamami.jpg","contentUrl":"https:\/\/dev.monti.lt\/wp-content\/uploads\/2024\/06\/classic-world-edu-drewniany-stolik-wodny-xl-tor-droga-wody-z-tamami.jpg","width":800,"height":800,"caption":"edukacinis stalas"},{"@type":"BreadcrumbList","@id":"https:\/\/dev.monti.lt\/product\/classic-world-edu-medinis-vandens-stalas\/#breadcrumb","itemListElement":[{"@type":"ListItem","position":1,"name":"Home","item":"https:\/\/dev.monti.lt\/"},{"@type":"ListItem","position":2,"name":"Parduotuv\u0117","item":"https:\/\/dev.monti.lt\/shop\/"},{"@type":"ListItem","position":3,"name":"Classic world EDU medinis vandens stalas"}]},{"@type":"WebSite","@id":"https:\/\/dev.monti.lt\/#website","url":"https:\/\/dev.monti.lt\/","name":"Montessori \u017eaislai","description":"","publisher":{"@id":"https:\/\/dev.monti.lt\/#organization"},"potentialAction":[{"@type":"SearchAction","target":{"@type":"EntryPoint","urlTemplate":"https:\/\/dev.monti.lt\/?s={search_term_string}"},"query-input":"required name=search_term_string"}],"inLanguage":"en-US"},{"@type":"Organization","@id":"https:\/\/dev.monti.lt\/#organization","name":"Montessori \u017eaislai","url":"https:\/\/dev.monti.lt\/","logo":{"@type":"ImageObject","inLanguage":"en-US","@id":"https:\/\/dev.monti.lt\/#\/schema\/logo\/image\/","url":"https:\/\/dev.monti.lt\/wp-content\/uploads\/2022\/03\/montilogo-1.png","contentUrl":"https:\/\/dev.monti.lt\/wp-content\/uploads\/2022\/03\/montilogo-1.png","width":512,"height":512,"caption":"Montessori \u017eaislai"},"image":{"@id":"https:\/\/dev.monti.lt\/#\/schema\/logo\/image\/"}}]}},"_links":{"self":[{"href":"https:\/\/dev.monti.lt\/en\/wp-json\/wp\/v2\/product\/23794"}],"collection":[{"href":"https:\/\/dev.monti.lt\/en\/wp-json\/wp\/v2\/product"}],"about":[{"href":"https:\/\/dev.monti.lt\/en\/wp-json\/wp\/v2\/types\/product"}],"version-history":[{"count":1,"href":"https:\/\/dev.monti.lt\/en\/wp-json\/wp\/v2\/product\/23794\/revisions"}],"predecessor-version":[{"id":23797,"href":"https:\/\/dev.monti.lt\/en\/wp-json\/wp\/v2\/product\/23794\/revisions\/23797"}],"wp:featuredmedia":[{"embeddable":true,"href":"https:\/\/dev.monti.lt\/en\/wp-json\/wp\/v2\/media\/23795"}],"wp:attachment":[{"href":"https:\/\/dev.monti.lt\/en\/wp-json\/wp\/v2\/media?parent=23794"}],"wp:term":[{"taxonomy":"product_cat","embeddable":true,"href":"https:\/\/dev.monti.lt\/en\/wp-json\/wp\/v2\/product_cat?post=23794"},{"taxonomy":"product_tag","embeddable":true,"href":"https:\/\/dev.monti.lt\/en\/wp-json\/wp\/v2\/product_tag?post=23794"}],"curies":[{"name":"wp","href":"https:\/\/api.w.org\/{rel}","templated":true}]}}