{"id":23777,"date":"2024-06-17T09:04:16","date_gmt":"2024-06-17T09:04:16","guid":{"rendered":"https:\/\/dev.monti.lt\/?post_type=product&#038;p=23777"},"modified":"2024-09-23T16:48:50","modified_gmt":"2024-09-23T16:48:50","slug":"projektorius-astronautas","status":"publish","type":"product","link":"https:\/\/dev.monti.lt\/en\/product\/projektorius-astronautas\/","title":{"rendered":"Projektorius-astronautas"},"content":{"rendered":"<h2 class=\"wp-block-heading\"><strong>Astronauto formos \u017evaig\u017ed\u017ei\u0173 projektorius<\/strong><\/h2><h1 class=\"wp-block-heading\">Naktinis \u017evaig\u017ed\u017ei\u0173 projektorius sukurtas taip, kad atrodyt\u0173 kaip astronautas, o astronauto galva yra magneti\u0161kai sujungta su k\u016bnu, kad b\u016bt\u0173 galima lengvai reguliuoti \u016bko projekcijos kamp\u0105. Be to, m\u0117nulio pagrindas yra nuimamas, o rankena taip pat reguliuojama, tod\u0117l tai ne tik \u017evaig\u017ed\u0117s galaktikos projektorius, bet ir gra\u017eus dekoratyvinis ornamentas.<\/h1><p><strong>\u0160VIESOS EFEKTAS<\/strong><strong>&nbsp;<\/strong>&#8211; projektorius turi daug \u012fsp\u016bding\u0173 \u0161viesos bang\u0173, kurios, suprojektuotos ant sien\u0173 ir lub\u0173, sukuria tikrovi\u0161k\u0105 \u017evaig\u017ed\u0117t\u0105 naktin\u012f dang\u0173, sukuria atpalaiduojan\u010di\u0105 ir patogi\u0105 atmosfer\u0105 ir leid\u017eia jaustis kaip vaik\u0161\u010diojant tarp \u017evaig\u017ed\u017ei\u0173.<\/p><p><strong>PAD\u0116DA U\u017dMIGTI<\/strong>&nbsp;\u2013 program\u0117l\u0117 puikiai veikia kaip projektorius ir naktin\u0117 lempa, kuri leis ma\u017eyliui ramiai pasiruo\u0161ti miegui. Ant sien\u0173 ir lub\u0173 pasirodanti \u0161viesa sutelks vaiko d\u0117mes\u012f ir pad\u0117s greitai ir tyliai u\u017emigti<\/p><p><strong>nuotolinio valdymo pulteliu galite laisvai \u012fjungti\/i\u0161jungti naktin\u0119 lemp\u0105, reguliuoti ry\u0161kum\u0105, keisti ap\u0161vietimo re\u017eim\u0105 ir valdyti laikmat\u012f.<\/strong><\/p><h1 class=\"wp-block-heading\">PRIVALUMAI<\/h1><ul class=\"wp-block-list\"><li>\u012fvairiaspalv\u0117 \u0161viesa<\/li>\n\n<li>projektoriaus funkcija<\/li>\n\n<li>nuotolinio valdymo pultu arba projektoriaus skydeliu<\/li>\n\n<li>\u0161viesos lygiai<\/li>\n\n<li>astronauto forma<\/li>\n\n<li>\u012fmontuotas laikmatis<\/li>\n\n<li>IZOXIS prek\u0117s \u017eenklas<\/li><\/ul><p>Daugiafunkcis projektorius veikia kaip lempa ir projektorius. Astronautas projektorius naudoja m\u0117lyn\u0105, raudon\u0105, \u017eali\u0105 ir balt\u0105 spalvas, kad sukurt\u0173 gra\u017ei\u0105 projekcij\u0105. \u0160viesa sklinda ant kambario lub\u0173 ir sien\u0173, sukuriant tikrovi\u0161k\u0105 \u017evaig\u017ed\u0117t\u0105 naktin\u012f dang\u0173, sukurian\u010di\u0105 atpalaiduojan\u010di\u0105 ir atmosferin\u0119 atmosfer\u0105 ir sukeliant\u012f nor\u0105 vaik\u0161\u010dioti tarp \u017evaig\u017ed\u017ei\u0173. Program\u0117l\u0117 lavina vaik\u0173 vaizduot\u0119 ir padeda greitai ir tyliai u\u017emigti.<\/p><p>Naudodami nuotolinio valdymo pult\u0105 galite laisvai \u012fjungti\/i\u0161jungti naktin\u0119 lemp\u0105, reguliuoti ry\u0161kum\u0105, keisti ap\u0161vietimo re\u017eim\u0105, valdyti laikmat\u012f.<\/p><p>USB \u2013 MiniUSB laidas naudojamas projektoriui maitinti<\/p><p>Ar galite j\u012f pritaikyti pagal savo poreikius?<\/p><p>Laikmatis su ilgiu arba vis\u0105 nakt\u012f ap\u0161vietimu<\/p><p>Intuityvus ir lengvai naudojamas valdymo pultas rei\u0161kia, kad niekam nekils problem\u0173 valdant \u012frengin\u012f, su juo susitvarkyti gali net vaikas.<\/p><p>\u012ejungtas gaminys veikia kaip naktin\u0117 lempa, skleid\u017eianti \u012fvairi\u0173 tip\u0173 nuolatin\u0119 \u0161vies\u0105.&nbsp;Puikiai tinka vaik\u0173 kambariui, ypa\u010d vaikams, kurie bijo tamsos. Tai suteiks jiems ram\u0173 ir saug\u0173 mieg\u0105.<\/p><h1 class=\"wp-block-heading\"><\/h1><p>Projektorius \u201eTrys viename\u201c tiks kaip dovana tiek mergait\u0117ms, tiek berniukams.<\/p>","protected":false},"excerpt":{"rendered":"<p>Astronauto formos \u017evaig\u017ed\u017ei\u0173 projektorius Naktinis \u017evaig\u017ed\u017ei\u0173 projektorius sukurtas taip, kad atrodyt\u0173 kaip astronautas, o astronauto galva yra magneti\u0161kai sujungta su k\u016bnu, kad b\u016bt\u0173 galima lengvai reguliuoti \u016bko projekcijos kamp\u0105. Be to, m\u0117nulio pagrindas yra nuimamas, o rankena taip pat reguliuojama, tod\u0117l tai ne tik \u017evaig\u017ed\u0117s galaktikos projektorius, bet ir gra\u017eus dekoratyvinis ornamentas. \u0160VIESOS EFEKTAS&nbsp;&#8211; projektorius [&hellip;]<\/p>","protected":false},"featured_media":23778,"template":"","meta":{"iawp_total_views":285},"product_cat":[193,194,195,216,217,197,196,191,81,84,90,50,49,39,215,214],"product_tag":[95,101,96,97,98,99,94],"class_list":{"0":"post-23777","1":"product","2":"type-product","3":"status-publish","4":"has-post-thumbnail","6":"product_cat-dovanos-vaikams-1-2-metu","7":"product_cat-dovanos-vaikams-2-3-metu","8":"product_cat-dovanos-vaikams-3-4-metu","9":"product_cat-dovanos-4-5-metu-vaikams","10":"product_cat-dovanos-5-7-metu-vaikams","11":"product_cat-dovanos-berniukams","12":"product_cat-dovanos-mergaitems","13":"product_cat-dovanos-vaikams","14":"product_cat-kiti-zaislai","15":"product_cat-lavinamieji-zaislai","16":"product_cat-pasaulio-pazinimas","17":"product_cat-top-dovanos","18":"product_cat-visi-zaislai","19":"product_cat-zaislai","20":"product_cat-zaislai-berniukams","21":"product_cat-zaislai-mergaitems","22":"product_tag-1-m-2-m","23":"product_tag-12-m-14-m","24":"product_tag-2-m-3-m","25":"product_tag-3-m-4-m","26":"product_tag-5-m-7-m","27":"product_tag-8-m-11-m","28":"product_tag-iki-1-m","30":"first","31":"instock","32":"taxable","33":"shipping-taxable","34":"purchasable","35":"product-type-simple"},"yoast_head":"<!-- This site is optimized with the Yoast SEO plugin v23.3 - https:\/\/yoast.com\/wordpress\/plugins\/seo\/ -->\n<title>Projektorius-astronautas - Montessori \u017eaislai<\/title>\n<meta name=\"robots\" content=\"noindex, follow, max-snippet:-1, max-image-preview:large, max-video-preview:-1\" \/>\n<meta property=\"og:locale\" content=\"en_US\" \/>\n<meta property=\"og:type\" content=\"article\" \/>\n<meta property=\"og:title\" content=\"Projektorius-astronautas - Montessori \u017eaislai\" \/>\n<meta property=\"og:description\" content=\"Astronauto formos \u017evaig\u017ed\u017ei\u0173 projektorius Naktinis \u017evaig\u017ed\u017ei\u0173 projektorius sukurtas taip, kad atrodyt\u0173 kaip astronautas, o astronauto galva yra magneti\u0161kai sujungta su k\u016bnu, kad b\u016bt\u0173 galima lengvai reguliuoti \u016bko projekcijos kamp\u0105. Be to, m\u0117nulio pagrindas yra nuimamas, o rankena taip pat reguliuojama, tod\u0117l tai ne tik \u017evaig\u017ed\u0117s galaktikos projektorius, bet ir gra\u017eus dekoratyvinis ornamentas. \u0160VIESOS EFEKTAS&nbsp;&#8211; projektorius [&hellip;]\" \/>\n<meta property=\"og:url\" content=\"https:\/\/dev.monti.lt\/en\/product\/projektorius-astronautas\/\" \/>\n<meta property=\"og:site_name\" content=\"Montessori \u017eaislai\" \/>\n<meta property=\"article:modified_time\" content=\"2024-09-23T16:48:50+00:00\" \/>\n<meta property=\"og:image\" content=\"https:\/\/dev.monti.lt\/wp-content\/uploads\/2024\/06\/lit_pl_Izoxis-21857-astronautas-LED-zvaigzdziu-projektorius-16836_9.jpg\" \/>\n\t<meta property=\"og:image:width\" content=\"500\" \/>\n\t<meta property=\"og:image:height\" content=\"500\" \/>\n\t<meta property=\"og:image:type\" content=\"image\/jpeg\" \/>\n<meta name=\"twitter:card\" content=\"summary_large_image\" \/>\n<meta name=\"twitter:label1\" content=\"Est. reading time\" \/>\n\t<meta name=\"twitter:data1\" content=\"2 minutes\" \/>\n<script type=\"application\/ld+json\" class=\"yoast-schema-graph\">{\"@context\":\"https:\/\/schema.org\",\"@graph\":[{\"@type\":\"WebPage\",\"@id\":\"https:\/\/dev.monti.lt\/product\/projektorius-astronautas\/\",\"url\":\"https:\/\/dev.monti.lt\/product\/projektorius-astronautas\/\",\"name\":\"Projektorius-astronautas - Montessori \u017eaislai\",\"isPartOf\":{\"@id\":\"https:\/\/dev.monti.lt\/#website\"},\"primaryImageOfPage\":{\"@id\":\"https:\/\/dev.monti.lt\/product\/projektorius-astronautas\/#primaryimage\"},\"image\":{\"@id\":\"https:\/\/dev.monti.lt\/product\/projektorius-astronautas\/#primaryimage\"},\"thumbnailUrl\":\"https:\/\/dev.monti.lt\/wp-content\/uploads\/2024\/06\/lit_pl_Izoxis-21857-astronautas-LED-zvaigzdziu-projektorius-16836_9.jpg\",\"datePublished\":\"2024-06-17T09:04:16+00:00\",\"dateModified\":\"2024-09-23T16:48:50+00:00\",\"breadcrumb\":{\"@id\":\"https:\/\/dev.monti.lt\/product\/projektorius-astronautas\/#breadcrumb\"},\"inLanguage\":\"en-US\",\"potentialAction\":[{\"@type\":\"ReadAction\",\"target\":[\"https:\/\/dev.monti.lt\/product\/projektorius-astronautas\/\"]}]},{\"@type\":\"ImageObject\",\"inLanguage\":\"en-US\",\"@id\":\"https:\/\/dev.monti.lt\/product\/projektorius-astronautas\/#primaryimage\",\"url\":\"https:\/\/dev.monti.lt\/wp-content\/uploads\/2024\/06\/lit_pl_Izoxis-21857-astronautas-LED-zvaigzdziu-projektorius-16836_9.jpg\",\"contentUrl\":\"https:\/\/dev.monti.lt\/wp-content\/uploads\/2024\/06\/lit_pl_Izoxis-21857-astronautas-LED-zvaigzdziu-projektorius-16836_9.jpg\",\"width\":500,\"height\":500,\"caption\":\"astronautas-projektorius\"},{\"@type\":\"BreadcrumbList\",\"@id\":\"https:\/\/dev.monti.lt\/product\/projektorius-astronautas\/#breadcrumb\",\"itemListElement\":[{\"@type\":\"ListItem\",\"position\":1,\"name\":\"Home\",\"item\":\"https:\/\/dev.monti.lt\/\"},{\"@type\":\"ListItem\",\"position\":2,\"name\":\"Parduotuv\u0117\",\"item\":\"https:\/\/dev.monti.lt\/shop\/\"},{\"@type\":\"ListItem\",\"position\":3,\"name\":\"Projektorius-astronautas\"}]},{\"@type\":\"WebSite\",\"@id\":\"https:\/\/dev.monti.lt\/#website\",\"url\":\"https:\/\/dev.monti.lt\/\",\"name\":\"Montessori \u017eaislai\",\"description\":\"\",\"publisher\":{\"@id\":\"https:\/\/dev.monti.lt\/#organization\"},\"potentialAction\":[{\"@type\":\"SearchAction\",\"target\":{\"@type\":\"EntryPoint\",\"urlTemplate\":\"https:\/\/dev.monti.lt\/?s={search_term_string}\"},\"query-input\":\"required name=search_term_string\"}],\"inLanguage\":\"en-US\"},{\"@type\":\"Organization\",\"@id\":\"https:\/\/dev.monti.lt\/#organization\",\"name\":\"Montessori \u017eaislai\",\"url\":\"https:\/\/dev.monti.lt\/\",\"logo\":{\"@type\":\"ImageObject\",\"inLanguage\":\"en-US\",\"@id\":\"https:\/\/dev.monti.lt\/#\/schema\/logo\/image\/\",\"url\":\"https:\/\/dev.monti.lt\/wp-content\/uploads\/2022\/03\/montilogo-1.png\",\"contentUrl\":\"https:\/\/dev.monti.lt\/wp-content\/uploads\/2022\/03\/montilogo-1.png\",\"width\":512,\"height\":512,\"caption\":\"Montessori \u017eaislai\"},\"image\":{\"@id\":\"https:\/\/dev.monti.lt\/#\/schema\/logo\/image\/\"}}]}<\/script>\n<!-- \/ Yoast SEO plugin. -->","yoast_head_json":{"title":"Projektorius-astronautas - Montessori \u017eaislai","robots":{"index":"noindex","follow":"follow","max-snippet":"max-snippet:-1","max-image-preview":"max-image-preview:large","max-video-preview":"max-video-preview:-1"},"og_locale":"en_US","og_type":"article","og_title":"Projektorius-astronautas - Montessori \u017eaislai","og_description":"Astronauto formos \u017evaig\u017ed\u017ei\u0173 projektorius Naktinis \u017evaig\u017ed\u017ei\u0173 projektorius sukurtas taip, kad atrodyt\u0173 kaip astronautas, o astronauto galva yra magneti\u0161kai sujungta su k\u016bnu, kad b\u016bt\u0173 galima lengvai reguliuoti \u016bko projekcijos kamp\u0105. Be to, m\u0117nulio pagrindas yra nuimamas, o rankena taip pat reguliuojama, tod\u0117l tai ne tik \u017evaig\u017ed\u0117s galaktikos projektorius, bet ir gra\u017eus dekoratyvinis ornamentas. \u0160VIESOS EFEKTAS&nbsp;&#8211; projektorius [&hellip;]","og_url":"https:\/\/dev.monti.lt\/en\/product\/projektorius-astronautas\/","og_site_name":"Montessori \u017eaislai","article_modified_time":"2024-09-23T16:48:50+00:00","og_image":[{"width":500,"height":500,"url":"https:\/\/dev.monti.lt\/wp-content\/uploads\/2024\/06\/lit_pl_Izoxis-21857-astronautas-LED-zvaigzdziu-projektorius-16836_9.jpg","type":"image\/jpeg"}],"twitter_card":"summary_large_image","twitter_misc":{"Est. reading time":"2 minutes"},"schema":{"@context":"https:\/\/schema.org","@graph":[{"@type":"WebPage","@id":"https:\/\/dev.monti.lt\/product\/projektorius-astronautas\/","url":"https:\/\/dev.monti.lt\/product\/projektorius-astronautas\/","name":"Projektorius-astronautas - Montessori \u017eaislai","isPartOf":{"@id":"https:\/\/dev.monti.lt\/#website"},"primaryImageOfPage":{"@id":"https:\/\/dev.monti.lt\/product\/projektorius-astronautas\/#primaryimage"},"image":{"@id":"https:\/\/dev.monti.lt\/product\/projektorius-astronautas\/#primaryimage"},"thumbnailUrl":"https:\/\/dev.monti.lt\/wp-content\/uploads\/2024\/06\/lit_pl_Izoxis-21857-astronautas-LED-zvaigzdziu-projektorius-16836_9.jpg","datePublished":"2024-06-17T09:04:16+00:00","dateModified":"2024-09-23T16:48:50+00:00","breadcrumb":{"@id":"https:\/\/dev.monti.lt\/product\/projektorius-astronautas\/#breadcrumb"},"inLanguage":"en-US","potentialAction":[{"@type":"ReadAction","target":["https:\/\/dev.monti.lt\/product\/projektorius-astronautas\/"]}]},{"@type":"ImageObject","inLanguage":"en-US","@id":"https:\/\/dev.monti.lt\/product\/projektorius-astronautas\/#primaryimage","url":"https:\/\/dev.monti.lt\/wp-content\/uploads\/2024\/06\/lit_pl_Izoxis-21857-astronautas-LED-zvaigzdziu-projektorius-16836_9.jpg","contentUrl":"https:\/\/dev.monti.lt\/wp-content\/uploads\/2024\/06\/lit_pl_Izoxis-21857-astronautas-LED-zvaigzdziu-projektorius-16836_9.jpg","width":500,"height":500,"caption":"astronautas-projektorius"},{"@type":"BreadcrumbList","@id":"https:\/\/dev.monti.lt\/product\/projektorius-astronautas\/#breadcrumb","itemListElement":[{"@type":"ListItem","position":1,"name":"Home","item":"https:\/\/dev.monti.lt\/"},{"@type":"ListItem","position":2,"name":"Parduotuv\u0117","item":"https:\/\/dev.monti.lt\/shop\/"},{"@type":"ListItem","position":3,"name":"Projektorius-astronautas"}]},{"@type":"WebSite","@id":"https:\/\/dev.monti.lt\/#website","url":"https:\/\/dev.monti.lt\/","name":"Montessori \u017eaislai","description":"","publisher":{"@id":"https:\/\/dev.monti.lt\/#organization"},"potentialAction":[{"@type":"SearchAction","target":{"@type":"EntryPoint","urlTemplate":"https:\/\/dev.monti.lt\/?s={search_term_string}"},"query-input":"required name=search_term_string"}],"inLanguage":"en-US"},{"@type":"Organization","@id":"https:\/\/dev.monti.lt\/#organization","name":"Montessori \u017eaislai","url":"https:\/\/dev.monti.lt\/","logo":{"@type":"ImageObject","inLanguage":"en-US","@id":"https:\/\/dev.monti.lt\/#\/schema\/logo\/image\/","url":"https:\/\/dev.monti.lt\/wp-content\/uploads\/2022\/03\/montilogo-1.png","contentUrl":"https:\/\/dev.monti.lt\/wp-content\/uploads\/2022\/03\/montilogo-1.png","width":512,"height":512,"caption":"Montessori \u017eaislai"},"image":{"@id":"https:\/\/dev.monti.lt\/#\/schema\/logo\/image\/"}}]}},"_links":{"self":[{"href":"https:\/\/dev.monti.lt\/en\/wp-json\/wp\/v2\/product\/23777"}],"collection":[{"href":"https:\/\/dev.monti.lt\/en\/wp-json\/wp\/v2\/product"}],"about":[{"href":"https:\/\/dev.monti.lt\/en\/wp-json\/wp\/v2\/types\/product"}],"version-history":[{"count":1,"href":"https:\/\/dev.monti.lt\/en\/wp-json\/wp\/v2\/product\/23777\/revisions"}],"predecessor-version":[{"id":23789,"href":"https:\/\/dev.monti.lt\/en\/wp-json\/wp\/v2\/product\/23777\/revisions\/23789"}],"wp:featuredmedia":[{"embeddable":true,"href":"https:\/\/dev.monti.lt\/en\/wp-json\/wp\/v2\/media\/23778"}],"wp:attachment":[{"href":"https:\/\/dev.monti.lt\/en\/wp-json\/wp\/v2\/media?parent=23777"}],"wp:term":[{"taxonomy":"product_cat","embeddable":true,"href":"https:\/\/dev.monti.lt\/en\/wp-json\/wp\/v2\/product_cat?post=23777"},{"taxonomy":"product_tag","embeddable":true,"href":"https:\/\/dev.monti.lt\/en\/wp-json\/wp\/v2\/product_tag?post=23777"}],"curies":[{"name":"wp","href":"https:\/\/api.w.org\/{rel}","templated":true}]}}