{"id":23725,"date":"2024-06-12T13:57:33","date_gmt":"2024-06-12T13:57:33","guid":{"rendered":"https:\/\/dev.monti.lt\/?post_type=product&#038;p=23725"},"modified":"2024-10-05T18:17:40","modified_gmt":"2024-10-05T18:17:40","slug":"svieciantys-magnetiniai-blokeliai-76-vnt-2","status":"publish","type":"product","link":"https:\/\/dev.monti.lt\/en\/product\/svieciantys-magnetiniai-blokeliai-76-vnt-2\/","title":{"rendered":"\u0160vie\u010diantys magnetiniai blokeliai, 76 vnt."},"content":{"rendered":"<p>APRA\u0160YMAS<\/p><p>MAGNETIN\u0116S KALAD\u0116L\u0116S MA\u017dIEMS VAIKAMS \u0160VIE\u010cIANTYS 76 ELEMENTAI<\/p><p>Blokeliai &#8211; tai \u017eaislai, kurie yra itin populiar\u016bs tarp vaik\u0173 ir net suaugusi\u0173j\u0173. Ir tame n\u0117ra nieko nuostabaus!<\/p><p>\u0160ios kalad\u0117l\u0117s, kaip ir visos kitos kalad\u0117l\u0117s, garantuoja daugyb\u0119 fantasti\u0161k\u0173 pramog\u0173, kuri\u0173 metu gal\u0117site statyti \u012fvairias fig\u016br\u0117les ir konstrukcijas. Bet tai dar ne viskas, nes toks smagumas atne\u0161a ir daug puikios naudos!<\/p><p>Ta\u010diau kuo b\u016btent \u0161ios kalad\u0117l\u0117s i\u0161siskiria i\u0161 kit\u0173?<\/p><p>Pirmiausia &#8211; jos yra magnetin\u0117s. O tai rei\u0161kia, kad jas sud\u0117lioti labai lengva. Norint sujungti kalad\u0117les, ir j\u0117gos \u012f tai \u012fd\u0117ti nereikia, kalad\u0117l\u0117s net pa\u010dios prilimpa viena prie kitos!<\/p><p>Antra &#8211; jie yra \u0161vie\u010diantys. Tokios detal\u0117s tikrai patiks j\u016bs\u0173 ma\u017eyliui! Steb\u0117ti rankomis statomus pastatus, mirguliuojan\u010dius \u0161viesoje, ma\u017eajam konstruktoriui bus nepakartojama patirtis!<\/p><p>Tre\u010dia &#8211; jie dideli. Specialiai didesnio dyd\u017eio kalad\u0117l\u0117s buvo sukurtos tam, kad su jomis gal\u0117t\u0173 \u017eaisti ir ma\u017eesni vaikai. Tod\u0117l \u0161\u012f rinkin\u012f savo ma\u017eyliui galite duoti be baim\u0117s &#8211; kalad\u0117li\u0173 dydis neleid\u017eia j\u0173 praryti!<\/p><p>Ir ketvirta &#8211; jie spalvingi. Blokeliai yra skirting\u0173 spalv\u0173, be to, spalvoti kamuoliukai turi skirting\u0105 miel\u0105 grafik\u0105. Tokiam rinkiniui tikrai neatsispirs n\u0117 vienas ma\u017eylis!<\/p><p>\u017daidimas su kalad\u0117l\u0117mis gerina bendr\u0105 vaiko vystym\u0105si. Imant kalad\u0117les \u012f rankas ir jas jungiant lavinami visuotinai suprantami rank\u0173 darbo \u012fg\u016bd\u017eiai &#8211; pir\u0161t\u0173 tikslumas, smulkioji motorika ir akies-rankos koordinacija. Ta\u010diau tokio \u017eaidimo metu neatsilieka ir intelektiniai geb\u0117jimai. V\u0117lesni\u0173 konstrukcij\u0173 planavimas skatina intelektini\u0173 geb\u0117jim\u0173 ir erdvin\u0117s vaizduot\u0117s vystym\u0105si.<\/p><p>Rinkinys pagamintas i\u0161 auk\u0161tos kokyb\u0117s med\u017eiag\u0173, tod\u0117l garantuojame, kad jis j\u016bs\u0173 ma\u017eyliui tarnaus tikrai ilgai!<\/p><p>Rinkinio turinys:<\/p><p>Spalvoti kamuoliukai su paveiksl\u0117liais x20<br>3 dyd\u017ei\u0173 \u0161vie\u010dian\u010dios kalad\u0117l\u0117s x16<br>Trumpos kalad\u0117l\u0117s x20<br>Ilgos kalad\u0117l\u0117s x12<br>Lenktos kalad\u0117l\u0117s x8<\/p><p>Techniniai parametrai:<\/p><p>Plastikas: metalas, plastikas<br>Element\u0173 skai\u010dius: 76<br>\u0160vie\u010dian\u010di\u0173 element\u0173 maitinimas: 76 vnt: maitinimas: 1,5 V baterijos (\u012feina \u012f komplekt\u0105)<br>Am\u017eius: 3+<\/p><p>Kamuolys: 4 cm<br>Trumpas blokelis: 5,5 cm x 2,5 cm<br>Ilgas blokas: 9 cm x 2,5 cm<br>Lenktas blokelis: 7,5 cm x 2,5 cm<br>Pakuot\u0117: 19 cm x 13 cm x 7 cm<\/p><p>Gaminys supakuotas \u012f esteti\u0161k\u0105 kartonin\u0119 d\u0117\u017eut\u0119.<\/p><p><\/p>","protected":false},"excerpt":{"rendered":"<p>APRA\u0160YMAS MAGNETIN\u0116S KALAD\u0116L\u0116S MA\u017dIEMS VAIKAMS \u0160VIE\u010cIANTYS 76 ELEMENTAI Blokeliai &#8211; tai \u017eaislai, kurie yra itin populiar\u016bs tarp vaik\u0173 ir net suaugusi\u0173j\u0173. Ir tame n\u0117ra nieko nuostabaus! \u0160ios kalad\u0117l\u0117s, kaip ir visos kitos kalad\u0117l\u0117s, garantuoja daugyb\u0119 fantasti\u0161k\u0173 pramog\u0173, kuri\u0173 metu gal\u0117site statyti \u012fvairias fig\u016br\u0117les ir konstrukcijas. Bet tai dar ne viskas, nes toks smagumas atne\u0161a ir [&hellip;]<\/p>","protected":false},"featured_media":23726,"template":"","meta":{"iawp_total_views":82},"product_cat":[199,202,39],"product_tag":[96,97,98],"class_list":{"0":"post-23725","1":"product","2":"type-product","3":"status-publish","4":"has-post-thumbnail","6":"product_cat-ugdymo-istaigoms","7":"product_cat-vaaikiski-konstruktoriai","8":"product_cat-zaislai","9":"product_tag-2-m-3-m","10":"product_tag-3-m-4-m","11":"product_tag-5-m-7-m","13":"first","14":"instock","15":"taxable","16":"shipping-taxable","17":"purchasable","18":"product-type-simple"},"yoast_head":"<!-- This site is optimized with the Yoast SEO plugin v23.3 - https:\/\/yoast.com\/wordpress\/plugins\/seo\/ -->\n<title>\u0160vie\u010diantys magnetiniai blokeliai, 76 vnt. - Montessori \u017eaislai<\/title>\n<meta name=\"robots\" content=\"noindex, follow, max-snippet:-1, max-image-preview:large, max-video-preview:-1\" \/>\n<meta property=\"og:locale\" content=\"en_US\" \/>\n<meta property=\"og:type\" content=\"article\" \/>\n<meta property=\"og:title\" content=\"\u0160vie\u010diantys magnetiniai blokeliai, 76 vnt. - Montessori \u017eaislai\" \/>\n<meta property=\"og:description\" content=\"APRA\u0160YMAS MAGNETIN\u0116S KALAD\u0116L\u0116S MA\u017dIEMS VAIKAMS \u0160VIE\u010cIANTYS 76 ELEMENTAI Blokeliai &#8211; tai \u017eaislai, kurie yra itin populiar\u016bs tarp vaik\u0173 ir net suaugusi\u0173j\u0173. Ir tame n\u0117ra nieko nuostabaus! \u0160ios kalad\u0117l\u0117s, kaip ir visos kitos kalad\u0117l\u0117s, garantuoja daugyb\u0119 fantasti\u0161k\u0173 pramog\u0173, kuri\u0173 metu gal\u0117site statyti \u012fvairias fig\u016br\u0117les ir konstrukcijas. Bet tai dar ne viskas, nes toks smagumas atne\u0161a ir [&hellip;]\" \/>\n<meta property=\"og:url\" content=\"https:\/\/dev.monti.lt\/en\/product\/svieciantys-magnetiniai-blokeliai-76-vnt-2\/\" \/>\n<meta property=\"og:site_name\" content=\"Montessori \u017eaislai\" \/>\n<meta property=\"article:modified_time\" content=\"2024-10-05T18:17:40+00:00\" \/>\n<meta property=\"og:image\" content=\"https:\/\/dev.monti.lt\/wp-content\/uploads\/2024\/06\/Luminous-magnetic-blocks-for-small-children-76-elements-133568.jpg\" \/>\n\t<meta property=\"og:image:width\" content=\"600\" \/>\n\t<meta property=\"og:image:height\" content=\"600\" \/>\n\t<meta property=\"og:image:type\" content=\"image\/jpeg\" \/>\n<meta name=\"twitter:card\" content=\"summary_large_image\" \/>\n<meta name=\"twitter:label1\" content=\"Est. reading time\" \/>\n\t<meta name=\"twitter:data1\" content=\"2 minutes\" \/>\n<script type=\"application\/ld+json\" class=\"yoast-schema-graph\">{\"@context\":\"https:\/\/schema.org\",\"@graph\":[{\"@type\":\"WebPage\",\"@id\":\"https:\/\/dev.monti.lt\/product\/svieciantys-magnetiniai-blokeliai-76-vnt-2\/\",\"url\":\"https:\/\/dev.monti.lt\/product\/svieciantys-magnetiniai-blokeliai-76-vnt-2\/\",\"name\":\"\u0160vie\u010diantys magnetiniai blokeliai, 76 vnt. - Montessori \u017eaislai\",\"isPartOf\":{\"@id\":\"https:\/\/dev.monti.lt\/#website\"},\"primaryImageOfPage\":{\"@id\":\"https:\/\/dev.monti.lt\/product\/svieciantys-magnetiniai-blokeliai-76-vnt-2\/#primaryimage\"},\"image\":{\"@id\":\"https:\/\/dev.monti.lt\/product\/svieciantys-magnetiniai-blokeliai-76-vnt-2\/#primaryimage\"},\"thumbnailUrl\":\"https:\/\/dev.monti.lt\/wp-content\/uploads\/2024\/06\/Luminous-magnetic-blocks-for-small-children-76-elements-133568.jpg\",\"datePublished\":\"2024-06-12T13:57:33+00:00\",\"dateModified\":\"2024-10-05T18:17:40+00:00\",\"breadcrumb\":{\"@id\":\"https:\/\/dev.monti.lt\/product\/svieciantys-magnetiniai-blokeliai-76-vnt-2\/#breadcrumb\"},\"inLanguage\":\"en-US\",\"potentialAction\":[{\"@type\":\"ReadAction\",\"target\":[\"https:\/\/dev.monti.lt\/product\/svieciantys-magnetiniai-blokeliai-76-vnt-2\/\"]}]},{\"@type\":\"ImageObject\",\"inLanguage\":\"en-US\",\"@id\":\"https:\/\/dev.monti.lt\/product\/svieciantys-magnetiniai-blokeliai-76-vnt-2\/#primaryimage\",\"url\":\"https:\/\/dev.monti.lt\/wp-content\/uploads\/2024\/06\/Luminous-magnetic-blocks-for-small-children-76-elements-133568.jpg\",\"contentUrl\":\"https:\/\/dev.monti.lt\/wp-content\/uploads\/2024\/06\/Luminous-magnetic-blocks-for-small-children-76-elements-133568.jpg\",\"width\":600,\"height\":600,\"caption\":\"blokeliai\"},{\"@type\":\"BreadcrumbList\",\"@id\":\"https:\/\/dev.monti.lt\/product\/svieciantys-magnetiniai-blokeliai-76-vnt-2\/#breadcrumb\",\"itemListElement\":[{\"@type\":\"ListItem\",\"position\":1,\"name\":\"Home\",\"item\":\"https:\/\/dev.monti.lt\/\"},{\"@type\":\"ListItem\",\"position\":2,\"name\":\"Parduotuv\u0117\",\"item\":\"https:\/\/dev.monti.lt\/shop\/\"},{\"@type\":\"ListItem\",\"position\":3,\"name\":\"\u0160vie\u010diantys magnetiniai blokeliai, 76 vnt.\"}]},{\"@type\":\"WebSite\",\"@id\":\"https:\/\/dev.monti.lt\/#website\",\"url\":\"https:\/\/dev.monti.lt\/\",\"name\":\"Montessori \u017eaislai\",\"description\":\"\",\"publisher\":{\"@id\":\"https:\/\/dev.monti.lt\/#organization\"},\"potentialAction\":[{\"@type\":\"SearchAction\",\"target\":{\"@type\":\"EntryPoint\",\"urlTemplate\":\"https:\/\/dev.monti.lt\/?s={search_term_string}\"},\"query-input\":\"required name=search_term_string\"}],\"inLanguage\":\"en-US\"},{\"@type\":\"Organization\",\"@id\":\"https:\/\/dev.monti.lt\/#organization\",\"name\":\"Montessori \u017eaislai\",\"url\":\"https:\/\/dev.monti.lt\/\",\"logo\":{\"@type\":\"ImageObject\",\"inLanguage\":\"en-US\",\"@id\":\"https:\/\/dev.monti.lt\/#\/schema\/logo\/image\/\",\"url\":\"https:\/\/dev.monti.lt\/wp-content\/uploads\/2022\/03\/montilogo-1.png\",\"contentUrl\":\"https:\/\/dev.monti.lt\/wp-content\/uploads\/2022\/03\/montilogo-1.png\",\"width\":512,\"height\":512,\"caption\":\"Montessori \u017eaislai\"},\"image\":{\"@id\":\"https:\/\/dev.monti.lt\/#\/schema\/logo\/image\/\"}}]}<\/script>\n<!-- \/ Yoast SEO plugin. -->","yoast_head_json":{"title":"\u0160vie\u010diantys magnetiniai blokeliai, 76 vnt. - Montessori \u017eaislai","robots":{"index":"noindex","follow":"follow","max-snippet":"max-snippet:-1","max-image-preview":"max-image-preview:large","max-video-preview":"max-video-preview:-1"},"og_locale":"en_US","og_type":"article","og_title":"\u0160vie\u010diantys magnetiniai blokeliai, 76 vnt. - Montessori \u017eaislai","og_description":"APRA\u0160YMAS MAGNETIN\u0116S KALAD\u0116L\u0116S MA\u017dIEMS VAIKAMS \u0160VIE\u010cIANTYS 76 ELEMENTAI Blokeliai &#8211; tai \u017eaislai, kurie yra itin populiar\u016bs tarp vaik\u0173 ir net suaugusi\u0173j\u0173. Ir tame n\u0117ra nieko nuostabaus! \u0160ios kalad\u0117l\u0117s, kaip ir visos kitos kalad\u0117l\u0117s, garantuoja daugyb\u0119 fantasti\u0161k\u0173 pramog\u0173, kuri\u0173 metu gal\u0117site statyti \u012fvairias fig\u016br\u0117les ir konstrukcijas. Bet tai dar ne viskas, nes toks smagumas atne\u0161a ir [&hellip;]","og_url":"https:\/\/dev.monti.lt\/en\/product\/svieciantys-magnetiniai-blokeliai-76-vnt-2\/","og_site_name":"Montessori \u017eaislai","article_modified_time":"2024-10-05T18:17:40+00:00","og_image":[{"width":600,"height":600,"url":"https:\/\/dev.monti.lt\/wp-content\/uploads\/2024\/06\/Luminous-magnetic-blocks-for-small-children-76-elements-133568.jpg","type":"image\/jpeg"}],"twitter_card":"summary_large_image","twitter_misc":{"Est. reading time":"2 minutes"},"schema":{"@context":"https:\/\/schema.org","@graph":[{"@type":"WebPage","@id":"https:\/\/dev.monti.lt\/product\/svieciantys-magnetiniai-blokeliai-76-vnt-2\/","url":"https:\/\/dev.monti.lt\/product\/svieciantys-magnetiniai-blokeliai-76-vnt-2\/","name":"\u0160vie\u010diantys magnetiniai blokeliai, 76 vnt. - Montessori \u017eaislai","isPartOf":{"@id":"https:\/\/dev.monti.lt\/#website"},"primaryImageOfPage":{"@id":"https:\/\/dev.monti.lt\/product\/svieciantys-magnetiniai-blokeliai-76-vnt-2\/#primaryimage"},"image":{"@id":"https:\/\/dev.monti.lt\/product\/svieciantys-magnetiniai-blokeliai-76-vnt-2\/#primaryimage"},"thumbnailUrl":"https:\/\/dev.monti.lt\/wp-content\/uploads\/2024\/06\/Luminous-magnetic-blocks-for-small-children-76-elements-133568.jpg","datePublished":"2024-06-12T13:57:33+00:00","dateModified":"2024-10-05T18:17:40+00:00","breadcrumb":{"@id":"https:\/\/dev.monti.lt\/product\/svieciantys-magnetiniai-blokeliai-76-vnt-2\/#breadcrumb"},"inLanguage":"en-US","potentialAction":[{"@type":"ReadAction","target":["https:\/\/dev.monti.lt\/product\/svieciantys-magnetiniai-blokeliai-76-vnt-2\/"]}]},{"@type":"ImageObject","inLanguage":"en-US","@id":"https:\/\/dev.monti.lt\/product\/svieciantys-magnetiniai-blokeliai-76-vnt-2\/#primaryimage","url":"https:\/\/dev.monti.lt\/wp-content\/uploads\/2024\/06\/Luminous-magnetic-blocks-for-small-children-76-elements-133568.jpg","contentUrl":"https:\/\/dev.monti.lt\/wp-content\/uploads\/2024\/06\/Luminous-magnetic-blocks-for-small-children-76-elements-133568.jpg","width":600,"height":600,"caption":"blokeliai"},{"@type":"BreadcrumbList","@id":"https:\/\/dev.monti.lt\/product\/svieciantys-magnetiniai-blokeliai-76-vnt-2\/#breadcrumb","itemListElement":[{"@type":"ListItem","position":1,"name":"Home","item":"https:\/\/dev.monti.lt\/"},{"@type":"ListItem","position":2,"name":"Parduotuv\u0117","item":"https:\/\/dev.monti.lt\/shop\/"},{"@type":"ListItem","position":3,"name":"\u0160vie\u010diantys magnetiniai blokeliai, 76 vnt."}]},{"@type":"WebSite","@id":"https:\/\/dev.monti.lt\/#website","url":"https:\/\/dev.monti.lt\/","name":"Montessori \u017eaislai","description":"","publisher":{"@id":"https:\/\/dev.monti.lt\/#organization"},"potentialAction":[{"@type":"SearchAction","target":{"@type":"EntryPoint","urlTemplate":"https:\/\/dev.monti.lt\/?s={search_term_string}"},"query-input":"required name=search_term_string"}],"inLanguage":"en-US"},{"@type":"Organization","@id":"https:\/\/dev.monti.lt\/#organization","name":"Montessori \u017eaislai","url":"https:\/\/dev.monti.lt\/","logo":{"@type":"ImageObject","inLanguage":"en-US","@id":"https:\/\/dev.monti.lt\/#\/schema\/logo\/image\/","url":"https:\/\/dev.monti.lt\/wp-content\/uploads\/2022\/03\/montilogo-1.png","contentUrl":"https:\/\/dev.monti.lt\/wp-content\/uploads\/2022\/03\/montilogo-1.png","width":512,"height":512,"caption":"Montessori \u017eaislai"},"image":{"@id":"https:\/\/dev.monti.lt\/#\/schema\/logo\/image\/"}}]}},"_links":{"self":[{"href":"https:\/\/dev.monti.lt\/en\/wp-json\/wp\/v2\/product\/23725"}],"collection":[{"href":"https:\/\/dev.monti.lt\/en\/wp-json\/wp\/v2\/product"}],"about":[{"href":"https:\/\/dev.monti.lt\/en\/wp-json\/wp\/v2\/types\/product"}],"version-history":[{"count":1,"href":"https:\/\/dev.monti.lt\/en\/wp-json\/wp\/v2\/product\/23725\/revisions"}],"predecessor-version":[{"id":23730,"href":"https:\/\/dev.monti.lt\/en\/wp-json\/wp\/v2\/product\/23725\/revisions\/23730"}],"wp:featuredmedia":[{"embeddable":true,"href":"https:\/\/dev.monti.lt\/en\/wp-json\/wp\/v2\/media\/23726"}],"wp:attachment":[{"href":"https:\/\/dev.monti.lt\/en\/wp-json\/wp\/v2\/media?parent=23725"}],"wp:term":[{"taxonomy":"product_cat","embeddable":true,"href":"https:\/\/dev.monti.lt\/en\/wp-json\/wp\/v2\/product_cat?post=23725"},{"taxonomy":"product_tag","embeddable":true,"href":"https:\/\/dev.monti.lt\/en\/wp-json\/wp\/v2\/product_tag?post=23725"}],"curies":[{"name":"wp","href":"https:\/\/api.w.org\/{rel}","templated":true}]}}