{"id":23549,"date":"2024-05-17T08:37:35","date_gmt":"2024-05-17T08:37:35","guid":{"rendered":"https:\/\/dev.monti.lt\/?post_type=product&#038;p=23549"},"modified":"2024-10-02T10:08:53","modified_gmt":"2024-10-02T10:08:53","slug":"medinis-kubas-rusiuoklis-pasaulis","status":"publish","type":"product","link":"https:\/\/dev.monti.lt\/en\/product\/medinis-kubas-rusiuoklis-pasaulis\/","title":{"rendered":"Medinis kubas-r\u016b\u0161iuoklis &#8220;Pasaulis&#8221;"},"content":{"rendered":"<p>mokomasis kubas su daugybe \u017eaidim\u0173, kurie ne tik linksmina, bet ir moko!<br>Medinis edukacinis kubas su labirintu, kuris u\u017eims m\u016bs\u0173 vaik\u0105 ilgoms valandoms! D\u0117l to, kad kubas turi skirtingas puses su daugybe form\u0173, kurias galima r\u016b\u0161iuoti, m\u016bs\u0173 vaikui pa\u010diam patiks su juo \u017eaisti.<\/p><p>\u2705 kubo matmenys yra ma\u017edaug: 16,5&#215;16,5&#215;27 cm.<\/p>","protected":false},"excerpt":{"rendered":"<p>mokomasis kubas su daugybe \u017eaidim\u0173, kurie ne tik linksmina, bet ir moko!Medinis edukacinis kubas su labirintu, kuris u\u017eims m\u016bs\u0173 vaik\u0105 ilgoms valandoms! D\u0117l to, kad kubas turi skirtingas puses su daugybe form\u0173, kurias galima r\u016b\u0161iuoti, m\u016bs\u0173 vaikui pa\u010diam patiks su juo \u017eaisti. \u2705 kubo matmenys yra ma\u017edaug: 16,5&#215;16,5&#215;27 cm.<\/p>","protected":false},"featured_media":23550,"template":"","meta":{"iawp_total_views":135},"product_cat":[84,91,102,90,86,49,39],"product_tag":[95,96,97],"class_list":{"0":"post-23549","1":"product","2":"type-product","3":"status-publish","4":"has-post-thumbnail","6":"product_cat-lavinamieji-zaislai","7":"product_cat-loginiam-mastymui","8":"product_cat-mediniai-zaislai","9":"product_cat-pasaulio-pazinimas","10":"product_cat-smulkioji-motorika","11":"product_cat-visi-zaislai","12":"product_cat-zaislai","13":"product_tag-1-m-2-m","14":"product_tag-2-m-3-m","15":"product_tag-3-m-4-m","17":"first","18":"instock","19":"taxable","20":"shipping-taxable","21":"purchasable","22":"product-type-simple"},"yoast_head":"<!-- This site is optimized with the Yoast SEO plugin v23.3 - https:\/\/yoast.com\/wordpress\/plugins\/seo\/ -->\n<title>Medinis kubas-r\u016b\u0161iuoklis &quot;Pasaulis&quot; - Montessori \u017eaislai<\/title>\n<meta name=\"robots\" content=\"noindex, follow, max-snippet:-1, max-image-preview:large, max-video-preview:-1\" \/>\n<meta property=\"og:locale\" content=\"en_US\" \/>\n<meta property=\"og:type\" content=\"article\" \/>\n<meta property=\"og:title\" content=\"Medinis kubas-r\u016b\u0161iuoklis &quot;Pasaulis&quot; - Montessori \u017eaislai\" \/>\n<meta property=\"og:description\" content=\"mokomasis kubas su daugybe \u017eaidim\u0173, kurie ne tik linksmina, bet ir moko!Medinis edukacinis kubas su labirintu, kuris u\u017eims m\u016bs\u0173 vaik\u0105 ilgoms valandoms! D\u0117l to, kad kubas turi skirtingas puses su daugybe form\u0173, kurias galima r\u016b\u0161iuoti, m\u016bs\u0173 vaikui pa\u010diam patiks su juo \u017eaisti. \u2705 kubo matmenys yra ma\u017edaug: 16,5&#215;16,5&#215;27 cm.\" \/>\n<meta property=\"og:url\" content=\"https:\/\/dev.monti.lt\/en\/product\/medinis-kubas-rusiuoklis-pasaulis\/\" \/>\n<meta property=\"og:site_name\" content=\"Montessori \u017eaislai\" \/>\n<meta property=\"article:modified_time\" content=\"2024-10-02T10:08:53+00:00\" \/>\n<meta property=\"og:image\" content=\"https:\/\/dev.monti.lt\/wp-content\/uploads\/2024\/05\/drewniana-kostka-edukacyjna-sorter-zwierzeta.webp\" \/>\n\t<meta property=\"og:image:width\" content=\"800\" \/>\n\t<meta property=\"og:image:height\" content=\"800\" \/>\n\t<meta property=\"og:image:type\" content=\"image\/webp\" \/>\n<meta name=\"twitter:card\" content=\"summary_large_image\" \/>\n<meta name=\"twitter:label1\" content=\"Est. reading time\" \/>\n\t<meta name=\"twitter:data1\" content=\"1 minute\" \/>\n<script type=\"application\/ld+json\" class=\"yoast-schema-graph\">{\"@context\":\"https:\/\/schema.org\",\"@graph\":[{\"@type\":\"WebPage\",\"@id\":\"https:\/\/dev.monti.lt\/product\/medinis-kubas-rusiuoklis-pasaulis\/\",\"url\":\"https:\/\/dev.monti.lt\/product\/medinis-kubas-rusiuoklis-pasaulis\/\",\"name\":\"Medinis kubas-r\u016b\u0161iuoklis \\\"Pasaulis\\\" - Montessori \u017eaislai\",\"isPartOf\":{\"@id\":\"https:\/\/dev.monti.lt\/#website\"},\"primaryImageOfPage\":{\"@id\":\"https:\/\/dev.monti.lt\/product\/medinis-kubas-rusiuoklis-pasaulis\/#primaryimage\"},\"image\":{\"@id\":\"https:\/\/dev.monti.lt\/product\/medinis-kubas-rusiuoklis-pasaulis\/#primaryimage\"},\"thumbnailUrl\":\"https:\/\/dev.monti.lt\/wp-content\/uploads\/2024\/05\/drewniana-kostka-edukacyjna-sorter-zwierzeta.webp\",\"datePublished\":\"2024-05-17T08:37:35+00:00\",\"dateModified\":\"2024-10-02T10:08:53+00:00\",\"breadcrumb\":{\"@id\":\"https:\/\/dev.monti.lt\/product\/medinis-kubas-rusiuoklis-pasaulis\/#breadcrumb\"},\"inLanguage\":\"en-US\",\"potentialAction\":[{\"@type\":\"ReadAction\",\"target\":[\"https:\/\/dev.monti.lt\/product\/medinis-kubas-rusiuoklis-pasaulis\/\"]}]},{\"@type\":\"ImageObject\",\"inLanguage\":\"en-US\",\"@id\":\"https:\/\/dev.monti.lt\/product\/medinis-kubas-rusiuoklis-pasaulis\/#primaryimage\",\"url\":\"https:\/\/dev.monti.lt\/wp-content\/uploads\/2024\/05\/drewniana-kostka-edukacyjna-sorter-zwierzeta.webp\",\"contentUrl\":\"https:\/\/dev.monti.lt\/wp-content\/uploads\/2024\/05\/drewniana-kostka-edukacyjna-sorter-zwierzeta.webp\",\"width\":800,\"height\":800,\"caption\":\"medinis zaislas\"},{\"@type\":\"BreadcrumbList\",\"@id\":\"https:\/\/dev.monti.lt\/product\/medinis-kubas-rusiuoklis-pasaulis\/#breadcrumb\",\"itemListElement\":[{\"@type\":\"ListItem\",\"position\":1,\"name\":\"Home\",\"item\":\"https:\/\/dev.monti.lt\/\"},{\"@type\":\"ListItem\",\"position\":2,\"name\":\"Parduotuv\u0117\",\"item\":\"https:\/\/dev.monti.lt\/shop\/\"},{\"@type\":\"ListItem\",\"position\":3,\"name\":\"Medinis kubas-r\u016b\u0161iuoklis &#8220;Pasaulis&#8221;\"}]},{\"@type\":\"WebSite\",\"@id\":\"https:\/\/dev.monti.lt\/#website\",\"url\":\"https:\/\/dev.monti.lt\/\",\"name\":\"Montessori \u017eaislai\",\"description\":\"\",\"publisher\":{\"@id\":\"https:\/\/dev.monti.lt\/#organization\"},\"potentialAction\":[{\"@type\":\"SearchAction\",\"target\":{\"@type\":\"EntryPoint\",\"urlTemplate\":\"https:\/\/dev.monti.lt\/?s={search_term_string}\"},\"query-input\":\"required name=search_term_string\"}],\"inLanguage\":\"en-US\"},{\"@type\":\"Organization\",\"@id\":\"https:\/\/dev.monti.lt\/#organization\",\"name\":\"Montessori \u017eaislai\",\"url\":\"https:\/\/dev.monti.lt\/\",\"logo\":{\"@type\":\"ImageObject\",\"inLanguage\":\"en-US\",\"@id\":\"https:\/\/dev.monti.lt\/#\/schema\/logo\/image\/\",\"url\":\"https:\/\/dev.monti.lt\/wp-content\/uploads\/2022\/03\/montilogo-1.png\",\"contentUrl\":\"https:\/\/dev.monti.lt\/wp-content\/uploads\/2022\/03\/montilogo-1.png\",\"width\":512,\"height\":512,\"caption\":\"Montessori \u017eaislai\"},\"image\":{\"@id\":\"https:\/\/dev.monti.lt\/#\/schema\/logo\/image\/\"}}]}<\/script>\n<!-- \/ Yoast SEO plugin. -->","yoast_head_json":{"title":"Medinis kubas-r\u016b\u0161iuoklis \"Pasaulis\" - Montessori \u017eaislai","robots":{"index":"noindex","follow":"follow","max-snippet":"max-snippet:-1","max-image-preview":"max-image-preview:large","max-video-preview":"max-video-preview:-1"},"og_locale":"en_US","og_type":"article","og_title":"Medinis kubas-r\u016b\u0161iuoklis \"Pasaulis\" - Montessori \u017eaislai","og_description":"mokomasis kubas su daugybe \u017eaidim\u0173, kurie ne tik linksmina, bet ir moko!Medinis edukacinis kubas su labirintu, kuris u\u017eims m\u016bs\u0173 vaik\u0105 ilgoms valandoms! D\u0117l to, kad kubas turi skirtingas puses su daugybe form\u0173, kurias galima r\u016b\u0161iuoti, m\u016bs\u0173 vaikui pa\u010diam patiks su juo \u017eaisti. \u2705 kubo matmenys yra ma\u017edaug: 16,5&#215;16,5&#215;27 cm.","og_url":"https:\/\/dev.monti.lt\/en\/product\/medinis-kubas-rusiuoklis-pasaulis\/","og_site_name":"Montessori \u017eaislai","article_modified_time":"2024-10-02T10:08:53+00:00","og_image":[{"width":800,"height":800,"url":"https:\/\/dev.monti.lt\/wp-content\/uploads\/2024\/05\/drewniana-kostka-edukacyjna-sorter-zwierzeta.webp","type":"image\/webp"}],"twitter_card":"summary_large_image","twitter_misc":{"Est. reading time":"1 minute"},"schema":{"@context":"https:\/\/schema.org","@graph":[{"@type":"WebPage","@id":"https:\/\/dev.monti.lt\/product\/medinis-kubas-rusiuoklis-pasaulis\/","url":"https:\/\/dev.monti.lt\/product\/medinis-kubas-rusiuoklis-pasaulis\/","name":"Medinis kubas-r\u016b\u0161iuoklis \"Pasaulis\" - Montessori \u017eaislai","isPartOf":{"@id":"https:\/\/dev.monti.lt\/#website"},"primaryImageOfPage":{"@id":"https:\/\/dev.monti.lt\/product\/medinis-kubas-rusiuoklis-pasaulis\/#primaryimage"},"image":{"@id":"https:\/\/dev.monti.lt\/product\/medinis-kubas-rusiuoklis-pasaulis\/#primaryimage"},"thumbnailUrl":"https:\/\/dev.monti.lt\/wp-content\/uploads\/2024\/05\/drewniana-kostka-edukacyjna-sorter-zwierzeta.webp","datePublished":"2024-05-17T08:37:35+00:00","dateModified":"2024-10-02T10:08:53+00:00","breadcrumb":{"@id":"https:\/\/dev.monti.lt\/product\/medinis-kubas-rusiuoklis-pasaulis\/#breadcrumb"},"inLanguage":"en-US","potentialAction":[{"@type":"ReadAction","target":["https:\/\/dev.monti.lt\/product\/medinis-kubas-rusiuoklis-pasaulis\/"]}]},{"@type":"ImageObject","inLanguage":"en-US","@id":"https:\/\/dev.monti.lt\/product\/medinis-kubas-rusiuoklis-pasaulis\/#primaryimage","url":"https:\/\/dev.monti.lt\/wp-content\/uploads\/2024\/05\/drewniana-kostka-edukacyjna-sorter-zwierzeta.webp","contentUrl":"https:\/\/dev.monti.lt\/wp-content\/uploads\/2024\/05\/drewniana-kostka-edukacyjna-sorter-zwierzeta.webp","width":800,"height":800,"caption":"medinis zaislas"},{"@type":"BreadcrumbList","@id":"https:\/\/dev.monti.lt\/product\/medinis-kubas-rusiuoklis-pasaulis\/#breadcrumb","itemListElement":[{"@type":"ListItem","position":1,"name":"Home","item":"https:\/\/dev.monti.lt\/"},{"@type":"ListItem","position":2,"name":"Parduotuv\u0117","item":"https:\/\/dev.monti.lt\/shop\/"},{"@type":"ListItem","position":3,"name":"Medinis kubas-r\u016b\u0161iuoklis &#8220;Pasaulis&#8221;"}]},{"@type":"WebSite","@id":"https:\/\/dev.monti.lt\/#website","url":"https:\/\/dev.monti.lt\/","name":"Montessori \u017eaislai","description":"","publisher":{"@id":"https:\/\/dev.monti.lt\/#organization"},"potentialAction":[{"@type":"SearchAction","target":{"@type":"EntryPoint","urlTemplate":"https:\/\/dev.monti.lt\/?s={search_term_string}"},"query-input":"required name=search_term_string"}],"inLanguage":"en-US"},{"@type":"Organization","@id":"https:\/\/dev.monti.lt\/#organization","name":"Montessori \u017eaislai","url":"https:\/\/dev.monti.lt\/","logo":{"@type":"ImageObject","inLanguage":"en-US","@id":"https:\/\/dev.monti.lt\/#\/schema\/logo\/image\/","url":"https:\/\/dev.monti.lt\/wp-content\/uploads\/2022\/03\/montilogo-1.png","contentUrl":"https:\/\/dev.monti.lt\/wp-content\/uploads\/2022\/03\/montilogo-1.png","width":512,"height":512,"caption":"Montessori \u017eaislai"},"image":{"@id":"https:\/\/dev.monti.lt\/#\/schema\/logo\/image\/"}}]}},"_links":{"self":[{"href":"https:\/\/dev.monti.lt\/en\/wp-json\/wp\/v2\/product\/23549"}],"collection":[{"href":"https:\/\/dev.monti.lt\/en\/wp-json\/wp\/v2\/product"}],"about":[{"href":"https:\/\/dev.monti.lt\/en\/wp-json\/wp\/v2\/types\/product"}],"version-history":[{"count":1,"href":"https:\/\/dev.monti.lt\/en\/wp-json\/wp\/v2\/product\/23549\/revisions"}],"predecessor-version":[{"id":23556,"href":"https:\/\/dev.monti.lt\/en\/wp-json\/wp\/v2\/product\/23549\/revisions\/23556"}],"wp:featuredmedia":[{"embeddable":true,"href":"https:\/\/dev.monti.lt\/en\/wp-json\/wp\/v2\/media\/23550"}],"wp:attachment":[{"href":"https:\/\/dev.monti.lt\/en\/wp-json\/wp\/v2\/media?parent=23549"}],"wp:term":[{"taxonomy":"product_cat","embeddable":true,"href":"https:\/\/dev.monti.lt\/en\/wp-json\/wp\/v2\/product_cat?post=23549"},{"taxonomy":"product_tag","embeddable":true,"href":"https:\/\/dev.monti.lt\/en\/wp-json\/wp\/v2\/product_tag?post=23549"}],"curies":[{"name":"wp","href":"https:\/\/api.w.org\/{rel}","templated":true}]}}