{"id":23523,"date":"2024-05-14T12:58:24","date_gmt":"2024-05-14T12:58:24","guid":{"rendered":"https:\/\/dev.monti.lt\/?post_type=product&#038;p=23523"},"modified":"2024-10-04T17:23:03","modified_gmt":"2024-10-04T17:23:03","slug":"classic-world-domino-zaidimas-gyvunai","status":"publish","type":"product","link":"https:\/\/dev.monti.lt\/en\/product\/classic-world-domino-zaidimas-gyvunai\/","title":{"rendered":"Classic world domino \u017eaidimas &#8220;Gyv\u016bnai&#8221;"},"content":{"rendered":"<p>Classic World\u201c prek\u0117s \u017eenklas, kur\u012f pam\u0117go vaikai, suk\u016br\u0117 klasikin\u012f \u201eDomino\u201c \u017eaidim\u0105, skirt\u0105 patiems ma\u017eiausiems. Spalvingi paveiksl\u0117liai su mielais gyv\u016bn\u0117liais leis lengvai derinti elementus. Galite pasiimti juos su savimi \u012f kelion\u0119 ar i\u0161kyl\u0105. Baig\u0119 \u017eaisti, viskas bus tvarkinga.<\/p><p><strong>Charakteristika:<\/strong><\/p><ul class=\"wp-block-list\"><li>&#8211; Spalvingame Domino rinkinyje su gyv\u016bnais reikia teisingai suderinti gyv\u016bnus, kad kiekvienas i\u0161 j\u0173 tur\u0117t\u0173 savo por\u0105. Laimi tas, kuris pirmas atsikrato savo kauliuk\u0173.<\/li>\n\n<li>&#8211; Tai puikus&nbsp;&nbsp;<strong>\u017eaidimas visai \u0161eimai<\/strong>&nbsp;, kur\u012f lengva pasiimti su savimi \u012f atostogas ar i\u0161kyl\u0105!<\/li><\/ul><p><strong>\u017daislas vysto:<\/strong><\/p><ul class=\"wp-block-list\"><li>&#8211; suvokimas,<\/li>\n\n<li>&#8211; protinis a\u0161trumas,&nbsp;<\/li>\n\n<li>&#8211; rankiniai \u012fg\u016bd\u017eiai,&nbsp;<\/li>\n\n<li>&#8211; geb\u0117jimas logi\u0161kai m\u0105styti.<\/li><\/ul><p><strong><\/strong><strong>Ekologiniai \u017eaislai<\/strong>&nbsp;&nbsp;skirti patiems ma\u017eiausiems vaikams. Jie pagaminti i\u0161 visi\u0161kai nat\u016brali\u0173, biologi\u0161kai skaid\u017ei\u0173 ir hipoalergini\u0173 med\u017eiag\u0173, tod\u0117l yra 100% saugios ir nekenksmingos ne tik aplinkai, bet ir J\u016bs\u0173 vaikui.<\/p>","protected":false},"excerpt":{"rendered":"<p>Classic World\u201c prek\u0117s \u017eenklas, kur\u012f pam\u0117go vaikai, suk\u016br\u0117 klasikin\u012f \u201eDomino\u201c \u017eaidim\u0105, skirt\u0105 patiems ma\u017eiausiems. Spalvingi paveiksl\u0117liai su mielais gyv\u016bn\u0117liais leis lengvai derinti elementus. Galite pasiimti juos su savimi \u012f kelion\u0119 ar i\u0161kyl\u0105. Baig\u0119 \u017eaisti, viskas bus tvarkinga. Charakteristika: \u017daislas vysto: Ekologiniai \u017eaislai&nbsp;&nbsp;skirti patiems ma\u017eiausiems vaikams. Jie pagaminti i\u0161 visi\u0161kai nat\u016brali\u0173, biologi\u0161kai skaid\u017ei\u0173 ir hipoalergini\u0173 med\u017eiag\u0173, [&hellip;]<\/p>","protected":false},"featured_media":23524,"template":"","meta":{"iawp_total_views":34},"product_cat":[208,194,191,84,91,88,199,39,201],"product_tag":[96,97,98],"class_list":{"0":"post-23523","1":"product","2":"type-product","3":"status-publish","4":"has-post-thumbnail","6":"product_cat-deliones-2","7":"product_cat-dovanos-vaikams-2-3-metu","8":"product_cat-dovanos-vaikams","9":"product_cat-lavinamieji-zaislai","10":"product_cat-loginiam-mastymui","11":"product_cat-mokausi-zaisti","12":"product_cat-ugdymo-istaigoms","13":"product_cat-zaislai","14":"product_cat-zaislai-kelioneje","15":"product_tag-2-m-3-m","16":"product_tag-3-m-4-m","17":"product_tag-5-m-7-m","19":"first","20":"instock","21":"taxable","22":"shipping-taxable","23":"purchasable","24":"product-type-simple"},"yoast_head":"<!-- This site is optimized with the Yoast SEO plugin v23.3 - https:\/\/yoast.com\/wordpress\/plugins\/seo\/ -->\n<title>Classic world domino \u017eaidimas &quot;Gyv\u016bnai&quot; - Montessori \u017eaislai<\/title>\n<meta name=\"robots\" content=\"noindex, follow, max-snippet:-1, max-image-preview:large, max-video-preview:-1\" \/>\n<meta property=\"og:locale\" content=\"en_US\" \/>\n<meta property=\"og:type\" content=\"article\" \/>\n<meta property=\"og:title\" content=\"Classic world domino \u017eaidimas &quot;Gyv\u016bnai&quot; - Montessori \u017eaislai\" \/>\n<meta property=\"og:description\" content=\"Classic World\u201c prek\u0117s \u017eenklas, kur\u012f pam\u0117go vaikai, suk\u016br\u0117 klasikin\u012f \u201eDomino\u201c \u017eaidim\u0105, skirt\u0105 patiems ma\u017eiausiems. Spalvingi paveiksl\u0117liai su mielais gyv\u016bn\u0117liais leis lengvai derinti elementus. Galite pasiimti juos su savimi \u012f kelion\u0119 ar i\u0161kyl\u0105. Baig\u0119 \u017eaisti, viskas bus tvarkinga. Charakteristika: \u017daislas vysto: Ekologiniai \u017eaislai&nbsp;&nbsp;skirti patiems ma\u017eiausiems vaikams. Jie pagaminti i\u0161 visi\u0161kai nat\u016brali\u0173, biologi\u0161kai skaid\u017ei\u0173 ir hipoalergini\u0173 med\u017eiag\u0173, [&hellip;]\" \/>\n<meta property=\"og:url\" content=\"https:\/\/dev.monti.lt\/en\/product\/classic-world-domino-zaidimas-gyvunai\/\" \/>\n<meta property=\"og:site_name\" content=\"Montessori \u017eaislai\" \/>\n<meta property=\"article:modified_time\" content=\"2024-10-04T17:23:03+00:00\" \/>\n<meta property=\"og:image\" content=\"https:\/\/dev.monti.lt\/wp-content\/uploads\/2024\/05\/classic-world-drewniana-ukladanka-gra-domino-ze-zwierzatkami-6.jpg\" \/>\n\t<meta property=\"og:image:width\" content=\"800\" \/>\n\t<meta property=\"og:image:height\" content=\"800\" \/>\n\t<meta property=\"og:image:type\" content=\"image\/jpeg\" \/>\n<meta name=\"twitter:card\" content=\"summary_large_image\" \/>\n<meta name=\"twitter:label1\" content=\"Est. reading time\" \/>\n\t<meta name=\"twitter:data1\" content=\"1 minute\" \/>\n<script type=\"application\/ld+json\" class=\"yoast-schema-graph\">{\"@context\":\"https:\/\/schema.org\",\"@graph\":[{\"@type\":\"WebPage\",\"@id\":\"https:\/\/dev.monti.lt\/product\/classic-world-domino-zaidimas-gyvunai\/\",\"url\":\"https:\/\/dev.monti.lt\/product\/classic-world-domino-zaidimas-gyvunai\/\",\"name\":\"Classic world domino \u017eaidimas \\\"Gyv\u016bnai\\\" - Montessori \u017eaislai\",\"isPartOf\":{\"@id\":\"https:\/\/dev.monti.lt\/#website\"},\"primaryImageOfPage\":{\"@id\":\"https:\/\/dev.monti.lt\/product\/classic-world-domino-zaidimas-gyvunai\/#primaryimage\"},\"image\":{\"@id\":\"https:\/\/dev.monti.lt\/product\/classic-world-domino-zaidimas-gyvunai\/#primaryimage\"},\"thumbnailUrl\":\"https:\/\/dev.monti.lt\/wp-content\/uploads\/2024\/05\/classic-world-drewniana-ukladanka-gra-domino-ze-zwierzatkami-6.jpg\",\"datePublished\":\"2024-05-14T12:58:24+00:00\",\"dateModified\":\"2024-10-04T17:23:03+00:00\",\"breadcrumb\":{\"@id\":\"https:\/\/dev.monti.lt\/product\/classic-world-domino-zaidimas-gyvunai\/#breadcrumb\"},\"inLanguage\":\"en-US\",\"potentialAction\":[{\"@type\":\"ReadAction\",\"target\":[\"https:\/\/dev.monti.lt\/product\/classic-world-domino-zaidimas-gyvunai\/\"]}]},{\"@type\":\"ImageObject\",\"inLanguage\":\"en-US\",\"@id\":\"https:\/\/dev.monti.lt\/product\/classic-world-domino-zaidimas-gyvunai\/#primaryimage\",\"url\":\"https:\/\/dev.monti.lt\/wp-content\/uploads\/2024\/05\/classic-world-drewniana-ukladanka-gra-domino-ze-zwierzatkami-6.jpg\",\"contentUrl\":\"https:\/\/dev.monti.lt\/wp-content\/uploads\/2024\/05\/classic-world-drewniana-ukladanka-gra-domino-ze-zwierzatkami-6.jpg\",\"width\":800,\"height\":800,\"caption\":\"domino vaikams\"},{\"@type\":\"BreadcrumbList\",\"@id\":\"https:\/\/dev.monti.lt\/product\/classic-world-domino-zaidimas-gyvunai\/#breadcrumb\",\"itemListElement\":[{\"@type\":\"ListItem\",\"position\":1,\"name\":\"Home\",\"item\":\"https:\/\/dev.monti.lt\/\"},{\"@type\":\"ListItem\",\"position\":2,\"name\":\"Parduotuv\u0117\",\"item\":\"https:\/\/dev.monti.lt\/shop\/\"},{\"@type\":\"ListItem\",\"position\":3,\"name\":\"Classic world domino \u017eaidimas &#8220;Gyv\u016bnai&#8221;\"}]},{\"@type\":\"WebSite\",\"@id\":\"https:\/\/dev.monti.lt\/#website\",\"url\":\"https:\/\/dev.monti.lt\/\",\"name\":\"Montessori \u017eaislai\",\"description\":\"\",\"publisher\":{\"@id\":\"https:\/\/dev.monti.lt\/#organization\"},\"potentialAction\":[{\"@type\":\"SearchAction\",\"target\":{\"@type\":\"EntryPoint\",\"urlTemplate\":\"https:\/\/dev.monti.lt\/?s={search_term_string}\"},\"query-input\":\"required name=search_term_string\"}],\"inLanguage\":\"en-US\"},{\"@type\":\"Organization\",\"@id\":\"https:\/\/dev.monti.lt\/#organization\",\"name\":\"Montessori \u017eaislai\",\"url\":\"https:\/\/dev.monti.lt\/\",\"logo\":{\"@type\":\"ImageObject\",\"inLanguage\":\"en-US\",\"@id\":\"https:\/\/dev.monti.lt\/#\/schema\/logo\/image\/\",\"url\":\"https:\/\/dev.monti.lt\/wp-content\/uploads\/2022\/03\/montilogo-1.png\",\"contentUrl\":\"https:\/\/dev.monti.lt\/wp-content\/uploads\/2022\/03\/montilogo-1.png\",\"width\":512,\"height\":512,\"caption\":\"Montessori \u017eaislai\"},\"image\":{\"@id\":\"https:\/\/dev.monti.lt\/#\/schema\/logo\/image\/\"}}]}<\/script>\n<!-- \/ Yoast SEO plugin. -->","yoast_head_json":{"title":"Classic world domino \u017eaidimas \"Gyv\u016bnai\" - Montessori \u017eaislai","robots":{"index":"noindex","follow":"follow","max-snippet":"max-snippet:-1","max-image-preview":"max-image-preview:large","max-video-preview":"max-video-preview:-1"},"og_locale":"en_US","og_type":"article","og_title":"Classic world domino \u017eaidimas \"Gyv\u016bnai\" - Montessori \u017eaislai","og_description":"Classic World\u201c prek\u0117s \u017eenklas, kur\u012f pam\u0117go vaikai, suk\u016br\u0117 klasikin\u012f \u201eDomino\u201c \u017eaidim\u0105, skirt\u0105 patiems ma\u017eiausiems. Spalvingi paveiksl\u0117liai su mielais gyv\u016bn\u0117liais leis lengvai derinti elementus. Galite pasiimti juos su savimi \u012f kelion\u0119 ar i\u0161kyl\u0105. Baig\u0119 \u017eaisti, viskas bus tvarkinga. Charakteristika: \u017daislas vysto: Ekologiniai \u017eaislai&nbsp;&nbsp;skirti patiems ma\u017eiausiems vaikams. Jie pagaminti i\u0161 visi\u0161kai nat\u016brali\u0173, biologi\u0161kai skaid\u017ei\u0173 ir hipoalergini\u0173 med\u017eiag\u0173, [&hellip;]","og_url":"https:\/\/dev.monti.lt\/en\/product\/classic-world-domino-zaidimas-gyvunai\/","og_site_name":"Montessori \u017eaislai","article_modified_time":"2024-10-04T17:23:03+00:00","og_image":[{"width":800,"height":800,"url":"https:\/\/dev.monti.lt\/wp-content\/uploads\/2024\/05\/classic-world-drewniana-ukladanka-gra-domino-ze-zwierzatkami-6.jpg","type":"image\/jpeg"}],"twitter_card":"summary_large_image","twitter_misc":{"Est. reading time":"1 minute"},"schema":{"@context":"https:\/\/schema.org","@graph":[{"@type":"WebPage","@id":"https:\/\/dev.monti.lt\/product\/classic-world-domino-zaidimas-gyvunai\/","url":"https:\/\/dev.monti.lt\/product\/classic-world-domino-zaidimas-gyvunai\/","name":"Classic world domino \u017eaidimas \"Gyv\u016bnai\" - Montessori \u017eaislai","isPartOf":{"@id":"https:\/\/dev.monti.lt\/#website"},"primaryImageOfPage":{"@id":"https:\/\/dev.monti.lt\/product\/classic-world-domino-zaidimas-gyvunai\/#primaryimage"},"image":{"@id":"https:\/\/dev.monti.lt\/product\/classic-world-domino-zaidimas-gyvunai\/#primaryimage"},"thumbnailUrl":"https:\/\/dev.monti.lt\/wp-content\/uploads\/2024\/05\/classic-world-drewniana-ukladanka-gra-domino-ze-zwierzatkami-6.jpg","datePublished":"2024-05-14T12:58:24+00:00","dateModified":"2024-10-04T17:23:03+00:00","breadcrumb":{"@id":"https:\/\/dev.monti.lt\/product\/classic-world-domino-zaidimas-gyvunai\/#breadcrumb"},"inLanguage":"en-US","potentialAction":[{"@type":"ReadAction","target":["https:\/\/dev.monti.lt\/product\/classic-world-domino-zaidimas-gyvunai\/"]}]},{"@type":"ImageObject","inLanguage":"en-US","@id":"https:\/\/dev.monti.lt\/product\/classic-world-domino-zaidimas-gyvunai\/#primaryimage","url":"https:\/\/dev.monti.lt\/wp-content\/uploads\/2024\/05\/classic-world-drewniana-ukladanka-gra-domino-ze-zwierzatkami-6.jpg","contentUrl":"https:\/\/dev.monti.lt\/wp-content\/uploads\/2024\/05\/classic-world-drewniana-ukladanka-gra-domino-ze-zwierzatkami-6.jpg","width":800,"height":800,"caption":"domino vaikams"},{"@type":"BreadcrumbList","@id":"https:\/\/dev.monti.lt\/product\/classic-world-domino-zaidimas-gyvunai\/#breadcrumb","itemListElement":[{"@type":"ListItem","position":1,"name":"Home","item":"https:\/\/dev.monti.lt\/"},{"@type":"ListItem","position":2,"name":"Parduotuv\u0117","item":"https:\/\/dev.monti.lt\/shop\/"},{"@type":"ListItem","position":3,"name":"Classic world domino \u017eaidimas &#8220;Gyv\u016bnai&#8221;"}]},{"@type":"WebSite","@id":"https:\/\/dev.monti.lt\/#website","url":"https:\/\/dev.monti.lt\/","name":"Montessori \u017eaislai","description":"","publisher":{"@id":"https:\/\/dev.monti.lt\/#organization"},"potentialAction":[{"@type":"SearchAction","target":{"@type":"EntryPoint","urlTemplate":"https:\/\/dev.monti.lt\/?s={search_term_string}"},"query-input":"required name=search_term_string"}],"inLanguage":"en-US"},{"@type":"Organization","@id":"https:\/\/dev.monti.lt\/#organization","name":"Montessori \u017eaislai","url":"https:\/\/dev.monti.lt\/","logo":{"@type":"ImageObject","inLanguage":"en-US","@id":"https:\/\/dev.monti.lt\/#\/schema\/logo\/image\/","url":"https:\/\/dev.monti.lt\/wp-content\/uploads\/2022\/03\/montilogo-1.png","contentUrl":"https:\/\/dev.monti.lt\/wp-content\/uploads\/2022\/03\/montilogo-1.png","width":512,"height":512,"caption":"Montessori \u017eaislai"},"image":{"@id":"https:\/\/dev.monti.lt\/#\/schema\/logo\/image\/"}}]}},"_links":{"self":[{"href":"https:\/\/dev.monti.lt\/en\/wp-json\/wp\/v2\/product\/23523"}],"collection":[{"href":"https:\/\/dev.monti.lt\/en\/wp-json\/wp\/v2\/product"}],"about":[{"href":"https:\/\/dev.monti.lt\/en\/wp-json\/wp\/v2\/types\/product"}],"version-history":[{"count":1,"href":"https:\/\/dev.monti.lt\/en\/wp-json\/wp\/v2\/product\/23523\/revisions"}],"predecessor-version":[{"id":23527,"href":"https:\/\/dev.monti.lt\/en\/wp-json\/wp\/v2\/product\/23523\/revisions\/23527"}],"wp:featuredmedia":[{"embeddable":true,"href":"https:\/\/dev.monti.lt\/en\/wp-json\/wp\/v2\/media\/23524"}],"wp:attachment":[{"href":"https:\/\/dev.monti.lt\/en\/wp-json\/wp\/v2\/media?parent=23523"}],"wp:term":[{"taxonomy":"product_cat","embeddable":true,"href":"https:\/\/dev.monti.lt\/en\/wp-json\/wp\/v2\/product_cat?post=23523"},{"taxonomy":"product_tag","embeddable":true,"href":"https:\/\/dev.monti.lt\/en\/wp-json\/wp\/v2\/product_tag?post=23523"}],"curies":[{"name":"wp","href":"https:\/\/api.w.org\/{rel}","templated":true}]}}