{"id":23512,"date":"2024-05-14T11:58:53","date_gmt":"2024-05-14T11:58:53","guid":{"rendered":"https:\/\/dev.monti.lt\/?post_type=product&#038;p=23512"},"modified":"2024-10-07T13:29:44","modified_gmt":"2024-10-07T13:29:44","slug":"zaislas-voniai-astunkojis","status":"publish","type":"product","link":"https:\/\/dev.monti.lt\/en\/product\/zaislas-voniai-astunkojis\/","title":{"rendered":"\u017daislas voniai a\u0161tunkojis"},"content":{"rendered":"<h1 class=\"wp-block-heading\">MAUDUOJANTIS A\u0160TUONKOJUS \u2013 SKAIDRELE&nbsp;<\/h1><ul class=\"wp-block-list\"><li><strong>KRIKIKIKLIS IR MOBILIAI ELEMENTAI &#8211;&nbsp;<\/strong>Vandens bakas vir\u0161uje tiekia vandeni i burn\u0105, o po to i ma\u017eus lovius, kurie pila ji ant besisukan\u010diu ventiliatoriu arba spalvotu purk\u0161tuvu.<\/li>\n\n<li><strong>STIPRUS SIurbimo puodeliai &#8211;<\/strong>&nbsp;\u017eaislas aprupintas tvirtais, dideliais siurbtukais, kurie lengvai laikys ji ant du\u0161o, vonios sieneles arba ant plyteles ar stiklo<\/li>\n\n<li><strong>SPALVOTI PUOD\u017dIAI, LIETOS &#8211;&nbsp;<\/strong>i komplekt\u0105 ieina spalvingi puodeliai su skylutemis, kuriais galima smagiai u\u017epilti vandeni ar padeti papildyti krioklio rezervuar\u0105.<\/li>\n\n<li><strong>IDOMIOS SPALVOS<\/strong>&nbsp;&#8211; \u017eaislas yra ivairiaspalvis, o spalvos intensyvios ir i\u0161rai\u0161kingos, kas atkreipia vaiko demesi ir skatina aktyviai \u017eaisti; vonios fone visa tai atrodo labai patraukliai.<\/li>\n\n<li><strong>SPECIFIKACIJA<\/strong>&nbsp;&#8211; am\u017eius: nuo 12 men., matmenys plok\u0161\u010dioje padetyje (ilgis \/ plotis \/ auk\u0161tis): 27 \/ 5,5 \/ 30 cm, rinkinio svoris: 421g, komplekte yra \u010diuo\u017eykla + 4 puodeliai.&nbsp;<\/li><\/ul><p><strong>SPECIFIKACIJA<\/strong><\/p><ul class=\"wp-block-list\"><li>am\u017eius: nuo 12 men<\/li>\n\n<li>sertifikatai: CE, EN71<\/li>\n\n<li>matmenys plok\u0161\u010dioje padetyje (ilgis \/ plotis \/ auk\u0161tis): 27 \/ 5,5 \/ 30 cm<\/li>\n\n<li>komplekto svoris: 421g<\/li>\n\n<li>svoris su pakuote: 570g<\/li><\/ul><p><strong>ISKAITANT<\/strong><\/p><ul class=\"wp-block-list\"><li>a\u0161tuonkojis-krioklys<\/li>\n\n<li>4 puodeliai&nbsp;<\/li><\/ul><p>Galimybe smagiai praleisti laik\u0105 maudymosi metu vaikui suteikia daug d\u017eiaugsmo, ta\u010diau kartu lavina poju\u010dius, pa\u017eintinius gebejimus.&nbsp;<strong>Vonios \u017eaislas a\u0161tuonkojis paskatins jus reguliariai naudotis vonios kambariu<\/strong>&nbsp;. Sutelkus vaiko demesi, jis pades suaugusiems atlikti butinus higienos veiksmus, pavyzd\u017eiui, plauti galv\u0105, kuri ne visada patinka vaikams.<\/p><p>Vonios a\u0161tuonkojis \u2013 spalvingas \u017eaislas, kurio pagrindinis principas \u2013 pilti vandeni.&nbsp;<strong>Pagrindineje \u017eaislo dalyje esantis rezervuaras turi buti pripildytas vandens<\/strong>&nbsp;ir jo tekejimas pradeti traukiant i \u0161onus du u\u017eraktus. Pagrindine krioklio tema \u2013 melynas a\u0161tuonkojis, abiejose jo pusese \u2013 varle ir \u017euvis.&nbsp;<strong>I\u0161tekantis vanduo patenka i keturis kanalus, i\u0161 kuriu du viduriniai baigiasi vandens angomis, o i\u0161oriniai du \u2013 krabo ir \u017euvies formos purk\u0161tuvai<\/strong>&nbsp;.&nbsp;<strong>I komplekt\u0105 ieina ir keturi ivairiaspalviai puodeliai su gyvunu atvaizdu<\/strong>&nbsp;. Nuotraukoje pavaizduotas pingvinas, varle, banginis ir an\u010diukas.<\/p>","protected":false},"excerpt":{"rendered":"<p>MAUDUOJANTIS A\u0160TUONKOJUS \u2013 SKAIDRELE&nbsp; SPECIFIKACIJA ISKAITANT Galimybe smagiai praleisti laik\u0105 maudymosi metu vaikui suteikia daug d\u017eiaugsmo, ta\u010diau kartu lavina poju\u010dius, pa\u017eintinius gebejimus.&nbsp;Vonios \u017eaislas a\u0161tuonkojis paskatins jus reguliariai naudotis vonios kambariu&nbsp;. Sutelkus vaiko demesi, jis pades suaugusiems atlikti butinus higienos veiksmus, pavyzd\u017eiui, plauti galv\u0105, kuri ne visada patinka vaikams. Vonios a\u0161tuonkojis \u2013 spalvingas \u017eaislas, kurio pagrindinis [&hellip;]<\/p>","protected":false},"featured_media":23513,"template":"","meta":{"iawp_total_views":80},"product_cat":[190,39],"product_tag":[95,96,97,98],"class_list":{"0":"post-23512","1":"product","2":"type-product","3":"status-publish","4":"has-post-thumbnail","6":"product_cat-maudynems","7":"product_cat-zaislai","8":"product_tag-1-m-2-m","9":"product_tag-2-m-3-m","10":"product_tag-3-m-4-m","11":"product_tag-5-m-7-m","13":"first","14":"instock","15":"taxable","16":"shipping-taxable","17":"purchasable","18":"product-type-simple"},"yoast_head":"<!-- This site is optimized with the Yoast SEO plugin v23.3 - https:\/\/yoast.com\/wordpress\/plugins\/seo\/ -->\n<title>\u017daislas voniai a\u0161tunkojis - Montessori \u017eaislai<\/title>\n<meta name=\"robots\" content=\"noindex, follow, max-snippet:-1, max-image-preview:large, max-video-preview:-1\" \/>\n<meta property=\"og:locale\" content=\"en_US\" \/>\n<meta property=\"og:type\" content=\"article\" \/>\n<meta property=\"og:title\" content=\"\u017daislas voniai a\u0161tunkojis - Montessori \u017eaislai\" \/>\n<meta property=\"og:description\" content=\"MAUDUOJANTIS A\u0160TUONKOJUS \u2013 SKAIDRELE&nbsp; SPECIFIKACIJA ISKAITANT Galimybe smagiai praleisti laik\u0105 maudymosi metu vaikui suteikia daug d\u017eiaugsmo, ta\u010diau kartu lavina poju\u010dius, pa\u017eintinius gebejimus.&nbsp;Vonios \u017eaislas a\u0161tuonkojis paskatins jus reguliariai naudotis vonios kambariu&nbsp;. Sutelkus vaiko demesi, jis pades suaugusiems atlikti butinus higienos veiksmus, pavyzd\u017eiui, plauti galv\u0105, kuri ne visada patinka vaikams. Vonios a\u0161tuonkojis \u2013 spalvingas \u017eaislas, kurio pagrindinis [&hellip;]\" \/>\n<meta property=\"og:url\" content=\"https:\/\/dev.monti.lt\/en\/product\/zaislas-voniai-astunkojis\/\" \/>\n<meta property=\"og:site_name\" content=\"Montessori \u017eaislai\" \/>\n<meta property=\"article:modified_time\" content=\"2024-10-07T13:29:44+00:00\" \/>\n<meta property=\"og:image\" content=\"https:\/\/dev.monti.lt\/wp-content\/uploads\/2024\/05\/lit_pl_Astuonkojis-maudynems-ciuozykla-13282_9.jpg\" \/>\n\t<meta property=\"og:image:width\" content=\"500\" \/>\n\t<meta property=\"og:image:height\" content=\"500\" \/>\n\t<meta property=\"og:image:type\" content=\"image\/jpeg\" \/>\n<meta name=\"twitter:card\" content=\"summary_large_image\" \/>\n<meta name=\"twitter:label1\" content=\"Est. reading time\" \/>\n\t<meta name=\"twitter:data1\" content=\"2 minutes\" \/>\n<script type=\"application\/ld+json\" class=\"yoast-schema-graph\">{\"@context\":\"https:\/\/schema.org\",\"@graph\":[{\"@type\":\"WebPage\",\"@id\":\"https:\/\/dev.monti.lt\/product\/zaislas-voniai-astunkojis\/\",\"url\":\"https:\/\/dev.monti.lt\/product\/zaislas-voniai-astunkojis\/\",\"name\":\"\u017daislas voniai a\u0161tunkojis - Montessori \u017eaislai\",\"isPartOf\":{\"@id\":\"https:\/\/dev.monti.lt\/#website\"},\"primaryImageOfPage\":{\"@id\":\"https:\/\/dev.monti.lt\/product\/zaislas-voniai-astunkojis\/#primaryimage\"},\"image\":{\"@id\":\"https:\/\/dev.monti.lt\/product\/zaislas-voniai-astunkojis\/#primaryimage\"},\"thumbnailUrl\":\"https:\/\/dev.monti.lt\/wp-content\/uploads\/2024\/05\/lit_pl_Astuonkojis-maudynems-ciuozykla-13282_9.jpg\",\"datePublished\":\"2024-05-14T11:58:53+00:00\",\"dateModified\":\"2024-10-07T13:29:44+00:00\",\"breadcrumb\":{\"@id\":\"https:\/\/dev.monti.lt\/product\/zaislas-voniai-astunkojis\/#breadcrumb\"},\"inLanguage\":\"en-US\",\"potentialAction\":[{\"@type\":\"ReadAction\",\"target\":[\"https:\/\/dev.monti.lt\/product\/zaislas-voniai-astunkojis\/\"]}]},{\"@type\":\"ImageObject\",\"inLanguage\":\"en-US\",\"@id\":\"https:\/\/dev.monti.lt\/product\/zaislas-voniai-astunkojis\/#primaryimage\",\"url\":\"https:\/\/dev.monti.lt\/wp-content\/uploads\/2024\/05\/lit_pl_Astuonkojis-maudynems-ciuozykla-13282_9.jpg\",\"contentUrl\":\"https:\/\/dev.monti.lt\/wp-content\/uploads\/2024\/05\/lit_pl_Astuonkojis-maudynems-ciuozykla-13282_9.jpg\",\"width\":500,\"height\":500},{\"@type\":\"BreadcrumbList\",\"@id\":\"https:\/\/dev.monti.lt\/product\/zaislas-voniai-astunkojis\/#breadcrumb\",\"itemListElement\":[{\"@type\":\"ListItem\",\"position\":1,\"name\":\"Home\",\"item\":\"https:\/\/dev.monti.lt\/\"},{\"@type\":\"ListItem\",\"position\":2,\"name\":\"Parduotuv\u0117\",\"item\":\"https:\/\/dev.monti.lt\/shop\/\"},{\"@type\":\"ListItem\",\"position\":3,\"name\":\"\u017daislas voniai a\u0161tunkojis\"}]},{\"@type\":\"WebSite\",\"@id\":\"https:\/\/dev.monti.lt\/#website\",\"url\":\"https:\/\/dev.monti.lt\/\",\"name\":\"Montessori \u017eaislai\",\"description\":\"\",\"publisher\":{\"@id\":\"https:\/\/dev.monti.lt\/#organization\"},\"potentialAction\":[{\"@type\":\"SearchAction\",\"target\":{\"@type\":\"EntryPoint\",\"urlTemplate\":\"https:\/\/dev.monti.lt\/?s={search_term_string}\"},\"query-input\":\"required name=search_term_string\"}],\"inLanguage\":\"en-US\"},{\"@type\":\"Organization\",\"@id\":\"https:\/\/dev.monti.lt\/#organization\",\"name\":\"Montessori \u017eaislai\",\"url\":\"https:\/\/dev.monti.lt\/\",\"logo\":{\"@type\":\"ImageObject\",\"inLanguage\":\"en-US\",\"@id\":\"https:\/\/dev.monti.lt\/#\/schema\/logo\/image\/\",\"url\":\"https:\/\/dev.monti.lt\/wp-content\/uploads\/2022\/03\/montilogo-1.png\",\"contentUrl\":\"https:\/\/dev.monti.lt\/wp-content\/uploads\/2022\/03\/montilogo-1.png\",\"width\":512,\"height\":512,\"caption\":\"Montessori \u017eaislai\"},\"image\":{\"@id\":\"https:\/\/dev.monti.lt\/#\/schema\/logo\/image\/\"}}]}<\/script>\n<!-- \/ Yoast SEO plugin. -->","yoast_head_json":{"title":"\u017daislas voniai a\u0161tunkojis - Montessori \u017eaislai","robots":{"index":"noindex","follow":"follow","max-snippet":"max-snippet:-1","max-image-preview":"max-image-preview:large","max-video-preview":"max-video-preview:-1"},"og_locale":"en_US","og_type":"article","og_title":"\u017daislas voniai a\u0161tunkojis - Montessori \u017eaislai","og_description":"MAUDUOJANTIS A\u0160TUONKOJUS \u2013 SKAIDRELE&nbsp; SPECIFIKACIJA ISKAITANT Galimybe smagiai praleisti laik\u0105 maudymosi metu vaikui suteikia daug d\u017eiaugsmo, ta\u010diau kartu lavina poju\u010dius, pa\u017eintinius gebejimus.&nbsp;Vonios \u017eaislas a\u0161tuonkojis paskatins jus reguliariai naudotis vonios kambariu&nbsp;. Sutelkus vaiko demesi, jis pades suaugusiems atlikti butinus higienos veiksmus, pavyzd\u017eiui, plauti galv\u0105, kuri ne visada patinka vaikams. Vonios a\u0161tuonkojis \u2013 spalvingas \u017eaislas, kurio pagrindinis [&hellip;]","og_url":"https:\/\/dev.monti.lt\/en\/product\/zaislas-voniai-astunkojis\/","og_site_name":"Montessori \u017eaislai","article_modified_time":"2024-10-07T13:29:44+00:00","og_image":[{"width":500,"height":500,"url":"https:\/\/dev.monti.lt\/wp-content\/uploads\/2024\/05\/lit_pl_Astuonkojis-maudynems-ciuozykla-13282_9.jpg","type":"image\/jpeg"}],"twitter_card":"summary_large_image","twitter_misc":{"Est. reading time":"2 minutes"},"schema":{"@context":"https:\/\/schema.org","@graph":[{"@type":"WebPage","@id":"https:\/\/dev.monti.lt\/product\/zaislas-voniai-astunkojis\/","url":"https:\/\/dev.monti.lt\/product\/zaislas-voniai-astunkojis\/","name":"\u017daislas voniai a\u0161tunkojis - Montessori \u017eaislai","isPartOf":{"@id":"https:\/\/dev.monti.lt\/#website"},"primaryImageOfPage":{"@id":"https:\/\/dev.monti.lt\/product\/zaislas-voniai-astunkojis\/#primaryimage"},"image":{"@id":"https:\/\/dev.monti.lt\/product\/zaislas-voniai-astunkojis\/#primaryimage"},"thumbnailUrl":"https:\/\/dev.monti.lt\/wp-content\/uploads\/2024\/05\/lit_pl_Astuonkojis-maudynems-ciuozykla-13282_9.jpg","datePublished":"2024-05-14T11:58:53+00:00","dateModified":"2024-10-07T13:29:44+00:00","breadcrumb":{"@id":"https:\/\/dev.monti.lt\/product\/zaislas-voniai-astunkojis\/#breadcrumb"},"inLanguage":"en-US","potentialAction":[{"@type":"ReadAction","target":["https:\/\/dev.monti.lt\/product\/zaislas-voniai-astunkojis\/"]}]},{"@type":"ImageObject","inLanguage":"en-US","@id":"https:\/\/dev.monti.lt\/product\/zaislas-voniai-astunkojis\/#primaryimage","url":"https:\/\/dev.monti.lt\/wp-content\/uploads\/2024\/05\/lit_pl_Astuonkojis-maudynems-ciuozykla-13282_9.jpg","contentUrl":"https:\/\/dev.monti.lt\/wp-content\/uploads\/2024\/05\/lit_pl_Astuonkojis-maudynems-ciuozykla-13282_9.jpg","width":500,"height":500},{"@type":"BreadcrumbList","@id":"https:\/\/dev.monti.lt\/product\/zaislas-voniai-astunkojis\/#breadcrumb","itemListElement":[{"@type":"ListItem","position":1,"name":"Home","item":"https:\/\/dev.monti.lt\/"},{"@type":"ListItem","position":2,"name":"Parduotuv\u0117","item":"https:\/\/dev.monti.lt\/shop\/"},{"@type":"ListItem","position":3,"name":"\u017daislas voniai a\u0161tunkojis"}]},{"@type":"WebSite","@id":"https:\/\/dev.monti.lt\/#website","url":"https:\/\/dev.monti.lt\/","name":"Montessori \u017eaislai","description":"","publisher":{"@id":"https:\/\/dev.monti.lt\/#organization"},"potentialAction":[{"@type":"SearchAction","target":{"@type":"EntryPoint","urlTemplate":"https:\/\/dev.monti.lt\/?s={search_term_string}"},"query-input":"required name=search_term_string"}],"inLanguage":"en-US"},{"@type":"Organization","@id":"https:\/\/dev.monti.lt\/#organization","name":"Montessori \u017eaislai","url":"https:\/\/dev.monti.lt\/","logo":{"@type":"ImageObject","inLanguage":"en-US","@id":"https:\/\/dev.monti.lt\/#\/schema\/logo\/image\/","url":"https:\/\/dev.monti.lt\/wp-content\/uploads\/2022\/03\/montilogo-1.png","contentUrl":"https:\/\/dev.monti.lt\/wp-content\/uploads\/2022\/03\/montilogo-1.png","width":512,"height":512,"caption":"Montessori \u017eaislai"},"image":{"@id":"https:\/\/dev.monti.lt\/#\/schema\/logo\/image\/"}}]}},"_links":{"self":[{"href":"https:\/\/dev.monti.lt\/en\/wp-json\/wp\/v2\/product\/23512"}],"collection":[{"href":"https:\/\/dev.monti.lt\/en\/wp-json\/wp\/v2\/product"}],"about":[{"href":"https:\/\/dev.monti.lt\/en\/wp-json\/wp\/v2\/types\/product"}],"version-history":[{"count":1,"href":"https:\/\/dev.monti.lt\/en\/wp-json\/wp\/v2\/product\/23512\/revisions"}],"predecessor-version":[{"id":23520,"href":"https:\/\/dev.monti.lt\/en\/wp-json\/wp\/v2\/product\/23512\/revisions\/23520"}],"wp:featuredmedia":[{"embeddable":true,"href":"https:\/\/dev.monti.lt\/en\/wp-json\/wp\/v2\/media\/23513"}],"wp:attachment":[{"href":"https:\/\/dev.monti.lt\/en\/wp-json\/wp\/v2\/media?parent=23512"}],"wp:term":[{"taxonomy":"product_cat","embeddable":true,"href":"https:\/\/dev.monti.lt\/en\/wp-json\/wp\/v2\/product_cat?post=23512"},{"taxonomy":"product_tag","embeddable":true,"href":"https:\/\/dev.monti.lt\/en\/wp-json\/wp\/v2\/product_tag?post=23512"}],"curies":[{"name":"wp","href":"https:\/\/api.w.org\/{rel}","templated":true}]}}