{"id":23506,"date":"2024-05-14T11:54:51","date_gmt":"2024-05-14T11:54:51","guid":{"rendered":"https:\/\/dev.monti.lt\/?post_type=product&#038;p=23506"},"modified":"2024-10-07T13:35:02","modified_gmt":"2024-10-07T13:35:02","slug":"futbolo-vartai-su-kamuoliu","status":"publish","type":"product","link":"https:\/\/dev.monti.lt\/en\/product\/futbolo-vartai-su-kamuoliu\/","title":{"rendered":"Futbolo vartai su kamuoliu"},"content":{"rendered":"<ul class=\"wp-block-list\"><li><strong>LAVOJA JUD\u0116JIMO \u012eG\u016aD\u017dIUS<\/strong>&nbsp;\u2013 futbolo vartai vaikams \u2013 puikus b\u016bdas lavinti sportinius \u012fg\u016bd\u017eius, kartu smagiai praleisti laik\u0105 ir gyventi aktyv\u0173 gyvenimo b\u016bd\u0105. A\u010di\u016b jai&nbsp;<strong>vaikai gali m\u0117gautis futbolu ir leisti laik\u0105 lauke.<\/strong><\/li>\n\n<li><strong>LENGVAS SURENGIMAS IR I\u0160ARDYMAS<\/strong>&nbsp;\u2013 vartus galima greitai sulankstyti ir pasiimti su savimi \u012f kelion\u0119. Sulenktas jis u\u017eima ma\u017eai vietos, o surinkimas u\u017etrunka ma\u017eai laiko.<\/li>\n\n<li><strong>ATVARUS TINKLAS<\/strong>&nbsp;\u2013 net stipriausi tikslai jai nebus i\u0161\u0161\u016bkis. J\u016bs\u0173 vaikas gali laisvai ugdyti savo aistr\u0105 futbolui.<\/li>\n\n<li><strong>\u012eSKAI\u010cIUOTA SILK\u0116&nbsp;<\/strong>\u2013 jie naudojami stabiliai pritvirtinti vartus prie pavir\u0161iaus, pavyzd\u017eiui, \u017eol\u0117s, sm\u0117lio ar \u017eem\u0117s. Kai\u0161\u010diai b\u016btini tam, kad \u017eaidimo metu vartai nejud\u0117t\u0173 ir u\u017etikrint\u0173 tiek vaik\u0173, tiek aplinkini\u0173 saugum\u0105.<\/li>\n\n<li><strong>SPECIFIKACIJA<\/strong>&nbsp;\u2013 vart\u0173 r\u0117mas: plastikas, vart\u0173 matmenys: 120 x 40 x 80 cm, vamzd\u017eio storis: 3,3 cm, komplekto svoris: 0,5 kg, komplekto svoris su pakuote: 0,650 kg.&nbsp;<\/li><\/ul><p><strong>GATEWAY SPECIFIKACIJOS:<\/strong><\/p><ul class=\"wp-block-list\"><li>vart\u0173 r\u0117mas: plastikinis<\/li>\n\n<li>vart\u0173 matmenys: 120 x 40 x 80 cm<\/li>\n\n<li>vamzd\u017eio storis: 3,3 cm<\/li>\n\n<li>komplekto svoris: 0,5 kg<\/li>\n\n<li>komplekto svoris su pakuote: 0,650 kg<\/li><\/ul><p><strong>\u012eSKAITANT:<\/strong><\/p><ul class=\"wp-block-list\"><li>\u012fvartis<\/li>\n\n<li>neto<\/li>\n\n<li>atsispaudimas<\/li>\n\n<li>kamuolys<\/li>\n\n<li>silk\u0117<\/li><\/ul>","protected":false},"excerpt":{"rendered":"<p>GATEWAY SPECIFIKACIJOS: \u012eSKAITANT:<\/p>","protected":false},"featured_media":23507,"template":"","meta":{"iawp_total_views":35},"product_cat":[197,238,215],"product_tag":[96,97,98,99],"class_list":{"0":"post-23506","1":"product","2":"type-product","3":"status-publish","4":"has-post-thumbnail","6":"product_cat-dovanos-berniukams","7":"product_cat-lauko-zaidimai","8":"product_cat-zaislai-berniukams","9":"product_tag-2-m-3-m","10":"product_tag-3-m-4-m","11":"product_tag-5-m-7-m","12":"product_tag-8-m-11-m","14":"first","15":"instock","16":"taxable","17":"shipping-taxable","18":"purchasable","19":"product-type-simple"},"yoast_head":"<!-- This site is optimized with the Yoast SEO plugin v23.3 - https:\/\/yoast.com\/wordpress\/plugins\/seo\/ -->\n<title>Futbolo vartai su kamuoliu - Montessori \u017eaislai<\/title>\n<meta name=\"robots\" content=\"noindex, follow, max-snippet:-1, max-image-preview:large, max-video-preview:-1\" \/>\n<meta property=\"og:locale\" content=\"en_US\" \/>\n<meta property=\"og:type\" content=\"article\" \/>\n<meta property=\"og:title\" content=\"Futbolo vartai su kamuoliu - Montessori \u017eaislai\" \/>\n<meta property=\"og:description\" content=\"GATEWAY SPECIFIKACIJOS: \u012eSKAITANT:\" \/>\n<meta property=\"og:url\" content=\"https:\/\/dev.monti.lt\/en\/product\/futbolo-vartai-su-kamuoliu\/\" \/>\n<meta property=\"og:site_name\" content=\"Montessori \u017eaislai\" \/>\n<meta property=\"article:modified_time\" content=\"2024-10-07T13:35:02+00:00\" \/>\n<meta property=\"og:image\" content=\"https:\/\/dev.monti.lt\/wp-content\/uploads\/2024\/05\/lit_pl_Futbolo-vartai-kamuolys-pompa-23459-17634_1.webp\" \/>\n\t<meta property=\"og:image:width\" content=\"500\" \/>\n\t<meta property=\"og:image:height\" content=\"500\" \/>\n\t<meta property=\"og:image:type\" content=\"image\/webp\" \/>\n<meta name=\"twitter:card\" content=\"summary_large_image\" \/>\n<meta name=\"twitter:label1\" content=\"Est. reading time\" \/>\n\t<meta name=\"twitter:data1\" content=\"2 minutes\" \/>\n<script type=\"application\/ld+json\" class=\"yoast-schema-graph\">{\"@context\":\"https:\/\/schema.org\",\"@graph\":[{\"@type\":\"WebPage\",\"@id\":\"https:\/\/dev.monti.lt\/product\/futbolo-vartai-su-kamuoliu\/\",\"url\":\"https:\/\/dev.monti.lt\/product\/futbolo-vartai-su-kamuoliu\/\",\"name\":\"Futbolo vartai su kamuoliu - Montessori \u017eaislai\",\"isPartOf\":{\"@id\":\"https:\/\/dev.monti.lt\/#website\"},\"primaryImageOfPage\":{\"@id\":\"https:\/\/dev.monti.lt\/product\/futbolo-vartai-su-kamuoliu\/#primaryimage\"},\"image\":{\"@id\":\"https:\/\/dev.monti.lt\/product\/futbolo-vartai-su-kamuoliu\/#primaryimage\"},\"thumbnailUrl\":\"https:\/\/dev.monti.lt\/wp-content\/uploads\/2024\/05\/lit_pl_Futbolo-vartai-kamuolys-pompa-23459-17634_1.webp\",\"datePublished\":\"2024-05-14T11:54:51+00:00\",\"dateModified\":\"2024-10-07T13:35:02+00:00\",\"breadcrumb\":{\"@id\":\"https:\/\/dev.monti.lt\/product\/futbolo-vartai-su-kamuoliu\/#breadcrumb\"},\"inLanguage\":\"en-US\",\"potentialAction\":[{\"@type\":\"ReadAction\",\"target\":[\"https:\/\/dev.monti.lt\/product\/futbolo-vartai-su-kamuoliu\/\"]}]},{\"@type\":\"ImageObject\",\"inLanguage\":\"en-US\",\"@id\":\"https:\/\/dev.monti.lt\/product\/futbolo-vartai-su-kamuoliu\/#primaryimage\",\"url\":\"https:\/\/dev.monti.lt\/wp-content\/uploads\/2024\/05\/lit_pl_Futbolo-vartai-kamuolys-pompa-23459-17634_1.webp\",\"contentUrl\":\"https:\/\/dev.monti.lt\/wp-content\/uploads\/2024\/05\/lit_pl_Futbolo-vartai-kamuolys-pompa-23459-17634_1.webp\",\"width\":500,\"height\":500},{\"@type\":\"BreadcrumbList\",\"@id\":\"https:\/\/dev.monti.lt\/product\/futbolo-vartai-su-kamuoliu\/#breadcrumb\",\"itemListElement\":[{\"@type\":\"ListItem\",\"position\":1,\"name\":\"Home\",\"item\":\"https:\/\/dev.monti.lt\/\"},{\"@type\":\"ListItem\",\"position\":2,\"name\":\"Parduotuv\u0117\",\"item\":\"https:\/\/dev.monti.lt\/shop\/\"},{\"@type\":\"ListItem\",\"position\":3,\"name\":\"Futbolo vartai su kamuoliu\"}]},{\"@type\":\"WebSite\",\"@id\":\"https:\/\/dev.monti.lt\/#website\",\"url\":\"https:\/\/dev.monti.lt\/\",\"name\":\"Montessori \u017eaislai\",\"description\":\"\",\"publisher\":{\"@id\":\"https:\/\/dev.monti.lt\/#organization\"},\"potentialAction\":[{\"@type\":\"SearchAction\",\"target\":{\"@type\":\"EntryPoint\",\"urlTemplate\":\"https:\/\/dev.monti.lt\/?s={search_term_string}\"},\"query-input\":\"required name=search_term_string\"}],\"inLanguage\":\"en-US\"},{\"@type\":\"Organization\",\"@id\":\"https:\/\/dev.monti.lt\/#organization\",\"name\":\"Montessori \u017eaislai\",\"url\":\"https:\/\/dev.monti.lt\/\",\"logo\":{\"@type\":\"ImageObject\",\"inLanguage\":\"en-US\",\"@id\":\"https:\/\/dev.monti.lt\/#\/schema\/logo\/image\/\",\"url\":\"https:\/\/dev.monti.lt\/wp-content\/uploads\/2022\/03\/montilogo-1.png\",\"contentUrl\":\"https:\/\/dev.monti.lt\/wp-content\/uploads\/2022\/03\/montilogo-1.png\",\"width\":512,\"height\":512,\"caption\":\"Montessori \u017eaislai\"},\"image\":{\"@id\":\"https:\/\/dev.monti.lt\/#\/schema\/logo\/image\/\"}}]}<\/script>\n<!-- \/ Yoast SEO plugin. -->","yoast_head_json":{"title":"Futbolo vartai su kamuoliu - Montessori \u017eaislai","robots":{"index":"noindex","follow":"follow","max-snippet":"max-snippet:-1","max-image-preview":"max-image-preview:large","max-video-preview":"max-video-preview:-1"},"og_locale":"en_US","og_type":"article","og_title":"Futbolo vartai su kamuoliu - Montessori \u017eaislai","og_description":"GATEWAY SPECIFIKACIJOS: \u012eSKAITANT:","og_url":"https:\/\/dev.monti.lt\/en\/product\/futbolo-vartai-su-kamuoliu\/","og_site_name":"Montessori \u017eaislai","article_modified_time":"2024-10-07T13:35:02+00:00","og_image":[{"width":500,"height":500,"url":"https:\/\/dev.monti.lt\/wp-content\/uploads\/2024\/05\/lit_pl_Futbolo-vartai-kamuolys-pompa-23459-17634_1.webp","type":"image\/webp"}],"twitter_card":"summary_large_image","twitter_misc":{"Est. reading time":"2 minutes"},"schema":{"@context":"https:\/\/schema.org","@graph":[{"@type":"WebPage","@id":"https:\/\/dev.monti.lt\/product\/futbolo-vartai-su-kamuoliu\/","url":"https:\/\/dev.monti.lt\/product\/futbolo-vartai-su-kamuoliu\/","name":"Futbolo vartai su kamuoliu - Montessori \u017eaislai","isPartOf":{"@id":"https:\/\/dev.monti.lt\/#website"},"primaryImageOfPage":{"@id":"https:\/\/dev.monti.lt\/product\/futbolo-vartai-su-kamuoliu\/#primaryimage"},"image":{"@id":"https:\/\/dev.monti.lt\/product\/futbolo-vartai-su-kamuoliu\/#primaryimage"},"thumbnailUrl":"https:\/\/dev.monti.lt\/wp-content\/uploads\/2024\/05\/lit_pl_Futbolo-vartai-kamuolys-pompa-23459-17634_1.webp","datePublished":"2024-05-14T11:54:51+00:00","dateModified":"2024-10-07T13:35:02+00:00","breadcrumb":{"@id":"https:\/\/dev.monti.lt\/product\/futbolo-vartai-su-kamuoliu\/#breadcrumb"},"inLanguage":"en-US","potentialAction":[{"@type":"ReadAction","target":["https:\/\/dev.monti.lt\/product\/futbolo-vartai-su-kamuoliu\/"]}]},{"@type":"ImageObject","inLanguage":"en-US","@id":"https:\/\/dev.monti.lt\/product\/futbolo-vartai-su-kamuoliu\/#primaryimage","url":"https:\/\/dev.monti.lt\/wp-content\/uploads\/2024\/05\/lit_pl_Futbolo-vartai-kamuolys-pompa-23459-17634_1.webp","contentUrl":"https:\/\/dev.monti.lt\/wp-content\/uploads\/2024\/05\/lit_pl_Futbolo-vartai-kamuolys-pompa-23459-17634_1.webp","width":500,"height":500},{"@type":"BreadcrumbList","@id":"https:\/\/dev.monti.lt\/product\/futbolo-vartai-su-kamuoliu\/#breadcrumb","itemListElement":[{"@type":"ListItem","position":1,"name":"Home","item":"https:\/\/dev.monti.lt\/"},{"@type":"ListItem","position":2,"name":"Parduotuv\u0117","item":"https:\/\/dev.monti.lt\/shop\/"},{"@type":"ListItem","position":3,"name":"Futbolo vartai su kamuoliu"}]},{"@type":"WebSite","@id":"https:\/\/dev.monti.lt\/#website","url":"https:\/\/dev.monti.lt\/","name":"Montessori \u017eaislai","description":"","publisher":{"@id":"https:\/\/dev.monti.lt\/#organization"},"potentialAction":[{"@type":"SearchAction","target":{"@type":"EntryPoint","urlTemplate":"https:\/\/dev.monti.lt\/?s={search_term_string}"},"query-input":"required name=search_term_string"}],"inLanguage":"en-US"},{"@type":"Organization","@id":"https:\/\/dev.monti.lt\/#organization","name":"Montessori \u017eaislai","url":"https:\/\/dev.monti.lt\/","logo":{"@type":"ImageObject","inLanguage":"en-US","@id":"https:\/\/dev.monti.lt\/#\/schema\/logo\/image\/","url":"https:\/\/dev.monti.lt\/wp-content\/uploads\/2022\/03\/montilogo-1.png","contentUrl":"https:\/\/dev.monti.lt\/wp-content\/uploads\/2022\/03\/montilogo-1.png","width":512,"height":512,"caption":"Montessori \u017eaislai"},"image":{"@id":"https:\/\/dev.monti.lt\/#\/schema\/logo\/image\/"}}]}},"_links":{"self":[{"href":"https:\/\/dev.monti.lt\/en\/wp-json\/wp\/v2\/product\/23506"}],"collection":[{"href":"https:\/\/dev.monti.lt\/en\/wp-json\/wp\/v2\/product"}],"about":[{"href":"https:\/\/dev.monti.lt\/en\/wp-json\/wp\/v2\/types\/product"}],"version-history":[{"count":1,"href":"https:\/\/dev.monti.lt\/en\/wp-json\/wp\/v2\/product\/23506\/revisions"}],"predecessor-version":[{"id":23511,"href":"https:\/\/dev.monti.lt\/en\/wp-json\/wp\/v2\/product\/23506\/revisions\/23511"}],"wp:featuredmedia":[{"embeddable":true,"href":"https:\/\/dev.monti.lt\/en\/wp-json\/wp\/v2\/media\/23507"}],"wp:attachment":[{"href":"https:\/\/dev.monti.lt\/en\/wp-json\/wp\/v2\/media?parent=23506"}],"wp:term":[{"taxonomy":"product_cat","embeddable":true,"href":"https:\/\/dev.monti.lt\/en\/wp-json\/wp\/v2\/product_cat?post=23506"},{"taxonomy":"product_tag","embeddable":true,"href":"https:\/\/dev.monti.lt\/en\/wp-json\/wp\/v2\/product_tag?post=23506"}],"curies":[{"name":"wp","href":"https:\/\/api.w.org\/{rel}","templated":true}]}}