{"id":23460,"date":"2024-05-09T11:53:17","date_gmt":"2024-05-09T11:53:17","guid":{"rendered":"https:\/\/dev.monti.lt\/?post_type=product&#038;p=23460"},"modified":"2024-10-07T09:20:34","modified_gmt":"2024-10-07T09:20:34","slug":"tooky-toy-medine-kamuoliuku-trasa","status":"publish","type":"product","link":"https:\/\/dev.monti.lt\/en\/product\/tooky-toy-medine-kamuoliuku-trasa\/","title":{"rendered":"Tooky toy medin\u0117 kamuoliuk\u0173 tr\u0105sa"},"content":{"rendered":"<p><strong>Medinis rutulinis takelis<\/strong>&nbsp;i\u0161&nbsp;<strong>Tooky Toy<\/strong>&nbsp;yra&nbsp;<strong>spiralinis bok\u0161tas<\/strong>&nbsp;, suteikiantis begalin\u012f malonum\u0105. \u0160\u012f rinkin\u012f sudaro&nbsp;<strong>6 spalvingos dalys<\/strong>&nbsp;, kurias&nbsp;<strong>j\u016bs\u0173 ma\u017eylis gali lengvai sukrauti<\/strong>vien\u0105 ant kitos. Atleiskite kamuoliukus po vien\u0105 i\u0161 auk\u0161\u010diausio lygio ir steb\u0117kite, kaip jie rieda po vien\u0105.&nbsp;<strong>\u017daisle<\/strong>&nbsp;yra&nbsp;<strong>4 lengvi ir lengvai<\/strong>&nbsp;pagaunami kamuoliukai su \u012fvairi\u0173 spalv\u0173 gyv\u016bn\u0117liais ar u\u017era\u0161ais. Dydis tinka ma\u017eoms rankyt\u0117ms ir&nbsp;<strong>padeda lavinti rank\u0173 ir aki\u0173 koordinacij\u0105<\/strong>&nbsp;.<\/p><p><strong>Charakteristikos<\/strong>&nbsp;:<\/p><ul class=\"wp-block-list\"><li>&#8211; nuo&nbsp;<strong>18 m\u0117nesi\u0173 am\u017eiaus<\/strong><\/li>\n\n<li>&#8211;&nbsp;<strong>rinkinyje yra&nbsp;<\/strong><strong>4 kamuoliukai su gyv\u016bn\u0117liais ir u\u017era\u0161ais<\/strong><\/li>\n\n<li><strong>&#8211;<\/strong>&nbsp;visas \u017eaislas yra mi\u0161ko tema<\/li>\n\n<li>&#8211; padeda lavinti aki\u0173 ir rank\u0173 koordinacij\u0105<\/li>\n\n<li>&#8211; saug\u016bs elementai<\/li>\n\n<li>&#8211; dalys gali b\u016bti lengvai sujungiamos viena su kita<\/li><\/ul>","protected":false},"excerpt":{"rendered":"<p>Medinis rutulinis takelis&nbsp;i\u0161&nbsp;Tooky Toy&nbsp;yra&nbsp;spiralinis bok\u0161tas&nbsp;, suteikiantis begalin\u012f malonum\u0105. \u0160\u012f rinkin\u012f sudaro&nbsp;6 spalvingos dalys&nbsp;, kurias&nbsp;j\u016bs\u0173 ma\u017eylis gali lengvai sukrautivien\u0105 ant kitos. Atleiskite kamuoliukus po vien\u0105 i\u0161 auk\u0161\u010diausio lygio ir steb\u0117kite, kaip jie rieda po vien\u0105.&nbsp;\u017daisle&nbsp;yra&nbsp;4 lengvi ir lengvai&nbsp;pagaunami kamuoliukai su \u012fvairi\u0173 spalv\u0173 gyv\u016bn\u0117liais ar u\u017era\u0161ais. Dydis tinka ma\u017eoms rankyt\u0117ms ir&nbsp;padeda lavinti rank\u0173 ir aki\u0173 koordinacij\u0105&nbsp;. Charakteristikos&nbsp;:<\/p>","protected":false},"featured_media":23461,"template":"","meta":{"iawp_total_views":147},"product_cat":[213,200,191,82,84,91,102,90,86,50,199,49,39,201],"product_tag":[95,96,97],"class_list":{"0":"post-23460","1":"product","2":"type-product","3":"status-publish","4":"has-post-thumbnail","6":"product_cat-akcija","7":"product_cat-dovanos-kudikiams","8":"product_cat-dovanos-vaikams","9":"product_cat-ispardavimas","10":"product_cat-lavinamieji-zaislai","11":"product_cat-loginiam-mastymui","12":"product_cat-mediniai-zaislai","13":"product_cat-pasaulio-pazinimas","14":"product_cat-smulkioji-motorika","15":"product_cat-top-dovanos","16":"product_cat-ugdymo-istaigoms","17":"product_cat-visi-zaislai","18":"product_cat-zaislai","19":"product_cat-zaislai-kelioneje","20":"product_tag-1-m-2-m","21":"product_tag-2-m-3-m","22":"product_tag-3-m-4-m","24":"first","25":"instock","26":"sale","27":"taxable","28":"shipping-taxable","29":"purchasable","30":"product-type-simple"},"yoast_head":"<!-- This site is optimized with the Yoast SEO plugin v23.3 - https:\/\/yoast.com\/wordpress\/plugins\/seo\/ -->\n<title>Tooky toy medin\u0117 kamuoliuk\u0173 tr\u0105sa - Montessori \u017eaislai<\/title>\n<meta name=\"robots\" content=\"noindex, follow, max-snippet:-1, max-image-preview:large, max-video-preview:-1\" \/>\n<meta property=\"og:locale\" content=\"en_US\" \/>\n<meta property=\"og:type\" content=\"article\" \/>\n<meta property=\"og:title\" content=\"Tooky toy medin\u0117 kamuoliuk\u0173 tr\u0105sa - Montessori \u017eaislai\" \/>\n<meta property=\"og:description\" content=\"Medinis rutulinis takelis&nbsp;i\u0161&nbsp;Tooky Toy&nbsp;yra&nbsp;spiralinis bok\u0161tas&nbsp;, suteikiantis begalin\u012f malonum\u0105. \u0160\u012f rinkin\u012f sudaro&nbsp;6 spalvingos dalys&nbsp;, kurias&nbsp;j\u016bs\u0173 ma\u017eylis gali lengvai sukrautivien\u0105 ant kitos. Atleiskite kamuoliukus po vien\u0105 i\u0161 auk\u0161\u010diausio lygio ir steb\u0117kite, kaip jie rieda po vien\u0105.&nbsp;\u017daisle&nbsp;yra&nbsp;4 lengvi ir lengvai&nbsp;pagaunami kamuoliukai su \u012fvairi\u0173 spalv\u0173 gyv\u016bn\u0117liais ar u\u017era\u0161ais. Dydis tinka ma\u017eoms rankyt\u0117ms ir&nbsp;padeda lavinti rank\u0173 ir aki\u0173 koordinacij\u0105&nbsp;. Charakteristikos&nbsp;:\" \/>\n<meta property=\"og:url\" content=\"https:\/\/dev.monti.lt\/en\/product\/tooky-toy-medine-kamuoliuku-trasa\/\" \/>\n<meta property=\"og:site_name\" content=\"Montessori \u017eaislai\" \/>\n<meta property=\"article:modified_time\" content=\"2024-10-07T09:20:34+00:00\" \/>\n<meta property=\"og:image\" content=\"https:\/\/dev.monti.lt\/wp-content\/uploads\/2024\/05\/tooky-toy-drewniany-kulodrom-ze-zwierzatkami-tor-kulkowy-spirala-4-kulki.jpg\" \/>\n\t<meta property=\"og:image:width\" content=\"800\" \/>\n\t<meta property=\"og:image:height\" content=\"800\" \/>\n\t<meta property=\"og:image:type\" content=\"image\/jpeg\" \/>\n<meta name=\"twitter:card\" content=\"summary_large_image\" \/>\n<meta name=\"twitter:label1\" content=\"Est. reading time\" \/>\n\t<meta name=\"twitter:data1\" content=\"1 minute\" \/>\n<script type=\"application\/ld+json\" class=\"yoast-schema-graph\">{\"@context\":\"https:\/\/schema.org\",\"@graph\":[{\"@type\":\"WebPage\",\"@id\":\"https:\/\/dev.monti.lt\/product\/tooky-toy-medine-kamuoliuku-trasa\/\",\"url\":\"https:\/\/dev.monti.lt\/product\/tooky-toy-medine-kamuoliuku-trasa\/\",\"name\":\"Tooky toy medin\u0117 kamuoliuk\u0173 tr\u0105sa - Montessori \u017eaislai\",\"isPartOf\":{\"@id\":\"https:\/\/dev.monti.lt\/#website\"},\"primaryImageOfPage\":{\"@id\":\"https:\/\/dev.monti.lt\/product\/tooky-toy-medine-kamuoliuku-trasa\/#primaryimage\"},\"image\":{\"@id\":\"https:\/\/dev.monti.lt\/product\/tooky-toy-medine-kamuoliuku-trasa\/#primaryimage\"},\"thumbnailUrl\":\"https:\/\/dev.monti.lt\/wp-content\/uploads\/2024\/05\/tooky-toy-drewniany-kulodrom-ze-zwierzatkami-tor-kulkowy-spirala-4-kulki.jpg\",\"datePublished\":\"2024-05-09T11:53:17+00:00\",\"dateModified\":\"2024-10-07T09:20:34+00:00\",\"breadcrumb\":{\"@id\":\"https:\/\/dev.monti.lt\/product\/tooky-toy-medine-kamuoliuku-trasa\/#breadcrumb\"},\"inLanguage\":\"en-US\",\"potentialAction\":[{\"@type\":\"ReadAction\",\"target\":[\"https:\/\/dev.monti.lt\/product\/tooky-toy-medine-kamuoliuku-trasa\/\"]}]},{\"@type\":\"ImageObject\",\"inLanguage\":\"en-US\",\"@id\":\"https:\/\/dev.monti.lt\/product\/tooky-toy-medine-kamuoliuku-trasa\/#primaryimage\",\"url\":\"https:\/\/dev.monti.lt\/wp-content\/uploads\/2024\/05\/tooky-toy-drewniany-kulodrom-ze-zwierzatkami-tor-kulkowy-spirala-4-kulki.jpg\",\"contentUrl\":\"https:\/\/dev.monti.lt\/wp-content\/uploads\/2024\/05\/tooky-toy-drewniany-kulodrom-ze-zwierzatkami-tor-kulkowy-spirala-4-kulki.jpg\",\"width\":800,\"height\":800,\"caption\":\"medine trasa\"},{\"@type\":\"BreadcrumbList\",\"@id\":\"https:\/\/dev.monti.lt\/product\/tooky-toy-medine-kamuoliuku-trasa\/#breadcrumb\",\"itemListElement\":[{\"@type\":\"ListItem\",\"position\":1,\"name\":\"Home\",\"item\":\"https:\/\/dev.monti.lt\/\"},{\"@type\":\"ListItem\",\"position\":2,\"name\":\"Parduotuv\u0117\",\"item\":\"https:\/\/dev.monti.lt\/shop\/\"},{\"@type\":\"ListItem\",\"position\":3,\"name\":\"Tooky toy medin\u0117 kamuoliuk\u0173 tr\u0105sa\"}]},{\"@type\":\"WebSite\",\"@id\":\"https:\/\/dev.monti.lt\/#website\",\"url\":\"https:\/\/dev.monti.lt\/\",\"name\":\"Montessori \u017eaislai\",\"description\":\"\",\"publisher\":{\"@id\":\"https:\/\/dev.monti.lt\/#organization\"},\"potentialAction\":[{\"@type\":\"SearchAction\",\"target\":{\"@type\":\"EntryPoint\",\"urlTemplate\":\"https:\/\/dev.monti.lt\/?s={search_term_string}\"},\"query-input\":\"required name=search_term_string\"}],\"inLanguage\":\"en-US\"},{\"@type\":\"Organization\",\"@id\":\"https:\/\/dev.monti.lt\/#organization\",\"name\":\"Montessori \u017eaislai\",\"url\":\"https:\/\/dev.monti.lt\/\",\"logo\":{\"@type\":\"ImageObject\",\"inLanguage\":\"en-US\",\"@id\":\"https:\/\/dev.monti.lt\/#\/schema\/logo\/image\/\",\"url\":\"https:\/\/dev.monti.lt\/wp-content\/uploads\/2022\/03\/montilogo-1.png\",\"contentUrl\":\"https:\/\/dev.monti.lt\/wp-content\/uploads\/2022\/03\/montilogo-1.png\",\"width\":512,\"height\":512,\"caption\":\"Montessori \u017eaislai\"},\"image\":{\"@id\":\"https:\/\/dev.monti.lt\/#\/schema\/logo\/image\/\"}}]}<\/script>\n<!-- \/ Yoast SEO plugin. -->","yoast_head_json":{"title":"Tooky toy medin\u0117 kamuoliuk\u0173 tr\u0105sa - Montessori \u017eaislai","robots":{"index":"noindex","follow":"follow","max-snippet":"max-snippet:-1","max-image-preview":"max-image-preview:large","max-video-preview":"max-video-preview:-1"},"og_locale":"en_US","og_type":"article","og_title":"Tooky toy medin\u0117 kamuoliuk\u0173 tr\u0105sa - Montessori \u017eaislai","og_description":"Medinis rutulinis takelis&nbsp;i\u0161&nbsp;Tooky Toy&nbsp;yra&nbsp;spiralinis bok\u0161tas&nbsp;, suteikiantis begalin\u012f malonum\u0105. \u0160\u012f rinkin\u012f sudaro&nbsp;6 spalvingos dalys&nbsp;, kurias&nbsp;j\u016bs\u0173 ma\u017eylis gali lengvai sukrautivien\u0105 ant kitos. Atleiskite kamuoliukus po vien\u0105 i\u0161 auk\u0161\u010diausio lygio ir steb\u0117kite, kaip jie rieda po vien\u0105.&nbsp;\u017daisle&nbsp;yra&nbsp;4 lengvi ir lengvai&nbsp;pagaunami kamuoliukai su \u012fvairi\u0173 spalv\u0173 gyv\u016bn\u0117liais ar u\u017era\u0161ais. Dydis tinka ma\u017eoms rankyt\u0117ms ir&nbsp;padeda lavinti rank\u0173 ir aki\u0173 koordinacij\u0105&nbsp;. Charakteristikos&nbsp;:","og_url":"https:\/\/dev.monti.lt\/en\/product\/tooky-toy-medine-kamuoliuku-trasa\/","og_site_name":"Montessori \u017eaislai","article_modified_time":"2024-10-07T09:20:34+00:00","og_image":[{"width":800,"height":800,"url":"https:\/\/dev.monti.lt\/wp-content\/uploads\/2024\/05\/tooky-toy-drewniany-kulodrom-ze-zwierzatkami-tor-kulkowy-spirala-4-kulki.jpg","type":"image\/jpeg"}],"twitter_card":"summary_large_image","twitter_misc":{"Est. reading time":"1 minute"},"schema":{"@context":"https:\/\/schema.org","@graph":[{"@type":"WebPage","@id":"https:\/\/dev.monti.lt\/product\/tooky-toy-medine-kamuoliuku-trasa\/","url":"https:\/\/dev.monti.lt\/product\/tooky-toy-medine-kamuoliuku-trasa\/","name":"Tooky toy medin\u0117 kamuoliuk\u0173 tr\u0105sa - Montessori \u017eaislai","isPartOf":{"@id":"https:\/\/dev.monti.lt\/#website"},"primaryImageOfPage":{"@id":"https:\/\/dev.monti.lt\/product\/tooky-toy-medine-kamuoliuku-trasa\/#primaryimage"},"image":{"@id":"https:\/\/dev.monti.lt\/product\/tooky-toy-medine-kamuoliuku-trasa\/#primaryimage"},"thumbnailUrl":"https:\/\/dev.monti.lt\/wp-content\/uploads\/2024\/05\/tooky-toy-drewniany-kulodrom-ze-zwierzatkami-tor-kulkowy-spirala-4-kulki.jpg","datePublished":"2024-05-09T11:53:17+00:00","dateModified":"2024-10-07T09:20:34+00:00","breadcrumb":{"@id":"https:\/\/dev.monti.lt\/product\/tooky-toy-medine-kamuoliuku-trasa\/#breadcrumb"},"inLanguage":"en-US","potentialAction":[{"@type":"ReadAction","target":["https:\/\/dev.monti.lt\/product\/tooky-toy-medine-kamuoliuku-trasa\/"]}]},{"@type":"ImageObject","inLanguage":"en-US","@id":"https:\/\/dev.monti.lt\/product\/tooky-toy-medine-kamuoliuku-trasa\/#primaryimage","url":"https:\/\/dev.monti.lt\/wp-content\/uploads\/2024\/05\/tooky-toy-drewniany-kulodrom-ze-zwierzatkami-tor-kulkowy-spirala-4-kulki.jpg","contentUrl":"https:\/\/dev.monti.lt\/wp-content\/uploads\/2024\/05\/tooky-toy-drewniany-kulodrom-ze-zwierzatkami-tor-kulkowy-spirala-4-kulki.jpg","width":800,"height":800,"caption":"medine trasa"},{"@type":"BreadcrumbList","@id":"https:\/\/dev.monti.lt\/product\/tooky-toy-medine-kamuoliuku-trasa\/#breadcrumb","itemListElement":[{"@type":"ListItem","position":1,"name":"Home","item":"https:\/\/dev.monti.lt\/"},{"@type":"ListItem","position":2,"name":"Parduotuv\u0117","item":"https:\/\/dev.monti.lt\/shop\/"},{"@type":"ListItem","position":3,"name":"Tooky toy medin\u0117 kamuoliuk\u0173 tr\u0105sa"}]},{"@type":"WebSite","@id":"https:\/\/dev.monti.lt\/#website","url":"https:\/\/dev.monti.lt\/","name":"Montessori \u017eaislai","description":"","publisher":{"@id":"https:\/\/dev.monti.lt\/#organization"},"potentialAction":[{"@type":"SearchAction","target":{"@type":"EntryPoint","urlTemplate":"https:\/\/dev.monti.lt\/?s={search_term_string}"},"query-input":"required name=search_term_string"}],"inLanguage":"en-US"},{"@type":"Organization","@id":"https:\/\/dev.monti.lt\/#organization","name":"Montessori \u017eaislai","url":"https:\/\/dev.monti.lt\/","logo":{"@type":"ImageObject","inLanguage":"en-US","@id":"https:\/\/dev.monti.lt\/#\/schema\/logo\/image\/","url":"https:\/\/dev.monti.lt\/wp-content\/uploads\/2022\/03\/montilogo-1.png","contentUrl":"https:\/\/dev.monti.lt\/wp-content\/uploads\/2022\/03\/montilogo-1.png","width":512,"height":512,"caption":"Montessori \u017eaislai"},"image":{"@id":"https:\/\/dev.monti.lt\/#\/schema\/logo\/image\/"}}]}},"_links":{"self":[{"href":"https:\/\/dev.monti.lt\/en\/wp-json\/wp\/v2\/product\/23460"}],"collection":[{"href":"https:\/\/dev.monti.lt\/en\/wp-json\/wp\/v2\/product"}],"about":[{"href":"https:\/\/dev.monti.lt\/en\/wp-json\/wp\/v2\/types\/product"}],"version-history":[{"count":1,"href":"https:\/\/dev.monti.lt\/en\/wp-json\/wp\/v2\/product\/23460\/revisions"}],"predecessor-version":[{"id":23463,"href":"https:\/\/dev.monti.lt\/en\/wp-json\/wp\/v2\/product\/23460\/revisions\/23463"}],"wp:featuredmedia":[{"embeddable":true,"href":"https:\/\/dev.monti.lt\/en\/wp-json\/wp\/v2\/media\/23461"}],"wp:attachment":[{"href":"https:\/\/dev.monti.lt\/en\/wp-json\/wp\/v2\/media?parent=23460"}],"wp:term":[{"taxonomy":"product_cat","embeddable":true,"href":"https:\/\/dev.monti.lt\/en\/wp-json\/wp\/v2\/product_cat?post=23460"},{"taxonomy":"product_tag","embeddable":true,"href":"https:\/\/dev.monti.lt\/en\/wp-json\/wp\/v2\/product_tag?post=23460"}],"curies":[{"name":"wp","href":"https:\/\/api.w.org\/{rel}","templated":true}]}}