{"id":23453,"date":"2024-05-09T11:49:59","date_gmt":"2024-05-09T11:49:59","guid":{"rendered":"https:\/\/dev.monti.lt\/?post_type=product&#038;p=23453"},"modified":"2024-09-24T15:31:24","modified_gmt":"2024-09-24T15:31:24","slug":"barskutis-begemotas","status":"publish","type":"product","link":"https:\/\/dev.monti.lt\/en\/product\/barskutis-begemotas\/","title":{"rendered":"Bar\u0161kutis &#8220;Begemotas&#8221;"},"content":{"rendered":"<p>Bar\u0161kutis \u2013 mielo begemoto formos&nbsp;<strong>automobilis i\u0161&nbsp;<\/strong><strong>WOOPIE<\/strong>&nbsp;prek\u0117s \u017eenklo ! \u0160is unikalus \u017eaislas yra puikus b\u016bdas&nbsp;<strong>paskatinti vaik\u0105 b\u016bti aktyviam<\/strong>&nbsp;lavinant poj\u016b\u010dius. Kai k\u016bdikis judina bar\u0161kut\u012f,&nbsp;<strong>spalvingi rutuliukai<\/strong>&nbsp;gyv\u016bno pilve pradeda \u0161nib\u017ed\u0117ti ir&nbsp;<strong>suktis<\/strong>&nbsp;, suteikdami tiek garso&nbsp;, tiek&nbsp;<strong>vaizdini\u0173&nbsp;<\/strong><strong>dirgikli\u0173<\/strong>&nbsp;. Vaikas gali lengvai stumdyti \u017eaisl\u0105, kuris skatina j\u012f \u0161liau\u017eioti ar vaik\u0161\u010dioti.&nbsp;<strong>Charakteristika:<\/strong><strong><\/strong><br><br><br><strong><\/strong><\/p><ul class=\"wp-block-list\"><li>&#8211; \u017eaislas&nbsp;<strong>nuo 12 m\u0117nesi\u0173 am\u017eiaus,<\/strong><\/li>\n\n<li>&#8211;&nbsp;<strong>o\u0161imo garsai<\/strong>&nbsp;ir&nbsp;<strong>besisukantys kamuoliukai<\/strong>&nbsp;hipopotamo pilve,<\/li>\n\n<li>&#8211;&nbsp;<strong>ovalo formos<\/strong>&nbsp;\u017eaisl\u0105 lengviau sugriebti ir juo manipuliuoti,<\/li>\n\n<li>&#8211;&nbsp;<strong>ratai<\/strong>&nbsp;leid\u017eia lengvai jud\u0117ti \u017eaislui,<\/li>\n\n<li>&#8211; pagamintas i\u0161&nbsp;<strong>saugi\u0173<\/strong>&nbsp;med\u017eiag\u0173,<\/li>\n\n<li>&#8211;&nbsp;<strong>mokantis \u0161liau\u017eioti ir vaik\u0161\u010dioti<\/strong><\/li><\/ul><p><strong>\u017daislas vysto:<\/strong><\/p><ul class=\"wp-block-list\"><li>&#8211; stambioji motorika,<\/li>\n\n<li>&#8211; smulkioji motorika,<\/li>\n\n<li>&#8211; poj\u016b\u010diai,<\/li>\n\n<li>&#8211; fizinis vystymasis<\/li><\/ul>","protected":false},"excerpt":{"rendered":"<p>Bar\u0161kutis \u2013 mielo begemoto formos&nbsp;automobilis i\u0161&nbsp;WOOPIE&nbsp;prek\u0117s \u017eenklo ! \u0160is unikalus \u017eaislas yra puikus b\u016bdas&nbsp;paskatinti vaik\u0105 b\u016bti aktyviam&nbsp;lavinant poj\u016b\u010dius. Kai k\u016bdikis judina bar\u0161kut\u012f,&nbsp;spalvingi rutuliukai&nbsp;gyv\u016bno pilve pradeda \u0161nib\u017ed\u0117ti ir&nbsp;suktis&nbsp;, suteikdami tiek garso&nbsp;, tiek&nbsp;vaizdini\u0173&nbsp;dirgikli\u0173&nbsp;. Vaikas gali lengvai stumdyti \u017eaisl\u0105, kuris skatina j\u012f \u0161liau\u017eioti ar vaik\u0161\u010dioti.&nbsp;Charakteristika: \u017daislas vysto:<\/p>","protected":false},"featured_media":23454,"template":"","meta":{"iawp_total_views":55},"product_cat":[200,191,84,90,86,49,39,201],"product_tag":[95,94],"class_list":{"0":"post-23453","1":"product","2":"type-product","3":"status-publish","4":"has-post-thumbnail","6":"product_cat-dovanos-kudikiams","7":"product_cat-dovanos-vaikams","8":"product_cat-lavinamieji-zaislai","9":"product_cat-pasaulio-pazinimas","10":"product_cat-smulkioji-motorika","11":"product_cat-visi-zaislai","12":"product_cat-zaislai","13":"product_cat-zaislai-kelioneje","14":"product_tag-1-m-2-m","15":"product_tag-iki-1-m","17":"first","18":"instock","19":"taxable","20":"shipping-taxable","21":"purchasable","22":"product-type-simple"},"yoast_head":"<!-- This site is optimized with the Yoast SEO plugin v23.3 - https:\/\/yoast.com\/wordpress\/plugins\/seo\/ -->\n<title>Bar\u0161kutis &quot;Begemotas&quot; - Montessori \u017eaislai<\/title>\n<meta name=\"robots\" content=\"noindex, follow, max-snippet:-1, max-image-preview:large, max-video-preview:-1\" \/>\n<meta property=\"og:locale\" content=\"en_US\" \/>\n<meta property=\"og:type\" content=\"article\" \/>\n<meta property=\"og:title\" content=\"Bar\u0161kutis &quot;Begemotas&quot; - Montessori \u017eaislai\" \/>\n<meta property=\"og:description\" content=\"Bar\u0161kutis \u2013 mielo begemoto formos&nbsp;automobilis i\u0161&nbsp;WOOPIE&nbsp;prek\u0117s \u017eenklo ! \u0160is unikalus \u017eaislas yra puikus b\u016bdas&nbsp;paskatinti vaik\u0105 b\u016bti aktyviam&nbsp;lavinant poj\u016b\u010dius. Kai k\u016bdikis judina bar\u0161kut\u012f,&nbsp;spalvingi rutuliukai&nbsp;gyv\u016bno pilve pradeda \u0161nib\u017ed\u0117ti ir&nbsp;suktis&nbsp;, suteikdami tiek garso&nbsp;, tiek&nbsp;vaizdini\u0173&nbsp;dirgikli\u0173&nbsp;. Vaikas gali lengvai stumdyti \u017eaisl\u0105, kuris skatina j\u012f \u0161liau\u017eioti ar vaik\u0161\u010dioti.&nbsp;Charakteristika: \u017daislas vysto:\" \/>\n<meta property=\"og:url\" content=\"https:\/\/dev.monti.lt\/en\/product\/barskutis-begemotas\/\" \/>\n<meta property=\"og:site_name\" content=\"Montessori \u017eaislai\" \/>\n<meta property=\"article:modified_time\" content=\"2024-09-24T15:31:24+00:00\" \/>\n<meta property=\"og:image\" content=\"https:\/\/dev.monti.lt\/wp-content\/uploads\/2024\/05\/woopie-baby-grzechotka-samochodzik-pojazd-hipopotam.jpg\" \/>\n\t<meta property=\"og:image:width\" content=\"800\" \/>\n\t<meta property=\"og:image:height\" content=\"800\" \/>\n\t<meta property=\"og:image:type\" content=\"image\/jpeg\" \/>\n<meta name=\"twitter:card\" content=\"summary_large_image\" \/>\n<meta name=\"twitter:label1\" content=\"Est. reading time\" \/>\n\t<meta name=\"twitter:data1\" content=\"1 minute\" \/>\n<script type=\"application\/ld+json\" class=\"yoast-schema-graph\">{\"@context\":\"https:\/\/schema.org\",\"@graph\":[{\"@type\":\"WebPage\",\"@id\":\"https:\/\/dev.monti.lt\/product\/barskutis-begemotas\/\",\"url\":\"https:\/\/dev.monti.lt\/product\/barskutis-begemotas\/\",\"name\":\"Bar\u0161kutis \\\"Begemotas\\\" - Montessori \u017eaislai\",\"isPartOf\":{\"@id\":\"https:\/\/dev.monti.lt\/#website\"},\"primaryImageOfPage\":{\"@id\":\"https:\/\/dev.monti.lt\/product\/barskutis-begemotas\/#primaryimage\"},\"image\":{\"@id\":\"https:\/\/dev.monti.lt\/product\/barskutis-begemotas\/#primaryimage\"},\"thumbnailUrl\":\"https:\/\/dev.monti.lt\/wp-content\/uploads\/2024\/05\/woopie-baby-grzechotka-samochodzik-pojazd-hipopotam.jpg\",\"datePublished\":\"2024-05-09T11:49:59+00:00\",\"dateModified\":\"2024-09-24T15:31:24+00:00\",\"breadcrumb\":{\"@id\":\"https:\/\/dev.monti.lt\/product\/barskutis-begemotas\/#breadcrumb\"},\"inLanguage\":\"en-US\",\"potentialAction\":[{\"@type\":\"ReadAction\",\"target\":[\"https:\/\/dev.monti.lt\/product\/barskutis-begemotas\/\"]}]},{\"@type\":\"ImageObject\",\"inLanguage\":\"en-US\",\"@id\":\"https:\/\/dev.monti.lt\/product\/barskutis-begemotas\/#primaryimage\",\"url\":\"https:\/\/dev.monti.lt\/wp-content\/uploads\/2024\/05\/woopie-baby-grzechotka-samochodzik-pojazd-hipopotam.jpg\",\"contentUrl\":\"https:\/\/dev.monti.lt\/wp-content\/uploads\/2024\/05\/woopie-baby-grzechotka-samochodzik-pojazd-hipopotam.jpg\",\"width\":800,\"height\":800,\"caption\":\"barskutis kudikiui\"},{\"@type\":\"BreadcrumbList\",\"@id\":\"https:\/\/dev.monti.lt\/product\/barskutis-begemotas\/#breadcrumb\",\"itemListElement\":[{\"@type\":\"ListItem\",\"position\":1,\"name\":\"Home\",\"item\":\"https:\/\/dev.monti.lt\/\"},{\"@type\":\"ListItem\",\"position\":2,\"name\":\"Parduotuv\u0117\",\"item\":\"https:\/\/dev.monti.lt\/shop\/\"},{\"@type\":\"ListItem\",\"position\":3,\"name\":\"Bar\u0161kutis &#8220;Begemotas&#8221;\"}]},{\"@type\":\"WebSite\",\"@id\":\"https:\/\/dev.monti.lt\/#website\",\"url\":\"https:\/\/dev.monti.lt\/\",\"name\":\"Montessori \u017eaislai\",\"description\":\"\",\"publisher\":{\"@id\":\"https:\/\/dev.monti.lt\/#organization\"},\"potentialAction\":[{\"@type\":\"SearchAction\",\"target\":{\"@type\":\"EntryPoint\",\"urlTemplate\":\"https:\/\/dev.monti.lt\/?s={search_term_string}\"},\"query-input\":\"required name=search_term_string\"}],\"inLanguage\":\"en-US\"},{\"@type\":\"Organization\",\"@id\":\"https:\/\/dev.monti.lt\/#organization\",\"name\":\"Montessori \u017eaislai\",\"url\":\"https:\/\/dev.monti.lt\/\",\"logo\":{\"@type\":\"ImageObject\",\"inLanguage\":\"en-US\",\"@id\":\"https:\/\/dev.monti.lt\/#\/schema\/logo\/image\/\",\"url\":\"https:\/\/dev.monti.lt\/wp-content\/uploads\/2022\/03\/montilogo-1.png\",\"contentUrl\":\"https:\/\/dev.monti.lt\/wp-content\/uploads\/2022\/03\/montilogo-1.png\",\"width\":512,\"height\":512,\"caption\":\"Montessori \u017eaislai\"},\"image\":{\"@id\":\"https:\/\/dev.monti.lt\/#\/schema\/logo\/image\/\"}}]}<\/script>\n<!-- \/ Yoast SEO plugin. -->","yoast_head_json":{"title":"Bar\u0161kutis \"Begemotas\" - Montessori \u017eaislai","robots":{"index":"noindex","follow":"follow","max-snippet":"max-snippet:-1","max-image-preview":"max-image-preview:large","max-video-preview":"max-video-preview:-1"},"og_locale":"en_US","og_type":"article","og_title":"Bar\u0161kutis \"Begemotas\" - Montessori \u017eaislai","og_description":"Bar\u0161kutis \u2013 mielo begemoto formos&nbsp;automobilis i\u0161&nbsp;WOOPIE&nbsp;prek\u0117s \u017eenklo ! \u0160is unikalus \u017eaislas yra puikus b\u016bdas&nbsp;paskatinti vaik\u0105 b\u016bti aktyviam&nbsp;lavinant poj\u016b\u010dius. Kai k\u016bdikis judina bar\u0161kut\u012f,&nbsp;spalvingi rutuliukai&nbsp;gyv\u016bno pilve pradeda \u0161nib\u017ed\u0117ti ir&nbsp;suktis&nbsp;, suteikdami tiek garso&nbsp;, tiek&nbsp;vaizdini\u0173&nbsp;dirgikli\u0173&nbsp;. Vaikas gali lengvai stumdyti \u017eaisl\u0105, kuris skatina j\u012f \u0161liau\u017eioti ar vaik\u0161\u010dioti.&nbsp;Charakteristika: \u017daislas vysto:","og_url":"https:\/\/dev.monti.lt\/en\/product\/barskutis-begemotas\/","og_site_name":"Montessori \u017eaislai","article_modified_time":"2024-09-24T15:31:24+00:00","og_image":[{"width":800,"height":800,"url":"https:\/\/dev.monti.lt\/wp-content\/uploads\/2024\/05\/woopie-baby-grzechotka-samochodzik-pojazd-hipopotam.jpg","type":"image\/jpeg"}],"twitter_card":"summary_large_image","twitter_misc":{"Est. reading time":"1 minute"},"schema":{"@context":"https:\/\/schema.org","@graph":[{"@type":"WebPage","@id":"https:\/\/dev.monti.lt\/product\/barskutis-begemotas\/","url":"https:\/\/dev.monti.lt\/product\/barskutis-begemotas\/","name":"Bar\u0161kutis \"Begemotas\" - Montessori \u017eaislai","isPartOf":{"@id":"https:\/\/dev.monti.lt\/#website"},"primaryImageOfPage":{"@id":"https:\/\/dev.monti.lt\/product\/barskutis-begemotas\/#primaryimage"},"image":{"@id":"https:\/\/dev.monti.lt\/product\/barskutis-begemotas\/#primaryimage"},"thumbnailUrl":"https:\/\/dev.monti.lt\/wp-content\/uploads\/2024\/05\/woopie-baby-grzechotka-samochodzik-pojazd-hipopotam.jpg","datePublished":"2024-05-09T11:49:59+00:00","dateModified":"2024-09-24T15:31:24+00:00","breadcrumb":{"@id":"https:\/\/dev.monti.lt\/product\/barskutis-begemotas\/#breadcrumb"},"inLanguage":"en-US","potentialAction":[{"@type":"ReadAction","target":["https:\/\/dev.monti.lt\/product\/barskutis-begemotas\/"]}]},{"@type":"ImageObject","inLanguage":"en-US","@id":"https:\/\/dev.monti.lt\/product\/barskutis-begemotas\/#primaryimage","url":"https:\/\/dev.monti.lt\/wp-content\/uploads\/2024\/05\/woopie-baby-grzechotka-samochodzik-pojazd-hipopotam.jpg","contentUrl":"https:\/\/dev.monti.lt\/wp-content\/uploads\/2024\/05\/woopie-baby-grzechotka-samochodzik-pojazd-hipopotam.jpg","width":800,"height":800,"caption":"barskutis kudikiui"},{"@type":"BreadcrumbList","@id":"https:\/\/dev.monti.lt\/product\/barskutis-begemotas\/#breadcrumb","itemListElement":[{"@type":"ListItem","position":1,"name":"Home","item":"https:\/\/dev.monti.lt\/"},{"@type":"ListItem","position":2,"name":"Parduotuv\u0117","item":"https:\/\/dev.monti.lt\/shop\/"},{"@type":"ListItem","position":3,"name":"Bar\u0161kutis &#8220;Begemotas&#8221;"}]},{"@type":"WebSite","@id":"https:\/\/dev.monti.lt\/#website","url":"https:\/\/dev.monti.lt\/","name":"Montessori \u017eaislai","description":"","publisher":{"@id":"https:\/\/dev.monti.lt\/#organization"},"potentialAction":[{"@type":"SearchAction","target":{"@type":"EntryPoint","urlTemplate":"https:\/\/dev.monti.lt\/?s={search_term_string}"},"query-input":"required name=search_term_string"}],"inLanguage":"en-US"},{"@type":"Organization","@id":"https:\/\/dev.monti.lt\/#organization","name":"Montessori \u017eaislai","url":"https:\/\/dev.monti.lt\/","logo":{"@type":"ImageObject","inLanguage":"en-US","@id":"https:\/\/dev.monti.lt\/#\/schema\/logo\/image\/","url":"https:\/\/dev.monti.lt\/wp-content\/uploads\/2022\/03\/montilogo-1.png","contentUrl":"https:\/\/dev.monti.lt\/wp-content\/uploads\/2022\/03\/montilogo-1.png","width":512,"height":512,"caption":"Montessori \u017eaislai"},"image":{"@id":"https:\/\/dev.monti.lt\/#\/schema\/logo\/image\/"}}]}},"_links":{"self":[{"href":"https:\/\/dev.monti.lt\/en\/wp-json\/wp\/v2\/product\/23453"}],"collection":[{"href":"https:\/\/dev.monti.lt\/en\/wp-json\/wp\/v2\/product"}],"about":[{"href":"https:\/\/dev.monti.lt\/en\/wp-json\/wp\/v2\/types\/product"}],"version-history":[{"count":1,"href":"https:\/\/dev.monti.lt\/en\/wp-json\/wp\/v2\/product\/23453\/revisions"}],"predecessor-version":[{"id":23459,"href":"https:\/\/dev.monti.lt\/en\/wp-json\/wp\/v2\/product\/23453\/revisions\/23459"}],"wp:featuredmedia":[{"embeddable":true,"href":"https:\/\/dev.monti.lt\/en\/wp-json\/wp\/v2\/media\/23454"}],"wp:attachment":[{"href":"https:\/\/dev.monti.lt\/en\/wp-json\/wp\/v2\/media?parent=23453"}],"wp:term":[{"taxonomy":"product_cat","embeddable":true,"href":"https:\/\/dev.monti.lt\/en\/wp-json\/wp\/v2\/product_cat?post=23453"},{"taxonomy":"product_tag","embeddable":true,"href":"https:\/\/dev.monti.lt\/en\/wp-json\/wp\/v2\/product_tag?post=23453"}],"curies":[{"name":"wp","href":"https:\/\/api.w.org\/{rel}","templated":true}]}}