{"id":23446,"date":"2024-05-09T11:46:23","date_gmt":"2024-05-09T11:46:23","guid":{"rendered":"https:\/\/dev.monti.lt\/?post_type=product&#038;p=23446"},"modified":"2024-09-04T08:33:23","modified_gmt":"2024-09-04T08:33:23","slug":"karusele-su-kamuoliukais","status":"publish","type":"product","link":"https:\/\/dev.monti.lt\/en\/product\/karusele-su-kamuoliukais\/","title":{"rendered":"Karusel\u0117 su kamuoliukais"},"content":{"rendered":"<p><strong>Nuotaikingas ir spalvingas Woopie<\/strong>&nbsp;prek\u0117s \u017eenklo&nbsp;<strong>sukaukas su gyv\u016bn\u0117liais<\/strong>&nbsp;yra puikus pasi\u016blymas, garantuojantis vaikams&nbsp;<strong>nepamir\u0161tamas d\u017eiaugsmo ir tobul\u0117jimo akimirkas<\/strong>&nbsp;. Paspaudus balt\u0105 mygtuk\u0105, mieli gyv\u016bn\u0117liai pradeda&nbsp;<strong>linksmai suktis, o \u017eaislo viduje esantys spalvingi kamuoliukai pradeda \u0161okin\u0117ti<\/strong>&nbsp;, sukurdami miniati\u016brin\u0117s tikros karusel\u0117s efekt\u0105. \u017daisliuk\u0105 galima saugiai naudoti&nbsp;<strong>nuo 6 m\u0117nesi\u0173 am\u017eiaus<\/strong>&nbsp;, tod\u0117l tai&nbsp;<strong>ideali dovana ma\u017eiausiems<\/strong>&nbsp;. Woopie gars\u0117ja&nbsp;<strong>auk\u0161ta gamini\u0173 kokybe ir saugumu<\/strong>, tod\u0117l t\u0117vai gali b\u016bti tikri, kad suktukas atitinka&nbsp;<strong>visus saugos standartus.<\/strong><\/p><p><strong>Charakteristika:<\/strong><\/p><ul class=\"wp-block-list\"><li>&#8211; \u017eaislas&nbsp;<strong>nuo 6 m\u0117n<\/strong><\/li>\n\n<li>&#8211; Spalvinga ir draugi\u0161ka estetika<\/li>\n\n<li>&#8211; Interaktyvi sukimo funkcija<\/li>\n\n<li>&#8211; Saugus ir tinkamas pagal am\u017ei\u0173<\/li>\n\n<li>&#8211; Pagaminta i\u0161 kokybi\u0161k\u0173, saugi\u0173 ir patvari\u0173 med\u017eiag\u0173<\/li><\/ul><p><strong>\u017daislas vysto:<\/strong><\/p><ul class=\"wp-block-list\"><li>&#8211; regos ir klausos poj\u016btis<\/li>\n\n<li>&#8211; rank\u0173 ir aki\u0173 koordinacija<\/li>\n\n<li>&#8211; rankiniai \u012fg\u016bd\u017eiai<\/li>\n\n<li>&#8211; i\u0161mokti prie\u017easties ir pasekm\u0117s ry\u0161\u012f<\/li><\/ul>","protected":false},"excerpt":{"rendered":"<p>Nuotaikingas ir spalvingas Woopie&nbsp;prek\u0117s \u017eenklo&nbsp;sukaukas su gyv\u016bn\u0117liais&nbsp;yra puikus pasi\u016blymas, garantuojantis vaikams&nbsp;nepamir\u0161tamas d\u017eiaugsmo ir tobul\u0117jimo akimirkas&nbsp;. Paspaudus balt\u0105 mygtuk\u0105, mieli gyv\u016bn\u0117liai pradeda&nbsp;linksmai suktis, o \u017eaislo viduje esantys spalvingi kamuoliukai pradeda \u0161okin\u0117ti&nbsp;, sukurdami miniati\u016brin\u0117s tikros karusel\u0117s efekt\u0105. \u017daisliuk\u0105 galima saugiai naudoti&nbsp;nuo 6 m\u0117nesi\u0173 am\u017eiaus&nbsp;, tod\u0117l tai&nbsp;ideali dovana ma\u017eiausiems&nbsp;. Woopie gars\u0117ja&nbsp;auk\u0161ta gamini\u0173 kokybe ir saugumu, tod\u0117l t\u0117vai gali [&hellip;]<\/p>","protected":false},"featured_media":23447,"template":"","meta":{"iawp_total_views":100},"product_cat":[200,191,84,86,50,49,39,201],"product_tag":[94],"class_list":{"0":"post-23446","1":"product","2":"type-product","3":"status-publish","4":"has-post-thumbnail","6":"product_cat-dovanos-kudikiams","7":"product_cat-dovanos-vaikams","8":"product_cat-lavinamieji-zaislai","9":"product_cat-smulkioji-motorika","10":"product_cat-top-dovanos","11":"product_cat-visi-zaislai","12":"product_cat-zaislai","13":"product_cat-zaislai-kelioneje","14":"product_tag-iki-1-m","16":"first","17":"instock","18":"taxable","19":"shipping-taxable","20":"purchasable","21":"product-type-simple"},"yoast_head":"<!-- This site is optimized with the Yoast SEO plugin v23.3 - https:\/\/yoast.com\/wordpress\/plugins\/seo\/ -->\n<title>Karusel\u0117 su kamuoliukais - Montessori \u017eaislai<\/title>\n<meta name=\"robots\" content=\"noindex, follow, max-snippet:-1, max-image-preview:large, max-video-preview:-1\" \/>\n<meta property=\"og:locale\" content=\"en_US\" \/>\n<meta property=\"og:type\" content=\"article\" \/>\n<meta property=\"og:title\" content=\"Karusel\u0117 su kamuoliukais - Montessori \u017eaislai\" \/>\n<meta property=\"og:description\" content=\"Nuotaikingas ir spalvingas Woopie&nbsp;prek\u0117s \u017eenklo&nbsp;sukaukas su gyv\u016bn\u0117liais&nbsp;yra puikus pasi\u016blymas, garantuojantis vaikams&nbsp;nepamir\u0161tamas d\u017eiaugsmo ir tobul\u0117jimo akimirkas&nbsp;. Paspaudus balt\u0105 mygtuk\u0105, mieli gyv\u016bn\u0117liai pradeda&nbsp;linksmai suktis, o \u017eaislo viduje esantys spalvingi kamuoliukai pradeda \u0161okin\u0117ti&nbsp;, sukurdami miniati\u016brin\u0117s tikros karusel\u0117s efekt\u0105. \u017daisliuk\u0105 galima saugiai naudoti&nbsp;nuo 6 m\u0117nesi\u0173 am\u017eiaus&nbsp;, tod\u0117l tai&nbsp;ideali dovana ma\u017eiausiems&nbsp;. Woopie gars\u0117ja&nbsp;auk\u0161ta gamini\u0173 kokybe ir saugumu, tod\u0117l t\u0117vai gali [&hellip;]\" \/>\n<meta property=\"og:url\" content=\"https:\/\/dev.monti.lt\/en\/product\/karusele-su-kamuoliukais\/\" \/>\n<meta property=\"og:site_name\" content=\"Montessori \u017eaislai\" \/>\n<meta property=\"article:modified_time\" content=\"2024-09-04T08:33:23+00:00\" \/>\n<meta property=\"og:image\" content=\"https:\/\/dev.monti.lt\/wp-content\/uploads\/2024\/05\/woopie-baby-kolorowe-zwierzatka-rozowy-baczek-z-kulkami-karuzela.jpg\" \/>\n\t<meta property=\"og:image:width\" content=\"800\" \/>\n\t<meta property=\"og:image:height\" content=\"800\" \/>\n\t<meta property=\"og:image:type\" content=\"image\/jpeg\" \/>\n<meta name=\"twitter:card\" content=\"summary_large_image\" \/>\n<meta name=\"twitter:label1\" content=\"Est. reading time\" \/>\n\t<meta name=\"twitter:data1\" content=\"1 minute\" \/>\n<script type=\"application\/ld+json\" class=\"yoast-schema-graph\">{\"@context\":\"https:\/\/schema.org\",\"@graph\":[{\"@type\":\"WebPage\",\"@id\":\"https:\/\/dev.monti.lt\/product\/karusele-su-kamuoliukais\/\",\"url\":\"https:\/\/dev.monti.lt\/product\/karusele-su-kamuoliukais\/\",\"name\":\"Karusel\u0117 su kamuoliukais - Montessori \u017eaislai\",\"isPartOf\":{\"@id\":\"https:\/\/dev.monti.lt\/#website\"},\"primaryImageOfPage\":{\"@id\":\"https:\/\/dev.monti.lt\/product\/karusele-su-kamuoliukais\/#primaryimage\"},\"image\":{\"@id\":\"https:\/\/dev.monti.lt\/product\/karusele-su-kamuoliukais\/#primaryimage\"},\"thumbnailUrl\":\"https:\/\/dev.monti.lt\/wp-content\/uploads\/2024\/05\/woopie-baby-kolorowe-zwierzatka-rozowy-baczek-z-kulkami-karuzela.jpg\",\"datePublished\":\"2024-05-09T11:46:23+00:00\",\"dateModified\":\"2024-09-04T08:33:23+00:00\",\"breadcrumb\":{\"@id\":\"https:\/\/dev.monti.lt\/product\/karusele-su-kamuoliukais\/#breadcrumb\"},\"inLanguage\":\"en-US\",\"potentialAction\":[{\"@type\":\"ReadAction\",\"target\":[\"https:\/\/dev.monti.lt\/product\/karusele-su-kamuoliukais\/\"]}]},{\"@type\":\"ImageObject\",\"inLanguage\":\"en-US\",\"@id\":\"https:\/\/dev.monti.lt\/product\/karusele-su-kamuoliukais\/#primaryimage\",\"url\":\"https:\/\/dev.monti.lt\/wp-content\/uploads\/2024\/05\/woopie-baby-kolorowe-zwierzatka-rozowy-baczek-z-kulkami-karuzela.jpg\",\"contentUrl\":\"https:\/\/dev.monti.lt\/wp-content\/uploads\/2024\/05\/woopie-baby-kolorowe-zwierzatka-rozowy-baczek-z-kulkami-karuzela.jpg\",\"width\":800,\"height\":800,\"caption\":\"zaislas kudikiui\"},{\"@type\":\"BreadcrumbList\",\"@id\":\"https:\/\/dev.monti.lt\/product\/karusele-su-kamuoliukais\/#breadcrumb\",\"itemListElement\":[{\"@type\":\"ListItem\",\"position\":1,\"name\":\"Home\",\"item\":\"https:\/\/dev.monti.lt\/\"},{\"@type\":\"ListItem\",\"position\":2,\"name\":\"Parduotuv\u0117\",\"item\":\"https:\/\/dev.monti.lt\/shop\/\"},{\"@type\":\"ListItem\",\"position\":3,\"name\":\"Karusel\u0117 su kamuoliukais\"}]},{\"@type\":\"WebSite\",\"@id\":\"https:\/\/dev.monti.lt\/#website\",\"url\":\"https:\/\/dev.monti.lt\/\",\"name\":\"Montessori \u017eaislai\",\"description\":\"\",\"publisher\":{\"@id\":\"https:\/\/dev.monti.lt\/#organization\"},\"potentialAction\":[{\"@type\":\"SearchAction\",\"target\":{\"@type\":\"EntryPoint\",\"urlTemplate\":\"https:\/\/dev.monti.lt\/?s={search_term_string}\"},\"query-input\":\"required name=search_term_string\"}],\"inLanguage\":\"en-US\"},{\"@type\":\"Organization\",\"@id\":\"https:\/\/dev.monti.lt\/#organization\",\"name\":\"Montessori \u017eaislai\",\"url\":\"https:\/\/dev.monti.lt\/\",\"logo\":{\"@type\":\"ImageObject\",\"inLanguage\":\"en-US\",\"@id\":\"https:\/\/dev.monti.lt\/#\/schema\/logo\/image\/\",\"url\":\"https:\/\/dev.monti.lt\/wp-content\/uploads\/2022\/03\/montilogo-1.png\",\"contentUrl\":\"https:\/\/dev.monti.lt\/wp-content\/uploads\/2022\/03\/montilogo-1.png\",\"width\":512,\"height\":512,\"caption\":\"Montessori \u017eaislai\"},\"image\":{\"@id\":\"https:\/\/dev.monti.lt\/#\/schema\/logo\/image\/\"}}]}<\/script>\n<!-- \/ Yoast SEO plugin. -->","yoast_head_json":{"title":"Karusel\u0117 su kamuoliukais - Montessori \u017eaislai","robots":{"index":"noindex","follow":"follow","max-snippet":"max-snippet:-1","max-image-preview":"max-image-preview:large","max-video-preview":"max-video-preview:-1"},"og_locale":"en_US","og_type":"article","og_title":"Karusel\u0117 su kamuoliukais - Montessori \u017eaislai","og_description":"Nuotaikingas ir spalvingas Woopie&nbsp;prek\u0117s \u017eenklo&nbsp;sukaukas su gyv\u016bn\u0117liais&nbsp;yra puikus pasi\u016blymas, garantuojantis vaikams&nbsp;nepamir\u0161tamas d\u017eiaugsmo ir tobul\u0117jimo akimirkas&nbsp;. Paspaudus balt\u0105 mygtuk\u0105, mieli gyv\u016bn\u0117liai pradeda&nbsp;linksmai suktis, o \u017eaislo viduje esantys spalvingi kamuoliukai pradeda \u0161okin\u0117ti&nbsp;, sukurdami miniati\u016brin\u0117s tikros karusel\u0117s efekt\u0105. \u017daisliuk\u0105 galima saugiai naudoti&nbsp;nuo 6 m\u0117nesi\u0173 am\u017eiaus&nbsp;, tod\u0117l tai&nbsp;ideali dovana ma\u017eiausiems&nbsp;. Woopie gars\u0117ja&nbsp;auk\u0161ta gamini\u0173 kokybe ir saugumu, tod\u0117l t\u0117vai gali [&hellip;]","og_url":"https:\/\/dev.monti.lt\/en\/product\/karusele-su-kamuoliukais\/","og_site_name":"Montessori \u017eaislai","article_modified_time":"2024-09-04T08:33:23+00:00","og_image":[{"width":800,"height":800,"url":"https:\/\/dev.monti.lt\/wp-content\/uploads\/2024\/05\/woopie-baby-kolorowe-zwierzatka-rozowy-baczek-z-kulkami-karuzela.jpg","type":"image\/jpeg"}],"twitter_card":"summary_large_image","twitter_misc":{"Est. reading time":"1 minute"},"schema":{"@context":"https:\/\/schema.org","@graph":[{"@type":"WebPage","@id":"https:\/\/dev.monti.lt\/product\/karusele-su-kamuoliukais\/","url":"https:\/\/dev.monti.lt\/product\/karusele-su-kamuoliukais\/","name":"Karusel\u0117 su kamuoliukais - Montessori \u017eaislai","isPartOf":{"@id":"https:\/\/dev.monti.lt\/#website"},"primaryImageOfPage":{"@id":"https:\/\/dev.monti.lt\/product\/karusele-su-kamuoliukais\/#primaryimage"},"image":{"@id":"https:\/\/dev.monti.lt\/product\/karusele-su-kamuoliukais\/#primaryimage"},"thumbnailUrl":"https:\/\/dev.monti.lt\/wp-content\/uploads\/2024\/05\/woopie-baby-kolorowe-zwierzatka-rozowy-baczek-z-kulkami-karuzela.jpg","datePublished":"2024-05-09T11:46:23+00:00","dateModified":"2024-09-04T08:33:23+00:00","breadcrumb":{"@id":"https:\/\/dev.monti.lt\/product\/karusele-su-kamuoliukais\/#breadcrumb"},"inLanguage":"en-US","potentialAction":[{"@type":"ReadAction","target":["https:\/\/dev.monti.lt\/product\/karusele-su-kamuoliukais\/"]}]},{"@type":"ImageObject","inLanguage":"en-US","@id":"https:\/\/dev.monti.lt\/product\/karusele-su-kamuoliukais\/#primaryimage","url":"https:\/\/dev.monti.lt\/wp-content\/uploads\/2024\/05\/woopie-baby-kolorowe-zwierzatka-rozowy-baczek-z-kulkami-karuzela.jpg","contentUrl":"https:\/\/dev.monti.lt\/wp-content\/uploads\/2024\/05\/woopie-baby-kolorowe-zwierzatka-rozowy-baczek-z-kulkami-karuzela.jpg","width":800,"height":800,"caption":"zaislas kudikiui"},{"@type":"BreadcrumbList","@id":"https:\/\/dev.monti.lt\/product\/karusele-su-kamuoliukais\/#breadcrumb","itemListElement":[{"@type":"ListItem","position":1,"name":"Home","item":"https:\/\/dev.monti.lt\/"},{"@type":"ListItem","position":2,"name":"Parduotuv\u0117","item":"https:\/\/dev.monti.lt\/shop\/"},{"@type":"ListItem","position":3,"name":"Karusel\u0117 su kamuoliukais"}]},{"@type":"WebSite","@id":"https:\/\/dev.monti.lt\/#website","url":"https:\/\/dev.monti.lt\/","name":"Montessori \u017eaislai","description":"","publisher":{"@id":"https:\/\/dev.monti.lt\/#organization"},"potentialAction":[{"@type":"SearchAction","target":{"@type":"EntryPoint","urlTemplate":"https:\/\/dev.monti.lt\/?s={search_term_string}"},"query-input":"required name=search_term_string"}],"inLanguage":"en-US"},{"@type":"Organization","@id":"https:\/\/dev.monti.lt\/#organization","name":"Montessori \u017eaislai","url":"https:\/\/dev.monti.lt\/","logo":{"@type":"ImageObject","inLanguage":"en-US","@id":"https:\/\/dev.monti.lt\/#\/schema\/logo\/image\/","url":"https:\/\/dev.monti.lt\/wp-content\/uploads\/2022\/03\/montilogo-1.png","contentUrl":"https:\/\/dev.monti.lt\/wp-content\/uploads\/2022\/03\/montilogo-1.png","width":512,"height":512,"caption":"Montessori \u017eaislai"},"image":{"@id":"https:\/\/dev.monti.lt\/#\/schema\/logo\/image\/"}}]}},"_links":{"self":[{"href":"https:\/\/dev.monti.lt\/en\/wp-json\/wp\/v2\/product\/23446"}],"collection":[{"href":"https:\/\/dev.monti.lt\/en\/wp-json\/wp\/v2\/product"}],"about":[{"href":"https:\/\/dev.monti.lt\/en\/wp-json\/wp\/v2\/types\/product"}],"version-history":[{"count":1,"href":"https:\/\/dev.monti.lt\/en\/wp-json\/wp\/v2\/product\/23446\/revisions"}],"predecessor-version":[{"id":23452,"href":"https:\/\/dev.monti.lt\/en\/wp-json\/wp\/v2\/product\/23446\/revisions\/23452"}],"wp:featuredmedia":[{"embeddable":true,"href":"https:\/\/dev.monti.lt\/en\/wp-json\/wp\/v2\/media\/23447"}],"wp:attachment":[{"href":"https:\/\/dev.monti.lt\/en\/wp-json\/wp\/v2\/media?parent=23446"}],"wp:term":[{"taxonomy":"product_cat","embeddable":true,"href":"https:\/\/dev.monti.lt\/en\/wp-json\/wp\/v2\/product_cat?post=23446"},{"taxonomy":"product_tag","embeddable":true,"href":"https:\/\/dev.monti.lt\/en\/wp-json\/wp\/v2\/product_tag?post=23446"}],"curies":[{"name":"wp","href":"https:\/\/api.w.org\/{rel}","templated":true}]}}