{"id":23439,"date":"2024-05-09T11:40:03","date_gmt":"2024-05-09T11:40:03","guid":{"rendered":"https:\/\/dev.monti.lt\/?post_type=product&#038;p=23439"},"modified":"2024-10-07T10:08:57","modified_gmt":"2024-10-07T10:08:57","slug":"sensorinis-suktukas-3-vnt","status":"publish","type":"product","link":"https:\/\/dev.monti.lt\/en\/product\/sensorinis-suktukas-3-vnt\/","title":{"rendered":"Sensorinis suktukas, 3 vnt."},"content":{"rendered":"<p>WOOPIE prek\u0117s&nbsp;<strong>\u017eenklo&nbsp;<\/strong><strong>suktuk\u0173 rinkinys<\/strong>&nbsp;paliks j\u016bs\u0173 vaikui puik\u0173 \u012fsp\u016bd\u012f. Rinkinyje yra&nbsp;<strong>3<\/strong>&nbsp;suktukai: bit\u0117, vi\u0161ta ir triu\u0161is. D\u0117l gumini\u0173&nbsp;<strong>siurbtuk\u0173<\/strong>&nbsp;vaikas gali pasiimti suktukus bet kur ir pritvirtinti bet kur&nbsp;.&nbsp;Keliaudami&nbsp;suktuk\u0105 galite pritvirtinti prie&nbsp;<strong>lango<\/strong>&nbsp;, o maudantis &#8211;&nbsp;<strong>prie&nbsp;<\/strong><strong>vonios<\/strong>&nbsp;(\u017eaisl\u0105 galima mirkyti). Suktiniai guoliai garantuoja&nbsp;<strong>ilgalaik\u012f&nbsp;<\/strong><strong>sukim\u0105si<\/strong>&nbsp;. Nuimami elementai leid\u017eia juos derinti bet kokiu b\u016bdu, taip pat galima sujungti suktukus ir sukurti linksmus pada\u017eus. \u017daislai turi guminius ir bar\u0161kan\u010dius elementus, kurie&nbsp;<strong>lavins vaiko poj\u016b\u010dius<\/strong>&nbsp;ir tur\u0117s stres\u0105 ma\u017einant\u012f poveik\u012f. \u017daidimas lavina&nbsp;<strong>vaiko rank\u0173 miklum\u0105<\/strong>&nbsp;, gerina&nbsp;<strong>rank\u0173 ir aki\u0173 koordinacij\u0105<\/strong>&nbsp;.<strong><\/strong><strong><\/strong><strong><\/strong><strong><\/strong><strong><\/strong><strong><\/strong><\/p><p><strong>Charakteristika:<\/strong><\/p><ul class=\"wp-block-list\"><li>&#8211; \u017eaislas&nbsp;<strong>nuo 18 m\u0117n<\/strong><\/li>\n\n<li>&#8211; Komplekte&nbsp;<strong>3 vnt<\/strong>&nbsp;suktukai<\/li>\n\n<li>&#8211;&nbsp;<strong>sensorinis \u017eaislas<\/strong>&nbsp;&#8211; guminiai elementai spaudimui<\/li>\n\n<li>&#8211;&nbsp;<strong>siurbtukai<\/strong>&nbsp;&#8211; gali b\u016bti dedami ant stiklo, vonios ar stalo<\/li>\n\n<li>&#8211;&nbsp;<strong>vonios \u017eaislas<\/strong>&nbsp;&#8211; galima mirkyti<\/li>\n\n<li>&#8211;&nbsp;<strong>lankstus guolis<\/strong>&nbsp;ir&nbsp;<strong>ilgalaikis sukimasis<\/strong><\/li><\/ul><p><strong>\u017daislas vysto:<\/strong><\/p><ul class=\"wp-block-list\"><li>&#8211; smulkioji motorika &#8211; lavina ma\u017eylio rank\u0173 miklum\u0105<\/li>\n\n<li>&#8211; rank\u0173 ir aki\u0173 koordinacija<\/li><\/ul>","protected":false},"excerpt":{"rendered":"<p>WOOPIE prek\u0117s&nbsp;\u017eenklo&nbsp;suktuk\u0173 rinkinys&nbsp;paliks j\u016bs\u0173 vaikui puik\u0173 \u012fsp\u016bd\u012f. Rinkinyje yra&nbsp;3&nbsp;suktukai: bit\u0117, vi\u0161ta ir triu\u0161is. D\u0117l gumini\u0173&nbsp;siurbtuk\u0173&nbsp;vaikas gali pasiimti suktukus bet kur ir pritvirtinti bet kur&nbsp;.&nbsp;Keliaudami&nbsp;suktuk\u0105 galite pritvirtinti prie&nbsp;lango&nbsp;, o maudantis &#8211;&nbsp;prie&nbsp;vonios&nbsp;(\u017eaisl\u0105 galima mirkyti). Suktiniai guoliai garantuoja&nbsp;ilgalaik\u012f&nbsp;sukim\u0105si&nbsp;. Nuimami elementai leid\u017eia juos derinti bet kokiu b\u016bdu, taip pat galima sujungti suktukus ir sukurti linksmus pada\u017eus. \u017daislai turi guminius [&hellip;]<\/p>","protected":false},"featured_media":23440,"template":"","meta":{"iawp_total_views":125},"product_cat":[193,200,191,84,90,86,50,49,39,201],"product_tag":[95,96,94],"class_list":{"0":"post-23439","1":"product","2":"type-product","3":"status-publish","4":"has-post-thumbnail","6":"product_cat-dovanos-vaikams-1-2-metu","7":"product_cat-dovanos-kudikiams","8":"product_cat-dovanos-vaikams","9":"product_cat-lavinamieji-zaislai","10":"product_cat-pasaulio-pazinimas","11":"product_cat-smulkioji-motorika","12":"product_cat-top-dovanos","13":"product_cat-visi-zaislai","14":"product_cat-zaislai","15":"product_cat-zaislai-kelioneje","16":"product_tag-1-m-2-m","17":"product_tag-2-m-3-m","18":"product_tag-iki-1-m","20":"first","21":"instock","22":"taxable","23":"shipping-taxable","24":"purchasable","25":"product-type-simple"},"yoast_head":"<!-- This site is optimized with the Yoast SEO plugin v23.3 - https:\/\/yoast.com\/wordpress\/plugins\/seo\/ -->\n<title>Sensorinis suktukas, 3 vnt. - Montessori \u017eaislai<\/title>\n<meta name=\"robots\" content=\"noindex, follow, max-snippet:-1, max-image-preview:large, max-video-preview:-1\" \/>\n<meta property=\"og:locale\" content=\"en_US\" \/>\n<meta property=\"og:type\" content=\"article\" \/>\n<meta property=\"og:title\" content=\"Sensorinis suktukas, 3 vnt. - Montessori \u017eaislai\" \/>\n<meta property=\"og:description\" content=\"WOOPIE prek\u0117s&nbsp;\u017eenklo&nbsp;suktuk\u0173 rinkinys&nbsp;paliks j\u016bs\u0173 vaikui puik\u0173 \u012fsp\u016bd\u012f. Rinkinyje yra&nbsp;3&nbsp;suktukai: bit\u0117, vi\u0161ta ir triu\u0161is. D\u0117l gumini\u0173&nbsp;siurbtuk\u0173&nbsp;vaikas gali pasiimti suktukus bet kur ir pritvirtinti bet kur&nbsp;.&nbsp;Keliaudami&nbsp;suktuk\u0105 galite pritvirtinti prie&nbsp;lango&nbsp;, o maudantis &#8211;&nbsp;prie&nbsp;vonios&nbsp;(\u017eaisl\u0105 galima mirkyti). Suktiniai guoliai garantuoja&nbsp;ilgalaik\u012f&nbsp;sukim\u0105si&nbsp;. Nuimami elementai leid\u017eia juos derinti bet kokiu b\u016bdu, taip pat galima sujungti suktukus ir sukurti linksmus pada\u017eus. \u017daislai turi guminius [&hellip;]\" \/>\n<meta property=\"og:url\" content=\"https:\/\/dev.monti.lt\/en\/product\/sensorinis-suktukas-3-vnt\/\" \/>\n<meta property=\"og:site_name\" content=\"Montessori \u017eaislai\" \/>\n<meta property=\"article:modified_time\" content=\"2024-10-07T10:08:57+00:00\" \/>\n<meta property=\"og:image\" content=\"https:\/\/dev.monti.lt\/wp-content\/uploads\/2024\/05\/woopie-baby-spinner-zabawka-sensoryczna-pszczola-kurczak-krolik-wymienne-3-szt.jpg\" \/>\n\t<meta property=\"og:image:width\" content=\"800\" \/>\n\t<meta property=\"og:image:height\" content=\"800\" \/>\n\t<meta property=\"og:image:type\" content=\"image\/jpeg\" \/>\n<meta name=\"twitter:card\" content=\"summary_large_image\" \/>\n<meta name=\"twitter:label1\" content=\"Est. reading time\" \/>\n\t<meta name=\"twitter:data1\" content=\"1 minute\" \/>\n<script type=\"application\/ld+json\" class=\"yoast-schema-graph\">{\"@context\":\"https:\/\/schema.org\",\"@graph\":[{\"@type\":\"WebPage\",\"@id\":\"https:\/\/dev.monti.lt\/product\/sensorinis-suktukas-3-vnt\/\",\"url\":\"https:\/\/dev.monti.lt\/product\/sensorinis-suktukas-3-vnt\/\",\"name\":\"Sensorinis suktukas, 3 vnt. - Montessori \u017eaislai\",\"isPartOf\":{\"@id\":\"https:\/\/dev.monti.lt\/#website\"},\"primaryImageOfPage\":{\"@id\":\"https:\/\/dev.monti.lt\/product\/sensorinis-suktukas-3-vnt\/#primaryimage\"},\"image\":{\"@id\":\"https:\/\/dev.monti.lt\/product\/sensorinis-suktukas-3-vnt\/#primaryimage\"},\"thumbnailUrl\":\"https:\/\/dev.monti.lt\/wp-content\/uploads\/2024\/05\/woopie-baby-spinner-zabawka-sensoryczna-pszczola-kurczak-krolik-wymienne-3-szt.jpg\",\"datePublished\":\"2024-05-09T11:40:03+00:00\",\"dateModified\":\"2024-10-07T10:08:57+00:00\",\"breadcrumb\":{\"@id\":\"https:\/\/dev.monti.lt\/product\/sensorinis-suktukas-3-vnt\/#breadcrumb\"},\"inLanguage\":\"en-US\",\"potentialAction\":[{\"@type\":\"ReadAction\",\"target\":[\"https:\/\/dev.monti.lt\/product\/sensorinis-suktukas-3-vnt\/\"]}]},{\"@type\":\"ImageObject\",\"inLanguage\":\"en-US\",\"@id\":\"https:\/\/dev.monti.lt\/product\/sensorinis-suktukas-3-vnt\/#primaryimage\",\"url\":\"https:\/\/dev.monti.lt\/wp-content\/uploads\/2024\/05\/woopie-baby-spinner-zabawka-sensoryczna-pszczola-kurczak-krolik-wymienne-3-szt.jpg\",\"contentUrl\":\"https:\/\/dev.monti.lt\/wp-content\/uploads\/2024\/05\/woopie-baby-spinner-zabawka-sensoryczna-pszczola-kurczak-krolik-wymienne-3-szt.jpg\",\"width\":800,\"height\":800,\"caption\":\"spineriai vaikams\"},{\"@type\":\"BreadcrumbList\",\"@id\":\"https:\/\/dev.monti.lt\/product\/sensorinis-suktukas-3-vnt\/#breadcrumb\",\"itemListElement\":[{\"@type\":\"ListItem\",\"position\":1,\"name\":\"Home\",\"item\":\"https:\/\/dev.monti.lt\/\"},{\"@type\":\"ListItem\",\"position\":2,\"name\":\"Parduotuv\u0117\",\"item\":\"https:\/\/dev.monti.lt\/shop\/\"},{\"@type\":\"ListItem\",\"position\":3,\"name\":\"Sensorinis suktukas, 3 vnt.\"}]},{\"@type\":\"WebSite\",\"@id\":\"https:\/\/dev.monti.lt\/#website\",\"url\":\"https:\/\/dev.monti.lt\/\",\"name\":\"Montessori \u017eaislai\",\"description\":\"\",\"publisher\":{\"@id\":\"https:\/\/dev.monti.lt\/#organization\"},\"potentialAction\":[{\"@type\":\"SearchAction\",\"target\":{\"@type\":\"EntryPoint\",\"urlTemplate\":\"https:\/\/dev.monti.lt\/?s={search_term_string}\"},\"query-input\":\"required name=search_term_string\"}],\"inLanguage\":\"en-US\"},{\"@type\":\"Organization\",\"@id\":\"https:\/\/dev.monti.lt\/#organization\",\"name\":\"Montessori \u017eaislai\",\"url\":\"https:\/\/dev.monti.lt\/\",\"logo\":{\"@type\":\"ImageObject\",\"inLanguage\":\"en-US\",\"@id\":\"https:\/\/dev.monti.lt\/#\/schema\/logo\/image\/\",\"url\":\"https:\/\/dev.monti.lt\/wp-content\/uploads\/2022\/03\/montilogo-1.png\",\"contentUrl\":\"https:\/\/dev.monti.lt\/wp-content\/uploads\/2022\/03\/montilogo-1.png\",\"width\":512,\"height\":512,\"caption\":\"Montessori \u017eaislai\"},\"image\":{\"@id\":\"https:\/\/dev.monti.lt\/#\/schema\/logo\/image\/\"}}]}<\/script>\n<!-- \/ Yoast SEO plugin. -->","yoast_head_json":{"title":"Sensorinis suktukas, 3 vnt. - Montessori \u017eaislai","robots":{"index":"noindex","follow":"follow","max-snippet":"max-snippet:-1","max-image-preview":"max-image-preview:large","max-video-preview":"max-video-preview:-1"},"og_locale":"en_US","og_type":"article","og_title":"Sensorinis suktukas, 3 vnt. - Montessori \u017eaislai","og_description":"WOOPIE prek\u0117s&nbsp;\u017eenklo&nbsp;suktuk\u0173 rinkinys&nbsp;paliks j\u016bs\u0173 vaikui puik\u0173 \u012fsp\u016bd\u012f. Rinkinyje yra&nbsp;3&nbsp;suktukai: bit\u0117, vi\u0161ta ir triu\u0161is. D\u0117l gumini\u0173&nbsp;siurbtuk\u0173&nbsp;vaikas gali pasiimti suktukus bet kur ir pritvirtinti bet kur&nbsp;.&nbsp;Keliaudami&nbsp;suktuk\u0105 galite pritvirtinti prie&nbsp;lango&nbsp;, o maudantis &#8211;&nbsp;prie&nbsp;vonios&nbsp;(\u017eaisl\u0105 galima mirkyti). Suktiniai guoliai garantuoja&nbsp;ilgalaik\u012f&nbsp;sukim\u0105si&nbsp;. Nuimami elementai leid\u017eia juos derinti bet kokiu b\u016bdu, taip pat galima sujungti suktukus ir sukurti linksmus pada\u017eus. \u017daislai turi guminius [&hellip;]","og_url":"https:\/\/dev.monti.lt\/en\/product\/sensorinis-suktukas-3-vnt\/","og_site_name":"Montessori \u017eaislai","article_modified_time":"2024-10-07T10:08:57+00:00","og_image":[{"width":800,"height":800,"url":"https:\/\/dev.monti.lt\/wp-content\/uploads\/2024\/05\/woopie-baby-spinner-zabawka-sensoryczna-pszczola-kurczak-krolik-wymienne-3-szt.jpg","type":"image\/jpeg"}],"twitter_card":"summary_large_image","twitter_misc":{"Est. reading time":"1 minute"},"schema":{"@context":"https:\/\/schema.org","@graph":[{"@type":"WebPage","@id":"https:\/\/dev.monti.lt\/product\/sensorinis-suktukas-3-vnt\/","url":"https:\/\/dev.monti.lt\/product\/sensorinis-suktukas-3-vnt\/","name":"Sensorinis suktukas, 3 vnt. - Montessori \u017eaislai","isPartOf":{"@id":"https:\/\/dev.monti.lt\/#website"},"primaryImageOfPage":{"@id":"https:\/\/dev.monti.lt\/product\/sensorinis-suktukas-3-vnt\/#primaryimage"},"image":{"@id":"https:\/\/dev.monti.lt\/product\/sensorinis-suktukas-3-vnt\/#primaryimage"},"thumbnailUrl":"https:\/\/dev.monti.lt\/wp-content\/uploads\/2024\/05\/woopie-baby-spinner-zabawka-sensoryczna-pszczola-kurczak-krolik-wymienne-3-szt.jpg","datePublished":"2024-05-09T11:40:03+00:00","dateModified":"2024-10-07T10:08:57+00:00","breadcrumb":{"@id":"https:\/\/dev.monti.lt\/product\/sensorinis-suktukas-3-vnt\/#breadcrumb"},"inLanguage":"en-US","potentialAction":[{"@type":"ReadAction","target":["https:\/\/dev.monti.lt\/product\/sensorinis-suktukas-3-vnt\/"]}]},{"@type":"ImageObject","inLanguage":"en-US","@id":"https:\/\/dev.monti.lt\/product\/sensorinis-suktukas-3-vnt\/#primaryimage","url":"https:\/\/dev.monti.lt\/wp-content\/uploads\/2024\/05\/woopie-baby-spinner-zabawka-sensoryczna-pszczola-kurczak-krolik-wymienne-3-szt.jpg","contentUrl":"https:\/\/dev.monti.lt\/wp-content\/uploads\/2024\/05\/woopie-baby-spinner-zabawka-sensoryczna-pszczola-kurczak-krolik-wymienne-3-szt.jpg","width":800,"height":800,"caption":"spineriai vaikams"},{"@type":"BreadcrumbList","@id":"https:\/\/dev.monti.lt\/product\/sensorinis-suktukas-3-vnt\/#breadcrumb","itemListElement":[{"@type":"ListItem","position":1,"name":"Home","item":"https:\/\/dev.monti.lt\/"},{"@type":"ListItem","position":2,"name":"Parduotuv\u0117","item":"https:\/\/dev.monti.lt\/shop\/"},{"@type":"ListItem","position":3,"name":"Sensorinis suktukas, 3 vnt."}]},{"@type":"WebSite","@id":"https:\/\/dev.monti.lt\/#website","url":"https:\/\/dev.monti.lt\/","name":"Montessori \u017eaislai","description":"","publisher":{"@id":"https:\/\/dev.monti.lt\/#organization"},"potentialAction":[{"@type":"SearchAction","target":{"@type":"EntryPoint","urlTemplate":"https:\/\/dev.monti.lt\/?s={search_term_string}"},"query-input":"required name=search_term_string"}],"inLanguage":"en-US"},{"@type":"Organization","@id":"https:\/\/dev.monti.lt\/#organization","name":"Montessori \u017eaislai","url":"https:\/\/dev.monti.lt\/","logo":{"@type":"ImageObject","inLanguage":"en-US","@id":"https:\/\/dev.monti.lt\/#\/schema\/logo\/image\/","url":"https:\/\/dev.monti.lt\/wp-content\/uploads\/2022\/03\/montilogo-1.png","contentUrl":"https:\/\/dev.monti.lt\/wp-content\/uploads\/2022\/03\/montilogo-1.png","width":512,"height":512,"caption":"Montessori \u017eaislai"},"image":{"@id":"https:\/\/dev.monti.lt\/#\/schema\/logo\/image\/"}}]}},"_links":{"self":[{"href":"https:\/\/dev.monti.lt\/en\/wp-json\/wp\/v2\/product\/23439"}],"collection":[{"href":"https:\/\/dev.monti.lt\/en\/wp-json\/wp\/v2\/product"}],"about":[{"href":"https:\/\/dev.monti.lt\/en\/wp-json\/wp\/v2\/types\/product"}],"version-history":[{"count":1,"href":"https:\/\/dev.monti.lt\/en\/wp-json\/wp\/v2\/product\/23439\/revisions"}],"predecessor-version":[{"id":23445,"href":"https:\/\/dev.monti.lt\/en\/wp-json\/wp\/v2\/product\/23439\/revisions\/23445"}],"wp:featuredmedia":[{"embeddable":true,"href":"https:\/\/dev.monti.lt\/en\/wp-json\/wp\/v2\/media\/23440"}],"wp:attachment":[{"href":"https:\/\/dev.monti.lt\/en\/wp-json\/wp\/v2\/media?parent=23439"}],"wp:term":[{"taxonomy":"product_cat","embeddable":true,"href":"https:\/\/dev.monti.lt\/en\/wp-json\/wp\/v2\/product_cat?post=23439"},{"taxonomy":"product_tag","embeddable":true,"href":"https:\/\/dev.monti.lt\/en\/wp-json\/wp\/v2\/product_tag?post=23439"}],"curies":[{"name":"wp","href":"https:\/\/api.w.org\/{rel}","templated":true}]}}