{"id":23435,"date":"2024-05-09T11:35:37","date_gmt":"2024-05-09T11:35:37","guid":{"rendered":"https:\/\/dev.monti.lt\/?post_type=product&#038;p=23435"},"modified":"2024-09-11T17:42:35","modified_gmt":"2024-09-11T17:42:35","slug":"futbolo-vartai-su-pompa-ir-kamuoliu","status":"publish","type":"product","link":"https:\/\/dev.monti.lt\/en\/product\/futbolo-vartai-su-pompa-ir-kamuoliu\/","title":{"rendered":"Futbolo vartai su pompa ir kamuoliu"},"content":{"rendered":"<p><strong>Woopie<\/strong>&nbsp;futbolo vartai&nbsp;leid\u017eia vaikams aktyviai leisti laik\u0105 lauke. Tikslas puikiai tinka&nbsp;<strong>sodui<\/strong>&nbsp;,&nbsp;<strong>parkui<\/strong>&nbsp;ar&nbsp;<strong>sporto aik\u0161telei<\/strong>&nbsp;. J\u012f galima lengvai i\u0161skleisti ir pastatyti ant bet kokio tipo pavir\u0161iaus. Jei turite nam\u0105 su sodu ir ie\u0161kote futbolo vart\u0173, b\u016btinai rinkit\u0117s&nbsp;<strong>Woopie<\/strong>&nbsp;vartus !&nbsp;<br><br><strong>Charakteristika:<\/strong><\/p><ul class=\"wp-block-list\"><li>&nbsp;&nbsp;&nbsp; &#8211; rinkinys jaunam futbolininkui<\/li>\n\n<li>&nbsp;&nbsp;&nbsp; &#8211; naudoti namuose, sode, parke ir \u017eaidim\u0173 aik\u0161tel\u0117je &#8211; visur!<\/li>\n\n<li>&nbsp;&nbsp;&nbsp; &#8211; sportinis tikslas yra puiki dovanos id\u0117ja kiekvienam<\/li><\/ul><p><br><strong>Komplekte yra:<\/strong><\/p><ul class=\"wp-block-list\"><li>\u00a0\u00a0\u00a0 &#8211; vartai<\/li>\n\n<li>&nbsp;&nbsp;&nbsp; &#8211; kamuolys<\/li>\n\n<li>\u00a0\u00a0\u00a0 &#8211; pompa<\/li><\/ul><p><strong>Matmenys:<\/strong>&nbsp;45 x 32 x 25,5 cm<\/p>","protected":false},"excerpt":{"rendered":"<p>Woopie&nbsp;futbolo vartai&nbsp;leid\u017eia vaikams aktyviai leisti laik\u0105 lauke. Tikslas puikiai tinka&nbsp;sodui&nbsp;,&nbsp;parkui&nbsp;ar&nbsp;sporto aik\u0161telei&nbsp;. J\u012f galima lengvai i\u0161skleisti ir pastatyti ant bet kokio tipo pavir\u0161iaus. Jei turite nam\u0105 su sodu ir ie\u0161kote futbolo vart\u0173, b\u016btinai rinkit\u0117s&nbsp;Woopie&nbsp;vartus !&nbsp; Charakteristika: Komplekte yra: Matmenys:&nbsp;45 x 32 x 25,5 cm<\/p>","protected":false},"featured_media":23436,"template":"","meta":{"iawp_total_views":65},"product_cat":[238],"product_tag":[95,96,97,98,99],"class_list":{"0":"post-23435","1":"product","2":"type-product","3":"status-publish","4":"has-post-thumbnail","6":"product_cat-lauko-zaidimai","7":"product_tag-1-m-2-m","8":"product_tag-2-m-3-m","9":"product_tag-3-m-4-m","10":"product_tag-5-m-7-m","11":"product_tag-8-m-11-m","13":"first","14":"outofstock","15":"taxable","16":"shipping-taxable","17":"purchasable","18":"product-type-simple"},"yoast_head":"<!-- This site is optimized with the Yoast SEO plugin v23.3 - https:\/\/yoast.com\/wordpress\/plugins\/seo\/ -->\n<title>Futbolo vartai su pompa ir kamuoliu - Montessori \u017eaislai<\/title>\n<meta name=\"robots\" content=\"noindex, follow, max-snippet:-1, max-image-preview:large, max-video-preview:-1\" \/>\n<meta property=\"og:locale\" content=\"en_US\" \/>\n<meta property=\"og:type\" content=\"article\" \/>\n<meta property=\"og:title\" content=\"Futbolo vartai su pompa ir kamuoliu - Montessori \u017eaislai\" \/>\n<meta property=\"og:description\" content=\"Woopie&nbsp;futbolo vartai&nbsp;leid\u017eia vaikams aktyviai leisti laik\u0105 lauke. Tikslas puikiai tinka&nbsp;sodui&nbsp;,&nbsp;parkui&nbsp;ar&nbsp;sporto aik\u0161telei&nbsp;. J\u012f galima lengvai i\u0161skleisti ir pastatyti ant bet kokio tipo pavir\u0161iaus. Jei turite nam\u0105 su sodu ir ie\u0161kote futbolo vart\u0173, b\u016btinai rinkit\u0117s&nbsp;Woopie&nbsp;vartus !&nbsp; Charakteristika: Komplekte yra: Matmenys:&nbsp;45 x 32 x 25,5 cm\" \/>\n<meta property=\"og:url\" content=\"https:\/\/dev.monti.lt\/en\/product\/futbolo-vartai-su-pompa-ir-kamuoliu\/\" \/>\n<meta property=\"og:site_name\" content=\"Montessori \u017eaislai\" \/>\n<meta property=\"article:modified_time\" content=\"2024-09-11T17:42:35+00:00\" \/>\n<meta property=\"og:image\" content=\"https:\/\/dev.monti.lt\/wp-content\/uploads\/2024\/05\/bramka-pilkarska-z-pilka-i-pompka-football-sport-woopie.jpg\" \/>\n\t<meta property=\"og:image:width\" content=\"800\" \/>\n\t<meta property=\"og:image:height\" content=\"800\" \/>\n\t<meta property=\"og:image:type\" content=\"image\/jpeg\" \/>\n<meta name=\"twitter:card\" content=\"summary_large_image\" \/>\n<meta name=\"twitter:label1\" content=\"Est. reading time\" \/>\n\t<meta name=\"twitter:data1\" content=\"1 minute\" \/>\n<script type=\"application\/ld+json\" class=\"yoast-schema-graph\">{\"@context\":\"https:\/\/schema.org\",\"@graph\":[{\"@type\":\"WebPage\",\"@id\":\"https:\/\/dev.monti.lt\/product\/futbolo-vartai-su-pompa-ir-kamuoliu\/\",\"url\":\"https:\/\/dev.monti.lt\/product\/futbolo-vartai-su-pompa-ir-kamuoliu\/\",\"name\":\"Futbolo vartai su pompa ir kamuoliu - Montessori \u017eaislai\",\"isPartOf\":{\"@id\":\"https:\/\/dev.monti.lt\/#website\"},\"primaryImageOfPage\":{\"@id\":\"https:\/\/dev.monti.lt\/product\/futbolo-vartai-su-pompa-ir-kamuoliu\/#primaryimage\"},\"image\":{\"@id\":\"https:\/\/dev.monti.lt\/product\/futbolo-vartai-su-pompa-ir-kamuoliu\/#primaryimage\"},\"thumbnailUrl\":\"https:\/\/dev.monti.lt\/wp-content\/uploads\/2024\/05\/bramka-pilkarska-z-pilka-i-pompka-football-sport-woopie.jpg\",\"datePublished\":\"2024-05-09T11:35:37+00:00\",\"dateModified\":\"2024-09-11T17:42:35+00:00\",\"breadcrumb\":{\"@id\":\"https:\/\/dev.monti.lt\/product\/futbolo-vartai-su-pompa-ir-kamuoliu\/#breadcrumb\"},\"inLanguage\":\"en-US\",\"potentialAction\":[{\"@type\":\"ReadAction\",\"target\":[\"https:\/\/dev.monti.lt\/product\/futbolo-vartai-su-pompa-ir-kamuoliu\/\"]}]},{\"@type\":\"ImageObject\",\"inLanguage\":\"en-US\",\"@id\":\"https:\/\/dev.monti.lt\/product\/futbolo-vartai-su-pompa-ir-kamuoliu\/#primaryimage\",\"url\":\"https:\/\/dev.monti.lt\/wp-content\/uploads\/2024\/05\/bramka-pilkarska-z-pilka-i-pompka-football-sport-woopie.jpg\",\"contentUrl\":\"https:\/\/dev.monti.lt\/wp-content\/uploads\/2024\/05\/bramka-pilkarska-z-pilka-i-pompka-football-sport-woopie.jpg\",\"width\":800,\"height\":800,\"caption\":\"futbolo vartai\"},{\"@type\":\"BreadcrumbList\",\"@id\":\"https:\/\/dev.monti.lt\/product\/futbolo-vartai-su-pompa-ir-kamuoliu\/#breadcrumb\",\"itemListElement\":[{\"@type\":\"ListItem\",\"position\":1,\"name\":\"Home\",\"item\":\"https:\/\/dev.monti.lt\/\"},{\"@type\":\"ListItem\",\"position\":2,\"name\":\"Parduotuv\u0117\",\"item\":\"https:\/\/dev.monti.lt\/shop\/\"},{\"@type\":\"ListItem\",\"position\":3,\"name\":\"Futbolo vartai su pompa ir kamuoliu\"}]},{\"@type\":\"WebSite\",\"@id\":\"https:\/\/dev.monti.lt\/#website\",\"url\":\"https:\/\/dev.monti.lt\/\",\"name\":\"Montessori \u017eaislai\",\"description\":\"\",\"publisher\":{\"@id\":\"https:\/\/dev.monti.lt\/#organization\"},\"potentialAction\":[{\"@type\":\"SearchAction\",\"target\":{\"@type\":\"EntryPoint\",\"urlTemplate\":\"https:\/\/dev.monti.lt\/?s={search_term_string}\"},\"query-input\":\"required name=search_term_string\"}],\"inLanguage\":\"en-US\"},{\"@type\":\"Organization\",\"@id\":\"https:\/\/dev.monti.lt\/#organization\",\"name\":\"Montessori \u017eaislai\",\"url\":\"https:\/\/dev.monti.lt\/\",\"logo\":{\"@type\":\"ImageObject\",\"inLanguage\":\"en-US\",\"@id\":\"https:\/\/dev.monti.lt\/#\/schema\/logo\/image\/\",\"url\":\"https:\/\/dev.monti.lt\/wp-content\/uploads\/2022\/03\/montilogo-1.png\",\"contentUrl\":\"https:\/\/dev.monti.lt\/wp-content\/uploads\/2022\/03\/montilogo-1.png\",\"width\":512,\"height\":512,\"caption\":\"Montessori \u017eaislai\"},\"image\":{\"@id\":\"https:\/\/dev.monti.lt\/#\/schema\/logo\/image\/\"}}]}<\/script>\n<!-- \/ Yoast SEO plugin. -->","yoast_head_json":{"title":"Futbolo vartai su pompa ir kamuoliu - Montessori \u017eaislai","robots":{"index":"noindex","follow":"follow","max-snippet":"max-snippet:-1","max-image-preview":"max-image-preview:large","max-video-preview":"max-video-preview:-1"},"og_locale":"en_US","og_type":"article","og_title":"Futbolo vartai su pompa ir kamuoliu - Montessori \u017eaislai","og_description":"Woopie&nbsp;futbolo vartai&nbsp;leid\u017eia vaikams aktyviai leisti laik\u0105 lauke. Tikslas puikiai tinka&nbsp;sodui&nbsp;,&nbsp;parkui&nbsp;ar&nbsp;sporto aik\u0161telei&nbsp;. J\u012f galima lengvai i\u0161skleisti ir pastatyti ant bet kokio tipo pavir\u0161iaus. Jei turite nam\u0105 su sodu ir ie\u0161kote futbolo vart\u0173, b\u016btinai rinkit\u0117s&nbsp;Woopie&nbsp;vartus !&nbsp; Charakteristika: Komplekte yra: Matmenys:&nbsp;45 x 32 x 25,5 cm","og_url":"https:\/\/dev.monti.lt\/en\/product\/futbolo-vartai-su-pompa-ir-kamuoliu\/","og_site_name":"Montessori \u017eaislai","article_modified_time":"2024-09-11T17:42:35+00:00","og_image":[{"width":800,"height":800,"url":"https:\/\/dev.monti.lt\/wp-content\/uploads\/2024\/05\/bramka-pilkarska-z-pilka-i-pompka-football-sport-woopie.jpg","type":"image\/jpeg"}],"twitter_card":"summary_large_image","twitter_misc":{"Est. reading time":"1 minute"},"schema":{"@context":"https:\/\/schema.org","@graph":[{"@type":"WebPage","@id":"https:\/\/dev.monti.lt\/product\/futbolo-vartai-su-pompa-ir-kamuoliu\/","url":"https:\/\/dev.monti.lt\/product\/futbolo-vartai-su-pompa-ir-kamuoliu\/","name":"Futbolo vartai su pompa ir kamuoliu - Montessori \u017eaislai","isPartOf":{"@id":"https:\/\/dev.monti.lt\/#website"},"primaryImageOfPage":{"@id":"https:\/\/dev.monti.lt\/product\/futbolo-vartai-su-pompa-ir-kamuoliu\/#primaryimage"},"image":{"@id":"https:\/\/dev.monti.lt\/product\/futbolo-vartai-su-pompa-ir-kamuoliu\/#primaryimage"},"thumbnailUrl":"https:\/\/dev.monti.lt\/wp-content\/uploads\/2024\/05\/bramka-pilkarska-z-pilka-i-pompka-football-sport-woopie.jpg","datePublished":"2024-05-09T11:35:37+00:00","dateModified":"2024-09-11T17:42:35+00:00","breadcrumb":{"@id":"https:\/\/dev.monti.lt\/product\/futbolo-vartai-su-pompa-ir-kamuoliu\/#breadcrumb"},"inLanguage":"en-US","potentialAction":[{"@type":"ReadAction","target":["https:\/\/dev.monti.lt\/product\/futbolo-vartai-su-pompa-ir-kamuoliu\/"]}]},{"@type":"ImageObject","inLanguage":"en-US","@id":"https:\/\/dev.monti.lt\/product\/futbolo-vartai-su-pompa-ir-kamuoliu\/#primaryimage","url":"https:\/\/dev.monti.lt\/wp-content\/uploads\/2024\/05\/bramka-pilkarska-z-pilka-i-pompka-football-sport-woopie.jpg","contentUrl":"https:\/\/dev.monti.lt\/wp-content\/uploads\/2024\/05\/bramka-pilkarska-z-pilka-i-pompka-football-sport-woopie.jpg","width":800,"height":800,"caption":"futbolo vartai"},{"@type":"BreadcrumbList","@id":"https:\/\/dev.monti.lt\/product\/futbolo-vartai-su-pompa-ir-kamuoliu\/#breadcrumb","itemListElement":[{"@type":"ListItem","position":1,"name":"Home","item":"https:\/\/dev.monti.lt\/"},{"@type":"ListItem","position":2,"name":"Parduotuv\u0117","item":"https:\/\/dev.monti.lt\/shop\/"},{"@type":"ListItem","position":3,"name":"Futbolo vartai su pompa ir kamuoliu"}]},{"@type":"WebSite","@id":"https:\/\/dev.monti.lt\/#website","url":"https:\/\/dev.monti.lt\/","name":"Montessori \u017eaislai","description":"","publisher":{"@id":"https:\/\/dev.monti.lt\/#organization"},"potentialAction":[{"@type":"SearchAction","target":{"@type":"EntryPoint","urlTemplate":"https:\/\/dev.monti.lt\/?s={search_term_string}"},"query-input":"required name=search_term_string"}],"inLanguage":"en-US"},{"@type":"Organization","@id":"https:\/\/dev.monti.lt\/#organization","name":"Montessori \u017eaislai","url":"https:\/\/dev.monti.lt\/","logo":{"@type":"ImageObject","inLanguage":"en-US","@id":"https:\/\/dev.monti.lt\/#\/schema\/logo\/image\/","url":"https:\/\/dev.monti.lt\/wp-content\/uploads\/2022\/03\/montilogo-1.png","contentUrl":"https:\/\/dev.monti.lt\/wp-content\/uploads\/2022\/03\/montilogo-1.png","width":512,"height":512,"caption":"Montessori \u017eaislai"},"image":{"@id":"https:\/\/dev.monti.lt\/#\/schema\/logo\/image\/"}}]}},"_links":{"self":[{"href":"https:\/\/dev.monti.lt\/en\/wp-json\/wp\/v2\/product\/23435"}],"collection":[{"href":"https:\/\/dev.monti.lt\/en\/wp-json\/wp\/v2\/product"}],"about":[{"href":"https:\/\/dev.monti.lt\/en\/wp-json\/wp\/v2\/types\/product"}],"version-history":[{"count":1,"href":"https:\/\/dev.monti.lt\/en\/wp-json\/wp\/v2\/product\/23435\/revisions"}],"predecessor-version":[{"id":23438,"href":"https:\/\/dev.monti.lt\/en\/wp-json\/wp\/v2\/product\/23435\/revisions\/23438"}],"wp:featuredmedia":[{"embeddable":true,"href":"https:\/\/dev.monti.lt\/en\/wp-json\/wp\/v2\/media\/23436"}],"wp:attachment":[{"href":"https:\/\/dev.monti.lt\/en\/wp-json\/wp\/v2\/media?parent=23435"}],"wp:term":[{"taxonomy":"product_cat","embeddable":true,"href":"https:\/\/dev.monti.lt\/en\/wp-json\/wp\/v2\/product_cat?post=23435"},{"taxonomy":"product_tag","embeddable":true,"href":"https:\/\/dev.monti.lt\/en\/wp-json\/wp\/v2\/product_tag?post=23435"}],"curies":[{"name":"wp","href":"https:\/\/api.w.org\/{rel}","templated":true}]}}