{"id":23387,"date":"2024-05-09T07:47:51","date_gmt":"2024-05-09T07:47:51","guid":{"rendered":"https:\/\/dev.monti.lt\/?post_type=product&#038;p=23387"},"modified":"2024-05-15T11:02:56","modified_gmt":"2024-05-15T11:02:56","slug":"veiklos-zaidimas-kudikiui-6-in-1","status":"publish","type":"product","link":"https:\/\/dev.monti.lt\/en\/product\/veiklos-zaidimas-kudikiui-6-in-1\/","title":{"rendered":"Veiklos \u017eaidimas k\u016bdikiui 6 in 1"},"content":{"rendered":"<p>Veiklos \u017eaidimas k\u016bdikiui 6 in 1 i\u0161\u00a0<strong>WOOPIE<\/strong>\u00a0prek\u0117s \u017eenklo yra spalvingas, lavinantis jutimo kubas, skirtas vaikams\u00a0<strong>nuo 18 m\u0117nesi\u0173 am\u017eiaus<\/strong>\u00a0. Jame yra\u00a0<strong>\u0161e\u0161ios veiklos plok\u0161t\u0117s<\/strong>, kurios\u00a0<strong>stimuliuoja vaiko poj\u016b\u010dius ir lavina motorinius \u012fg\u016bd\u017eius.<\/strong>\u00a0Tokios funkcijos kaip\u00a0<strong>vairas, debesies mygtukas, analoginis ki\u0161tukas, suktukai, raketiniai \u017eaislai ir erdv\u0117laivi\u0173 \u017eaislai<\/strong>\u00a0suteikia \u012fvairi\u0173 potyri\u0173. \u017daislas yra saugus, pagamintas i\u0161 auk\u0161tos kokyb\u0117s med\u017eiag\u0173 ir sukurtas atsi\u017evelgiant \u012f vaiko vystym\u0105si ir saugum\u0105.<\/p><p><strong>Charakteristika:<\/strong><\/p><ul class=\"wp-block-list\"><li>&#8211; \u017eaislas, skirtas&nbsp;<strong>vaikams nuo 18 m\u0117nesi\u0173 am\u017eiaus,<\/strong><\/li>\n\n<li><strong>&#8211;<\/strong>&nbsp;yra daug \u012fvairi\u0173 element\u0173, kurie stimuliuoja k\u016bdikio poj\u016b\u010dius, pavyzd\u017eiui, tekst\u016bruoti pavir\u0161iai ir garsai,<\/li>\n\n<li>&#8211; kube yra&nbsp;<strong>\u0161e\u0161ios skirtingos veiklos skydeliai<\/strong>&nbsp;,<\/li>\n\n<li>&#8211; padeda lavinti vaiko&nbsp;<strong>motorik\u0105<\/strong>&nbsp;sugriebiant&nbsp;<strong>, traukiant, sukant ir spaud\u017eiant \u012fvairius elementus<\/strong><\/li>\n\n<li>&#8211; Ry\u0161kios ir ry\u0161kios kubo spalvos kartu su \u012fvairiomis formomis, tekst\u016bromis ir garsais stimuliuoja jutimus ir skatina smulkiosios motorikos bei rank\u0173 ir aki\u0173 koordinacijos vystym\u0105si,<\/li>\n\n<li>&#8211; \u017eaislas buvo sukurtas atsi\u017evelgiant \u012f ma\u017e\u0173 vaik\u0173 saugum\u0105 &#8211; u\u017eapvalinti kra\u0161tai, netoksi\u0161ki da\u017eai ir saugios dalys, kurios u\u017etikrina saug\u0173 \u017eaidim\u0105.<\/li><\/ul><p><strong>Atskiri \u017eaislo elementai:<\/strong><\/p><ul class=\"wp-block-list\"><li><strong>&#8211; vairas<\/strong>&nbsp;: Lavina vaiko rank\u0173 ir aki\u0173 koordinacij\u0105 bei motorik\u0105.<\/li>\n\n<li><strong>&#8211; Debes\u0173 mygtukas<\/strong>&nbsp;: Stimuliuoja vaiko klausos ir regos poj\u016b\u010dius, lavina smulki\u0105j\u0105 motorik\u0105.<\/li>\n\n<li><strong>&#8211; Analoginis ki\u0161tukas<\/strong>&nbsp;: padeda k\u016bdikiui lavinti miklum\u0105 ir rank\u0173 ir aki\u0173 koordinacij\u0105, supa\u017eindina su s\u0105vokomis \u201e\u012f\u0117jimas\u201c ir \u201ei\u0161\u0117jimas\u201c.<\/li>\n\n<li><strong>&#8211; spiner<\/strong>&nbsp;: moko prie\u017eastingumo ir lavina motorinius \u012fg\u016bd\u017eius.<\/li>\n\n<li><strong>&#8211; raket\u0117<\/strong>&nbsp;: lavina motorinius \u012fg\u016bd\u017eius ir rank\u0173-aki\u0173 koordinacij\u0105, supa\u017eindina su erdvin\u0117mis s\u0105vokomis.<\/li>\n\n<li><strong>&#8211; erdv\u0117laivis<\/strong>&nbsp;: Lavina vikrum\u0105 ir rank\u0173-aki\u0173 koordinacij\u0105, skatina vaiko vaizduot\u0119.<\/li><\/ul>","protected":false},"excerpt":{"rendered":"<p>Veiklos \u017eaidimas k\u016bdikiui 6 in 1 i\u0161\u00a0WOOPIE\u00a0prek\u0117s \u017eenklo yra spalvingas, lavinantis jutimo kubas, skirtas vaikams\u00a0nuo 18 m\u0117nesi\u0173 am\u017eiaus\u00a0. Jame yra\u00a0\u0161e\u0161ios veiklos plok\u0161t\u0117s, kurios\u00a0stimuliuoja vaiko poj\u016b\u010dius ir lavina motorinius \u012fg\u016bd\u017eius.\u00a0Tokios funkcijos kaip\u00a0vairas, debesies mygtukas, analoginis ki\u0161tukas, suktukai, raketiniai \u017eaislai ir erdv\u0117laivi\u0173 \u017eaislai\u00a0suteikia \u012fvairi\u0173 potyri\u0173. \u017daislas yra saugus, pagamintas i\u0161 auk\u0161tos kokyb\u0117s med\u017eiag\u0173 ir sukurtas atsi\u017evelgiant \u012f [&hellip;]<\/p>","protected":false},"featured_media":23388,"template":"","meta":{"iawp_total_views":85},"product_cat":[196,191,84,91,90,86,50,49,39,201],"product_tag":[94],"class_list":{"0":"post-23387","1":"product","2":"type-product","3":"status-publish","4":"has-post-thumbnail","6":"product_cat-dovanos-mergaitems","7":"product_cat-dovanos-vaikams","8":"product_cat-lavinamieji-zaislai","9":"product_cat-loginiam-mastymui","10":"product_cat-pasaulio-pazinimas","11":"product_cat-smulkioji-motorika","12":"product_cat-top-dovanos","13":"product_cat-visi-zaislai","14":"product_cat-zaislai","15":"product_cat-zaislai-kelioneje","16":"product_tag-iki-1-m","18":"first","19":"instock","20":"taxable","21":"shipping-taxable","22":"purchasable","23":"product-type-simple"},"yoast_head":"<!-- This site is optimized with the Yoast SEO plugin v23.3 - https:\/\/yoast.com\/wordpress\/plugins\/seo\/ -->\n<title>Veiklos \u017eaidimas k\u016bdikiui 6 in 1 - Montessori \u017eaislai<\/title>\n<meta name=\"robots\" content=\"noindex, follow, max-snippet:-1, max-image-preview:large, max-video-preview:-1\" \/>\n<meta property=\"og:locale\" content=\"en_US\" \/>\n<meta property=\"og:type\" content=\"article\" \/>\n<meta property=\"og:title\" content=\"Veiklos \u017eaidimas k\u016bdikiui 6 in 1 - Montessori \u017eaislai\" \/>\n<meta property=\"og:description\" content=\"Veiklos \u017eaidimas k\u016bdikiui 6 in 1 i\u0161\u00a0WOOPIE\u00a0prek\u0117s \u017eenklo yra spalvingas, lavinantis jutimo kubas, skirtas vaikams\u00a0nuo 18 m\u0117nesi\u0173 am\u017eiaus\u00a0. Jame yra\u00a0\u0161e\u0161ios veiklos plok\u0161t\u0117s, kurios\u00a0stimuliuoja vaiko poj\u016b\u010dius ir lavina motorinius \u012fg\u016bd\u017eius.\u00a0Tokios funkcijos kaip\u00a0vairas, debesies mygtukas, analoginis ki\u0161tukas, suktukai, raketiniai \u017eaislai ir erdv\u0117laivi\u0173 \u017eaislai\u00a0suteikia \u012fvairi\u0173 potyri\u0173. \u017daislas yra saugus, pagamintas i\u0161 auk\u0161tos kokyb\u0117s med\u017eiag\u0173 ir sukurtas atsi\u017evelgiant \u012f [&hellip;]\" \/>\n<meta property=\"og:url\" content=\"https:\/\/dev.monti.lt\/en\/product\/veiklos-zaidimas-kudikiui-6-in-1\/\" \/>\n<meta property=\"og:site_name\" content=\"Montessori \u017eaislai\" \/>\n<meta property=\"article:modified_time\" content=\"2024-05-15T11:02:56+00:00\" \/>\n<meta property=\"og:image\" content=\"https:\/\/dev.monti.lt\/wp-content\/uploads\/2024\/05\/woopie-baby-pilka-kosmiczna-rakieta-6w1-montessori-18m.jpg\" \/>\n\t<meta property=\"og:image:width\" content=\"800\" \/>\n\t<meta property=\"og:image:height\" content=\"800\" \/>\n\t<meta property=\"og:image:type\" content=\"image\/jpeg\" \/>\n<meta name=\"twitter:card\" content=\"summary_large_image\" \/>\n<meta name=\"twitter:label1\" content=\"Est. reading time\" \/>\n\t<meta name=\"twitter:data1\" content=\"2 minutes\" \/>\n<script type=\"application\/ld+json\" class=\"yoast-schema-graph\">{\"@context\":\"https:\/\/schema.org\",\"@graph\":[{\"@type\":\"WebPage\",\"@id\":\"https:\/\/dev.monti.lt\/product\/veiklos-zaidimas-kudikiui-6-in-1\/\",\"url\":\"https:\/\/dev.monti.lt\/product\/veiklos-zaidimas-kudikiui-6-in-1\/\",\"name\":\"Veiklos \u017eaidimas k\u016bdikiui 6 in 1 - Montessori \u017eaislai\",\"isPartOf\":{\"@id\":\"https:\/\/dev.monti.lt\/#website\"},\"primaryImageOfPage\":{\"@id\":\"https:\/\/dev.monti.lt\/product\/veiklos-zaidimas-kudikiui-6-in-1\/#primaryimage\"},\"image\":{\"@id\":\"https:\/\/dev.monti.lt\/product\/veiklos-zaidimas-kudikiui-6-in-1\/#primaryimage\"},\"thumbnailUrl\":\"https:\/\/dev.monti.lt\/wp-content\/uploads\/2024\/05\/woopie-baby-pilka-kosmiczna-rakieta-6w1-montessori-18m.jpg\",\"datePublished\":\"2024-05-09T07:47:51+00:00\",\"dateModified\":\"2024-05-15T11:02:56+00:00\",\"breadcrumb\":{\"@id\":\"https:\/\/dev.monti.lt\/product\/veiklos-zaidimas-kudikiui-6-in-1\/#breadcrumb\"},\"inLanguage\":\"en-US\",\"potentialAction\":[{\"@type\":\"ReadAction\",\"target\":[\"https:\/\/dev.monti.lt\/product\/veiklos-zaidimas-kudikiui-6-in-1\/\"]}]},{\"@type\":\"ImageObject\",\"inLanguage\":\"en-US\",\"@id\":\"https:\/\/dev.monti.lt\/product\/veiklos-zaidimas-kudikiui-6-in-1\/#primaryimage\",\"url\":\"https:\/\/dev.monti.lt\/wp-content\/uploads\/2024\/05\/woopie-baby-pilka-kosmiczna-rakieta-6w1-montessori-18m.jpg\",\"contentUrl\":\"https:\/\/dev.monti.lt\/wp-content\/uploads\/2024\/05\/woopie-baby-pilka-kosmiczna-rakieta-6w1-montessori-18m.jpg\",\"width\":800,\"height\":800,\"caption\":\"montessori vaikams\"},{\"@type\":\"BreadcrumbList\",\"@id\":\"https:\/\/dev.monti.lt\/product\/veiklos-zaidimas-kudikiui-6-in-1\/#breadcrumb\",\"itemListElement\":[{\"@type\":\"ListItem\",\"position\":1,\"name\":\"Home\",\"item\":\"https:\/\/dev.monti.lt\/\"},{\"@type\":\"ListItem\",\"position\":2,\"name\":\"Parduotuv\u0117\",\"item\":\"https:\/\/dev.monti.lt\/shop\/\"},{\"@type\":\"ListItem\",\"position\":3,\"name\":\"Veiklos \u017eaidimas k\u016bdikiui 6 in 1\"}]},{\"@type\":\"WebSite\",\"@id\":\"https:\/\/dev.monti.lt\/#website\",\"url\":\"https:\/\/dev.monti.lt\/\",\"name\":\"Montessori \u017eaislai\",\"description\":\"\",\"publisher\":{\"@id\":\"https:\/\/dev.monti.lt\/#organization\"},\"potentialAction\":[{\"@type\":\"SearchAction\",\"target\":{\"@type\":\"EntryPoint\",\"urlTemplate\":\"https:\/\/dev.monti.lt\/?s={search_term_string}\"},\"query-input\":\"required name=search_term_string\"}],\"inLanguage\":\"en-US\"},{\"@type\":\"Organization\",\"@id\":\"https:\/\/dev.monti.lt\/#organization\",\"name\":\"Montessori \u017eaislai\",\"url\":\"https:\/\/dev.monti.lt\/\",\"logo\":{\"@type\":\"ImageObject\",\"inLanguage\":\"en-US\",\"@id\":\"https:\/\/dev.monti.lt\/#\/schema\/logo\/image\/\",\"url\":\"https:\/\/dev.monti.lt\/wp-content\/uploads\/2022\/03\/montilogo-1.png\",\"contentUrl\":\"https:\/\/dev.monti.lt\/wp-content\/uploads\/2022\/03\/montilogo-1.png\",\"width\":512,\"height\":512,\"caption\":\"Montessori \u017eaislai\"},\"image\":{\"@id\":\"https:\/\/dev.monti.lt\/#\/schema\/logo\/image\/\"}}]}<\/script>\n<!-- \/ Yoast SEO plugin. -->","yoast_head_json":{"title":"Veiklos \u017eaidimas k\u016bdikiui 6 in 1 - Montessori \u017eaislai","robots":{"index":"noindex","follow":"follow","max-snippet":"max-snippet:-1","max-image-preview":"max-image-preview:large","max-video-preview":"max-video-preview:-1"},"og_locale":"en_US","og_type":"article","og_title":"Veiklos \u017eaidimas k\u016bdikiui 6 in 1 - Montessori \u017eaislai","og_description":"Veiklos \u017eaidimas k\u016bdikiui 6 in 1 i\u0161\u00a0WOOPIE\u00a0prek\u0117s \u017eenklo yra spalvingas, lavinantis jutimo kubas, skirtas vaikams\u00a0nuo 18 m\u0117nesi\u0173 am\u017eiaus\u00a0. Jame yra\u00a0\u0161e\u0161ios veiklos plok\u0161t\u0117s, kurios\u00a0stimuliuoja vaiko poj\u016b\u010dius ir lavina motorinius \u012fg\u016bd\u017eius.\u00a0Tokios funkcijos kaip\u00a0vairas, debesies mygtukas, analoginis ki\u0161tukas, suktukai, raketiniai \u017eaislai ir erdv\u0117laivi\u0173 \u017eaislai\u00a0suteikia \u012fvairi\u0173 potyri\u0173. \u017daislas yra saugus, pagamintas i\u0161 auk\u0161tos kokyb\u0117s med\u017eiag\u0173 ir sukurtas atsi\u017evelgiant \u012f [&hellip;]","og_url":"https:\/\/dev.monti.lt\/en\/product\/veiklos-zaidimas-kudikiui-6-in-1\/","og_site_name":"Montessori \u017eaislai","article_modified_time":"2024-05-15T11:02:56+00:00","og_image":[{"width":800,"height":800,"url":"https:\/\/dev.monti.lt\/wp-content\/uploads\/2024\/05\/woopie-baby-pilka-kosmiczna-rakieta-6w1-montessori-18m.jpg","type":"image\/jpeg"}],"twitter_card":"summary_large_image","twitter_misc":{"Est. reading time":"2 minutes"},"schema":{"@context":"https:\/\/schema.org","@graph":[{"@type":"WebPage","@id":"https:\/\/dev.monti.lt\/product\/veiklos-zaidimas-kudikiui-6-in-1\/","url":"https:\/\/dev.monti.lt\/product\/veiklos-zaidimas-kudikiui-6-in-1\/","name":"Veiklos \u017eaidimas k\u016bdikiui 6 in 1 - Montessori \u017eaislai","isPartOf":{"@id":"https:\/\/dev.monti.lt\/#website"},"primaryImageOfPage":{"@id":"https:\/\/dev.monti.lt\/product\/veiklos-zaidimas-kudikiui-6-in-1\/#primaryimage"},"image":{"@id":"https:\/\/dev.monti.lt\/product\/veiklos-zaidimas-kudikiui-6-in-1\/#primaryimage"},"thumbnailUrl":"https:\/\/dev.monti.lt\/wp-content\/uploads\/2024\/05\/woopie-baby-pilka-kosmiczna-rakieta-6w1-montessori-18m.jpg","datePublished":"2024-05-09T07:47:51+00:00","dateModified":"2024-05-15T11:02:56+00:00","breadcrumb":{"@id":"https:\/\/dev.monti.lt\/product\/veiklos-zaidimas-kudikiui-6-in-1\/#breadcrumb"},"inLanguage":"en-US","potentialAction":[{"@type":"ReadAction","target":["https:\/\/dev.monti.lt\/product\/veiklos-zaidimas-kudikiui-6-in-1\/"]}]},{"@type":"ImageObject","inLanguage":"en-US","@id":"https:\/\/dev.monti.lt\/product\/veiklos-zaidimas-kudikiui-6-in-1\/#primaryimage","url":"https:\/\/dev.monti.lt\/wp-content\/uploads\/2024\/05\/woopie-baby-pilka-kosmiczna-rakieta-6w1-montessori-18m.jpg","contentUrl":"https:\/\/dev.monti.lt\/wp-content\/uploads\/2024\/05\/woopie-baby-pilka-kosmiczna-rakieta-6w1-montessori-18m.jpg","width":800,"height":800,"caption":"montessori vaikams"},{"@type":"BreadcrumbList","@id":"https:\/\/dev.monti.lt\/product\/veiklos-zaidimas-kudikiui-6-in-1\/#breadcrumb","itemListElement":[{"@type":"ListItem","position":1,"name":"Home","item":"https:\/\/dev.monti.lt\/"},{"@type":"ListItem","position":2,"name":"Parduotuv\u0117","item":"https:\/\/dev.monti.lt\/shop\/"},{"@type":"ListItem","position":3,"name":"Veiklos \u017eaidimas k\u016bdikiui 6 in 1"}]},{"@type":"WebSite","@id":"https:\/\/dev.monti.lt\/#website","url":"https:\/\/dev.monti.lt\/","name":"Montessori \u017eaislai","description":"","publisher":{"@id":"https:\/\/dev.monti.lt\/#organization"},"potentialAction":[{"@type":"SearchAction","target":{"@type":"EntryPoint","urlTemplate":"https:\/\/dev.monti.lt\/?s={search_term_string}"},"query-input":"required name=search_term_string"}],"inLanguage":"en-US"},{"@type":"Organization","@id":"https:\/\/dev.monti.lt\/#organization","name":"Montessori \u017eaislai","url":"https:\/\/dev.monti.lt\/","logo":{"@type":"ImageObject","inLanguage":"en-US","@id":"https:\/\/dev.monti.lt\/#\/schema\/logo\/image\/","url":"https:\/\/dev.monti.lt\/wp-content\/uploads\/2022\/03\/montilogo-1.png","contentUrl":"https:\/\/dev.monti.lt\/wp-content\/uploads\/2022\/03\/montilogo-1.png","width":512,"height":512,"caption":"Montessori \u017eaislai"},"image":{"@id":"https:\/\/dev.monti.lt\/#\/schema\/logo\/image\/"}}]}},"_links":{"self":[{"href":"https:\/\/dev.monti.lt\/en\/wp-json\/wp\/v2\/product\/23387"}],"collection":[{"href":"https:\/\/dev.monti.lt\/en\/wp-json\/wp\/v2\/product"}],"about":[{"href":"https:\/\/dev.monti.lt\/en\/wp-json\/wp\/v2\/types\/product"}],"version-history":[{"count":1,"href":"https:\/\/dev.monti.lt\/en\/wp-json\/wp\/v2\/product\/23387\/revisions"}],"predecessor-version":[{"id":23392,"href":"https:\/\/dev.monti.lt\/en\/wp-json\/wp\/v2\/product\/23387\/revisions\/23392"}],"wp:featuredmedia":[{"embeddable":true,"href":"https:\/\/dev.monti.lt\/en\/wp-json\/wp\/v2\/media\/23388"}],"wp:attachment":[{"href":"https:\/\/dev.monti.lt\/en\/wp-json\/wp\/v2\/media?parent=23387"}],"wp:term":[{"taxonomy":"product_cat","embeddable":true,"href":"https:\/\/dev.monti.lt\/en\/wp-json\/wp\/v2\/product_cat?post=23387"},{"taxonomy":"product_tag","embeddable":true,"href":"https:\/\/dev.monti.lt\/en\/wp-json\/wp\/v2\/product_tag?post=23387"}],"curies":[{"name":"wp","href":"https:\/\/api.w.org\/{rel}","templated":true}]}}