{"id":23351,"date":"2024-05-08T07:26:04","date_gmt":"2024-05-08T07:26:04","guid":{"rendered":"https:\/\/dev.monti.lt\/?post_type=product&#038;p=23351"},"modified":"2024-08-05T12:46:35","modified_gmt":"2024-08-05T12:46:35","slug":"classic-world-zaislu-dezute-0-6-men","status":"publish","type":"product","link":"https:\/\/dev.monti.lt\/en\/product\/classic-world-zaislu-dezute-0-6-men\/","title":{"rendered":"Classic world \u017eaisl\u0173 d\u0117\u017eut\u0117, 0-6 m\u0117n"},"content":{"rendered":"<p><strong>Welcome BOX i\u0161 CLASSIC WORLD<\/strong>&nbsp;&nbsp;yra \u017eavus dovan\u0173 rinkinys naujagimiams, puikiai tiks vaikams nuo&nbsp;&nbsp;<strong>0 iki 6 m\u0117nesi\u0173<\/strong>&nbsp;. Rinkinyje yra kruop\u0161\u010diai atrinkti, saug\u016bs ir spalvingi \u017eaislai, kurie ne tik suteiks d\u017eiaugsmo J\u016bs\u0173 ma\u017eyliui, bet ir palaikys jutim\u0173 bei motorikos vystym\u0105si.<\/p><p><strong>Charakteristika:<\/strong><\/p><ul class=\"wp-block-list\"><li><strong>&#8211; paskirtis<\/strong>&nbsp;: vaikams nuo gimimo iki 6 m\u0117n<\/li>\n\n<li><strong>&#8211; Turinys<\/strong>&nbsp;: 10 skirting\u0173 element\u0173<\/li>\n\n<li><strong>&#8211; funkcija<\/strong>&nbsp;: vaiko jutimo ir motorikos vystymosi stimuliavimas<\/li>\n\n<li><strong>&#8211; spalvos<\/strong>&nbsp;: draugi\u0161kos, pastelin\u0117s spalvos, skatinan\u010dios linksmybes<\/li>\n\n<li><strong>&#8211; sauga<\/strong>&nbsp;: mink\u0161ti elementai su lygiais kra\u0161tais<\/li><\/ul><p><strong>Komplekte yra:<\/strong><\/p><ul class=\"wp-block-list\"><li><strong>&#8211; karusel\u0117<\/strong>&nbsp;&nbsp;su spalvingais elementais pakabinti vir\u0161 lovos<\/li>\n\n<li>&#8211; mink\u0161tas&nbsp;<strong>zuikis<\/strong>&nbsp;&nbsp;su \u0161velniu prisilietimu<\/li>\n\n<li><strong>&#8211; ritininis bar\u0161kutis<\/strong>&nbsp;&nbsp;su spalvingais kamuoliukais viduje<\/li>\n\n<li>&#8211;&nbsp;<strong>pakabinamas sensorinis<\/strong>&nbsp;\u017eaislas , skatinantis lyt\u0117jimo poj\u016bt\u012f<\/li>\n\n<li><strong>&#8211; 6 sensorin\u0117s kortel\u0117s<\/strong>&nbsp;&nbsp;su skirtingomis tekst\u016bromis ir ra\u0161tais<\/li><\/ul>","protected":false},"excerpt":{"rendered":"<p>Welcome BOX i\u0161 CLASSIC WORLD&nbsp;&nbsp;yra \u017eavus dovan\u0173 rinkinys naujagimiams, puikiai tiks vaikams nuo&nbsp;&nbsp;0 iki 6 m\u0117nesi\u0173&nbsp;. Rinkinyje yra kruop\u0161\u010diai atrinkti, saug\u016bs ir spalvingi \u017eaislai, kurie ne tik suteiks d\u017eiaugsmo J\u016bs\u0173 ma\u017eyliui, bet ir palaikys jutim\u0173 bei motorikos vystym\u0105si. Charakteristika: Komplekte yra:<\/p>","protected":false},"featured_media":23352,"template":"","meta":{"iawp_total_views":89},"product_cat":[200,191,84,91,102,83,90,86,50,49,39,201],"product_tag":[94],"class_list":{"0":"post-23351","1":"product","2":"type-product","3":"status-publish","4":"has-post-thumbnail","6":"product_cat-dovanos-kudikiams","7":"product_cat-dovanos-vaikams","8":"product_cat-lavinamieji-zaislai","9":"product_cat-loginiam-mastymui","10":"product_cat-mediniai-zaislai","11":"product_cat-montessori-zaislai","12":"product_cat-pasaulio-pazinimas","13":"product_cat-smulkioji-motorika","14":"product_cat-top-dovanos","15":"product_cat-visi-zaislai","16":"product_cat-zaislai","17":"product_cat-zaislai-kelioneje","18":"product_tag-iki-1-m","20":"first","21":"instock","22":"taxable","23":"shipping-taxable","24":"purchasable","25":"product-type-simple"},"yoast_head":"<!-- This site is optimized with the Yoast SEO plugin v23.3 - https:\/\/yoast.com\/wordpress\/plugins\/seo\/ -->\n<title>Classic world \u017eaisl\u0173 d\u0117\u017eut\u0117, 0-6 m\u0117n - Montessori \u017eaislai<\/title>\n<meta name=\"robots\" content=\"noindex, follow, max-snippet:-1, max-image-preview:large, max-video-preview:-1\" \/>\n<meta property=\"og:locale\" content=\"en_US\" \/>\n<meta property=\"og:type\" content=\"article\" \/>\n<meta property=\"og:title\" content=\"Classic world \u017eaisl\u0173 d\u0117\u017eut\u0117, 0-6 m\u0117n - Montessori \u017eaislai\" \/>\n<meta property=\"og:description\" content=\"Welcome BOX i\u0161 CLASSIC WORLD&nbsp;&nbsp;yra \u017eavus dovan\u0173 rinkinys naujagimiams, puikiai tiks vaikams nuo&nbsp;&nbsp;0 iki 6 m\u0117nesi\u0173&nbsp;. Rinkinyje yra kruop\u0161\u010diai atrinkti, saug\u016bs ir spalvingi \u017eaislai, kurie ne tik suteiks d\u017eiaugsmo J\u016bs\u0173 ma\u017eyliui, bet ir palaikys jutim\u0173 bei motorikos vystym\u0105si. Charakteristika: Komplekte yra:\" \/>\n<meta property=\"og:url\" content=\"https:\/\/dev.monti.lt\/en\/product\/classic-world-zaislu-dezute-0-6-men\/\" \/>\n<meta property=\"og:site_name\" content=\"Montessori \u017eaislai\" \/>\n<meta property=\"article:modified_time\" content=\"2024-08-05T12:46:35+00:00\" \/>\n<meta property=\"og:image\" content=\"https:\/\/dev.monti.lt\/wp-content\/uploads\/2024\/05\/classic-world-pastelowy-zestaw-dla-niemowlat-box-pierwsze-zabawki-od-0-do-6-miesiaca.jpg.png\" \/>\n\t<meta property=\"og:image:width\" content=\"800\" \/>\n\t<meta property=\"og:image:height\" content=\"800\" \/>\n\t<meta property=\"og:image:type\" content=\"image\/png\" \/>\n<meta name=\"twitter:card\" content=\"summary_large_image\" \/>\n<meta name=\"twitter:label1\" content=\"Est. reading time\" \/>\n\t<meta name=\"twitter:data1\" content=\"1 minute\" \/>\n<script type=\"application\/ld+json\" class=\"yoast-schema-graph\">{\"@context\":\"https:\/\/schema.org\",\"@graph\":[{\"@type\":\"WebPage\",\"@id\":\"https:\/\/dev.monti.lt\/product\/classic-world-zaislu-dezute-0-6-men\/\",\"url\":\"https:\/\/dev.monti.lt\/product\/classic-world-zaislu-dezute-0-6-men\/\",\"name\":\"Classic world \u017eaisl\u0173 d\u0117\u017eut\u0117, 0-6 m\u0117n - Montessori \u017eaislai\",\"isPartOf\":{\"@id\":\"https:\/\/dev.monti.lt\/#website\"},\"primaryImageOfPage\":{\"@id\":\"https:\/\/dev.monti.lt\/product\/classic-world-zaislu-dezute-0-6-men\/#primaryimage\"},\"image\":{\"@id\":\"https:\/\/dev.monti.lt\/product\/classic-world-zaislu-dezute-0-6-men\/#primaryimage\"},\"thumbnailUrl\":\"https:\/\/dev.monti.lt\/wp-content\/uploads\/2024\/05\/classic-world-pastelowy-zestaw-dla-niemowlat-box-pierwsze-zabawki-od-0-do-6-miesiaca.jpg.png\",\"datePublished\":\"2024-05-08T07:26:04+00:00\",\"dateModified\":\"2024-08-05T12:46:35+00:00\",\"breadcrumb\":{\"@id\":\"https:\/\/dev.monti.lt\/product\/classic-world-zaislu-dezute-0-6-men\/#breadcrumb\"},\"inLanguage\":\"en-US\",\"potentialAction\":[{\"@type\":\"ReadAction\",\"target\":[\"https:\/\/dev.monti.lt\/product\/classic-world-zaislu-dezute-0-6-men\/\"]}]},{\"@type\":\"ImageObject\",\"inLanguage\":\"en-US\",\"@id\":\"https:\/\/dev.monti.lt\/product\/classic-world-zaislu-dezute-0-6-men\/#primaryimage\",\"url\":\"https:\/\/dev.monti.lt\/wp-content\/uploads\/2024\/05\/classic-world-pastelowy-zestaw-dla-niemowlat-box-pierwsze-zabawki-od-0-do-6-miesiaca.jpg.png\",\"contentUrl\":\"https:\/\/dev.monti.lt\/wp-content\/uploads\/2024\/05\/classic-world-pastelowy-zestaw-dla-niemowlat-box-pierwsze-zabawki-od-0-do-6-miesiaca.jpg.png\",\"width\":800,\"height\":800,\"caption\":\"dovana kudikiui\"},{\"@type\":\"BreadcrumbList\",\"@id\":\"https:\/\/dev.monti.lt\/product\/classic-world-zaislu-dezute-0-6-men\/#breadcrumb\",\"itemListElement\":[{\"@type\":\"ListItem\",\"position\":1,\"name\":\"Home\",\"item\":\"https:\/\/dev.monti.lt\/\"},{\"@type\":\"ListItem\",\"position\":2,\"name\":\"Parduotuv\u0117\",\"item\":\"https:\/\/dev.monti.lt\/shop\/\"},{\"@type\":\"ListItem\",\"position\":3,\"name\":\"Classic world \u017eaisl\u0173 d\u0117\u017eut\u0117, 0-6 m\u0117n\"}]},{\"@type\":\"WebSite\",\"@id\":\"https:\/\/dev.monti.lt\/#website\",\"url\":\"https:\/\/dev.monti.lt\/\",\"name\":\"Montessori \u017eaislai\",\"description\":\"\",\"publisher\":{\"@id\":\"https:\/\/dev.monti.lt\/#organization\"},\"potentialAction\":[{\"@type\":\"SearchAction\",\"target\":{\"@type\":\"EntryPoint\",\"urlTemplate\":\"https:\/\/dev.monti.lt\/?s={search_term_string}\"},\"query-input\":\"required name=search_term_string\"}],\"inLanguage\":\"en-US\"},{\"@type\":\"Organization\",\"@id\":\"https:\/\/dev.monti.lt\/#organization\",\"name\":\"Montessori \u017eaislai\",\"url\":\"https:\/\/dev.monti.lt\/\",\"logo\":{\"@type\":\"ImageObject\",\"inLanguage\":\"en-US\",\"@id\":\"https:\/\/dev.monti.lt\/#\/schema\/logo\/image\/\",\"url\":\"https:\/\/dev.monti.lt\/wp-content\/uploads\/2022\/03\/montilogo-1.png\",\"contentUrl\":\"https:\/\/dev.monti.lt\/wp-content\/uploads\/2022\/03\/montilogo-1.png\",\"width\":512,\"height\":512,\"caption\":\"Montessori \u017eaislai\"},\"image\":{\"@id\":\"https:\/\/dev.monti.lt\/#\/schema\/logo\/image\/\"}}]}<\/script>\n<!-- \/ Yoast SEO plugin. -->","yoast_head_json":{"title":"Classic world \u017eaisl\u0173 d\u0117\u017eut\u0117, 0-6 m\u0117n - Montessori \u017eaislai","robots":{"index":"noindex","follow":"follow","max-snippet":"max-snippet:-1","max-image-preview":"max-image-preview:large","max-video-preview":"max-video-preview:-1"},"og_locale":"en_US","og_type":"article","og_title":"Classic world \u017eaisl\u0173 d\u0117\u017eut\u0117, 0-6 m\u0117n - Montessori \u017eaislai","og_description":"Welcome BOX i\u0161 CLASSIC WORLD&nbsp;&nbsp;yra \u017eavus dovan\u0173 rinkinys naujagimiams, puikiai tiks vaikams nuo&nbsp;&nbsp;0 iki 6 m\u0117nesi\u0173&nbsp;. Rinkinyje yra kruop\u0161\u010diai atrinkti, saug\u016bs ir spalvingi \u017eaislai, kurie ne tik suteiks d\u017eiaugsmo J\u016bs\u0173 ma\u017eyliui, bet ir palaikys jutim\u0173 bei motorikos vystym\u0105si. Charakteristika: Komplekte yra:","og_url":"https:\/\/dev.monti.lt\/en\/product\/classic-world-zaislu-dezute-0-6-men\/","og_site_name":"Montessori \u017eaislai","article_modified_time":"2024-08-05T12:46:35+00:00","og_image":[{"width":800,"height":800,"url":"https:\/\/dev.monti.lt\/wp-content\/uploads\/2024\/05\/classic-world-pastelowy-zestaw-dla-niemowlat-box-pierwsze-zabawki-od-0-do-6-miesiaca.jpg.png","type":"image\/png"}],"twitter_card":"summary_large_image","twitter_misc":{"Est. reading time":"1 minute"},"schema":{"@context":"https:\/\/schema.org","@graph":[{"@type":"WebPage","@id":"https:\/\/dev.monti.lt\/product\/classic-world-zaislu-dezute-0-6-men\/","url":"https:\/\/dev.monti.lt\/product\/classic-world-zaislu-dezute-0-6-men\/","name":"Classic world \u017eaisl\u0173 d\u0117\u017eut\u0117, 0-6 m\u0117n - Montessori \u017eaislai","isPartOf":{"@id":"https:\/\/dev.monti.lt\/#website"},"primaryImageOfPage":{"@id":"https:\/\/dev.monti.lt\/product\/classic-world-zaislu-dezute-0-6-men\/#primaryimage"},"image":{"@id":"https:\/\/dev.monti.lt\/product\/classic-world-zaislu-dezute-0-6-men\/#primaryimage"},"thumbnailUrl":"https:\/\/dev.monti.lt\/wp-content\/uploads\/2024\/05\/classic-world-pastelowy-zestaw-dla-niemowlat-box-pierwsze-zabawki-od-0-do-6-miesiaca.jpg.png","datePublished":"2024-05-08T07:26:04+00:00","dateModified":"2024-08-05T12:46:35+00:00","breadcrumb":{"@id":"https:\/\/dev.monti.lt\/product\/classic-world-zaislu-dezute-0-6-men\/#breadcrumb"},"inLanguage":"en-US","potentialAction":[{"@type":"ReadAction","target":["https:\/\/dev.monti.lt\/product\/classic-world-zaislu-dezute-0-6-men\/"]}]},{"@type":"ImageObject","inLanguage":"en-US","@id":"https:\/\/dev.monti.lt\/product\/classic-world-zaislu-dezute-0-6-men\/#primaryimage","url":"https:\/\/dev.monti.lt\/wp-content\/uploads\/2024\/05\/classic-world-pastelowy-zestaw-dla-niemowlat-box-pierwsze-zabawki-od-0-do-6-miesiaca.jpg.png","contentUrl":"https:\/\/dev.monti.lt\/wp-content\/uploads\/2024\/05\/classic-world-pastelowy-zestaw-dla-niemowlat-box-pierwsze-zabawki-od-0-do-6-miesiaca.jpg.png","width":800,"height":800,"caption":"dovana kudikiui"},{"@type":"BreadcrumbList","@id":"https:\/\/dev.monti.lt\/product\/classic-world-zaislu-dezute-0-6-men\/#breadcrumb","itemListElement":[{"@type":"ListItem","position":1,"name":"Home","item":"https:\/\/dev.monti.lt\/"},{"@type":"ListItem","position":2,"name":"Parduotuv\u0117","item":"https:\/\/dev.monti.lt\/shop\/"},{"@type":"ListItem","position":3,"name":"Classic world \u017eaisl\u0173 d\u0117\u017eut\u0117, 0-6 m\u0117n"}]},{"@type":"WebSite","@id":"https:\/\/dev.monti.lt\/#website","url":"https:\/\/dev.monti.lt\/","name":"Montessori \u017eaislai","description":"","publisher":{"@id":"https:\/\/dev.monti.lt\/#organization"},"potentialAction":[{"@type":"SearchAction","target":{"@type":"EntryPoint","urlTemplate":"https:\/\/dev.monti.lt\/?s={search_term_string}"},"query-input":"required name=search_term_string"}],"inLanguage":"en-US"},{"@type":"Organization","@id":"https:\/\/dev.monti.lt\/#organization","name":"Montessori \u017eaislai","url":"https:\/\/dev.monti.lt\/","logo":{"@type":"ImageObject","inLanguage":"en-US","@id":"https:\/\/dev.monti.lt\/#\/schema\/logo\/image\/","url":"https:\/\/dev.monti.lt\/wp-content\/uploads\/2022\/03\/montilogo-1.png","contentUrl":"https:\/\/dev.monti.lt\/wp-content\/uploads\/2022\/03\/montilogo-1.png","width":512,"height":512,"caption":"Montessori \u017eaislai"},"image":{"@id":"https:\/\/dev.monti.lt\/#\/schema\/logo\/image\/"}}]}},"_links":{"self":[{"href":"https:\/\/dev.monti.lt\/en\/wp-json\/wp\/v2\/product\/23351"}],"collection":[{"href":"https:\/\/dev.monti.lt\/en\/wp-json\/wp\/v2\/product"}],"about":[{"href":"https:\/\/dev.monti.lt\/en\/wp-json\/wp\/v2\/types\/product"}],"version-history":[{"count":1,"href":"https:\/\/dev.monti.lt\/en\/wp-json\/wp\/v2\/product\/23351\/revisions"}],"predecessor-version":[{"id":23365,"href":"https:\/\/dev.monti.lt\/en\/wp-json\/wp\/v2\/product\/23351\/revisions\/23365"}],"wp:featuredmedia":[{"embeddable":true,"href":"https:\/\/dev.monti.lt\/en\/wp-json\/wp\/v2\/media\/23352"}],"wp:attachment":[{"href":"https:\/\/dev.monti.lt\/en\/wp-json\/wp\/v2\/media?parent=23351"}],"wp:term":[{"taxonomy":"product_cat","embeddable":true,"href":"https:\/\/dev.monti.lt\/en\/wp-json\/wp\/v2\/product_cat?post=23351"},{"taxonomy":"product_tag","embeddable":true,"href":"https:\/\/dev.monti.lt\/en\/wp-json\/wp\/v2\/product_tag?post=23351"}],"curies":[{"name":"wp","href":"https:\/\/api.w.org\/{rel}","templated":true}]}}