{"id":23336,"date":"2024-05-08T07:19:15","date_gmt":"2024-05-08T07:19:15","guid":{"rendered":"https:\/\/dev.monti.lt\/?post_type=product&#038;p=23336"},"modified":"2024-09-18T11:58:23","modified_gmt":"2024-09-18T11:58:23","slug":"pirmuju-zaislu-rinkinys","status":"publish","type":"product","link":"https:\/\/dev.monti.lt\/en\/product\/pirmuju-zaislu-rinkinys\/","title":{"rendered":"Pirm\u0173j\u0173 \u017eaisl\u0173 rinkinys"},"content":{"rendered":"<p><strong>Prek\u0117s \u017eenklo CLASSIC WORLD<\/strong>&nbsp;pastelinis motor\u0173 rinkinys k\u016bdikiams&nbsp;yra medinis subtilios spalvos rinkinys, kuris d\u017eiugins&nbsp;<strong>J\u016bs\u0173 naujagim\u012f nuo pat pirmos dienos<\/strong>&nbsp;. Rinkinyje yra&nbsp;<strong>morka<\/strong>&nbsp;, kuri\u0105 purtant sukuriami garso efektai, skatinantys naujagimio d\u0117mes\u012f, taip pat&nbsp;<strong>bar\u0161kutis su zuikio formos karoliukais<\/strong>&nbsp;, kuris savo&nbsp;<strong>spalva ir garsu<\/strong>&nbsp;gali b\u016bti \u012fdomus \u017eaidimas vaikui. Elementai turi&nbsp;<strong>subtili\u0105 tekst\u016br\u0105<\/strong>&nbsp;, kuri papildomai lavina&nbsp;<strong>vaiko jutimo<\/strong>&nbsp;geb\u0117jimus . \u0160iek tiek vyresniems vaikams taip pat yra&nbsp;<strong>labirintas su karoliukais<\/strong>&nbsp;, kuriuos galima sukti ir kilnoti takeliu. Tokiu b\u016bdu vaikas lavina&nbsp;<strong>koncentracij\u0105 ir motorinius \u012fg\u016bd\u017eius<\/strong>&nbsp;.<\/p><p><strong>Charakteristika:<\/strong><\/p><ul class=\"wp-block-list\"><li>&#8211; rinkinys sukurtas&nbsp;<strong>k\u016bdikiams ir vyresniems vaikams<\/strong><\/li>\n\n<li>&#8211; subtili tekst\u016bra<\/li>\n\n<li>&#8211; lavina vaiko rankinius \u012fg\u016bd\u017eius<\/li>\n\n<li>&#8211; suteikia vaikui nauj\u0173 potyri\u0173<\/li>\n\n<li>&#8211; \u0161velni spalva ir \u012fvairios formos.<\/li><\/ul><p><strong>Komplekte yra:<\/strong><\/p><ul class=\"wp-block-list\"><li>&#8211; garsus skleid\u017eianti morka,<\/li>\n\n<li>&#8211; bar\u0161kutis su zuikio formos karoliukais,<\/li>\n\n<li>&#8211; karoliuk\u0173 labirintas.<\/li><\/ul><figure class=\"wp-block-table\"><table><tbody><tr><td>Pakuot\u0117s dydis<\/td><td>19 x 14 x 12 (cm)<\/td><\/tr><\/tbody><\/table><\/figure>","protected":false},"excerpt":{"rendered":"<p>Prek\u0117s \u017eenklo CLASSIC WORLD&nbsp;pastelinis motor\u0173 rinkinys k\u016bdikiams&nbsp;yra medinis subtilios spalvos rinkinys, kuris d\u017eiugins&nbsp;J\u016bs\u0173 naujagim\u012f nuo pat pirmos dienos&nbsp;. Rinkinyje yra&nbsp;morka&nbsp;, kuri\u0105 purtant sukuriami garso efektai, skatinantys naujagimio d\u0117mes\u012f, taip pat&nbsp;bar\u0161kutis su zuikio formos karoliukais&nbsp;, kuris savo&nbsp;spalva ir garsu&nbsp;gali b\u016bti \u012fdomus \u017eaidimas vaikui. Elementai turi&nbsp;subtili\u0105 tekst\u016br\u0105&nbsp;, kuri papildomai lavina&nbsp;vaiko jutimo&nbsp;geb\u0117jimus . \u0160iek tiek vyresniems vaikams taip [&hellip;]<\/p>","protected":false},"featured_media":23337,"template":"","meta":{"iawp_total_views":151},"product_cat":[200,191,84,91,102,83,90,86,50,39,201],"product_tag":[94],"class_list":{"0":"post-23336","1":"product","2":"type-product","3":"status-publish","4":"has-post-thumbnail","6":"product_cat-dovanos-kudikiams","7":"product_cat-dovanos-vaikams","8":"product_cat-lavinamieji-zaislai","9":"product_cat-loginiam-mastymui","10":"product_cat-mediniai-zaislai","11":"product_cat-montessori-zaislai","12":"product_cat-pasaulio-pazinimas","13":"product_cat-smulkioji-motorika","14":"product_cat-top-dovanos","15":"product_cat-zaislai","16":"product_cat-zaislai-kelioneje","17":"product_tag-iki-1-m","19":"first","20":"instock","21":"taxable","22":"shipping-taxable","23":"purchasable","24":"product-type-simple"},"yoast_head":"<!-- This site is optimized with the Yoast SEO plugin v23.3 - https:\/\/yoast.com\/wordpress\/plugins\/seo\/ -->\n<title>Pirm\u0173j\u0173 \u017eaisl\u0173 rinkinys - Montessori \u017eaislai<\/title>\n<meta name=\"robots\" content=\"noindex, follow, max-snippet:-1, max-image-preview:large, max-video-preview:-1\" \/>\n<meta property=\"og:locale\" content=\"en_US\" \/>\n<meta property=\"og:type\" content=\"article\" \/>\n<meta property=\"og:title\" content=\"Pirm\u0173j\u0173 \u017eaisl\u0173 rinkinys - Montessori \u017eaislai\" \/>\n<meta property=\"og:description\" content=\"Prek\u0117s \u017eenklo CLASSIC WORLD&nbsp;pastelinis motor\u0173 rinkinys k\u016bdikiams&nbsp;yra medinis subtilios spalvos rinkinys, kuris d\u017eiugins&nbsp;J\u016bs\u0173 naujagim\u012f nuo pat pirmos dienos&nbsp;. Rinkinyje yra&nbsp;morka&nbsp;, kuri\u0105 purtant sukuriami garso efektai, skatinantys naujagimio d\u0117mes\u012f, taip pat&nbsp;bar\u0161kutis su zuikio formos karoliukais&nbsp;, kuris savo&nbsp;spalva ir garsu&nbsp;gali b\u016bti \u012fdomus \u017eaidimas vaikui. Elementai turi&nbsp;subtili\u0105 tekst\u016br\u0105&nbsp;, kuri papildomai lavina&nbsp;vaiko jutimo&nbsp;geb\u0117jimus . \u0160iek tiek vyresniems vaikams taip [&hellip;]\" \/>\n<meta property=\"og:url\" content=\"https:\/\/dev.monti.lt\/en\/product\/pirmuju-zaislu-rinkinys\/\" \/>\n<meta property=\"og:site_name\" content=\"Montessori \u017eaislai\" \/>\n<meta property=\"article:modified_time\" content=\"2024-09-18T11:58:23+00:00\" \/>\n<meta property=\"og:image\" content=\"https:\/\/dev.monti.lt\/wp-content\/uploads\/2024\/05\/classic-world-pastelowy-zestaw-motoryczny-dla-niemowlat-box-pierwsze-zabawki-od-urodzenia.jpg.png\" \/>\n\t<meta property=\"og:image:width\" content=\"800\" \/>\n\t<meta property=\"og:image:height\" content=\"800\" \/>\n\t<meta property=\"og:image:type\" content=\"image\/png\" \/>\n<meta name=\"twitter:card\" content=\"summary_large_image\" \/>\n<meta name=\"twitter:label1\" content=\"Est. reading time\" \/>\n\t<meta name=\"twitter:data1\" content=\"1 minute\" \/>\n<script type=\"application\/ld+json\" class=\"yoast-schema-graph\">{\"@context\":\"https:\/\/schema.org\",\"@graph\":[{\"@type\":\"WebPage\",\"@id\":\"https:\/\/dev.monti.lt\/product\/pirmuju-zaislu-rinkinys\/\",\"url\":\"https:\/\/dev.monti.lt\/product\/pirmuju-zaislu-rinkinys\/\",\"name\":\"Pirm\u0173j\u0173 \u017eaisl\u0173 rinkinys - Montessori \u017eaislai\",\"isPartOf\":{\"@id\":\"https:\/\/dev.monti.lt\/#website\"},\"primaryImageOfPage\":{\"@id\":\"https:\/\/dev.monti.lt\/product\/pirmuju-zaislu-rinkinys\/#primaryimage\"},\"image\":{\"@id\":\"https:\/\/dev.monti.lt\/product\/pirmuju-zaislu-rinkinys\/#primaryimage\"},\"thumbnailUrl\":\"https:\/\/dev.monti.lt\/wp-content\/uploads\/2024\/05\/classic-world-pastelowy-zestaw-motoryczny-dla-niemowlat-box-pierwsze-zabawki-od-urodzenia.jpg.png\",\"datePublished\":\"2024-05-08T07:19:15+00:00\",\"dateModified\":\"2024-09-18T11:58:23+00:00\",\"breadcrumb\":{\"@id\":\"https:\/\/dev.monti.lt\/product\/pirmuju-zaislu-rinkinys\/#breadcrumb\"},\"inLanguage\":\"en-US\",\"potentialAction\":[{\"@type\":\"ReadAction\",\"target\":[\"https:\/\/dev.monti.lt\/product\/pirmuju-zaislu-rinkinys\/\"]}]},{\"@type\":\"ImageObject\",\"inLanguage\":\"en-US\",\"@id\":\"https:\/\/dev.monti.lt\/product\/pirmuju-zaislu-rinkinys\/#primaryimage\",\"url\":\"https:\/\/dev.monti.lt\/wp-content\/uploads\/2024\/05\/classic-world-pastelowy-zestaw-motoryczny-dla-niemowlat-box-pierwsze-zabawki-od-urodzenia.jpg.png\",\"contentUrl\":\"https:\/\/dev.monti.lt\/wp-content\/uploads\/2024\/05\/classic-world-pastelowy-zestaw-motoryczny-dla-niemowlat-box-pierwsze-zabawki-od-urodzenia.jpg.png\",\"width\":800,\"height\":800,\"caption\":\"pirmieji zaislai\"},{\"@type\":\"BreadcrumbList\",\"@id\":\"https:\/\/dev.monti.lt\/product\/pirmuju-zaislu-rinkinys\/#breadcrumb\",\"itemListElement\":[{\"@type\":\"ListItem\",\"position\":1,\"name\":\"Home\",\"item\":\"https:\/\/dev.monti.lt\/\"},{\"@type\":\"ListItem\",\"position\":2,\"name\":\"Parduotuv\u0117\",\"item\":\"https:\/\/dev.monti.lt\/shop\/\"},{\"@type\":\"ListItem\",\"position\":3,\"name\":\"Pirm\u0173j\u0173 \u017eaisl\u0173 rinkinys\"}]},{\"@type\":\"WebSite\",\"@id\":\"https:\/\/dev.monti.lt\/#website\",\"url\":\"https:\/\/dev.monti.lt\/\",\"name\":\"Montessori \u017eaislai\",\"description\":\"\",\"publisher\":{\"@id\":\"https:\/\/dev.monti.lt\/#organization\"},\"potentialAction\":[{\"@type\":\"SearchAction\",\"target\":{\"@type\":\"EntryPoint\",\"urlTemplate\":\"https:\/\/dev.monti.lt\/?s={search_term_string}\"},\"query-input\":\"required name=search_term_string\"}],\"inLanguage\":\"en-US\"},{\"@type\":\"Organization\",\"@id\":\"https:\/\/dev.monti.lt\/#organization\",\"name\":\"Montessori \u017eaislai\",\"url\":\"https:\/\/dev.monti.lt\/\",\"logo\":{\"@type\":\"ImageObject\",\"inLanguage\":\"en-US\",\"@id\":\"https:\/\/dev.monti.lt\/#\/schema\/logo\/image\/\",\"url\":\"https:\/\/dev.monti.lt\/wp-content\/uploads\/2022\/03\/montilogo-1.png\",\"contentUrl\":\"https:\/\/dev.monti.lt\/wp-content\/uploads\/2022\/03\/montilogo-1.png\",\"width\":512,\"height\":512,\"caption\":\"Montessori \u017eaislai\"},\"image\":{\"@id\":\"https:\/\/dev.monti.lt\/#\/schema\/logo\/image\/\"}}]}<\/script>\n<!-- \/ Yoast SEO plugin. -->","yoast_head_json":{"title":"Pirm\u0173j\u0173 \u017eaisl\u0173 rinkinys - Montessori \u017eaislai","robots":{"index":"noindex","follow":"follow","max-snippet":"max-snippet:-1","max-image-preview":"max-image-preview:large","max-video-preview":"max-video-preview:-1"},"og_locale":"en_US","og_type":"article","og_title":"Pirm\u0173j\u0173 \u017eaisl\u0173 rinkinys - Montessori \u017eaislai","og_description":"Prek\u0117s \u017eenklo CLASSIC WORLD&nbsp;pastelinis motor\u0173 rinkinys k\u016bdikiams&nbsp;yra medinis subtilios spalvos rinkinys, kuris d\u017eiugins&nbsp;J\u016bs\u0173 naujagim\u012f nuo pat pirmos dienos&nbsp;. Rinkinyje yra&nbsp;morka&nbsp;, kuri\u0105 purtant sukuriami garso efektai, skatinantys naujagimio d\u0117mes\u012f, taip pat&nbsp;bar\u0161kutis su zuikio formos karoliukais&nbsp;, kuris savo&nbsp;spalva ir garsu&nbsp;gali b\u016bti \u012fdomus \u017eaidimas vaikui. Elementai turi&nbsp;subtili\u0105 tekst\u016br\u0105&nbsp;, kuri papildomai lavina&nbsp;vaiko jutimo&nbsp;geb\u0117jimus . \u0160iek tiek vyresniems vaikams taip [&hellip;]","og_url":"https:\/\/dev.monti.lt\/en\/product\/pirmuju-zaislu-rinkinys\/","og_site_name":"Montessori \u017eaislai","article_modified_time":"2024-09-18T11:58:23+00:00","og_image":[{"width":800,"height":800,"url":"https:\/\/dev.monti.lt\/wp-content\/uploads\/2024\/05\/classic-world-pastelowy-zestaw-motoryczny-dla-niemowlat-box-pierwsze-zabawki-od-urodzenia.jpg.png","type":"image\/png"}],"twitter_card":"summary_large_image","twitter_misc":{"Est. reading time":"1 minute"},"schema":{"@context":"https:\/\/schema.org","@graph":[{"@type":"WebPage","@id":"https:\/\/dev.monti.lt\/product\/pirmuju-zaislu-rinkinys\/","url":"https:\/\/dev.monti.lt\/product\/pirmuju-zaislu-rinkinys\/","name":"Pirm\u0173j\u0173 \u017eaisl\u0173 rinkinys - Montessori \u017eaislai","isPartOf":{"@id":"https:\/\/dev.monti.lt\/#website"},"primaryImageOfPage":{"@id":"https:\/\/dev.monti.lt\/product\/pirmuju-zaislu-rinkinys\/#primaryimage"},"image":{"@id":"https:\/\/dev.monti.lt\/product\/pirmuju-zaislu-rinkinys\/#primaryimage"},"thumbnailUrl":"https:\/\/dev.monti.lt\/wp-content\/uploads\/2024\/05\/classic-world-pastelowy-zestaw-motoryczny-dla-niemowlat-box-pierwsze-zabawki-od-urodzenia.jpg.png","datePublished":"2024-05-08T07:19:15+00:00","dateModified":"2024-09-18T11:58:23+00:00","breadcrumb":{"@id":"https:\/\/dev.monti.lt\/product\/pirmuju-zaislu-rinkinys\/#breadcrumb"},"inLanguage":"en-US","potentialAction":[{"@type":"ReadAction","target":["https:\/\/dev.monti.lt\/product\/pirmuju-zaislu-rinkinys\/"]}]},{"@type":"ImageObject","inLanguage":"en-US","@id":"https:\/\/dev.monti.lt\/product\/pirmuju-zaislu-rinkinys\/#primaryimage","url":"https:\/\/dev.monti.lt\/wp-content\/uploads\/2024\/05\/classic-world-pastelowy-zestaw-motoryczny-dla-niemowlat-box-pierwsze-zabawki-od-urodzenia.jpg.png","contentUrl":"https:\/\/dev.monti.lt\/wp-content\/uploads\/2024\/05\/classic-world-pastelowy-zestaw-motoryczny-dla-niemowlat-box-pierwsze-zabawki-od-urodzenia.jpg.png","width":800,"height":800,"caption":"pirmieji zaislai"},{"@type":"BreadcrumbList","@id":"https:\/\/dev.monti.lt\/product\/pirmuju-zaislu-rinkinys\/#breadcrumb","itemListElement":[{"@type":"ListItem","position":1,"name":"Home","item":"https:\/\/dev.monti.lt\/"},{"@type":"ListItem","position":2,"name":"Parduotuv\u0117","item":"https:\/\/dev.monti.lt\/shop\/"},{"@type":"ListItem","position":3,"name":"Pirm\u0173j\u0173 \u017eaisl\u0173 rinkinys"}]},{"@type":"WebSite","@id":"https:\/\/dev.monti.lt\/#website","url":"https:\/\/dev.monti.lt\/","name":"Montessori \u017eaislai","description":"","publisher":{"@id":"https:\/\/dev.monti.lt\/#organization"},"potentialAction":[{"@type":"SearchAction","target":{"@type":"EntryPoint","urlTemplate":"https:\/\/dev.monti.lt\/?s={search_term_string}"},"query-input":"required name=search_term_string"}],"inLanguage":"en-US"},{"@type":"Organization","@id":"https:\/\/dev.monti.lt\/#organization","name":"Montessori \u017eaislai","url":"https:\/\/dev.monti.lt\/","logo":{"@type":"ImageObject","inLanguage":"en-US","@id":"https:\/\/dev.monti.lt\/#\/schema\/logo\/image\/","url":"https:\/\/dev.monti.lt\/wp-content\/uploads\/2022\/03\/montilogo-1.png","contentUrl":"https:\/\/dev.monti.lt\/wp-content\/uploads\/2022\/03\/montilogo-1.png","width":512,"height":512,"caption":"Montessori \u017eaislai"},"image":{"@id":"https:\/\/dev.monti.lt\/#\/schema\/logo\/image\/"}}]}},"_links":{"self":[{"href":"https:\/\/dev.monti.lt\/en\/wp-json\/wp\/v2\/product\/23336"}],"collection":[{"href":"https:\/\/dev.monti.lt\/en\/wp-json\/wp\/v2\/product"}],"about":[{"href":"https:\/\/dev.monti.lt\/en\/wp-json\/wp\/v2\/types\/product"}],"version-history":[{"count":1,"href":"https:\/\/dev.monti.lt\/en\/wp-json\/wp\/v2\/product\/23336\/revisions"}],"predecessor-version":[{"id":23350,"href":"https:\/\/dev.monti.lt\/en\/wp-json\/wp\/v2\/product\/23336\/revisions\/23350"}],"wp:featuredmedia":[{"embeddable":true,"href":"https:\/\/dev.monti.lt\/en\/wp-json\/wp\/v2\/media\/23337"}],"wp:attachment":[{"href":"https:\/\/dev.monti.lt\/en\/wp-json\/wp\/v2\/media?parent=23336"}],"wp:term":[{"taxonomy":"product_cat","embeddable":true,"href":"https:\/\/dev.monti.lt\/en\/wp-json\/wp\/v2\/product_cat?post=23336"},{"taxonomy":"product_tag","embeddable":true,"href":"https:\/\/dev.monti.lt\/en\/wp-json\/wp\/v2\/product_tag?post=23336"}],"curies":[{"name":"wp","href":"https:\/\/api.w.org\/{rel}","templated":true}]}}