{"id":23322,"date":"2024-05-08T07:00:49","date_gmt":"2024-05-08T07:00:49","guid":{"rendered":"https:\/\/dev.monti.lt\/?post_type=product&#038;p=23322"},"modified":"2024-10-07T13:34:47","modified_gmt":"2024-10-07T13:34:47","slug":"lauko-zaidimu-rinkinys-krepsinis-ir-saudymas-is-lanko","status":"publish","type":"product","link":"https:\/\/dev.monti.lt\/en\/product\/lauko-zaidimu-rinkinys-krepsinis-ir-saudymas-is-lanko\/","title":{"rendered":"Lauko \u017eaidim\u0173 rinkinys, krep\u0161inis ir \u0161audymas i\u0161 lanko\u00a0"},"content":{"rendered":"<ul class=\"wp-block-list\"><li><strong>ACTIVE RECREATION<\/strong>&nbsp;&#8211; \u017eaidim\u0173 rinkinys&nbsp;<strong>lavina motorin\u0119 koordinacij\u0105 ir gerina ma\u017eiausio fizin\u0119 b\u016bkl\u0119 bei motorik\u0105<\/strong>&nbsp;, taip pat leid\u017eia tobulinti krep\u0161inio ir saugaus \u0161audymo i\u0161 lanko \u012fg\u016bd\u017eius.<\/li>\n\n<li><strong>MOKYMASI \u017dAISTI KOMANDYJE<\/strong>&nbsp;&#8211; \u017eaidim\u0173 rinkinys bus geras ne tik savaranki\u0161kam \u017eaidimui, bet ir \u017eaidimui su bendraam\u017eiais, broliais ir seserimis bei t\u0117vais. Rinkinys padeda vaikams ugdyti geb\u0117jim\u0105 bendradarbiauti ir dirbti grup\u0117je, o tai itin svarbu komandiniuose \u017eaidimuose,&nbsp;<strong>taip pat moko ma\u017eiausius vaikus sveikos konkurencijos<\/strong>&nbsp;.<\/li>\n\n<li><strong>LAIMINGOS IR SAUGIOS LINKSM\u0116S<\/strong>&nbsp;&#8211; krep\u0161inio \u017eaidim\u0173 rinkinys ir \u0161audykla neabejotinai yra puiki pramoga patiems ma\u017eiausiems. Ta\u010diau labai svarbu ir vaik\u0173 saugumas \u2013&nbsp;<strong>n\u0117ra baim\u0117s, kad vaikas susi\u017ealos pats<\/strong>&nbsp;. Ir krep\u0161inis, ir lankas, ir \u0161audykla&nbsp;<strong>jie padeda jauniausiems lavinti tikslum\u0105 ir aki\u0173 ir rank\u0173 bendradarbiavim\u0105<\/strong>&nbsp;. \u017daidimas taip pat moko kantryb\u0117s ir tikslumo, kurie vienodai svarb\u016bs sporte.<\/li>\n\n<li><strong>REGULIUOJAMAS LENTO AUK\u0160TIS<\/strong>&nbsp;\u2013 krep\u0161elio stovas reguliuojamas nuo 73 iki 146 cm, tai rei\u0161kia, kad \u017eaisti gali ne tik ma\u017eesni vaikai. Ir k\u0105 tai rei\u0161kia tau? Rinkinys j\u016bs\u0173 vaikui tarnaus kelerius metus!<\/li>\n\n<li><strong>SPECIFIKACIJA<\/strong>&nbsp;\u2013 2in1: taip, krep\u0161inis ir \u0161audykla; med\u017eiaga: plastikas + metalas, spalva: daugiaspalvis, i\u0161matavimai: 73-146 x 39 x 39 cm, svoris: 1,5 kg, svoris pakuot\u0117je: 1,7 kg&nbsp;<\/li><\/ul><p><strong>RINKIN\u0116S SPECIFIKACIJOS:<\/strong><\/p><ul class=\"wp-block-list\"><li>2in1: taip, krep\u0161inis ir \u0161audykla<\/li>\n\n<li>med\u017eiaga: plastikas + metalas<\/li>\n\n<li>spalva: daugiaspalvis<\/li>\n\n<li>matmenys (auk\u0161tis\/plotis\/gylis): 73-146 x 39 x 39 cm<\/li>\n\n<li>svoris: 1,5 kg<\/li>\n\n<li>svoris pakuot\u0117je: 1,7 kg<\/li>\n\n<li>am\u017eius: 8+<\/li><\/ul><p><strong>\u012eSKAI\u010cIUOTA: a<\/strong><\/p><ul class=\"wp-block-list\"><li>trikojis su krep\u0161iu ir skydu<\/li>\n\n<li>krep\u0161inio kamuoliukas<\/li>\n\n<li>lankas + 3 str\u0117l\u0117s<\/li>\n\n<li>atsispaudimas<\/li><\/ul><p>Pristatytas krep\u0161inio komplektas ir vaiki\u0161ka \u0161audykla \u2013 puiki pramoga patiems ma\u017eiausiems. Komplekte esantis krep\u0161inio kamuolys kartu su lanku ir str\u0117l\u0117mis suteiks ma\u017eiesiems puiki\u0173 pramog\u0173 daugyb\u0119 valand\u0173. Tai pagerina vaiko motorikos koordinacij\u0105 ir motorik\u0105, taip pat leid\u017eia tobulinti krep\u0161inio ir \u0161audymo i\u0161 lanko \u012fg\u016bd\u017eius. Vaiki\u0161kas rinkinys puikiai tinka kartu su sportu. Jis puikiai veiks tiek namuose, tiek lauke ir u\u017etikrins tinkam\u0105 fizin\u012f vaiko vystym\u0105si, mokydamas, koks svarbus yra fizinis aktyvumas ir koks malonus gali b\u016bti sportavimas. Puiki dovana kiekvienam krep\u0161inio ir \u0161audymo i\u0161 lanko gerb\u0117jui. Tuo d\u017eiaugsis kiekvienas energingas jaunas sportininkas, m\u0117gstantis aktyviai leisti laisvalaik\u012f.<\/p>","protected":false},"excerpt":{"rendered":"<p>RINKIN\u0116S SPECIFIKACIJOS: \u012eSKAI\u010cIUOTA: a Pristatytas krep\u0161inio komplektas ir vaiki\u0161ka \u0161audykla \u2013 puiki pramoga patiems ma\u017eiausiems. Komplekte esantis krep\u0161inio kamuolys kartu su lanku ir str\u0117l\u0117mis suteiks ma\u017eiesiems puiki\u0173 pramog\u0173 daugyb\u0119 valand\u0173. Tai pagerina vaiko motorikos koordinacij\u0105 ir motorik\u0105, taip pat leid\u017eia tobulinti krep\u0161inio ir \u0161audymo i\u0161 lanko \u012fg\u016bd\u017eius. Vaiki\u0161kas rinkinys puikiai tinka kartu su sportu. Jis [&hellip;]<\/p>","protected":false},"featured_media":23323,"template":"","meta":{"iawp_total_views":9},"product_cat":[238],"product_tag":[97,98,99],"class_list":{"0":"post-23322","1":"product","2":"type-product","3":"status-publish","4":"has-post-thumbnail","6":"product_cat-lauko-zaidimai","7":"product_tag-3-m-4-m","8":"product_tag-5-m-7-m","9":"product_tag-8-m-11-m","11":"first","12":"instock","13":"taxable","14":"shipping-taxable","15":"purchasable","16":"product-type-simple"},"yoast_head":"<!-- This site is optimized with the Yoast SEO plugin v23.3 - https:\/\/yoast.com\/wordpress\/plugins\/seo\/ -->\n<title>Lauko \u017eaidim\u0173 rinkinys, krep\u0161inis ir \u0161audymas i\u0161 lanko\u00a0 - Montessori \u017eaislai<\/title>\n<meta name=\"robots\" content=\"noindex, follow, max-snippet:-1, max-image-preview:large, max-video-preview:-1\" \/>\n<meta property=\"og:locale\" content=\"en_US\" \/>\n<meta property=\"og:type\" content=\"article\" \/>\n<meta property=\"og:title\" content=\"Lauko \u017eaidim\u0173 rinkinys, krep\u0161inis ir \u0161audymas i\u0161 lanko\u00a0 - Montessori \u017eaislai\" \/>\n<meta property=\"og:description\" content=\"RINKIN\u0116S SPECIFIKACIJOS: \u012eSKAI\u010cIUOTA: a Pristatytas krep\u0161inio komplektas ir vaiki\u0161ka \u0161audykla \u2013 puiki pramoga patiems ma\u017eiausiems. Komplekte esantis krep\u0161inio kamuolys kartu su lanku ir str\u0117l\u0117mis suteiks ma\u017eiesiems puiki\u0173 pramog\u0173 daugyb\u0119 valand\u0173. Tai pagerina vaiko motorikos koordinacij\u0105 ir motorik\u0105, taip pat leid\u017eia tobulinti krep\u0161inio ir \u0161audymo i\u0161 lanko \u012fg\u016bd\u017eius. Vaiki\u0161kas rinkinys puikiai tinka kartu su sportu. Jis [&hellip;]\" \/>\n<meta property=\"og:url\" content=\"https:\/\/dev.monti.lt\/en\/product\/lauko-zaidimu-rinkinys-krepsinis-ir-saudymas-is-lanko\/\" \/>\n<meta property=\"og:site_name\" content=\"Montessori \u017eaislai\" \/>\n<meta property=\"article:modified_time\" content=\"2024-10-07T13:34:47+00:00\" \/>\n<meta property=\"og:image\" content=\"https:\/\/dev.monti.lt\/wp-content\/uploads\/2024\/05\/lit_pl_Krepsinio-ir-saudyklu-zaidimu-rinkinys-23415-17609_13.webp\" \/>\n\t<meta property=\"og:image:width\" content=\"500\" \/>\n\t<meta property=\"og:image:height\" content=\"500\" \/>\n\t<meta property=\"og:image:type\" content=\"image\/webp\" \/>\n<meta name=\"twitter:card\" content=\"summary_large_image\" \/>\n<meta name=\"twitter:label1\" content=\"Est. reading time\" \/>\n\t<meta name=\"twitter:data1\" content=\"2 minutes\" \/>\n<script type=\"application\/ld+json\" class=\"yoast-schema-graph\">{\"@context\":\"https:\/\/schema.org\",\"@graph\":[{\"@type\":\"WebPage\",\"@id\":\"https:\/\/dev.monti.lt\/product\/lauko-zaidimu-rinkinys-krepsinis-ir-saudymas-is-lanko\/\",\"url\":\"https:\/\/dev.monti.lt\/product\/lauko-zaidimu-rinkinys-krepsinis-ir-saudymas-is-lanko\/\",\"name\":\"Lauko \u017eaidim\u0173 rinkinys, krep\u0161inis ir \u0161audymas i\u0161 lanko\u00a0 - Montessori \u017eaislai\",\"isPartOf\":{\"@id\":\"https:\/\/dev.monti.lt\/#website\"},\"primaryImageOfPage\":{\"@id\":\"https:\/\/dev.monti.lt\/product\/lauko-zaidimu-rinkinys-krepsinis-ir-saudymas-is-lanko\/#primaryimage\"},\"image\":{\"@id\":\"https:\/\/dev.monti.lt\/product\/lauko-zaidimu-rinkinys-krepsinis-ir-saudymas-is-lanko\/#primaryimage\"},\"thumbnailUrl\":\"https:\/\/dev.monti.lt\/wp-content\/uploads\/2024\/05\/lit_pl_Krepsinio-ir-saudyklu-zaidimu-rinkinys-23415-17609_13.webp\",\"datePublished\":\"2024-05-08T07:00:49+00:00\",\"dateModified\":\"2024-10-07T13:34:47+00:00\",\"breadcrumb\":{\"@id\":\"https:\/\/dev.monti.lt\/product\/lauko-zaidimu-rinkinys-krepsinis-ir-saudymas-is-lanko\/#breadcrumb\"},\"inLanguage\":\"en-US\",\"potentialAction\":[{\"@type\":\"ReadAction\",\"target\":[\"https:\/\/dev.monti.lt\/product\/lauko-zaidimu-rinkinys-krepsinis-ir-saudymas-is-lanko\/\"]}]},{\"@type\":\"ImageObject\",\"inLanguage\":\"en-US\",\"@id\":\"https:\/\/dev.monti.lt\/product\/lauko-zaidimu-rinkinys-krepsinis-ir-saudymas-is-lanko\/#primaryimage\",\"url\":\"https:\/\/dev.monti.lt\/wp-content\/uploads\/2024\/05\/lit_pl_Krepsinio-ir-saudyklu-zaidimu-rinkinys-23415-17609_13.webp\",\"contentUrl\":\"https:\/\/dev.monti.lt\/wp-content\/uploads\/2024\/05\/lit_pl_Krepsinio-ir-saudyklu-zaidimu-rinkinys-23415-17609_13.webp\",\"width\":500,\"height\":500,\"caption\":\"lauko krepsinis\"},{\"@type\":\"BreadcrumbList\",\"@id\":\"https:\/\/dev.monti.lt\/product\/lauko-zaidimu-rinkinys-krepsinis-ir-saudymas-is-lanko\/#breadcrumb\",\"itemListElement\":[{\"@type\":\"ListItem\",\"position\":1,\"name\":\"Home\",\"item\":\"https:\/\/dev.monti.lt\/\"},{\"@type\":\"ListItem\",\"position\":2,\"name\":\"Parduotuv\u0117\",\"item\":\"https:\/\/dev.monti.lt\/shop\/\"},{\"@type\":\"ListItem\",\"position\":3,\"name\":\"Lauko \u017eaidim\u0173 rinkinys, krep\u0161inis ir \u0161audymas i\u0161 lanko\u00a0\"}]},{\"@type\":\"WebSite\",\"@id\":\"https:\/\/dev.monti.lt\/#website\",\"url\":\"https:\/\/dev.monti.lt\/\",\"name\":\"Montessori \u017eaislai\",\"description\":\"\",\"publisher\":{\"@id\":\"https:\/\/dev.monti.lt\/#organization\"},\"potentialAction\":[{\"@type\":\"SearchAction\",\"target\":{\"@type\":\"EntryPoint\",\"urlTemplate\":\"https:\/\/dev.monti.lt\/?s={search_term_string}\"},\"query-input\":\"required name=search_term_string\"}],\"inLanguage\":\"en-US\"},{\"@type\":\"Organization\",\"@id\":\"https:\/\/dev.monti.lt\/#organization\",\"name\":\"Montessori \u017eaislai\",\"url\":\"https:\/\/dev.monti.lt\/\",\"logo\":{\"@type\":\"ImageObject\",\"inLanguage\":\"en-US\",\"@id\":\"https:\/\/dev.monti.lt\/#\/schema\/logo\/image\/\",\"url\":\"https:\/\/dev.monti.lt\/wp-content\/uploads\/2022\/03\/montilogo-1.png\",\"contentUrl\":\"https:\/\/dev.monti.lt\/wp-content\/uploads\/2022\/03\/montilogo-1.png\",\"width\":512,\"height\":512,\"caption\":\"Montessori \u017eaislai\"},\"image\":{\"@id\":\"https:\/\/dev.monti.lt\/#\/schema\/logo\/image\/\"}}]}<\/script>\n<!-- \/ Yoast SEO plugin. -->","yoast_head_json":{"title":"Lauko \u017eaidim\u0173 rinkinys, krep\u0161inis ir \u0161audymas i\u0161 lanko\u00a0 - Montessori \u017eaislai","robots":{"index":"noindex","follow":"follow","max-snippet":"max-snippet:-1","max-image-preview":"max-image-preview:large","max-video-preview":"max-video-preview:-1"},"og_locale":"en_US","og_type":"article","og_title":"Lauko \u017eaidim\u0173 rinkinys, krep\u0161inis ir \u0161audymas i\u0161 lanko\u00a0 - Montessori \u017eaislai","og_description":"RINKIN\u0116S SPECIFIKACIJOS: \u012eSKAI\u010cIUOTA: a Pristatytas krep\u0161inio komplektas ir vaiki\u0161ka \u0161audykla \u2013 puiki pramoga patiems ma\u017eiausiems. Komplekte esantis krep\u0161inio kamuolys kartu su lanku ir str\u0117l\u0117mis suteiks ma\u017eiesiems puiki\u0173 pramog\u0173 daugyb\u0119 valand\u0173. Tai pagerina vaiko motorikos koordinacij\u0105 ir motorik\u0105, taip pat leid\u017eia tobulinti krep\u0161inio ir \u0161audymo i\u0161 lanko \u012fg\u016bd\u017eius. Vaiki\u0161kas rinkinys puikiai tinka kartu su sportu. Jis [&hellip;]","og_url":"https:\/\/dev.monti.lt\/en\/product\/lauko-zaidimu-rinkinys-krepsinis-ir-saudymas-is-lanko\/","og_site_name":"Montessori \u017eaislai","article_modified_time":"2024-10-07T13:34:47+00:00","og_image":[{"width":500,"height":500,"url":"https:\/\/dev.monti.lt\/wp-content\/uploads\/2024\/05\/lit_pl_Krepsinio-ir-saudyklu-zaidimu-rinkinys-23415-17609_13.webp","type":"image\/webp"}],"twitter_card":"summary_large_image","twitter_misc":{"Est. reading time":"2 minutes"},"schema":{"@context":"https:\/\/schema.org","@graph":[{"@type":"WebPage","@id":"https:\/\/dev.monti.lt\/product\/lauko-zaidimu-rinkinys-krepsinis-ir-saudymas-is-lanko\/","url":"https:\/\/dev.monti.lt\/product\/lauko-zaidimu-rinkinys-krepsinis-ir-saudymas-is-lanko\/","name":"Lauko \u017eaidim\u0173 rinkinys, krep\u0161inis ir \u0161audymas i\u0161 lanko\u00a0 - Montessori \u017eaislai","isPartOf":{"@id":"https:\/\/dev.monti.lt\/#website"},"primaryImageOfPage":{"@id":"https:\/\/dev.monti.lt\/product\/lauko-zaidimu-rinkinys-krepsinis-ir-saudymas-is-lanko\/#primaryimage"},"image":{"@id":"https:\/\/dev.monti.lt\/product\/lauko-zaidimu-rinkinys-krepsinis-ir-saudymas-is-lanko\/#primaryimage"},"thumbnailUrl":"https:\/\/dev.monti.lt\/wp-content\/uploads\/2024\/05\/lit_pl_Krepsinio-ir-saudyklu-zaidimu-rinkinys-23415-17609_13.webp","datePublished":"2024-05-08T07:00:49+00:00","dateModified":"2024-10-07T13:34:47+00:00","breadcrumb":{"@id":"https:\/\/dev.monti.lt\/product\/lauko-zaidimu-rinkinys-krepsinis-ir-saudymas-is-lanko\/#breadcrumb"},"inLanguage":"en-US","potentialAction":[{"@type":"ReadAction","target":["https:\/\/dev.monti.lt\/product\/lauko-zaidimu-rinkinys-krepsinis-ir-saudymas-is-lanko\/"]}]},{"@type":"ImageObject","inLanguage":"en-US","@id":"https:\/\/dev.monti.lt\/product\/lauko-zaidimu-rinkinys-krepsinis-ir-saudymas-is-lanko\/#primaryimage","url":"https:\/\/dev.monti.lt\/wp-content\/uploads\/2024\/05\/lit_pl_Krepsinio-ir-saudyklu-zaidimu-rinkinys-23415-17609_13.webp","contentUrl":"https:\/\/dev.monti.lt\/wp-content\/uploads\/2024\/05\/lit_pl_Krepsinio-ir-saudyklu-zaidimu-rinkinys-23415-17609_13.webp","width":500,"height":500,"caption":"lauko krepsinis"},{"@type":"BreadcrumbList","@id":"https:\/\/dev.monti.lt\/product\/lauko-zaidimu-rinkinys-krepsinis-ir-saudymas-is-lanko\/#breadcrumb","itemListElement":[{"@type":"ListItem","position":1,"name":"Home","item":"https:\/\/dev.monti.lt\/"},{"@type":"ListItem","position":2,"name":"Parduotuv\u0117","item":"https:\/\/dev.monti.lt\/shop\/"},{"@type":"ListItem","position":3,"name":"Lauko \u017eaidim\u0173 rinkinys, krep\u0161inis ir \u0161audymas i\u0161 lanko\u00a0"}]},{"@type":"WebSite","@id":"https:\/\/dev.monti.lt\/#website","url":"https:\/\/dev.monti.lt\/","name":"Montessori \u017eaislai","description":"","publisher":{"@id":"https:\/\/dev.monti.lt\/#organization"},"potentialAction":[{"@type":"SearchAction","target":{"@type":"EntryPoint","urlTemplate":"https:\/\/dev.monti.lt\/?s={search_term_string}"},"query-input":"required name=search_term_string"}],"inLanguage":"en-US"},{"@type":"Organization","@id":"https:\/\/dev.monti.lt\/#organization","name":"Montessori \u017eaislai","url":"https:\/\/dev.monti.lt\/","logo":{"@type":"ImageObject","inLanguage":"en-US","@id":"https:\/\/dev.monti.lt\/#\/schema\/logo\/image\/","url":"https:\/\/dev.monti.lt\/wp-content\/uploads\/2022\/03\/montilogo-1.png","contentUrl":"https:\/\/dev.monti.lt\/wp-content\/uploads\/2022\/03\/montilogo-1.png","width":512,"height":512,"caption":"Montessori \u017eaislai"},"image":{"@id":"https:\/\/dev.monti.lt\/#\/schema\/logo\/image\/"}}]}},"_links":{"self":[{"href":"https:\/\/dev.monti.lt\/en\/wp-json\/wp\/v2\/product\/23322"}],"collection":[{"href":"https:\/\/dev.monti.lt\/en\/wp-json\/wp\/v2\/product"}],"about":[{"href":"https:\/\/dev.monti.lt\/en\/wp-json\/wp\/v2\/types\/product"}],"version-history":[{"count":1,"href":"https:\/\/dev.monti.lt\/en\/wp-json\/wp\/v2\/product\/23322\/revisions"}],"predecessor-version":[{"id":23325,"href":"https:\/\/dev.monti.lt\/en\/wp-json\/wp\/v2\/product\/23322\/revisions\/23325"}],"wp:featuredmedia":[{"embeddable":true,"href":"https:\/\/dev.monti.lt\/en\/wp-json\/wp\/v2\/media\/23323"}],"wp:attachment":[{"href":"https:\/\/dev.monti.lt\/en\/wp-json\/wp\/v2\/media?parent=23322"}],"wp:term":[{"taxonomy":"product_cat","embeddable":true,"href":"https:\/\/dev.monti.lt\/en\/wp-json\/wp\/v2\/product_cat?post=23322"},{"taxonomy":"product_tag","embeddable":true,"href":"https:\/\/dev.monti.lt\/en\/wp-json\/wp\/v2\/product_tag?post=23322"}],"curies":[{"name":"wp","href":"https:\/\/api.w.org\/{rel}","templated":true}]}}