{"id":23311,"date":"2024-05-08T06:54:54","date_gmt":"2024-05-08T06:54:54","guid":{"rendered":"https:\/\/dev.monti.lt\/?post_type=product&#038;p=23311"},"modified":"2024-10-02T18:41:20","modified_gmt":"2024-10-02T18:41:20","slug":"kinetinio-smelio-rinkinys-su-deze-ir-priedais","status":"publish","type":"product","link":"https:\/\/dev.monti.lt\/en\/product\/kinetinio-smelio-rinkinys-su-deze-ir-priedais\/","title":{"rendered":"Kinetinio sm\u0117lio rinkinys su d\u0117\u017ee ir priedais"},"content":{"rendered":"<h1 class=\"wp-block-heading\">\u00a0<\/h1><p><strong>LENGVAS MODELIAVIMAS<\/strong>\u00a0\u2013 sm\u0117lis\u00a0<strong>itin plasti\u0161kas,<\/strong>\u00a0i\u0161 jo galima padaryti bet kokias i\u0161galvotas formas ir strukt\u016bras.\u00a0<strong>Puikiai klijuoja, puikiai atkartoja formeli\u0173 formas<\/strong>\u00a0ir pa\u0117mus form\u0105 nebyra. Sm\u0117lis taip pat nepraranda savo savybi\u0173.\u00a0<strong>Teigiamai veikia vaiko sensorin\u0119 integracij\u0105<\/strong>\u00a0, puikiai lavina vaizduot\u0119, meninius ir rankinius \u012fg\u016bd\u017eius.<\/p><p><strong>VALYMAS BE PROBLEM\u0172<\/strong>\u00a0\u2013 gera \u017einia aktyvi\u0173 vaik\u0173 t\u0117vams yra ta, kad\u00a0<strong>vaiki\u0161k\u0105 sm\u0117l\u012f galima greitai ir labai paprastai nuvalyti<\/strong>\u00a0. Viskas v\u0117lgi d\u0117l jo savybi\u0173 \u2013 vaiki\u0161ko sm\u0117lio dalel\u0117s traukia viena kit\u0105, o tai rei\u0161kia, kad sm\u0117lis nesibarstys aplinkui ir nesikaups dulki\u0173. Sm\u0117lis ne tik neter\u0161ia nam\u0173, bet ir\u00a0<strong>nelimpa prie ma\u017e\u0173 rank\u0173 bei drabu\u017ei\u0173<\/strong>\u00a0. Baig\u0119 \u017eaisti, tiesiog \u012fd\u0117kite j\u012f \u012f krep\u0161\u012f ir netvarka baigta.<\/p><p><strong>DIDELIS RINKINYS<\/strong>\u00a0&#8211;\u00a0<strong>rinkin\u012f vaikams sudaro: 2 kg sm\u0117lio, 14 plastikini\u0173 formeli\u0173, gr\u0117blys, sietelis, kastuvas ir piltuvas.<\/strong>\u00a0Su tokiais priedais ne\u012fmanoma nuobod\u017eiauti. \u012e rinkin\u012f su sm\u0117liu taip pat yra\u00a0<strong>pripu\u010diama sm\u0117lio d\u0117\u017e\u0117<\/strong>\u00a0, kuri pad\u0117s \u017eaidim\u0173 aik\u0161tel\u0117je palaikyti tvark\u0105.<\/p><p><strong>SAUGUS IR KOKYB<\/strong>I\u0160KAS\u00a0\u2013 sm\u0117lis saugus vaikui ir aplinkai. Be to, jis nei\u0161saus\u0117ja ir nesukiet\u0117ja, tod\u0117l j\u012f galima naudoti daugyb\u0119 kart\u0173 pramogai.<\/p><p><strong>SPECIFIKACIJA<\/strong><\/p><ul class=\"wp-block-list\"><li>sm\u0117lio d\u0117\u017e\u0117s matmenys: 57 x 43 x 7 cm<\/li>\n\n<li>svoris: 2,216 kg<\/li>\n\n<li>svoris su pakuote: 2,342 kg<\/li><\/ul><p><strong>\u012eSKAITANT<\/strong><\/p><p>pripu\u010diama sm\u0117lio d\u0117\u017e\u0117 \/ baseinas<\/p><p> sm\u0117lis (2 kg)<\/p><p>14 form\u0173<\/p><p>gr\u0117blys, sietelis, mentel\u0117, piltuvas<\/p><p>Magi\u0161k\u0173 savybi\u0173 turintis vaiki\u0161kas sm\u0117lis \u2013 puiki dovana kiekvienam vaikui. Su tokiu sm\u0117liu galima s\u0117kmingai \u017eaisti namuose. Kai lauke v\u0117juota, lyja ar sninga, niekas netrukdo gaminti keksiuk\u0173 \u2013 tereikia baseino su stebuklingu sm\u0117liu ir paleisk savo vaizduot\u0119! Vaiki\u0161k\u0105 sm\u0117lio rinkin\u012f sudaro 14 plastikini\u0173 formeli\u0173, gr\u0117blys, sietelis, kastuvas ir piltuvas. Su tokiais priedais ne\u012fmanoma nuobod\u017eiauti. Komplekte su sm\u0117liu taip pat yra pripu\u010diama sm\u0117lio d\u0117\u017e\u0117, kuri pad\u0117s \u017eaidim\u0173 aik\u0161tel\u0117je palaikyti tvark\u0105.<\/p>","protected":false},"excerpt":{"rendered":"<p>\u00a0 LENGVAS MODELIAVIMAS\u00a0\u2013 sm\u0117lis\u00a0itin plasti\u0161kas,\u00a0i\u0161 jo galima padaryti bet kokias i\u0161galvotas formas ir strukt\u016bras.\u00a0Puikiai klijuoja, puikiai atkartoja formeli\u0173 formas\u00a0ir pa\u0117mus form\u0105 nebyra. Sm\u0117lis taip pat nepraranda savo savybi\u0173.\u00a0Teigiamai veikia vaiko sensorin\u0119 integracij\u0105\u00a0, puikiai lavina vaizduot\u0119, meninius ir rankinius \u012fg\u016bd\u017eius. VALYMAS BE PROBLEM\u0172\u00a0\u2013 gera \u017einia aktyvi\u0173 vaik\u0173 t\u0117vams yra ta, kad\u00a0vaiki\u0161k\u0105 sm\u0117l\u012f galima greitai ir labai [&hellip;]<\/p>","protected":false},"featured_media":23312,"template":"","meta":{"iawp_total_views":262},"product_cat":[191,87,238,84,49,39],"product_tag":[95,96,97,98],"class_list":{"0":"post-23311","1":"product","2":"type-product","3":"status-publish","4":"has-post-thumbnail","6":"product_cat-dovanos-vaikams","7":"product_cat-kurybiniai-rinkiniai","8":"product_cat-lauko-zaidimai","9":"product_cat-lavinamieji-zaislai","10":"product_cat-visi-zaislai","11":"product_cat-zaislai","12":"product_tag-1-m-2-m","13":"product_tag-2-m-3-m","14":"product_tag-3-m-4-m","15":"product_tag-5-m-7-m","17":"first","18":"outofstock","19":"taxable","20":"shipping-taxable","21":"purchasable","22":"product-type-simple"},"yoast_head":"<!-- This site is optimized with the Yoast SEO plugin v23.3 - https:\/\/yoast.com\/wordpress\/plugins\/seo\/ -->\n<title>Kinetinio sm\u0117lio rinkinys su d\u0117\u017ee ir priedais - Montessori \u017eaislai<\/title>\n<meta name=\"robots\" content=\"noindex, follow, max-snippet:-1, max-image-preview:large, max-video-preview:-1\" \/>\n<meta property=\"og:locale\" content=\"en_US\" \/>\n<meta property=\"og:type\" content=\"article\" \/>\n<meta property=\"og:title\" content=\"Kinetinio sm\u0117lio rinkinys su d\u0117\u017ee ir priedais - Montessori \u017eaislai\" \/>\n<meta property=\"og:description\" content=\"\u00a0 LENGVAS MODELIAVIMAS\u00a0\u2013 sm\u0117lis\u00a0itin plasti\u0161kas,\u00a0i\u0161 jo galima padaryti bet kokias i\u0161galvotas formas ir strukt\u016bras.\u00a0Puikiai klijuoja, puikiai atkartoja formeli\u0173 formas\u00a0ir pa\u0117mus form\u0105 nebyra. Sm\u0117lis taip pat nepraranda savo savybi\u0173.\u00a0Teigiamai veikia vaiko sensorin\u0119 integracij\u0105\u00a0, puikiai lavina vaizduot\u0119, meninius ir rankinius \u012fg\u016bd\u017eius. VALYMAS BE PROBLEM\u0172\u00a0\u2013 gera \u017einia aktyvi\u0173 vaik\u0173 t\u0117vams yra ta, kad\u00a0vaiki\u0161k\u0105 sm\u0117l\u012f galima greitai ir labai [&hellip;]\" \/>\n<meta property=\"og:url\" content=\"https:\/\/dev.monti.lt\/en\/product\/kinetinio-smelio-rinkinys-su-deze-ir-priedais\/\" \/>\n<meta property=\"og:site_name\" content=\"Montessori \u017eaislai\" \/>\n<meta property=\"article:modified_time\" content=\"2024-10-02T18:41:20+00:00\" \/>\n<meta property=\"og:image\" content=\"https:\/\/dev.monti.lt\/wp-content\/uploads\/2024\/05\/lit_pl_Kurybinis-smelis-smelio-deze-formeles-22712-17372_14.jpg\" \/>\n\t<meta property=\"og:image:width\" content=\"500\" \/>\n\t<meta property=\"og:image:height\" content=\"500\" \/>\n\t<meta property=\"og:image:type\" content=\"image\/jpeg\" \/>\n<meta name=\"twitter:card\" content=\"summary_large_image\" \/>\n<meta name=\"twitter:label1\" content=\"Est. reading time\" \/>\n\t<meta name=\"twitter:data1\" content=\"2 minutes\" \/>\n<script type=\"application\/ld+json\" class=\"yoast-schema-graph\">{\"@context\":\"https:\/\/schema.org\",\"@graph\":[{\"@type\":\"WebPage\",\"@id\":\"https:\/\/dev.monti.lt\/product\/kinetinio-smelio-rinkinys-su-deze-ir-priedais\/\",\"url\":\"https:\/\/dev.monti.lt\/product\/kinetinio-smelio-rinkinys-su-deze-ir-priedais\/\",\"name\":\"Kinetinio sm\u0117lio rinkinys su d\u0117\u017ee ir priedais - Montessori \u017eaislai\",\"isPartOf\":{\"@id\":\"https:\/\/dev.monti.lt\/#website\"},\"primaryImageOfPage\":{\"@id\":\"https:\/\/dev.monti.lt\/product\/kinetinio-smelio-rinkinys-su-deze-ir-priedais\/#primaryimage\"},\"image\":{\"@id\":\"https:\/\/dev.monti.lt\/product\/kinetinio-smelio-rinkinys-su-deze-ir-priedais\/#primaryimage\"},\"thumbnailUrl\":\"https:\/\/dev.monti.lt\/wp-content\/uploads\/2024\/05\/lit_pl_Kurybinis-smelis-smelio-deze-formeles-22712-17372_14.jpg\",\"datePublished\":\"2024-05-08T06:54:54+00:00\",\"dateModified\":\"2024-10-02T18:41:20+00:00\",\"breadcrumb\":{\"@id\":\"https:\/\/dev.monti.lt\/product\/kinetinio-smelio-rinkinys-su-deze-ir-priedais\/#breadcrumb\"},\"inLanguage\":\"en-US\",\"potentialAction\":[{\"@type\":\"ReadAction\",\"target\":[\"https:\/\/dev.monti.lt\/product\/kinetinio-smelio-rinkinys-su-deze-ir-priedais\/\"]}]},{\"@type\":\"ImageObject\",\"inLanguage\":\"en-US\",\"@id\":\"https:\/\/dev.monti.lt\/product\/kinetinio-smelio-rinkinys-su-deze-ir-priedais\/#primaryimage\",\"url\":\"https:\/\/dev.monti.lt\/wp-content\/uploads\/2024\/05\/lit_pl_Kurybinis-smelis-smelio-deze-formeles-22712-17372_14.jpg\",\"contentUrl\":\"https:\/\/dev.monti.lt\/wp-content\/uploads\/2024\/05\/lit_pl_Kurybinis-smelis-smelio-deze-formeles-22712-17372_14.jpg\",\"width\":500,\"height\":500,\"caption\":\"kinetinis smelis\"},{\"@type\":\"BreadcrumbList\",\"@id\":\"https:\/\/dev.monti.lt\/product\/kinetinio-smelio-rinkinys-su-deze-ir-priedais\/#breadcrumb\",\"itemListElement\":[{\"@type\":\"ListItem\",\"position\":1,\"name\":\"Home\",\"item\":\"https:\/\/dev.monti.lt\/\"},{\"@type\":\"ListItem\",\"position\":2,\"name\":\"Parduotuv\u0117\",\"item\":\"https:\/\/dev.monti.lt\/shop\/\"},{\"@type\":\"ListItem\",\"position\":3,\"name\":\"Kinetinio sm\u0117lio rinkinys su d\u0117\u017ee ir priedais\"}]},{\"@type\":\"WebSite\",\"@id\":\"https:\/\/dev.monti.lt\/#website\",\"url\":\"https:\/\/dev.monti.lt\/\",\"name\":\"Montessori \u017eaislai\",\"description\":\"\",\"publisher\":{\"@id\":\"https:\/\/dev.monti.lt\/#organization\"},\"potentialAction\":[{\"@type\":\"SearchAction\",\"target\":{\"@type\":\"EntryPoint\",\"urlTemplate\":\"https:\/\/dev.monti.lt\/?s={search_term_string}\"},\"query-input\":\"required name=search_term_string\"}],\"inLanguage\":\"en-US\"},{\"@type\":\"Organization\",\"@id\":\"https:\/\/dev.monti.lt\/#organization\",\"name\":\"Montessori \u017eaislai\",\"url\":\"https:\/\/dev.monti.lt\/\",\"logo\":{\"@type\":\"ImageObject\",\"inLanguage\":\"en-US\",\"@id\":\"https:\/\/dev.monti.lt\/#\/schema\/logo\/image\/\",\"url\":\"https:\/\/dev.monti.lt\/wp-content\/uploads\/2022\/03\/montilogo-1.png\",\"contentUrl\":\"https:\/\/dev.monti.lt\/wp-content\/uploads\/2022\/03\/montilogo-1.png\",\"width\":512,\"height\":512,\"caption\":\"Montessori \u017eaislai\"},\"image\":{\"@id\":\"https:\/\/dev.monti.lt\/#\/schema\/logo\/image\/\"}}]}<\/script>\n<!-- \/ Yoast SEO plugin. -->","yoast_head_json":{"title":"Kinetinio sm\u0117lio rinkinys su d\u0117\u017ee ir priedais - Montessori \u017eaislai","robots":{"index":"noindex","follow":"follow","max-snippet":"max-snippet:-1","max-image-preview":"max-image-preview:large","max-video-preview":"max-video-preview:-1"},"og_locale":"en_US","og_type":"article","og_title":"Kinetinio sm\u0117lio rinkinys su d\u0117\u017ee ir priedais - Montessori \u017eaislai","og_description":"\u00a0 LENGVAS MODELIAVIMAS\u00a0\u2013 sm\u0117lis\u00a0itin plasti\u0161kas,\u00a0i\u0161 jo galima padaryti bet kokias i\u0161galvotas formas ir strukt\u016bras.\u00a0Puikiai klijuoja, puikiai atkartoja formeli\u0173 formas\u00a0ir pa\u0117mus form\u0105 nebyra. Sm\u0117lis taip pat nepraranda savo savybi\u0173.\u00a0Teigiamai veikia vaiko sensorin\u0119 integracij\u0105\u00a0, puikiai lavina vaizduot\u0119, meninius ir rankinius \u012fg\u016bd\u017eius. VALYMAS BE PROBLEM\u0172\u00a0\u2013 gera \u017einia aktyvi\u0173 vaik\u0173 t\u0117vams yra ta, kad\u00a0vaiki\u0161k\u0105 sm\u0117l\u012f galima greitai ir labai [&hellip;]","og_url":"https:\/\/dev.monti.lt\/en\/product\/kinetinio-smelio-rinkinys-su-deze-ir-priedais\/","og_site_name":"Montessori \u017eaislai","article_modified_time":"2024-10-02T18:41:20+00:00","og_image":[{"width":500,"height":500,"url":"https:\/\/dev.monti.lt\/wp-content\/uploads\/2024\/05\/lit_pl_Kurybinis-smelis-smelio-deze-formeles-22712-17372_14.jpg","type":"image\/jpeg"}],"twitter_card":"summary_large_image","twitter_misc":{"Est. reading time":"2 minutes"},"schema":{"@context":"https:\/\/schema.org","@graph":[{"@type":"WebPage","@id":"https:\/\/dev.monti.lt\/product\/kinetinio-smelio-rinkinys-su-deze-ir-priedais\/","url":"https:\/\/dev.monti.lt\/product\/kinetinio-smelio-rinkinys-su-deze-ir-priedais\/","name":"Kinetinio sm\u0117lio rinkinys su d\u0117\u017ee ir priedais - Montessori \u017eaislai","isPartOf":{"@id":"https:\/\/dev.monti.lt\/#website"},"primaryImageOfPage":{"@id":"https:\/\/dev.monti.lt\/product\/kinetinio-smelio-rinkinys-su-deze-ir-priedais\/#primaryimage"},"image":{"@id":"https:\/\/dev.monti.lt\/product\/kinetinio-smelio-rinkinys-su-deze-ir-priedais\/#primaryimage"},"thumbnailUrl":"https:\/\/dev.monti.lt\/wp-content\/uploads\/2024\/05\/lit_pl_Kurybinis-smelis-smelio-deze-formeles-22712-17372_14.jpg","datePublished":"2024-05-08T06:54:54+00:00","dateModified":"2024-10-02T18:41:20+00:00","breadcrumb":{"@id":"https:\/\/dev.monti.lt\/product\/kinetinio-smelio-rinkinys-su-deze-ir-priedais\/#breadcrumb"},"inLanguage":"en-US","potentialAction":[{"@type":"ReadAction","target":["https:\/\/dev.monti.lt\/product\/kinetinio-smelio-rinkinys-su-deze-ir-priedais\/"]}]},{"@type":"ImageObject","inLanguage":"en-US","@id":"https:\/\/dev.monti.lt\/product\/kinetinio-smelio-rinkinys-su-deze-ir-priedais\/#primaryimage","url":"https:\/\/dev.monti.lt\/wp-content\/uploads\/2024\/05\/lit_pl_Kurybinis-smelis-smelio-deze-formeles-22712-17372_14.jpg","contentUrl":"https:\/\/dev.monti.lt\/wp-content\/uploads\/2024\/05\/lit_pl_Kurybinis-smelis-smelio-deze-formeles-22712-17372_14.jpg","width":500,"height":500,"caption":"kinetinis smelis"},{"@type":"BreadcrumbList","@id":"https:\/\/dev.monti.lt\/product\/kinetinio-smelio-rinkinys-su-deze-ir-priedais\/#breadcrumb","itemListElement":[{"@type":"ListItem","position":1,"name":"Home","item":"https:\/\/dev.monti.lt\/"},{"@type":"ListItem","position":2,"name":"Parduotuv\u0117","item":"https:\/\/dev.monti.lt\/shop\/"},{"@type":"ListItem","position":3,"name":"Kinetinio sm\u0117lio rinkinys su d\u0117\u017ee ir priedais"}]},{"@type":"WebSite","@id":"https:\/\/dev.monti.lt\/#website","url":"https:\/\/dev.monti.lt\/","name":"Montessori \u017eaislai","description":"","publisher":{"@id":"https:\/\/dev.monti.lt\/#organization"},"potentialAction":[{"@type":"SearchAction","target":{"@type":"EntryPoint","urlTemplate":"https:\/\/dev.monti.lt\/?s={search_term_string}"},"query-input":"required name=search_term_string"}],"inLanguage":"en-US"},{"@type":"Organization","@id":"https:\/\/dev.monti.lt\/#organization","name":"Montessori \u017eaislai","url":"https:\/\/dev.monti.lt\/","logo":{"@type":"ImageObject","inLanguage":"en-US","@id":"https:\/\/dev.monti.lt\/#\/schema\/logo\/image\/","url":"https:\/\/dev.monti.lt\/wp-content\/uploads\/2022\/03\/montilogo-1.png","contentUrl":"https:\/\/dev.monti.lt\/wp-content\/uploads\/2022\/03\/montilogo-1.png","width":512,"height":512,"caption":"Montessori \u017eaislai"},"image":{"@id":"https:\/\/dev.monti.lt\/#\/schema\/logo\/image\/"}}]}},"_links":{"self":[{"href":"https:\/\/dev.monti.lt\/en\/wp-json\/wp\/v2\/product\/23311"}],"collection":[{"href":"https:\/\/dev.monti.lt\/en\/wp-json\/wp\/v2\/product"}],"about":[{"href":"https:\/\/dev.monti.lt\/en\/wp-json\/wp\/v2\/types\/product"}],"version-history":[{"count":1,"href":"https:\/\/dev.monti.lt\/en\/wp-json\/wp\/v2\/product\/23311\/revisions"}],"predecessor-version":[{"id":23321,"href":"https:\/\/dev.monti.lt\/en\/wp-json\/wp\/v2\/product\/23311\/revisions\/23321"}],"wp:featuredmedia":[{"embeddable":true,"href":"https:\/\/dev.monti.lt\/en\/wp-json\/wp\/v2\/media\/23312"}],"wp:attachment":[{"href":"https:\/\/dev.monti.lt\/en\/wp-json\/wp\/v2\/media?parent=23311"}],"wp:term":[{"taxonomy":"product_cat","embeddable":true,"href":"https:\/\/dev.monti.lt\/en\/wp-json\/wp\/v2\/product_cat?post=23311"},{"taxonomy":"product_tag","embeddable":true,"href":"https:\/\/dev.monti.lt\/en\/wp-json\/wp\/v2\/product_tag?post=23311"}],"curies":[{"name":"wp","href":"https:\/\/api.w.org\/{rel}","templated":true}]}}