{"id":23306,"date":"2024-05-08T06:46:38","date_gmt":"2024-05-08T06:46:38","guid":{"rendered":"https:\/\/dev.monti.lt\/?post_type=product&#038;p=23306"},"modified":"2024-05-22T08:31:55","modified_gmt":"2024-05-22T08:31:55","slug":"minkstos-supynes-maziesiems-rozines","status":"publish","type":"product","link":"https:\/\/dev.monti.lt\/en\/product\/minkstos-supynes-maziesiems-rozines\/","title":{"rendered":"Mink\u0161tos supyn\u0117s ma\u017eiesiems, ro\u017ein\u0117s"},"content":{"rendered":"<h1 class=\"wp-block-heading\">VAIKO S\u016aPYN\u0116S&nbsp;<\/h1><ul class=\"wp-block-list\"><li><strong>K\u016aDIKUI &#8211;<\/strong>&nbsp;s\u016bpyn\u0117s&nbsp;<strong>skirtas vaikams nuo 12 m\u0117n<\/strong>&nbsp;. Galite \u012frengti savo bute, name ar sode. M\u016bs\u0173 k\u016bdiki\u0173 s\u016bpyn\u0117s yra ne tik vieta \u017eaisti, bet ir saugi erdv\u0117, kurioje j\u016bs\u0173 vaikas gali m\u0117gautis d\u017eiugiomis akimirkomis. Sukurta atsi\u017evelgiant \u012f saugum\u0105 ir komfort\u0105,<strong>&nbsp;\u0160ios s\u016bpyn\u0117s suteiks daug linksmybi\u0173 ir malonumo tiek vaikams, tiek j\u0173 glob\u0117jams.<\/strong><\/li>\n\n<li><strong>MED\u017dIAGA<\/strong>&nbsp;<strong>CLEANABOO\u00ae \u2013&nbsp;<\/strong>virveli\u0173 u\u017evalkalai, pagalv\u0117 ir s\u016bpyni\u0173 pagrindas yra pagaminti i\u0161 \u0161velnios, aksomin\u0117s ir pliu\u0161in\u0117s Cleanaboo med\u017eiagos. \u0160i med\u017eiaga&nbsp;<strong>i\u0161 karto nesugeria vandens, bet koks i\u0161siliej\u0119s skystis susiformuoja \u012f la\u0161elius<\/strong>&nbsp;, o tai labai didelis privalumas vaikui.<\/li>\n\n<li><strong>MODERNAUS DIZAINAS &#8211;&nbsp;<\/strong>s\u016bpyn\u0117s pagamintos atkreipiant d\u0117mes\u012f \u012f kiekvien\u0105 smulkmen\u0105. Med\u017eiaga jau\u010diasi mink\u0161ta, maloni ir \u0161velni liesti. Tokios detal\u0117s kaip pomponai ant pagalv\u0117s ar stygos suteikia s\u016bpyn\u0117ms dar daugiau \u017eavesio,<strong>&nbsp;puikiai papildo skandinavi\u0161k\u0105 stili\u0173<\/strong>&nbsp;.<\/li>\n\n<li><strong>MEDINIS IR FUNKCINIS &#8211;&nbsp;<\/strong>yra visi\u0161kai saugus vaikui,&nbsp;<strong>kra\u0161tai suapvalinti ir visa detal\u0117 tiksliai nupoliruota<\/strong>&nbsp;. Med\u017eiagin\u0117s s\u016bpyni\u0173 dalys gali b\u016bti nuimamos, tod\u0117l nesunkiai pasir\u016bpinsite ma\u017eylio higiena ir sveikata.<\/li>\n\n<li><strong>S<\/strong>&nbsp;<strong>SPECIFIKACIJA \u2013&nbsp;<\/strong>gamintojas: Iso Trade; Kruzzel prek\u0117s \u017eenklas; ro\u017ein\u0117 spalva; med\u017eiaga: Cleanaboo&nbsp;<strong>\u00ae&nbsp;<\/strong>+ pu\u0161ies mediena; am\u017eius: nuo 12 m\u0117nesi\u0173; maksimali apkrova: 25 kg; lynai: skersmuo 10 mm; s\u016bpyni\u0173 matmenys: 34 x 34 x 26 cm; svoris: 2,7 kg; svoris pakuot\u0117je: 2,9 kg.&nbsp;<\/li><\/ul><p><strong>SPECIFIKACIJA<\/strong><\/p><ul class=\"wp-block-list\"><li>gamintojas: Iso Trade<\/li>\n\n<li>Kruzzel prek\u0117s \u017eenklas<\/li>\n\n<li>ro\u017ein\u0117s spalvos<\/li>\n\n<li>Med\u017eiaga: Cleanaboo + pu\u0161ies mediena<\/li>\n\n<li>am\u017eius: nuo 12 m\u0117n<\/li>\n\n<li>maksimali apkrova: 25 kg<\/li>\n\n<li>lynai: skersmuo 10 mm<\/li>\n\n<li>s\u016bpyni\u0173 matmenys: 34 x 34 x 26 cm<\/li>\n\n<li>svoris: 2,7 kg<\/li>\n\n<li>svoris pakuot\u0117je: 2,9 kg<\/li><\/ul>","protected":false},"excerpt":{"rendered":"<p>VAIKO S\u016aPYN\u0116S&nbsp; SPECIFIKACIJA<\/p>","protected":false},"featured_media":23307,"template":"","meta":{"iawp_total_views":3},"product_cat":[238],"product_tag":[95,96,94],"class_list":{"0":"post-23306","1":"product","2":"type-product","3":"status-publish","4":"has-post-thumbnail","6":"product_cat-lauko-zaidimai","7":"product_tag-1-m-2-m","8":"product_tag-2-m-3-m","9":"product_tag-iki-1-m","11":"first","12":"outofstock","13":"taxable","14":"shipping-taxable","15":"purchasable","16":"product-type-simple"},"yoast_head":"<!-- This site is optimized with the Yoast SEO plugin v23.3 - https:\/\/yoast.com\/wordpress\/plugins\/seo\/ -->\n<title>Mink\u0161tos supyn\u0117s ma\u017eiesiems, ro\u017ein\u0117s - Montessori \u017eaislai<\/title>\n<meta name=\"robots\" content=\"noindex, follow, max-snippet:-1, max-image-preview:large, max-video-preview:-1\" \/>\n<meta property=\"og:locale\" content=\"en_US\" \/>\n<meta property=\"og:type\" content=\"article\" \/>\n<meta property=\"og:title\" content=\"Mink\u0161tos supyn\u0117s ma\u017eiesiems, ro\u017ein\u0117s - Montessori \u017eaislai\" \/>\n<meta property=\"og:description\" content=\"VAIKO S\u016aPYN\u0116S&nbsp; SPECIFIKACIJA\" \/>\n<meta property=\"og:url\" content=\"https:\/\/dev.monti.lt\/en\/product\/minkstos-supynes-maziesiems-rozines\/\" \/>\n<meta property=\"og:site_name\" content=\"Montessori \u017eaislai\" \/>\n<meta property=\"article:modified_time\" content=\"2024-05-22T08:31:55+00:00\" \/>\n<meta property=\"og:image\" content=\"https:\/\/dev.monti.lt\/wp-content\/uploads\/2024\/05\/lit_pl_Rozines-supynes-NAUJOS-H18027-15471_8.jpg\" \/>\n\t<meta property=\"og:image:width\" content=\"500\" \/>\n\t<meta property=\"og:image:height\" content=\"500\" \/>\n\t<meta property=\"og:image:type\" content=\"image\/jpeg\" \/>\n<meta name=\"twitter:card\" content=\"summary_large_image\" \/>\n<meta name=\"twitter:label1\" content=\"Est. reading time\" \/>\n\t<meta name=\"twitter:data1\" content=\"2 minutes\" \/>\n<script type=\"application\/ld+json\" class=\"yoast-schema-graph\">{\"@context\":\"https:\/\/schema.org\",\"@graph\":[{\"@type\":\"WebPage\",\"@id\":\"https:\/\/dev.monti.lt\/product\/minkstos-supynes-maziesiems-rozines\/\",\"url\":\"https:\/\/dev.monti.lt\/product\/minkstos-supynes-maziesiems-rozines\/\",\"name\":\"Mink\u0161tos supyn\u0117s ma\u017eiesiems, ro\u017ein\u0117s - Montessori \u017eaislai\",\"isPartOf\":{\"@id\":\"https:\/\/dev.monti.lt\/#website\"},\"primaryImageOfPage\":{\"@id\":\"https:\/\/dev.monti.lt\/product\/minkstos-supynes-maziesiems-rozines\/#primaryimage\"},\"image\":{\"@id\":\"https:\/\/dev.monti.lt\/product\/minkstos-supynes-maziesiems-rozines\/#primaryimage\"},\"thumbnailUrl\":\"https:\/\/dev.monti.lt\/wp-content\/uploads\/2024\/05\/lit_pl_Rozines-supynes-NAUJOS-H18027-15471_8.jpg\",\"datePublished\":\"2024-05-08T06:46:38+00:00\",\"dateModified\":\"2024-05-22T08:31:55+00:00\",\"breadcrumb\":{\"@id\":\"https:\/\/dev.monti.lt\/product\/minkstos-supynes-maziesiems-rozines\/#breadcrumb\"},\"inLanguage\":\"en-US\",\"potentialAction\":[{\"@type\":\"ReadAction\",\"target\":[\"https:\/\/dev.monti.lt\/product\/minkstos-supynes-maziesiems-rozines\/\"]}]},{\"@type\":\"ImageObject\",\"inLanguage\":\"en-US\",\"@id\":\"https:\/\/dev.monti.lt\/product\/minkstos-supynes-maziesiems-rozines\/#primaryimage\",\"url\":\"https:\/\/dev.monti.lt\/wp-content\/uploads\/2024\/05\/lit_pl_Rozines-supynes-NAUJOS-H18027-15471_8.jpg\",\"contentUrl\":\"https:\/\/dev.monti.lt\/wp-content\/uploads\/2024\/05\/lit_pl_Rozines-supynes-NAUJOS-H18027-15471_8.jpg\",\"width\":500,\"height\":500},{\"@type\":\"BreadcrumbList\",\"@id\":\"https:\/\/dev.monti.lt\/product\/minkstos-supynes-maziesiems-rozines\/#breadcrumb\",\"itemListElement\":[{\"@type\":\"ListItem\",\"position\":1,\"name\":\"Home\",\"item\":\"https:\/\/dev.monti.lt\/\"},{\"@type\":\"ListItem\",\"position\":2,\"name\":\"Parduotuv\u0117\",\"item\":\"https:\/\/dev.monti.lt\/shop\/\"},{\"@type\":\"ListItem\",\"position\":3,\"name\":\"Mink\u0161tos supyn\u0117s ma\u017eiesiems, ro\u017ein\u0117s\"}]},{\"@type\":\"WebSite\",\"@id\":\"https:\/\/dev.monti.lt\/#website\",\"url\":\"https:\/\/dev.monti.lt\/\",\"name\":\"Montessori \u017eaislai\",\"description\":\"\",\"publisher\":{\"@id\":\"https:\/\/dev.monti.lt\/#organization\"},\"potentialAction\":[{\"@type\":\"SearchAction\",\"target\":{\"@type\":\"EntryPoint\",\"urlTemplate\":\"https:\/\/dev.monti.lt\/?s={search_term_string}\"},\"query-input\":\"required name=search_term_string\"}],\"inLanguage\":\"en-US\"},{\"@type\":\"Organization\",\"@id\":\"https:\/\/dev.monti.lt\/#organization\",\"name\":\"Montessori \u017eaislai\",\"url\":\"https:\/\/dev.monti.lt\/\",\"logo\":{\"@type\":\"ImageObject\",\"inLanguage\":\"en-US\",\"@id\":\"https:\/\/dev.monti.lt\/#\/schema\/logo\/image\/\",\"url\":\"https:\/\/dev.monti.lt\/wp-content\/uploads\/2022\/03\/montilogo-1.png\",\"contentUrl\":\"https:\/\/dev.monti.lt\/wp-content\/uploads\/2022\/03\/montilogo-1.png\",\"width\":512,\"height\":512,\"caption\":\"Montessori \u017eaislai\"},\"image\":{\"@id\":\"https:\/\/dev.monti.lt\/#\/schema\/logo\/image\/\"}}]}<\/script>\n<!-- \/ Yoast SEO plugin. -->","yoast_head_json":{"title":"Mink\u0161tos supyn\u0117s ma\u017eiesiems, ro\u017ein\u0117s - Montessori \u017eaislai","robots":{"index":"noindex","follow":"follow","max-snippet":"max-snippet:-1","max-image-preview":"max-image-preview:large","max-video-preview":"max-video-preview:-1"},"og_locale":"en_US","og_type":"article","og_title":"Mink\u0161tos supyn\u0117s ma\u017eiesiems, ro\u017ein\u0117s - Montessori \u017eaislai","og_description":"VAIKO S\u016aPYN\u0116S&nbsp; SPECIFIKACIJA","og_url":"https:\/\/dev.monti.lt\/en\/product\/minkstos-supynes-maziesiems-rozines\/","og_site_name":"Montessori \u017eaislai","article_modified_time":"2024-05-22T08:31:55+00:00","og_image":[{"width":500,"height":500,"url":"https:\/\/dev.monti.lt\/wp-content\/uploads\/2024\/05\/lit_pl_Rozines-supynes-NAUJOS-H18027-15471_8.jpg","type":"image\/jpeg"}],"twitter_card":"summary_large_image","twitter_misc":{"Est. reading time":"2 minutes"},"schema":{"@context":"https:\/\/schema.org","@graph":[{"@type":"WebPage","@id":"https:\/\/dev.monti.lt\/product\/minkstos-supynes-maziesiems-rozines\/","url":"https:\/\/dev.monti.lt\/product\/minkstos-supynes-maziesiems-rozines\/","name":"Mink\u0161tos supyn\u0117s ma\u017eiesiems, ro\u017ein\u0117s - Montessori \u017eaislai","isPartOf":{"@id":"https:\/\/dev.monti.lt\/#website"},"primaryImageOfPage":{"@id":"https:\/\/dev.monti.lt\/product\/minkstos-supynes-maziesiems-rozines\/#primaryimage"},"image":{"@id":"https:\/\/dev.monti.lt\/product\/minkstos-supynes-maziesiems-rozines\/#primaryimage"},"thumbnailUrl":"https:\/\/dev.monti.lt\/wp-content\/uploads\/2024\/05\/lit_pl_Rozines-supynes-NAUJOS-H18027-15471_8.jpg","datePublished":"2024-05-08T06:46:38+00:00","dateModified":"2024-05-22T08:31:55+00:00","breadcrumb":{"@id":"https:\/\/dev.monti.lt\/product\/minkstos-supynes-maziesiems-rozines\/#breadcrumb"},"inLanguage":"en-US","potentialAction":[{"@type":"ReadAction","target":["https:\/\/dev.monti.lt\/product\/minkstos-supynes-maziesiems-rozines\/"]}]},{"@type":"ImageObject","inLanguage":"en-US","@id":"https:\/\/dev.monti.lt\/product\/minkstos-supynes-maziesiems-rozines\/#primaryimage","url":"https:\/\/dev.monti.lt\/wp-content\/uploads\/2024\/05\/lit_pl_Rozines-supynes-NAUJOS-H18027-15471_8.jpg","contentUrl":"https:\/\/dev.monti.lt\/wp-content\/uploads\/2024\/05\/lit_pl_Rozines-supynes-NAUJOS-H18027-15471_8.jpg","width":500,"height":500},{"@type":"BreadcrumbList","@id":"https:\/\/dev.monti.lt\/product\/minkstos-supynes-maziesiems-rozines\/#breadcrumb","itemListElement":[{"@type":"ListItem","position":1,"name":"Home","item":"https:\/\/dev.monti.lt\/"},{"@type":"ListItem","position":2,"name":"Parduotuv\u0117","item":"https:\/\/dev.monti.lt\/shop\/"},{"@type":"ListItem","position":3,"name":"Mink\u0161tos supyn\u0117s ma\u017eiesiems, ro\u017ein\u0117s"}]},{"@type":"WebSite","@id":"https:\/\/dev.monti.lt\/#website","url":"https:\/\/dev.monti.lt\/","name":"Montessori \u017eaislai","description":"","publisher":{"@id":"https:\/\/dev.monti.lt\/#organization"},"potentialAction":[{"@type":"SearchAction","target":{"@type":"EntryPoint","urlTemplate":"https:\/\/dev.monti.lt\/?s={search_term_string}"},"query-input":"required name=search_term_string"}],"inLanguage":"en-US"},{"@type":"Organization","@id":"https:\/\/dev.monti.lt\/#organization","name":"Montessori \u017eaislai","url":"https:\/\/dev.monti.lt\/","logo":{"@type":"ImageObject","inLanguage":"en-US","@id":"https:\/\/dev.monti.lt\/#\/schema\/logo\/image\/","url":"https:\/\/dev.monti.lt\/wp-content\/uploads\/2022\/03\/montilogo-1.png","contentUrl":"https:\/\/dev.monti.lt\/wp-content\/uploads\/2022\/03\/montilogo-1.png","width":512,"height":512,"caption":"Montessori \u017eaislai"},"image":{"@id":"https:\/\/dev.monti.lt\/#\/schema\/logo\/image\/"}}]}},"_links":{"self":[{"href":"https:\/\/dev.monti.lt\/en\/wp-json\/wp\/v2\/product\/23306"}],"collection":[{"href":"https:\/\/dev.monti.lt\/en\/wp-json\/wp\/v2\/product"}],"about":[{"href":"https:\/\/dev.monti.lt\/en\/wp-json\/wp\/v2\/types\/product"}],"version-history":[{"count":1,"href":"https:\/\/dev.monti.lt\/en\/wp-json\/wp\/v2\/product\/23306\/revisions"}],"predecessor-version":[{"id":23310,"href":"https:\/\/dev.monti.lt\/en\/wp-json\/wp\/v2\/product\/23306\/revisions\/23310"}],"wp:featuredmedia":[{"embeddable":true,"href":"https:\/\/dev.monti.lt\/en\/wp-json\/wp\/v2\/media\/23307"}],"wp:attachment":[{"href":"https:\/\/dev.monti.lt\/en\/wp-json\/wp\/v2\/media?parent=23306"}],"wp:term":[{"taxonomy":"product_cat","embeddable":true,"href":"https:\/\/dev.monti.lt\/en\/wp-json\/wp\/v2\/product_cat?post=23306"},{"taxonomy":"product_tag","embeddable":true,"href":"https:\/\/dev.monti.lt\/en\/wp-json\/wp\/v2\/product_tag?post=23306"}],"curies":[{"name":"wp","href":"https:\/\/api.w.org\/{rel}","templated":true}]}}