{"id":23165,"date":"2024-04-23T10:32:50","date_gmt":"2024-04-23T10:32:50","guid":{"rendered":"https:\/\/dev.monti.lt\/?post_type=product&#038;p=23165"},"modified":"2024-10-08T10:05:53","modified_gmt":"2024-10-08T10:05:53","slug":"svieciantis-sokinejimo-zaidimas-2","status":"publish","type":"product","link":"https:\/\/dev.monti.lt\/en\/product\/svieciantis-sokinejimo-zaidimas-2\/","title":{"rendered":"\u0161vie\u010diantis \u0161okin\u0117jimo \u017eaidimas"},"content":{"rendered":"<p>&#8220;HULA HOP&#8221; \u0160OKIN\u0116JIMO KAMUOLYS KOJOMS \u0160VIE\u010cIANTIS LED M\u0116LYNOS SPALVOS<\/p><p>\u0160okin\u0117jimo \u012f vir\u0161\u0173 pramoga!<\/p><p>Mank\u0161ta ir puiki pramoga viename!<\/p><p>Niekas taip neskatina jud\u0117ti, kaip puiki pramoga!<\/p><p>\u0160iam tikslui puikiai tiks hula hop ant kojos!<\/p><p>Jei j\u016bs\u0173 vaikas labai aktyvus, \u0161is \u017eaislas bus puiki dovana! Jis leis panaudoti energijos sluoksnius nauju b\u016bdu!<\/p><p>O jei j\u016bs\u0173 vaikas nem\u0117gsta jud\u0117ti, gra\u017eios spalvos ir paprastos naudojimo taisykl\u0117s tikrai paskatins j\u012f b\u016bti aktyv\u0173!<\/p><p>\u0160vie\u010diantis ratas patrauks vis\u0173 d\u0117mes\u012f! Kuo didesn\u012f greit\u012f jis pasiekia, tuo ry\u0161kiau \u0161vyti!<\/p><p>\u017daisl\u0105 ne\u012ftik\u0117tinai lengva naudoti, tiesiog u\u017ed\u0117kite ratuk\u0105 ant kojos ir prad\u0117kite j\u012f sukti! Kad kamuolys padaryt\u0173 piln\u0105 apsisukim\u0105, reikia pa\u0161okti \u012f vir\u0161\u0173! Kuo grei\u010diau, tuo sunkiau!<\/p><p>Puikus i\u0161\u0161\u016bkis ne tik vaikams, bet ir suaugusiesiems! Suteiks daug d\u017eiaugsmo visai \u0161eimai!<\/p><p>D\u0117l paprastos \u017eaislo konstrukcijos vienintelis apribojimas &#8211; sugalvoti taisykles. k\u016brybi\u0161kumas ir vaizduot\u0117!<\/p><p>Pa\u017ei\u016br\u0117kite, kas padarys daugiau sukini\u0173! Arba kas suksis grei\u010diausiai!<\/p><p>Mink\u0161ta ratlankio danga rei\u0161kia, kad nereik\u0117s jaudintis d\u0117l m\u0117lyni\u0173 ir \u012fbr\u0117\u017eim\u0173, kad ir kiek ilgai trukt\u0173 suktukas!<\/p><p>Geniali id\u0117ja sujungti malon\u0173 ir nauding\u0105!<\/p><p>\u0160okin\u0117jimo virv\u0117 bus naudinga vaiko motorinei koordinacijai.<\/p><p>Paprastu ir lengvu b\u016bdu pad\u0117s pagerinti pusiausvyros poj\u016bt\u012f ir lavinti refleksus!<\/p><p>Hula hop pad\u0117s maloniai lavinti vaiko motorinius \u012fg\u016bd\u017eius!<\/p><p>\u017daisdami kartu ne tik skatinsite k\u016brybi\u0161kum\u0105 ir vaizduot\u0119, bet ir mokysite var\u017eytis, atlaikyti nes\u0117kmes ir laim\u0117ti!<\/p><p>Pagamintas i\u0161 geros kokyb\u0117s med\u017eiag\u0173 leis \u017eaislu d\u017eiaugtis labai ilgai!<\/p><p>I\u0161matavimai:<\/p><p>Hula hoop: Dydis: 62 cm x 15 cm.<\/p><p>koj\u0173 rato skersmuo: 12 cm<\/p><p>Pakuot\u0117s matmenys: 62cm x 15,5cm x 10cm<\/p><p>Supakuota plastikiniame mai\u0161elyje.<\/p><p><\/p>","protected":false},"excerpt":{"rendered":"<p>&#8220;HULA HOP&#8221; \u0160OKIN\u0116JIMO KAMUOLYS KOJOMS \u0160VIE\u010cIANTIS LED M\u0116LYNOS SPALVOS \u0160okin\u0117jimo \u012f vir\u0161\u0173 pramoga! Mank\u0161ta ir puiki pramoga viename! Niekas taip neskatina jud\u0117ti, kaip puiki pramoga! \u0160iam tikslui puikiai tiks hula hop ant kojos! Jei j\u016bs\u0173 vaikas labai aktyvus, \u0161is \u017eaislas bus puiki dovana! Jis leis panaudoti energijos sluoksnius nauju b\u016bdu! O jei j\u016bs\u0173 vaikas nem\u0117gsta [&hellip;]<\/p>","protected":false},"featured_media":23166,"template":"","meta":{"iawp_total_views":34},"product_cat":[238,49,39,215],"product_tag":[97,98,99],"class_list":{"0":"post-23165","1":"product","2":"type-product","3":"status-publish","4":"has-post-thumbnail","6":"product_cat-lauko-zaidimai","7":"product_cat-visi-zaislai","8":"product_cat-zaislai","9":"product_cat-zaislai-berniukams","10":"product_tag-3-m-4-m","11":"product_tag-5-m-7-m","12":"product_tag-8-m-11-m","14":"first","15":"instock","16":"taxable","17":"shipping-taxable","18":"purchasable","19":"product-type-simple"},"yoast_head":"<!-- This site is optimized with the Yoast SEO plugin v23.3 - https:\/\/yoast.com\/wordpress\/plugins\/seo\/ -->\n<title>\u0161vie\u010diantis \u0161okin\u0117jimo \u017eaidimas - Montessori \u017eaislai<\/title>\n<meta name=\"robots\" content=\"noindex, follow, max-snippet:-1, max-image-preview:large, max-video-preview:-1\" \/>\n<meta property=\"og:locale\" content=\"en_US\" \/>\n<meta property=\"og:type\" content=\"article\" \/>\n<meta property=\"og:title\" content=\"\u0161vie\u010diantis \u0161okin\u0117jimo \u017eaidimas - Montessori \u017eaislai\" \/>\n<meta property=\"og:description\" content=\"&#8220;HULA HOP&#8221; \u0160OKIN\u0116JIMO KAMUOLYS KOJOMS \u0160VIE\u010cIANTIS LED M\u0116LYNOS SPALVOS \u0160okin\u0117jimo \u012f vir\u0161\u0173 pramoga! Mank\u0161ta ir puiki pramoga viename! Niekas taip neskatina jud\u0117ti, kaip puiki pramoga! \u0160iam tikslui puikiai tiks hula hop ant kojos! Jei j\u016bs\u0173 vaikas labai aktyvus, \u0161is \u017eaislas bus puiki dovana! Jis leis panaudoti energijos sluoksnius nauju b\u016bdu! O jei j\u016bs\u0173 vaikas nem\u0117gsta [&hellip;]\" \/>\n<meta property=\"og:url\" content=\"https:\/\/dev.monti.lt\/en\/product\/svieciantis-sokinejimo-zaidimas-2\/\" \/>\n<meta property=\"og:site_name\" content=\"Montessori \u017eaislai\" \/>\n<meta property=\"article:modified_time\" content=\"2024-10-08T10:05:53+00:00\" \/>\n<meta property=\"og:image\" content=\"https:\/\/dev.monti.lt\/wp-content\/uploads\/2024\/04\/Hula-hop-leg-jumping-ball-LED-light-up-blue-100290.jpg\" \/>\n\t<meta property=\"og:image:width\" content=\"1024\" \/>\n\t<meta property=\"og:image:height\" content=\"768\" \/>\n\t<meta property=\"og:image:type\" content=\"image\/jpeg\" \/>\n<meta name=\"twitter:card\" content=\"summary_large_image\" \/>\n<meta name=\"twitter:label1\" content=\"Est. reading time\" \/>\n\t<meta name=\"twitter:data1\" content=\"2 minutes\" \/>\n<script type=\"application\/ld+json\" class=\"yoast-schema-graph\">{\"@context\":\"https:\/\/schema.org\",\"@graph\":[{\"@type\":\"WebPage\",\"@id\":\"https:\/\/dev.monti.lt\/product\/svieciantis-sokinejimo-zaidimas-2\/\",\"url\":\"https:\/\/dev.monti.lt\/product\/svieciantis-sokinejimo-zaidimas-2\/\",\"name\":\"\u0161vie\u010diantis \u0161okin\u0117jimo \u017eaidimas - Montessori \u017eaislai\",\"isPartOf\":{\"@id\":\"https:\/\/dev.monti.lt\/#website\"},\"primaryImageOfPage\":{\"@id\":\"https:\/\/dev.monti.lt\/product\/svieciantis-sokinejimo-zaidimas-2\/#primaryimage\"},\"image\":{\"@id\":\"https:\/\/dev.monti.lt\/product\/svieciantis-sokinejimo-zaidimas-2\/#primaryimage\"},\"thumbnailUrl\":\"https:\/\/dev.monti.lt\/wp-content\/uploads\/2024\/04\/Hula-hop-leg-jumping-ball-LED-light-up-blue-100290.jpg\",\"datePublished\":\"2024-04-23T10:32:50+00:00\",\"dateModified\":\"2024-10-08T10:05:53+00:00\",\"breadcrumb\":{\"@id\":\"https:\/\/dev.monti.lt\/product\/svieciantis-sokinejimo-zaidimas-2\/#breadcrumb\"},\"inLanguage\":\"en-US\",\"potentialAction\":[{\"@type\":\"ReadAction\",\"target\":[\"https:\/\/dev.monti.lt\/product\/svieciantis-sokinejimo-zaidimas-2\/\"]}]},{\"@type\":\"ImageObject\",\"inLanguage\":\"en-US\",\"@id\":\"https:\/\/dev.monti.lt\/product\/svieciantis-sokinejimo-zaidimas-2\/#primaryimage\",\"url\":\"https:\/\/dev.monti.lt\/wp-content\/uploads\/2024\/04\/Hula-hop-leg-jumping-ball-LED-light-up-blue-100290.jpg\",\"contentUrl\":\"https:\/\/dev.monti.lt\/wp-content\/uploads\/2024\/04\/Hula-hop-leg-jumping-ball-LED-light-up-blue-100290.jpg\",\"width\":1024,\"height\":768,\"caption\":\"hula hop\"},{\"@type\":\"BreadcrumbList\",\"@id\":\"https:\/\/dev.monti.lt\/product\/svieciantis-sokinejimo-zaidimas-2\/#breadcrumb\",\"itemListElement\":[{\"@type\":\"ListItem\",\"position\":1,\"name\":\"Home\",\"item\":\"https:\/\/dev.monti.lt\/\"},{\"@type\":\"ListItem\",\"position\":2,\"name\":\"Parduotuv\u0117\",\"item\":\"https:\/\/dev.monti.lt\/shop\/\"},{\"@type\":\"ListItem\",\"position\":3,\"name\":\"\u0161vie\u010diantis \u0161okin\u0117jimo \u017eaidimas\"}]},{\"@type\":\"WebSite\",\"@id\":\"https:\/\/dev.monti.lt\/#website\",\"url\":\"https:\/\/dev.monti.lt\/\",\"name\":\"Montessori \u017eaislai\",\"description\":\"\",\"publisher\":{\"@id\":\"https:\/\/dev.monti.lt\/#organization\"},\"potentialAction\":[{\"@type\":\"SearchAction\",\"target\":{\"@type\":\"EntryPoint\",\"urlTemplate\":\"https:\/\/dev.monti.lt\/?s={search_term_string}\"},\"query-input\":\"required name=search_term_string\"}],\"inLanguage\":\"en-US\"},{\"@type\":\"Organization\",\"@id\":\"https:\/\/dev.monti.lt\/#organization\",\"name\":\"Montessori \u017eaislai\",\"url\":\"https:\/\/dev.monti.lt\/\",\"logo\":{\"@type\":\"ImageObject\",\"inLanguage\":\"en-US\",\"@id\":\"https:\/\/dev.monti.lt\/#\/schema\/logo\/image\/\",\"url\":\"https:\/\/dev.monti.lt\/wp-content\/uploads\/2022\/03\/montilogo-1.png\",\"contentUrl\":\"https:\/\/dev.monti.lt\/wp-content\/uploads\/2022\/03\/montilogo-1.png\",\"width\":512,\"height\":512,\"caption\":\"Montessori \u017eaislai\"},\"image\":{\"@id\":\"https:\/\/dev.monti.lt\/#\/schema\/logo\/image\/\"}}]}<\/script>\n<!-- \/ Yoast SEO plugin. -->","yoast_head_json":{"title":"\u0161vie\u010diantis \u0161okin\u0117jimo \u017eaidimas - Montessori \u017eaislai","robots":{"index":"noindex","follow":"follow","max-snippet":"max-snippet:-1","max-image-preview":"max-image-preview:large","max-video-preview":"max-video-preview:-1"},"og_locale":"en_US","og_type":"article","og_title":"\u0161vie\u010diantis \u0161okin\u0117jimo \u017eaidimas - Montessori \u017eaislai","og_description":"&#8220;HULA HOP&#8221; \u0160OKIN\u0116JIMO KAMUOLYS KOJOMS \u0160VIE\u010cIANTIS LED M\u0116LYNOS SPALVOS \u0160okin\u0117jimo \u012f vir\u0161\u0173 pramoga! Mank\u0161ta ir puiki pramoga viename! Niekas taip neskatina jud\u0117ti, kaip puiki pramoga! \u0160iam tikslui puikiai tiks hula hop ant kojos! Jei j\u016bs\u0173 vaikas labai aktyvus, \u0161is \u017eaislas bus puiki dovana! Jis leis panaudoti energijos sluoksnius nauju b\u016bdu! O jei j\u016bs\u0173 vaikas nem\u0117gsta [&hellip;]","og_url":"https:\/\/dev.monti.lt\/en\/product\/svieciantis-sokinejimo-zaidimas-2\/","og_site_name":"Montessori \u017eaislai","article_modified_time":"2024-10-08T10:05:53+00:00","og_image":[{"width":1024,"height":768,"url":"https:\/\/dev.monti.lt\/wp-content\/uploads\/2024\/04\/Hula-hop-leg-jumping-ball-LED-light-up-blue-100290.jpg","type":"image\/jpeg"}],"twitter_card":"summary_large_image","twitter_misc":{"Est. reading time":"2 minutes"},"schema":{"@context":"https:\/\/schema.org","@graph":[{"@type":"WebPage","@id":"https:\/\/dev.monti.lt\/product\/svieciantis-sokinejimo-zaidimas-2\/","url":"https:\/\/dev.monti.lt\/product\/svieciantis-sokinejimo-zaidimas-2\/","name":"\u0161vie\u010diantis \u0161okin\u0117jimo \u017eaidimas - Montessori \u017eaislai","isPartOf":{"@id":"https:\/\/dev.monti.lt\/#website"},"primaryImageOfPage":{"@id":"https:\/\/dev.monti.lt\/product\/svieciantis-sokinejimo-zaidimas-2\/#primaryimage"},"image":{"@id":"https:\/\/dev.monti.lt\/product\/svieciantis-sokinejimo-zaidimas-2\/#primaryimage"},"thumbnailUrl":"https:\/\/dev.monti.lt\/wp-content\/uploads\/2024\/04\/Hula-hop-leg-jumping-ball-LED-light-up-blue-100290.jpg","datePublished":"2024-04-23T10:32:50+00:00","dateModified":"2024-10-08T10:05:53+00:00","breadcrumb":{"@id":"https:\/\/dev.monti.lt\/product\/svieciantis-sokinejimo-zaidimas-2\/#breadcrumb"},"inLanguage":"en-US","potentialAction":[{"@type":"ReadAction","target":["https:\/\/dev.monti.lt\/product\/svieciantis-sokinejimo-zaidimas-2\/"]}]},{"@type":"ImageObject","inLanguage":"en-US","@id":"https:\/\/dev.monti.lt\/product\/svieciantis-sokinejimo-zaidimas-2\/#primaryimage","url":"https:\/\/dev.monti.lt\/wp-content\/uploads\/2024\/04\/Hula-hop-leg-jumping-ball-LED-light-up-blue-100290.jpg","contentUrl":"https:\/\/dev.monti.lt\/wp-content\/uploads\/2024\/04\/Hula-hop-leg-jumping-ball-LED-light-up-blue-100290.jpg","width":1024,"height":768,"caption":"hula hop"},{"@type":"BreadcrumbList","@id":"https:\/\/dev.monti.lt\/product\/svieciantis-sokinejimo-zaidimas-2\/#breadcrumb","itemListElement":[{"@type":"ListItem","position":1,"name":"Home","item":"https:\/\/dev.monti.lt\/"},{"@type":"ListItem","position":2,"name":"Parduotuv\u0117","item":"https:\/\/dev.monti.lt\/shop\/"},{"@type":"ListItem","position":3,"name":"\u0161vie\u010diantis \u0161okin\u0117jimo \u017eaidimas"}]},{"@type":"WebSite","@id":"https:\/\/dev.monti.lt\/#website","url":"https:\/\/dev.monti.lt\/","name":"Montessori \u017eaislai","description":"","publisher":{"@id":"https:\/\/dev.monti.lt\/#organization"},"potentialAction":[{"@type":"SearchAction","target":{"@type":"EntryPoint","urlTemplate":"https:\/\/dev.monti.lt\/?s={search_term_string}"},"query-input":"required name=search_term_string"}],"inLanguage":"en-US"},{"@type":"Organization","@id":"https:\/\/dev.monti.lt\/#organization","name":"Montessori \u017eaislai","url":"https:\/\/dev.monti.lt\/","logo":{"@type":"ImageObject","inLanguage":"en-US","@id":"https:\/\/dev.monti.lt\/#\/schema\/logo\/image\/","url":"https:\/\/dev.monti.lt\/wp-content\/uploads\/2022\/03\/montilogo-1.png","contentUrl":"https:\/\/dev.monti.lt\/wp-content\/uploads\/2022\/03\/montilogo-1.png","width":512,"height":512,"caption":"Montessori \u017eaislai"},"image":{"@id":"https:\/\/dev.monti.lt\/#\/schema\/logo\/image\/"}}]}},"_links":{"self":[{"href":"https:\/\/dev.monti.lt\/en\/wp-json\/wp\/v2\/product\/23165"}],"collection":[{"href":"https:\/\/dev.monti.lt\/en\/wp-json\/wp\/v2\/product"}],"about":[{"href":"https:\/\/dev.monti.lt\/en\/wp-json\/wp\/v2\/types\/product"}],"version-history":[{"count":1,"href":"https:\/\/dev.monti.lt\/en\/wp-json\/wp\/v2\/product\/23165\/revisions"}],"predecessor-version":[{"id":23172,"href":"https:\/\/dev.monti.lt\/en\/wp-json\/wp\/v2\/product\/23165\/revisions\/23172"}],"wp:featuredmedia":[{"embeddable":true,"href":"https:\/\/dev.monti.lt\/en\/wp-json\/wp\/v2\/media\/23166"}],"wp:attachment":[{"href":"https:\/\/dev.monti.lt\/en\/wp-json\/wp\/v2\/media?parent=23165"}],"wp:term":[{"taxonomy":"product_cat","embeddable":true,"href":"https:\/\/dev.monti.lt\/en\/wp-json\/wp\/v2\/product_cat?post=23165"},{"taxonomy":"product_tag","embeddable":true,"href":"https:\/\/dev.monti.lt\/en\/wp-json\/wp\/v2\/product_tag?post=23165"}],"curies":[{"name":"wp","href":"https:\/\/api.w.org\/{rel}","templated":true}]}}