{"id":23155,"date":"2024-04-23T10:29:13","date_gmt":"2024-04-23T10:29:13","guid":{"rendered":"https:\/\/dev.monti.lt\/?post_type=product&#038;p=23155"},"modified":"2024-10-09T18:00:41","modified_gmt":"2024-10-09T18:00:41","slug":"medine-virtuve-su-saldytuvu-ir-priedais","status":"publish","type":"product","link":"https:\/\/dev.monti.lt\/en\/product\/medine-virtuve-su-saldytuvu-ir-priedais\/","title":{"rendered":"Medin\u0117 virtuv\u0117 su \u0161aldytuvu ir priedais"},"content":{"rendered":"<p>MEDIN\u0116 VAIKI\u0160KA VIRTUV\u0116L\u0116 SU \u0160ALDYTUVU<\/p><p>LAVINAMIEJI \u017dAISLAI &#8211; DAUGIAU NEI TIK \u017dAISLAI<\/p><p>Vaikai nuo ma\u017eens \u017evelgia \u012f savo t\u0117vus ir nori juos m\u0117gd\u017eioti &#8211; tai net b\u016bdinga j\u0173 prigim\u010diai. Tod\u0117l nenuostabu, kad visi mokomieji \u017eaislai, leid\u017eiantys jiems maloniau atlikti nam\u0173 ruo\u0161os darbus, yra tokie populiar\u016bs. Tokie gaminiai leid\u017eia ma\u017eyliams k\u016brybi\u0161kai leisti laik\u0105 ir prisiimti suaugusi\u0173j\u0173, kuriais jie taip trok\u0161ta b\u016bti, vaidmen\u012f.<\/p><p>MEDIN\u0116 VIRTUV\u0116 VAIKAMS<\/p><p>Vienas i\u0161 toki\u0173 \u017eaisl\u0173, padedan\u010di\u0173 m\u0117gd\u017eioti t\u0117vus, pavyzd\u017ei\u0173 neabejotinai yra vaiki\u0161ka \u017eaislin\u0117 virtuv\u0117. \u017daisdami su ja vaikai draugi\u0161kai mokosi maisto gaminimo pagrind\u0173 ir su\u017eino apie saugum\u0105 virtuv\u0117je.<\/p><p>Be to, tokia tikrovi\u0161ka vaiki\u0161ka virtuv\u0117 bus puikus b\u016bdas skatinti vaik\u0173 vaizduot\u0119 ir lavinti \u012fvairius rank\u0173 darbo \u012fg\u016bd\u017eius.<\/p><p>DIDEL\u0116 VIRTUV\u0116 &#8211; PUIKUS \u017dAISLAS<\/p><p>Medin\u0117 virtuv\u0117 yra idealaus dyd\u017eio &#8211; jos auk\u0161tis pritaikytas pagal vaik\u0173 am\u017ei\u0173, kad visi elementai b\u016bt\u0173 pasiekiami. Daugyb\u0117 judan\u010di\u0173 element\u0173, pavyzd\u017eiui, atidaromos spintel\u0117s ir judinamos ranken\u0117l\u0117s, leid\u017eia jaustis kaip tikroje virtuv\u0117je, ta\u010diau daug saugiau vaikams.<\/p><p>Virtuv\u0117je yra b\u016btiniausi prietaisai, tokie kaip \u0161aldytuvas su \u0161aldikliu, indaplov\u0117, mikrobang\u0173 krosnel\u0117, virykl\u0117 ir orkait\u0117. Be to, visi prietaisai turi papildom\u0105 grafik\u0105, d\u0117l kurios jie atrodo dar tikrovi\u0161kiau: mikrobang\u0173 krosnel\u0117s mygtukai, pirkini\u0173 s\u0105ra\u0161as ant \u0161aldytuvo, laikrodis ir indai indaplov\u0117je.<\/p><p>Be daugyb\u0117s prietais\u0173, rinkinyje taip pat yra virtuv\u0117s \u012franga, kuri ne ma\u017eiau svarbi gaminant maist\u0105 &#8211; puodas, keptuv\u0117 ir kiti indai. Ant \u0161aldytuvo kabo ir telefonas, kuris yra puikioje vietoje, kad ma\u017eylis gal\u0117t\u0173 paskambinti mamai ar mo\u010diutei ir su\u017einoti slapt\u0105 \u0161eimos recept\u0105.<\/p><p>Be to, spalvinga grafika visai virtuvei suteikia tikrovi\u0161kumo &#8211; ant sienos matote \u012fvairi\u0173 maisto produkt\u0173, kavos aparato, gartraukio ir kit\u0173 virtuv\u0117s reikmen\u0173 nuotraukas.<\/p><p>BALTA MEDIN\u0116 VIRTUV\u0116 &#8211; PUIKUS BET KURIO VAIK\u0172 KAMBARIO PRIEDAS<\/p><p>Virtuv\u0117 yra balta ir turi aukso spalvos element\u0173, tod\u0117l visas gaminys puikiai tiks bet kokiame kambaryje, tapdamas ne tik \u017eaidim\u0173 zona, bet ir \u012fsp\u016bdinga puo\u0161mena.<\/p><p>Visa virtuv\u0117l\u0117s konstrukcija pagaminta i\u0161 tvirtos ir lygiai nu\u0161lifuotos medienos, tod\u0117l j\u016bs\u0173 klientai gali b\u016bti tikri, kad ji atlaikys daugyb\u0119 vaik\u0173 surengt\u0173 maisto gaminimo sesij\u0173.<\/p><p>INFORMACIJA APIE GAMIN\u012e:<\/p><p>PAKUOT\u0116S TURINYS:<\/p><p>Sudedamosios dalys virtuvei surinkti<br>Metaliniai indai (puodas ir keptuv\u0117)<br>Metaliniai virtuv\u0117s \u012frankiai (4 vnt.)<br>Med\u017eiaga: mediena, metaliniai indai<\/p><p>DYD\u017dIAI:<\/p><p>Virtuv\u0117: 80 cm x 24 cm x 80 cm<br>Stalvir\u0161io auk\u0161tis nuo \u017eem\u0117s: Auk\u0161tis nuo grind\u0173: 46 cm.<br>Pakuot\u0117: 9 cm x 35 cm x 16,5 cm<br>Medin\u0117 virtuv\u0117l\u0117 vaikams supakuota kartonin\u0117je d\u0117\u017eut\u0117je.<\/p>","protected":false},"excerpt":{"rendered":"<p>MEDIN\u0116 VAIKI\u0160KA VIRTUV\u0116L\u0116 SU \u0160ALDYTUVU LAVINAMIEJI \u017dAISLAI &#8211; DAUGIAU NEI TIK \u017dAISLAI Vaikai nuo ma\u017eens \u017evelgia \u012f savo t\u0117vus ir nori juos m\u0117gd\u017eioti &#8211; tai net b\u016bdinga j\u0173 prigim\u010diai. Tod\u0117l nenuostabu, kad visi mokomieji \u017eaislai, leid\u017eiantys jiems maloniau atlikti nam\u0173 ruo\u0161os darbus, yra tokie populiar\u016bs. Tokie gaminiai leid\u017eia ma\u017eyliams k\u016brybi\u0161kai leisti laik\u0105 ir prisiimti suaugusi\u0173j\u0173, [&hellip;]<\/p>","protected":false},"featured_media":23156,"template":"","meta":{"iawp_total_views":165},"product_cat":[193,194,195,216,191,192,81,84,102,90,50,199,93,49,39],"product_tag":[95,96,97],"class_list":{"0":"post-23155","1":"product","2":"type-product","3":"status-publish","4":"has-post-thumbnail","6":"product_cat-dovanos-vaikams-1-2-metu","7":"product_cat-dovanos-vaikams-2-3-metu","8":"product_cat-dovanos-vaikams-3-4-metu","9":"product_cat-dovanos-4-5-metu-vaikams","10":"product_cat-dovanos-vaikams","11":"product_cat-kaledines-dovanos-vaikams","12":"product_cat-kiti-zaislai","13":"product_cat-lavinamieji-zaislai","14":"product_cat-mediniai-zaislai","15":"product_cat-pasaulio-pazinimas","16":"product_cat-top-dovanos","17":"product_cat-ugdymo-istaigoms","18":"product_cat-vaidmenu-zaidimai","19":"product_cat-visi-zaislai","20":"product_cat-zaislai","21":"product_tag-1-m-2-m","22":"product_tag-2-m-3-m","23":"product_tag-3-m-4-m","24":"product_shipping_class-pl-warehouse","26":"first","27":"instock","28":"taxable","29":"shipping-taxable","30":"purchasable","31":"product-type-simple"},"yoast_head":"<!-- This site is optimized with the Yoast SEO plugin v23.3 - https:\/\/yoast.com\/wordpress\/plugins\/seo\/ -->\n<title>Medin\u0117 virtuv\u0117 su \u0161aldytuvu ir priedais - Montessori \u017eaislai<\/title>\n<meta name=\"robots\" content=\"noindex, follow, max-snippet:-1, max-image-preview:large, max-video-preview:-1\" \/>\n<meta property=\"og:locale\" content=\"en_US\" \/>\n<meta property=\"og:type\" content=\"article\" \/>\n<meta property=\"og:title\" content=\"Medin\u0117 virtuv\u0117 su \u0161aldytuvu ir priedais - Montessori \u017eaislai\" \/>\n<meta property=\"og:description\" content=\"MEDIN\u0116 VAIKI\u0160KA VIRTUV\u0116L\u0116 SU \u0160ALDYTUVU LAVINAMIEJI \u017dAISLAI &#8211; DAUGIAU NEI TIK \u017dAISLAI Vaikai nuo ma\u017eens \u017evelgia \u012f savo t\u0117vus ir nori juos m\u0117gd\u017eioti &#8211; tai net b\u016bdinga j\u0173 prigim\u010diai. Tod\u0117l nenuostabu, kad visi mokomieji \u017eaislai, leid\u017eiantys jiems maloniau atlikti nam\u0173 ruo\u0161os darbus, yra tokie populiar\u016bs. Tokie gaminiai leid\u017eia ma\u017eyliams k\u016brybi\u0161kai leisti laik\u0105 ir prisiimti suaugusi\u0173j\u0173, [&hellip;]\" \/>\n<meta property=\"og:url\" content=\"https:\/\/dev.monti.lt\/en\/product\/medine-virtuve-su-saldytuvu-ir-priedais\/\" \/>\n<meta property=\"og:site_name\" content=\"Montessori \u017eaislai\" \/>\n<meta property=\"article:modified_time\" content=\"2024-10-09T18:00:41+00:00\" \/>\n<meta property=\"og:image\" content=\"https:\/\/dev.monti.lt\/wp-content\/uploads\/2024\/04\/Wooden-kitchen-for-children-with-refrigerator-139665.jpg\" \/>\n\t<meta property=\"og:image:width\" content=\"1024\" \/>\n\t<meta property=\"og:image:height\" content=\"1024\" \/>\n\t<meta property=\"og:image:type\" content=\"image\/jpeg\" \/>\n<meta name=\"twitter:card\" content=\"summary_large_image\" \/>\n<meta name=\"twitter:label1\" content=\"Est. reading time\" \/>\n\t<meta name=\"twitter:data1\" content=\"3 minutes\" \/>\n<script type=\"application\/ld+json\" class=\"yoast-schema-graph\">{\"@context\":\"https:\/\/schema.org\",\"@graph\":[{\"@type\":\"WebPage\",\"@id\":\"https:\/\/dev.monti.lt\/product\/medine-virtuve-su-saldytuvu-ir-priedais\/\",\"url\":\"https:\/\/dev.monti.lt\/product\/medine-virtuve-su-saldytuvu-ir-priedais\/\",\"name\":\"Medin\u0117 virtuv\u0117 su \u0161aldytuvu ir priedais - Montessori \u017eaislai\",\"isPartOf\":{\"@id\":\"https:\/\/dev.monti.lt\/#website\"},\"primaryImageOfPage\":{\"@id\":\"https:\/\/dev.monti.lt\/product\/medine-virtuve-su-saldytuvu-ir-priedais\/#primaryimage\"},\"image\":{\"@id\":\"https:\/\/dev.monti.lt\/product\/medine-virtuve-su-saldytuvu-ir-priedais\/#primaryimage\"},\"thumbnailUrl\":\"https:\/\/dev.monti.lt\/wp-content\/uploads\/2024\/04\/Wooden-kitchen-for-children-with-refrigerator-139665.jpg\",\"datePublished\":\"2024-04-23T10:29:13+00:00\",\"dateModified\":\"2024-10-09T18:00:41+00:00\",\"breadcrumb\":{\"@id\":\"https:\/\/dev.monti.lt\/product\/medine-virtuve-su-saldytuvu-ir-priedais\/#breadcrumb\"},\"inLanguage\":\"en-US\",\"potentialAction\":[{\"@type\":\"ReadAction\",\"target\":[\"https:\/\/dev.monti.lt\/product\/medine-virtuve-su-saldytuvu-ir-priedais\/\"]}]},{\"@type\":\"ImageObject\",\"inLanguage\":\"en-US\",\"@id\":\"https:\/\/dev.monti.lt\/product\/medine-virtuve-su-saldytuvu-ir-priedais\/#primaryimage\",\"url\":\"https:\/\/dev.monti.lt\/wp-content\/uploads\/2024\/04\/Wooden-kitchen-for-children-with-refrigerator-139665.jpg\",\"contentUrl\":\"https:\/\/dev.monti.lt\/wp-content\/uploads\/2024\/04\/Wooden-kitchen-for-children-with-refrigerator-139665.jpg\",\"width\":1024,\"height\":1024,\"caption\":\"medine virtuve\"},{\"@type\":\"BreadcrumbList\",\"@id\":\"https:\/\/dev.monti.lt\/product\/medine-virtuve-su-saldytuvu-ir-priedais\/#breadcrumb\",\"itemListElement\":[{\"@type\":\"ListItem\",\"position\":1,\"name\":\"Home\",\"item\":\"https:\/\/dev.monti.lt\/\"},{\"@type\":\"ListItem\",\"position\":2,\"name\":\"Parduotuv\u0117\",\"item\":\"https:\/\/dev.monti.lt\/shop\/\"},{\"@type\":\"ListItem\",\"position\":3,\"name\":\"Medin\u0117 virtuv\u0117 su \u0161aldytuvu ir priedais\"}]},{\"@type\":\"WebSite\",\"@id\":\"https:\/\/dev.monti.lt\/#website\",\"url\":\"https:\/\/dev.monti.lt\/\",\"name\":\"Montessori \u017eaislai\",\"description\":\"\",\"publisher\":{\"@id\":\"https:\/\/dev.monti.lt\/#organization\"},\"potentialAction\":[{\"@type\":\"SearchAction\",\"target\":{\"@type\":\"EntryPoint\",\"urlTemplate\":\"https:\/\/dev.monti.lt\/?s={search_term_string}\"},\"query-input\":\"required name=search_term_string\"}],\"inLanguage\":\"en-US\"},{\"@type\":\"Organization\",\"@id\":\"https:\/\/dev.monti.lt\/#organization\",\"name\":\"Montessori \u017eaislai\",\"url\":\"https:\/\/dev.monti.lt\/\",\"logo\":{\"@type\":\"ImageObject\",\"inLanguage\":\"en-US\",\"@id\":\"https:\/\/dev.monti.lt\/#\/schema\/logo\/image\/\",\"url\":\"https:\/\/dev.monti.lt\/wp-content\/uploads\/2022\/03\/montilogo-1.png\",\"contentUrl\":\"https:\/\/dev.monti.lt\/wp-content\/uploads\/2022\/03\/montilogo-1.png\",\"width\":512,\"height\":512,\"caption\":\"Montessori \u017eaislai\"},\"image\":{\"@id\":\"https:\/\/dev.monti.lt\/#\/schema\/logo\/image\/\"}}]}<\/script>\n<!-- \/ Yoast SEO plugin. -->","yoast_head_json":{"title":"Medin\u0117 virtuv\u0117 su \u0161aldytuvu ir priedais - Montessori \u017eaislai","robots":{"index":"noindex","follow":"follow","max-snippet":"max-snippet:-1","max-image-preview":"max-image-preview:large","max-video-preview":"max-video-preview:-1"},"og_locale":"en_US","og_type":"article","og_title":"Medin\u0117 virtuv\u0117 su \u0161aldytuvu ir priedais - Montessori \u017eaislai","og_description":"MEDIN\u0116 VAIKI\u0160KA VIRTUV\u0116L\u0116 SU \u0160ALDYTUVU LAVINAMIEJI \u017dAISLAI &#8211; DAUGIAU NEI TIK \u017dAISLAI Vaikai nuo ma\u017eens \u017evelgia \u012f savo t\u0117vus ir nori juos m\u0117gd\u017eioti &#8211; tai net b\u016bdinga j\u0173 prigim\u010diai. Tod\u0117l nenuostabu, kad visi mokomieji \u017eaislai, leid\u017eiantys jiems maloniau atlikti nam\u0173 ruo\u0161os darbus, yra tokie populiar\u016bs. Tokie gaminiai leid\u017eia ma\u017eyliams k\u016brybi\u0161kai leisti laik\u0105 ir prisiimti suaugusi\u0173j\u0173, [&hellip;]","og_url":"https:\/\/dev.monti.lt\/en\/product\/medine-virtuve-su-saldytuvu-ir-priedais\/","og_site_name":"Montessori \u017eaislai","article_modified_time":"2024-10-09T18:00:41+00:00","og_image":[{"width":1024,"height":1024,"url":"https:\/\/dev.monti.lt\/wp-content\/uploads\/2024\/04\/Wooden-kitchen-for-children-with-refrigerator-139665.jpg","type":"image\/jpeg"}],"twitter_card":"summary_large_image","twitter_misc":{"Est. reading time":"3 minutes"},"schema":{"@context":"https:\/\/schema.org","@graph":[{"@type":"WebPage","@id":"https:\/\/dev.monti.lt\/product\/medine-virtuve-su-saldytuvu-ir-priedais\/","url":"https:\/\/dev.monti.lt\/product\/medine-virtuve-su-saldytuvu-ir-priedais\/","name":"Medin\u0117 virtuv\u0117 su \u0161aldytuvu ir priedais - Montessori \u017eaislai","isPartOf":{"@id":"https:\/\/dev.monti.lt\/#website"},"primaryImageOfPage":{"@id":"https:\/\/dev.monti.lt\/product\/medine-virtuve-su-saldytuvu-ir-priedais\/#primaryimage"},"image":{"@id":"https:\/\/dev.monti.lt\/product\/medine-virtuve-su-saldytuvu-ir-priedais\/#primaryimage"},"thumbnailUrl":"https:\/\/dev.monti.lt\/wp-content\/uploads\/2024\/04\/Wooden-kitchen-for-children-with-refrigerator-139665.jpg","datePublished":"2024-04-23T10:29:13+00:00","dateModified":"2024-10-09T18:00:41+00:00","breadcrumb":{"@id":"https:\/\/dev.monti.lt\/product\/medine-virtuve-su-saldytuvu-ir-priedais\/#breadcrumb"},"inLanguage":"en-US","potentialAction":[{"@type":"ReadAction","target":["https:\/\/dev.monti.lt\/product\/medine-virtuve-su-saldytuvu-ir-priedais\/"]}]},{"@type":"ImageObject","inLanguage":"en-US","@id":"https:\/\/dev.monti.lt\/product\/medine-virtuve-su-saldytuvu-ir-priedais\/#primaryimage","url":"https:\/\/dev.monti.lt\/wp-content\/uploads\/2024\/04\/Wooden-kitchen-for-children-with-refrigerator-139665.jpg","contentUrl":"https:\/\/dev.monti.lt\/wp-content\/uploads\/2024\/04\/Wooden-kitchen-for-children-with-refrigerator-139665.jpg","width":1024,"height":1024,"caption":"medine virtuve"},{"@type":"BreadcrumbList","@id":"https:\/\/dev.monti.lt\/product\/medine-virtuve-su-saldytuvu-ir-priedais\/#breadcrumb","itemListElement":[{"@type":"ListItem","position":1,"name":"Home","item":"https:\/\/dev.monti.lt\/"},{"@type":"ListItem","position":2,"name":"Parduotuv\u0117","item":"https:\/\/dev.monti.lt\/shop\/"},{"@type":"ListItem","position":3,"name":"Medin\u0117 virtuv\u0117 su \u0161aldytuvu ir priedais"}]},{"@type":"WebSite","@id":"https:\/\/dev.monti.lt\/#website","url":"https:\/\/dev.monti.lt\/","name":"Montessori \u017eaislai","description":"","publisher":{"@id":"https:\/\/dev.monti.lt\/#organization"},"potentialAction":[{"@type":"SearchAction","target":{"@type":"EntryPoint","urlTemplate":"https:\/\/dev.monti.lt\/?s={search_term_string}"},"query-input":"required name=search_term_string"}],"inLanguage":"en-US"},{"@type":"Organization","@id":"https:\/\/dev.monti.lt\/#organization","name":"Montessori \u017eaislai","url":"https:\/\/dev.monti.lt\/","logo":{"@type":"ImageObject","inLanguage":"en-US","@id":"https:\/\/dev.monti.lt\/#\/schema\/logo\/image\/","url":"https:\/\/dev.monti.lt\/wp-content\/uploads\/2022\/03\/montilogo-1.png","contentUrl":"https:\/\/dev.monti.lt\/wp-content\/uploads\/2022\/03\/montilogo-1.png","width":512,"height":512,"caption":"Montessori \u017eaislai"},"image":{"@id":"https:\/\/dev.monti.lt\/#\/schema\/logo\/image\/"}}]}},"_links":{"self":[{"href":"https:\/\/dev.monti.lt\/en\/wp-json\/wp\/v2\/product\/23155"}],"collection":[{"href":"https:\/\/dev.monti.lt\/en\/wp-json\/wp\/v2\/product"}],"about":[{"href":"https:\/\/dev.monti.lt\/en\/wp-json\/wp\/v2\/types\/product"}],"version-history":[{"count":1,"href":"https:\/\/dev.monti.lt\/en\/wp-json\/wp\/v2\/product\/23155\/revisions"}],"predecessor-version":[{"id":23164,"href":"https:\/\/dev.monti.lt\/en\/wp-json\/wp\/v2\/product\/23155\/revisions\/23164"}],"wp:featuredmedia":[{"embeddable":true,"href":"https:\/\/dev.monti.lt\/en\/wp-json\/wp\/v2\/media\/23156"}],"wp:attachment":[{"href":"https:\/\/dev.monti.lt\/en\/wp-json\/wp\/v2\/media?parent=23155"}],"wp:term":[{"taxonomy":"product_cat","embeddable":true,"href":"https:\/\/dev.monti.lt\/en\/wp-json\/wp\/v2\/product_cat?post=23155"},{"taxonomy":"product_tag","embeddable":true,"href":"https:\/\/dev.monti.lt\/en\/wp-json\/wp\/v2\/product_tag?post=23155"}],"curies":[{"name":"wp","href":"https:\/\/api.w.org\/{rel}","templated":true}]}}