{"id":22990,"date":"2024-04-02T13:39:53","date_gmt":"2024-04-02T13:39:53","guid":{"rendered":"https:\/\/dev.monti.lt\/?post_type=product&#038;p=22990"},"modified":"2024-09-23T08:13:20","modified_gmt":"2024-09-23T08:13:20","slug":"daukartinio-naudojimo-knyga-su-lipdukais","status":"publish","type":"product","link":"https:\/\/dev.monti.lt\/en\/product\/daukartinio-naudojimo-knyga-su-lipdukais\/","title":{"rendered":"Daukartinio naudojimo knyga su lipdukais"},"content":{"rendered":"<p><strong>Montessori tylioji knyga su daugkartinio naudojimo Velcro elementais yra puikus pratyb\u0173 rinkinys j\u016bs\u0173 ma\u017eajam tyrin\u0117tojui<\/strong>. \u0160i unikali interaktyvi ir k\u016brybi\u0161ka priemon\u0117\u00a0<strong>padeda lavinti motorinius \u012fg\u016bd\u017eius ir login\u012f m\u0105stym\u0105<\/strong>. Su\u00a0<strong>\u012fvairiomis u\u017eduotimis ir spalvingais elementais j\u016bs\u0173 vaikas gal\u0117s mokytis \u017eaisdamas<\/strong>. Tai idealus b\u016bdas nuo ankstyvo am\u017eiaus lavinti pa\u017eintinius \u012fg\u016bd\u017eius.<\/p><h2 class=\"wp-block-heading\"><strong>\u2705 DAUG \u012eDOMI\u0172 U\u017dDUO\u010cI\u0172:<\/strong><\/h2><p>Knygoje yra 10 puslapi\u0173 su \u012fvairiomis u\u017eduotimis:<\/p><ol class=\"wp-block-list\"><li>KAS YRA MANO MAMA? &#8211; u\u017eduotis &#8211; priderinti skirting\u0173 gyv\u016bn\u0173 mam\u0105 prie vaiko<\/li>\n\n<li>KAIP ATRODO VASAROS VIDURYS &#8211; teising\u0105 vaisiaus pj\u016bv\u012f priderinti prie viso vaisiaus<\/li>\n\n<li>ATSKIRTI VAISIUS IR DAR\u017dOVES<\/li>\n\n<li>FAKTAI &#8211; priderinkite 4 picos gabal\u0117lius<\/li>\n\n<li>Saul\u0117s sistema &#8211; priderinkite planetas prie Saul\u0117s sistemos<\/li>\n\n<li>KOKS \u0160IANDIEN ORAS?<\/li>\n\n<li>ATSKIRTI SPALVAS<\/li>\n\n<li>DOVANOS &#8211; pad\u0117kite dovanas po Kal\u0117d\u0173 eglute<\/li>\n\n<li>DINOSAUR\u0172 d\u0117lion\u0117s &#8211; sud\u0117liokite d\u0117lion\u0119<\/li>\n\n<li>Skai\u010di\u0173 mokymas &#8211; sulyginkite skai\u010dius su paveiksl\u0117lyje esan\u010di\u0173 objekt\u0173 skai\u010diumi<\/li><\/ol><h2 class=\"wp-block-heading\"><strong>\u2705 RINKINIO ETIKET\u0116<\/strong><\/h2><ul class=\"wp-block-list\"><li>10 puslapi\u0173 knygel\u0117<\/li>\n\n<li>64 lipnios kartonin\u0117s d\u0117lion\u0117s knygelei u\u017ebaigti<\/li>\n\n<li>72 &#8220;Velcro&#8221; juostel\u0117s knygelei priklijuoti<\/li>\n\n<li>2 ratukai knygelei surinkti (prireikus galima i\u0161traukti vien\u0105 knygel\u0117s puslap\u012f)<\/li><\/ul><h2 class=\"wp-block-heading\"><strong>\u2705DUOMENYS:<\/strong><\/h2><p>21,5 cm x 16 cm<\/p>","protected":false},"excerpt":{"rendered":"<p>Montessori tylioji knyga su daugkartinio naudojimo Velcro elementais yra puikus pratyb\u0173 rinkinys j\u016bs\u0173 ma\u017eajam tyrin\u0117tojui. \u0160i unikali interaktyvi ir k\u016brybi\u0161ka priemon\u0117\u00a0padeda lavinti motorinius \u012fg\u016bd\u017eius ir login\u012f m\u0105stym\u0105. Su\u00a0\u012fvairiomis u\u017eduotimis ir spalvingais elementais j\u016bs\u0173 vaikas gal\u0117s mokytis \u017eaisdamas. Tai idealus b\u016bdas nuo ankstyvo am\u017eiaus lavinti pa\u017eintinius \u012fg\u016bd\u017eius. \u2705 DAUG \u012eDOMI\u0172 U\u017dDUO\u010cI\u0172: Knygoje yra 10 puslapi\u0173 su [&hellip;]<\/p>","protected":false},"featured_media":22991,"template":"","meta":{"iawp_total_views":214},"product_cat":[92,84,91,83,90,86,199,93,49,39,201],"product_tag":[96,97,98],"class_list":{"0":"post-22990","1":"product","2":"type-product","3":"status-publish","4":"has-post-thumbnail","6":"product_cat-deliones","7":"product_cat-lavinamieji-zaislai","8":"product_cat-loginiam-mastymui","9":"product_cat-montessori-zaislai","10":"product_cat-pasaulio-pazinimas","11":"product_cat-smulkioji-motorika","12":"product_cat-ugdymo-istaigoms","13":"product_cat-vaidmenu-zaidimai","14":"product_cat-visi-zaislai","15":"product_cat-zaislai","16":"product_cat-zaislai-kelioneje","17":"product_tag-2-m-3-m","18":"product_tag-3-m-4-m","19":"product_tag-5-m-7-m","21":"first","22":"instock","23":"taxable","24":"shipping-taxable","25":"purchasable","26":"product-type-simple"},"yoast_head":"<!-- This site is optimized with the Yoast SEO plugin v23.3 - https:\/\/yoast.com\/wordpress\/plugins\/seo\/ -->\n<title>Daukartinio naudojimo knyga su lipdukais - Montessori \u017eaislai<\/title>\n<meta name=\"robots\" content=\"noindex, follow, max-snippet:-1, max-image-preview:large, max-video-preview:-1\" \/>\n<meta property=\"og:locale\" content=\"en_US\" \/>\n<meta property=\"og:type\" content=\"article\" \/>\n<meta property=\"og:title\" content=\"Daukartinio naudojimo knyga su lipdukais - Montessori \u017eaislai\" \/>\n<meta property=\"og:description\" content=\"Montessori tylioji knyga su daugkartinio naudojimo Velcro elementais yra puikus pratyb\u0173 rinkinys j\u016bs\u0173 ma\u017eajam tyrin\u0117tojui. \u0160i unikali interaktyvi ir k\u016brybi\u0161ka priemon\u0117\u00a0padeda lavinti motorinius \u012fg\u016bd\u017eius ir login\u012f m\u0105stym\u0105. Su\u00a0\u012fvairiomis u\u017eduotimis ir spalvingais elementais j\u016bs\u0173 vaikas gal\u0117s mokytis \u017eaisdamas. Tai idealus b\u016bdas nuo ankstyvo am\u017eiaus lavinti pa\u017eintinius \u012fg\u016bd\u017eius. \u2705 DAUG \u012eDOMI\u0172 U\u017dDUO\u010cI\u0172: Knygoje yra 10 puslapi\u0173 su [&hellip;]\" \/>\n<meta property=\"og:url\" content=\"https:\/\/dev.monti.lt\/en\/product\/daukartinio-naudojimo-knyga-su-lipdukais\/\" \/>\n<meta property=\"og:site_name\" content=\"Montessori \u017eaislai\" \/>\n<meta property=\"article:modified_time\" content=\"2024-09-23T08:13:20+00:00\" \/>\n<meta property=\"og:image\" content=\"https:\/\/dev.monti.lt\/wp-content\/uploads\/2024\/04\/cicha-ksiazka-montessor-quiet-book-rzepy-wielokrotnego-uzytku-do-cwiczen.webp\" \/>\n\t<meta property=\"og:image:width\" content=\"800\" \/>\n\t<meta property=\"og:image:height\" content=\"800\" \/>\n\t<meta property=\"og:image:type\" content=\"image\/webp\" \/>\n<meta name=\"twitter:card\" content=\"summary_large_image\" \/>\n<meta name=\"twitter:label1\" content=\"Est. reading time\" \/>\n\t<meta name=\"twitter:data1\" content=\"2 minutes\" \/>\n<script type=\"application\/ld+json\" class=\"yoast-schema-graph\">{\"@context\":\"https:\/\/schema.org\",\"@graph\":[{\"@type\":\"WebPage\",\"@id\":\"https:\/\/dev.monti.lt\/product\/daukartinio-naudojimo-knyga-su-lipdukais\/\",\"url\":\"https:\/\/dev.monti.lt\/product\/daukartinio-naudojimo-knyga-su-lipdukais\/\",\"name\":\"Daukartinio naudojimo knyga su lipdukais - Montessori \u017eaislai\",\"isPartOf\":{\"@id\":\"https:\/\/dev.monti.lt\/#website\"},\"primaryImageOfPage\":{\"@id\":\"https:\/\/dev.monti.lt\/product\/daukartinio-naudojimo-knyga-su-lipdukais\/#primaryimage\"},\"image\":{\"@id\":\"https:\/\/dev.monti.lt\/product\/daukartinio-naudojimo-knyga-su-lipdukais\/#primaryimage\"},\"thumbnailUrl\":\"https:\/\/dev.monti.lt\/wp-content\/uploads\/2024\/04\/cicha-ksiazka-montessor-quiet-book-rzepy-wielokrotnego-uzytku-do-cwiczen.webp\",\"datePublished\":\"2024-04-02T13:39:53+00:00\",\"dateModified\":\"2024-09-23T08:13:20+00:00\",\"breadcrumb\":{\"@id\":\"https:\/\/dev.monti.lt\/product\/daukartinio-naudojimo-knyga-su-lipdukais\/#breadcrumb\"},\"inLanguage\":\"en-US\",\"potentialAction\":[{\"@type\":\"ReadAction\",\"target\":[\"https:\/\/dev.monti.lt\/product\/daukartinio-naudojimo-knyga-su-lipdukais\/\"]}]},{\"@type\":\"ImageObject\",\"inLanguage\":\"en-US\",\"@id\":\"https:\/\/dev.monti.lt\/product\/daukartinio-naudojimo-knyga-su-lipdukais\/#primaryimage\",\"url\":\"https:\/\/dev.monti.lt\/wp-content\/uploads\/2024\/04\/cicha-ksiazka-montessor-quiet-book-rzepy-wielokrotnego-uzytku-do-cwiczen.webp\",\"contentUrl\":\"https:\/\/dev.monti.lt\/wp-content\/uploads\/2024\/04\/cicha-ksiazka-montessor-quiet-book-rzepy-wielokrotnego-uzytku-do-cwiczen.webp\",\"width\":800,\"height\":800},{\"@type\":\"BreadcrumbList\",\"@id\":\"https:\/\/dev.monti.lt\/product\/daukartinio-naudojimo-knyga-su-lipdukais\/#breadcrumb\",\"itemListElement\":[{\"@type\":\"ListItem\",\"position\":1,\"name\":\"Home\",\"item\":\"https:\/\/dev.monti.lt\/\"},{\"@type\":\"ListItem\",\"position\":2,\"name\":\"Parduotuv\u0117\",\"item\":\"https:\/\/dev.monti.lt\/shop\/\"},{\"@type\":\"ListItem\",\"position\":3,\"name\":\"Daukartinio naudojimo knyga su lipdukais\"}]},{\"@type\":\"WebSite\",\"@id\":\"https:\/\/dev.monti.lt\/#website\",\"url\":\"https:\/\/dev.monti.lt\/\",\"name\":\"Montessori \u017eaislai\",\"description\":\"\",\"publisher\":{\"@id\":\"https:\/\/dev.monti.lt\/#organization\"},\"potentialAction\":[{\"@type\":\"SearchAction\",\"target\":{\"@type\":\"EntryPoint\",\"urlTemplate\":\"https:\/\/dev.monti.lt\/?s={search_term_string}\"},\"query-input\":\"required name=search_term_string\"}],\"inLanguage\":\"en-US\"},{\"@type\":\"Organization\",\"@id\":\"https:\/\/dev.monti.lt\/#organization\",\"name\":\"Montessori \u017eaislai\",\"url\":\"https:\/\/dev.monti.lt\/\",\"logo\":{\"@type\":\"ImageObject\",\"inLanguage\":\"en-US\",\"@id\":\"https:\/\/dev.monti.lt\/#\/schema\/logo\/image\/\",\"url\":\"https:\/\/dev.monti.lt\/wp-content\/uploads\/2022\/03\/montilogo-1.png\",\"contentUrl\":\"https:\/\/dev.monti.lt\/wp-content\/uploads\/2022\/03\/montilogo-1.png\",\"width\":512,\"height\":512,\"caption\":\"Montessori \u017eaislai\"},\"image\":{\"@id\":\"https:\/\/dev.monti.lt\/#\/schema\/logo\/image\/\"}}]}<\/script>\n<!-- \/ Yoast SEO plugin. -->","yoast_head_json":{"title":"Daukartinio naudojimo knyga su lipdukais - Montessori \u017eaislai","robots":{"index":"noindex","follow":"follow","max-snippet":"max-snippet:-1","max-image-preview":"max-image-preview:large","max-video-preview":"max-video-preview:-1"},"og_locale":"en_US","og_type":"article","og_title":"Daukartinio naudojimo knyga su lipdukais - Montessori \u017eaislai","og_description":"Montessori tylioji knyga su daugkartinio naudojimo Velcro elementais yra puikus pratyb\u0173 rinkinys j\u016bs\u0173 ma\u017eajam tyrin\u0117tojui. \u0160i unikali interaktyvi ir k\u016brybi\u0161ka priemon\u0117\u00a0padeda lavinti motorinius \u012fg\u016bd\u017eius ir login\u012f m\u0105stym\u0105. Su\u00a0\u012fvairiomis u\u017eduotimis ir spalvingais elementais j\u016bs\u0173 vaikas gal\u0117s mokytis \u017eaisdamas. Tai idealus b\u016bdas nuo ankstyvo am\u017eiaus lavinti pa\u017eintinius \u012fg\u016bd\u017eius. \u2705 DAUG \u012eDOMI\u0172 U\u017dDUO\u010cI\u0172: Knygoje yra 10 puslapi\u0173 su [&hellip;]","og_url":"https:\/\/dev.monti.lt\/en\/product\/daukartinio-naudojimo-knyga-su-lipdukais\/","og_site_name":"Montessori \u017eaislai","article_modified_time":"2024-09-23T08:13:20+00:00","og_image":[{"width":800,"height":800,"url":"https:\/\/dev.monti.lt\/wp-content\/uploads\/2024\/04\/cicha-ksiazka-montessor-quiet-book-rzepy-wielokrotnego-uzytku-do-cwiczen.webp","type":"image\/webp"}],"twitter_card":"summary_large_image","twitter_misc":{"Est. reading time":"2 minutes"},"schema":{"@context":"https:\/\/schema.org","@graph":[{"@type":"WebPage","@id":"https:\/\/dev.monti.lt\/product\/daukartinio-naudojimo-knyga-su-lipdukais\/","url":"https:\/\/dev.monti.lt\/product\/daukartinio-naudojimo-knyga-su-lipdukais\/","name":"Daukartinio naudojimo knyga su lipdukais - Montessori \u017eaislai","isPartOf":{"@id":"https:\/\/dev.monti.lt\/#website"},"primaryImageOfPage":{"@id":"https:\/\/dev.monti.lt\/product\/daukartinio-naudojimo-knyga-su-lipdukais\/#primaryimage"},"image":{"@id":"https:\/\/dev.monti.lt\/product\/daukartinio-naudojimo-knyga-su-lipdukais\/#primaryimage"},"thumbnailUrl":"https:\/\/dev.monti.lt\/wp-content\/uploads\/2024\/04\/cicha-ksiazka-montessor-quiet-book-rzepy-wielokrotnego-uzytku-do-cwiczen.webp","datePublished":"2024-04-02T13:39:53+00:00","dateModified":"2024-09-23T08:13:20+00:00","breadcrumb":{"@id":"https:\/\/dev.monti.lt\/product\/daukartinio-naudojimo-knyga-su-lipdukais\/#breadcrumb"},"inLanguage":"en-US","potentialAction":[{"@type":"ReadAction","target":["https:\/\/dev.monti.lt\/product\/daukartinio-naudojimo-knyga-su-lipdukais\/"]}]},{"@type":"ImageObject","inLanguage":"en-US","@id":"https:\/\/dev.monti.lt\/product\/daukartinio-naudojimo-knyga-su-lipdukais\/#primaryimage","url":"https:\/\/dev.monti.lt\/wp-content\/uploads\/2024\/04\/cicha-ksiazka-montessor-quiet-book-rzepy-wielokrotnego-uzytku-do-cwiczen.webp","contentUrl":"https:\/\/dev.monti.lt\/wp-content\/uploads\/2024\/04\/cicha-ksiazka-montessor-quiet-book-rzepy-wielokrotnego-uzytku-do-cwiczen.webp","width":800,"height":800},{"@type":"BreadcrumbList","@id":"https:\/\/dev.monti.lt\/product\/daukartinio-naudojimo-knyga-su-lipdukais\/#breadcrumb","itemListElement":[{"@type":"ListItem","position":1,"name":"Home","item":"https:\/\/dev.monti.lt\/"},{"@type":"ListItem","position":2,"name":"Parduotuv\u0117","item":"https:\/\/dev.monti.lt\/shop\/"},{"@type":"ListItem","position":3,"name":"Daukartinio naudojimo knyga su lipdukais"}]},{"@type":"WebSite","@id":"https:\/\/dev.monti.lt\/#website","url":"https:\/\/dev.monti.lt\/","name":"Montessori \u017eaislai","description":"","publisher":{"@id":"https:\/\/dev.monti.lt\/#organization"},"potentialAction":[{"@type":"SearchAction","target":{"@type":"EntryPoint","urlTemplate":"https:\/\/dev.monti.lt\/?s={search_term_string}"},"query-input":"required name=search_term_string"}],"inLanguage":"en-US"},{"@type":"Organization","@id":"https:\/\/dev.monti.lt\/#organization","name":"Montessori \u017eaislai","url":"https:\/\/dev.monti.lt\/","logo":{"@type":"ImageObject","inLanguage":"en-US","@id":"https:\/\/dev.monti.lt\/#\/schema\/logo\/image\/","url":"https:\/\/dev.monti.lt\/wp-content\/uploads\/2022\/03\/montilogo-1.png","contentUrl":"https:\/\/dev.monti.lt\/wp-content\/uploads\/2022\/03\/montilogo-1.png","width":512,"height":512,"caption":"Montessori \u017eaislai"},"image":{"@id":"https:\/\/dev.monti.lt\/#\/schema\/logo\/image\/"}}]}},"_links":{"self":[{"href":"https:\/\/dev.monti.lt\/en\/wp-json\/wp\/v2\/product\/22990"}],"collection":[{"href":"https:\/\/dev.monti.lt\/en\/wp-json\/wp\/v2\/product"}],"about":[{"href":"https:\/\/dev.monti.lt\/en\/wp-json\/wp\/v2\/types\/product"}],"version-history":[{"count":1,"href":"https:\/\/dev.monti.lt\/en\/wp-json\/wp\/v2\/product\/22990\/revisions"}],"predecessor-version":[{"id":22997,"href":"https:\/\/dev.monti.lt\/en\/wp-json\/wp\/v2\/product\/22990\/revisions\/22997"}],"wp:featuredmedia":[{"embeddable":true,"href":"https:\/\/dev.monti.lt\/en\/wp-json\/wp\/v2\/media\/22991"}],"wp:attachment":[{"href":"https:\/\/dev.monti.lt\/en\/wp-json\/wp\/v2\/media?parent=22990"}],"wp:term":[{"taxonomy":"product_cat","embeddable":true,"href":"https:\/\/dev.monti.lt\/en\/wp-json\/wp\/v2\/product_cat?post=22990"},{"taxonomy":"product_tag","embeddable":true,"href":"https:\/\/dev.monti.lt\/en\/wp-json\/wp\/v2\/product_tag?post=22990"}],"curies":[{"name":"wp","href":"https:\/\/api.w.org\/{rel}","templated":true}]}}