{"id":22909,"date":"2024-03-26T06:42:36","date_gmt":"2024-03-26T06:42:36","guid":{"rendered":"https:\/\/dev.monti.lt\/?post_type=product&#038;p=22909"},"modified":"2024-10-08T17:37:44","modified_gmt":"2024-10-08T17:37:44","slug":"classic-world-medine-gitara","status":"publish","type":"product","link":"https:\/\/dev.monti.lt\/en\/product\/classic-world-medine-gitara\/","title":{"rendered":"CLASSIC WORLD medin\u0117 gitara"},"content":{"rendered":"","protected":false},"excerpt":{"rendered":"<p>Charakteristika:<\/p>\n<p>&#8211; M\u0117lyna medin\u0117 ukulel\u0117 i\u0161 \u017einomo Classic World prek\u0117s \u017eenklo jauniesiems muzikantams.<br \/>\n\u2013 Instrumentas leid\u017eia \u012fvaldyti pirmuosius akordus.<br \/>\n&#8211; Skleid\u017eia prislopint\u0105 ir ne per stipr\u0173 gars\u0105, saug\u0173 vaiko klausai.<br \/>\n&#8211; Tai pad\u0117s ugdyti j\u016bs\u0173 vaiko muzikin\u012f talent\u0105.<br \/>\n\u2013 Viskas pagaminta i\u0161 patvarios med\u017eiagos.<br \/>\n&#8211; Da\u017eyta netoksi\u0161kais da\u017eais.<\/p>","protected":false},"featured_media":22910,"template":"","meta":{"iawp_total_views":28},"product_cat":[195,216,217,197,196,191,85,49],"product_tag":[97,98],"class_list":{"0":"post-22909","1":"product","2":"type-product","3":"status-publish","4":"has-post-thumbnail","6":"product_cat-dovanos-vaikams-3-4-metu","7":"product_cat-dovanos-4-5-metu-vaikams","8":"product_cat-dovanos-5-7-metu-vaikams","9":"product_cat-dovanos-berniukams","10":"product_cat-dovanos-mergaitems","11":"product_cat-dovanos-vaikams","12":"product_cat-muzikiniai-zaislai","13":"product_cat-visi-zaislai","14":"product_tag-3-m-4-m","15":"product_tag-5-m-7-m","17":"first","18":"instock","19":"sale","20":"taxable","21":"shipping-taxable","22":"purchasable","23":"product-type-simple"},"yoast_head":"<!-- This site is optimized with the Yoast SEO plugin v23.3 - https:\/\/yoast.com\/wordpress\/plugins\/seo\/ -->\n<title>CLASSIC WORLD medin\u0117 gitara - Montessori \u017eaislai<\/title>\n<meta name=\"robots\" content=\"noindex, follow, max-snippet:-1, max-image-preview:large, max-video-preview:-1\" \/>\n<meta property=\"og:locale\" content=\"en_US\" \/>\n<meta property=\"og:type\" content=\"article\" \/>\n<meta property=\"og:title\" content=\"CLASSIC WORLD medin\u0117 gitara - Montessori \u017eaislai\" \/>\n<meta property=\"og:description\" content=\"Charakteristika:  - M\u0117lyna medin\u0117 ukulel\u0117 i\u0161 \u017einomo Classic World prek\u0117s \u017eenklo jauniesiems muzikantams. \u2013 Instrumentas leid\u017eia \u012fvaldyti pirmuosius akordus. - Skleid\u017eia prislopint\u0105 ir ne per stipr\u0173 gars\u0105, saug\u0173 vaiko klausai. - Tai pad\u0117s ugdyti j\u016bs\u0173 vaiko muzikin\u012f talent\u0105. \u2013 Viskas pagaminta i\u0161 patvarios med\u017eiagos. - Da\u017eyta netoksi\u0161kais da\u017eais.\" \/>\n<meta property=\"og:url\" content=\"https:\/\/dev.monti.lt\/en\/product\/classic-world-medine-gitara\/\" \/>\n<meta property=\"og:site_name\" content=\"Montessori \u017eaislai\" \/>\n<meta property=\"article:modified_time\" content=\"2024-10-08T17:37:44+00:00\" \/>\n<meta property=\"og:image\" content=\"https:\/\/dev.monti.lt\/wp-content\/uploads\/2024\/03\/classic-world-drewniane-ukulele-gitara-dla-dzieci-niebieskie.jpg\" \/>\n\t<meta property=\"og:image:width\" content=\"800\" \/>\n\t<meta property=\"og:image:height\" content=\"800\" \/>\n\t<meta property=\"og:image:type\" content=\"image\/jpeg\" \/>\n<meta name=\"twitter:card\" content=\"summary_large_image\" \/>\n<meta name=\"twitter:label1\" content=\"Est. reading time\" \/>\n\t<meta name=\"twitter:data1\" content=\"1 minute\" \/>\n<script type=\"application\/ld+json\" class=\"yoast-schema-graph\">{\"@context\":\"https:\/\/schema.org\",\"@graph\":[{\"@type\":\"WebPage\",\"@id\":\"https:\/\/dev.monti.lt\/product\/classic-world-medine-gitara\/\",\"url\":\"https:\/\/dev.monti.lt\/product\/classic-world-medine-gitara\/\",\"name\":\"CLASSIC WORLD medin\u0117 gitara - Montessori \u017eaislai\",\"isPartOf\":{\"@id\":\"https:\/\/dev.monti.lt\/#website\"},\"primaryImageOfPage\":{\"@id\":\"https:\/\/dev.monti.lt\/product\/classic-world-medine-gitara\/#primaryimage\"},\"image\":{\"@id\":\"https:\/\/dev.monti.lt\/product\/classic-world-medine-gitara\/#primaryimage\"},\"thumbnailUrl\":\"https:\/\/dev.monti.lt\/wp-content\/uploads\/2024\/03\/classic-world-drewniane-ukulele-gitara-dla-dzieci-niebieskie.jpg\",\"datePublished\":\"2024-03-26T06:42:36+00:00\",\"dateModified\":\"2024-10-08T17:37:44+00:00\",\"breadcrumb\":{\"@id\":\"https:\/\/dev.monti.lt\/product\/classic-world-medine-gitara\/#breadcrumb\"},\"inLanguage\":\"en-US\",\"potentialAction\":[{\"@type\":\"ReadAction\",\"target\":[\"https:\/\/dev.monti.lt\/product\/classic-world-medine-gitara\/\"]}]},{\"@type\":\"ImageObject\",\"inLanguage\":\"en-US\",\"@id\":\"https:\/\/dev.monti.lt\/product\/classic-world-medine-gitara\/#primaryimage\",\"url\":\"https:\/\/dev.monti.lt\/wp-content\/uploads\/2024\/03\/classic-world-drewniane-ukulele-gitara-dla-dzieci-niebieskie.jpg\",\"contentUrl\":\"https:\/\/dev.monti.lt\/wp-content\/uploads\/2024\/03\/classic-world-drewniane-ukulele-gitara-dla-dzieci-niebieskie.jpg\",\"width\":800,\"height\":800,\"caption\":\"vaikiska gitara\"},{\"@type\":\"BreadcrumbList\",\"@id\":\"https:\/\/dev.monti.lt\/product\/classic-world-medine-gitara\/#breadcrumb\",\"itemListElement\":[{\"@type\":\"ListItem\",\"position\":1,\"name\":\"Home\",\"item\":\"https:\/\/dev.monti.lt\/\"},{\"@type\":\"ListItem\",\"position\":2,\"name\":\"Parduotuv\u0117\",\"item\":\"https:\/\/dev.monti.lt\/shop\/\"},{\"@type\":\"ListItem\",\"position\":3,\"name\":\"CLASSIC WORLD medin\u0117 gitara\"}]},{\"@type\":\"WebSite\",\"@id\":\"https:\/\/dev.monti.lt\/#website\",\"url\":\"https:\/\/dev.monti.lt\/\",\"name\":\"Montessori \u017eaislai\",\"description\":\"\",\"publisher\":{\"@id\":\"https:\/\/dev.monti.lt\/#organization\"},\"potentialAction\":[{\"@type\":\"SearchAction\",\"target\":{\"@type\":\"EntryPoint\",\"urlTemplate\":\"https:\/\/dev.monti.lt\/?s={search_term_string}\"},\"query-input\":\"required name=search_term_string\"}],\"inLanguage\":\"en-US\"},{\"@type\":\"Organization\",\"@id\":\"https:\/\/dev.monti.lt\/#organization\",\"name\":\"Montessori \u017eaislai\",\"url\":\"https:\/\/dev.monti.lt\/\",\"logo\":{\"@type\":\"ImageObject\",\"inLanguage\":\"en-US\",\"@id\":\"https:\/\/dev.monti.lt\/#\/schema\/logo\/image\/\",\"url\":\"https:\/\/dev.monti.lt\/wp-content\/uploads\/2022\/03\/montilogo-1.png\",\"contentUrl\":\"https:\/\/dev.monti.lt\/wp-content\/uploads\/2022\/03\/montilogo-1.png\",\"width\":512,\"height\":512,\"caption\":\"Montessori \u017eaislai\"},\"image\":{\"@id\":\"https:\/\/dev.monti.lt\/#\/schema\/logo\/image\/\"}}]}<\/script>\n<!-- \/ Yoast SEO plugin. -->","yoast_head_json":{"title":"CLASSIC WORLD medin\u0117 gitara - Montessori \u017eaislai","robots":{"index":"noindex","follow":"follow","max-snippet":"max-snippet:-1","max-image-preview":"max-image-preview:large","max-video-preview":"max-video-preview:-1"},"og_locale":"en_US","og_type":"article","og_title":"CLASSIC WORLD medin\u0117 gitara - Montessori \u017eaislai","og_description":"Charakteristika:  - M\u0117lyna medin\u0117 ukulel\u0117 i\u0161 \u017einomo Classic World prek\u0117s \u017eenklo jauniesiems muzikantams. \u2013 Instrumentas leid\u017eia \u012fvaldyti pirmuosius akordus. - Skleid\u017eia prislopint\u0105 ir ne per stipr\u0173 gars\u0105, saug\u0173 vaiko klausai. - Tai pad\u0117s ugdyti j\u016bs\u0173 vaiko muzikin\u012f talent\u0105. \u2013 Viskas pagaminta i\u0161 patvarios med\u017eiagos. - Da\u017eyta netoksi\u0161kais da\u017eais.","og_url":"https:\/\/dev.monti.lt\/en\/product\/classic-world-medine-gitara\/","og_site_name":"Montessori \u017eaislai","article_modified_time":"2024-10-08T17:37:44+00:00","og_image":[{"width":800,"height":800,"url":"https:\/\/dev.monti.lt\/wp-content\/uploads\/2024\/03\/classic-world-drewniane-ukulele-gitara-dla-dzieci-niebieskie.jpg","type":"image\/jpeg"}],"twitter_card":"summary_large_image","twitter_misc":{"Est. reading time":"1 minute"},"schema":{"@context":"https:\/\/schema.org","@graph":[{"@type":"WebPage","@id":"https:\/\/dev.monti.lt\/product\/classic-world-medine-gitara\/","url":"https:\/\/dev.monti.lt\/product\/classic-world-medine-gitara\/","name":"CLASSIC WORLD medin\u0117 gitara - Montessori \u017eaislai","isPartOf":{"@id":"https:\/\/dev.monti.lt\/#website"},"primaryImageOfPage":{"@id":"https:\/\/dev.monti.lt\/product\/classic-world-medine-gitara\/#primaryimage"},"image":{"@id":"https:\/\/dev.monti.lt\/product\/classic-world-medine-gitara\/#primaryimage"},"thumbnailUrl":"https:\/\/dev.monti.lt\/wp-content\/uploads\/2024\/03\/classic-world-drewniane-ukulele-gitara-dla-dzieci-niebieskie.jpg","datePublished":"2024-03-26T06:42:36+00:00","dateModified":"2024-10-08T17:37:44+00:00","breadcrumb":{"@id":"https:\/\/dev.monti.lt\/product\/classic-world-medine-gitara\/#breadcrumb"},"inLanguage":"en-US","potentialAction":[{"@type":"ReadAction","target":["https:\/\/dev.monti.lt\/product\/classic-world-medine-gitara\/"]}]},{"@type":"ImageObject","inLanguage":"en-US","@id":"https:\/\/dev.monti.lt\/product\/classic-world-medine-gitara\/#primaryimage","url":"https:\/\/dev.monti.lt\/wp-content\/uploads\/2024\/03\/classic-world-drewniane-ukulele-gitara-dla-dzieci-niebieskie.jpg","contentUrl":"https:\/\/dev.monti.lt\/wp-content\/uploads\/2024\/03\/classic-world-drewniane-ukulele-gitara-dla-dzieci-niebieskie.jpg","width":800,"height":800,"caption":"vaikiska gitara"},{"@type":"BreadcrumbList","@id":"https:\/\/dev.monti.lt\/product\/classic-world-medine-gitara\/#breadcrumb","itemListElement":[{"@type":"ListItem","position":1,"name":"Home","item":"https:\/\/dev.monti.lt\/"},{"@type":"ListItem","position":2,"name":"Parduotuv\u0117","item":"https:\/\/dev.monti.lt\/shop\/"},{"@type":"ListItem","position":3,"name":"CLASSIC WORLD medin\u0117 gitara"}]},{"@type":"WebSite","@id":"https:\/\/dev.monti.lt\/#website","url":"https:\/\/dev.monti.lt\/","name":"Montessori \u017eaislai","description":"","publisher":{"@id":"https:\/\/dev.monti.lt\/#organization"},"potentialAction":[{"@type":"SearchAction","target":{"@type":"EntryPoint","urlTemplate":"https:\/\/dev.monti.lt\/?s={search_term_string}"},"query-input":"required name=search_term_string"}],"inLanguage":"en-US"},{"@type":"Organization","@id":"https:\/\/dev.monti.lt\/#organization","name":"Montessori \u017eaislai","url":"https:\/\/dev.monti.lt\/","logo":{"@type":"ImageObject","inLanguage":"en-US","@id":"https:\/\/dev.monti.lt\/#\/schema\/logo\/image\/","url":"https:\/\/dev.monti.lt\/wp-content\/uploads\/2022\/03\/montilogo-1.png","contentUrl":"https:\/\/dev.monti.lt\/wp-content\/uploads\/2022\/03\/montilogo-1.png","width":512,"height":512,"caption":"Montessori \u017eaislai"},"image":{"@id":"https:\/\/dev.monti.lt\/#\/schema\/logo\/image\/"}}]}},"_links":{"self":[{"href":"https:\/\/dev.monti.lt\/en\/wp-json\/wp\/v2\/product\/22909"}],"collection":[{"href":"https:\/\/dev.monti.lt\/en\/wp-json\/wp\/v2\/product"}],"about":[{"href":"https:\/\/dev.monti.lt\/en\/wp-json\/wp\/v2\/types\/product"}],"version-history":[{"count":2,"href":"https:\/\/dev.monti.lt\/en\/wp-json\/wp\/v2\/product\/22909\/revisions"}],"predecessor-version":[{"id":22912,"href":"https:\/\/dev.monti.lt\/en\/wp-json\/wp\/v2\/product\/22909\/revisions\/22912"}],"wp:featuredmedia":[{"embeddable":true,"href":"https:\/\/dev.monti.lt\/en\/wp-json\/wp\/v2\/media\/22910"}],"wp:attachment":[{"href":"https:\/\/dev.monti.lt\/en\/wp-json\/wp\/v2\/media?parent=22909"}],"wp:term":[{"taxonomy":"product_cat","embeddable":true,"href":"https:\/\/dev.monti.lt\/en\/wp-json\/wp\/v2\/product_cat?post=22909"},{"taxonomy":"product_tag","embeddable":true,"href":"https:\/\/dev.monti.lt\/en\/wp-json\/wp\/v2\/product_tag?post=22909"}],"curies":[{"name":"wp","href":"https:\/\/api.w.org\/{rel}","templated":true}]}}