{"id":22901,"date":"2024-03-26T06:16:16","date_gmt":"2024-03-26T06:16:16","guid":{"rendered":"https:\/\/dev.monti.lt\/?post_type=product&#038;p=22901"},"modified":"2024-10-01T19:40:12","modified_gmt":"2024-10-01T19:40:12","slug":"viga-polarb-mediniu-irankiu-rinkinys","status":"publish","type":"product","link":"https:\/\/dev.monti.lt\/en\/product\/viga-polarb-mediniu-irankiu-rinkinys\/","title":{"rendered":"VIGA &#8220;PolarB&#8221; medini\u0173 \u012franki\u0173 rinkinys"},"content":{"rendered":"","protected":false},"excerpt":{"rendered":"<p>Charakteristika:<\/p>\n<p>&#8211; Rinkin\u012f sudaro 6 \u012frankiai, 6 priedai ir 8 kortel\u0117s<br \/>\n&#8211; Rinkinys supakuotas \u012f medin\u0119 d\u0117\u017eut\u0119 &#8211; puikiai tinka dovanai<br \/>\n&#8211; Rinkinys pagamintas tik i\u0161 medienos, da\u017eytos netoksi\u0161kais da\u017eais<br \/>\n&#8211; \u017daislas yra 100% saugus j\u016bs\u0173 vaikui<\/p>\n<p>Komplekte yra:<\/p>\n<p>&#8211; krep\u0161ys su rankena u\u017esegamas u\u017etrauktuku,<br \/>\n&#8211; ver\u017eliaraktis,<br \/>\n&#8211; atsuktuvas,<br \/>\n&#8211; plaktukas,<br \/>\n&#8211; repl\u0117s,<br \/>\n&#8211; var\u017et\u0173 lenta, var\u017etas, ver\u017el\u0117s ir antgalis,<br \/>\n&#8211; 8 dvipus\u0117s kortel\u0117s<\/p>","protected":false},"featured_media":22902,"template":"","meta":{"iawp_total_views":47},"product_cat":[213,195,216,197,191,84,93],"product_tag":[97,98],"class_list":{"0":"post-22901","1":"product","2":"type-product","3":"status-publish","4":"has-post-thumbnail","6":"product_cat-akcija","7":"product_cat-dovanos-vaikams-3-4-metu","8":"product_cat-dovanos-4-5-metu-vaikams","9":"product_cat-dovanos-berniukams","10":"product_cat-dovanos-vaikams","11":"product_cat-lavinamieji-zaislai","12":"product_cat-vaidmenu-zaidimai","13":"product_tag-3-m-4-m","14":"product_tag-5-m-7-m","16":"first","17":"instock","18":"sale","19":"taxable","20":"shipping-taxable","21":"purchasable","22":"product-type-simple"},"yoast_head":"<!-- This site is optimized with the Yoast SEO plugin v23.3 - https:\/\/yoast.com\/wordpress\/plugins\/seo\/ -->\n<title>VIGA &quot;PolarB&quot; medini\u0173 \u012franki\u0173 rinkinys - Montessori \u017eaislai<\/title>\n<meta name=\"robots\" content=\"noindex, follow, max-snippet:-1, max-image-preview:large, max-video-preview:-1\" \/>\n<meta property=\"og:locale\" content=\"en_US\" \/>\n<meta property=\"og:type\" content=\"article\" \/>\n<meta property=\"og:title\" content=\"VIGA &quot;PolarB&quot; medini\u0173 \u012franki\u0173 rinkinys - Montessori \u017eaislai\" \/>\n<meta property=\"og:description\" content=\"Charakteristika:  - Rinkin\u012f sudaro 6 \u012frankiai, 6 priedai ir 8 kortel\u0117s - Rinkinys supakuotas \u012f medin\u0119 d\u0117\u017eut\u0119 - puikiai tinka dovanai - Rinkinys pagamintas tik i\u0161 medienos, da\u017eytos netoksi\u0161kais da\u017eais - \u017daislas yra 100% saugus j\u016bs\u0173 vaikui  Komplekte yra:  - krep\u0161ys su rankena u\u017esegamas u\u017etrauktuku, - ver\u017eliaraktis, - atsuktuvas, - plaktukas, - repl\u0117s, - var\u017et\u0173 lenta, var\u017etas, ver\u017el\u0117s ir antgalis, - 8 dvipus\u0117s kortel\u0117s\" \/>\n<meta property=\"og:url\" content=\"https:\/\/dev.monti.lt\/en\/product\/viga-polarb-mediniu-irankiu-rinkinys\/\" \/>\n<meta property=\"og:site_name\" content=\"Montessori \u017eaislai\" \/>\n<meta property=\"article:modified_time\" content=\"2024-10-01T19:40:12+00:00\" \/>\n<meta property=\"og:image\" content=\"https:\/\/dev.monti.lt\/wp-content\/uploads\/2024\/03\/viga-polarb-torba-z-narzedziami-maly-majsterkowicz.jpg\" \/>\n\t<meta property=\"og:image:width\" content=\"800\" \/>\n\t<meta property=\"og:image:height\" content=\"800\" \/>\n\t<meta property=\"og:image:type\" content=\"image\/jpeg\" \/>\n<meta name=\"twitter:card\" content=\"summary_large_image\" \/>\n<meta name=\"twitter:label1\" content=\"Est. reading time\" \/>\n\t<meta name=\"twitter:data1\" content=\"1 minute\" \/>\n<script type=\"application\/ld+json\" class=\"yoast-schema-graph\">{\"@context\":\"https:\/\/schema.org\",\"@graph\":[{\"@type\":\"WebPage\",\"@id\":\"https:\/\/dev.monti.lt\/product\/viga-polarb-mediniu-irankiu-rinkinys\/\",\"url\":\"https:\/\/dev.monti.lt\/product\/viga-polarb-mediniu-irankiu-rinkinys\/\",\"name\":\"VIGA \\\"PolarB\\\" medini\u0173 \u012franki\u0173 rinkinys - Montessori \u017eaislai\",\"isPartOf\":{\"@id\":\"https:\/\/dev.monti.lt\/#website\"},\"primaryImageOfPage\":{\"@id\":\"https:\/\/dev.monti.lt\/product\/viga-polarb-mediniu-irankiu-rinkinys\/#primaryimage\"},\"image\":{\"@id\":\"https:\/\/dev.monti.lt\/product\/viga-polarb-mediniu-irankiu-rinkinys\/#primaryimage\"},\"thumbnailUrl\":\"https:\/\/dev.monti.lt\/wp-content\/uploads\/2024\/03\/viga-polarb-torba-z-narzedziami-maly-majsterkowicz.jpg\",\"datePublished\":\"2024-03-26T06:16:16+00:00\",\"dateModified\":\"2024-10-01T19:40:12+00:00\",\"breadcrumb\":{\"@id\":\"https:\/\/dev.monti.lt\/product\/viga-polarb-mediniu-irankiu-rinkinys\/#breadcrumb\"},\"inLanguage\":\"en-US\",\"potentialAction\":[{\"@type\":\"ReadAction\",\"target\":[\"https:\/\/dev.monti.lt\/product\/viga-polarb-mediniu-irankiu-rinkinys\/\"]}]},{\"@type\":\"ImageObject\",\"inLanguage\":\"en-US\",\"@id\":\"https:\/\/dev.monti.lt\/product\/viga-polarb-mediniu-irankiu-rinkinys\/#primaryimage\",\"url\":\"https:\/\/dev.monti.lt\/wp-content\/uploads\/2024\/03\/viga-polarb-torba-z-narzedziami-maly-majsterkowicz.jpg\",\"contentUrl\":\"https:\/\/dev.monti.lt\/wp-content\/uploads\/2024\/03\/viga-polarb-torba-z-narzedziami-maly-majsterkowicz.jpg\",\"width\":800,\"height\":800,\"caption\":\"PolarB \u012franki\u0173 rinkinys\"},{\"@type\":\"BreadcrumbList\",\"@id\":\"https:\/\/dev.monti.lt\/product\/viga-polarb-mediniu-irankiu-rinkinys\/#breadcrumb\",\"itemListElement\":[{\"@type\":\"ListItem\",\"position\":1,\"name\":\"Home\",\"item\":\"https:\/\/dev.monti.lt\/\"},{\"@type\":\"ListItem\",\"position\":2,\"name\":\"Parduotuv\u0117\",\"item\":\"https:\/\/dev.monti.lt\/shop\/\"},{\"@type\":\"ListItem\",\"position\":3,\"name\":\"VIGA &#8220;PolarB&#8221; medini\u0173 \u012franki\u0173 rinkinys\"}]},{\"@type\":\"WebSite\",\"@id\":\"https:\/\/dev.monti.lt\/#website\",\"url\":\"https:\/\/dev.monti.lt\/\",\"name\":\"Montessori \u017eaislai\",\"description\":\"\",\"publisher\":{\"@id\":\"https:\/\/dev.monti.lt\/#organization\"},\"potentialAction\":[{\"@type\":\"SearchAction\",\"target\":{\"@type\":\"EntryPoint\",\"urlTemplate\":\"https:\/\/dev.monti.lt\/?s={search_term_string}\"},\"query-input\":\"required name=search_term_string\"}],\"inLanguage\":\"en-US\"},{\"@type\":\"Organization\",\"@id\":\"https:\/\/dev.monti.lt\/#organization\",\"name\":\"Montessori \u017eaislai\",\"url\":\"https:\/\/dev.monti.lt\/\",\"logo\":{\"@type\":\"ImageObject\",\"inLanguage\":\"en-US\",\"@id\":\"https:\/\/dev.monti.lt\/#\/schema\/logo\/image\/\",\"url\":\"https:\/\/dev.monti.lt\/wp-content\/uploads\/2022\/03\/montilogo-1.png\",\"contentUrl\":\"https:\/\/dev.monti.lt\/wp-content\/uploads\/2022\/03\/montilogo-1.png\",\"width\":512,\"height\":512,\"caption\":\"Montessori \u017eaislai\"},\"image\":{\"@id\":\"https:\/\/dev.monti.lt\/#\/schema\/logo\/image\/\"}}]}<\/script>\n<!-- \/ Yoast SEO plugin. -->","yoast_head_json":{"title":"VIGA \"PolarB\" medini\u0173 \u012franki\u0173 rinkinys - Montessori \u017eaislai","robots":{"index":"noindex","follow":"follow","max-snippet":"max-snippet:-1","max-image-preview":"max-image-preview:large","max-video-preview":"max-video-preview:-1"},"og_locale":"en_US","og_type":"article","og_title":"VIGA \"PolarB\" medini\u0173 \u012franki\u0173 rinkinys - Montessori \u017eaislai","og_description":"Charakteristika:  - Rinkin\u012f sudaro 6 \u012frankiai, 6 priedai ir 8 kortel\u0117s - Rinkinys supakuotas \u012f medin\u0119 d\u0117\u017eut\u0119 - puikiai tinka dovanai - Rinkinys pagamintas tik i\u0161 medienos, da\u017eytos netoksi\u0161kais da\u017eais - \u017daislas yra 100% saugus j\u016bs\u0173 vaikui  Komplekte yra:  - krep\u0161ys su rankena u\u017esegamas u\u017etrauktuku, - ver\u017eliaraktis, - atsuktuvas, - plaktukas, - repl\u0117s, - var\u017et\u0173 lenta, var\u017etas, ver\u017el\u0117s ir antgalis, - 8 dvipus\u0117s kortel\u0117s","og_url":"https:\/\/dev.monti.lt\/en\/product\/viga-polarb-mediniu-irankiu-rinkinys\/","og_site_name":"Montessori \u017eaislai","article_modified_time":"2024-10-01T19:40:12+00:00","og_image":[{"width":800,"height":800,"url":"https:\/\/dev.monti.lt\/wp-content\/uploads\/2024\/03\/viga-polarb-torba-z-narzedziami-maly-majsterkowicz.jpg","type":"image\/jpeg"}],"twitter_card":"summary_large_image","twitter_misc":{"Est. reading time":"1 minute"},"schema":{"@context":"https:\/\/schema.org","@graph":[{"@type":"WebPage","@id":"https:\/\/dev.monti.lt\/product\/viga-polarb-mediniu-irankiu-rinkinys\/","url":"https:\/\/dev.monti.lt\/product\/viga-polarb-mediniu-irankiu-rinkinys\/","name":"VIGA \"PolarB\" medini\u0173 \u012franki\u0173 rinkinys - Montessori \u017eaislai","isPartOf":{"@id":"https:\/\/dev.monti.lt\/#website"},"primaryImageOfPage":{"@id":"https:\/\/dev.monti.lt\/product\/viga-polarb-mediniu-irankiu-rinkinys\/#primaryimage"},"image":{"@id":"https:\/\/dev.monti.lt\/product\/viga-polarb-mediniu-irankiu-rinkinys\/#primaryimage"},"thumbnailUrl":"https:\/\/dev.monti.lt\/wp-content\/uploads\/2024\/03\/viga-polarb-torba-z-narzedziami-maly-majsterkowicz.jpg","datePublished":"2024-03-26T06:16:16+00:00","dateModified":"2024-10-01T19:40:12+00:00","breadcrumb":{"@id":"https:\/\/dev.monti.lt\/product\/viga-polarb-mediniu-irankiu-rinkinys\/#breadcrumb"},"inLanguage":"en-US","potentialAction":[{"@type":"ReadAction","target":["https:\/\/dev.monti.lt\/product\/viga-polarb-mediniu-irankiu-rinkinys\/"]}]},{"@type":"ImageObject","inLanguage":"en-US","@id":"https:\/\/dev.monti.lt\/product\/viga-polarb-mediniu-irankiu-rinkinys\/#primaryimage","url":"https:\/\/dev.monti.lt\/wp-content\/uploads\/2024\/03\/viga-polarb-torba-z-narzedziami-maly-majsterkowicz.jpg","contentUrl":"https:\/\/dev.monti.lt\/wp-content\/uploads\/2024\/03\/viga-polarb-torba-z-narzedziami-maly-majsterkowicz.jpg","width":800,"height":800,"caption":"PolarB \u012franki\u0173 rinkinys"},{"@type":"BreadcrumbList","@id":"https:\/\/dev.monti.lt\/product\/viga-polarb-mediniu-irankiu-rinkinys\/#breadcrumb","itemListElement":[{"@type":"ListItem","position":1,"name":"Home","item":"https:\/\/dev.monti.lt\/"},{"@type":"ListItem","position":2,"name":"Parduotuv\u0117","item":"https:\/\/dev.monti.lt\/shop\/"},{"@type":"ListItem","position":3,"name":"VIGA &#8220;PolarB&#8221; medini\u0173 \u012franki\u0173 rinkinys"}]},{"@type":"WebSite","@id":"https:\/\/dev.monti.lt\/#website","url":"https:\/\/dev.monti.lt\/","name":"Montessori \u017eaislai","description":"","publisher":{"@id":"https:\/\/dev.monti.lt\/#organization"},"potentialAction":[{"@type":"SearchAction","target":{"@type":"EntryPoint","urlTemplate":"https:\/\/dev.monti.lt\/?s={search_term_string}"},"query-input":"required name=search_term_string"}],"inLanguage":"en-US"},{"@type":"Organization","@id":"https:\/\/dev.monti.lt\/#organization","name":"Montessori \u017eaislai","url":"https:\/\/dev.monti.lt\/","logo":{"@type":"ImageObject","inLanguage":"en-US","@id":"https:\/\/dev.monti.lt\/#\/schema\/logo\/image\/","url":"https:\/\/dev.monti.lt\/wp-content\/uploads\/2022\/03\/montilogo-1.png","contentUrl":"https:\/\/dev.monti.lt\/wp-content\/uploads\/2022\/03\/montilogo-1.png","width":512,"height":512,"caption":"Montessori \u017eaislai"},"image":{"@id":"https:\/\/dev.monti.lt\/#\/schema\/logo\/image\/"}}]}},"_links":{"self":[{"href":"https:\/\/dev.monti.lt\/en\/wp-json\/wp\/v2\/product\/22901"}],"collection":[{"href":"https:\/\/dev.monti.lt\/en\/wp-json\/wp\/v2\/product"}],"about":[{"href":"https:\/\/dev.monti.lt\/en\/wp-json\/wp\/v2\/types\/product"}],"version-history":[{"count":2,"href":"https:\/\/dev.monti.lt\/en\/wp-json\/wp\/v2\/product\/22901\/revisions"}],"predecessor-version":[{"id":22904,"href":"https:\/\/dev.monti.lt\/en\/wp-json\/wp\/v2\/product\/22901\/revisions\/22904"}],"wp:featuredmedia":[{"embeddable":true,"href":"https:\/\/dev.monti.lt\/en\/wp-json\/wp\/v2\/media\/22902"}],"wp:attachment":[{"href":"https:\/\/dev.monti.lt\/en\/wp-json\/wp\/v2\/media?parent=22901"}],"wp:term":[{"taxonomy":"product_cat","embeddable":true,"href":"https:\/\/dev.monti.lt\/en\/wp-json\/wp\/v2\/product_cat?post=22901"},{"taxonomy":"product_tag","embeddable":true,"href":"https:\/\/dev.monti.lt\/en\/wp-json\/wp\/v2\/product_tag?post=22901"}],"curies":[{"name":"wp","href":"https:\/\/api.w.org\/{rel}","templated":true}]}}