{"id":22895,"date":"2024-03-26T06:08:20","date_gmt":"2024-03-26T06:08:20","guid":{"rendered":"https:\/\/dev.monti.lt\/?post_type=product&#038;p=22895"},"modified":"2024-08-20T10:24:37","modified_gmt":"2024-08-20T10:24:37","slug":"woopie-artfun-kurybinis-rinkinys-kaukems-pasidaryti","status":"publish","type":"product","link":"https:\/\/dev.monti.lt\/en\/product\/woopie-artfun-kurybinis-rinkinys-kaukems-pasidaryti\/","title":{"rendered":"WOOPIE ART&#038;FUN k\u016brybinis rinkinys kauk\u0117ms pasidaryti"},"content":{"rendered":"","protected":false},"excerpt":{"rendered":"<p>Charakteristika:<\/p>\n<p>&#8211; \u017eaislas nuo 3 met\u0173<br \/>\n&#8211; galimyb\u0117 pagaminti 4 kaukes<br \/>\n&#8211; rinkin\u012f sudaro 14 dali\u0173: 4 kauki\u0173 pagrindai, 5 lapai su 75 elementais ir 4 virvel\u0117s<br \/>\n&#8211; elementai pagaminti i\u0161 veltinio<br \/>\n&#8211; lengva pagaminti &#8211; nereikia klij\u0173 ar \u017eirkli\u0173<br \/>\n&#8211; kauk\u0117 lengvai reguliuojama<br \/>\n&#8211; vaikai gali \u017eaisti ir atlikti \u012fvairius vaidmenis<br \/>\n&#8211; skatina k\u016brybi\u0161kum\u0105, vaizduot\u0119 ir lavina rankinius \u012fg\u016bd\u017eius<\/p>","protected":false},"featured_media":22897,"template":"","meta":{"iawp_total_views":10},"product_cat":[87,84,49],"product_tag":[97,98],"class_list":{"0":"post-22895","1":"product","2":"type-product","3":"status-publish","4":"has-post-thumbnail","6":"product_cat-kurybiniai-rinkiniai","7":"product_cat-lavinamieji-zaislai","8":"product_cat-visi-zaislai","9":"product_tag-3-m-4-m","10":"product_tag-5-m-7-m","12":"first","13":"instock","14":"taxable","15":"shipping-taxable","16":"purchasable","17":"product-type-simple"},"yoast_head":"<!-- This site is optimized with the Yoast SEO plugin v23.3 - https:\/\/yoast.com\/wordpress\/plugins\/seo\/ -->\n<title>WOOPIE ART&amp;FUN k\u016brybinis rinkinys kauk\u0117ms pasidaryti - Montessori \u017eaislai<\/title>\n<meta name=\"robots\" content=\"noindex, follow, max-snippet:-1, max-image-preview:large, max-video-preview:-1\" \/>\n<meta property=\"og:locale\" content=\"en_US\" \/>\n<meta property=\"og:type\" content=\"article\" \/>\n<meta property=\"og:title\" content=\"WOOPIE ART&amp;FUN k\u016brybinis rinkinys kauk\u0117ms pasidaryti - Montessori \u017eaislai\" \/>\n<meta property=\"og:description\" content=\"Charakteristika:  - \u017eaislas nuo 3 met\u0173 - galimyb\u0117 pagaminti 4 kaukes - rinkin\u012f sudaro 14 dali\u0173: 4 kauki\u0173 pagrindai, 5 lapai su 75 elementais ir 4 virvel\u0117s - elementai pagaminti i\u0161 veltinio - lengva pagaminti - nereikia klij\u0173 ar \u017eirkli\u0173 - kauk\u0117 lengvai reguliuojama - vaikai gali \u017eaisti ir atlikti \u012fvairius vaidmenis - skatina k\u016brybi\u0161kum\u0105, vaizduot\u0119 ir lavina rankinius \u012fg\u016bd\u017eius\" \/>\n<meta property=\"og:url\" content=\"https:\/\/dev.monti.lt\/en\/product\/woopie-artfun-kurybinis-rinkinys-kaukems-pasidaryti\/\" \/>\n<meta property=\"og:site_name\" content=\"Montessori \u017eaislai\" \/>\n<meta property=\"article:modified_time\" content=\"2024-08-20T10:24:37+00:00\" \/>\n<meta property=\"og:image\" content=\"https:\/\/dev.monti.lt\/wp-content\/uploads\/2024\/03\/woopie-artfun-zestaw-kreatywny-maski-filcowe-zrob-to-sam-4-szt-2.jpg\" \/>\n\t<meta property=\"og:image:width\" content=\"800\" \/>\n\t<meta property=\"og:image:height\" content=\"800\" \/>\n\t<meta property=\"og:image:type\" content=\"image\/jpeg\" \/>\n<meta name=\"twitter:card\" content=\"summary_large_image\" \/>\n<meta name=\"twitter:label1\" content=\"Est. reading time\" \/>\n\t<meta name=\"twitter:data1\" content=\"1 minute\" \/>\n<script type=\"application\/ld+json\" class=\"yoast-schema-graph\">{\"@context\":\"https:\/\/schema.org\",\"@graph\":[{\"@type\":\"WebPage\",\"@id\":\"https:\/\/dev.monti.lt\/product\/woopie-artfun-kurybinis-rinkinys-kaukems-pasidaryti\/\",\"url\":\"https:\/\/dev.monti.lt\/product\/woopie-artfun-kurybinis-rinkinys-kaukems-pasidaryti\/\",\"name\":\"WOOPIE ART&FUN k\u016brybinis rinkinys kauk\u0117ms pasidaryti - Montessori \u017eaislai\",\"isPartOf\":{\"@id\":\"https:\/\/dev.monti.lt\/#website\"},\"primaryImageOfPage\":{\"@id\":\"https:\/\/dev.monti.lt\/product\/woopie-artfun-kurybinis-rinkinys-kaukems-pasidaryti\/#primaryimage\"},\"image\":{\"@id\":\"https:\/\/dev.monti.lt\/product\/woopie-artfun-kurybinis-rinkinys-kaukems-pasidaryti\/#primaryimage\"},\"thumbnailUrl\":\"https:\/\/dev.monti.lt\/wp-content\/uploads\/2024\/03\/woopie-artfun-zestaw-kreatywny-maski-filcowe-zrob-to-sam-4-szt-2.jpg\",\"datePublished\":\"2024-03-26T06:08:20+00:00\",\"dateModified\":\"2024-08-20T10:24:37+00:00\",\"breadcrumb\":{\"@id\":\"https:\/\/dev.monti.lt\/product\/woopie-artfun-kurybinis-rinkinys-kaukems-pasidaryti\/#breadcrumb\"},\"inLanguage\":\"en-US\",\"potentialAction\":[{\"@type\":\"ReadAction\",\"target\":[\"https:\/\/dev.monti.lt\/product\/woopie-artfun-kurybinis-rinkinys-kaukems-pasidaryti\/\"]}]},{\"@type\":\"ImageObject\",\"inLanguage\":\"en-US\",\"@id\":\"https:\/\/dev.monti.lt\/product\/woopie-artfun-kurybinis-rinkinys-kaukems-pasidaryti\/#primaryimage\",\"url\":\"https:\/\/dev.monti.lt\/wp-content\/uploads\/2024\/03\/woopie-artfun-zestaw-kreatywny-maski-filcowe-zrob-to-sam-4-szt-2.jpg\",\"contentUrl\":\"https:\/\/dev.monti.lt\/wp-content\/uploads\/2024\/03\/woopie-artfun-zestaw-kreatywny-maski-filcowe-zrob-to-sam-4-szt-2.jpg\",\"width\":800,\"height\":800,\"caption\":\"kaukiu rinkinys\"},{\"@type\":\"BreadcrumbList\",\"@id\":\"https:\/\/dev.monti.lt\/product\/woopie-artfun-kurybinis-rinkinys-kaukems-pasidaryti\/#breadcrumb\",\"itemListElement\":[{\"@type\":\"ListItem\",\"position\":1,\"name\":\"Home\",\"item\":\"https:\/\/dev.monti.lt\/\"},{\"@type\":\"ListItem\",\"position\":2,\"name\":\"Parduotuv\u0117\",\"item\":\"https:\/\/dev.monti.lt\/shop\/\"},{\"@type\":\"ListItem\",\"position\":3,\"name\":\"WOOPIE ART&#038;FUN k\u016brybinis rinkinys kauk\u0117ms pasidaryti\"}]},{\"@type\":\"WebSite\",\"@id\":\"https:\/\/dev.monti.lt\/#website\",\"url\":\"https:\/\/dev.monti.lt\/\",\"name\":\"Montessori \u017eaislai\",\"description\":\"\",\"publisher\":{\"@id\":\"https:\/\/dev.monti.lt\/#organization\"},\"potentialAction\":[{\"@type\":\"SearchAction\",\"target\":{\"@type\":\"EntryPoint\",\"urlTemplate\":\"https:\/\/dev.monti.lt\/?s={search_term_string}\"},\"query-input\":\"required name=search_term_string\"}],\"inLanguage\":\"en-US\"},{\"@type\":\"Organization\",\"@id\":\"https:\/\/dev.monti.lt\/#organization\",\"name\":\"Montessori \u017eaislai\",\"url\":\"https:\/\/dev.monti.lt\/\",\"logo\":{\"@type\":\"ImageObject\",\"inLanguage\":\"en-US\",\"@id\":\"https:\/\/dev.monti.lt\/#\/schema\/logo\/image\/\",\"url\":\"https:\/\/dev.monti.lt\/wp-content\/uploads\/2022\/03\/montilogo-1.png\",\"contentUrl\":\"https:\/\/dev.monti.lt\/wp-content\/uploads\/2022\/03\/montilogo-1.png\",\"width\":512,\"height\":512,\"caption\":\"Montessori \u017eaislai\"},\"image\":{\"@id\":\"https:\/\/dev.monti.lt\/#\/schema\/logo\/image\/\"}}]}<\/script>\n<!-- \/ Yoast SEO plugin. -->","yoast_head_json":{"title":"WOOPIE ART&FUN k\u016brybinis rinkinys kauk\u0117ms pasidaryti - Montessori \u017eaislai","robots":{"index":"noindex","follow":"follow","max-snippet":"max-snippet:-1","max-image-preview":"max-image-preview:large","max-video-preview":"max-video-preview:-1"},"og_locale":"en_US","og_type":"article","og_title":"WOOPIE ART&FUN k\u016brybinis rinkinys kauk\u0117ms pasidaryti - Montessori \u017eaislai","og_description":"Charakteristika:  - \u017eaislas nuo 3 met\u0173 - galimyb\u0117 pagaminti 4 kaukes - rinkin\u012f sudaro 14 dali\u0173: 4 kauki\u0173 pagrindai, 5 lapai su 75 elementais ir 4 virvel\u0117s - elementai pagaminti i\u0161 veltinio - lengva pagaminti - nereikia klij\u0173 ar \u017eirkli\u0173 - kauk\u0117 lengvai reguliuojama - vaikai gali \u017eaisti ir atlikti \u012fvairius vaidmenis - skatina k\u016brybi\u0161kum\u0105, vaizduot\u0119 ir lavina rankinius \u012fg\u016bd\u017eius","og_url":"https:\/\/dev.monti.lt\/en\/product\/woopie-artfun-kurybinis-rinkinys-kaukems-pasidaryti\/","og_site_name":"Montessori \u017eaislai","article_modified_time":"2024-08-20T10:24:37+00:00","og_image":[{"width":800,"height":800,"url":"https:\/\/dev.monti.lt\/wp-content\/uploads\/2024\/03\/woopie-artfun-zestaw-kreatywny-maski-filcowe-zrob-to-sam-4-szt-2.jpg","type":"image\/jpeg"}],"twitter_card":"summary_large_image","twitter_misc":{"Est. reading time":"1 minute"},"schema":{"@context":"https:\/\/schema.org","@graph":[{"@type":"WebPage","@id":"https:\/\/dev.monti.lt\/product\/woopie-artfun-kurybinis-rinkinys-kaukems-pasidaryti\/","url":"https:\/\/dev.monti.lt\/product\/woopie-artfun-kurybinis-rinkinys-kaukems-pasidaryti\/","name":"WOOPIE ART&FUN k\u016brybinis rinkinys kauk\u0117ms pasidaryti - Montessori \u017eaislai","isPartOf":{"@id":"https:\/\/dev.monti.lt\/#website"},"primaryImageOfPage":{"@id":"https:\/\/dev.monti.lt\/product\/woopie-artfun-kurybinis-rinkinys-kaukems-pasidaryti\/#primaryimage"},"image":{"@id":"https:\/\/dev.monti.lt\/product\/woopie-artfun-kurybinis-rinkinys-kaukems-pasidaryti\/#primaryimage"},"thumbnailUrl":"https:\/\/dev.monti.lt\/wp-content\/uploads\/2024\/03\/woopie-artfun-zestaw-kreatywny-maski-filcowe-zrob-to-sam-4-szt-2.jpg","datePublished":"2024-03-26T06:08:20+00:00","dateModified":"2024-08-20T10:24:37+00:00","breadcrumb":{"@id":"https:\/\/dev.monti.lt\/product\/woopie-artfun-kurybinis-rinkinys-kaukems-pasidaryti\/#breadcrumb"},"inLanguage":"en-US","potentialAction":[{"@type":"ReadAction","target":["https:\/\/dev.monti.lt\/product\/woopie-artfun-kurybinis-rinkinys-kaukems-pasidaryti\/"]}]},{"@type":"ImageObject","inLanguage":"en-US","@id":"https:\/\/dev.monti.lt\/product\/woopie-artfun-kurybinis-rinkinys-kaukems-pasidaryti\/#primaryimage","url":"https:\/\/dev.monti.lt\/wp-content\/uploads\/2024\/03\/woopie-artfun-zestaw-kreatywny-maski-filcowe-zrob-to-sam-4-szt-2.jpg","contentUrl":"https:\/\/dev.monti.lt\/wp-content\/uploads\/2024\/03\/woopie-artfun-zestaw-kreatywny-maski-filcowe-zrob-to-sam-4-szt-2.jpg","width":800,"height":800,"caption":"kaukiu rinkinys"},{"@type":"BreadcrumbList","@id":"https:\/\/dev.monti.lt\/product\/woopie-artfun-kurybinis-rinkinys-kaukems-pasidaryti\/#breadcrumb","itemListElement":[{"@type":"ListItem","position":1,"name":"Home","item":"https:\/\/dev.monti.lt\/"},{"@type":"ListItem","position":2,"name":"Parduotuv\u0117","item":"https:\/\/dev.monti.lt\/shop\/"},{"@type":"ListItem","position":3,"name":"WOOPIE ART&#038;FUN k\u016brybinis rinkinys kauk\u0117ms pasidaryti"}]},{"@type":"WebSite","@id":"https:\/\/dev.monti.lt\/#website","url":"https:\/\/dev.monti.lt\/","name":"Montessori \u017eaislai","description":"","publisher":{"@id":"https:\/\/dev.monti.lt\/#organization"},"potentialAction":[{"@type":"SearchAction","target":{"@type":"EntryPoint","urlTemplate":"https:\/\/dev.monti.lt\/?s={search_term_string}"},"query-input":"required name=search_term_string"}],"inLanguage":"en-US"},{"@type":"Organization","@id":"https:\/\/dev.monti.lt\/#organization","name":"Montessori \u017eaislai","url":"https:\/\/dev.monti.lt\/","logo":{"@type":"ImageObject","inLanguage":"en-US","@id":"https:\/\/dev.monti.lt\/#\/schema\/logo\/image\/","url":"https:\/\/dev.monti.lt\/wp-content\/uploads\/2022\/03\/montilogo-1.png","contentUrl":"https:\/\/dev.monti.lt\/wp-content\/uploads\/2022\/03\/montilogo-1.png","width":512,"height":512,"caption":"Montessori \u017eaislai"},"image":{"@id":"https:\/\/dev.monti.lt\/#\/schema\/logo\/image\/"}}]}},"_links":{"self":[{"href":"https:\/\/dev.monti.lt\/en\/wp-json\/wp\/v2\/product\/22895"}],"collection":[{"href":"https:\/\/dev.monti.lt\/en\/wp-json\/wp\/v2\/product"}],"about":[{"href":"https:\/\/dev.monti.lt\/en\/wp-json\/wp\/v2\/types\/product"}],"version-history":[{"count":2,"href":"https:\/\/dev.monti.lt\/en\/wp-json\/wp\/v2\/product\/22895\/revisions"}],"predecessor-version":[{"id":22900,"href":"https:\/\/dev.monti.lt\/en\/wp-json\/wp\/v2\/product\/22895\/revisions\/22900"}],"wp:featuredmedia":[{"embeddable":true,"href":"https:\/\/dev.monti.lt\/en\/wp-json\/wp\/v2\/media\/22897"}],"wp:attachment":[{"href":"https:\/\/dev.monti.lt\/en\/wp-json\/wp\/v2\/media?parent=22895"}],"wp:term":[{"taxonomy":"product_cat","embeddable":true,"href":"https:\/\/dev.monti.lt\/en\/wp-json\/wp\/v2\/product_cat?post=22895"},{"taxonomy":"product_tag","embeddable":true,"href":"https:\/\/dev.monti.lt\/en\/wp-json\/wp\/v2\/product_tag?post=22895"}],"curies":[{"name":"wp","href":"https:\/\/api.w.org\/{rel}","templated":true}]}}