{"id":22889,"date":"2024-03-26T05:55:04","date_gmt":"2024-03-26T05:55:04","guid":{"rendered":"https:\/\/dev.monti.lt\/?post_type=product&#038;p=22889"},"modified":"2024-09-04T08:33:06","modified_gmt":"2024-09-04T08:33:06","slug":"tooky-toy-rozinis-makiazo-rinkinys","status":"publish","type":"product","link":"https:\/\/dev.monti.lt\/en\/product\/tooky-toy-rozinis-makiazo-rinkinys\/","title":{"rendered":"TOOKY TOY ro\u017einis makia\u017eo rinkinys"},"content":{"rendered":"","protected":false},"excerpt":{"rendered":"<p>TOOKY TOY Pink makia\u017eo rinkinyje yra viskas, ko reikia ma\u017eajai viza\u017eistei gro\u017eio salone. \u017daislas lavina k\u016brybi\u0161kum\u0105 ir judesi\u0173 tikslum\u0105. \u012e komplekt\u0105 \u012feina mediniai \u017eaislai\u00a0 ir u\u017edara kosmetin\u0117 su u\u017etrauktuku.\u00a0 Produktas skirtas ma\u017eoms vaik\u0173 rankyt\u0117ms. Tvirtas ir tikslus apdirbimas be a\u0161tri\u0173 briaun\u0173 u\u017etikrina 100% saugum\u0105 j\u016bs\u0173 vaikui.<\/p>\n<p>Charakteristika:<\/p>\n<p>&#8211; rinkin\u012f sudaro: \u0161ukos, l\u016bp\u0173 da\u017eai, veidrodis su rankena, aki\u0173 \u0161e\u0161\u0117li\u0173 palet\u0117, kvepal\u0173 buteliukas, nag\u0173 lakas, plauk\u0173 juostos,<br \/>\n&#8211; viskas supakuota \u012f rausv\u0105 kosmetikos mai\u0161el\u012f su u\u017etrauktuku,<br \/>\n&#8211; kosmetikos imitacija pagaminta i\u0161 med\u017eio,<br \/>\n&#8211; da\u017eyti netoksi\u0161kais da\u017eais,<br \/>\n&#8211; produktas yra saugus vaikams.<\/p>\n<p>\u017daislas vysto:<\/p>\n<p>&#8211; k\u016brybi\u0161kumas,<br \/>\n&#8211; rankiniai \u012fg\u016bd\u017eiai,<br \/>\n&#8211; vaizduot\u0117s,<br \/>\n&#8211; judesi\u0173 tikslumas.<br \/>\nTooky Toy \u2013 medinius \u017eaislus vaikams gaminanti \u012fmon\u0117, rinkoje esanti nuo 2004 m. Keli\u0173 met\u0173 patirtis pramon\u0117je yra auk\u0161tos kokyb\u0117s gamini\u0173, pagamint\u0173 atsi\u017evelgiant \u012f vaik\u0173 saugum\u0105, garantija. Tooky Toy \u017eaislai turi daugyb\u0119 sertifikat\u0173, patvirtinan\u010di\u0173 \u0161i\u0173 ekologi\u0161k\u0173 gamini\u0173 saugum\u0105. Tooky Toy \u017eaislus m\u0117gsta vaikai ir vertina t\u0117vai visame pasaulyje.<\/p>","protected":false},"featured_media":22890,"template":"","meta":{"iawp_total_views":23},"product_cat":[195,191,102,93,39,214],"product_tag":[97],"class_list":{"0":"post-22889","1":"product","2":"type-product","3":"status-publish","4":"has-post-thumbnail","6":"product_cat-dovanos-vaikams-3-4-metu","7":"product_cat-dovanos-vaikams","8":"product_cat-mediniai-zaislai","9":"product_cat-vaidmenu-zaidimai","10":"product_cat-zaislai","11":"product_cat-zaislai-mergaitems","12":"product_tag-3-m-4-m","14":"first","15":"instock","16":"taxable","17":"shipping-taxable","18":"purchasable","19":"product-type-simple"},"yoast_head":"<!-- This site is optimized with the Yoast SEO plugin v23.3 - https:\/\/yoast.com\/wordpress\/plugins\/seo\/ -->\n<title>TOOKY TOY ro\u017einis makia\u017eo rinkinys - Montessori \u017eaislai<\/title>\n<meta name=\"robots\" content=\"noindex, follow, max-snippet:-1, max-image-preview:large, max-video-preview:-1\" \/>\n<meta property=\"og:locale\" content=\"en_US\" \/>\n<meta property=\"og:type\" content=\"article\" \/>\n<meta property=\"og:title\" content=\"TOOKY TOY ro\u017einis makia\u017eo rinkinys - Montessori \u017eaislai\" \/>\n<meta property=\"og:description\" content=\"TOOKY TOY Pink makia\u017eo rinkinyje yra viskas, ko reikia ma\u017eajai viza\u017eistei gro\u017eio salone. \u017daislas lavina k\u016brybi\u0161kum\u0105 ir judesi\u0173 tikslum\u0105. \u012e komplekt\u0105 \u012feina mediniai \u017eaislai\u00a0 ir u\u017edara kosmetin\u0117 su u\u017etrauktuku.\u00a0 Produktas skirtas ma\u017eoms vaik\u0173 rankyt\u0117ms. Tvirtas ir tikslus apdirbimas be a\u0161tri\u0173 briaun\u0173 u\u017etikrina 100% saugum\u0105 j\u016bs\u0173 vaikui.  Charakteristika:  - rinkin\u012f sudaro: \u0161ukos, l\u016bp\u0173 da\u017eai, veidrodis su rankena, aki\u0173 \u0161e\u0161\u0117li\u0173 palet\u0117, kvepal\u0173 buteliukas, nag\u0173 lakas, plauk\u0173 juostos, - viskas supakuota \u012f rausv\u0105 kosmetikos mai\u0161el\u012f su u\u017etrauktuku, - kosmetikos imitacija pagaminta i\u0161 med\u017eio, - da\u017eyti netoksi\u0161kais da\u017eais, - produktas yra saugus vaikams.  \u017daislas vysto:  - k\u016brybi\u0161kumas, - rankiniai \u012fg\u016bd\u017eiai, - vaizduot\u0117s, - judesi\u0173 tikslumas. Tooky Toy \u2013 medinius \u017eaislus vaikams gaminanti \u012fmon\u0117, rinkoje esanti nuo 2004 m. Keli\u0173 met\u0173 patirtis pramon\u0117je yra auk\u0161tos kokyb\u0117s gamini\u0173, pagamint\u0173 atsi\u017evelgiant \u012f vaik\u0173 saugum\u0105, garantija. Tooky Toy \u017eaislai turi daugyb\u0119 sertifikat\u0173, patvirtinan\u010di\u0173 \u0161i\u0173 ekologi\u0161k\u0173 gamini\u0173 saugum\u0105. Tooky Toy \u017eaislus m\u0117gsta vaikai ir vertina t\u0117vai visame pasaulyje.\" \/>\n<meta property=\"og:url\" content=\"https:\/\/dev.monti.lt\/en\/product\/tooky-toy-rozinis-makiazo-rinkinys\/\" \/>\n<meta property=\"og:site_name\" content=\"Montessori \u017eaislai\" \/>\n<meta property=\"article:modified_time\" content=\"2024-09-04T08:33:06+00:00\" \/>\n<meta property=\"og:image\" content=\"https:\/\/dev.monti.lt\/wp-content\/uploads\/2024\/03\/tooky-toy-rozowy-zestaw-do-makijazu-1.jpg\" \/>\n\t<meta property=\"og:image:width\" content=\"800\" \/>\n\t<meta property=\"og:image:height\" content=\"800\" \/>\n\t<meta property=\"og:image:type\" content=\"image\/jpeg\" \/>\n<meta name=\"twitter:card\" content=\"summary_large_image\" \/>\n<meta name=\"twitter:label1\" content=\"Est. reading time\" \/>\n\t<meta name=\"twitter:data1\" content=\"1 minute\" \/>\n<script type=\"application\/ld+json\" class=\"yoast-schema-graph\">{\"@context\":\"https:\/\/schema.org\",\"@graph\":[{\"@type\":\"WebPage\",\"@id\":\"https:\/\/dev.monti.lt\/product\/tooky-toy-rozinis-makiazo-rinkinys\/\",\"url\":\"https:\/\/dev.monti.lt\/product\/tooky-toy-rozinis-makiazo-rinkinys\/\",\"name\":\"TOOKY TOY ro\u017einis makia\u017eo rinkinys - Montessori \u017eaislai\",\"isPartOf\":{\"@id\":\"https:\/\/dev.monti.lt\/#website\"},\"primaryImageOfPage\":{\"@id\":\"https:\/\/dev.monti.lt\/product\/tooky-toy-rozinis-makiazo-rinkinys\/#primaryimage\"},\"image\":{\"@id\":\"https:\/\/dev.monti.lt\/product\/tooky-toy-rozinis-makiazo-rinkinys\/#primaryimage\"},\"thumbnailUrl\":\"https:\/\/dev.monti.lt\/wp-content\/uploads\/2024\/03\/tooky-toy-rozowy-zestaw-do-makijazu-1.jpg\",\"datePublished\":\"2024-03-26T05:55:04+00:00\",\"dateModified\":\"2024-09-04T08:33:06+00:00\",\"breadcrumb\":{\"@id\":\"https:\/\/dev.monti.lt\/product\/tooky-toy-rozinis-makiazo-rinkinys\/#breadcrumb\"},\"inLanguage\":\"en-US\",\"potentialAction\":[{\"@type\":\"ReadAction\",\"target\":[\"https:\/\/dev.monti.lt\/product\/tooky-toy-rozinis-makiazo-rinkinys\/\"]}]},{\"@type\":\"ImageObject\",\"inLanguage\":\"en-US\",\"@id\":\"https:\/\/dev.monti.lt\/product\/tooky-toy-rozinis-makiazo-rinkinys\/#primaryimage\",\"url\":\"https:\/\/dev.monti.lt\/wp-content\/uploads\/2024\/03\/tooky-toy-rozowy-zestaw-do-makijazu-1.jpg\",\"contentUrl\":\"https:\/\/dev.monti.lt\/wp-content\/uploads\/2024\/03\/tooky-toy-rozowy-zestaw-do-makijazu-1.jpg\",\"width\":800,\"height\":800,\"caption\":\"makiazo rinkinys\"},{\"@type\":\"BreadcrumbList\",\"@id\":\"https:\/\/dev.monti.lt\/product\/tooky-toy-rozinis-makiazo-rinkinys\/#breadcrumb\",\"itemListElement\":[{\"@type\":\"ListItem\",\"position\":1,\"name\":\"Home\",\"item\":\"https:\/\/dev.monti.lt\/\"},{\"@type\":\"ListItem\",\"position\":2,\"name\":\"Parduotuv\u0117\",\"item\":\"https:\/\/dev.monti.lt\/shop\/\"},{\"@type\":\"ListItem\",\"position\":3,\"name\":\"TOOKY TOY ro\u017einis makia\u017eo rinkinys\"}]},{\"@type\":\"WebSite\",\"@id\":\"https:\/\/dev.monti.lt\/#website\",\"url\":\"https:\/\/dev.monti.lt\/\",\"name\":\"Montessori \u017eaislai\",\"description\":\"\",\"publisher\":{\"@id\":\"https:\/\/dev.monti.lt\/#organization\"},\"potentialAction\":[{\"@type\":\"SearchAction\",\"target\":{\"@type\":\"EntryPoint\",\"urlTemplate\":\"https:\/\/dev.monti.lt\/?s={search_term_string}\"},\"query-input\":\"required name=search_term_string\"}],\"inLanguage\":\"en-US\"},{\"@type\":\"Organization\",\"@id\":\"https:\/\/dev.monti.lt\/#organization\",\"name\":\"Montessori \u017eaislai\",\"url\":\"https:\/\/dev.monti.lt\/\",\"logo\":{\"@type\":\"ImageObject\",\"inLanguage\":\"en-US\",\"@id\":\"https:\/\/dev.monti.lt\/#\/schema\/logo\/image\/\",\"url\":\"https:\/\/dev.monti.lt\/wp-content\/uploads\/2022\/03\/montilogo-1.png\",\"contentUrl\":\"https:\/\/dev.monti.lt\/wp-content\/uploads\/2022\/03\/montilogo-1.png\",\"width\":512,\"height\":512,\"caption\":\"Montessori \u017eaislai\"},\"image\":{\"@id\":\"https:\/\/dev.monti.lt\/#\/schema\/logo\/image\/\"}}]}<\/script>\n<!-- \/ Yoast SEO plugin. -->","yoast_head_json":{"title":"TOOKY TOY ro\u017einis makia\u017eo rinkinys - Montessori \u017eaislai","robots":{"index":"noindex","follow":"follow","max-snippet":"max-snippet:-1","max-image-preview":"max-image-preview:large","max-video-preview":"max-video-preview:-1"},"og_locale":"en_US","og_type":"article","og_title":"TOOKY TOY ro\u017einis makia\u017eo rinkinys - Montessori \u017eaislai","og_description":"TOOKY TOY Pink makia\u017eo rinkinyje yra viskas, ko reikia ma\u017eajai viza\u017eistei gro\u017eio salone. \u017daislas lavina k\u016brybi\u0161kum\u0105 ir judesi\u0173 tikslum\u0105. \u012e komplekt\u0105 \u012feina mediniai \u017eaislai\u00a0 ir u\u017edara kosmetin\u0117 su u\u017etrauktuku.\u00a0 Produktas skirtas ma\u017eoms vaik\u0173 rankyt\u0117ms. Tvirtas ir tikslus apdirbimas be a\u0161tri\u0173 briaun\u0173 u\u017etikrina 100% saugum\u0105 j\u016bs\u0173 vaikui.  Charakteristika:  - rinkin\u012f sudaro: \u0161ukos, l\u016bp\u0173 da\u017eai, veidrodis su rankena, aki\u0173 \u0161e\u0161\u0117li\u0173 palet\u0117, kvepal\u0173 buteliukas, nag\u0173 lakas, plauk\u0173 juostos, - viskas supakuota \u012f rausv\u0105 kosmetikos mai\u0161el\u012f su u\u017etrauktuku, - kosmetikos imitacija pagaminta i\u0161 med\u017eio, - da\u017eyti netoksi\u0161kais da\u017eais, - produktas yra saugus vaikams.  \u017daislas vysto:  - k\u016brybi\u0161kumas, - rankiniai \u012fg\u016bd\u017eiai, - vaizduot\u0117s, - judesi\u0173 tikslumas. Tooky Toy \u2013 medinius \u017eaislus vaikams gaminanti \u012fmon\u0117, rinkoje esanti nuo 2004 m. Keli\u0173 met\u0173 patirtis pramon\u0117je yra auk\u0161tos kokyb\u0117s gamini\u0173, pagamint\u0173 atsi\u017evelgiant \u012f vaik\u0173 saugum\u0105, garantija. Tooky Toy \u017eaislai turi daugyb\u0119 sertifikat\u0173, patvirtinan\u010di\u0173 \u0161i\u0173 ekologi\u0161k\u0173 gamini\u0173 saugum\u0105. Tooky Toy \u017eaislus m\u0117gsta vaikai ir vertina t\u0117vai visame pasaulyje.","og_url":"https:\/\/dev.monti.lt\/en\/product\/tooky-toy-rozinis-makiazo-rinkinys\/","og_site_name":"Montessori \u017eaislai","article_modified_time":"2024-09-04T08:33:06+00:00","og_image":[{"width":800,"height":800,"url":"https:\/\/dev.monti.lt\/wp-content\/uploads\/2024\/03\/tooky-toy-rozowy-zestaw-do-makijazu-1.jpg","type":"image\/jpeg"}],"twitter_card":"summary_large_image","twitter_misc":{"Est. reading time":"1 minute"},"schema":{"@context":"https:\/\/schema.org","@graph":[{"@type":"WebPage","@id":"https:\/\/dev.monti.lt\/product\/tooky-toy-rozinis-makiazo-rinkinys\/","url":"https:\/\/dev.monti.lt\/product\/tooky-toy-rozinis-makiazo-rinkinys\/","name":"TOOKY TOY ro\u017einis makia\u017eo rinkinys - Montessori \u017eaislai","isPartOf":{"@id":"https:\/\/dev.monti.lt\/#website"},"primaryImageOfPage":{"@id":"https:\/\/dev.monti.lt\/product\/tooky-toy-rozinis-makiazo-rinkinys\/#primaryimage"},"image":{"@id":"https:\/\/dev.monti.lt\/product\/tooky-toy-rozinis-makiazo-rinkinys\/#primaryimage"},"thumbnailUrl":"https:\/\/dev.monti.lt\/wp-content\/uploads\/2024\/03\/tooky-toy-rozowy-zestaw-do-makijazu-1.jpg","datePublished":"2024-03-26T05:55:04+00:00","dateModified":"2024-09-04T08:33:06+00:00","breadcrumb":{"@id":"https:\/\/dev.monti.lt\/product\/tooky-toy-rozinis-makiazo-rinkinys\/#breadcrumb"},"inLanguage":"en-US","potentialAction":[{"@type":"ReadAction","target":["https:\/\/dev.monti.lt\/product\/tooky-toy-rozinis-makiazo-rinkinys\/"]}]},{"@type":"ImageObject","inLanguage":"en-US","@id":"https:\/\/dev.monti.lt\/product\/tooky-toy-rozinis-makiazo-rinkinys\/#primaryimage","url":"https:\/\/dev.monti.lt\/wp-content\/uploads\/2024\/03\/tooky-toy-rozowy-zestaw-do-makijazu-1.jpg","contentUrl":"https:\/\/dev.monti.lt\/wp-content\/uploads\/2024\/03\/tooky-toy-rozowy-zestaw-do-makijazu-1.jpg","width":800,"height":800,"caption":"makiazo rinkinys"},{"@type":"BreadcrumbList","@id":"https:\/\/dev.monti.lt\/product\/tooky-toy-rozinis-makiazo-rinkinys\/#breadcrumb","itemListElement":[{"@type":"ListItem","position":1,"name":"Home","item":"https:\/\/dev.monti.lt\/"},{"@type":"ListItem","position":2,"name":"Parduotuv\u0117","item":"https:\/\/dev.monti.lt\/shop\/"},{"@type":"ListItem","position":3,"name":"TOOKY TOY ro\u017einis makia\u017eo rinkinys"}]},{"@type":"WebSite","@id":"https:\/\/dev.monti.lt\/#website","url":"https:\/\/dev.monti.lt\/","name":"Montessori \u017eaislai","description":"","publisher":{"@id":"https:\/\/dev.monti.lt\/#organization"},"potentialAction":[{"@type":"SearchAction","target":{"@type":"EntryPoint","urlTemplate":"https:\/\/dev.monti.lt\/?s={search_term_string}"},"query-input":"required name=search_term_string"}],"inLanguage":"en-US"},{"@type":"Organization","@id":"https:\/\/dev.monti.lt\/#organization","name":"Montessori \u017eaislai","url":"https:\/\/dev.monti.lt\/","logo":{"@type":"ImageObject","inLanguage":"en-US","@id":"https:\/\/dev.monti.lt\/#\/schema\/logo\/image\/","url":"https:\/\/dev.monti.lt\/wp-content\/uploads\/2022\/03\/montilogo-1.png","contentUrl":"https:\/\/dev.monti.lt\/wp-content\/uploads\/2022\/03\/montilogo-1.png","width":512,"height":512,"caption":"Montessori \u017eaislai"},"image":{"@id":"https:\/\/dev.monti.lt\/#\/schema\/logo\/image\/"}}]}},"_links":{"self":[{"href":"https:\/\/dev.monti.lt\/en\/wp-json\/wp\/v2\/product\/22889"}],"collection":[{"href":"https:\/\/dev.monti.lt\/en\/wp-json\/wp\/v2\/product"}],"about":[{"href":"https:\/\/dev.monti.lt\/en\/wp-json\/wp\/v2\/types\/product"}],"version-history":[{"count":2,"href":"https:\/\/dev.monti.lt\/en\/wp-json\/wp\/v2\/product\/22889\/revisions"}],"predecessor-version":[{"id":22894,"href":"https:\/\/dev.monti.lt\/en\/wp-json\/wp\/v2\/product\/22889\/revisions\/22894"}],"wp:featuredmedia":[{"embeddable":true,"href":"https:\/\/dev.monti.lt\/en\/wp-json\/wp\/v2\/media\/22890"}],"wp:attachment":[{"href":"https:\/\/dev.monti.lt\/en\/wp-json\/wp\/v2\/media?parent=22889"}],"wp:term":[{"taxonomy":"product_cat","embeddable":true,"href":"https:\/\/dev.monti.lt\/en\/wp-json\/wp\/v2\/product_cat?post=22889"},{"taxonomy":"product_tag","embeddable":true,"href":"https:\/\/dev.monti.lt\/en\/wp-json\/wp\/v2\/product_tag?post=22889"}],"curies":[{"name":"wp","href":"https:\/\/api.w.org\/{rel}","templated":true}]}}