{"id":22846,"date":"2024-03-24T22:06:41","date_gmt":"2024-03-24T22:06:41","guid":{"rendered":"https:\/\/dev.monti.lt\/?post_type=product&#038;p=22846"},"modified":"2024-09-23T12:30:05","modified_gmt":"2024-09-23T12:30:05","slug":"woppie-projektorius-migdukas-suo","status":"publish","type":"product","link":"https:\/\/dev.monti.lt\/en\/product\/woppie-projektorius-migdukas-suo\/","title":{"rendered":"WOPPIE projektorius-migdukas \u0161uo"},"content":{"rendered":"<p><strong>&#8220;Woopie&#8221;<\/strong>\u00a0prek\u0117s \u017eenklo\u00a0<strong>pliu\u0161inis <\/strong>\u0161uo bus meilus\u00a0<strong>j\u016bs\u0173 k\u016bdikio miego palydovas.\u00a0<\/strong>Talismanas puikiai tinka\u00a0<strong>k\u016bdikiams<\/strong>\u00a0ir\u00a0<strong>vyresniems\u00a0vaikams<\/strong>\u00a0, kurie nem\u0117gsta u\u017emigti patys.\u00a0\u0160uo bus tobulas ger\u0173 svajoni\u0173 sargas ir pabais\u0173 \u017eudikas spintoje.\u00a0<strong>Mielas \u017eaislas<\/strong>\u00a0turi\u00a0<strong>projektoriaus funkcij\u0105<\/strong>\u00a0, kuri sukuria rami\u0105 aur\u0105 miego metu\u00a0<strong>.\u00a0<\/strong>\u0160viesos\u00a0<strong>kei\u010dia spalv\u0105<\/strong>\u00a0ir\u00a0<strong>rodo \u017evaig\u017edes, m\u0117nul\u012f<\/strong>\u00a0ir\u00a0<strong>planetas\u00a0.\u00a0<\/strong>Visa tai lydi raminanti,\u00a0<strong>atpalaiduojanti muzika<\/strong>\u00a0su gamtos garsais fone.\u00a0\u017daislas turi\u00a0<strong>kelet\u0105\u00a0skirting\u0173\u00a0lop\u0161ini\u0173<\/strong>\u00a0.\u00a0Muzikos d\u0117\u017eut\u0117 nepertraukiamai groja lop\u0161ines beveik\u00a0<strong>20 minu\u010di\u0173<\/strong>\u00a0, tod\u0117l k\u016bdikis tur\u0117s laiko u\u017emigti nuostabiai, nereik\u0117s v\u0117l \u012fjungti lop\u0161ini\u0173 ir nerizikuoti k\u016bdikio pa\u017eadinti.\u00a0Kai k\u016bdikis u\u017emiega, galite\u00a0<strong>i\u0161jungti lop\u0161ines paspausdami mygtuk\u0105 ant pilvuko<\/strong>\u00a0.\u00a0Begemotas turi\u00a0<strong>du garsumo lygius<\/strong>\u00a0, tod\u0117l j\u012f galima puikiai pritaikyti pagal vaiko poreikius.\u00a0\u017daislas tinka k\u016bdikiams, tod\u0117l pripildytas\u00a0<strong>mink\u0161tos vatos.\u00a0<\/strong>Be to, pliu\u0161in\u012f \u017eaisl\u0105 galima\u00a0<strong>saugiai<\/strong>\u00a0ir\u00a0<strong>lengvai<\/strong>\u00a0nuvalyti\u00a0<strong>nu\u0117mus<\/strong>\u00a0mechanizm\u0105 ir lengvai j\u012f sumontavus.\u00a0D\u0117l \u0161ios prie\u017easties vyresnis vaikas \u017eaisl\u0105 gali naudoti ir kaip talisman\u0105 be mechanizmo.\u00a0Visi vaikai myli\u00a0<strong>begemotus<\/strong>\u00a0!<\/p><p><strong>Charakteristika:<\/strong><\/p><ul class=\"wp-block-list\"><li>&#8211; \u017eaislas, skirtas&nbsp;<strong>k\u016bdikiams,<\/strong><\/li>\n\n<li>&#8211; Esu tobula kaip&nbsp;&nbsp;<strong>i\u0161kam\u0161a, reikalinga u\u017emigti,<\/strong><\/li>\n\n<li>&#8211; jis pagamintas i\u0161&nbsp;&nbsp;<strong>subtilios med\u017eiagos ir u\u017epildytas vata,<\/strong><\/li>\n\n<li>&#8211;&nbsp;<strong>\u0161viesos<\/strong>&nbsp;ir&nbsp;<strong>garso<\/strong>&nbsp;efektai &#8211; melodijos \/ lop\u0161in\u0117s, padedan\u010dios u\u017emigti + spalvas kei\u010diantis projektorius&nbsp;<strong>,<\/strong><\/li>\n\n<li><strong>&#8211; lop\u0161ini\u0173 grojimo laikas iki 20 minu\u010di\u0173!!!<\/strong><\/li>\n\n<li><strong><\/strong>&#8211; viduje esant\u012f&nbsp;<strong>mechanizm\u0105&nbsp;<\/strong><strong>galima i\u0161ardyti,<\/strong>&nbsp;kad b\u016bt\u0173&nbsp;<strong>galima i\u0161plauti i\u0161kam\u0161\u0105,<\/strong><\/li>\n\n<li>&#8211;&nbsp;<strong>Reikalingos baterijos:<\/strong>&nbsp;3 x AAA (\u012f komplekt\u0105 ne\u012feina).<\/li><\/ul><p><strong>\u017daislas vysto:<\/strong><\/p><ul class=\"wp-block-list\"><li>&#8211; poj\u016b\u010diai,<\/li>\n\n<li>&#8211; smalsumas ir atradimai,<\/li>\n\n<li>&#8211; koncentracijos.<\/li><\/ul>","protected":false},"excerpt":{"rendered":"<p>&#8220;Woopie&#8221;\u00a0prek\u0117s \u017eenklo\u00a0pliu\u0161inis \u0161uo bus meilus\u00a0j\u016bs\u0173 k\u016bdikio miego palydovas.\u00a0Talismanas puikiai tinka\u00a0k\u016bdikiams\u00a0ir\u00a0vyresniems\u00a0vaikams\u00a0, kurie nem\u0117gsta u\u017emigti patys.\u00a0\u0160uo bus tobulas ger\u0173 svajoni\u0173 sargas ir pabais\u0173 \u017eudikas spintoje.\u00a0Mielas \u017eaislas\u00a0turi\u00a0projektoriaus funkcij\u0105\u00a0, kuri sukuria rami\u0105 aur\u0105 miego metu\u00a0.\u00a0\u0160viesos\u00a0kei\u010dia spalv\u0105\u00a0ir\u00a0rodo \u017evaig\u017edes, m\u0117nul\u012f\u00a0ir\u00a0planetas\u00a0.\u00a0Visa tai lydi raminanti,\u00a0atpalaiduojanti muzika\u00a0su gamtos garsais fone.\u00a0\u017daislas turi\u00a0kelet\u0105\u00a0skirting\u0173\u00a0lop\u0161ini\u0173\u00a0.\u00a0Muzikos d\u0117\u017eut\u0117 nepertraukiamai groja lop\u0161ines beveik\u00a020 minu\u010di\u0173\u00a0, tod\u0117l k\u016bdikis tur\u0117s laiko u\u017emigti nuostabiai, nereik\u0117s [&hellip;]<\/p>","protected":false},"featured_media":22847,"template":"","meta":{"iawp_total_views":47},"product_cat":[200,191,84,85,90,49,39],"product_tag":[95,94],"class_list":{"0":"post-22846","1":"product","2":"type-product","3":"status-publish","4":"has-post-thumbnail","6":"product_cat-dovanos-kudikiams","7":"product_cat-dovanos-vaikams","8":"product_cat-lavinamieji-zaislai","9":"product_cat-muzikiniai-zaislai","10":"product_cat-pasaulio-pazinimas","11":"product_cat-visi-zaislai","12":"product_cat-zaislai","13":"product_tag-1-m-2-m","14":"product_tag-iki-1-m","16":"first","17":"instock","18":"sale","19":"taxable","20":"shipping-taxable","21":"purchasable","22":"product-type-simple"},"yoast_head":"<!-- This site is optimized with the Yoast SEO plugin v23.3 - https:\/\/yoast.com\/wordpress\/plugins\/seo\/ -->\n<title>WOPPIE projektorius-migdukas \u0161uo - Montessori \u017eaislai<\/title>\n<meta name=\"robots\" content=\"noindex, follow, max-snippet:-1, max-image-preview:large, max-video-preview:-1\" \/>\n<meta property=\"og:locale\" content=\"en_US\" \/>\n<meta property=\"og:type\" content=\"article\" \/>\n<meta property=\"og:title\" content=\"WOPPIE projektorius-migdukas \u0161uo - Montessori \u017eaislai\" \/>\n<meta property=\"og:description\" content=\"&#8220;Woopie&#8221;\u00a0prek\u0117s \u017eenklo\u00a0pliu\u0161inis \u0161uo bus meilus\u00a0j\u016bs\u0173 k\u016bdikio miego palydovas.\u00a0Talismanas puikiai tinka\u00a0k\u016bdikiams\u00a0ir\u00a0vyresniems\u00a0vaikams\u00a0, kurie nem\u0117gsta u\u017emigti patys.\u00a0\u0160uo bus tobulas ger\u0173 svajoni\u0173 sargas ir pabais\u0173 \u017eudikas spintoje.\u00a0Mielas \u017eaislas\u00a0turi\u00a0projektoriaus funkcij\u0105\u00a0, kuri sukuria rami\u0105 aur\u0105 miego metu\u00a0.\u00a0\u0160viesos\u00a0kei\u010dia spalv\u0105\u00a0ir\u00a0rodo \u017evaig\u017edes, m\u0117nul\u012f\u00a0ir\u00a0planetas\u00a0.\u00a0Visa tai lydi raminanti,\u00a0atpalaiduojanti muzika\u00a0su gamtos garsais fone.\u00a0\u017daislas turi\u00a0kelet\u0105\u00a0skirting\u0173\u00a0lop\u0161ini\u0173\u00a0.\u00a0Muzikos d\u0117\u017eut\u0117 nepertraukiamai groja lop\u0161ines beveik\u00a020 minu\u010di\u0173\u00a0, tod\u0117l k\u016bdikis tur\u0117s laiko u\u017emigti nuostabiai, nereik\u0117s [&hellip;]\" \/>\n<meta property=\"og:url\" content=\"https:\/\/dev.monti.lt\/en\/product\/woppie-projektorius-migdukas-suo\/\" \/>\n<meta property=\"og:site_name\" content=\"Montessori \u017eaislai\" \/>\n<meta property=\"article:modified_time\" content=\"2024-09-23T12:30:05+00:00\" \/>\n<meta property=\"og:image\" content=\"https:\/\/dev.monti.lt\/wp-content\/uploads\/2024\/03\/woopie-przytulanka-projektor-2w1-usypiacz-piesek.jpg\" \/>\n\t<meta property=\"og:image:width\" content=\"800\" \/>\n\t<meta property=\"og:image:height\" content=\"800\" \/>\n\t<meta property=\"og:image:type\" content=\"image\/jpeg\" \/>\n<meta name=\"twitter:card\" content=\"summary_large_image\" \/>\n<meta name=\"twitter:label1\" content=\"Est. reading time\" \/>\n\t<meta name=\"twitter:data1\" content=\"2 minutes\" \/>\n<script type=\"application\/ld+json\" class=\"yoast-schema-graph\">{\"@context\":\"https:\/\/schema.org\",\"@graph\":[{\"@type\":\"WebPage\",\"@id\":\"https:\/\/dev.monti.lt\/product\/woppie-projektorius-migdukas-suo\/\",\"url\":\"https:\/\/dev.monti.lt\/product\/woppie-projektorius-migdukas-suo\/\",\"name\":\"WOPPIE projektorius-migdukas \u0161uo - Montessori \u017eaislai\",\"isPartOf\":{\"@id\":\"https:\/\/dev.monti.lt\/#website\"},\"primaryImageOfPage\":{\"@id\":\"https:\/\/dev.monti.lt\/product\/woppie-projektorius-migdukas-suo\/#primaryimage\"},\"image\":{\"@id\":\"https:\/\/dev.monti.lt\/product\/woppie-projektorius-migdukas-suo\/#primaryimage\"},\"thumbnailUrl\":\"https:\/\/dev.monti.lt\/wp-content\/uploads\/2024\/03\/woopie-przytulanka-projektor-2w1-usypiacz-piesek.jpg\",\"datePublished\":\"2024-03-24T22:06:41+00:00\",\"dateModified\":\"2024-09-23T12:30:05+00:00\",\"breadcrumb\":{\"@id\":\"https:\/\/dev.monti.lt\/product\/woppie-projektorius-migdukas-suo\/#breadcrumb\"},\"inLanguage\":\"en-US\",\"potentialAction\":[{\"@type\":\"ReadAction\",\"target\":[\"https:\/\/dev.monti.lt\/product\/woppie-projektorius-migdukas-suo\/\"]}]},{\"@type\":\"ImageObject\",\"inLanguage\":\"en-US\",\"@id\":\"https:\/\/dev.monti.lt\/product\/woppie-projektorius-migdukas-suo\/#primaryimage\",\"url\":\"https:\/\/dev.monti.lt\/wp-content\/uploads\/2024\/03\/woopie-przytulanka-projektor-2w1-usypiacz-piesek.jpg\",\"contentUrl\":\"https:\/\/dev.monti.lt\/wp-content\/uploads\/2024\/03\/woopie-przytulanka-projektor-2w1-usypiacz-piesek.jpg\",\"width\":800,\"height\":800},{\"@type\":\"BreadcrumbList\",\"@id\":\"https:\/\/dev.monti.lt\/product\/woppie-projektorius-migdukas-suo\/#breadcrumb\",\"itemListElement\":[{\"@type\":\"ListItem\",\"position\":1,\"name\":\"Home\",\"item\":\"https:\/\/dev.monti.lt\/\"},{\"@type\":\"ListItem\",\"position\":2,\"name\":\"Parduotuv\u0117\",\"item\":\"https:\/\/dev.monti.lt\/shop\/\"},{\"@type\":\"ListItem\",\"position\":3,\"name\":\"WOPPIE projektorius-migdukas \u0161uo\"}]},{\"@type\":\"WebSite\",\"@id\":\"https:\/\/dev.monti.lt\/#website\",\"url\":\"https:\/\/dev.monti.lt\/\",\"name\":\"Montessori \u017eaislai\",\"description\":\"\",\"publisher\":{\"@id\":\"https:\/\/dev.monti.lt\/#organization\"},\"potentialAction\":[{\"@type\":\"SearchAction\",\"target\":{\"@type\":\"EntryPoint\",\"urlTemplate\":\"https:\/\/dev.monti.lt\/?s={search_term_string}\"},\"query-input\":\"required name=search_term_string\"}],\"inLanguage\":\"en-US\"},{\"@type\":\"Organization\",\"@id\":\"https:\/\/dev.monti.lt\/#organization\",\"name\":\"Montessori \u017eaislai\",\"url\":\"https:\/\/dev.monti.lt\/\",\"logo\":{\"@type\":\"ImageObject\",\"inLanguage\":\"en-US\",\"@id\":\"https:\/\/dev.monti.lt\/#\/schema\/logo\/image\/\",\"url\":\"https:\/\/dev.monti.lt\/wp-content\/uploads\/2022\/03\/montilogo-1.png\",\"contentUrl\":\"https:\/\/dev.monti.lt\/wp-content\/uploads\/2022\/03\/montilogo-1.png\",\"width\":512,\"height\":512,\"caption\":\"Montessori \u017eaislai\"},\"image\":{\"@id\":\"https:\/\/dev.monti.lt\/#\/schema\/logo\/image\/\"}}]}<\/script>\n<!-- \/ Yoast SEO plugin. -->","yoast_head_json":{"title":"WOPPIE projektorius-migdukas \u0161uo - Montessori \u017eaislai","robots":{"index":"noindex","follow":"follow","max-snippet":"max-snippet:-1","max-image-preview":"max-image-preview:large","max-video-preview":"max-video-preview:-1"},"og_locale":"en_US","og_type":"article","og_title":"WOPPIE projektorius-migdukas \u0161uo - Montessori \u017eaislai","og_description":"&#8220;Woopie&#8221;\u00a0prek\u0117s \u017eenklo\u00a0pliu\u0161inis \u0161uo bus meilus\u00a0j\u016bs\u0173 k\u016bdikio miego palydovas.\u00a0Talismanas puikiai tinka\u00a0k\u016bdikiams\u00a0ir\u00a0vyresniems\u00a0vaikams\u00a0, kurie nem\u0117gsta u\u017emigti patys.\u00a0\u0160uo bus tobulas ger\u0173 svajoni\u0173 sargas ir pabais\u0173 \u017eudikas spintoje.\u00a0Mielas \u017eaislas\u00a0turi\u00a0projektoriaus funkcij\u0105\u00a0, kuri sukuria rami\u0105 aur\u0105 miego metu\u00a0.\u00a0\u0160viesos\u00a0kei\u010dia spalv\u0105\u00a0ir\u00a0rodo \u017evaig\u017edes, m\u0117nul\u012f\u00a0ir\u00a0planetas\u00a0.\u00a0Visa tai lydi raminanti,\u00a0atpalaiduojanti muzika\u00a0su gamtos garsais fone.\u00a0\u017daislas turi\u00a0kelet\u0105\u00a0skirting\u0173\u00a0lop\u0161ini\u0173\u00a0.\u00a0Muzikos d\u0117\u017eut\u0117 nepertraukiamai groja lop\u0161ines beveik\u00a020 minu\u010di\u0173\u00a0, tod\u0117l k\u016bdikis tur\u0117s laiko u\u017emigti nuostabiai, nereik\u0117s [&hellip;]","og_url":"https:\/\/dev.monti.lt\/en\/product\/woppie-projektorius-migdukas-suo\/","og_site_name":"Montessori \u017eaislai","article_modified_time":"2024-09-23T12:30:05+00:00","og_image":[{"width":800,"height":800,"url":"https:\/\/dev.monti.lt\/wp-content\/uploads\/2024\/03\/woopie-przytulanka-projektor-2w1-usypiacz-piesek.jpg","type":"image\/jpeg"}],"twitter_card":"summary_large_image","twitter_misc":{"Est. reading time":"2 minutes"},"schema":{"@context":"https:\/\/schema.org","@graph":[{"@type":"WebPage","@id":"https:\/\/dev.monti.lt\/product\/woppie-projektorius-migdukas-suo\/","url":"https:\/\/dev.monti.lt\/product\/woppie-projektorius-migdukas-suo\/","name":"WOPPIE projektorius-migdukas \u0161uo - Montessori \u017eaislai","isPartOf":{"@id":"https:\/\/dev.monti.lt\/#website"},"primaryImageOfPage":{"@id":"https:\/\/dev.monti.lt\/product\/woppie-projektorius-migdukas-suo\/#primaryimage"},"image":{"@id":"https:\/\/dev.monti.lt\/product\/woppie-projektorius-migdukas-suo\/#primaryimage"},"thumbnailUrl":"https:\/\/dev.monti.lt\/wp-content\/uploads\/2024\/03\/woopie-przytulanka-projektor-2w1-usypiacz-piesek.jpg","datePublished":"2024-03-24T22:06:41+00:00","dateModified":"2024-09-23T12:30:05+00:00","breadcrumb":{"@id":"https:\/\/dev.monti.lt\/product\/woppie-projektorius-migdukas-suo\/#breadcrumb"},"inLanguage":"en-US","potentialAction":[{"@type":"ReadAction","target":["https:\/\/dev.monti.lt\/product\/woppie-projektorius-migdukas-suo\/"]}]},{"@type":"ImageObject","inLanguage":"en-US","@id":"https:\/\/dev.monti.lt\/product\/woppie-projektorius-migdukas-suo\/#primaryimage","url":"https:\/\/dev.monti.lt\/wp-content\/uploads\/2024\/03\/woopie-przytulanka-projektor-2w1-usypiacz-piesek.jpg","contentUrl":"https:\/\/dev.monti.lt\/wp-content\/uploads\/2024\/03\/woopie-przytulanka-projektor-2w1-usypiacz-piesek.jpg","width":800,"height":800},{"@type":"BreadcrumbList","@id":"https:\/\/dev.monti.lt\/product\/woppie-projektorius-migdukas-suo\/#breadcrumb","itemListElement":[{"@type":"ListItem","position":1,"name":"Home","item":"https:\/\/dev.monti.lt\/"},{"@type":"ListItem","position":2,"name":"Parduotuv\u0117","item":"https:\/\/dev.monti.lt\/shop\/"},{"@type":"ListItem","position":3,"name":"WOPPIE projektorius-migdukas \u0161uo"}]},{"@type":"WebSite","@id":"https:\/\/dev.monti.lt\/#website","url":"https:\/\/dev.monti.lt\/","name":"Montessori \u017eaislai","description":"","publisher":{"@id":"https:\/\/dev.monti.lt\/#organization"},"potentialAction":[{"@type":"SearchAction","target":{"@type":"EntryPoint","urlTemplate":"https:\/\/dev.monti.lt\/?s={search_term_string}"},"query-input":"required name=search_term_string"}],"inLanguage":"en-US"},{"@type":"Organization","@id":"https:\/\/dev.monti.lt\/#organization","name":"Montessori \u017eaislai","url":"https:\/\/dev.monti.lt\/","logo":{"@type":"ImageObject","inLanguage":"en-US","@id":"https:\/\/dev.monti.lt\/#\/schema\/logo\/image\/","url":"https:\/\/dev.monti.lt\/wp-content\/uploads\/2022\/03\/montilogo-1.png","contentUrl":"https:\/\/dev.monti.lt\/wp-content\/uploads\/2022\/03\/montilogo-1.png","width":512,"height":512,"caption":"Montessori \u017eaislai"},"image":{"@id":"https:\/\/dev.monti.lt\/#\/schema\/logo\/image\/"}}]}},"_links":{"self":[{"href":"https:\/\/dev.monti.lt\/en\/wp-json\/wp\/v2\/product\/22846"}],"collection":[{"href":"https:\/\/dev.monti.lt\/en\/wp-json\/wp\/v2\/product"}],"about":[{"href":"https:\/\/dev.monti.lt\/en\/wp-json\/wp\/v2\/types\/product"}],"version-history":[{"count":1,"href":"https:\/\/dev.monti.lt\/en\/wp-json\/wp\/v2\/product\/22846\/revisions"}],"predecessor-version":[{"id":22854,"href":"https:\/\/dev.monti.lt\/en\/wp-json\/wp\/v2\/product\/22846\/revisions\/22854"}],"wp:featuredmedia":[{"embeddable":true,"href":"https:\/\/dev.monti.lt\/en\/wp-json\/wp\/v2\/media\/22847"}],"wp:attachment":[{"href":"https:\/\/dev.monti.lt\/en\/wp-json\/wp\/v2\/media?parent=22846"}],"wp:term":[{"taxonomy":"product_cat","embeddable":true,"href":"https:\/\/dev.monti.lt\/en\/wp-json\/wp\/v2\/product_cat?post=22846"},{"taxonomy":"product_tag","embeddable":true,"href":"https:\/\/dev.monti.lt\/en\/wp-json\/wp\/v2\/product_tag?post=22846"}],"curies":[{"name":"wp","href":"https:\/\/api.w.org\/{rel}","templated":true}]}}