{"id":22625,"date":"2024-03-14T14:56:49","date_gmt":"2024-03-14T14:56:49","guid":{"rendered":"https:\/\/dev.monti.lt\/?post_type=product&#038;p=22625"},"modified":"2024-04-26T07:59:37","modified_gmt":"2024-04-26T07:59:37","slug":"balansinis-dviratukas-su-stabdziu","status":"publish","type":"product","link":"https:\/\/dev.monti.lt\/en\/product\/balansinis-dviratukas-su-stabdziu\/","title":{"rendered":"Balansinis dviratukas su stabd\u017eiu"},"content":{"rendered":"<p>Krosinis dviratis, skirtas 85-110 cm \u016bgio vaikams. Neslystantys 11 coli\u0173 ratai u\u017etikrina saug\u0173 ir stabil\u0173 va\u017eiavim\u0105. Dviratis turi galin\u012f stabd\u012f ir vairo apsaugas. Did\u017eiausias naudotojo svoris 30 kg. Transporto priemon\u0117s svoris tik 3 kg.<\/p>","protected":false},"excerpt":{"rendered":"<p>Krosinis dviratis, skirtas 85-110 cm \u016bgio vaikams. Neslystantys 11 coli\u0173 ratai u\u017etikrina saug\u0173 ir stabil\u0173 va\u017eiavim\u0105. Dviratis turi galin\u012f stabd\u012f ir vairo apsaugas. Did\u017eiausias naudotojo svoris 30 kg. Transporto priemon\u0117s svoris tik 3 kg.<\/p>","protected":false},"featured_media":22627,"template":"","meta":{"iawp_total_views":38},"product_cat":[193,194,197,191,192,81,238,84,90,49,39],"product_tag":[95,96,97],"class_list":{"0":"post-22625","1":"product","2":"type-product","3":"status-publish","4":"has-post-thumbnail","6":"product_cat-dovanos-vaikams-1-2-metu","7":"product_cat-dovanos-vaikams-2-3-metu","8":"product_cat-dovanos-berniukams","9":"product_cat-dovanos-vaikams","10":"product_cat-kaledines-dovanos-vaikams","11":"product_cat-kiti-zaislai","12":"product_cat-lauko-zaidimai","13":"product_cat-lavinamieji-zaislai","14":"product_cat-pasaulio-pazinimas","15":"product_cat-visi-zaislai","16":"product_cat-zaislai","17":"product_tag-1-m-2-m","18":"product_tag-2-m-3-m","19":"product_tag-3-m-4-m","21":"first","22":"instock","23":"taxable","24":"shipping-taxable","25":"purchasable","26":"product-type-simple"},"yoast_head":"<!-- This site is optimized with the Yoast SEO plugin v23.3 - https:\/\/yoast.com\/wordpress\/plugins\/seo\/ -->\n<title>Balansinis dviratukas su stabd\u017eiu - Montessori \u017eaislai<\/title>\n<meta name=\"robots\" content=\"noindex, follow, max-snippet:-1, max-image-preview:large, max-video-preview:-1\" \/>\n<meta property=\"og:locale\" content=\"en_US\" \/>\n<meta property=\"og:type\" content=\"article\" \/>\n<meta property=\"og:title\" content=\"Balansinis dviratukas su stabd\u017eiu - Montessori \u017eaislai\" \/>\n<meta property=\"og:description\" content=\"Krosinis dviratis, skirtas 85-110 cm \u016bgio vaikams. Neslystantys 11 coli\u0173 ratai u\u017etikrina saug\u0173 ir stabil\u0173 va\u017eiavim\u0105. Dviratis turi galin\u012f stabd\u012f ir vairo apsaugas. Did\u017eiausias naudotojo svoris 30 kg. Transporto priemon\u0117s svoris tik 3 kg.\" \/>\n<meta property=\"og:url\" content=\"https:\/\/dev.monti.lt\/en\/product\/balansinis-dviratukas-su-stabdziu\/\" \/>\n<meta property=\"og:site_name\" content=\"Montessori \u017eaislai\" \/>\n<meta property=\"article:modified_time\" content=\"2024-04-26T07:59:37+00:00\" \/>\n<meta property=\"og:image\" content=\"https:\/\/dev.monti.lt\/wp-content\/uploads\/2024\/03\/GIMMIK-Running-bike-with-brake-Nemo-11-blue-3-143484.jpg\" \/>\n\t<meta property=\"og:image:width\" content=\"1280\" \/>\n\t<meta property=\"og:image:height\" content=\"960\" \/>\n\t<meta property=\"og:image:type\" content=\"image\/jpeg\" \/>\n<meta name=\"twitter:card\" content=\"summary_large_image\" \/>\n<meta name=\"twitter:label1\" content=\"Est. reading time\" \/>\n\t<meta name=\"twitter:data1\" content=\"1 minute\" \/>\n<script type=\"application\/ld+json\" class=\"yoast-schema-graph\">{\"@context\":\"https:\/\/schema.org\",\"@graph\":[{\"@type\":\"WebPage\",\"@id\":\"https:\/\/dev.monti.lt\/product\/balansinis-dviratukas-su-stabdziu\/\",\"url\":\"https:\/\/dev.monti.lt\/product\/balansinis-dviratukas-su-stabdziu\/\",\"name\":\"Balansinis dviratukas su stabd\u017eiu - Montessori \u017eaislai\",\"isPartOf\":{\"@id\":\"https:\/\/dev.monti.lt\/#website\"},\"primaryImageOfPage\":{\"@id\":\"https:\/\/dev.monti.lt\/product\/balansinis-dviratukas-su-stabdziu\/#primaryimage\"},\"image\":{\"@id\":\"https:\/\/dev.monti.lt\/product\/balansinis-dviratukas-su-stabdziu\/#primaryimage\"},\"thumbnailUrl\":\"https:\/\/dev.monti.lt\/wp-content\/uploads\/2024\/03\/GIMMIK-Running-bike-with-brake-Nemo-11-blue-3-143484.jpg\",\"datePublished\":\"2024-03-14T14:56:49+00:00\",\"dateModified\":\"2024-04-26T07:59:37+00:00\",\"breadcrumb\":{\"@id\":\"https:\/\/dev.monti.lt\/product\/balansinis-dviratukas-su-stabdziu\/#breadcrumb\"},\"inLanguage\":\"en-US\",\"potentialAction\":[{\"@type\":\"ReadAction\",\"target\":[\"https:\/\/dev.monti.lt\/product\/balansinis-dviratukas-su-stabdziu\/\"]}]},{\"@type\":\"ImageObject\",\"inLanguage\":\"en-US\",\"@id\":\"https:\/\/dev.monti.lt\/product\/balansinis-dviratukas-su-stabdziu\/#primaryimage\",\"url\":\"https:\/\/dev.monti.lt\/wp-content\/uploads\/2024\/03\/GIMMIK-Running-bike-with-brake-Nemo-11-blue-3-143484.jpg\",\"contentUrl\":\"https:\/\/dev.monti.lt\/wp-content\/uploads\/2024\/03\/GIMMIK-Running-bike-with-brake-Nemo-11-blue-3-143484.jpg\",\"width\":1280,\"height\":960},{\"@type\":\"BreadcrumbList\",\"@id\":\"https:\/\/dev.monti.lt\/product\/balansinis-dviratukas-su-stabdziu\/#breadcrumb\",\"itemListElement\":[{\"@type\":\"ListItem\",\"position\":1,\"name\":\"Home\",\"item\":\"https:\/\/dev.monti.lt\/\"},{\"@type\":\"ListItem\",\"position\":2,\"name\":\"Parduotuv\u0117\",\"item\":\"https:\/\/dev.monti.lt\/shop\/\"},{\"@type\":\"ListItem\",\"position\":3,\"name\":\"Balansinis dviratukas su stabd\u017eiu\"}]},{\"@type\":\"WebSite\",\"@id\":\"https:\/\/dev.monti.lt\/#website\",\"url\":\"https:\/\/dev.monti.lt\/\",\"name\":\"Montessori \u017eaislai\",\"description\":\"\",\"publisher\":{\"@id\":\"https:\/\/dev.monti.lt\/#organization\"},\"potentialAction\":[{\"@type\":\"SearchAction\",\"target\":{\"@type\":\"EntryPoint\",\"urlTemplate\":\"https:\/\/dev.monti.lt\/?s={search_term_string}\"},\"query-input\":\"required name=search_term_string\"}],\"inLanguage\":\"en-US\"},{\"@type\":\"Organization\",\"@id\":\"https:\/\/dev.monti.lt\/#organization\",\"name\":\"Montessori \u017eaislai\",\"url\":\"https:\/\/dev.monti.lt\/\",\"logo\":{\"@type\":\"ImageObject\",\"inLanguage\":\"en-US\",\"@id\":\"https:\/\/dev.monti.lt\/#\/schema\/logo\/image\/\",\"url\":\"https:\/\/dev.monti.lt\/wp-content\/uploads\/2022\/03\/montilogo-1.png\",\"contentUrl\":\"https:\/\/dev.monti.lt\/wp-content\/uploads\/2022\/03\/montilogo-1.png\",\"width\":512,\"height\":512,\"caption\":\"Montessori \u017eaislai\"},\"image\":{\"@id\":\"https:\/\/dev.monti.lt\/#\/schema\/logo\/image\/\"}}]}<\/script>\n<!-- \/ Yoast SEO plugin. -->","yoast_head_json":{"title":"Balansinis dviratukas su stabd\u017eiu - Montessori \u017eaislai","robots":{"index":"noindex","follow":"follow","max-snippet":"max-snippet:-1","max-image-preview":"max-image-preview:large","max-video-preview":"max-video-preview:-1"},"og_locale":"en_US","og_type":"article","og_title":"Balansinis dviratukas su stabd\u017eiu - Montessori \u017eaislai","og_description":"Krosinis dviratis, skirtas 85-110 cm \u016bgio vaikams. Neslystantys 11 coli\u0173 ratai u\u017etikrina saug\u0173 ir stabil\u0173 va\u017eiavim\u0105. Dviratis turi galin\u012f stabd\u012f ir vairo apsaugas. Did\u017eiausias naudotojo svoris 30 kg. Transporto priemon\u0117s svoris tik 3 kg.","og_url":"https:\/\/dev.monti.lt\/en\/product\/balansinis-dviratukas-su-stabdziu\/","og_site_name":"Montessori \u017eaislai","article_modified_time":"2024-04-26T07:59:37+00:00","og_image":[{"width":1280,"height":960,"url":"https:\/\/dev.monti.lt\/wp-content\/uploads\/2024\/03\/GIMMIK-Running-bike-with-brake-Nemo-11-blue-3-143484.jpg","type":"image\/jpeg"}],"twitter_card":"summary_large_image","twitter_misc":{"Est. reading time":"1 minute"},"schema":{"@context":"https:\/\/schema.org","@graph":[{"@type":"WebPage","@id":"https:\/\/dev.monti.lt\/product\/balansinis-dviratukas-su-stabdziu\/","url":"https:\/\/dev.monti.lt\/product\/balansinis-dviratukas-su-stabdziu\/","name":"Balansinis dviratukas su stabd\u017eiu - Montessori \u017eaislai","isPartOf":{"@id":"https:\/\/dev.monti.lt\/#website"},"primaryImageOfPage":{"@id":"https:\/\/dev.monti.lt\/product\/balansinis-dviratukas-su-stabdziu\/#primaryimage"},"image":{"@id":"https:\/\/dev.monti.lt\/product\/balansinis-dviratukas-su-stabdziu\/#primaryimage"},"thumbnailUrl":"https:\/\/dev.monti.lt\/wp-content\/uploads\/2024\/03\/GIMMIK-Running-bike-with-brake-Nemo-11-blue-3-143484.jpg","datePublished":"2024-03-14T14:56:49+00:00","dateModified":"2024-04-26T07:59:37+00:00","breadcrumb":{"@id":"https:\/\/dev.monti.lt\/product\/balansinis-dviratukas-su-stabdziu\/#breadcrumb"},"inLanguage":"en-US","potentialAction":[{"@type":"ReadAction","target":["https:\/\/dev.monti.lt\/product\/balansinis-dviratukas-su-stabdziu\/"]}]},{"@type":"ImageObject","inLanguage":"en-US","@id":"https:\/\/dev.monti.lt\/product\/balansinis-dviratukas-su-stabdziu\/#primaryimage","url":"https:\/\/dev.monti.lt\/wp-content\/uploads\/2024\/03\/GIMMIK-Running-bike-with-brake-Nemo-11-blue-3-143484.jpg","contentUrl":"https:\/\/dev.monti.lt\/wp-content\/uploads\/2024\/03\/GIMMIK-Running-bike-with-brake-Nemo-11-blue-3-143484.jpg","width":1280,"height":960},{"@type":"BreadcrumbList","@id":"https:\/\/dev.monti.lt\/product\/balansinis-dviratukas-su-stabdziu\/#breadcrumb","itemListElement":[{"@type":"ListItem","position":1,"name":"Home","item":"https:\/\/dev.monti.lt\/"},{"@type":"ListItem","position":2,"name":"Parduotuv\u0117","item":"https:\/\/dev.monti.lt\/shop\/"},{"@type":"ListItem","position":3,"name":"Balansinis dviratukas su stabd\u017eiu"}]},{"@type":"WebSite","@id":"https:\/\/dev.monti.lt\/#website","url":"https:\/\/dev.monti.lt\/","name":"Montessori \u017eaislai","description":"","publisher":{"@id":"https:\/\/dev.monti.lt\/#organization"},"potentialAction":[{"@type":"SearchAction","target":{"@type":"EntryPoint","urlTemplate":"https:\/\/dev.monti.lt\/?s={search_term_string}"},"query-input":"required name=search_term_string"}],"inLanguage":"en-US"},{"@type":"Organization","@id":"https:\/\/dev.monti.lt\/#organization","name":"Montessori \u017eaislai","url":"https:\/\/dev.monti.lt\/","logo":{"@type":"ImageObject","inLanguage":"en-US","@id":"https:\/\/dev.monti.lt\/#\/schema\/logo\/image\/","url":"https:\/\/dev.monti.lt\/wp-content\/uploads\/2022\/03\/montilogo-1.png","contentUrl":"https:\/\/dev.monti.lt\/wp-content\/uploads\/2022\/03\/montilogo-1.png","width":512,"height":512,"caption":"Montessori \u017eaislai"},"image":{"@id":"https:\/\/dev.monti.lt\/#\/schema\/logo\/image\/"}}]}},"_links":{"self":[{"href":"https:\/\/dev.monti.lt\/en\/wp-json\/wp\/v2\/product\/22625"}],"collection":[{"href":"https:\/\/dev.monti.lt\/en\/wp-json\/wp\/v2\/product"}],"about":[{"href":"https:\/\/dev.monti.lt\/en\/wp-json\/wp\/v2\/types\/product"}],"version-history":[{"count":1,"href":"https:\/\/dev.monti.lt\/en\/wp-json\/wp\/v2\/product\/22625\/revisions"}],"predecessor-version":[{"id":22626,"href":"https:\/\/dev.monti.lt\/en\/wp-json\/wp\/v2\/product\/22625\/revisions\/22626"}],"wp:featuredmedia":[{"embeddable":true,"href":"https:\/\/dev.monti.lt\/en\/wp-json\/wp\/v2\/media\/22627"}],"wp:attachment":[{"href":"https:\/\/dev.monti.lt\/en\/wp-json\/wp\/v2\/media?parent=22625"}],"wp:term":[{"taxonomy":"product_cat","embeddable":true,"href":"https:\/\/dev.monti.lt\/en\/wp-json\/wp\/v2\/product_cat?post=22625"},{"taxonomy":"product_tag","embeddable":true,"href":"https:\/\/dev.monti.lt\/en\/wp-json\/wp\/v2\/product_tag?post=22625"}],"curies":[{"name":"wp","href":"https:\/\/api.w.org\/{rel}","templated":true}]}}