{"id":22617,"date":"2024-03-14T14:53:23","date_gmt":"2024-03-14T14:53:23","guid":{"rendered":"https:\/\/dev.monti.lt\/?post_type=product&#038;p=22617"},"modified":"2024-08-12T10:44:10","modified_gmt":"2024-08-12T10:44:10","slug":"paspiriama-gravitacine-masinele-rozine","status":"publish","type":"product","link":"https:\/\/dev.monti.lt\/en\/product\/paspiriama-gravitacine-masinele-rozine\/","title":{"rendered":"Paspiriama \u2013 \u201cgravitacin\u0117\u201d ma\u0161in\u0117l\u0117\u00a0ro\u017ein\u0117"},"content":{"rendered":"<p>GRAVITACINIS PASIVA\u017dIN\u0116JIMAS &#8211; KAS TAI?<\/p><p>Nuostabusis gravity ride yra \u012fdomus gaminys, suteikiantis j\u016bs\u0173 vaikui galimyb\u0119 \u017eaisti \u012fvairiais b\u016bdais.<\/p><p>Ta\u010diau kas tiksliai tai yra? Tai paprastas \u017eaislas, kur\u012f ma\u017eylis i\u0161judina pakaitomis judindamas vair\u0105 &#8211; \u012f de\u0161in\u0119, \u012f kair\u0119 ir v\u0117l \u012f de\u0161in\u0119. Taip jis gali va\u017eiuoti nenaudodamas koj\u0173, kad atsispirt\u0173 nuo grind\u0173.<\/p><p>\u0160ia transporto priemone galima va\u017ein\u0117ti tiek patalpose, tiek lauke.<\/p><p>PATOGU IR SAUGU<\/p><p>Kad va\u017eiuoti su transporto priemone b\u016bt\u0173 kuo patogiau, jame \u012frengta patogi, profiliuota s\u0117dyn\u0117 ir neslystan\u010dios koj\u0173 pagalv\u0117l\u0117s. Be to, vairas suprojektuotas taip, kad puikiai tilpt\u0173 \u012f vaiko rankas!<\/p><p>Taip pat verta pamin\u0117ti, kad pla\u010diai i\u0161d\u0117styti galiniai ratai u\u017etikrina saug\u0173 \u017eaidim\u0105 &#8211; jei j\u016bs\u0173 ma\u017eylis prarast\u0173 pusiausvyr\u0105, ratai neleis raiteliui apvirsti.<\/p><p>D\u0116MES\u012e TRAUKIANTIS \u017dAISLAS<\/p><p>Ne\u012fprasta forma ir naujovi\u0161kas transporto priemon\u0117s valdymo b\u016bdas &#8211; ne vieninteliai dalykai, d\u0117l kuri\u0173 \u0161i transporto priemon\u0117 i\u0161siskiria i\u0161 kit\u0173. Ji taip pat turi \u0161vie\u010dian\u010dius ratus &#8211; tikrai patrauks vis\u0173 d\u0117mes\u012f!<\/p><p>Pasiva\u017ein\u0117jimas va\u017eiuokle yra puikus b\u016bdas i\u0161naudoti vis\u0105 ma\u017eyliuose slypin\u010di\u0105 vaiki\u0161k\u0105 energij\u0105.<\/p><p>MINT GRAVITY RIDE &#8211; GAMINIO SAVYB\u0116S:<\/p><p>Gravitacijos riedis varomas vaiko rank\u0173 judesiais.<br>\u0160vie\u010diantys LED ratai traukia ak\u012f.<br>Maloni akiai, pastelin\u0117 spalva.<br>Guminiai ratukai u\u017etikrina grind\u0173 apsaug\u0105.<br>Patvari konstrukcija garantuoja valand\u0173 valandas smagi\u0173 pramog\u0173.<br>Did\u017eiausia apkrova &#8211; 50 kilogram\u0173.<\/p><p>INFORMACIJA APIE GAMIN\u012e:<\/p><p>Did\u017eiausia apkrova: 50 kg: Maksimali leistina mas\u0117: 50 kg.<\/p><p>Med\u017eiaga: plastikas<\/p><p>Dydis: 79,5 cm x 29,5 cm x 40 cm<br>Auk\u0161tis nuo \u017eem\u0117s iki s\u0117dyn\u0117s: Auk\u0161tis nuo s\u0117dyn\u0117s: 21 cm<br>Ilgis nuo s\u0117dyn\u0117s iki vairo: 21 cm: Ilgis nuo vairo: 50 cm<br>Auk\u0161tis nuo s\u0117dyn\u0117s iki vairo: Auk\u0161tis nuo vairo iki rankenos: 40 cm<br>Vairo plotis: Vairo plotis: 26 cm<br>S\u0117dyn\u0117s plotis: S\u0117dyn\u0117s plotis: 26 cm<br>Pakuot\u0117: 80 cm x 26 cm x 29 cm<br>Gravity ride supakuotas \u012f kartonin\u0119 d\u0117\u017e\u0119.<\/p>","protected":false},"excerpt":{"rendered":"<p>GRAVITACINIS PASIVA\u017dIN\u0116JIMAS &#8211; KAS TAI? Nuostabusis gravity ride yra \u012fdomus gaminys, suteikiantis j\u016bs\u0173 vaikui galimyb\u0119 \u017eaisti \u012fvairiais b\u016bdais. Ta\u010diau kas tiksliai tai yra? Tai paprastas \u017eaislas, kur\u012f ma\u017eylis i\u0161judina pakaitomis judindamas vair\u0105 &#8211; \u012f de\u0161in\u0119, \u012f kair\u0119 ir v\u0117l \u012f de\u0161in\u0119. Taip jis gali va\u017eiuoti nenaudodamas koj\u0173, kad atsispirt\u0173 nuo grind\u0173. \u0160ia transporto priemone galima [&hellip;]<\/p>","protected":false},"featured_media":22618,"template":"","meta":{"iawp_total_views":444},"product_cat":[195,216,217,196,191,238,84,90,49,39,214],"product_tag":[96,97,98],"class_list":{"0":"post-22617","1":"product","2":"type-product","3":"status-publish","4":"has-post-thumbnail","6":"product_cat-dovanos-vaikams-3-4-metu","7":"product_cat-dovanos-4-5-metu-vaikams","8":"product_cat-dovanos-5-7-metu-vaikams","9":"product_cat-dovanos-mergaitems","10":"product_cat-dovanos-vaikams","11":"product_cat-lauko-zaidimai","12":"product_cat-lavinamieji-zaislai","13":"product_cat-pasaulio-pazinimas","14":"product_cat-visi-zaislai","15":"product_cat-zaislai","16":"product_cat-zaislai-mergaitems","17":"product_tag-2-m-3-m","18":"product_tag-3-m-4-m","19":"product_tag-5-m-7-m","21":"first","22":"instock","23":"taxable","24":"shipping-taxable","25":"purchasable","26":"product-type-simple"},"yoast_head":"<!-- This site is optimized with the Yoast SEO plugin v23.3 - https:\/\/yoast.com\/wordpress\/plugins\/seo\/ -->\n<title>Paspiriama \u2013 \u201cgravitacin\u0117\u201d ma\u0161in\u0117l\u0117\u00a0ro\u017ein\u0117 - Montessori \u017eaislai<\/title>\n<meta name=\"robots\" content=\"noindex, follow, max-snippet:-1, max-image-preview:large, max-video-preview:-1\" \/>\n<meta property=\"og:locale\" content=\"en_US\" \/>\n<meta property=\"og:type\" content=\"article\" \/>\n<meta property=\"og:title\" content=\"Paspiriama \u2013 \u201cgravitacin\u0117\u201d ma\u0161in\u0117l\u0117\u00a0ro\u017ein\u0117 - Montessori \u017eaislai\" \/>\n<meta property=\"og:description\" content=\"GRAVITACINIS PASIVA\u017dIN\u0116JIMAS &#8211; KAS TAI? Nuostabusis gravity ride yra \u012fdomus gaminys, suteikiantis j\u016bs\u0173 vaikui galimyb\u0119 \u017eaisti \u012fvairiais b\u016bdais. Ta\u010diau kas tiksliai tai yra? Tai paprastas \u017eaislas, kur\u012f ma\u017eylis i\u0161judina pakaitomis judindamas vair\u0105 &#8211; \u012f de\u0161in\u0119, \u012f kair\u0119 ir v\u0117l \u012f de\u0161in\u0119. Taip jis gali va\u017eiuoti nenaudodamas koj\u0173, kad atsispirt\u0173 nuo grind\u0173. \u0160ia transporto priemone galima [&hellip;]\" \/>\n<meta property=\"og:url\" content=\"https:\/\/dev.monti.lt\/en\/product\/paspiriama-gravitacine-masinele-rozine\/\" \/>\n<meta property=\"og:site_name\" content=\"Montessori \u017eaislai\" \/>\n<meta property=\"article:modified_time\" content=\"2024-08-12T10:44:10+00:00\" \/>\n<meta property=\"og:image\" content=\"https:\/\/dev.monti.lt\/wp-content\/uploads\/2024\/03\/Gravity-ride-luminous-LED-wheels-pink-140540.jpg\" \/>\n\t<meta property=\"og:image:width\" content=\"1024\" \/>\n\t<meta property=\"og:image:height\" content=\"1024\" \/>\n\t<meta property=\"og:image:type\" content=\"image\/jpeg\" \/>\n<meta name=\"twitter:card\" content=\"summary_large_image\" \/>\n<meta name=\"twitter:label1\" content=\"Est. reading time\" \/>\n\t<meta name=\"twitter:data1\" content=\"2 minutes\" \/>\n<script type=\"application\/ld+json\" class=\"yoast-schema-graph\">{\"@context\":\"https:\/\/schema.org\",\"@graph\":[{\"@type\":\"WebPage\",\"@id\":\"https:\/\/dev.monti.lt\/product\/paspiriama-gravitacine-masinele-rozine\/\",\"url\":\"https:\/\/dev.monti.lt\/product\/paspiriama-gravitacine-masinele-rozine\/\",\"name\":\"Paspiriama \u2013 \u201cgravitacin\u0117\u201d ma\u0161in\u0117l\u0117\u00a0ro\u017ein\u0117 - Montessori \u017eaislai\",\"isPartOf\":{\"@id\":\"https:\/\/dev.monti.lt\/#website\"},\"primaryImageOfPage\":{\"@id\":\"https:\/\/dev.monti.lt\/product\/paspiriama-gravitacine-masinele-rozine\/#primaryimage\"},\"image\":{\"@id\":\"https:\/\/dev.monti.lt\/product\/paspiriama-gravitacine-masinele-rozine\/#primaryimage\"},\"thumbnailUrl\":\"https:\/\/dev.monti.lt\/wp-content\/uploads\/2024\/03\/Gravity-ride-luminous-LED-wheels-pink-140540.jpg\",\"datePublished\":\"2024-03-14T14:53:23+00:00\",\"dateModified\":\"2024-08-12T10:44:10+00:00\",\"breadcrumb\":{\"@id\":\"https:\/\/dev.monti.lt\/product\/paspiriama-gravitacine-masinele-rozine\/#breadcrumb\"},\"inLanguage\":\"en-US\",\"potentialAction\":[{\"@type\":\"ReadAction\",\"target\":[\"https:\/\/dev.monti.lt\/product\/paspiriama-gravitacine-masinele-rozine\/\"]}]},{\"@type\":\"ImageObject\",\"inLanguage\":\"en-US\",\"@id\":\"https:\/\/dev.monti.lt\/product\/paspiriama-gravitacine-masinele-rozine\/#primaryimage\",\"url\":\"https:\/\/dev.monti.lt\/wp-content\/uploads\/2024\/03\/Gravity-ride-luminous-LED-wheels-pink-140540.jpg\",\"contentUrl\":\"https:\/\/dev.monti.lt\/wp-content\/uploads\/2024\/03\/Gravity-ride-luminous-LED-wheels-pink-140540.jpg\",\"width\":1024,\"height\":1024},{\"@type\":\"BreadcrumbList\",\"@id\":\"https:\/\/dev.monti.lt\/product\/paspiriama-gravitacine-masinele-rozine\/#breadcrumb\",\"itemListElement\":[{\"@type\":\"ListItem\",\"position\":1,\"name\":\"Home\",\"item\":\"https:\/\/dev.monti.lt\/\"},{\"@type\":\"ListItem\",\"position\":2,\"name\":\"Parduotuv\u0117\",\"item\":\"https:\/\/dev.monti.lt\/shop\/\"},{\"@type\":\"ListItem\",\"position\":3,\"name\":\"Paspiriama \u2013 \u201cgravitacin\u0117\u201d ma\u0161in\u0117l\u0117\u00a0ro\u017ein\u0117\"}]},{\"@type\":\"WebSite\",\"@id\":\"https:\/\/dev.monti.lt\/#website\",\"url\":\"https:\/\/dev.monti.lt\/\",\"name\":\"Montessori \u017eaislai\",\"description\":\"\",\"publisher\":{\"@id\":\"https:\/\/dev.monti.lt\/#organization\"},\"potentialAction\":[{\"@type\":\"SearchAction\",\"target\":{\"@type\":\"EntryPoint\",\"urlTemplate\":\"https:\/\/dev.monti.lt\/?s={search_term_string}\"},\"query-input\":\"required name=search_term_string\"}],\"inLanguage\":\"en-US\"},{\"@type\":\"Organization\",\"@id\":\"https:\/\/dev.monti.lt\/#organization\",\"name\":\"Montessori \u017eaislai\",\"url\":\"https:\/\/dev.monti.lt\/\",\"logo\":{\"@type\":\"ImageObject\",\"inLanguage\":\"en-US\",\"@id\":\"https:\/\/dev.monti.lt\/#\/schema\/logo\/image\/\",\"url\":\"https:\/\/dev.monti.lt\/wp-content\/uploads\/2022\/03\/montilogo-1.png\",\"contentUrl\":\"https:\/\/dev.monti.lt\/wp-content\/uploads\/2022\/03\/montilogo-1.png\",\"width\":512,\"height\":512,\"caption\":\"Montessori \u017eaislai\"},\"image\":{\"@id\":\"https:\/\/dev.monti.lt\/#\/schema\/logo\/image\/\"}}]}<\/script>\n<!-- \/ Yoast SEO plugin. -->","yoast_head_json":{"title":"Paspiriama \u2013 \u201cgravitacin\u0117\u201d ma\u0161in\u0117l\u0117\u00a0ro\u017ein\u0117 - Montessori \u017eaislai","robots":{"index":"noindex","follow":"follow","max-snippet":"max-snippet:-1","max-image-preview":"max-image-preview:large","max-video-preview":"max-video-preview:-1"},"og_locale":"en_US","og_type":"article","og_title":"Paspiriama \u2013 \u201cgravitacin\u0117\u201d ma\u0161in\u0117l\u0117\u00a0ro\u017ein\u0117 - Montessori \u017eaislai","og_description":"GRAVITACINIS PASIVA\u017dIN\u0116JIMAS &#8211; KAS TAI? Nuostabusis gravity ride yra \u012fdomus gaminys, suteikiantis j\u016bs\u0173 vaikui galimyb\u0119 \u017eaisti \u012fvairiais b\u016bdais. Ta\u010diau kas tiksliai tai yra? Tai paprastas \u017eaislas, kur\u012f ma\u017eylis i\u0161judina pakaitomis judindamas vair\u0105 &#8211; \u012f de\u0161in\u0119, \u012f kair\u0119 ir v\u0117l \u012f de\u0161in\u0119. Taip jis gali va\u017eiuoti nenaudodamas koj\u0173, kad atsispirt\u0173 nuo grind\u0173. \u0160ia transporto priemone galima [&hellip;]","og_url":"https:\/\/dev.monti.lt\/en\/product\/paspiriama-gravitacine-masinele-rozine\/","og_site_name":"Montessori \u017eaislai","article_modified_time":"2024-08-12T10:44:10+00:00","og_image":[{"width":1024,"height":1024,"url":"https:\/\/dev.monti.lt\/wp-content\/uploads\/2024\/03\/Gravity-ride-luminous-LED-wheels-pink-140540.jpg","type":"image\/jpeg"}],"twitter_card":"summary_large_image","twitter_misc":{"Est. reading time":"2 minutes"},"schema":{"@context":"https:\/\/schema.org","@graph":[{"@type":"WebPage","@id":"https:\/\/dev.monti.lt\/product\/paspiriama-gravitacine-masinele-rozine\/","url":"https:\/\/dev.monti.lt\/product\/paspiriama-gravitacine-masinele-rozine\/","name":"Paspiriama \u2013 \u201cgravitacin\u0117\u201d ma\u0161in\u0117l\u0117\u00a0ro\u017ein\u0117 - Montessori \u017eaislai","isPartOf":{"@id":"https:\/\/dev.monti.lt\/#website"},"primaryImageOfPage":{"@id":"https:\/\/dev.monti.lt\/product\/paspiriama-gravitacine-masinele-rozine\/#primaryimage"},"image":{"@id":"https:\/\/dev.monti.lt\/product\/paspiriama-gravitacine-masinele-rozine\/#primaryimage"},"thumbnailUrl":"https:\/\/dev.monti.lt\/wp-content\/uploads\/2024\/03\/Gravity-ride-luminous-LED-wheels-pink-140540.jpg","datePublished":"2024-03-14T14:53:23+00:00","dateModified":"2024-08-12T10:44:10+00:00","breadcrumb":{"@id":"https:\/\/dev.monti.lt\/product\/paspiriama-gravitacine-masinele-rozine\/#breadcrumb"},"inLanguage":"en-US","potentialAction":[{"@type":"ReadAction","target":["https:\/\/dev.monti.lt\/product\/paspiriama-gravitacine-masinele-rozine\/"]}]},{"@type":"ImageObject","inLanguage":"en-US","@id":"https:\/\/dev.monti.lt\/product\/paspiriama-gravitacine-masinele-rozine\/#primaryimage","url":"https:\/\/dev.monti.lt\/wp-content\/uploads\/2024\/03\/Gravity-ride-luminous-LED-wheels-pink-140540.jpg","contentUrl":"https:\/\/dev.monti.lt\/wp-content\/uploads\/2024\/03\/Gravity-ride-luminous-LED-wheels-pink-140540.jpg","width":1024,"height":1024},{"@type":"BreadcrumbList","@id":"https:\/\/dev.monti.lt\/product\/paspiriama-gravitacine-masinele-rozine\/#breadcrumb","itemListElement":[{"@type":"ListItem","position":1,"name":"Home","item":"https:\/\/dev.monti.lt\/"},{"@type":"ListItem","position":2,"name":"Parduotuv\u0117","item":"https:\/\/dev.monti.lt\/shop\/"},{"@type":"ListItem","position":3,"name":"Paspiriama \u2013 \u201cgravitacin\u0117\u201d ma\u0161in\u0117l\u0117\u00a0ro\u017ein\u0117"}]},{"@type":"WebSite","@id":"https:\/\/dev.monti.lt\/#website","url":"https:\/\/dev.monti.lt\/","name":"Montessori \u017eaislai","description":"","publisher":{"@id":"https:\/\/dev.monti.lt\/#organization"},"potentialAction":[{"@type":"SearchAction","target":{"@type":"EntryPoint","urlTemplate":"https:\/\/dev.monti.lt\/?s={search_term_string}"},"query-input":"required name=search_term_string"}],"inLanguage":"en-US"},{"@type":"Organization","@id":"https:\/\/dev.monti.lt\/#organization","name":"Montessori \u017eaislai","url":"https:\/\/dev.monti.lt\/","logo":{"@type":"ImageObject","inLanguage":"en-US","@id":"https:\/\/dev.monti.lt\/#\/schema\/logo\/image\/","url":"https:\/\/dev.monti.lt\/wp-content\/uploads\/2022\/03\/montilogo-1.png","contentUrl":"https:\/\/dev.monti.lt\/wp-content\/uploads\/2022\/03\/montilogo-1.png","width":512,"height":512,"caption":"Montessori \u017eaislai"},"image":{"@id":"https:\/\/dev.monti.lt\/#\/schema\/logo\/image\/"}}]}},"_links":{"self":[{"href":"https:\/\/dev.monti.lt\/en\/wp-json\/wp\/v2\/product\/22617"}],"collection":[{"href":"https:\/\/dev.monti.lt\/en\/wp-json\/wp\/v2\/product"}],"about":[{"href":"https:\/\/dev.monti.lt\/en\/wp-json\/wp\/v2\/types\/product"}],"version-history":[{"count":1,"href":"https:\/\/dev.monti.lt\/en\/wp-json\/wp\/v2\/product\/22617\/revisions"}],"predecessor-version":[{"id":22624,"href":"https:\/\/dev.monti.lt\/en\/wp-json\/wp\/v2\/product\/22617\/revisions\/22624"}],"wp:featuredmedia":[{"embeddable":true,"href":"https:\/\/dev.monti.lt\/en\/wp-json\/wp\/v2\/media\/22618"}],"wp:attachment":[{"href":"https:\/\/dev.monti.lt\/en\/wp-json\/wp\/v2\/media?parent=22617"}],"wp:term":[{"taxonomy":"product_cat","embeddable":true,"href":"https:\/\/dev.monti.lt\/en\/wp-json\/wp\/v2\/product_cat?post=22617"},{"taxonomy":"product_tag","embeddable":true,"href":"https:\/\/dev.monti.lt\/en\/wp-json\/wp\/v2\/product_tag?post=22617"}],"curies":[{"name":"wp","href":"https:\/\/api.w.org\/{rel}","templated":true}]}}