{"id":22608,"date":"2024-03-14T14:49:36","date_gmt":"2024-03-14T14:49:36","guid":{"rendered":"https:\/\/dev.monti.lt\/?post_type=product&#038;p=22608"},"modified":"2024-07-01T06:50:44","modified_gmt":"2024-07-01T06:50:44","slug":"zaidimas-stalo-tenisas","status":"publish","type":"product","link":"https:\/\/dev.monti.lt\/en\/product\/zaidimas-stalo-tenisas\/","title":{"rendered":"\u017eaidimas &#8220;stalo tenisas&#8221;"},"content":{"rendered":"<p><strong>STALO TENISO STALO TENISO TINKLELIO PAD\u0116KL\u0172 RINKINYS<\/strong><\/p><p>Stalo tenisas &#8211; tai \u017eaidimas visiems nuo 5 iki 100 met\u0173.<\/p><p>Stalo teniso pingpongo rinkin\u012f&nbsp;<strong>lengva&nbsp;<\/strong>surinkti. Tinklel\u012f sumontuosime prakti\u0161kai ant bet kokio stalo, o raket\u0117s ir kamuoliukai leis i\u0161kart prad\u0117ti \u012fdomius \u017eaidimus.&nbsp;<\/p><p>Raket\u0117s skirtos pramoginiam \u017eaidimui, naudojama guma u\u017etikrina greit\u012f ir labai ger\u0105 kontrol\u0119.<\/p><p>Sumontavus tinkl\u0105 jis gerai i\u0161sitempia, pasibaigus \u017eaidimui j\u012f galima labai greitai sulankstyti.<\/p><p>STa\u010diau \u0161is tinklas yra puiki&nbsp;<strong>vaiko<\/strong>&nbsp;<strong>protinio ir fizinio<\/strong>&nbsp;lavinimo priemon\u0117. Stalo tenisas padeda&nbsp;<strong>ugdyti intelekt\u0105<\/strong>ankstyvame am\u017eiuje. Kartu didina m\u016bs\u0173 ma\u017eylio fizin\u012f pasirengim\u0105. \u0160i disciplina turi didel\u0119 \u012ftak\u0105 smegen\u0173 vystymuisi, taip yra tod\u0117l, kad \u017eaidimas labai gerai lavina rankos ir akies koordinacij\u0105. Per rungtynes \u017eaid\u0117jas turi b\u016bti susikoncentrav\u0119s \u012f kamuoliuk\u0105 ir pakankamai greitai reaguoti.<\/p><p>Stalo tenisas padidins vaiko intelekt\u0105, nes reikia \u012fvaldyti nema\u017eai taktini\u0173 \u012fg\u016bd\u017ei\u0173: taisykles, strategij\u0105, individual\u0173 \u017eaidimo stili\u0173. Stalo tenisas leid\u017eia vaikams geriau \u012f\u017eengti \u012f suaugusi\u0173j\u0173 am\u017ei\u0173 &#8211; d\u0117l \u0161io \u017eaidimo&nbsp;<strong>, jie<\/strong>jau dabar \u012fgyja&nbsp;<strong>psichin\u012f atsparum\u0105<\/strong>, kuris \u0161iais laikais toks reikalingas.<\/p><p>Stalo tenisas yra \u017eaidimas, kuris daro\u00a0<strong>nepaprastai teigiam\u0105<\/strong>\u00a0poveik\u012f vaiko vystymuisi tiek fizi\u0161kai, tiek emoci\u0161kai. Su m\u016bs\u0173 rinkiniu galite labai greitai prad\u0117ti \u0161io sporto nuotyk\u012f.<\/p><p><strong>Rinkinio turinys:<\/strong><\/p><ul class=\"wp-block-list\"><li>dvi raket\u0117s stalo tenisui \u017eaisti,<\/li>\n\n<li>3 kamuoliukai ping-pongui \u017eaisti,<\/li>\n\n<li>tinklelis<\/li><\/ul><p><strong>Matmenys :<\/strong><\/p><p>Tinklelis maks: 170 cm x 14 cm.<\/p><p>tinka stalo stalvir\u0161iui, kurio did\u017eiausias storis: 5 cm<\/p><p>raket\u0117s: 25,5 cm x 14,5 cm&nbsp;<\/p><p><strong>Pakuot\u0117s matmenys:<\/strong>&nbsp;28cm x 25,5cm x 6cm<\/p>","protected":false},"excerpt":{"rendered":"<p>STALO TENISO STALO TENISO TINKLELIO PAD\u0116KL\u0172 RINKINYS Stalo tenisas &#8211; tai \u017eaidimas visiems nuo 5 iki 100 met\u0173. Stalo teniso pingpongo rinkin\u012f&nbsp;lengva&nbsp;surinkti. Tinklel\u012f sumontuosime prakti\u0161kai ant bet kokio stalo, o raket\u0117s ir kamuoliukai leis i\u0161kart prad\u0117ti \u012fdomius \u017eaidimus.&nbsp; Raket\u0117s skirtos pramoginiam \u017eaidimui, naudojama guma u\u017etikrina greit\u012f ir labai ger\u0105 kontrol\u0119. Sumontavus tinkl\u0105 jis gerai i\u0161sitempia, [&hellip;]<\/p>","protected":false},"featured_media":22609,"template":"","meta":{"iawp_total_views":12},"product_cat":[191,84,90,49,39],"product_tag":[101,97,98,99,100],"class_list":{"0":"post-22608","1":"product","2":"type-product","3":"status-publish","4":"has-post-thumbnail","6":"product_cat-dovanos-vaikams","7":"product_cat-lavinamieji-zaislai","8":"product_cat-pasaulio-pazinimas","9":"product_cat-visi-zaislai","10":"product_cat-zaislai","11":"product_tag-12-m-14-m","12":"product_tag-3-m-4-m","13":"product_tag-5-m-7-m","14":"product_tag-8-m-11-m","15":"product_tag-15-m","17":"first","18":"outofstock","19":"taxable","20":"shipping-taxable","21":"purchasable","22":"product-type-simple"},"yoast_head":"<!-- This site is optimized with the Yoast SEO plugin v23.3 - https:\/\/yoast.com\/wordpress\/plugins\/seo\/ -->\n<title>\u017eaidimas &quot;stalo tenisas&quot; - Montessori \u017eaislai<\/title>\n<meta name=\"robots\" content=\"noindex, follow, max-snippet:-1, max-image-preview:large, max-video-preview:-1\" \/>\n<meta property=\"og:locale\" content=\"en_US\" \/>\n<meta property=\"og:type\" content=\"article\" \/>\n<meta property=\"og:title\" content=\"\u017eaidimas &quot;stalo tenisas&quot; - Montessori \u017eaislai\" \/>\n<meta property=\"og:description\" content=\"STALO TENISO STALO TENISO TINKLELIO PAD\u0116KL\u0172 RINKINYS Stalo tenisas &#8211; tai \u017eaidimas visiems nuo 5 iki 100 met\u0173. Stalo teniso pingpongo rinkin\u012f&nbsp;lengva&nbsp;surinkti. Tinklel\u012f sumontuosime prakti\u0161kai ant bet kokio stalo, o raket\u0117s ir kamuoliukai leis i\u0161kart prad\u0117ti \u012fdomius \u017eaidimus.&nbsp; Raket\u0117s skirtos pramoginiam \u017eaidimui, naudojama guma u\u017etikrina greit\u012f ir labai ger\u0105 kontrol\u0119. Sumontavus tinkl\u0105 jis gerai i\u0161sitempia, [&hellip;]\" \/>\n<meta property=\"og:url\" content=\"https:\/\/dev.monti.lt\/en\/product\/zaidimas-stalo-tenisas\/\" \/>\n<meta property=\"og:site_name\" content=\"Montessori \u017eaislai\" \/>\n<meta property=\"article:modified_time\" content=\"2024-07-01T06:50:44+00:00\" \/>\n<meta property=\"og:image\" content=\"https:\/\/dev.monti.lt\/wp-content\/uploads\/2024\/03\/Table-tennis-ping-pong-net-palettes-set-92726.jpg\" \/>\n\t<meta property=\"og:image:width\" content=\"1600\" \/>\n\t<meta property=\"og:image:height\" content=\"1200\" \/>\n\t<meta property=\"og:image:type\" content=\"image\/jpeg\" \/>\n<meta name=\"twitter:card\" content=\"summary_large_image\" \/>\n<meta name=\"twitter:label1\" content=\"Est. reading time\" \/>\n\t<meta name=\"twitter:data1\" content=\"2 minutes\" \/>\n<script type=\"application\/ld+json\" class=\"yoast-schema-graph\">{\"@context\":\"https:\/\/schema.org\",\"@graph\":[{\"@type\":\"WebPage\",\"@id\":\"https:\/\/dev.monti.lt\/product\/zaidimas-stalo-tenisas\/\",\"url\":\"https:\/\/dev.monti.lt\/product\/zaidimas-stalo-tenisas\/\",\"name\":\"\u017eaidimas \\\"stalo tenisas\\\" - Montessori \u017eaislai\",\"isPartOf\":{\"@id\":\"https:\/\/dev.monti.lt\/#website\"},\"primaryImageOfPage\":{\"@id\":\"https:\/\/dev.monti.lt\/product\/zaidimas-stalo-tenisas\/#primaryimage\"},\"image\":{\"@id\":\"https:\/\/dev.monti.lt\/product\/zaidimas-stalo-tenisas\/#primaryimage\"},\"thumbnailUrl\":\"https:\/\/dev.monti.lt\/wp-content\/uploads\/2024\/03\/Table-tennis-ping-pong-net-palettes-set-92726.jpg\",\"datePublished\":\"2024-03-14T14:49:36+00:00\",\"dateModified\":\"2024-07-01T06:50:44+00:00\",\"breadcrumb\":{\"@id\":\"https:\/\/dev.monti.lt\/product\/zaidimas-stalo-tenisas\/#breadcrumb\"},\"inLanguage\":\"en-US\",\"potentialAction\":[{\"@type\":\"ReadAction\",\"target\":[\"https:\/\/dev.monti.lt\/product\/zaidimas-stalo-tenisas\/\"]}]},{\"@type\":\"ImageObject\",\"inLanguage\":\"en-US\",\"@id\":\"https:\/\/dev.monti.lt\/product\/zaidimas-stalo-tenisas\/#primaryimage\",\"url\":\"https:\/\/dev.monti.lt\/wp-content\/uploads\/2024\/03\/Table-tennis-ping-pong-net-palettes-set-92726.jpg\",\"contentUrl\":\"https:\/\/dev.monti.lt\/wp-content\/uploads\/2024\/03\/Table-tennis-ping-pong-net-palettes-set-92726.jpg\",\"width\":1600,\"height\":1200},{\"@type\":\"BreadcrumbList\",\"@id\":\"https:\/\/dev.monti.lt\/product\/zaidimas-stalo-tenisas\/#breadcrumb\",\"itemListElement\":[{\"@type\":\"ListItem\",\"position\":1,\"name\":\"Home\",\"item\":\"https:\/\/dev.monti.lt\/\"},{\"@type\":\"ListItem\",\"position\":2,\"name\":\"Parduotuv\u0117\",\"item\":\"https:\/\/dev.monti.lt\/shop\/\"},{\"@type\":\"ListItem\",\"position\":3,\"name\":\"\u017eaidimas &#8220;stalo tenisas&#8221;\"}]},{\"@type\":\"WebSite\",\"@id\":\"https:\/\/dev.monti.lt\/#website\",\"url\":\"https:\/\/dev.monti.lt\/\",\"name\":\"Montessori \u017eaislai\",\"description\":\"\",\"publisher\":{\"@id\":\"https:\/\/dev.monti.lt\/#organization\"},\"potentialAction\":[{\"@type\":\"SearchAction\",\"target\":{\"@type\":\"EntryPoint\",\"urlTemplate\":\"https:\/\/dev.monti.lt\/?s={search_term_string}\"},\"query-input\":\"required name=search_term_string\"}],\"inLanguage\":\"en-US\"},{\"@type\":\"Organization\",\"@id\":\"https:\/\/dev.monti.lt\/#organization\",\"name\":\"Montessori \u017eaislai\",\"url\":\"https:\/\/dev.monti.lt\/\",\"logo\":{\"@type\":\"ImageObject\",\"inLanguage\":\"en-US\",\"@id\":\"https:\/\/dev.monti.lt\/#\/schema\/logo\/image\/\",\"url\":\"https:\/\/dev.monti.lt\/wp-content\/uploads\/2022\/03\/montilogo-1.png\",\"contentUrl\":\"https:\/\/dev.monti.lt\/wp-content\/uploads\/2022\/03\/montilogo-1.png\",\"width\":512,\"height\":512,\"caption\":\"Montessori \u017eaislai\"},\"image\":{\"@id\":\"https:\/\/dev.monti.lt\/#\/schema\/logo\/image\/\"}}]}<\/script>\n<!-- \/ Yoast SEO plugin. -->","yoast_head_json":{"title":"\u017eaidimas \"stalo tenisas\" - Montessori \u017eaislai","robots":{"index":"noindex","follow":"follow","max-snippet":"max-snippet:-1","max-image-preview":"max-image-preview:large","max-video-preview":"max-video-preview:-1"},"og_locale":"en_US","og_type":"article","og_title":"\u017eaidimas \"stalo tenisas\" - Montessori \u017eaislai","og_description":"STALO TENISO STALO TENISO TINKLELIO PAD\u0116KL\u0172 RINKINYS Stalo tenisas &#8211; tai \u017eaidimas visiems nuo 5 iki 100 met\u0173. Stalo teniso pingpongo rinkin\u012f&nbsp;lengva&nbsp;surinkti. Tinklel\u012f sumontuosime prakti\u0161kai ant bet kokio stalo, o raket\u0117s ir kamuoliukai leis i\u0161kart prad\u0117ti \u012fdomius \u017eaidimus.&nbsp; Raket\u0117s skirtos pramoginiam \u017eaidimui, naudojama guma u\u017etikrina greit\u012f ir labai ger\u0105 kontrol\u0119. Sumontavus tinkl\u0105 jis gerai i\u0161sitempia, [&hellip;]","og_url":"https:\/\/dev.monti.lt\/en\/product\/zaidimas-stalo-tenisas\/","og_site_name":"Montessori \u017eaislai","article_modified_time":"2024-07-01T06:50:44+00:00","og_image":[{"width":1600,"height":1200,"url":"https:\/\/dev.monti.lt\/wp-content\/uploads\/2024\/03\/Table-tennis-ping-pong-net-palettes-set-92726.jpg","type":"image\/jpeg"}],"twitter_card":"summary_large_image","twitter_misc":{"Est. reading time":"2 minutes"},"schema":{"@context":"https:\/\/schema.org","@graph":[{"@type":"WebPage","@id":"https:\/\/dev.monti.lt\/product\/zaidimas-stalo-tenisas\/","url":"https:\/\/dev.monti.lt\/product\/zaidimas-stalo-tenisas\/","name":"\u017eaidimas \"stalo tenisas\" - Montessori \u017eaislai","isPartOf":{"@id":"https:\/\/dev.monti.lt\/#website"},"primaryImageOfPage":{"@id":"https:\/\/dev.monti.lt\/product\/zaidimas-stalo-tenisas\/#primaryimage"},"image":{"@id":"https:\/\/dev.monti.lt\/product\/zaidimas-stalo-tenisas\/#primaryimage"},"thumbnailUrl":"https:\/\/dev.monti.lt\/wp-content\/uploads\/2024\/03\/Table-tennis-ping-pong-net-palettes-set-92726.jpg","datePublished":"2024-03-14T14:49:36+00:00","dateModified":"2024-07-01T06:50:44+00:00","breadcrumb":{"@id":"https:\/\/dev.monti.lt\/product\/zaidimas-stalo-tenisas\/#breadcrumb"},"inLanguage":"en-US","potentialAction":[{"@type":"ReadAction","target":["https:\/\/dev.monti.lt\/product\/zaidimas-stalo-tenisas\/"]}]},{"@type":"ImageObject","inLanguage":"en-US","@id":"https:\/\/dev.monti.lt\/product\/zaidimas-stalo-tenisas\/#primaryimage","url":"https:\/\/dev.monti.lt\/wp-content\/uploads\/2024\/03\/Table-tennis-ping-pong-net-palettes-set-92726.jpg","contentUrl":"https:\/\/dev.monti.lt\/wp-content\/uploads\/2024\/03\/Table-tennis-ping-pong-net-palettes-set-92726.jpg","width":1600,"height":1200},{"@type":"BreadcrumbList","@id":"https:\/\/dev.monti.lt\/product\/zaidimas-stalo-tenisas\/#breadcrumb","itemListElement":[{"@type":"ListItem","position":1,"name":"Home","item":"https:\/\/dev.monti.lt\/"},{"@type":"ListItem","position":2,"name":"Parduotuv\u0117","item":"https:\/\/dev.monti.lt\/shop\/"},{"@type":"ListItem","position":3,"name":"\u017eaidimas &#8220;stalo tenisas&#8221;"}]},{"@type":"WebSite","@id":"https:\/\/dev.monti.lt\/#website","url":"https:\/\/dev.monti.lt\/","name":"Montessori \u017eaislai","description":"","publisher":{"@id":"https:\/\/dev.monti.lt\/#organization"},"potentialAction":[{"@type":"SearchAction","target":{"@type":"EntryPoint","urlTemplate":"https:\/\/dev.monti.lt\/?s={search_term_string}"},"query-input":"required name=search_term_string"}],"inLanguage":"en-US"},{"@type":"Organization","@id":"https:\/\/dev.monti.lt\/#organization","name":"Montessori \u017eaislai","url":"https:\/\/dev.monti.lt\/","logo":{"@type":"ImageObject","inLanguage":"en-US","@id":"https:\/\/dev.monti.lt\/#\/schema\/logo\/image\/","url":"https:\/\/dev.monti.lt\/wp-content\/uploads\/2022\/03\/montilogo-1.png","contentUrl":"https:\/\/dev.monti.lt\/wp-content\/uploads\/2022\/03\/montilogo-1.png","width":512,"height":512,"caption":"Montessori \u017eaislai"},"image":{"@id":"https:\/\/dev.monti.lt\/#\/schema\/logo\/image\/"}}]}},"_links":{"self":[{"href":"https:\/\/dev.monti.lt\/en\/wp-json\/wp\/v2\/product\/22608"}],"collection":[{"href":"https:\/\/dev.monti.lt\/en\/wp-json\/wp\/v2\/product"}],"about":[{"href":"https:\/\/dev.monti.lt\/en\/wp-json\/wp\/v2\/types\/product"}],"version-history":[{"count":1,"href":"https:\/\/dev.monti.lt\/en\/wp-json\/wp\/v2\/product\/22608\/revisions"}],"predecessor-version":[{"id":22616,"href":"https:\/\/dev.monti.lt\/en\/wp-json\/wp\/v2\/product\/22608\/revisions\/22616"}],"wp:featuredmedia":[{"embeddable":true,"href":"https:\/\/dev.monti.lt\/en\/wp-json\/wp\/v2\/media\/22609"}],"wp:attachment":[{"href":"https:\/\/dev.monti.lt\/en\/wp-json\/wp\/v2\/media?parent=22608"}],"wp:term":[{"taxonomy":"product_cat","embeddable":true,"href":"https:\/\/dev.monti.lt\/en\/wp-json\/wp\/v2\/product_cat?post=22608"},{"taxonomy":"product_tag","embeddable":true,"href":"https:\/\/dev.monti.lt\/en\/wp-json\/wp\/v2\/product_tag?post=22608"}],"curies":[{"name":"wp","href":"https:\/\/api.w.org\/{rel}","templated":true}]}}