{"id":22605,"date":"2024-03-14T14:45:43","date_gmt":"2024-03-14T14:45:43","guid":{"rendered":"https:\/\/dev.monti.lt\/?post_type=product&#038;p=22605"},"modified":"2024-09-26T05:55:42","modified_gmt":"2024-09-26T05:55:42","slug":"astronautas-zvaigzdziu-projektorius","status":"publish","type":"product","link":"https:\/\/dev.monti.lt\/en\/product\/astronautas-zvaigzdziu-projektorius\/","title":{"rendered":"Astronautas-\u017evaig\u017ed\u017ei\u0173 projektorius"},"content":{"rendered":"<p><strong>\u017dvaig\u017ed\u017ei\u0173 projektorius<\/strong>&nbsp;yra unikalus pasirinkimas visiems, norintiems savo interjerui suteikti nepakartojam\u0105 atmosfer\u0105.&nbsp;<strong>Astronauto formos \u0161viestuvas<\/strong>&nbsp;ant sien\u0173 ir lub\u0173&nbsp;<strong>sukuria \u017evaig\u017ed\u0117to dangaus efekt\u0105<\/strong>. Projektorius taip pat puikiai tinka kaip naktin\u0117 lemput\u0117 vaikams, kurie bijo tamsos.&nbsp;<strong>Astronauto galva sukasi 360 laipsni\u0173 kampu<\/strong>, tod\u0117l galima keisti \u0161viesos kamp\u0105. Be to,&nbsp;<strong>pridedamas nuotolinio valdymo pultelis<\/strong>&nbsp;leid\u017eia tiksliau reguliuoti.<\/p><p><strong>Technin\u0117s specifikacijos:<\/strong><\/p><ul class=\"wp-block-list\"><li>Med\u017eiaga: MED\u017dIAGA: ABS, PVC<\/li>\n\n<li>Spalva: balta<\/li>\n\n<li>\u0160viesos maitinimas: \u0160viesos \u0161altinis: 100-240 V ~50\/60 Hz 0,5 A<\/li>\n\n<li>Nuotolinio valdymo pulto maitinimo \u0161altinis: Nuotolinio valdymo pulto maitinimo \u0161altinis: 1 x AAA baterija (ne\u012ftraukta \u012f komplekt\u0105)<\/li>\n\n<li>Darbin\u0117 temperat\u016bra: 10\u00b0C-60\u00b0C<\/li>\n\n<li>USB laido ilgis: 1 m<\/li>\n\n<li>\u0160viesos matmenys: 12,5 cm x 8,5 cm x 7,6 cm<\/li>\n\n<li>Pakuot\u0117s matmenys: 13 cm x 8 cm x 10 cm<\/li><\/ul><p><strong>Pakuot\u0117s turinys:<\/strong><\/p><ul class=\"wp-block-list\"><li>Nakties \u0161viesa<\/li>\n\n<li>Nuotolinio valdymo pultas<\/li>\n\n<li>USB laidas<\/li><\/ul><p>Astronaut\u0173 \u017evaig\u017ed\u017ei\u0173 projektorius&nbsp;<strong>pagamintas i\u0161 patvari\u0173 ir saugi\u0173 med\u017eiag\u0173,<\/strong>&nbsp;patvirtint\u0173 CE sertifikatu.<\/p><p>Gaminys supakuotas \u012f kartonin\u0119 d\u0117\u017eut\u0119.<\/p>","protected":false},"excerpt":{"rendered":"<p>\u017dvaig\u017ed\u017ei\u0173 projektorius&nbsp;yra unikalus pasirinkimas visiems, norintiems savo interjerui suteikti nepakartojam\u0105 atmosfer\u0105.&nbsp;Astronauto formos \u0161viestuvas&nbsp;ant sien\u0173 ir lub\u0173&nbsp;sukuria \u017evaig\u017ed\u0117to dangaus efekt\u0105. Projektorius taip pat puikiai tinka kaip naktin\u0117 lemput\u0117 vaikams, kurie bijo tamsos.&nbsp;Astronauto galva sukasi 360 laipsni\u0173 kampu, tod\u0117l galima keisti \u0161viesos kamp\u0105. Be to,&nbsp;pridedamas nuotolinio valdymo pultelis&nbsp;leid\u017eia tiksliau reguliuoti. Technin\u0117s specifikacijos: Pakuot\u0117s turinys: Astronaut\u0173 \u017evaig\u017ed\u017ei\u0173 projektorius&nbsp;pagamintas [&hellip;]<\/p>","protected":false},"featured_media":22606,"template":"","meta":{"iawp_total_views":145},"product_cat":[193,194,195,216,217,197,196,191,82,81,84,90,50,93,49,39],"product_tag":[96,97,98,99],"class_list":{"0":"post-22605","1":"product","2":"type-product","3":"status-publish","4":"has-post-thumbnail","6":"product_cat-dovanos-vaikams-1-2-metu","7":"product_cat-dovanos-vaikams-2-3-metu","8":"product_cat-dovanos-vaikams-3-4-metu","9":"product_cat-dovanos-4-5-metu-vaikams","10":"product_cat-dovanos-5-7-metu-vaikams","11":"product_cat-dovanos-berniukams","12":"product_cat-dovanos-mergaitems","13":"product_cat-dovanos-vaikams","14":"product_cat-ispardavimas","15":"product_cat-kiti-zaislai","16":"product_cat-lavinamieji-zaislai","17":"product_cat-pasaulio-pazinimas","18":"product_cat-top-dovanos","19":"product_cat-vaidmenu-zaidimai","20":"product_cat-visi-zaislai","21":"product_cat-zaislai","22":"product_tag-2-m-3-m","23":"product_tag-3-m-4-m","24":"product_tag-5-m-7-m","25":"product_tag-8-m-11-m","27":"first","28":"instock","29":"sale","30":"taxable","31":"shipping-taxable","32":"purchasable","33":"product-type-simple"},"yoast_head":"<!-- This site is optimized with the Yoast SEO plugin v23.3 - https:\/\/yoast.com\/wordpress\/plugins\/seo\/ -->\n<title>Astronautas-\u017evaig\u017ed\u017ei\u0173 projektorius - Montessori \u017eaislai<\/title>\n<meta name=\"robots\" content=\"noindex, follow, max-snippet:-1, max-image-preview:large, max-video-preview:-1\" \/>\n<meta property=\"og:locale\" content=\"en_US\" \/>\n<meta property=\"og:type\" content=\"article\" \/>\n<meta property=\"og:title\" content=\"Astronautas-\u017evaig\u017ed\u017ei\u0173 projektorius - Montessori \u017eaislai\" \/>\n<meta property=\"og:description\" content=\"\u017dvaig\u017ed\u017ei\u0173 projektorius&nbsp;yra unikalus pasirinkimas visiems, norintiems savo interjerui suteikti nepakartojam\u0105 atmosfer\u0105.&nbsp;Astronauto formos \u0161viestuvas&nbsp;ant sien\u0173 ir lub\u0173&nbsp;sukuria \u017evaig\u017ed\u0117to dangaus efekt\u0105. Projektorius taip pat puikiai tinka kaip naktin\u0117 lemput\u0117 vaikams, kurie bijo tamsos.&nbsp;Astronauto galva sukasi 360 laipsni\u0173 kampu, tod\u0117l galima keisti \u0161viesos kamp\u0105. Be to,&nbsp;pridedamas nuotolinio valdymo pultelis&nbsp;leid\u017eia tiksliau reguliuoti. Technin\u0117s specifikacijos: Pakuot\u0117s turinys: Astronaut\u0173 \u017evaig\u017ed\u017ei\u0173 projektorius&nbsp;pagamintas [&hellip;]\" \/>\n<meta property=\"og:url\" content=\"https:\/\/dev.monti.lt\/en\/product\/astronautas-zvaigzdziu-projektorius\/\" \/>\n<meta property=\"og:site_name\" content=\"Montessori \u017eaislai\" \/>\n<meta property=\"article:modified_time\" content=\"2024-09-26T05:55:42+00:00\" \/>\n<meta property=\"og:image\" content=\"https:\/\/dev.monti.lt\/wp-content\/uploads\/2024\/03\/KX393596528.jpg\" \/>\n\t<meta property=\"og:image:width\" content=\"612\" \/>\n\t<meta property=\"og:image:height\" content=\"443\" \/>\n\t<meta property=\"og:image:type\" content=\"image\/jpeg\" \/>\n<meta name=\"twitter:card\" content=\"summary_large_image\" \/>\n<meta name=\"twitter:label1\" content=\"Est. reading time\" \/>\n\t<meta name=\"twitter:data1\" content=\"1 minute\" \/>\n<script type=\"application\/ld+json\" class=\"yoast-schema-graph\">{\"@context\":\"https:\/\/schema.org\",\"@graph\":[{\"@type\":\"WebPage\",\"@id\":\"https:\/\/dev.monti.lt\/product\/astronautas-zvaigzdziu-projektorius\/\",\"url\":\"https:\/\/dev.monti.lt\/product\/astronautas-zvaigzdziu-projektorius\/\",\"name\":\"Astronautas-\u017evaig\u017ed\u017ei\u0173 projektorius - Montessori \u017eaislai\",\"isPartOf\":{\"@id\":\"https:\/\/dev.monti.lt\/#website\"},\"primaryImageOfPage\":{\"@id\":\"https:\/\/dev.monti.lt\/product\/astronautas-zvaigzdziu-projektorius\/#primaryimage\"},\"image\":{\"@id\":\"https:\/\/dev.monti.lt\/product\/astronautas-zvaigzdziu-projektorius\/#primaryimage\"},\"thumbnailUrl\":\"https:\/\/dev.monti.lt\/wp-content\/uploads\/2024\/03\/KX393596528.jpg\",\"datePublished\":\"2024-03-14T14:45:43+00:00\",\"dateModified\":\"2024-09-26T05:55:42+00:00\",\"breadcrumb\":{\"@id\":\"https:\/\/dev.monti.lt\/product\/astronautas-zvaigzdziu-projektorius\/#breadcrumb\"},\"inLanguage\":\"en-US\",\"potentialAction\":[{\"@type\":\"ReadAction\",\"target\":[\"https:\/\/dev.monti.lt\/product\/astronautas-zvaigzdziu-projektorius\/\"]}]},{\"@type\":\"ImageObject\",\"inLanguage\":\"en-US\",\"@id\":\"https:\/\/dev.monti.lt\/product\/astronautas-zvaigzdziu-projektorius\/#primaryimage\",\"url\":\"https:\/\/dev.monti.lt\/wp-content\/uploads\/2024\/03\/KX393596528.jpg\",\"contentUrl\":\"https:\/\/dev.monti.lt\/wp-content\/uploads\/2024\/03\/KX393596528.jpg\",\"width\":612,\"height\":443,\"caption\":\"astronautas\"},{\"@type\":\"BreadcrumbList\",\"@id\":\"https:\/\/dev.monti.lt\/product\/astronautas-zvaigzdziu-projektorius\/#breadcrumb\",\"itemListElement\":[{\"@type\":\"ListItem\",\"position\":1,\"name\":\"Home\",\"item\":\"https:\/\/dev.monti.lt\/\"},{\"@type\":\"ListItem\",\"position\":2,\"name\":\"Parduotuv\u0117\",\"item\":\"https:\/\/dev.monti.lt\/shop\/\"},{\"@type\":\"ListItem\",\"position\":3,\"name\":\"Astronautas-\u017evaig\u017ed\u017ei\u0173 projektorius\"}]},{\"@type\":\"WebSite\",\"@id\":\"https:\/\/dev.monti.lt\/#website\",\"url\":\"https:\/\/dev.monti.lt\/\",\"name\":\"Montessori \u017eaislai\",\"description\":\"\",\"publisher\":{\"@id\":\"https:\/\/dev.monti.lt\/#organization\"},\"potentialAction\":[{\"@type\":\"SearchAction\",\"target\":{\"@type\":\"EntryPoint\",\"urlTemplate\":\"https:\/\/dev.monti.lt\/?s={search_term_string}\"},\"query-input\":\"required name=search_term_string\"}],\"inLanguage\":\"en-US\"},{\"@type\":\"Organization\",\"@id\":\"https:\/\/dev.monti.lt\/#organization\",\"name\":\"Montessori \u017eaislai\",\"url\":\"https:\/\/dev.monti.lt\/\",\"logo\":{\"@type\":\"ImageObject\",\"inLanguage\":\"en-US\",\"@id\":\"https:\/\/dev.monti.lt\/#\/schema\/logo\/image\/\",\"url\":\"https:\/\/dev.monti.lt\/wp-content\/uploads\/2022\/03\/montilogo-1.png\",\"contentUrl\":\"https:\/\/dev.monti.lt\/wp-content\/uploads\/2022\/03\/montilogo-1.png\",\"width\":512,\"height\":512,\"caption\":\"Montessori \u017eaislai\"},\"image\":{\"@id\":\"https:\/\/dev.monti.lt\/#\/schema\/logo\/image\/\"}}]}<\/script>\n<!-- \/ Yoast SEO plugin. -->","yoast_head_json":{"title":"Astronautas-\u017evaig\u017ed\u017ei\u0173 projektorius - Montessori \u017eaislai","robots":{"index":"noindex","follow":"follow","max-snippet":"max-snippet:-1","max-image-preview":"max-image-preview:large","max-video-preview":"max-video-preview:-1"},"og_locale":"en_US","og_type":"article","og_title":"Astronautas-\u017evaig\u017ed\u017ei\u0173 projektorius - Montessori \u017eaislai","og_description":"\u017dvaig\u017ed\u017ei\u0173 projektorius&nbsp;yra unikalus pasirinkimas visiems, norintiems savo interjerui suteikti nepakartojam\u0105 atmosfer\u0105.&nbsp;Astronauto formos \u0161viestuvas&nbsp;ant sien\u0173 ir lub\u0173&nbsp;sukuria \u017evaig\u017ed\u0117to dangaus efekt\u0105. Projektorius taip pat puikiai tinka kaip naktin\u0117 lemput\u0117 vaikams, kurie bijo tamsos.&nbsp;Astronauto galva sukasi 360 laipsni\u0173 kampu, tod\u0117l galima keisti \u0161viesos kamp\u0105. Be to,&nbsp;pridedamas nuotolinio valdymo pultelis&nbsp;leid\u017eia tiksliau reguliuoti. Technin\u0117s specifikacijos: Pakuot\u0117s turinys: Astronaut\u0173 \u017evaig\u017ed\u017ei\u0173 projektorius&nbsp;pagamintas [&hellip;]","og_url":"https:\/\/dev.monti.lt\/en\/product\/astronautas-zvaigzdziu-projektorius\/","og_site_name":"Montessori \u017eaislai","article_modified_time":"2024-09-26T05:55:42+00:00","og_image":[{"width":612,"height":443,"url":"https:\/\/dev.monti.lt\/wp-content\/uploads\/2024\/03\/KX393596528.jpg","type":"image\/jpeg"}],"twitter_card":"summary_large_image","twitter_misc":{"Est. reading time":"1 minute"},"schema":{"@context":"https:\/\/schema.org","@graph":[{"@type":"WebPage","@id":"https:\/\/dev.monti.lt\/product\/astronautas-zvaigzdziu-projektorius\/","url":"https:\/\/dev.monti.lt\/product\/astronautas-zvaigzdziu-projektorius\/","name":"Astronautas-\u017evaig\u017ed\u017ei\u0173 projektorius - Montessori \u017eaislai","isPartOf":{"@id":"https:\/\/dev.monti.lt\/#website"},"primaryImageOfPage":{"@id":"https:\/\/dev.monti.lt\/product\/astronautas-zvaigzdziu-projektorius\/#primaryimage"},"image":{"@id":"https:\/\/dev.monti.lt\/product\/astronautas-zvaigzdziu-projektorius\/#primaryimage"},"thumbnailUrl":"https:\/\/dev.monti.lt\/wp-content\/uploads\/2024\/03\/KX393596528.jpg","datePublished":"2024-03-14T14:45:43+00:00","dateModified":"2024-09-26T05:55:42+00:00","breadcrumb":{"@id":"https:\/\/dev.monti.lt\/product\/astronautas-zvaigzdziu-projektorius\/#breadcrumb"},"inLanguage":"en-US","potentialAction":[{"@type":"ReadAction","target":["https:\/\/dev.monti.lt\/product\/astronautas-zvaigzdziu-projektorius\/"]}]},{"@type":"ImageObject","inLanguage":"en-US","@id":"https:\/\/dev.monti.lt\/product\/astronautas-zvaigzdziu-projektorius\/#primaryimage","url":"https:\/\/dev.monti.lt\/wp-content\/uploads\/2024\/03\/KX393596528.jpg","contentUrl":"https:\/\/dev.monti.lt\/wp-content\/uploads\/2024\/03\/KX393596528.jpg","width":612,"height":443,"caption":"astronautas"},{"@type":"BreadcrumbList","@id":"https:\/\/dev.monti.lt\/product\/astronautas-zvaigzdziu-projektorius\/#breadcrumb","itemListElement":[{"@type":"ListItem","position":1,"name":"Home","item":"https:\/\/dev.monti.lt\/"},{"@type":"ListItem","position":2,"name":"Parduotuv\u0117","item":"https:\/\/dev.monti.lt\/shop\/"},{"@type":"ListItem","position":3,"name":"Astronautas-\u017evaig\u017ed\u017ei\u0173 projektorius"}]},{"@type":"WebSite","@id":"https:\/\/dev.monti.lt\/#website","url":"https:\/\/dev.monti.lt\/","name":"Montessori \u017eaislai","description":"","publisher":{"@id":"https:\/\/dev.monti.lt\/#organization"},"potentialAction":[{"@type":"SearchAction","target":{"@type":"EntryPoint","urlTemplate":"https:\/\/dev.monti.lt\/?s={search_term_string}"},"query-input":"required name=search_term_string"}],"inLanguage":"en-US"},{"@type":"Organization","@id":"https:\/\/dev.monti.lt\/#organization","name":"Montessori \u017eaislai","url":"https:\/\/dev.monti.lt\/","logo":{"@type":"ImageObject","inLanguage":"en-US","@id":"https:\/\/dev.monti.lt\/#\/schema\/logo\/image\/","url":"https:\/\/dev.monti.lt\/wp-content\/uploads\/2022\/03\/montilogo-1.png","contentUrl":"https:\/\/dev.monti.lt\/wp-content\/uploads\/2022\/03\/montilogo-1.png","width":512,"height":512,"caption":"Montessori \u017eaislai"},"image":{"@id":"https:\/\/dev.monti.lt\/#\/schema\/logo\/image\/"}}]}},"_links":{"self":[{"href":"https:\/\/dev.monti.lt\/en\/wp-json\/wp\/v2\/product\/22605"}],"collection":[{"href":"https:\/\/dev.monti.lt\/en\/wp-json\/wp\/v2\/product"}],"about":[{"href":"https:\/\/dev.monti.lt\/en\/wp-json\/wp\/v2\/types\/product"}],"version-history":[{"count":1,"href":"https:\/\/dev.monti.lt\/en\/wp-json\/wp\/v2\/product\/22605\/revisions"}],"predecessor-version":[{"id":22607,"href":"https:\/\/dev.monti.lt\/en\/wp-json\/wp\/v2\/product\/22605\/revisions\/22607"}],"wp:featuredmedia":[{"embeddable":true,"href":"https:\/\/dev.monti.lt\/en\/wp-json\/wp\/v2\/media\/22606"}],"wp:attachment":[{"href":"https:\/\/dev.monti.lt\/en\/wp-json\/wp\/v2\/media?parent=22605"}],"wp:term":[{"taxonomy":"product_cat","embeddable":true,"href":"https:\/\/dev.monti.lt\/en\/wp-json\/wp\/v2\/product_cat?post=22605"},{"taxonomy":"product_tag","embeddable":true,"href":"https:\/\/dev.monti.lt\/en\/wp-json\/wp\/v2\/product_tag?post=22605"}],"curies":[{"name":"wp","href":"https:\/\/api.w.org\/{rel}","templated":true}]}}