{"id":22577,"date":"2024-03-14T14:22:02","date_gmt":"2024-03-14T14:22:02","guid":{"rendered":"https:\/\/dev.monti.lt\/?post_type=product&#038;p=22577"},"modified":"2024-10-01T19:44:56","modified_gmt":"2024-10-01T19:44:56","slug":"viga-medinis-stumdukas-zalias","status":"publish","type":"product","link":"https:\/\/dev.monti.lt\/en\/product\/viga-medinis-stumdukas-zalias\/","title":{"rendered":"Viga medinis stumdukas \u017ealias"},"content":{"rendered":"<p>Vertingo \u017eaisl\u0173 gamintojo &#8221;&nbsp;<strong>Viga&#8221;<\/strong>&nbsp;sukurtame&nbsp;<strong>lavinamajame stumtuve<\/strong>&nbsp;vaikams i\u0161 serijos &#8221;&nbsp;<strong>PolarB&#8221;<\/strong>&nbsp;yra daug atrakcion\u0173, kurie sudomins ir ilgam u\u017eims ma\u017eylius. Jame yra rit\u0117s, apver\u010diamosios lentos, vaivoryk\u0161tiniai karoliukai ir slankiojanti lenta. Tai leid\u017eia vaikui lavinti poj\u016b\u010dius ir tyrin\u0117ti j\u012f supant\u012f pasaul\u012f. Vaik\u0161tyn\u0117je taip pat yra veidrod\u0117lis ir form\u0173 r\u016b\u0161iavimo skyrius, kuris teigiamai veikia pa\u017eintin\u0119 raid\u0105.<\/p><p>Vaik\u0161tyn\u0117 ne tik suteikia pramog\u0105, bet ir padeda vaikui \u017eengti pirmuosius \u017eingsnius ir i\u0161mokti vaik\u0161\u010dioti. Su ja ma\u017eylis \u012fgyja pasitik\u0117jimo savimi ir lavina judesi\u0173 koordinacij\u0105.<\/p><p>Be to, vaik\u0161tyn\u0117s galin\u0117je dalyje yra audeklas, kur\u012f galima naudoti kaip viet\u0105 \u017eaislams ir kitiems reikalingiems priedams laikyti.<\/p><p><strong>Charakteristikos:<\/strong><\/p><ul class=\"wp-block-list\"><li><strong>&#8211; skirta vaikams nuo 18 m\u0117nesi\u0173 am\u017eiaus<\/strong><\/li>\n\n<li>&#8211; turniketai<\/li>\n\n<li>&#8211; apver\u010diamos lentos<\/li>\n\n<li>&#8211; vaivoryk\u0161t\u0117s karoliukai<\/li>\n\n<li>&#8211; slankiojanti lenta<\/li>\n\n<li>&#8211; veidrodis<\/li>\n\n<li>&#8211; form\u0173 r\u016b\u0161iavimas<\/li><\/ul><p><strong>\u017daislas lavina:<\/strong><\/p><ul class=\"wp-block-list\"><li>&#8211; Motorinius \u012fg\u016bd\u017eius<\/li>\n\n<li>&#8211; rank\u0173 ir koj\u0173 miklum\u0105<\/li>\n\n<li>&#8211; vaik\u0161\u010diojimo \u012fg\u016bd\u017eius<\/li>\n\n<li>&#8211; Motoriniai \u012fg\u016bd\u017eiai<\/li><\/ul>","protected":false},"excerpt":{"rendered":"<p>Vertingo \u017eaisl\u0173 gamintojo &#8221;&nbsp;Viga&#8221;&nbsp;sukurtame&nbsp;lavinamajame stumtuve&nbsp;vaikams i\u0161 serijos &#8221;&nbsp;PolarB&#8221;&nbsp;yra daug atrakcion\u0173, kurie sudomins ir ilgam u\u017eims ma\u017eylius. Jame yra rit\u0117s, apver\u010diamosios lentos, vaivoryk\u0161tiniai karoliukai ir slankiojanti lenta. Tai leid\u017eia vaikui lavinti poj\u016b\u010dius ir tyrin\u0117ti j\u012f supant\u012f pasaul\u012f. Vaik\u0161tyn\u0117je taip pat yra veidrod\u0117lis ir form\u0173 r\u016b\u0161iavimo skyrius, kuris teigiamai veikia pa\u017eintin\u0119 raid\u0105. Vaik\u0161tyn\u0117 ne tik suteikia pramog\u0105, [&hellip;]<\/p>","protected":false},"featured_media":22578,"template":"","meta":{"iawp_total_views":884},"product_cat":[213,193,200,191,82,84,91,102,90,50,49,39],"product_tag":[95,94],"class_list":{"0":"post-22577","1":"product","2":"type-product","3":"status-publish","4":"has-post-thumbnail","6":"product_cat-akcija","7":"product_cat-dovanos-vaikams-1-2-metu","8":"product_cat-dovanos-kudikiams","9":"product_cat-dovanos-vaikams","10":"product_cat-ispardavimas","11":"product_cat-lavinamieji-zaislai","12":"product_cat-loginiam-mastymui","13":"product_cat-mediniai-zaislai","14":"product_cat-pasaulio-pazinimas","15":"product_cat-top-dovanos","16":"product_cat-visi-zaislai","17":"product_cat-zaislai","18":"product_tag-1-m-2-m","19":"product_tag-iki-1-m","21":"first","22":"instock","23":"sale","24":"taxable","25":"shipping-taxable","26":"purchasable","27":"product-type-simple"},"yoast_head":"<!-- This site is optimized with the Yoast SEO plugin v23.3 - https:\/\/yoast.com\/wordpress\/plugins\/seo\/ -->\n<title>Viga medinis stumdukas \u017ealias - Montessori \u017eaislai<\/title>\n<meta name=\"robots\" content=\"noindex, follow, max-snippet:-1, max-image-preview:large, max-video-preview:-1\" \/>\n<meta property=\"og:locale\" content=\"en_US\" \/>\n<meta property=\"og:type\" content=\"article\" \/>\n<meta property=\"og:title\" content=\"Viga medinis stumdukas \u017ealias - Montessori \u017eaislai\" \/>\n<meta property=\"og:description\" content=\"Vertingo \u017eaisl\u0173 gamintojo &#8221;&nbsp;Viga&#8221;&nbsp;sukurtame&nbsp;lavinamajame stumtuve&nbsp;vaikams i\u0161 serijos &#8221;&nbsp;PolarB&#8221;&nbsp;yra daug atrakcion\u0173, kurie sudomins ir ilgam u\u017eims ma\u017eylius. Jame yra rit\u0117s, apver\u010diamosios lentos, vaivoryk\u0161tiniai karoliukai ir slankiojanti lenta. Tai leid\u017eia vaikui lavinti poj\u016b\u010dius ir tyrin\u0117ti j\u012f supant\u012f pasaul\u012f. Vaik\u0161tyn\u0117je taip pat yra veidrod\u0117lis ir form\u0173 r\u016b\u0161iavimo skyrius, kuris teigiamai veikia pa\u017eintin\u0119 raid\u0105. Vaik\u0161tyn\u0117 ne tik suteikia pramog\u0105, [&hellip;]\" \/>\n<meta property=\"og:url\" content=\"https:\/\/dev.monti.lt\/en\/product\/viga-medinis-stumdukas-zalias\/\" \/>\n<meta property=\"og:site_name\" content=\"Montessori \u017eaislai\" \/>\n<meta property=\"article:modified_time\" content=\"2024-10-01T19:44:56+00:00\" \/>\n<meta property=\"og:image\" content=\"https:\/\/dev.monti.lt\/wp-content\/uploads\/2024\/03\/viga-polarb-drewniany-pchacz-chodzik-zielony-edukacyjny.jpg\" \/>\n\t<meta property=\"og:image:width\" content=\"800\" \/>\n\t<meta property=\"og:image:height\" content=\"800\" \/>\n\t<meta property=\"og:image:type\" content=\"image\/jpeg\" \/>\n<meta name=\"twitter:card\" content=\"summary_large_image\" \/>\n<meta name=\"twitter:label1\" content=\"Est. reading time\" \/>\n\t<meta name=\"twitter:data1\" content=\"1 minute\" \/>\n<script type=\"application\/ld+json\" class=\"yoast-schema-graph\">{\"@context\":\"https:\/\/schema.org\",\"@graph\":[{\"@type\":\"WebPage\",\"@id\":\"https:\/\/dev.monti.lt\/product\/viga-medinis-stumdukas-zalias\/\",\"url\":\"https:\/\/dev.monti.lt\/product\/viga-medinis-stumdukas-zalias\/\",\"name\":\"Viga medinis stumdukas \u017ealias - Montessori \u017eaislai\",\"isPartOf\":{\"@id\":\"https:\/\/dev.monti.lt\/#website\"},\"primaryImageOfPage\":{\"@id\":\"https:\/\/dev.monti.lt\/product\/viga-medinis-stumdukas-zalias\/#primaryimage\"},\"image\":{\"@id\":\"https:\/\/dev.monti.lt\/product\/viga-medinis-stumdukas-zalias\/#primaryimage\"},\"thumbnailUrl\":\"https:\/\/dev.monti.lt\/wp-content\/uploads\/2024\/03\/viga-polarb-drewniany-pchacz-chodzik-zielony-edukacyjny.jpg\",\"datePublished\":\"2024-03-14T14:22:02+00:00\",\"dateModified\":\"2024-10-01T19:44:56+00:00\",\"breadcrumb\":{\"@id\":\"https:\/\/dev.monti.lt\/product\/viga-medinis-stumdukas-zalias\/#breadcrumb\"},\"inLanguage\":\"en-US\",\"potentialAction\":[{\"@type\":\"ReadAction\",\"target\":[\"https:\/\/dev.monti.lt\/product\/viga-medinis-stumdukas-zalias\/\"]}]},{\"@type\":\"ImageObject\",\"inLanguage\":\"en-US\",\"@id\":\"https:\/\/dev.monti.lt\/product\/viga-medinis-stumdukas-zalias\/#primaryimage\",\"url\":\"https:\/\/dev.monti.lt\/wp-content\/uploads\/2024\/03\/viga-polarb-drewniany-pchacz-chodzik-zielony-edukacyjny.jpg\",\"contentUrl\":\"https:\/\/dev.monti.lt\/wp-content\/uploads\/2024\/03\/viga-polarb-drewniany-pchacz-chodzik-zielony-edukacyjny.jpg\",\"width\":800,\"height\":800,\"caption\":\"medinis stumdukas\"},{\"@type\":\"BreadcrumbList\",\"@id\":\"https:\/\/dev.monti.lt\/product\/viga-medinis-stumdukas-zalias\/#breadcrumb\",\"itemListElement\":[{\"@type\":\"ListItem\",\"position\":1,\"name\":\"Home\",\"item\":\"https:\/\/dev.monti.lt\/\"},{\"@type\":\"ListItem\",\"position\":2,\"name\":\"Parduotuv\u0117\",\"item\":\"https:\/\/dev.monti.lt\/shop\/\"},{\"@type\":\"ListItem\",\"position\":3,\"name\":\"Viga medinis stumdukas \u017ealias\"}]},{\"@type\":\"WebSite\",\"@id\":\"https:\/\/dev.monti.lt\/#website\",\"url\":\"https:\/\/dev.monti.lt\/\",\"name\":\"Montessori \u017eaislai\",\"description\":\"\",\"publisher\":{\"@id\":\"https:\/\/dev.monti.lt\/#organization\"},\"potentialAction\":[{\"@type\":\"SearchAction\",\"target\":{\"@type\":\"EntryPoint\",\"urlTemplate\":\"https:\/\/dev.monti.lt\/?s={search_term_string}\"},\"query-input\":\"required name=search_term_string\"}],\"inLanguage\":\"en-US\"},{\"@type\":\"Organization\",\"@id\":\"https:\/\/dev.monti.lt\/#organization\",\"name\":\"Montessori \u017eaislai\",\"url\":\"https:\/\/dev.monti.lt\/\",\"logo\":{\"@type\":\"ImageObject\",\"inLanguage\":\"en-US\",\"@id\":\"https:\/\/dev.monti.lt\/#\/schema\/logo\/image\/\",\"url\":\"https:\/\/dev.monti.lt\/wp-content\/uploads\/2022\/03\/montilogo-1.png\",\"contentUrl\":\"https:\/\/dev.monti.lt\/wp-content\/uploads\/2022\/03\/montilogo-1.png\",\"width\":512,\"height\":512,\"caption\":\"Montessori \u017eaislai\"},\"image\":{\"@id\":\"https:\/\/dev.monti.lt\/#\/schema\/logo\/image\/\"}}]}<\/script>\n<!-- \/ Yoast SEO plugin. -->","yoast_head_json":{"title":"Viga medinis stumdukas \u017ealias - Montessori \u017eaislai","robots":{"index":"noindex","follow":"follow","max-snippet":"max-snippet:-1","max-image-preview":"max-image-preview:large","max-video-preview":"max-video-preview:-1"},"og_locale":"en_US","og_type":"article","og_title":"Viga medinis stumdukas \u017ealias - Montessori \u017eaislai","og_description":"Vertingo \u017eaisl\u0173 gamintojo &#8221;&nbsp;Viga&#8221;&nbsp;sukurtame&nbsp;lavinamajame stumtuve&nbsp;vaikams i\u0161 serijos &#8221;&nbsp;PolarB&#8221;&nbsp;yra daug atrakcion\u0173, kurie sudomins ir ilgam u\u017eims ma\u017eylius. Jame yra rit\u0117s, apver\u010diamosios lentos, vaivoryk\u0161tiniai karoliukai ir slankiojanti lenta. Tai leid\u017eia vaikui lavinti poj\u016b\u010dius ir tyrin\u0117ti j\u012f supant\u012f pasaul\u012f. Vaik\u0161tyn\u0117je taip pat yra veidrod\u0117lis ir form\u0173 r\u016b\u0161iavimo skyrius, kuris teigiamai veikia pa\u017eintin\u0119 raid\u0105. Vaik\u0161tyn\u0117 ne tik suteikia pramog\u0105, [&hellip;]","og_url":"https:\/\/dev.monti.lt\/en\/product\/viga-medinis-stumdukas-zalias\/","og_site_name":"Montessori \u017eaislai","article_modified_time":"2024-10-01T19:44:56+00:00","og_image":[{"width":800,"height":800,"url":"https:\/\/dev.monti.lt\/wp-content\/uploads\/2024\/03\/viga-polarb-drewniany-pchacz-chodzik-zielony-edukacyjny.jpg","type":"image\/jpeg"}],"twitter_card":"summary_large_image","twitter_misc":{"Est. reading time":"1 minute"},"schema":{"@context":"https:\/\/schema.org","@graph":[{"@type":"WebPage","@id":"https:\/\/dev.monti.lt\/product\/viga-medinis-stumdukas-zalias\/","url":"https:\/\/dev.monti.lt\/product\/viga-medinis-stumdukas-zalias\/","name":"Viga medinis stumdukas \u017ealias - Montessori \u017eaislai","isPartOf":{"@id":"https:\/\/dev.monti.lt\/#website"},"primaryImageOfPage":{"@id":"https:\/\/dev.monti.lt\/product\/viga-medinis-stumdukas-zalias\/#primaryimage"},"image":{"@id":"https:\/\/dev.monti.lt\/product\/viga-medinis-stumdukas-zalias\/#primaryimage"},"thumbnailUrl":"https:\/\/dev.monti.lt\/wp-content\/uploads\/2024\/03\/viga-polarb-drewniany-pchacz-chodzik-zielony-edukacyjny.jpg","datePublished":"2024-03-14T14:22:02+00:00","dateModified":"2024-10-01T19:44:56+00:00","breadcrumb":{"@id":"https:\/\/dev.monti.lt\/product\/viga-medinis-stumdukas-zalias\/#breadcrumb"},"inLanguage":"en-US","potentialAction":[{"@type":"ReadAction","target":["https:\/\/dev.monti.lt\/product\/viga-medinis-stumdukas-zalias\/"]}]},{"@type":"ImageObject","inLanguage":"en-US","@id":"https:\/\/dev.monti.lt\/product\/viga-medinis-stumdukas-zalias\/#primaryimage","url":"https:\/\/dev.monti.lt\/wp-content\/uploads\/2024\/03\/viga-polarb-drewniany-pchacz-chodzik-zielony-edukacyjny.jpg","contentUrl":"https:\/\/dev.monti.lt\/wp-content\/uploads\/2024\/03\/viga-polarb-drewniany-pchacz-chodzik-zielony-edukacyjny.jpg","width":800,"height":800,"caption":"medinis stumdukas"},{"@type":"BreadcrumbList","@id":"https:\/\/dev.monti.lt\/product\/viga-medinis-stumdukas-zalias\/#breadcrumb","itemListElement":[{"@type":"ListItem","position":1,"name":"Home","item":"https:\/\/dev.monti.lt\/"},{"@type":"ListItem","position":2,"name":"Parduotuv\u0117","item":"https:\/\/dev.monti.lt\/shop\/"},{"@type":"ListItem","position":3,"name":"Viga medinis stumdukas \u017ealias"}]},{"@type":"WebSite","@id":"https:\/\/dev.monti.lt\/#website","url":"https:\/\/dev.monti.lt\/","name":"Montessori \u017eaislai","description":"","publisher":{"@id":"https:\/\/dev.monti.lt\/#organization"},"potentialAction":[{"@type":"SearchAction","target":{"@type":"EntryPoint","urlTemplate":"https:\/\/dev.monti.lt\/?s={search_term_string}"},"query-input":"required name=search_term_string"}],"inLanguage":"en-US"},{"@type":"Organization","@id":"https:\/\/dev.monti.lt\/#organization","name":"Montessori \u017eaislai","url":"https:\/\/dev.monti.lt\/","logo":{"@type":"ImageObject","inLanguage":"en-US","@id":"https:\/\/dev.monti.lt\/#\/schema\/logo\/image\/","url":"https:\/\/dev.monti.lt\/wp-content\/uploads\/2022\/03\/montilogo-1.png","contentUrl":"https:\/\/dev.monti.lt\/wp-content\/uploads\/2022\/03\/montilogo-1.png","width":512,"height":512,"caption":"Montessori \u017eaislai"},"image":{"@id":"https:\/\/dev.monti.lt\/#\/schema\/logo\/image\/"}}]}},"_links":{"self":[{"href":"https:\/\/dev.monti.lt\/en\/wp-json\/wp\/v2\/product\/22577"}],"collection":[{"href":"https:\/\/dev.monti.lt\/en\/wp-json\/wp\/v2\/product"}],"about":[{"href":"https:\/\/dev.monti.lt\/en\/wp-json\/wp\/v2\/types\/product"}],"version-history":[{"count":1,"href":"https:\/\/dev.monti.lt\/en\/wp-json\/wp\/v2\/product\/22577\/revisions"}],"predecessor-version":[{"id":22585,"href":"https:\/\/dev.monti.lt\/en\/wp-json\/wp\/v2\/product\/22577\/revisions\/22585"}],"wp:featuredmedia":[{"embeddable":true,"href":"https:\/\/dev.monti.lt\/en\/wp-json\/wp\/v2\/media\/22578"}],"wp:attachment":[{"href":"https:\/\/dev.monti.lt\/en\/wp-json\/wp\/v2\/media?parent=22577"}],"wp:term":[{"taxonomy":"product_cat","embeddable":true,"href":"https:\/\/dev.monti.lt\/en\/wp-json\/wp\/v2\/product_cat?post=22577"},{"taxonomy":"product_tag","embeddable":true,"href":"https:\/\/dev.monti.lt\/en\/wp-json\/wp\/v2\/product_tag?post=22577"}],"curies":[{"name":"wp","href":"https:\/\/api.w.org\/{rel}","templated":true}]}}