{"id":22564,"date":"2024-03-14T09:27:21","date_gmt":"2024-03-14T09:27:21","guid":{"rendered":"https:\/\/dev.monti.lt\/?post_type=product&#038;p=22564"},"modified":"2024-10-08T17:35:34","modified_gmt":"2024-10-08T17:35:34","slug":"medinis-viga-zaidimas","status":"publish","type":"product","link":"https:\/\/dev.monti.lt\/en\/product\/medinis-viga-zaidimas\/","title":{"rendered":"Medinis Viga \u017eaidimas"},"content":{"rendered":"<p>&#8221;&nbsp;<strong>Viga&#8221; \u017eaidimas &#8220;Aklieji<\/strong>&nbsp;&#8221; ne tik suteiks j\u016bs\u0173 vaikui pramog\u0105, bet ir&nbsp;<strong>lavins esminius mokykloje reikalingus \u012fg\u016bd\u017eius<\/strong>. \u017daidim\u0105 sudaro&nbsp;<strong>20<\/strong>&nbsp;gra\u017eiai pagamint\u0173, spalving\u0173 medini\u0173 kalad\u0117li\u0173,&nbsp;<strong>20<\/strong>&nbsp;\u017eaidimo korteli\u0173 ir pakuot\u0117 su i\u0161pjauta skylute, pro kuri\u0105 vaikas \u017eaid\u017eia &#8220;paliesk ir pajausk&#8221;, taip pat naudojama kaip laikymo priemon\u0117.<\/p><p><strong>Savyb\u0117s:<\/strong><\/p><ul class=\"wp-block-list\"><li>&#8211; Rinkinyje yra 20 kalad\u0117li\u0173, 20 korteli\u0173 ir pakuot\u0117 su i\u0161pjauta skylute, pro kuri\u0105 vaikas \u017eaid\u017eia &#8220;paliesk ir pajusk&#8221;,<\/li>\n\n<li>&#8211; akl\u0173j\u0173 \u017eaidimas si\u016blo 5 \u017eaidimo b\u016bdus: ie\u0161koti, sp\u0117lioti, derinti, r\u016b\u0161iuoti ir prisiminti,<\/li>\n\n<li>&#8211; \u017eaidimas tinka&nbsp;<strong>3<\/strong>&nbsp;met\u0173&nbsp;<strong>ir<\/strong>&nbsp;vyresniems vaikams<\/li>\n\n<li>&#8211; galima \u017eaisti vienam arba su keliais \u017emon\u0117mis.<\/li><\/ul><p><strong>\u017daislas lavina:<\/strong><\/p><ul class=\"wp-block-list\"><li>&#8211; vikrum\u0105,<\/li>\n\n<li>&#8211; pa\u017eintinius \u012fg\u016bd\u017eius,<\/li>\n\n<li>&#8211; smulki\u0105j\u0105 motorik\u0105,<\/li>\n\n<li>&#8211; suvokim\u0105,<\/li>\n\n<li>&#8211; lyt\u0117jimo ir regos poj\u016b\u010dius,<\/li>\n\n<li>&#8211; vaizduot\u0117,<\/li>\n\n<li>&#8211; atmintis,<\/li>\n\n<li>&#8211; spalv\u0173 mokymasis.<\/li><\/ul><p><strong>VIGA TOYS<\/strong>&nbsp;yra gra\u017e\u016bs, apgalvoti ir saug\u016bs&nbsp;<strong>mediniai \u017eaislai<\/strong>. Daugiau nei 20 met\u0173 patirt\u012f sukaupusi \u012fmon\u0117 garantuoja kokyb\u0119 ir puik\u0173 dizain\u0105. Medini\u0173 \u017eaisl\u0173 asortiment\u0105 sudaro: virtuv\u0117l\u0117s, aksesuarai, vaik\u0161tyn\u0117s, dvira\u010diai, lavinamieji \u017eaislai, muzikiniai \u017eaislai, n\u0117rimo \u017eaislai, arkadiniai \u017eaislai, plok\u0161\u010dios kalad\u0117l\u0117s, erdvin\u0117s kalad\u0117l\u0117s, traukinukai ir traukiniai, nameliai ir teatrai, d\u0117lion\u0117s, \u017eaidimai, mini \u017eaislai, mokykliniai reikmenys ir daug kit\u0173.<\/p>","protected":false},"excerpt":{"rendered":"<p>&#8221;&nbsp;Viga&#8221; \u017eaidimas &#8220;Aklieji&nbsp;&#8221; ne tik suteiks j\u016bs\u0173 vaikui pramog\u0105, bet ir&nbsp;lavins esminius mokykloje reikalingus \u012fg\u016bd\u017eius. \u017daidim\u0105 sudaro&nbsp;20&nbsp;gra\u017eiai pagamint\u0173, spalving\u0173 medini\u0173 kalad\u0117li\u0173,&nbsp;20&nbsp;\u017eaidimo korteli\u0173 ir pakuot\u0117 su i\u0161pjauta skylute, pro kuri\u0105 vaikas \u017eaid\u017eia &#8220;paliesk ir pajausk&#8221;, taip pat naudojama kaip laikymo priemon\u0117. Savyb\u0117s: \u017daislas lavina: VIGA TOYS&nbsp;yra gra\u017e\u016bs, apgalvoti ir saug\u016bs&nbsp;mediniai \u017eaislai. Daugiau nei 20 met\u0173 patirt\u012f [&hellip;]<\/p>","protected":false},"featured_media":22565,"template":"","meta":{"iawp_total_views":49},"product_cat":[82,84,102,90,86,49,39],"product_tag":[96,97,98],"class_list":{"0":"post-22564","1":"product","2":"type-product","3":"status-publish","4":"has-post-thumbnail","6":"product_cat-ispardavimas","7":"product_cat-lavinamieji-zaislai","8":"product_cat-mediniai-zaislai","9":"product_cat-pasaulio-pazinimas","10":"product_cat-smulkioji-motorika","11":"product_cat-visi-zaislai","12":"product_cat-zaislai","13":"product_tag-2-m-3-m","14":"product_tag-3-m-4-m","15":"product_tag-5-m-7-m","17":"first","18":"instock","19":"sale","20":"taxable","21":"shipping-taxable","22":"purchasable","23":"product-type-simple"},"yoast_head":"<!-- This site is optimized with the Yoast SEO plugin v23.3 - https:\/\/yoast.com\/wordpress\/plugins\/seo\/ -->\n<title>Medinis Viga \u017eaidimas - Montessori \u017eaislai<\/title>\n<meta name=\"robots\" content=\"noindex, follow, max-snippet:-1, max-image-preview:large, max-video-preview:-1\" \/>\n<meta property=\"og:locale\" content=\"en_US\" \/>\n<meta property=\"og:type\" content=\"article\" \/>\n<meta property=\"og:title\" content=\"Medinis Viga \u017eaidimas - Montessori \u017eaislai\" \/>\n<meta property=\"og:description\" content=\"&#8221;&nbsp;Viga&#8221; \u017eaidimas &#8220;Aklieji&nbsp;&#8221; ne tik suteiks j\u016bs\u0173 vaikui pramog\u0105, bet ir&nbsp;lavins esminius mokykloje reikalingus \u012fg\u016bd\u017eius. \u017daidim\u0105 sudaro&nbsp;20&nbsp;gra\u017eiai pagamint\u0173, spalving\u0173 medini\u0173 kalad\u0117li\u0173,&nbsp;20&nbsp;\u017eaidimo korteli\u0173 ir pakuot\u0117 su i\u0161pjauta skylute, pro kuri\u0105 vaikas \u017eaid\u017eia &#8220;paliesk ir pajausk&#8221;, taip pat naudojama kaip laikymo priemon\u0117. Savyb\u0117s: \u017daislas lavina: VIGA TOYS&nbsp;yra gra\u017e\u016bs, apgalvoti ir saug\u016bs&nbsp;mediniai \u017eaislai. Daugiau nei 20 met\u0173 patirt\u012f [&hellip;]\" \/>\n<meta property=\"og:url\" content=\"https:\/\/dev.monti.lt\/en\/product\/medinis-viga-zaidimas\/\" \/>\n<meta property=\"og:site_name\" content=\"Montessori \u017eaislai\" \/>\n<meta property=\"article:modified_time\" content=\"2024-10-08T17:35:34+00:00\" \/>\n<meta property=\"og:image\" content=\"https:\/\/dev.monti.lt\/wp-content\/uploads\/2024\/03\/viga-drewniana-gra-w-ciemno-losowanie-wzorow.jpg\" \/>\n\t<meta property=\"og:image:width\" content=\"800\" \/>\n\t<meta property=\"og:image:height\" content=\"800\" \/>\n\t<meta property=\"og:image:type\" content=\"image\/jpeg\" \/>\n<meta name=\"twitter:card\" content=\"summary_large_image\" \/>\n<meta name=\"twitter:label1\" content=\"Est. reading time\" \/>\n\t<meta name=\"twitter:data1\" content=\"2 minutes\" \/>\n<script type=\"application\/ld+json\" class=\"yoast-schema-graph\">{\"@context\":\"https:\/\/schema.org\",\"@graph\":[{\"@type\":\"WebPage\",\"@id\":\"https:\/\/dev.monti.lt\/product\/medinis-viga-zaidimas\/\",\"url\":\"https:\/\/dev.monti.lt\/product\/medinis-viga-zaidimas\/\",\"name\":\"Medinis Viga \u017eaidimas - Montessori \u017eaislai\",\"isPartOf\":{\"@id\":\"https:\/\/dev.monti.lt\/#website\"},\"primaryImageOfPage\":{\"@id\":\"https:\/\/dev.monti.lt\/product\/medinis-viga-zaidimas\/#primaryimage\"},\"image\":{\"@id\":\"https:\/\/dev.monti.lt\/product\/medinis-viga-zaidimas\/#primaryimage\"},\"thumbnailUrl\":\"https:\/\/dev.monti.lt\/wp-content\/uploads\/2024\/03\/viga-drewniana-gra-w-ciemno-losowanie-wzorow.jpg\",\"datePublished\":\"2024-03-14T09:27:21+00:00\",\"dateModified\":\"2024-10-08T17:35:34+00:00\",\"breadcrumb\":{\"@id\":\"https:\/\/dev.monti.lt\/product\/medinis-viga-zaidimas\/#breadcrumb\"},\"inLanguage\":\"en-US\",\"potentialAction\":[{\"@type\":\"ReadAction\",\"target\":[\"https:\/\/dev.monti.lt\/product\/medinis-viga-zaidimas\/\"]}]},{\"@type\":\"ImageObject\",\"inLanguage\":\"en-US\",\"@id\":\"https:\/\/dev.monti.lt\/product\/medinis-viga-zaidimas\/#primaryimage\",\"url\":\"https:\/\/dev.monti.lt\/wp-content\/uploads\/2024\/03\/viga-drewniana-gra-w-ciemno-losowanie-wzorow.jpg\",\"contentUrl\":\"https:\/\/dev.monti.lt\/wp-content\/uploads\/2024\/03\/viga-drewniana-gra-w-ciemno-losowanie-wzorow.jpg\",\"width\":800,\"height\":800},{\"@type\":\"BreadcrumbList\",\"@id\":\"https:\/\/dev.monti.lt\/product\/medinis-viga-zaidimas\/#breadcrumb\",\"itemListElement\":[{\"@type\":\"ListItem\",\"position\":1,\"name\":\"Home\",\"item\":\"https:\/\/dev.monti.lt\/\"},{\"@type\":\"ListItem\",\"position\":2,\"name\":\"Parduotuv\u0117\",\"item\":\"https:\/\/dev.monti.lt\/shop\/\"},{\"@type\":\"ListItem\",\"position\":3,\"name\":\"Medinis Viga \u017eaidimas\"}]},{\"@type\":\"WebSite\",\"@id\":\"https:\/\/dev.monti.lt\/#website\",\"url\":\"https:\/\/dev.monti.lt\/\",\"name\":\"Montessori \u017eaislai\",\"description\":\"\",\"publisher\":{\"@id\":\"https:\/\/dev.monti.lt\/#organization\"},\"potentialAction\":[{\"@type\":\"SearchAction\",\"target\":{\"@type\":\"EntryPoint\",\"urlTemplate\":\"https:\/\/dev.monti.lt\/?s={search_term_string}\"},\"query-input\":\"required name=search_term_string\"}],\"inLanguage\":\"en-US\"},{\"@type\":\"Organization\",\"@id\":\"https:\/\/dev.monti.lt\/#organization\",\"name\":\"Montessori \u017eaislai\",\"url\":\"https:\/\/dev.monti.lt\/\",\"logo\":{\"@type\":\"ImageObject\",\"inLanguage\":\"en-US\",\"@id\":\"https:\/\/dev.monti.lt\/#\/schema\/logo\/image\/\",\"url\":\"https:\/\/dev.monti.lt\/wp-content\/uploads\/2022\/03\/montilogo-1.png\",\"contentUrl\":\"https:\/\/dev.monti.lt\/wp-content\/uploads\/2022\/03\/montilogo-1.png\",\"width\":512,\"height\":512,\"caption\":\"Montessori \u017eaislai\"},\"image\":{\"@id\":\"https:\/\/dev.monti.lt\/#\/schema\/logo\/image\/\"}}]}<\/script>\n<!-- \/ Yoast SEO plugin. -->","yoast_head_json":{"title":"Medinis Viga \u017eaidimas - Montessori \u017eaislai","robots":{"index":"noindex","follow":"follow","max-snippet":"max-snippet:-1","max-image-preview":"max-image-preview:large","max-video-preview":"max-video-preview:-1"},"og_locale":"en_US","og_type":"article","og_title":"Medinis Viga \u017eaidimas - Montessori \u017eaislai","og_description":"&#8221;&nbsp;Viga&#8221; \u017eaidimas &#8220;Aklieji&nbsp;&#8221; ne tik suteiks j\u016bs\u0173 vaikui pramog\u0105, bet ir&nbsp;lavins esminius mokykloje reikalingus \u012fg\u016bd\u017eius. \u017daidim\u0105 sudaro&nbsp;20&nbsp;gra\u017eiai pagamint\u0173, spalving\u0173 medini\u0173 kalad\u0117li\u0173,&nbsp;20&nbsp;\u017eaidimo korteli\u0173 ir pakuot\u0117 su i\u0161pjauta skylute, pro kuri\u0105 vaikas \u017eaid\u017eia &#8220;paliesk ir pajausk&#8221;, taip pat naudojama kaip laikymo priemon\u0117. Savyb\u0117s: \u017daislas lavina: VIGA TOYS&nbsp;yra gra\u017e\u016bs, apgalvoti ir saug\u016bs&nbsp;mediniai \u017eaislai. Daugiau nei 20 met\u0173 patirt\u012f [&hellip;]","og_url":"https:\/\/dev.monti.lt\/en\/product\/medinis-viga-zaidimas\/","og_site_name":"Montessori \u017eaislai","article_modified_time":"2024-10-08T17:35:34+00:00","og_image":[{"width":800,"height":800,"url":"https:\/\/dev.monti.lt\/wp-content\/uploads\/2024\/03\/viga-drewniana-gra-w-ciemno-losowanie-wzorow.jpg","type":"image\/jpeg"}],"twitter_card":"summary_large_image","twitter_misc":{"Est. reading time":"2 minutes"},"schema":{"@context":"https:\/\/schema.org","@graph":[{"@type":"WebPage","@id":"https:\/\/dev.monti.lt\/product\/medinis-viga-zaidimas\/","url":"https:\/\/dev.monti.lt\/product\/medinis-viga-zaidimas\/","name":"Medinis Viga \u017eaidimas - Montessori \u017eaislai","isPartOf":{"@id":"https:\/\/dev.monti.lt\/#website"},"primaryImageOfPage":{"@id":"https:\/\/dev.monti.lt\/product\/medinis-viga-zaidimas\/#primaryimage"},"image":{"@id":"https:\/\/dev.monti.lt\/product\/medinis-viga-zaidimas\/#primaryimage"},"thumbnailUrl":"https:\/\/dev.monti.lt\/wp-content\/uploads\/2024\/03\/viga-drewniana-gra-w-ciemno-losowanie-wzorow.jpg","datePublished":"2024-03-14T09:27:21+00:00","dateModified":"2024-10-08T17:35:34+00:00","breadcrumb":{"@id":"https:\/\/dev.monti.lt\/product\/medinis-viga-zaidimas\/#breadcrumb"},"inLanguage":"en-US","potentialAction":[{"@type":"ReadAction","target":["https:\/\/dev.monti.lt\/product\/medinis-viga-zaidimas\/"]}]},{"@type":"ImageObject","inLanguage":"en-US","@id":"https:\/\/dev.monti.lt\/product\/medinis-viga-zaidimas\/#primaryimage","url":"https:\/\/dev.monti.lt\/wp-content\/uploads\/2024\/03\/viga-drewniana-gra-w-ciemno-losowanie-wzorow.jpg","contentUrl":"https:\/\/dev.monti.lt\/wp-content\/uploads\/2024\/03\/viga-drewniana-gra-w-ciemno-losowanie-wzorow.jpg","width":800,"height":800},{"@type":"BreadcrumbList","@id":"https:\/\/dev.monti.lt\/product\/medinis-viga-zaidimas\/#breadcrumb","itemListElement":[{"@type":"ListItem","position":1,"name":"Home","item":"https:\/\/dev.monti.lt\/"},{"@type":"ListItem","position":2,"name":"Parduotuv\u0117","item":"https:\/\/dev.monti.lt\/shop\/"},{"@type":"ListItem","position":3,"name":"Medinis Viga \u017eaidimas"}]},{"@type":"WebSite","@id":"https:\/\/dev.monti.lt\/#website","url":"https:\/\/dev.monti.lt\/","name":"Montessori \u017eaislai","description":"","publisher":{"@id":"https:\/\/dev.monti.lt\/#organization"},"potentialAction":[{"@type":"SearchAction","target":{"@type":"EntryPoint","urlTemplate":"https:\/\/dev.monti.lt\/?s={search_term_string}"},"query-input":"required name=search_term_string"}],"inLanguage":"en-US"},{"@type":"Organization","@id":"https:\/\/dev.monti.lt\/#organization","name":"Montessori \u017eaislai","url":"https:\/\/dev.monti.lt\/","logo":{"@type":"ImageObject","inLanguage":"en-US","@id":"https:\/\/dev.monti.lt\/#\/schema\/logo\/image\/","url":"https:\/\/dev.monti.lt\/wp-content\/uploads\/2022\/03\/montilogo-1.png","contentUrl":"https:\/\/dev.monti.lt\/wp-content\/uploads\/2022\/03\/montilogo-1.png","width":512,"height":512,"caption":"Montessori \u017eaislai"},"image":{"@id":"https:\/\/dev.monti.lt\/#\/schema\/logo\/image\/"}}]}},"_links":{"self":[{"href":"https:\/\/dev.monti.lt\/en\/wp-json\/wp\/v2\/product\/22564"}],"collection":[{"href":"https:\/\/dev.monti.lt\/en\/wp-json\/wp\/v2\/product"}],"about":[{"href":"https:\/\/dev.monti.lt\/en\/wp-json\/wp\/v2\/types\/product"}],"version-history":[{"count":1,"href":"https:\/\/dev.monti.lt\/en\/wp-json\/wp\/v2\/product\/22564\/revisions"}],"predecessor-version":[{"id":22573,"href":"https:\/\/dev.monti.lt\/en\/wp-json\/wp\/v2\/product\/22564\/revisions\/22573"}],"wp:featuredmedia":[{"embeddable":true,"href":"https:\/\/dev.monti.lt\/en\/wp-json\/wp\/v2\/media\/22565"}],"wp:attachment":[{"href":"https:\/\/dev.monti.lt\/en\/wp-json\/wp\/v2\/media?parent=22564"}],"wp:term":[{"taxonomy":"product_cat","embeddable":true,"href":"https:\/\/dev.monti.lt\/en\/wp-json\/wp\/v2\/product_cat?post=22564"},{"taxonomy":"product_tag","embeddable":true,"href":"https:\/\/dev.monti.lt\/en\/wp-json\/wp\/v2\/product_tag?post=22564"}],"curies":[{"name":"wp","href":"https:\/\/api.w.org\/{rel}","templated":true}]}}