{"id":22559,"date":"2024-03-14T09:23:35","date_gmt":"2024-03-14T09:23:35","guid":{"rendered":"https:\/\/dev.monti.lt\/?post_type=product&#038;p=22559"},"modified":"2024-08-30T14:30:57","modified_gmt":"2024-08-30T14:30:57","slug":"medinis-odontologo-rinkinys","status":"publish","type":"product","link":"https:\/\/dev.monti.lt\/en\/product\/medinis-odontologo-rinkinys\/","title":{"rendered":"Medinis odontologo rinkinys"},"content":{"rendered":"<p>&#8221;&nbsp;<strong>Viga&#8221;&nbsp;<\/strong>prek\u0117s \u017eenklo &#8221;&nbsp;<strong>PolarB&#8221;<\/strong>&nbsp;serijos&nbsp;<strong>medinis odontologo rinkinys<\/strong>&nbsp;yra vienas i\u0161 t\u0173 \u017eaisl\u0173, kurie \u017eaisdami vaidmenimis pad\u0117s&nbsp;<strong>j\u016bs\u0173 vaikui atsikratyti baim\u0117s ir \u012fgyti pasitik\u0117jimo savimi<\/strong>&nbsp;stresin\u0117se situacijose, kurios jo gali laukti ateityje. Apsilankymai pas odontolog\u0105 gali b\u016bti paprastesni ir malonesni, kai dant\u0173 \u012frangos baim\u0117 praeis. Rinkinyje yra patogus mai\u0161elis, kuriame yra medini\u0173 \u017eaisl\u0173 rinkinys, \u012fskaitant: dant\u0173 rinkin\u012f (\u012fskaitant du papildomus dantis), gr\u0105\u017et\u0105, repl\u0117s dantims traukti, dant\u0173 \u0161epet\u0117l\u012f, dant\u0173 si\u016bl\u0105, pincet\u0105, rentgeno nuotraukas, veidrod\u0117l\u012f, plaktuk\u0105 ir dant\u0173 pastos t\u016bbel\u0119.<\/p><p><strong>Savyb\u0117s:<\/strong><\/p><ul class=\"wp-block-list\"><li>&#8211;&nbsp;<strong>\u017daislas&nbsp;<\/strong><strong>nuo 3<\/strong>&nbsp;met\u0173 am\u017eiaus<\/li>\n\n<li>&#8211; rinkin\u012f sudaro<strong>&nbsp;ne\u0161iojamas krep\u0161ys su<\/strong>&nbsp;dant\u0173 rinkiniu ir \u012fvairia odontologine \u012franga<\/li>\n\n<li>&#8211;&nbsp;<strong>dantys gali b\u016bti i\u0161raunami<\/strong>&nbsp;ir \u012fdedami nauji<\/li>\n\n<li>&#8211; \u017eaidimas&nbsp;<strong>suma\u017eins baim\u0119 lankytis pas<\/strong>&nbsp;odontolog\u0105<\/li>\n\n<li>&#8211; \u017eaislai pagaminti i\u0161&nbsp;<strong>lakuotos medienos<\/strong>, da\u017eyti&nbsp;<strong>netoksi\u0161kais da\u017eais<\/strong><\/li><\/ul><p><strong>\u017daislas vystosi:<\/strong><\/p><ul class=\"wp-block-list\"><li>&#8211; pasitik\u0117jim\u0105 savimi<\/li>\n\n<li>&#8211; vaizduot\u0119 ir k\u016brybi\u0161kum\u0105<\/li>\n\n<li>&#8211; login\u012f m\u0105stym\u0105<\/li>\n\n<li>&#8211; motorinius \u012fg\u016bd\u017eius<\/li><\/ul>","protected":false},"excerpt":{"rendered":"<p>&#8221;&nbsp;Viga&#8221;&nbsp;prek\u0117s \u017eenklo &#8221;&nbsp;PolarB&#8221;&nbsp;serijos&nbsp;medinis odontologo rinkinys&nbsp;yra vienas i\u0161 t\u0173 \u017eaisl\u0173, kurie \u017eaisdami vaidmenimis pad\u0117s&nbsp;j\u016bs\u0173 vaikui atsikratyti baim\u0117s ir \u012fgyti pasitik\u0117jimo savimi&nbsp;stresin\u0117se situacijose, kurios jo gali laukti ateityje. Apsilankymai pas odontolog\u0105 gali b\u016bti paprastesni ir malonesni, kai dant\u0173 \u012frangos baim\u0117 praeis. Rinkinyje yra patogus mai\u0161elis, kuriame yra medini\u0173 \u017eaisl\u0173 rinkinys, \u012fskaitant: dant\u0173 rinkin\u012f (\u012fskaitant du papildomus dantis), [&hellip;]<\/p>","protected":false},"featured_media":22560,"template":"","meta":{"iawp_total_views":55},"product_cat":[84,102,90,199,93,49,39],"product_tag":[96,97,98],"class_list":{"0":"post-22559","1":"product","2":"type-product","3":"status-publish","4":"has-post-thumbnail","6":"product_cat-lavinamieji-zaislai","7":"product_cat-mediniai-zaislai","8":"product_cat-pasaulio-pazinimas","9":"product_cat-ugdymo-istaigoms","10":"product_cat-vaidmenu-zaidimai","11":"product_cat-visi-zaislai","12":"product_cat-zaislai","13":"product_tag-2-m-3-m","14":"product_tag-3-m-4-m","15":"product_tag-5-m-7-m","17":"first","18":"instock","19":"taxable","20":"shipping-taxable","21":"purchasable","22":"product-type-simple"},"yoast_head":"<!-- This site is optimized with the Yoast SEO plugin v23.3 - https:\/\/yoast.com\/wordpress\/plugins\/seo\/ -->\n<title>Medinis odontologo rinkinys - Montessori \u017eaislai<\/title>\n<meta name=\"robots\" content=\"noindex, follow, max-snippet:-1, max-image-preview:large, max-video-preview:-1\" \/>\n<meta property=\"og:locale\" content=\"en_US\" \/>\n<meta property=\"og:type\" content=\"article\" \/>\n<meta property=\"og:title\" content=\"Medinis odontologo rinkinys - Montessori \u017eaislai\" \/>\n<meta property=\"og:description\" content=\"&#8221;&nbsp;Viga&#8221;&nbsp;prek\u0117s \u017eenklo &#8221;&nbsp;PolarB&#8221;&nbsp;serijos&nbsp;medinis odontologo rinkinys&nbsp;yra vienas i\u0161 t\u0173 \u017eaisl\u0173, kurie \u017eaisdami vaidmenimis pad\u0117s&nbsp;j\u016bs\u0173 vaikui atsikratyti baim\u0117s ir \u012fgyti pasitik\u0117jimo savimi&nbsp;stresin\u0117se situacijose, kurios jo gali laukti ateityje. Apsilankymai pas odontolog\u0105 gali b\u016bti paprastesni ir malonesni, kai dant\u0173 \u012frangos baim\u0117 praeis. Rinkinyje yra patogus mai\u0161elis, kuriame yra medini\u0173 \u017eaisl\u0173 rinkinys, \u012fskaitant: dant\u0173 rinkin\u012f (\u012fskaitant du papildomus dantis), [&hellip;]\" \/>\n<meta property=\"og:url\" content=\"https:\/\/dev.monti.lt\/en\/product\/medinis-odontologo-rinkinys\/\" \/>\n<meta property=\"og:site_name\" content=\"Montessori \u017eaislai\" \/>\n<meta property=\"article:modified_time\" content=\"2024-08-30T14:30:57+00:00\" \/>\n<meta property=\"og:image\" content=\"https:\/\/dev.monti.lt\/wp-content\/uploads\/2024\/03\/viga-polarb-drewniany-zestaw-dentysty-torba.jpg\" \/>\n\t<meta property=\"og:image:width\" content=\"800\" \/>\n\t<meta property=\"og:image:height\" content=\"800\" \/>\n\t<meta property=\"og:image:type\" content=\"image\/jpeg\" \/>\n<meta name=\"twitter:card\" content=\"summary_large_image\" \/>\n<meta name=\"twitter:label1\" content=\"Est. reading time\" \/>\n\t<meta name=\"twitter:data1\" content=\"1 minute\" \/>\n<script type=\"application\/ld+json\" class=\"yoast-schema-graph\">{\"@context\":\"https:\/\/schema.org\",\"@graph\":[{\"@type\":\"WebPage\",\"@id\":\"https:\/\/dev.monti.lt\/product\/medinis-odontologo-rinkinys\/\",\"url\":\"https:\/\/dev.monti.lt\/product\/medinis-odontologo-rinkinys\/\",\"name\":\"Medinis odontologo rinkinys - Montessori \u017eaislai\",\"isPartOf\":{\"@id\":\"https:\/\/dev.monti.lt\/#website\"},\"primaryImageOfPage\":{\"@id\":\"https:\/\/dev.monti.lt\/product\/medinis-odontologo-rinkinys\/#primaryimage\"},\"image\":{\"@id\":\"https:\/\/dev.monti.lt\/product\/medinis-odontologo-rinkinys\/#primaryimage\"},\"thumbnailUrl\":\"https:\/\/dev.monti.lt\/wp-content\/uploads\/2024\/03\/viga-polarb-drewniany-zestaw-dentysty-torba.jpg\",\"datePublished\":\"2024-03-14T09:23:35+00:00\",\"dateModified\":\"2024-08-30T14:30:57+00:00\",\"breadcrumb\":{\"@id\":\"https:\/\/dev.monti.lt\/product\/medinis-odontologo-rinkinys\/#breadcrumb\"},\"inLanguage\":\"en-US\",\"potentialAction\":[{\"@type\":\"ReadAction\",\"target\":[\"https:\/\/dev.monti.lt\/product\/medinis-odontologo-rinkinys\/\"]}]},{\"@type\":\"ImageObject\",\"inLanguage\":\"en-US\",\"@id\":\"https:\/\/dev.monti.lt\/product\/medinis-odontologo-rinkinys\/#primaryimage\",\"url\":\"https:\/\/dev.monti.lt\/wp-content\/uploads\/2024\/03\/viga-polarb-drewniany-zestaw-dentysty-torba.jpg\",\"contentUrl\":\"https:\/\/dev.monti.lt\/wp-content\/uploads\/2024\/03\/viga-polarb-drewniany-zestaw-dentysty-torba.jpg\",\"width\":800,\"height\":800,\"caption\":\"medinis odontologo rinkinys\"},{\"@type\":\"BreadcrumbList\",\"@id\":\"https:\/\/dev.monti.lt\/product\/medinis-odontologo-rinkinys\/#breadcrumb\",\"itemListElement\":[{\"@type\":\"ListItem\",\"position\":1,\"name\":\"Home\",\"item\":\"https:\/\/dev.monti.lt\/\"},{\"@type\":\"ListItem\",\"position\":2,\"name\":\"Parduotuv\u0117\",\"item\":\"https:\/\/dev.monti.lt\/shop\/\"},{\"@type\":\"ListItem\",\"position\":3,\"name\":\"Medinis odontologo rinkinys\"}]},{\"@type\":\"WebSite\",\"@id\":\"https:\/\/dev.monti.lt\/#website\",\"url\":\"https:\/\/dev.monti.lt\/\",\"name\":\"Montessori \u017eaislai\",\"description\":\"\",\"publisher\":{\"@id\":\"https:\/\/dev.monti.lt\/#organization\"},\"potentialAction\":[{\"@type\":\"SearchAction\",\"target\":{\"@type\":\"EntryPoint\",\"urlTemplate\":\"https:\/\/dev.monti.lt\/?s={search_term_string}\"},\"query-input\":\"required name=search_term_string\"}],\"inLanguage\":\"en-US\"},{\"@type\":\"Organization\",\"@id\":\"https:\/\/dev.monti.lt\/#organization\",\"name\":\"Montessori \u017eaislai\",\"url\":\"https:\/\/dev.monti.lt\/\",\"logo\":{\"@type\":\"ImageObject\",\"inLanguage\":\"en-US\",\"@id\":\"https:\/\/dev.monti.lt\/#\/schema\/logo\/image\/\",\"url\":\"https:\/\/dev.monti.lt\/wp-content\/uploads\/2022\/03\/montilogo-1.png\",\"contentUrl\":\"https:\/\/dev.monti.lt\/wp-content\/uploads\/2022\/03\/montilogo-1.png\",\"width\":512,\"height\":512,\"caption\":\"Montessori \u017eaislai\"},\"image\":{\"@id\":\"https:\/\/dev.monti.lt\/#\/schema\/logo\/image\/\"}}]}<\/script>\n<!-- \/ Yoast SEO plugin. -->","yoast_head_json":{"title":"Medinis odontologo rinkinys - Montessori \u017eaislai","robots":{"index":"noindex","follow":"follow","max-snippet":"max-snippet:-1","max-image-preview":"max-image-preview:large","max-video-preview":"max-video-preview:-1"},"og_locale":"en_US","og_type":"article","og_title":"Medinis odontologo rinkinys - Montessori \u017eaislai","og_description":"&#8221;&nbsp;Viga&#8221;&nbsp;prek\u0117s \u017eenklo &#8221;&nbsp;PolarB&#8221;&nbsp;serijos&nbsp;medinis odontologo rinkinys&nbsp;yra vienas i\u0161 t\u0173 \u017eaisl\u0173, kurie \u017eaisdami vaidmenimis pad\u0117s&nbsp;j\u016bs\u0173 vaikui atsikratyti baim\u0117s ir \u012fgyti pasitik\u0117jimo savimi&nbsp;stresin\u0117se situacijose, kurios jo gali laukti ateityje. Apsilankymai pas odontolog\u0105 gali b\u016bti paprastesni ir malonesni, kai dant\u0173 \u012frangos baim\u0117 praeis. Rinkinyje yra patogus mai\u0161elis, kuriame yra medini\u0173 \u017eaisl\u0173 rinkinys, \u012fskaitant: dant\u0173 rinkin\u012f (\u012fskaitant du papildomus dantis), [&hellip;]","og_url":"https:\/\/dev.monti.lt\/en\/product\/medinis-odontologo-rinkinys\/","og_site_name":"Montessori \u017eaislai","article_modified_time":"2024-08-30T14:30:57+00:00","og_image":[{"width":800,"height":800,"url":"https:\/\/dev.monti.lt\/wp-content\/uploads\/2024\/03\/viga-polarb-drewniany-zestaw-dentysty-torba.jpg","type":"image\/jpeg"}],"twitter_card":"summary_large_image","twitter_misc":{"Est. reading time":"1 minute"},"schema":{"@context":"https:\/\/schema.org","@graph":[{"@type":"WebPage","@id":"https:\/\/dev.monti.lt\/product\/medinis-odontologo-rinkinys\/","url":"https:\/\/dev.monti.lt\/product\/medinis-odontologo-rinkinys\/","name":"Medinis odontologo rinkinys - Montessori \u017eaislai","isPartOf":{"@id":"https:\/\/dev.monti.lt\/#website"},"primaryImageOfPage":{"@id":"https:\/\/dev.monti.lt\/product\/medinis-odontologo-rinkinys\/#primaryimage"},"image":{"@id":"https:\/\/dev.monti.lt\/product\/medinis-odontologo-rinkinys\/#primaryimage"},"thumbnailUrl":"https:\/\/dev.monti.lt\/wp-content\/uploads\/2024\/03\/viga-polarb-drewniany-zestaw-dentysty-torba.jpg","datePublished":"2024-03-14T09:23:35+00:00","dateModified":"2024-08-30T14:30:57+00:00","breadcrumb":{"@id":"https:\/\/dev.monti.lt\/product\/medinis-odontologo-rinkinys\/#breadcrumb"},"inLanguage":"en-US","potentialAction":[{"@type":"ReadAction","target":["https:\/\/dev.monti.lt\/product\/medinis-odontologo-rinkinys\/"]}]},{"@type":"ImageObject","inLanguage":"en-US","@id":"https:\/\/dev.monti.lt\/product\/medinis-odontologo-rinkinys\/#primaryimage","url":"https:\/\/dev.monti.lt\/wp-content\/uploads\/2024\/03\/viga-polarb-drewniany-zestaw-dentysty-torba.jpg","contentUrl":"https:\/\/dev.monti.lt\/wp-content\/uploads\/2024\/03\/viga-polarb-drewniany-zestaw-dentysty-torba.jpg","width":800,"height":800,"caption":"medinis odontologo rinkinys"},{"@type":"BreadcrumbList","@id":"https:\/\/dev.monti.lt\/product\/medinis-odontologo-rinkinys\/#breadcrumb","itemListElement":[{"@type":"ListItem","position":1,"name":"Home","item":"https:\/\/dev.monti.lt\/"},{"@type":"ListItem","position":2,"name":"Parduotuv\u0117","item":"https:\/\/dev.monti.lt\/shop\/"},{"@type":"ListItem","position":3,"name":"Medinis odontologo rinkinys"}]},{"@type":"WebSite","@id":"https:\/\/dev.monti.lt\/#website","url":"https:\/\/dev.monti.lt\/","name":"Montessori \u017eaislai","description":"","publisher":{"@id":"https:\/\/dev.monti.lt\/#organization"},"potentialAction":[{"@type":"SearchAction","target":{"@type":"EntryPoint","urlTemplate":"https:\/\/dev.monti.lt\/?s={search_term_string}"},"query-input":"required name=search_term_string"}],"inLanguage":"en-US"},{"@type":"Organization","@id":"https:\/\/dev.monti.lt\/#organization","name":"Montessori \u017eaislai","url":"https:\/\/dev.monti.lt\/","logo":{"@type":"ImageObject","inLanguage":"en-US","@id":"https:\/\/dev.monti.lt\/#\/schema\/logo\/image\/","url":"https:\/\/dev.monti.lt\/wp-content\/uploads\/2022\/03\/montilogo-1.png","contentUrl":"https:\/\/dev.monti.lt\/wp-content\/uploads\/2022\/03\/montilogo-1.png","width":512,"height":512,"caption":"Montessori \u017eaislai"},"image":{"@id":"https:\/\/dev.monti.lt\/#\/schema\/logo\/image\/"}}]}},"_links":{"self":[{"href":"https:\/\/dev.monti.lt\/en\/wp-json\/wp\/v2\/product\/22559"}],"collection":[{"href":"https:\/\/dev.monti.lt\/en\/wp-json\/wp\/v2\/product"}],"about":[{"href":"https:\/\/dev.monti.lt\/en\/wp-json\/wp\/v2\/types\/product"}],"version-history":[{"count":1,"href":"https:\/\/dev.monti.lt\/en\/wp-json\/wp\/v2\/product\/22559\/revisions"}],"predecessor-version":[{"id":22563,"href":"https:\/\/dev.monti.lt\/en\/wp-json\/wp\/v2\/product\/22559\/revisions\/22563"}],"wp:featuredmedia":[{"embeddable":true,"href":"https:\/\/dev.monti.lt\/en\/wp-json\/wp\/v2\/media\/22560"}],"wp:attachment":[{"href":"https:\/\/dev.monti.lt\/en\/wp-json\/wp\/v2\/media?parent=22559"}],"wp:term":[{"taxonomy":"product_cat","embeddable":true,"href":"https:\/\/dev.monti.lt\/en\/wp-json\/wp\/v2\/product_cat?post=22559"},{"taxonomy":"product_tag","embeddable":true,"href":"https:\/\/dev.monti.lt\/en\/wp-json\/wp\/v2\/product_tag?post=22559"}],"curies":[{"name":"wp","href":"https:\/\/api.w.org\/{rel}","templated":true}]}}