{"id":22542,"date":"2024-03-14T09:08:56","date_gmt":"2024-03-14T09:08:56","guid":{"rendered":"https:\/\/dev.monti.lt\/?post_type=product&#038;p=22542"},"modified":"2024-10-09T13:29:42","modified_gmt":"2024-10-09T13:29:42","slug":"flomasteriai-piesimui-ant-vandens","status":"publish","type":"product","link":"https:\/\/dev.monti.lt\/en\/product\/flomasteriai-piesimui-ant-vandens\/","title":{"rendered":"Flomasteriai pie\u0161imui ant vandens"},"content":{"rendered":"<h1 class=\"wp-block-heading\">\u017dYMENYS DA\u017dYMUI ANT VANDENS&nbsp;<\/h1><ul class=\"wp-block-list\"><li><strong>K\u016aRYBIN\u0116S LINKSM\u0116S<\/strong>&nbsp;&#8211; \u0161ie \u017eymekliai yra puikus b\u016bdas k\u016brybi\u0161kai smagiai praleisti laik\u0105 pie\u0161iant ir tapant ant vandens. Markeriai tinka ne tik vandens paveikslams kurti. Jie taip pat puikiai tinka pie\u0161ti ant popieriaus ar lentos, vadinasi, gali b\u016bti naudojami tiek biure, tiek vaik\u0173 kambaryje.<\/li>\n\n<li><strong>SAUGU<\/strong>&nbsp;&#8211; tai ne tik nuostabi pramoga, bet ir puikus b\u016bdas lavinti vaik\u0173 vaizduot\u0119 bei k\u016brybi\u0161kum\u0105.&nbsp;<strong>\u017dymekliai yra visi\u0161kai saug\u016bs vaikams<\/strong>&nbsp;&#8211; juose n\u0117ra toksini\u0173 med\u017eiag\u0173 ar da\u017eikli\u0173, juos lengva valyti. Rinkin\u012f sudaro 12 \u017eymekli\u0173 spalv\u0173.<\/li>\n\n<li><strong>\u0160AK\u0160TAS \u012eSKAI\u010cIUOTA<\/strong>&nbsp;\u2013 tobulam linksmumui rinkinyje yra keraminis \u0161auk\u0161tas, ant kurio po da\u017eymo ir d\u017eiovinimo pie\u0161iu \u017eymekliais. Panardiname paveiksl\u0117l\u012f \u012f vanden\u012f ir l\u0117tai i\u0161imame \u0161auk\u0161t\u0105. Pie\u0161inys lieka ant vandens pavir\u0161iaus ir \u0161auk\u0161tas v\u0117l paruo\u0161tas naudoti.<\/li>\n\n<li><strong>Lagamino DUGNIS \u2013 KAIP VANDENS BASEINAS&nbsp;<\/strong>\u2013 \u017eymeklio d\u0117klas gali b\u016bti naudojamas kaip vandens baseinas. Jei po ranka neturite duben\u0117lio ir vaikas nori pie\u0161ti, tiesiog \u012fpilkite vandens \u012f pad\u0117kliuk\u0105 ir atspind\u0117kite ant \u0161auk\u0161to nupie\u0161tus paveiksl\u0117lius.<\/li>\n\n<li><strong>SPECIFIKACIJOS &#8211;&nbsp;<\/strong>\u012fd\u0117tas \u012f lagamin\u0105: taip; \u017eymekli\u0173 skai\u010dius: 12; pridedamas \u0161auk\u0161tas: taip; matmenys: 31 x 20 x 3,5 cm; svoris: 310 g; svoris pakuot\u0117je: 382 g.&nbsp;<\/li><\/ul><p><strong>SPECIFIKACIJA<\/strong><\/p><ul class=\"wp-block-list\"><li>\u012fd\u0117tas \u012f lagamin\u0105: taip<\/li>\n\n<li>\u017eymekli\u0173 skai\u010dius: 12<\/li>\n\n<li>pridedamas \u0161auk\u0161tas: taip<\/li>\n\n<li>matmenys: 31 x 20 x 3,5 cm<\/li>\n\n<li>svoris: 310 g<\/li>\n\n<li>svoris pakuot\u0117je: 382 g<\/li><\/ul><p><strong>\u012eSKAITANT<\/strong><\/p><ul class=\"wp-block-list\"><li>lagaminas<\/li>\n\n<li>12 \u017eymekli\u0173<\/li>\n\n<li>\u0161auk\u0161telis<\/li><\/ul><p>Pie\u0161ti dar niekada nebuvo taip smagu! Naudokite \u0161\u012f stebukling\u0173 \u017eymekli\u0173 rinkin\u012f ir leiskite savo vaikams d\u017eiaugsmingai lavinti savo k\u016brybi\u0161kum\u0105 ir vaizduot\u0119. Nupie\u0161tas vaizdas pl\u016bduriuos ant paties vandens. Ar tai skamba ne\u012ftik\u0117tinai? \u012esitikinkite patys \u2013 tai kvap\u0105 gniau\u017eiantis reginys ir puiki pramoga tiek vaikams, tiek t\u0117vams.<\/p>","protected":false},"excerpt":{"rendered":"<p>\u017dYMENYS DA\u017dYMUI ANT VANDENS&nbsp; SPECIFIKACIJA \u012eSKAITANT Pie\u0161ti dar niekada nebuvo taip smagu! Naudokite \u0161\u012f stebukling\u0173 \u017eymekli\u0173 rinkin\u012f ir leiskite savo vaikams d\u017eiaugsmingai lavinti savo k\u016brybi\u0161kum\u0105 ir vaizduot\u0119. Nupie\u0161tas vaizdas pl\u016bduriuos ant paties vandens. Ar tai skamba ne\u012ftik\u0117tinai? \u012esitikinkite patys \u2013 tai kvap\u0105 gniau\u017eiantis reginys ir puiki pramoga tiek vaikams, tiek t\u0117vams.<\/p>","protected":false},"featured_media":22543,"template":"","meta":{"iawp_total_views":171},"product_cat":[194,195,216,191,87,84,89,49,39],"product_tag":[96,97,98],"class_list":{"0":"post-22542","1":"product","2":"type-product","3":"status-publish","4":"has-post-thumbnail","6":"product_cat-dovanos-vaikams-2-3-metu","7":"product_cat-dovanos-vaikams-3-4-metu","8":"product_cat-dovanos-4-5-metu-vaikams","9":"product_cat-dovanos-vaikams","10":"product_cat-kurybiniai-rinkiniai","11":"product_cat-lavinamieji-zaislai","12":"product_cat-mokausi-piesti","13":"product_cat-visi-zaislai","14":"product_cat-zaislai","15":"product_tag-2-m-3-m","16":"product_tag-3-m-4-m","17":"product_tag-5-m-7-m","19":"first","20":"outofstock","21":"taxable","22":"shipping-taxable","23":"purchasable","24":"product-type-simple"},"yoast_head":"<!-- This site is optimized with the Yoast SEO plugin v23.3 - https:\/\/yoast.com\/wordpress\/plugins\/seo\/ -->\n<title>Flomasteriai pie\u0161imui ant vandens - Montessori \u017eaislai<\/title>\n<meta name=\"robots\" content=\"noindex, follow, max-snippet:-1, max-image-preview:large, max-video-preview:-1\" \/>\n<meta property=\"og:locale\" content=\"en_US\" \/>\n<meta property=\"og:type\" content=\"article\" \/>\n<meta property=\"og:title\" content=\"Flomasteriai pie\u0161imui ant vandens - Montessori \u017eaislai\" \/>\n<meta property=\"og:description\" content=\"\u017dYMENYS DA\u017dYMUI ANT VANDENS&nbsp; SPECIFIKACIJA \u012eSKAITANT Pie\u0161ti dar niekada nebuvo taip smagu! Naudokite \u0161\u012f stebukling\u0173 \u017eymekli\u0173 rinkin\u012f ir leiskite savo vaikams d\u017eiaugsmingai lavinti savo k\u016brybi\u0161kum\u0105 ir vaizduot\u0119. Nupie\u0161tas vaizdas pl\u016bduriuos ant paties vandens. Ar tai skamba ne\u012ftik\u0117tinai? \u012esitikinkite patys \u2013 tai kvap\u0105 gniau\u017eiantis reginys ir puiki pramoga tiek vaikams, tiek t\u0117vams.\" \/>\n<meta property=\"og:url\" content=\"https:\/\/dev.monti.lt\/en\/product\/flomasteriai-piesimui-ant-vandens\/\" \/>\n<meta property=\"og:site_name\" content=\"Montessori \u017eaislai\" \/>\n<meta property=\"article:modified_time\" content=\"2024-10-09T13:29:42+00:00\" \/>\n<meta property=\"og:image\" content=\"https:\/\/dev.monti.lt\/wp-content\/uploads\/2024\/03\/lit_pl_Zymekliai-piesimui-ant-vandens-12-vnt-Maaleo-22504-17214_10.jpg\" \/>\n\t<meta property=\"og:image:width\" content=\"500\" \/>\n\t<meta property=\"og:image:height\" content=\"500\" \/>\n\t<meta property=\"og:image:type\" content=\"image\/jpeg\" \/>\n<meta name=\"twitter:card\" content=\"summary_large_image\" \/>\n<meta name=\"twitter:label1\" content=\"Est. reading time\" \/>\n\t<meta name=\"twitter:data1\" content=\"2 minutes\" \/>\n<script type=\"application\/ld+json\" class=\"yoast-schema-graph\">{\"@context\":\"https:\/\/schema.org\",\"@graph\":[{\"@type\":\"WebPage\",\"@id\":\"https:\/\/dev.monti.lt\/product\/flomasteriai-piesimui-ant-vandens\/\",\"url\":\"https:\/\/dev.monti.lt\/product\/flomasteriai-piesimui-ant-vandens\/\",\"name\":\"Flomasteriai pie\u0161imui ant vandens - Montessori \u017eaislai\",\"isPartOf\":{\"@id\":\"https:\/\/dev.monti.lt\/#website\"},\"primaryImageOfPage\":{\"@id\":\"https:\/\/dev.monti.lt\/product\/flomasteriai-piesimui-ant-vandens\/#primaryimage\"},\"image\":{\"@id\":\"https:\/\/dev.monti.lt\/product\/flomasteriai-piesimui-ant-vandens\/#primaryimage\"},\"thumbnailUrl\":\"https:\/\/dev.monti.lt\/wp-content\/uploads\/2024\/03\/lit_pl_Zymekliai-piesimui-ant-vandens-12-vnt-Maaleo-22504-17214_10.jpg\",\"datePublished\":\"2024-03-14T09:08:56+00:00\",\"dateModified\":\"2024-10-09T13:29:42+00:00\",\"breadcrumb\":{\"@id\":\"https:\/\/dev.monti.lt\/product\/flomasteriai-piesimui-ant-vandens\/#breadcrumb\"},\"inLanguage\":\"en-US\",\"potentialAction\":[{\"@type\":\"ReadAction\",\"target\":[\"https:\/\/dev.monti.lt\/product\/flomasteriai-piesimui-ant-vandens\/\"]}]},{\"@type\":\"ImageObject\",\"inLanguage\":\"en-US\",\"@id\":\"https:\/\/dev.monti.lt\/product\/flomasteriai-piesimui-ant-vandens\/#primaryimage\",\"url\":\"https:\/\/dev.monti.lt\/wp-content\/uploads\/2024\/03\/lit_pl_Zymekliai-piesimui-ant-vandens-12-vnt-Maaleo-22504-17214_10.jpg\",\"contentUrl\":\"https:\/\/dev.monti.lt\/wp-content\/uploads\/2024\/03\/lit_pl_Zymekliai-piesimui-ant-vandens-12-vnt-Maaleo-22504-17214_10.jpg\",\"width\":500,\"height\":500},{\"@type\":\"BreadcrumbList\",\"@id\":\"https:\/\/dev.monti.lt\/product\/flomasteriai-piesimui-ant-vandens\/#breadcrumb\",\"itemListElement\":[{\"@type\":\"ListItem\",\"position\":1,\"name\":\"Home\",\"item\":\"https:\/\/dev.monti.lt\/\"},{\"@type\":\"ListItem\",\"position\":2,\"name\":\"Parduotuv\u0117\",\"item\":\"https:\/\/dev.monti.lt\/shop\/\"},{\"@type\":\"ListItem\",\"position\":3,\"name\":\"Flomasteriai pie\u0161imui ant vandens\"}]},{\"@type\":\"WebSite\",\"@id\":\"https:\/\/dev.monti.lt\/#website\",\"url\":\"https:\/\/dev.monti.lt\/\",\"name\":\"Montessori \u017eaislai\",\"description\":\"\",\"publisher\":{\"@id\":\"https:\/\/dev.monti.lt\/#organization\"},\"potentialAction\":[{\"@type\":\"SearchAction\",\"target\":{\"@type\":\"EntryPoint\",\"urlTemplate\":\"https:\/\/dev.monti.lt\/?s={search_term_string}\"},\"query-input\":\"required name=search_term_string\"}],\"inLanguage\":\"en-US\"},{\"@type\":\"Organization\",\"@id\":\"https:\/\/dev.monti.lt\/#organization\",\"name\":\"Montessori \u017eaislai\",\"url\":\"https:\/\/dev.monti.lt\/\",\"logo\":{\"@type\":\"ImageObject\",\"inLanguage\":\"en-US\",\"@id\":\"https:\/\/dev.monti.lt\/#\/schema\/logo\/image\/\",\"url\":\"https:\/\/dev.monti.lt\/wp-content\/uploads\/2022\/03\/montilogo-1.png\",\"contentUrl\":\"https:\/\/dev.monti.lt\/wp-content\/uploads\/2022\/03\/montilogo-1.png\",\"width\":512,\"height\":512,\"caption\":\"Montessori \u017eaislai\"},\"image\":{\"@id\":\"https:\/\/dev.monti.lt\/#\/schema\/logo\/image\/\"}}]}<\/script>\n<!-- \/ Yoast SEO plugin. -->","yoast_head_json":{"title":"Flomasteriai pie\u0161imui ant vandens - Montessori \u017eaislai","robots":{"index":"noindex","follow":"follow","max-snippet":"max-snippet:-1","max-image-preview":"max-image-preview:large","max-video-preview":"max-video-preview:-1"},"og_locale":"en_US","og_type":"article","og_title":"Flomasteriai pie\u0161imui ant vandens - Montessori \u017eaislai","og_description":"\u017dYMENYS DA\u017dYMUI ANT VANDENS&nbsp; SPECIFIKACIJA \u012eSKAITANT Pie\u0161ti dar niekada nebuvo taip smagu! Naudokite \u0161\u012f stebukling\u0173 \u017eymekli\u0173 rinkin\u012f ir leiskite savo vaikams d\u017eiaugsmingai lavinti savo k\u016brybi\u0161kum\u0105 ir vaizduot\u0119. Nupie\u0161tas vaizdas pl\u016bduriuos ant paties vandens. Ar tai skamba ne\u012ftik\u0117tinai? \u012esitikinkite patys \u2013 tai kvap\u0105 gniau\u017eiantis reginys ir puiki pramoga tiek vaikams, tiek t\u0117vams.","og_url":"https:\/\/dev.monti.lt\/en\/product\/flomasteriai-piesimui-ant-vandens\/","og_site_name":"Montessori \u017eaislai","article_modified_time":"2024-10-09T13:29:42+00:00","og_image":[{"width":500,"height":500,"url":"https:\/\/dev.monti.lt\/wp-content\/uploads\/2024\/03\/lit_pl_Zymekliai-piesimui-ant-vandens-12-vnt-Maaleo-22504-17214_10.jpg","type":"image\/jpeg"}],"twitter_card":"summary_large_image","twitter_misc":{"Est. reading time":"2 minutes"},"schema":{"@context":"https:\/\/schema.org","@graph":[{"@type":"WebPage","@id":"https:\/\/dev.monti.lt\/product\/flomasteriai-piesimui-ant-vandens\/","url":"https:\/\/dev.monti.lt\/product\/flomasteriai-piesimui-ant-vandens\/","name":"Flomasteriai pie\u0161imui ant vandens - Montessori \u017eaislai","isPartOf":{"@id":"https:\/\/dev.monti.lt\/#website"},"primaryImageOfPage":{"@id":"https:\/\/dev.monti.lt\/product\/flomasteriai-piesimui-ant-vandens\/#primaryimage"},"image":{"@id":"https:\/\/dev.monti.lt\/product\/flomasteriai-piesimui-ant-vandens\/#primaryimage"},"thumbnailUrl":"https:\/\/dev.monti.lt\/wp-content\/uploads\/2024\/03\/lit_pl_Zymekliai-piesimui-ant-vandens-12-vnt-Maaleo-22504-17214_10.jpg","datePublished":"2024-03-14T09:08:56+00:00","dateModified":"2024-10-09T13:29:42+00:00","breadcrumb":{"@id":"https:\/\/dev.monti.lt\/product\/flomasteriai-piesimui-ant-vandens\/#breadcrumb"},"inLanguage":"en-US","potentialAction":[{"@type":"ReadAction","target":["https:\/\/dev.monti.lt\/product\/flomasteriai-piesimui-ant-vandens\/"]}]},{"@type":"ImageObject","inLanguage":"en-US","@id":"https:\/\/dev.monti.lt\/product\/flomasteriai-piesimui-ant-vandens\/#primaryimage","url":"https:\/\/dev.monti.lt\/wp-content\/uploads\/2024\/03\/lit_pl_Zymekliai-piesimui-ant-vandens-12-vnt-Maaleo-22504-17214_10.jpg","contentUrl":"https:\/\/dev.monti.lt\/wp-content\/uploads\/2024\/03\/lit_pl_Zymekliai-piesimui-ant-vandens-12-vnt-Maaleo-22504-17214_10.jpg","width":500,"height":500},{"@type":"BreadcrumbList","@id":"https:\/\/dev.monti.lt\/product\/flomasteriai-piesimui-ant-vandens\/#breadcrumb","itemListElement":[{"@type":"ListItem","position":1,"name":"Home","item":"https:\/\/dev.monti.lt\/"},{"@type":"ListItem","position":2,"name":"Parduotuv\u0117","item":"https:\/\/dev.monti.lt\/shop\/"},{"@type":"ListItem","position":3,"name":"Flomasteriai pie\u0161imui ant vandens"}]},{"@type":"WebSite","@id":"https:\/\/dev.monti.lt\/#website","url":"https:\/\/dev.monti.lt\/","name":"Montessori \u017eaislai","description":"","publisher":{"@id":"https:\/\/dev.monti.lt\/#organization"},"potentialAction":[{"@type":"SearchAction","target":{"@type":"EntryPoint","urlTemplate":"https:\/\/dev.monti.lt\/?s={search_term_string}"},"query-input":"required name=search_term_string"}],"inLanguage":"en-US"},{"@type":"Organization","@id":"https:\/\/dev.monti.lt\/#organization","name":"Montessori \u017eaislai","url":"https:\/\/dev.monti.lt\/","logo":{"@type":"ImageObject","inLanguage":"en-US","@id":"https:\/\/dev.monti.lt\/#\/schema\/logo\/image\/","url":"https:\/\/dev.monti.lt\/wp-content\/uploads\/2022\/03\/montilogo-1.png","contentUrl":"https:\/\/dev.monti.lt\/wp-content\/uploads\/2022\/03\/montilogo-1.png","width":512,"height":512,"caption":"Montessori \u017eaislai"},"image":{"@id":"https:\/\/dev.monti.lt\/#\/schema\/logo\/image\/"}}]}},"_links":{"self":[{"href":"https:\/\/dev.monti.lt\/en\/wp-json\/wp\/v2\/product\/22542"}],"collection":[{"href":"https:\/\/dev.monti.lt\/en\/wp-json\/wp\/v2\/product"}],"about":[{"href":"https:\/\/dev.monti.lt\/en\/wp-json\/wp\/v2\/types\/product"}],"version-history":[{"count":1,"href":"https:\/\/dev.monti.lt\/en\/wp-json\/wp\/v2\/product\/22542\/revisions"}],"predecessor-version":[{"id":22551,"href":"https:\/\/dev.monti.lt\/en\/wp-json\/wp\/v2\/product\/22542\/revisions\/22551"}],"wp:featuredmedia":[{"embeddable":true,"href":"https:\/\/dev.monti.lt\/en\/wp-json\/wp\/v2\/media\/22543"}],"wp:attachment":[{"href":"https:\/\/dev.monti.lt\/en\/wp-json\/wp\/v2\/media?parent=22542"}],"wp:term":[{"taxonomy":"product_cat","embeddable":true,"href":"https:\/\/dev.monti.lt\/en\/wp-json\/wp\/v2\/product_cat?post=22542"},{"taxonomy":"product_tag","embeddable":true,"href":"https:\/\/dev.monti.lt\/en\/wp-json\/wp\/v2\/product_tag?post=22542"}],"curies":[{"name":"wp","href":"https:\/\/api.w.org\/{rel}","templated":true}]}}