{"id":22538,"date":"2024-03-14T09:05:22","date_gmt":"2024-03-14T09:05:22","guid":{"rendered":"https:\/\/dev.monti.lt\/?post_type=product&#038;p=22538"},"modified":"2024-09-05T09:51:44","modified_gmt":"2024-09-05T09:51:44","slug":"oro-ritulio-zaidimas-vaikams","status":"publish","type":"product","link":"https:\/\/dev.monti.lt\/en\/product\/oro-ritulio-zaidimas-vaikams\/","title":{"rendered":"Oro ritulio \u017eaidimas vaikams"},"content":{"rendered":"<h1 class=\"wp-block-heading\">ORO HOKIJO STALAS VAIKAMS&nbsp;<\/h1><ul class=\"wp-block-list\"><li><strong>LENTEL\u0116 \u017dAIDIMO VERSIJA \u2013<\/strong>&nbsp;patraukli populiaraus oro ritulio \u017eaidimo versija leis m\u0117gautis pramogomis savo namuose ir bet kuriuo metu. Tai suteiks daug emocij\u0173. Oro ritulio rinkin\u012f sudaro stalas, 2 atmu\u0161tukai, 2 rituliai ir 2 \u012fvar\u010diai.<strong>&nbsp;Arkadinis \u017eaidimas yra puikus b\u016bdas \u012fdomiai praleisti laik\u0105 tiek vaikams, tiek suaugusiems<\/strong>&nbsp;. Tai suteikia daug \u012fsp\u016bd\u017ei\u0173 ir emocij\u0173.<\/li>\n\n<li><strong>Ne\u0161iojamas \u2013&nbsp;<\/strong>D\u0117l kompakti\u0161ko dyd\u017eio ir lengvo svorio oro ritul\u012f galime lengvai pasiimti su savimi bet kur, pvz., aplankyti draugus, \u012f sod\u0105 ar kelion\u0119. Stal\u0105 galima lengvai laikyti arba transportuoti.<\/li>\n\n<li><strong>KIETAS \u2013&nbsp;<\/strong>gaminys pagamintas i\u0161 patvarios medienos ir plastiko priemai\u0161os, kuri&nbsp;<strong>turi \u012ftakos \u017eaislo patvarumui ir garantuoja pakartotin\u012f jo naudojim\u0105 ilg\u0105 laik\u0105.<\/strong><\/li>\n\n<li><strong>\u012eTAKOJA VYSTYM\u0104 \u2013&nbsp;<\/strong>\u017eaidimas garantuoja daug teigiam\u0173 \u012fsp\u016bd\u017ei\u0173, taip pat suteikia galimyb\u0119 sveikai var\u017eytis ir gerina motorik\u0105.&nbsp;<strong>Vaikas puikiai lavina refleksus, lavina socialinius ir bendravimo \u012fg\u016bd\u017eius<\/strong>&nbsp;.<\/li>\n\n<li><strong>SPECIFIKACIJA<\/strong>&nbsp;\u2013 med\u017eiaga: mediena, plastikas, veltinis; spalva: balta, ruda, juoda, raudona; oro pavara: v\u0117jo mal\u016bnas; maitinimas: 8 x AA (\u012f komplekt\u0105 ne\u012feina); matmenys: 31 x 56 x 9,5 cm; svoris: 1 870 kg; svoris pakuot\u0117je: 2,5 kg.&nbsp;<\/li><\/ul><p><strong>SPECIFIKACIJA<\/strong><\/p><ul class=\"wp-block-list\"><li>med\u017eiaga: mediena, plastikas, veltinis,<\/li>\n\n<li>spalva: balta, ruda, juoda, raudona<\/li>\n\n<li>oro pavara: v\u0117jo mal\u016bnas<\/li>\n\n<li>Maitinimas: 8 x AA (\u012f komplekt\u0105 ne\u012feina)<\/li>\n\n<li>matmenys: 31 x 56 x 9,5 cm<\/li>\n\n<li>svoris: 1 870 kg<\/li>\n\n<li>svoris pakuot\u0117je: 2,5 kg<\/li><\/ul><p><strong>\u012eSKAITANT<\/strong><\/p><ul class=\"wp-block-list\"><li>stalo<\/li>\n\n<li>2x sparnai<\/li>\n\n<li>2x diskai<\/li>\n\n<li>2x \u012fvar\u010diai<\/li>\n\n<li>2x ta\u0161kin\u0117 juostel\u0117<\/li><\/ul><p>Arkadiniai \u017eaidimai yra puikus b\u016bdas \u012fdomiai praleisti laik\u0105 tiek vaikams, tiek suaugusiems. Jie efektyviai pa\u0161alins nuobodul\u012f, ypa\u010d \u0161altomis ar lietingomis dienomis, taip pat atne\u0161 nema\u017eai naudos k\u016bnui ir protui. Populiaraus oro ritulio mini versija leis m\u0117gautis pramogomis savo namuose ir bet kuriuo metu. Oro ritulio rinkin\u012f sudaro stalas, 2 atmu\u0161tukai, 2 rituliai ir 2 \u012fvar\u010diai.<\/p>","protected":false},"excerpt":{"rendered":"<p>ORO HOKIJO STALAS VAIKAMS&nbsp; SPECIFIKACIJA \u012eSKAITANT Arkadiniai \u017eaidimai yra puikus b\u016bdas \u012fdomiai praleisti laik\u0105 tiek vaikams, tiek suaugusiems. Jie efektyviai pa\u0161alins nuobodul\u012f, ypa\u010d \u0161altomis ar lietingomis dienomis, taip pat atne\u0161 nema\u017eai naudos k\u016bnui ir protui. Populiaraus oro ritulio mini versija leis m\u0117gautis pramogomis savo namuose ir bet kuriuo metu. Oro ritulio rinkin\u012f sudaro stalas, 2 [&hellip;]<\/p>","protected":false},"featured_media":22539,"template":"","meta":{"iawp_total_views":71},"product_cat":[217,197,191,84,90,50,49,39,215],"product_tag":[97,98,99],"class_list":{"0":"post-22538","1":"product","2":"type-product","3":"status-publish","4":"has-post-thumbnail","6":"product_cat-dovanos-5-7-metu-vaikams","7":"product_cat-dovanos-berniukams","8":"product_cat-dovanos-vaikams","9":"product_cat-lavinamieji-zaislai","10":"product_cat-pasaulio-pazinimas","11":"product_cat-top-dovanos","12":"product_cat-visi-zaislai","13":"product_cat-zaislai","14":"product_cat-zaislai-berniukams","15":"product_tag-3-m-4-m","16":"product_tag-5-m-7-m","17":"product_tag-8-m-11-m","19":"first","20":"instock","21":"taxable","22":"shipping-taxable","23":"purchasable","24":"product-type-simple"},"yoast_head":"<!-- This site is optimized with the Yoast SEO plugin v23.3 - https:\/\/yoast.com\/wordpress\/plugins\/seo\/ -->\n<title>Oro ritulio \u017eaidimas vaikams - Montessori \u017eaislai<\/title>\n<meta name=\"robots\" content=\"noindex, follow, max-snippet:-1, max-image-preview:large, max-video-preview:-1\" \/>\n<meta property=\"og:locale\" content=\"en_US\" \/>\n<meta property=\"og:type\" content=\"article\" \/>\n<meta property=\"og:title\" content=\"Oro ritulio \u017eaidimas vaikams - Montessori \u017eaislai\" \/>\n<meta property=\"og:description\" content=\"ORO HOKIJO STALAS VAIKAMS&nbsp; SPECIFIKACIJA \u012eSKAITANT Arkadiniai \u017eaidimai yra puikus b\u016bdas \u012fdomiai praleisti laik\u0105 tiek vaikams, tiek suaugusiems. Jie efektyviai pa\u0161alins nuobodul\u012f, ypa\u010d \u0161altomis ar lietingomis dienomis, taip pat atne\u0161 nema\u017eai naudos k\u016bnui ir protui. Populiaraus oro ritulio mini versija leis m\u0117gautis pramogomis savo namuose ir bet kuriuo metu. Oro ritulio rinkin\u012f sudaro stalas, 2 [&hellip;]\" \/>\n<meta property=\"og:url\" content=\"https:\/\/dev.monti.lt\/en\/product\/oro-ritulio-zaidimas-vaikams\/\" \/>\n<meta property=\"og:site_name\" content=\"Montessori \u017eaislai\" \/>\n<meta property=\"article:modified_time\" content=\"2024-09-05T09:51:44+00:00\" \/>\n<meta property=\"og:image\" content=\"https:\/\/dev.monti.lt\/wp-content\/uploads\/2024\/03\/lit_pl_Oro-ritulio-stalas-vaikams-21882-17082_5.webp\" \/>\n\t<meta property=\"og:image:width\" content=\"500\" \/>\n\t<meta property=\"og:image:height\" content=\"500\" \/>\n\t<meta property=\"og:image:type\" content=\"image\/webp\" \/>\n<meta name=\"twitter:card\" content=\"summary_large_image\" \/>\n<meta name=\"twitter:label1\" content=\"Est. reading time\" \/>\n\t<meta name=\"twitter:data1\" content=\"2 minutes\" \/>\n<script type=\"application\/ld+json\" class=\"yoast-schema-graph\">{\"@context\":\"https:\/\/schema.org\",\"@graph\":[{\"@type\":\"WebPage\",\"@id\":\"https:\/\/dev.monti.lt\/product\/oro-ritulio-zaidimas-vaikams\/\",\"url\":\"https:\/\/dev.monti.lt\/product\/oro-ritulio-zaidimas-vaikams\/\",\"name\":\"Oro ritulio \u017eaidimas vaikams - Montessori \u017eaislai\",\"isPartOf\":{\"@id\":\"https:\/\/dev.monti.lt\/#website\"},\"primaryImageOfPage\":{\"@id\":\"https:\/\/dev.monti.lt\/product\/oro-ritulio-zaidimas-vaikams\/#primaryimage\"},\"image\":{\"@id\":\"https:\/\/dev.monti.lt\/product\/oro-ritulio-zaidimas-vaikams\/#primaryimage\"},\"thumbnailUrl\":\"https:\/\/dev.monti.lt\/wp-content\/uploads\/2024\/03\/lit_pl_Oro-ritulio-stalas-vaikams-21882-17082_5.webp\",\"datePublished\":\"2024-03-14T09:05:22+00:00\",\"dateModified\":\"2024-09-05T09:51:44+00:00\",\"breadcrumb\":{\"@id\":\"https:\/\/dev.monti.lt\/product\/oro-ritulio-zaidimas-vaikams\/#breadcrumb\"},\"inLanguage\":\"en-US\",\"potentialAction\":[{\"@type\":\"ReadAction\",\"target\":[\"https:\/\/dev.monti.lt\/product\/oro-ritulio-zaidimas-vaikams\/\"]}]},{\"@type\":\"ImageObject\",\"inLanguage\":\"en-US\",\"@id\":\"https:\/\/dev.monti.lt\/product\/oro-ritulio-zaidimas-vaikams\/#primaryimage\",\"url\":\"https:\/\/dev.monti.lt\/wp-content\/uploads\/2024\/03\/lit_pl_Oro-ritulio-stalas-vaikams-21882-17082_5.webp\",\"contentUrl\":\"https:\/\/dev.monti.lt\/wp-content\/uploads\/2024\/03\/lit_pl_Oro-ritulio-stalas-vaikams-21882-17082_5.webp\",\"width\":500,\"height\":500},{\"@type\":\"BreadcrumbList\",\"@id\":\"https:\/\/dev.monti.lt\/product\/oro-ritulio-zaidimas-vaikams\/#breadcrumb\",\"itemListElement\":[{\"@type\":\"ListItem\",\"position\":1,\"name\":\"Home\",\"item\":\"https:\/\/dev.monti.lt\/\"},{\"@type\":\"ListItem\",\"position\":2,\"name\":\"Parduotuv\u0117\",\"item\":\"https:\/\/dev.monti.lt\/shop\/\"},{\"@type\":\"ListItem\",\"position\":3,\"name\":\"Oro ritulio \u017eaidimas vaikams\"}]},{\"@type\":\"WebSite\",\"@id\":\"https:\/\/dev.monti.lt\/#website\",\"url\":\"https:\/\/dev.monti.lt\/\",\"name\":\"Montessori \u017eaislai\",\"description\":\"\",\"publisher\":{\"@id\":\"https:\/\/dev.monti.lt\/#organization\"},\"potentialAction\":[{\"@type\":\"SearchAction\",\"target\":{\"@type\":\"EntryPoint\",\"urlTemplate\":\"https:\/\/dev.monti.lt\/?s={search_term_string}\"},\"query-input\":\"required name=search_term_string\"}],\"inLanguage\":\"en-US\"},{\"@type\":\"Organization\",\"@id\":\"https:\/\/dev.monti.lt\/#organization\",\"name\":\"Montessori \u017eaislai\",\"url\":\"https:\/\/dev.monti.lt\/\",\"logo\":{\"@type\":\"ImageObject\",\"inLanguage\":\"en-US\",\"@id\":\"https:\/\/dev.monti.lt\/#\/schema\/logo\/image\/\",\"url\":\"https:\/\/dev.monti.lt\/wp-content\/uploads\/2022\/03\/montilogo-1.png\",\"contentUrl\":\"https:\/\/dev.monti.lt\/wp-content\/uploads\/2022\/03\/montilogo-1.png\",\"width\":512,\"height\":512,\"caption\":\"Montessori \u017eaislai\"},\"image\":{\"@id\":\"https:\/\/dev.monti.lt\/#\/schema\/logo\/image\/\"}}]}<\/script>\n<!-- \/ Yoast SEO plugin. -->","yoast_head_json":{"title":"Oro ritulio \u017eaidimas vaikams - Montessori \u017eaislai","robots":{"index":"noindex","follow":"follow","max-snippet":"max-snippet:-1","max-image-preview":"max-image-preview:large","max-video-preview":"max-video-preview:-1"},"og_locale":"en_US","og_type":"article","og_title":"Oro ritulio \u017eaidimas vaikams - Montessori \u017eaislai","og_description":"ORO HOKIJO STALAS VAIKAMS&nbsp; SPECIFIKACIJA \u012eSKAITANT Arkadiniai \u017eaidimai yra puikus b\u016bdas \u012fdomiai praleisti laik\u0105 tiek vaikams, tiek suaugusiems. Jie efektyviai pa\u0161alins nuobodul\u012f, ypa\u010d \u0161altomis ar lietingomis dienomis, taip pat atne\u0161 nema\u017eai naudos k\u016bnui ir protui. Populiaraus oro ritulio mini versija leis m\u0117gautis pramogomis savo namuose ir bet kuriuo metu. Oro ritulio rinkin\u012f sudaro stalas, 2 [&hellip;]","og_url":"https:\/\/dev.monti.lt\/en\/product\/oro-ritulio-zaidimas-vaikams\/","og_site_name":"Montessori \u017eaislai","article_modified_time":"2024-09-05T09:51:44+00:00","og_image":[{"width":500,"height":500,"url":"https:\/\/dev.monti.lt\/wp-content\/uploads\/2024\/03\/lit_pl_Oro-ritulio-stalas-vaikams-21882-17082_5.webp","type":"image\/webp"}],"twitter_card":"summary_large_image","twitter_misc":{"Est. reading time":"2 minutes"},"schema":{"@context":"https:\/\/schema.org","@graph":[{"@type":"WebPage","@id":"https:\/\/dev.monti.lt\/product\/oro-ritulio-zaidimas-vaikams\/","url":"https:\/\/dev.monti.lt\/product\/oro-ritulio-zaidimas-vaikams\/","name":"Oro ritulio \u017eaidimas vaikams - Montessori \u017eaislai","isPartOf":{"@id":"https:\/\/dev.monti.lt\/#website"},"primaryImageOfPage":{"@id":"https:\/\/dev.monti.lt\/product\/oro-ritulio-zaidimas-vaikams\/#primaryimage"},"image":{"@id":"https:\/\/dev.monti.lt\/product\/oro-ritulio-zaidimas-vaikams\/#primaryimage"},"thumbnailUrl":"https:\/\/dev.monti.lt\/wp-content\/uploads\/2024\/03\/lit_pl_Oro-ritulio-stalas-vaikams-21882-17082_5.webp","datePublished":"2024-03-14T09:05:22+00:00","dateModified":"2024-09-05T09:51:44+00:00","breadcrumb":{"@id":"https:\/\/dev.monti.lt\/product\/oro-ritulio-zaidimas-vaikams\/#breadcrumb"},"inLanguage":"en-US","potentialAction":[{"@type":"ReadAction","target":["https:\/\/dev.monti.lt\/product\/oro-ritulio-zaidimas-vaikams\/"]}]},{"@type":"ImageObject","inLanguage":"en-US","@id":"https:\/\/dev.monti.lt\/product\/oro-ritulio-zaidimas-vaikams\/#primaryimage","url":"https:\/\/dev.monti.lt\/wp-content\/uploads\/2024\/03\/lit_pl_Oro-ritulio-stalas-vaikams-21882-17082_5.webp","contentUrl":"https:\/\/dev.monti.lt\/wp-content\/uploads\/2024\/03\/lit_pl_Oro-ritulio-stalas-vaikams-21882-17082_5.webp","width":500,"height":500},{"@type":"BreadcrumbList","@id":"https:\/\/dev.monti.lt\/product\/oro-ritulio-zaidimas-vaikams\/#breadcrumb","itemListElement":[{"@type":"ListItem","position":1,"name":"Home","item":"https:\/\/dev.monti.lt\/"},{"@type":"ListItem","position":2,"name":"Parduotuv\u0117","item":"https:\/\/dev.monti.lt\/shop\/"},{"@type":"ListItem","position":3,"name":"Oro ritulio \u017eaidimas vaikams"}]},{"@type":"WebSite","@id":"https:\/\/dev.monti.lt\/#website","url":"https:\/\/dev.monti.lt\/","name":"Montessori \u017eaislai","description":"","publisher":{"@id":"https:\/\/dev.monti.lt\/#organization"},"potentialAction":[{"@type":"SearchAction","target":{"@type":"EntryPoint","urlTemplate":"https:\/\/dev.monti.lt\/?s={search_term_string}"},"query-input":"required name=search_term_string"}],"inLanguage":"en-US"},{"@type":"Organization","@id":"https:\/\/dev.monti.lt\/#organization","name":"Montessori \u017eaislai","url":"https:\/\/dev.monti.lt\/","logo":{"@type":"ImageObject","inLanguage":"en-US","@id":"https:\/\/dev.monti.lt\/#\/schema\/logo\/image\/","url":"https:\/\/dev.monti.lt\/wp-content\/uploads\/2022\/03\/montilogo-1.png","contentUrl":"https:\/\/dev.monti.lt\/wp-content\/uploads\/2022\/03\/montilogo-1.png","width":512,"height":512,"caption":"Montessori \u017eaislai"},"image":{"@id":"https:\/\/dev.monti.lt\/#\/schema\/logo\/image\/"}}]}},"_links":{"self":[{"href":"https:\/\/dev.monti.lt\/en\/wp-json\/wp\/v2\/product\/22538"}],"collection":[{"href":"https:\/\/dev.monti.lt\/en\/wp-json\/wp\/v2\/product"}],"about":[{"href":"https:\/\/dev.monti.lt\/en\/wp-json\/wp\/v2\/types\/product"}],"version-history":[{"count":1,"href":"https:\/\/dev.monti.lt\/en\/wp-json\/wp\/v2\/product\/22538\/revisions"}],"predecessor-version":[{"id":22541,"href":"https:\/\/dev.monti.lt\/en\/wp-json\/wp\/v2\/product\/22538\/revisions\/22541"}],"wp:featuredmedia":[{"embeddable":true,"href":"https:\/\/dev.monti.lt\/en\/wp-json\/wp\/v2\/media\/22539"}],"wp:attachment":[{"href":"https:\/\/dev.monti.lt\/en\/wp-json\/wp\/v2\/media?parent=22538"}],"wp:term":[{"taxonomy":"product_cat","embeddable":true,"href":"https:\/\/dev.monti.lt\/en\/wp-json\/wp\/v2\/product_cat?post=22538"},{"taxonomy":"product_tag","embeddable":true,"href":"https:\/\/dev.monti.lt\/en\/wp-json\/wp\/v2\/product_tag?post=22538"}],"curies":[{"name":"wp","href":"https:\/\/api.w.org\/{rel}","templated":true}]}}